{"id":2951,"date":"2020-08-12T12:08:28","date_gmt":"2020-08-12T16:08:28","guid":{"rendered":"https:\/\/www.guides-sports-loisirs.ca\/piscines-et-pataugeoires\/?page_id=2951"},"modified":"2020-08-17T13:45:48","modified_gmt":"2020-08-17T17:45:48","slug":"trousses-mesure-photometres","status":"publish","type":"page","link":"https:\/\/www.guides-sports-loisirs.ca\/piscines-et-pataugeoires\/qualite-eau-air\/trousses-mesure-photometres\/","title":{"rendered":"Trousses de mesure et photom\u00e8tres"},"content":{"rendered":"<div class=\"wpb-content-wrapper\"><p>[vc_row][vc_column width=\u00a0\u00bb1\/1&Prime;][vc_accordion active_tab=\u00a0\u00bb0&Prime;][vc_accordion_tab title=\u00a0\u00bbPR\u00c9CAUTIONS G\u00c9N\u00c9RALES \u00c0 PRENDRE LORS DES ANALYSES\u00a0\u00bb][vc_column_text]<\/p>\n<ul>\n<li>Suivre les instructions du fabricant.<\/li>\n<li>Utiliser des instruments propres.<\/li>\n<li>Conserver les r\u00e9actifs dans un endroit propre, sec, a\u00e9r\u00e9 et \u00e0 l\u2019abri de la lumi\u00e8re.<\/li>\n<li>V\u00e9rifier les dates d\u2019expiration des r\u00e9actifs avant leur utilisation. S\u2019ils sont expir\u00e9s, ne pas les utiliser.<\/li>\n<li>Ne pas toucher aux r\u00e9actifs avec les doigts.<\/li>\n<li>Utiliser un bouchon pour fermer les contenants, jamais le doigt.<\/li>\n<li>Rincer deux fois les contenants et conserver le troisi\u00e8me remplissage pour l\u2019analyse.<\/li>\n<li>Bien rincer les contenants avec de l\u2019eau du robinet apr\u00e8s chaque analyse.<\/li>\n<li>Laisser tremper les contenants dans une eau savonneuse ti\u00e8de pendant une nuit pour un nettoyage, si n\u00e9cessaire.<\/li>\n<li>Respecter le niveau d\u2019\u00e9chantillon en r\u00e9glant le bas du m\u00e9nisque sur la jauge sp\u00e9cifi\u00e9e pour l\u2019analyse.<\/li>\n<\/ul>\n<p>[\/vc_column_text][\/vc_accordion_tab][vc_accordion_tab title=\u00a0\u00bbBONNES PRATIQUES POUR LES PHOTOM\u00c8TRES\u00a0\u00bb][vc_column_text]<\/p>\n<ul>\n<li>R\u00e9server une cellule pour le chlore libre et une autre pour le chlore total afin d\u2019\u00e9viter les interf\u00e9rences lors de l\u2019analyse. Des traces d\u2019iode du r\u00e9actif du chlore total pourraient fausser les r\u00e9sultats de chlore libre.<\/li>\n<li>S\u2019assurer qu\u2019il n\u2019y a pas de bulles d\u2019air adh\u00e9rant \u00e0 la paroi de la cellule de mesure.<\/li>\n<li>Pour enlever les bulles, inverser ou bouger d\u00e9licatement le liquide.<\/li>\n<li>Avant une lecture, essuyer les cellules avec un chiffon propre doux en laissant le moins de poussi\u00e8res de fibres. S\u2019assurer qu\u2019il ne reste aucune trace de doigt, d\u2019eau ou autre qui pourrait interf\u00e9rer avec la lecture.<\/li>\n<li>Faire le z\u00e9ro de l\u2019instrument avec l\u2019eau de la piscine.<\/li>\n<li>Agiter d\u00e9licatement la cellule apr\u00e8s l\u2019ajout du r\u00e9actif. Une agitation trop forte entra\u00eenerait la formation de bulles d\u2019air, ce qui risque de fausser la mesure.<\/li>\n<li>Apr\u00e8s l\u2019ajout du r\u00e9actif, le contenant doit \u00eatre agit\u00e9 d\u00e9licatement pendant 20 secondes. Si le r\u00e9actif n\u2019est pas compl\u00e8tement dissous, c\u2019est acceptable puisqu\u2019il y en a en trop.<\/li>\n<li>S\u2019assurer que les cellules utilis\u00e9es sont nettoy\u00e9es et propres.<\/li>\n<\/ul>\n<p>[\/vc_column_text][\/vc_accordion_tab][vc_accordion_tab title=\u00a0\u00bbBONNES PRATIQUES POUR LES TROUSSES DE MESURE\u00a0\u00bb][vc_row_inner row_inner_height_percent=\u00a0\u00bb0&Prime; overlay_alpha=\u00a0\u00bb50&Prime; gutter_size=\u00a0\u00bb3&Prime; shift_y=\u00a0\u00bb0&Prime;][vc_column_inner column_width_percent=\u00a0\u00bb100&Prime; gutter_size=\u00a0\u00bb3&Prime; overlay_alpha=\u00a0\u00bb50&Prime; medium_width=\u00a0\u00bb0&Prime; shift_x=\u00a0\u00bb0&Prime; shift_y=\u00a0\u00bb0&Prime; z_index=\u00a0\u00bb0&Prime; width=\u00a0\u00bb7\/12&Prime; css=\u00a0\u00bb.vc_custom_1597242079015{padding-top: 35px !important;}\u00a0\u00bb][vc_column_text]<\/p>\n<ul>\n<li>La comparaison de la couleur doit \u00eatre effectu\u00e9e sur un fond blanc.<\/li>\n<li>La bouteille de r\u00e9actif liquide, s\u2019il y a lieu, doit \u00eatre tenue de fa\u00e7on verticale au-dessus du tube.<\/li>\n<\/ul>\n<p>[\/vc_column_text][\/vc_column_inner][vc_column_inner column_width_percent=\u00a0\u00bb100&Prime; position_vertical=\u00a0\u00bbmiddle\u00a0\u00bb gutter_size=\u00a0\u00bb3&Prime; overlay_alpha=\u00a0\u00bb50&Prime; medium_width=\u00a0\u00bb0&Prime; shift_x=\u00a0\u00bb0&Prime; shift_y=\u00a0\u00bb0&Prime; z_index=\u00a0\u00bb0&Prime; width=\u00a0\u00bb5\/12&Prime;][vc_column_text css_animation=\u00a0\u00bbzoom-in\u00a0\u00bb animation_delay=\u00a0\u00bb600&Prime; border_color=\u00a0\u00bbcolor-131080&Prime; border_style=\u00a0\u00bbdashed\u00a0\u00bb css=\u00a0\u00bb.vc_custom_1597413279755{margin-top: 35px !important;padding-top: 7px !important;padding-right: 10px !important;padding-bottom: 7px !important;padding-left: 10px !important;}\u00a0\u00bb el_class=\u00a0\u00bbbox-attention\u00a0\u00bb]<img decoding=\"async\" class=\"wp-image-2807 size-full alignleft\" src=\"https:\/\/www.guides-sports-loisirs.ca\/piscines-et-pataugeoires\/wp-content\/uploads\/sites\/12\/2020\/08\/exclamation.png\" alt=\"\" width=\"11\" height=\"30\" \/><\/p>\n<p><strong>Plus la concentration en chlore est \u00e9lev\u00e9e, plus la couleur rose sera fonc\u00e9e.<\/strong>[\/vc_column_text][\/vc_column_inner][\/vc_row_inner][\/vc_accordion_tab][\/vc_accordion][\/vc_column][\/vc_row][vc_row][\/vc_row][vc_row row_height_percent=\u00a0\u00bb0&Prime; overlay_alpha=\u00a0\u00bb50&Prime; gutter_size=\u00a0\u00bb3&Prime; shift_y=\u00a0\u00bb0&Prime; css=\u00a0\u00bb.vc_custom_1569108843026{margin-bottom: 50px !important;}\u00a0\u00bb][vc_column width=\u00a0\u00bb1\/1&Prime;][vc_button button_color=\u00a0\u00bbaccent\u00a0\u00bb size=\u00a0\u00bbbtn-lg\u00a0\u00bb radius=\u00a0\u00bbbtn-circle\u00a0\u00bb link=\u00a0\u00bburl:https%3A%2F%2Fwww.guides-sports-loisirs.ca%2Fpiscines-et-pataugeoires%2Fwp-content%2Fuploads%2Fsites%2F12%2F2017%2F03%2F5.3_QualiteEauAir_TrousseMesurePhotometres_Web.pdf||target:%20_blank|\u00a0\u00bb icon=\u00a0\u00bbfa fa-file-o\u00a0\u00bb el_class=\u00a0\u00bbbtn-pdf\u00a0\u00bb]Version PDF[\/vc_button][\/vc_column][\/vc_row]<\/p>\n<\/div>","protected":false},"excerpt":{"rendered":"<p>[vc_row][vc_column width=\u00a0\u00bb1\/1&Prime;][vc_accordion active_tab=\u00a0\u00bb0&Prime;][vc_accordion_tab title=\u00a0\u00bbPR\u00c9CAUTIONS G\u00c9N\u00c9RALES \u00c0 PRENDRE LORS DES ANALYSES\u00a0\u00bb][vc_column_text] Suivre les instructions du fabricant. Utiliser des instruments propres. Conserver [&hellip;]<\/p>\n","protected":false},"author":11,"featured_media":0,"parent":2903,"menu_order":3,"comment_status":"closed","ping_status":"closed","template":"","meta":{"_acf_changed":false,"footnotes":""},"class_list":["post-2951","page","type-page","status-publish","hentry"],"acf":[],"yoast_head":"<!-- This site is optimized with the Yoast SEO plugin v27.4 - https:\/\/yoast.com\/product\/yoast-seo-wordpress\/ -->\n<title>Trousses de mesure et photom\u00e8tres - Piscines et pataugeoires<\/title>\n<meta name=\"robots\" content=\"index, follow, max-snippet:-1, max-image-preview:large, max-video-preview:-1\" \/>\n<link rel=\"canonical\" href=\"https:\/\/www.guides-sports-loisirs.ca\/piscines-et-pataugeoires\/qualite-eau-air\/trousses-mesure-photometres\/\" \/>\n<meta property=\"og:locale\" content=\"fr_FR\" \/>\n<meta property=\"og:type\" content=\"article\" \/>\n<meta property=\"og:title\" content=\"Trousses de mesure et photom\u00e8tres - Piscines et pataugeoires\" \/>\n<meta property=\"og:description\" content=\"[vc_row][vc_column width=\u00a0\u00bb1\/1&Prime;][vc_accordion active_tab=\u00a0\u00bb0&Prime;][vc_accordion_tab title=\u00a0\u00bbPR\u00c9CAUTIONS G\u00c9N\u00c9RALES \u00c0 PRENDRE LORS DES ANALYSES\u00a0\u00bb][vc_column_text] Suivre les instructions du fabricant. Utiliser des instruments propres. Conserver [&hellip;]\" \/>\n<meta property=\"og:url\" content=\"https:\/\/www.guides-sports-loisirs.ca\/piscines-et-pataugeoires\/qualite-eau-air\/trousses-mesure-photometres\/\" \/>\n<meta property=\"og:site_name\" content=\"Piscines et pataugeoires\" \/>\n<meta property=\"article:modified_time\" content=\"2020-08-17T17:45:48+00:00\" \/>\n<meta property=\"og:image\" content=\"https:\/\/www.guides-sports-loisirs.ca\/piscines-et-pataugeoires\/wp-content\/uploads\/sites\/12\/2020\/08\/exclamation.png\" \/>\n<meta name=\"twitter:card\" content=\"summary_large_image\" \/>\n<meta name=\"twitter:label1\" content=\"Dur\u00e9e de lecture estim\u00e9e\" \/>\n\t<meta name=\"twitter:data1\" content=\"3 minutes\" \/>\n<script type=\"application\/ld+json\" class=\"yoast-schema-graph\">{\"@context\":\"https:\\\/\\\/schema.org\",\"@graph\":[{\"@type\":\"WebPage\",\"@id\":\"https:\\\/\\\/www.guides-sports-loisirs.ca\\\/piscines-et-pataugeoires\\\/qualite-eau-air\\\/trousses-mesure-photometres\\\/\",\"url\":\"https:\\\/\\\/www.guides-sports-loisirs.ca\\\/piscines-et-pataugeoires\\\/qualite-eau-air\\\/trousses-mesure-photometres\\\/\",\"name\":\"Trousses de mesure et photom\u00e8tres - Piscines et pataugeoires\",\"isPartOf\":{\"@id\":\"https:\\\/\\\/www.guides-sports-loisirs.ca\\\/piscines-et-pataugeoires\\\/#website\"},\"primaryImageOfPage\":{\"@id\":\"https:\\\/\\\/www.guides-sports-loisirs.ca\\\/piscines-et-pataugeoires\\\/qualite-eau-air\\\/trousses-mesure-photometres\\\/#primaryimage\"},\"image\":{\"@id\":\"https:\\\/\\\/www.guides-sports-loisirs.ca\\\/piscines-et-pataugeoires\\\/qualite-eau-air\\\/trousses-mesure-photometres\\\/#primaryimage\"},\"thumbnailUrl\":\"https:\\\/\\\/www.guides-sports-loisirs.ca\\\/piscines-et-pataugeoires\\\/wp-content\\\/uploads\\\/sites\\\/12\\\/2020\\\/08\\\/exclamation.png\",\"datePublished\":\"2020-08-12T16:08:28+00:00\",\"dateModified\":\"2020-08-17T17:45:48+00:00\",\"breadcrumb\":{\"@id\":\"https:\\\/\\\/www.guides-sports-loisirs.ca\\\/piscines-et-pataugeoires\\\/qualite-eau-air\\\/trousses-mesure-photometres\\\/#breadcrumb\"},\"inLanguage\":\"fr-FR\",\"potentialAction\":[{\"@type\":\"ReadAction\",\"target\":[\"https:\\\/\\\/www.guides-sports-loisirs.ca\\\/piscines-et-pataugeoires\\\/qualite-eau-air\\\/trousses-mesure-photometres\\\/\"]}]},{\"@type\":\"ImageObject\",\"inLanguage\":\"fr-FR\",\"@id\":\"https:\\\/\\\/www.guides-sports-loisirs.ca\\\/piscines-et-pataugeoires\\\/qualite-eau-air\\\/trousses-mesure-photometres\\\/#primaryimage\",\"url\":\"https:\\\/\\\/www.guides-sports-loisirs.ca\\\/piscines-et-pataugeoires\\\/wp-content\\\/uploads\\\/sites\\\/12\\\/2020\\\/08\\\/exclamation.png\",\"contentUrl\":\"https:\\\/\\\/www.guides-sports-loisirs.ca\\\/piscines-et-pataugeoires\\\/wp-content\\\/uploads\\\/sites\\\/12\\\/2020\\\/08\\\/exclamation.png\",\"width\":11,\"height\":30},{\"@type\":\"BreadcrumbList\",\"@id\":\"https:\\\/\\\/www.guides-sports-loisirs.ca\\\/piscines-et-pataugeoires\\\/qualite-eau-air\\\/trousses-mesure-photometres\\\/#breadcrumb\",\"itemListElement\":[{\"@type\":\"ListItem\",\"position\":1,\"name\":\"Accueil\",\"item\":\"https:\\\/\\\/www.guides-sports-loisirs.ca\\\/piscines-et-pataugeoires\\\/\"},{\"@type\":\"ListItem\",\"position\":2,\"name\":\"Qualit\u00e9 de l&rsquo;eau et de l&rsquo;air\",\"item\":\"https:\\\/\\\/www.guides-sports-loisirs.ca\\\/piscines-et-pataugeoires\\\/qualite-eau-air\\\/\"},{\"@type\":\"ListItem\",\"position\":3,\"name\":\"Trousses de mesure et photom\u00e8tres\"}]},{\"@type\":\"WebSite\",\"@id\":\"https:\\\/\\\/www.guides-sports-loisirs.ca\\\/piscines-et-pataugeoires\\\/#website\",\"url\":\"https:\\\/\\\/www.guides-sports-loisirs.ca\\\/piscines-et-pataugeoires\\\/\",\"name\":\"Piscines et pataugeoires\",\"description\":\"Veloparcs\",\"potentialAction\":[{\"@type\":\"SearchAction\",\"target\":{\"@type\":\"EntryPoint\",\"urlTemplate\":\"https:\\\/\\\/www.guides-sports-loisirs.ca\\\/piscines-et-pataugeoires\\\/?s={search_term_string}\"},\"query-input\":{\"@type\":\"PropertyValueSpecification\",\"valueRequired\":true,\"valueName\":\"search_term_string\"}}],\"inLanguage\":\"fr-FR\"}]}<\/script>\n<!-- \/ Yoast SEO plugin. -->","yoast_head_json":{"title":"Trousses de mesure et photom\u00e8tres - Piscines et pataugeoires","robots":{"index":"index","follow":"follow","max-snippet":"max-snippet:-1","max-image-preview":"max-image-preview:large","max-video-preview":"max-video-preview:-1"},"canonical":"https:\/\/www.guides-sports-loisirs.ca\/piscines-et-pataugeoires\/qualite-eau-air\/trousses-mesure-photometres\/","og_locale":"fr_FR","og_type":"article","og_title":"Trousses de mesure et photom\u00e8tres - Piscines et pataugeoires","og_description":"[vc_row][vc_column width=\u00a0\u00bb1\/1&Prime;][vc_accordion active_tab=\u00a0\u00bb0&Prime;][vc_accordion_tab title=\u00a0\u00bbPR\u00c9CAUTIONS G\u00c9N\u00c9RALES \u00c0 PRENDRE LORS DES ANALYSES\u00a0\u00bb][vc_column_text] Suivre les instructions du fabricant. Utiliser des instruments propres. Conserver [&hellip;]","og_url":"https:\/\/www.guides-sports-loisirs.ca\/piscines-et-pataugeoires\/qualite-eau-air\/trousses-mesure-photometres\/","og_site_name":"Piscines et pataugeoires","article_modified_time":"2020-08-17T17:45:48+00:00","og_image":[{"url":"https:\/\/www.guides-sports-loisirs.ca\/piscines-et-pataugeoires\/wp-content\/uploads\/sites\/12\/2020\/08\/exclamation.png","type":"","width":"","height":""}],"twitter_card":"summary_large_image","twitter_misc":{"Dur\u00e9e de lecture estim\u00e9e":"3 minutes"},"schema":{"@context":"https:\/\/schema.org","@graph":[{"@type":"WebPage","@id":"https:\/\/www.guides-sports-loisirs.ca\/piscines-et-pataugeoires\/qualite-eau-air\/trousses-mesure-photometres\/","url":"https:\/\/www.guides-sports-loisirs.ca\/piscines-et-pataugeoires\/qualite-eau-air\/trousses-mesure-photometres\/","name":"Trousses de mesure et photom\u00e8tres - Piscines et pataugeoires","isPartOf":{"@id":"https:\/\/www.guides-sports-loisirs.ca\/piscines-et-pataugeoires\/#website"},"primaryImageOfPage":{"@id":"https:\/\/www.guides-sports-loisirs.ca\/piscines-et-pataugeoires\/qualite-eau-air\/trousses-mesure-photometres\/#primaryimage"},"image":{"@id":"https:\/\/www.guides-sports-loisirs.ca\/piscines-et-pataugeoires\/qualite-eau-air\/trousses-mesure-photometres\/#primaryimage"},"thumbnailUrl":"https:\/\/www.guides-sports-loisirs.ca\/piscines-et-pataugeoires\/wp-content\/uploads\/sites\/12\/2020\/08\/exclamation.png","datePublished":"2020-08-12T16:08:28+00:00","dateModified":"2020-08-17T17:45:48+00:00","breadcrumb":{"@id":"https:\/\/www.guides-sports-loisirs.ca\/piscines-et-pataugeoires\/qualite-eau-air\/trousses-mesure-photometres\/#breadcrumb"},"inLanguage":"fr-FR","potentialAction":[{"@type":"ReadAction","target":["https:\/\/www.guides-sports-loisirs.ca\/piscines-et-pataugeoires\/qualite-eau-air\/trousses-mesure-photometres\/"]}]},{"@type":"ImageObject","inLanguage":"fr-FR","@id":"https:\/\/www.guides-sports-loisirs.ca\/piscines-et-pataugeoires\/qualite-eau-air\/trousses-mesure-photometres\/#primaryimage","url":"https:\/\/www.guides-sports-loisirs.ca\/piscines-et-pataugeoires\/wp-content\/uploads\/sites\/12\/2020\/08\/exclamation.png","contentUrl":"https:\/\/www.guides-sports-loisirs.ca\/piscines-et-pataugeoires\/wp-content\/uploads\/sites\/12\/2020\/08\/exclamation.png","width":11,"height":30},{"@type":"BreadcrumbList","@id":"https:\/\/www.guides-sports-loisirs.ca\/piscines-et-pataugeoires\/qualite-eau-air\/trousses-mesure-photometres\/#breadcrumb","itemListElement":[{"@type":"ListItem","position":1,"name":"Accueil","item":"https:\/\/www.guides-sports-loisirs.ca\/piscines-et-pataugeoires\/"},{"@type":"ListItem","position":2,"name":"Qualit\u00e9 de l&rsquo;eau et de l&rsquo;air","item":"https:\/\/www.guides-sports-loisirs.ca\/piscines-et-pataugeoires\/qualite-eau-air\/"},{"@type":"ListItem","position":3,"name":"Trousses de mesure et photom\u00e8tres"}]},{"@type":"WebSite","@id":"https:\/\/www.guides-sports-loisirs.ca\/piscines-et-pataugeoires\/#website","url":"https:\/\/www.guides-sports-loisirs.ca\/piscines-et-pataugeoires\/","name":"Piscines et pataugeoires","description":"Veloparcs","potentialAction":[{"@type":"SearchAction","target":{"@type":"EntryPoint","urlTemplate":"https:\/\/www.guides-sports-loisirs.ca\/piscines-et-pataugeoires\/?s={search_term_string}"},"query-input":{"@type":"PropertyValueSpecification","valueRequired":true,"valueName":"search_term_string"}}],"inLanguage":"fr-FR"}]}},"_links":{"self":[{"href":"https:\/\/www.guides-sports-loisirs.ca\/piscines-et-pataugeoires\/wp-json\/wp\/v2\/pages\/2951","targetHints":{"allow":["GET"]}}],"collection":[{"href":"https:\/\/www.guides-sports-loisirs.ca\/piscines-et-pataugeoires\/wp-json\/wp\/v2\/pages"}],"about":[{"href":"https:\/\/www.guides-sports-loisirs.ca\/piscines-et-pataugeoires\/wp-json\/wp\/v2\/types\/page"}],"author":[{"embeddable":true,"href":"https:\/\/www.guides-sports-loisirs.ca\/piscines-et-pataugeoires\/wp-json\/wp\/v2\/users\/11"}],"replies":[{"embeddable":true,"href":"https:\/\/www.guides-sports-loisirs.ca\/piscines-et-pataugeoires\/wp-json\/wp\/v2\/comments?post=2951"}],"version-history":[{"count":8,"href":"https:\/\/www.guides-sports-loisirs.ca\/piscines-et-pataugeoires\/wp-json\/wp\/v2\/pages\/2951\/revisions"}],"predecessor-version":[{"id":3232,"href":"https:\/\/www.guides-sports-loisirs.ca\/piscines-et-pataugeoires\/wp-json\/wp\/v2\/pages\/2951\/revisions\/3232"}],"up":[{"embeddable":true,"href":"https:\/\/www.guides-sports-loisirs.ca\/piscines-et-pataugeoires\/wp-json\/wp\/v2\/pages\/2903"}],"wp:attachment":[{"href":"https:\/\/www.guides-sports-loisirs.ca\/piscines-et-pataugeoires\/wp-json\/wp\/v2\/media?parent=2951"}],"curies":[{"name":"wp","href":"https:\/\/api.w.org\/{rel}","templated":true}]}}