{"id":2903,"date":"2020-08-12T09:00:32","date_gmt":"2020-08-12T13:00:32","guid":{"rendered":"https:\/\/www.guides-sports-loisirs.ca\/piscines-et-pataugeoires\/?page_id=2903"},"modified":"2020-08-17T13:45:09","modified_gmt":"2020-08-17T17:45:09","slug":"qualite-eau-air","status":"publish","type":"page","link":"https:\/\/www.guides-sports-loisirs.ca\/piscines-et-pataugeoires\/qualite-eau-air\/","title":{"rendered":"Qualit\u00e9 de l&rsquo;eau et de l&rsquo;air"},"content":{"rendered":"<div class=\"wpb-content-wrapper\"><p>[vc_row row_height_percent=\u00a0\u00bb0&Prime; overlay_alpha=\u00a0\u00bb50&Prime; gutter_size=\u00a0\u00bb3&Prime; shift_y=\u00a0\u00bb0&Prime; css=\u00a0\u00bb.vc_custom_1569207071354{margin-top: 40px !important;margin-bottom: 50px !important;}\u00a0\u00bb][vc_column width=\u00a0\u00bb1\/1&Prime;][vc_row_inner row_inner_height_percent=\u00a0\u00bb0&Prime; overlay_alpha=\u00a0\u00bb50&Prime; gutter_size=\u00a0\u00bb3&Prime; shift_y=\u00a0\u00bb0&Prime;][vc_column_inner column_width_percent=\u00a0\u00bb100&Prime; override_padding=\u00a0\u00bbyes\u00a0\u00bb column_padding=\u00a0\u00bb0&Prime; gutter_size=\u00a0\u00bb0&Prime; back_color=\u00a0\u00bbcolor-xsdn\u00a0\u00bb overlay_alpha=\u00a0\u00bb50&Prime; medium_width=\u00a0\u00bb0&Prime; shift_x=\u00a0\u00bb0&Prime; shift_y=\u00a0\u00bb0&Prime; z_index=\u00a0\u00bb0&Prime; width=\u00a0\u00bb1\/4&Prime; el_class=\u00a0\u00bbbox-menu\u00a0\u00bb link_to=\u00a0\u00bb|||\u00a0\u00bb][vc_custom_heading heading_semantic=\u00a0\u00bbh3&Prime; text_size=\u00a0\u00bbh3&Prime; text_weight=\u00a0\u00bb700&Prime; text_color=\u00a0\u00bbcolor-xsdn\u00a0\u00bb el_class=\u00a0\u00bbtitre\u00a0\u00bb]CIRCULATION ET FILTRATION DE L\u2019EAU[\/vc_custom_heading][vc_column_text el_class=\u00a0\u00bbtexte\u00a0\u00bb]La circulation de l\u2019eau vise \u00e0 ce que l\u2019eau soit filtr\u00e9e et trait\u00e9e en \u00e9vitant qu\u2019il y ait des zones mortes dans le bassin et \u00e0 ce que l\u2019eau trait\u00e9e soit ensuite distribu\u00e9e de fa\u00e7on homog\u00e8ne dans la piscine.[\/vc_column_text][vc_separator sep_color=\u00a0\u00bbcolor-193714&Prime; el_width=\u00a0\u00bb100%\u00a0\u00bb el_height=\u00a0\u00bb1px\u00a0\u00bb][vc_column_text el_class=\u00a0\u00bblien\u00a0\u00bb]<a href=\"https:\/\/www.guides-sports-loisirs.ca\/piscines-et-pataugeoires\/qualite-eau-air\/circulation-filtration-eau\/\">En savoir plus<\/a><a href=\"https:\/\/www.guides-sports-loisirs.ca\/piscines-et-pataugeoires\/qualite-eau-air\/circulation-filtration-eau\/\"><img decoding=\"async\" class=\"alignnone wp-image-2412 size-full\" src=\"https:\/\/www.guides-sports-loisirs.ca\/piscines-et-pataugeoires\/wp-content\/uploads\/sites\/12\/2019\/09\/icone_lire-plus.png\" alt=\"Icone lire plus\" width=\"22\" height=\"21\" \/><\/a>[\/vc_column_text][vc_separator sep_color=\u00a0\u00bbcolor-193714&Prime; el_width=\u00a0\u00bb100%\u00a0\u00bb el_height=\u00a0\u00bb1px\u00a0\u00bb][vc_column_text el_class=\u00a0\u00bblien\u00a0\u00bb]<a href=\"https:\/\/www.guides-sports-loisirs.ca\/piscines-et-pataugeoires\/wp-content\/uploads\/sites\/12\/2017\/03\/5.1_QualiteEauAir_CirculationFiltrationEau_Web.pdf\" target=\"_blank\" rel=\"noopener noreferrer\">T\u00e9l\u00e9charger le PDF<\/a><a href=\"https:\/\/www.guides-sports-loisirs.ca\/piscines-et-pataugeoires\/wp-content\/uploads\/sites\/12\/2017\/03\/5.1_QualiteEauAir_CirculationFiltrationEau_Web.pdf\" target=\"_blank\" rel=\"noopener noreferrer\"><img decoding=\"async\" class=\"alignnone wp-image-2413 size-full\" src=\"https:\/\/www.guides-sports-loisirs.ca\/piscines-et-pataugeoires\/wp-content\/uploads\/sites\/12\/2019\/09\/icone_pdf.png\" alt=\"Icone PDF\" width=\"18\" height=\"22\" \/><\/a>[\/vc_column_text][\/vc_column_inner][vc_column_inner column_width_percent=\u00a0\u00bb100&Prime; override_padding=\u00a0\u00bbyes\u00a0\u00bb column_padding=\u00a0\u00bb0&Prime; gutter_size=\u00a0\u00bb0&Prime; overlay_alpha=\u00a0\u00bb50&Prime; medium_width=\u00a0\u00bb0&Prime; shift_x=\u00a0\u00bb0&Prime; shift_y=\u00a0\u00bb0&Prime; z_index=\u00a0\u00bb0&Prime; width=\u00a0\u00bb1\/4&Prime; el_class=\u00a0\u00bbbox-menu\u00a0\u00bb][vc_custom_heading heading_semantic=\u00a0\u00bbh3&Prime; text_size=\u00a0\u00bbh3&Prime; text_weight=\u00a0\u00bb700&Prime; text_color=\u00a0\u00bbcolor-xsdn\u00a0\u00bb el_class=\u00a0\u00bbtitre\u00a0\u00bb]PR\u00c9L\u00c8VEMENT ET CONSERVATION D\u2019UN \u00c9CHANTILLON[\/vc_custom_heading][vc_column_text el_class=\u00a0\u00bbtexte\u00a0\u00bb]Ce n\u2019est pas tout d\u2019effectuer des analyses, encore faut-il que les possibilit\u00e9s d\u2019interf\u00e9rences soient bien contr\u00f4l\u00e9es afin de garantir l\u2019exactitude des r\u00e9sultats.<\/p>\n<p>L\u2019\u00e9chantillon pr\u00e9lev\u00e9 pour effectuer le contr\u00f4le de la qualit\u00e9 de l\u2019eau&#8230;[\/vc_column_text][vc_separator sep_color=\u00a0\u00bbcolor-193714&Prime; el_width=\u00a0\u00bb100%\u00a0\u00bb el_height=\u00a0\u00bb1px\u00a0\u00bb][vc_column_text el_class=\u00a0\u00bblien\u00a0\u00bb]<a href=\"https:\/\/www.guides-sports-loisirs.ca\/piscines-et-pataugeoires\/qualite-eau-air\/prelevement-conservation-echantillon\/\">En savoir plus<\/a><a href=\"https:\/\/www.guides-sports-loisirs.ca\/piscines-et-pataugeoires\/qualite-eau-air\/prelevement-conservation-echantillon\/\"><img decoding=\"async\" class=\"alignnone wp-image-2412 size-full\" src=\"https:\/\/www.guides-sports-loisirs.ca\/piscines-et-pataugeoires\/wp-content\/uploads\/sites\/12\/2019\/09\/icone_lire-plus.png\" alt=\"Icone lire plus\" width=\"22\" height=\"21\" \/><\/a>[\/vc_column_text][vc_separator sep_color=\u00a0\u00bbcolor-193714&Prime; el_width=\u00a0\u00bb100%\u00a0\u00bb el_height=\u00a0\u00bb1px\u00a0\u00bb][vc_column_text el_class=\u00a0\u00bblien\u00a0\u00bb]<a href=\"https:\/\/www.guides-sports-loisirs.ca\/piscines-et-pataugeoires\/wp-content\/uploads\/sites\/12\/2017\/03\/5.2_QualiteEauAir_PrelevementConservationEchantillon_Web.pdf\" target=\"_blank\" rel=\"noopener noreferrer\">T\u00e9l\u00e9charger le PDF<\/a><a href=\"https:\/\/www.guides-sports-loisirs.ca\/piscines-et-pataugeoires\/wp-content\/uploads\/sites\/12\/2017\/03\/5.2_QualiteEauAir_PrelevementConservationEchantillon_Web.pdf\" target=\"_blank\" rel=\"noopener noreferrer\"><img decoding=\"async\" class=\"alignnone wp-image-2413 size-full\" src=\"https:\/\/www.guides-sports-loisirs.ca\/piscines-et-pataugeoires\/wp-content\/uploads\/sites\/12\/2019\/09\/icone_pdf.png\" alt=\"Icone PDF\" width=\"18\" height=\"22\" \/><\/a>[\/vc_column_text][\/vc_column_inner][vc_column_inner column_width_percent=\u00a0\u00bb100&Prime; override_padding=\u00a0\u00bbyes\u00a0\u00bb column_padding=\u00a0\u00bb0&Prime; gutter_size=\u00a0\u00bb0&Prime; overlay_alpha=\u00a0\u00bb50&Prime; medium_width=\u00a0\u00bb0&Prime; shift_x=\u00a0\u00bb0&Prime; shift_y=\u00a0\u00bb0&Prime; z_index=\u00a0\u00bb0&Prime; width=\u00a0\u00bb1\/4&Prime; el_class=\u00a0\u00bbbox-menu\u00a0\u00bb][vc_custom_heading heading_semantic=\u00a0\u00bbh3&Prime; text_size=\u00a0\u00bbh3&Prime; text_weight=\u00a0\u00bb700&Prime; text_color=\u00a0\u00bbcolor-xsdn\u00a0\u00bb el_class=\u00a0\u00bbtitre\u00a0\u00bb]TROUSSES DE MESURE ET PHOTOM\u00c8TRES[\/vc_custom_heading][vc_column_text el_class=\u00a0\u00bbtexte\u00a0\u00bb]<\/p>\n<ul>\n<li>Suivre les instructions du fabricant.<\/li>\n<li>Utiliser des instruments propres.<\/li>\n<li>Conserver les r\u00e9actifs dans un endroit propre, sec, a\u00e9r\u00e9 et \u00e0 l\u2019abri de la lumi\u00e8re.<\/li>\n<li>V\u00e9rifier les dates d\u2019expiration des r\u00e9actifs avant leur utilisation. S\u2019ils sont expir\u00e9s, ne pas les utiliser.<\/li>\n<\/ul>\n<p>[\/vc_column_text][vc_separator sep_color=\u00a0\u00bbcolor-193714&Prime; el_width=\u00a0\u00bb100%\u00a0\u00bb el_height=\u00a0\u00bb1px\u00a0\u00bb][vc_column_text el_class=\u00a0\u00bblien\u00a0\u00bb]<a href=\"https:\/\/www.guides-sports-loisirs.ca\/piscines-et-pataugeoires\/qualite-eau-air\/trousses-mesure-photometres\/\">En savoir plus<\/a><a href=\"https:\/\/www.guides-sports-loisirs.ca\/piscines-et-pataugeoires\/qualite-eau-air\/trousses-mesure-photometres\/\"><img decoding=\"async\" class=\"alignnone wp-image-2412 size-full\" src=\"https:\/\/www.guides-sports-loisirs.ca\/piscines-et-pataugeoires\/wp-content\/uploads\/sites\/12\/2019\/09\/icone_lire-plus.png\" alt=\"Icone lire plus\" width=\"22\" height=\"21\" \/><\/a>[\/vc_column_text][vc_separator sep_color=\u00a0\u00bbcolor-193714&Prime; el_width=\u00a0\u00bb100%\u00a0\u00bb el_height=\u00a0\u00bb1px\u00a0\u00bb][vc_column_text el_class=\u00a0\u00bblien\u00a0\u00bb]<a href=\"https:\/\/www.guides-sports-loisirs.ca\/piscines-et-pataugeoires\/wp-content\/uploads\/sites\/12\/2017\/03\/5.3_QualiteEauAir_TrousseMesurePhotometres_Web.pdf\" target=\"_blank\" rel=\"noopener noreferrer\">T\u00e9l\u00e9charger le PDF<\/a><a href=\"https:\/\/www.guides-sports-loisirs.ca\/piscines-et-pataugeoires\/wp-content\/uploads\/sites\/12\/2017\/03\/5.3_QualiteEauAir_TrousseMesurePhotometres_Web.pdf\" target=\"_blank\" rel=\"noopener noreferrer\"><img decoding=\"async\" class=\"alignnone wp-image-2413 size-full\" src=\"https:\/\/www.guides-sports-loisirs.ca\/piscines-et-pataugeoires\/wp-content\/uploads\/sites\/12\/2019\/09\/icone_pdf.png\" alt=\"Icone PDF\" width=\"18\" height=\"22\" \/><\/a>[\/vc_column_text][\/vc_column_inner][vc_column_inner column_width_percent=\u00a0\u00bb100&Prime; override_padding=\u00a0\u00bbyes\u00a0\u00bb column_padding=\u00a0\u00bb0&Prime; gutter_size=\u00a0\u00bb0&Prime; overlay_alpha=\u00a0\u00bb50&Prime; medium_width=\u00a0\u00bb0&Prime; shift_x=\u00a0\u00bb0&Prime; shift_y=\u00a0\u00bb0&Prime; z_index=\u00a0\u00bb0&Prime; width=\u00a0\u00bb1\/4&Prime; el_class=\u00a0\u00bbbox-menu\u00a0\u00bb][vc_custom_heading heading_semantic=\u00a0\u00bbh3&Prime; text_size=\u00a0\u00bbh3&Prime; text_weight=\u00a0\u00bb700&Prime; text_color=\u00a0\u00bbcolor-xsdn\u00a0\u00bb el_class=\u00a0\u00bbtitre\u00a0\u00bb]QUALIT\u00c9 DE L\u2019AIR[\/vc_custom_heading][vc_column_text el_class=\u00a0\u00bbtexte\u00a0\u00bb]Le confort et la s\u00e9curit\u00e9 ne sont pas des \u00e9l\u00e9ments uniquement reli\u00e9s \u00e0 la qualit\u00e9 de l\u2019eau, mais aussi \u00e0 la qualit\u00e9 de l\u2019air. Il est certain que les deux interagissent constamment. S\u2019il y a des chloramines dans l\u2019eau, on risque fortement d\u2019en retrouver dans l\u2019air et si l\u2019air est plus froid&#8230;[\/vc_column_text][vc_separator sep_color=\u00a0\u00bbcolor-193714&Prime; el_width=\u00a0\u00bb100%\u00a0\u00bb el_height=\u00a0\u00bb1px\u00a0\u00bb][vc_column_text el_class=\u00a0\u00bblien\u00a0\u00bb]<a href=\"https:\/\/www.guides-sports-loisirs.ca\/piscines-et-pataugeoires\/qualite-eau-air\/qualite-air\/\">En savoir plus<\/a><a href=\"https:\/\/www.guides-sports-loisirs.ca\/piscines-et-pataugeoires\/qualite-eau-air\/qualite-air\/\"><img decoding=\"async\" class=\"alignnone wp-image-2412 size-full\" src=\"https:\/\/www.guides-sports-loisirs.ca\/piscines-et-pataugeoires\/wp-content\/uploads\/sites\/12\/2019\/09\/icone_lire-plus.png\" alt=\"Icone lire plus\" width=\"22\" height=\"21\" \/><\/a>[\/vc_column_text][vc_separator sep_color=\u00a0\u00bbcolor-193714&Prime; el_width=\u00a0\u00bb100%\u00a0\u00bb el_height=\u00a0\u00bb1px\u00a0\u00bb][vc_column_text el_class=\u00a0\u00bblien\u00a0\u00bb]<a href=\"https:\/\/www.guides-sports-loisirs.ca\/piscines-et-pataugeoires\/wp-content\/uploads\/sites\/12\/2017\/03\/5.4_QualiteEauAir_QualiteAir_Web.pdf\" target=\"_blank\" rel=\"noopener noreferrer\">T\u00e9l\u00e9charger le PDF<\/a><a href=\"https:\/\/www.guides-sports-loisirs.ca\/piscines-et-pataugeoires\/wp-content\/uploads\/sites\/12\/2017\/03\/5.4_QualiteEauAir_QualiteAir_Web.pdf\" target=\"_blank\" rel=\"noopener noreferrer\"><img decoding=\"async\" class=\"alignnone wp-image-2413 size-full\" src=\"https:\/\/www.guides-sports-loisirs.ca\/piscines-et-pataugeoires\/wp-content\/uploads\/sites\/12\/2019\/09\/icone_pdf.png\" alt=\"Icone PDF\" width=\"18\" height=\"22\" \/><\/a>[\/vc_column_text][\/vc_column_inner][\/vc_row_inner][\/vc_column][\/vc_row]<\/p>\n<\/div>","protected":false},"excerpt":{"rendered":"<p>[vc_row row_height_percent=\u00a0\u00bb0&Prime; overlay_alpha=\u00a0\u00bb50&Prime; gutter_size=\u00a0\u00bb3&Prime; shift_y=\u00a0\u00bb0&Prime; css=\u00a0\u00bb.vc_custom_1569207071354{margin-top: 40px !important;margin-bottom: 50px !important;}\u00a0\u00bb][vc_column width=\u00a0\u00bb1\/1&Prime;][vc_row_inner row_inner_height_percent=\u00a0\u00bb0&Prime; overlay_alpha=\u00a0\u00bb50&Prime; gutter_size=\u00a0\u00bb3&Prime; shift_y=\u00a0\u00bb0&Prime;][vc_column_inner column_width_percent=\u00a0\u00bb100&Prime; override_padding=\u00a0\u00bbyes\u00a0\u00bb column_padding=\u00a0\u00bb0&Prime; gutter_size=\u00a0\u00bb0&Prime; back_color=\u00a0\u00bbcolor-xsdn\u00a0\u00bb [&hellip;]<\/p>\n","protected":false},"author":11,"featured_media":0,"parent":0,"menu_order":7,"comment_status":"closed","ping_status":"closed","template":"","meta":{"_acf_changed":false,"footnotes":""},"class_list":["post-2903","page","type-page","status-publish","hentry"],"acf":[],"yoast_head":"<!-- This site is optimized with the Yoast SEO plugin v27.2 - https:\/\/yoast.com\/product\/yoast-seo-wordpress\/ -->\n<title>Qualit\u00e9 de l&#039;eau et de l&#039;air - Piscines et pataugeoires<\/title>\n<meta name=\"robots\" content=\"index, follow, max-snippet:-1, max-image-preview:large, max-video-preview:-1\" \/>\n<link rel=\"canonical\" href=\"https:\/\/www.guides-sports-loisirs.ca\/piscines-et-pataugeoires\/qualite-eau-air\/\" \/>\n<meta property=\"og:locale\" content=\"fr_FR\" \/>\n<meta property=\"og:type\" content=\"article\" \/>\n<meta property=\"og:title\" content=\"Qualit\u00e9 de l&#039;eau et de l&#039;air - Piscines et pataugeoires\" \/>\n<meta property=\"og:description\" content=\"[vc_row row_height_percent=\u00a0\u00bb0&Prime; overlay_alpha=\u00a0\u00bb50&Prime; gutter_size=\u00a0\u00bb3&Prime; shift_y=\u00a0\u00bb0&Prime; css=\u00a0\u00bb.vc_custom_1569207071354{margin-top: 40px !important;margin-bottom: 50px !important;}\u00a0\u00bb][vc_column width=\u00a0\u00bb1\/1&Prime;][vc_row_inner row_inner_height_percent=\u00a0\u00bb0&Prime; overlay_alpha=\u00a0\u00bb50&Prime; gutter_size=\u00a0\u00bb3&Prime; shift_y=\u00a0\u00bb0&Prime;][vc_column_inner column_width_percent=\u00a0\u00bb100&Prime; override_padding=\u00a0\u00bbyes\u00a0\u00bb column_padding=\u00a0\u00bb0&Prime; gutter_size=\u00a0\u00bb0&Prime; back_color=\u00a0\u00bbcolor-xsdn\u00a0\u00bb [&hellip;]\" \/>\n<meta property=\"og:url\" content=\"https:\/\/www.guides-sports-loisirs.ca\/piscines-et-pataugeoires\/qualite-eau-air\/\" \/>\n<meta property=\"og:site_name\" content=\"Piscines et pataugeoires\" \/>\n<meta property=\"article:modified_time\" content=\"2020-08-17T17:45:09+00:00\" \/>\n<meta property=\"og:image\" content=\"https:\/\/www.guides-sports-loisirs.ca\/piscines-et-pataugeoires\/wp-content\/uploads\/sites\/12\/2019\/09\/icone_lire-plus.png\" \/>\n<meta name=\"twitter:card\" content=\"summary_large_image\" \/>\n<meta name=\"twitter:label1\" content=\"Dur\u00e9e de lecture estim\u00e9e\" \/>\n\t<meta name=\"twitter:data1\" content=\"3 minutes\" \/>\n<script type=\"application\/ld+json\" class=\"yoast-schema-graph\">{\"@context\":\"https:\/\/schema.org\",\"@graph\":[{\"@type\":\"WebPage\",\"@id\":\"https:\/\/www.guides-sports-loisirs.ca\/piscines-et-pataugeoires\/qualite-eau-air\/\",\"url\":\"https:\/\/www.guides-sports-loisirs.ca\/piscines-et-pataugeoires\/qualite-eau-air\/\",\"name\":\"Qualit\u00e9 de l'eau et de l'air - Piscines et pataugeoires\",\"isPartOf\":{\"@id\":\"https:\/\/www.guides-sports-loisirs.ca\/piscines-et-pataugeoires\/#website\"},\"primaryImageOfPage\":{\"@id\":\"https:\/\/www.guides-sports-loisirs.ca\/piscines-et-pataugeoires\/qualite-eau-air\/#primaryimage\"},\"image\":{\"@id\":\"https:\/\/www.guides-sports-loisirs.ca\/piscines-et-pataugeoires\/qualite-eau-air\/#primaryimage\"},\"thumbnailUrl\":\"https:\/\/www.guides-sports-loisirs.ca\/piscines-et-pataugeoires\/wp-content\/uploads\/sites\/12\/2019\/09\/icone_lire-plus.png\",\"datePublished\":\"2020-08-12T13:00:32+00:00\",\"dateModified\":\"2020-08-17T17:45:09+00:00\",\"breadcrumb\":{\"@id\":\"https:\/\/www.guides-sports-loisirs.ca\/piscines-et-pataugeoires\/qualite-eau-air\/#breadcrumb\"},\"inLanguage\":\"fr-FR\",\"potentialAction\":[{\"@type\":\"ReadAction\",\"target\":[\"https:\/\/www.guides-sports-loisirs.ca\/piscines-et-pataugeoires\/qualite-eau-air\/\"]}]},{\"@type\":\"ImageObject\",\"inLanguage\":\"fr-FR\",\"@id\":\"https:\/\/www.guides-sports-loisirs.ca\/piscines-et-pataugeoires\/qualite-eau-air\/#primaryimage\",\"url\":\"https:\/\/www.guides-sports-loisirs.ca\/piscines-et-pataugeoires\/wp-content\/uploads\/sites\/12\/2019\/09\/icone_lire-plus.png\",\"contentUrl\":\"https:\/\/www.guides-sports-loisirs.ca\/piscines-et-pataugeoires\/wp-content\/uploads\/sites\/12\/2019\/09\/icone_lire-plus.png\",\"width\":22,\"height\":21,\"caption\":\"Icone lire plus\"},{\"@type\":\"BreadcrumbList\",\"@id\":\"https:\/\/www.guides-sports-loisirs.ca\/piscines-et-pataugeoires\/qualite-eau-air\/#breadcrumb\",\"itemListElement\":[{\"@type\":\"ListItem\",\"position\":1,\"name\":\"Accueil\",\"item\":\"https:\/\/www.guides-sports-loisirs.ca\/piscines-et-pataugeoires\/\"},{\"@type\":\"ListItem\",\"position\":2,\"name\":\"Qualit\u00e9 de l&rsquo;eau et de l&rsquo;air\"}]},{\"@type\":\"WebSite\",\"@id\":\"https:\/\/www.guides-sports-loisirs.ca\/piscines-et-pataugeoires\/#website\",\"url\":\"https:\/\/www.guides-sports-loisirs.ca\/piscines-et-pataugeoires\/\",\"name\":\"Piscines et pataugeoires\",\"description\":\"Veloparcs\",\"potentialAction\":[{\"@type\":\"SearchAction\",\"target\":{\"@type\":\"EntryPoint\",\"urlTemplate\":\"https:\/\/www.guides-sports-loisirs.ca\/piscines-et-pataugeoires\/?s={search_term_string}\"},\"query-input\":{\"@type\":\"PropertyValueSpecification\",\"valueRequired\":true,\"valueName\":\"search_term_string\"}}],\"inLanguage\":\"fr-FR\"}]}<\/script>\n<!-- \/ Yoast SEO plugin. -->","yoast_head_json":{"title":"Qualit\u00e9 de l'eau et de l'air - Piscines et pataugeoires","robots":{"index":"index","follow":"follow","max-snippet":"max-snippet:-1","max-image-preview":"max-image-preview:large","max-video-preview":"max-video-preview:-1"},"canonical":"https:\/\/www.guides-sports-loisirs.ca\/piscines-et-pataugeoires\/qualite-eau-air\/","og_locale":"fr_FR","og_type":"article","og_title":"Qualit\u00e9 de l'eau et de l'air - Piscines et pataugeoires","og_description":"[vc_row row_height_percent=\u00a0\u00bb0&Prime; overlay_alpha=\u00a0\u00bb50&Prime; gutter_size=\u00a0\u00bb3&Prime; shift_y=\u00a0\u00bb0&Prime; css=\u00a0\u00bb.vc_custom_1569207071354{margin-top: 40px !important;margin-bottom: 50px !important;}\u00a0\u00bb][vc_column width=\u00a0\u00bb1\/1&Prime;][vc_row_inner row_inner_height_percent=\u00a0\u00bb0&Prime; overlay_alpha=\u00a0\u00bb50&Prime; gutter_size=\u00a0\u00bb3&Prime; shift_y=\u00a0\u00bb0&Prime;][vc_column_inner column_width_percent=\u00a0\u00bb100&Prime; override_padding=\u00a0\u00bbyes\u00a0\u00bb column_padding=\u00a0\u00bb0&Prime; gutter_size=\u00a0\u00bb0&Prime; back_color=\u00a0\u00bbcolor-xsdn\u00a0\u00bb [&hellip;]","og_url":"https:\/\/www.guides-sports-loisirs.ca\/piscines-et-pataugeoires\/qualite-eau-air\/","og_site_name":"Piscines et pataugeoires","article_modified_time":"2020-08-17T17:45:09+00:00","og_image":[{"url":"https:\/\/www.guides-sports-loisirs.ca\/piscines-et-pataugeoires\/wp-content\/uploads\/sites\/12\/2019\/09\/icone_lire-plus.png","type":"","width":"","height":""}],"twitter_card":"summary_large_image","twitter_misc":{"Dur\u00e9e de lecture estim\u00e9e":"3 minutes"},"schema":{"@context":"https:\/\/schema.org","@graph":[{"@type":"WebPage","@id":"https:\/\/www.guides-sports-loisirs.ca\/piscines-et-pataugeoires\/qualite-eau-air\/","url":"https:\/\/www.guides-sports-loisirs.ca\/piscines-et-pataugeoires\/qualite-eau-air\/","name":"Qualit\u00e9 de l'eau et de l'air - Piscines et pataugeoires","isPartOf":{"@id":"https:\/\/www.guides-sports-loisirs.ca\/piscines-et-pataugeoires\/#website"},"primaryImageOfPage":{"@id":"https:\/\/www.guides-sports-loisirs.ca\/piscines-et-pataugeoires\/qualite-eau-air\/#primaryimage"},"image":{"@id":"https:\/\/www.guides-sports-loisirs.ca\/piscines-et-pataugeoires\/qualite-eau-air\/#primaryimage"},"thumbnailUrl":"https:\/\/www.guides-sports-loisirs.ca\/piscines-et-pataugeoires\/wp-content\/uploads\/sites\/12\/2019\/09\/icone_lire-plus.png","datePublished":"2020-08-12T13:00:32+00:00","dateModified":"2020-08-17T17:45:09+00:00","breadcrumb":{"@id":"https:\/\/www.guides-sports-loisirs.ca\/piscines-et-pataugeoires\/qualite-eau-air\/#breadcrumb"},"inLanguage":"fr-FR","potentialAction":[{"@type":"ReadAction","target":["https:\/\/www.guides-sports-loisirs.ca\/piscines-et-pataugeoires\/qualite-eau-air\/"]}]},{"@type":"ImageObject","inLanguage":"fr-FR","@id":"https:\/\/www.guides-sports-loisirs.ca\/piscines-et-pataugeoires\/qualite-eau-air\/#primaryimage","url":"https:\/\/www.guides-sports-loisirs.ca\/piscines-et-pataugeoires\/wp-content\/uploads\/sites\/12\/2019\/09\/icone_lire-plus.png","contentUrl":"https:\/\/www.guides-sports-loisirs.ca\/piscines-et-pataugeoires\/wp-content\/uploads\/sites\/12\/2019\/09\/icone_lire-plus.png","width":22,"height":21,"caption":"Icone lire plus"},{"@type":"BreadcrumbList","@id":"https:\/\/www.guides-sports-loisirs.ca\/piscines-et-pataugeoires\/qualite-eau-air\/#breadcrumb","itemListElement":[{"@type":"ListItem","position":1,"name":"Accueil","item":"https:\/\/www.guides-sports-loisirs.ca\/piscines-et-pataugeoires\/"},{"@type":"ListItem","position":2,"name":"Qualit\u00e9 de l&rsquo;eau et de l&rsquo;air"}]},{"@type":"WebSite","@id":"https:\/\/www.guides-sports-loisirs.ca\/piscines-et-pataugeoires\/#website","url":"https:\/\/www.guides-sports-loisirs.ca\/piscines-et-pataugeoires\/","name":"Piscines et pataugeoires","description":"Veloparcs","potentialAction":[{"@type":"SearchAction","target":{"@type":"EntryPoint","urlTemplate":"https:\/\/www.guides-sports-loisirs.ca\/piscines-et-pataugeoires\/?s={search_term_string}"},"query-input":{"@type":"PropertyValueSpecification","valueRequired":true,"valueName":"search_term_string"}}],"inLanguage":"fr-FR"}]}},"_links":{"self":[{"href":"https:\/\/www.guides-sports-loisirs.ca\/piscines-et-pataugeoires\/wp-json\/wp\/v2\/pages\/2903","targetHints":{"allow":["GET"]}}],"collection":[{"href":"https:\/\/www.guides-sports-loisirs.ca\/piscines-et-pataugeoires\/wp-json\/wp\/v2\/pages"}],"about":[{"href":"https:\/\/www.guides-sports-loisirs.ca\/piscines-et-pataugeoires\/wp-json\/wp\/v2\/types\/page"}],"author":[{"embeddable":true,"href":"https:\/\/www.guides-sports-loisirs.ca\/piscines-et-pataugeoires\/wp-json\/wp\/v2\/users\/11"}],"replies":[{"embeddable":true,"href":"https:\/\/www.guides-sports-loisirs.ca\/piscines-et-pataugeoires\/wp-json\/wp\/v2\/comments?post=2903"}],"version-history":[{"count":7,"href":"https:\/\/www.guides-sports-loisirs.ca\/piscines-et-pataugeoires\/wp-json\/wp\/v2\/pages\/2903\/revisions"}],"predecessor-version":[{"id":3230,"href":"https:\/\/www.guides-sports-loisirs.ca\/piscines-et-pataugeoires\/wp-json\/wp\/v2\/pages\/2903\/revisions\/3230"}],"wp:attachment":[{"href":"https:\/\/www.guides-sports-loisirs.ca\/piscines-et-pataugeoires\/wp-json\/wp\/v2\/media?parent=2903"}],"curies":[{"name":"wp","href":"https:\/\/api.w.org\/{rel}","templated":true}]}}