{"id":2841,"date":"2020-08-10T13:27:38","date_gmt":"2020-08-10T17:27:38","guid":{"rendered":"https:\/\/www.guides-sports-loisirs.ca\/piscines-et-pataugeoires\/?page_id=2841"},"modified":"2020-08-17T13:37:00","modified_gmt":"2020-08-17T17:37:00","slug":"autres-dispositions-reglementaires","status":"publish","type":"page","link":"https:\/\/www.guides-sports-loisirs.ca\/piscines-et-pataugeoires\/lois-reglements-normes\/autres-dispositions-reglementaires\/","title":{"rendered":"Autres dispositions r\u00e9glementaires"},"content":{"rendered":"<div class=\"wpb-content-wrapper\"><p>[vc_row][vc_column width=\u00a0\u00bb1\/1&Prime;][vc_accordion active_tab=\u00a0\u00bb0&Prime;][vc_accordion_tab title=\u00a0\u00bbDIMENSIONS MINIMALES DES INSTALLATIONS DE PLONGEON\u00a0\u00bb][vc_column_text]Sch\u00e9ma illustrant les dimensions minimales des installations de plongeon (article 16 du R\u00e8glement sur la s\u00e9curit\u00e9 dans les bains publics) s\u2019appliquant pour les plongeons install\u00e9s avant le 14 mars 2013 ou, sous certaines conditions, pendant la p\u00e9riode transitoire du 14 mars 2013 au 14 septembre 2014.<\/p>\n<p>Pour les \u00e9quipements de plongeon install\u00e9s apr\u00e8s le 14 mars 2013, il faut se r\u00e9f\u00e9rer au chapitre X, Lieux de baignade, du Code de construction. Les installations de plongeon dont les plans ont \u00e9t\u00e9 approuv\u00e9s, ou qui ont \u00e9t\u00e9 construites, avant le 31 ao\u00fbt 1977 peuvent respecter les dimensions indiqu\u00e9es \u00e0 l\u2019annexe 2 du R\u00e8glement.<\/p>\n<p><a href=\"https:\/\/www.rbq.gouv.qc.ca\/fileadmin\/medias\/pdf\/Publications\/francais\/PlongeonAnnexe1.pdf\" target=\"_blank\" rel=\"noopener noreferrer\">https:\/\/www.rbq.gouv.qc.ca\/fileadmin\/medias\/pdf\/Publications\/francais\/PlongeonAnnexe1.pdf<\/a>[\/vc_column_text][\/vc_accordion_tab][vc_accordion_tab title=\u00a0\u00bbGUIDE D\u2019EXPLOITATION DES PISCINES ET AUTRES BASSINS ARTIFICIELS\u00a0\u00bb][vc_column_text]Ce guide accompagne le R\u00e8glement sur la qualit\u00e9 de l\u2019eau des piscines et autres bassins artificiels, chapitre Q-2, r. 39. Il a pour principal objectif de d\u00e9crire les bonnes pratiques en mati\u00e8re de gestion des \u00e9quipements de traitement et de contr\u00f4le de la qualit\u00e9 de l\u2019eau afin que l\u2019eau et les lieux soient en tout temps salubres, s\u00e9curitaires et stables.<\/p>\n<p><a href=\"http:\/\/www.environnement.gouv.qc.ca\/eau\/piscine\/guide-exploitation.pdf\" target=\"_blank\" rel=\"noopener noreferrer\">http:\/\/www.environnement.gouv.qc.ca\/eau\/piscine\/guide-exploitation.pdf<\/a>[\/vc_column_text][\/vc_accordion_tab][vc_accordion_tab title=\u00a0\u00bbR\u00c8GLEMENT SUR LA S\u00c9CURIT\u00c9 DANS LES \u00c9DIFICES PUBLICS, CHAPITRE S-3, R.2&Prime;][vc_column_text]Les \u00e9difices publics doivent \u00eatre pourvus de tous les moyens n\u00e9cessaires permettant aux occupants et au public d\u2019en sortir promptement et facilement en cas de feu, de panique ou de tout autre danger et d\u2019y s\u00e9journer et circuler en toute s\u00e9curit\u00e9. Ce r\u00e8glement traite des devoirs des propri\u00e9taires d\u2019\u00e9difices publics en ce qui a trait \u00e0 la construction, l\u2019am\u00e9nagement, l\u2019entretien et la mise en op\u00e9ration de ces \u00e9difices.<\/p>\n<p><a href=\"http:\/\/legisquebec.gouv.qc.ca\/fr\/showdoc\/cr\/S-3,%20r.%202\" target=\"_blank\" rel=\"noopener noreferrer\">http:\/\/legisquebec.gouv.qc.ca\/fr\/showdoc\/cr\/S-3,%20r.%202<\/a>[\/vc_column_text][\/vc_accordion_tab][vc_accordion_tab title=\u00a0\u00bbCODE DE S\u00c9CURIT\u00c9 POUR LES TRAVAUX DE CONSTRUCTION (CSTC)\u00a0\u00bb][vc_column_text]Ce code de s\u00e9curit\u00e9 s\u2019applique \u00e0 tout travail effectu\u00e9 sur un chantier de construction au sens de la Loi sur la sant\u00e9 et la s\u00e9curit\u00e9 du travail (LSST, chapitre S-2.1)<\/p>\n<p>Les chantiers de construction doivent \u00eatre am\u00e9nag\u00e9s et entretenus de fa\u00e7on \u00e0 assurer la s\u00e9curit\u00e9 du public et des travailleurs et offrir des conditions de propret\u00e9 et de salubrit\u00e9 n\u00e9cessaires \u00e0 leur sant\u00e9. Plusieurs travaux r\u00e9alis\u00e9s par des organismes aquatiques sont consid\u00e9r\u00e9s comme des travaux de construction, par exemple les travaux de r\u00e9fection majeure ou la r\u00e9novation d\u2019un \u00e9difice. Des r\u00e8gles de s\u00e9curit\u00e9 doivent \u00eatre respect\u00e9es lors de l\u2019ex\u00e9cution des certains travaux \u00e0 risque afin de sauvegarder la sant\u00e9, la s\u00e9curit\u00e9 et l\u2019int\u00e9grit\u00e9 physique des travailleurs.<\/p>\n<p>Toutefois, la finalit\u00e9 de l\u2019\u0153uvre ou la conception s\u00e9curitaire de l\u2019\u00e9tablissement et de ses composantes doit \u00eatre conforme au R\u00e8glement sur la sant\u00e9 et la s\u00e9curit\u00e9 du travail (RSST).<\/p>\n<p><a href=\"http:\/\/legisquebec.gouv.qc.ca\/fr\/showdoc\/cr\/S-2.1,%20r.%204\" target=\"_blank\" rel=\"noopener noreferrer\">http:\/\/legisquebec.gouv.qc.ca\/fr\/showdoc\/cr\/S-2.1,%20r.%204<\/a>[\/vc_column_text][\/vc_accordion_tab][vc_accordion_tab title=\u00a0\u00bbLOI SUR LES ACCIDENTS DU TRAVAIL ET LES MALADIES PROFESSIONNELLES (LATMP), CHAPITRE A-3.001&Prime;][vc_column_text]Cette loi a pour objet la r\u00e9paration des l\u00e9sions professionnelles et des cons\u00e9quences qu\u2019elles entra\u00eenent pour les b\u00e9n\u00e9ficiaires. Le processus de r\u00e9paration des l\u00e9sions professionnelles comprend la fourniture des soins n\u00e9cessaires \u00e0 la consolidation d\u2019une l\u00e9sion, la r\u00e9adaptation physique, sociale et professionnelle du travailleur victime d\u2019une l\u00e9sion, le paiement d\u2019indemnit\u00e9s de remplacement du revenu et d\u2019indemnit\u00e9s pour pr\u00e9judice corporel et, le cas \u00e9ch\u00e9ant, d\u2019indemnit\u00e9s de d\u00e9c\u00e8s.<\/p>\n<p>Cette loi conf\u00e8re en outre, dans les limites pr\u00e9vues au chapitre VII, le droit au retour au travail du travailleur victime d\u2019une l\u00e9sion professionnelle.<\/p>\n<p><a href=\"http:\/\/www.legisquebec.gouv.qc.ca\/fr\/showdoc\/cs\/A-3.001\" target=\"_blank\" rel=\"noopener noreferrer\">http:\/\/www.legisquebec.gouv.qc.ca\/fr\/showdoc\/cs\/A-3.001<\/a>[\/vc_column_text][\/vc_accordion_tab][vc_accordion_tab title=\u00a0\u00bbR\u00c8GLEMENT SUR LES NORMES MINIMALES DE PREMIERS SECOURS ET DE PREMIERS SOINS, CHAPITRE A-3.001, R.10&Prime;][vc_column_text]Ce r\u00e8glement, qui d\u00e9coule de la <a href=\"http:\/\/legisquebec.gouv.qc.ca\/fr\/showdoc\/cs\/a-3.001\" target=\"_blank\" rel=\"noopener noreferrer\">Loi sur les accidents de travail et les maladies professionnelles<\/a>, s\u2019applique \u00e0 tout \u00e9tablissement pour donner les premiers secours n\u00e9cessaires aux travailleurs en cas de l\u00e9sion professionnelle, ainsi qu\u2019\u00e0 tout chantier de construction occupant simultan\u00e9ment au moins 10 travailleurs \u00e0 un moment donn\u00e9 des travaux. Il ne s\u2019applique pas aux \u00e9tablissements du r\u00e9seau des affaires sociales, au sens de la Loi sur les services de sant\u00e9 et les services sociaux (L.R.Q., c. S-4.2), qui ont \u00e0 leur service du personnel m\u00e9dical ou infirmier qualifi\u00e9.<\/p>\n<p>Il traite des sujets suivants :<\/p>\n<ul>\n<li>Le nombre et les qualifications des secouristes, ainsi que le contenu des trousses de premiers soins dans un \u00e9tablissement (section Il)<\/li>\n<li>Le nombre et les qualifications des secouristes, ainsi que le contenu des trousses de premiers soins sur un chantier de construction (section Ill)<\/li>\n<li>Le local \u00e0 l\u2019usage du secouriste (section IV)<\/li>\n<li>La communication avec les services de premiers soins (section V)<\/li>\n<li>L\u2019affichage (section VI)<\/li>\n<li>Le registre des premiers secours (section VII)<\/li>\n<li>Le financement (section VIII)<\/li>\n<li>L\u2019infirmi\u00e8re, l\u2019infirmier et le local (section IX)<\/li>\n<\/ul>\n<p><a href=\"http:\/\/legisquebec.gouv.qc.ca\/fr\/ShowDoc\/cr\/A-3.001,%20r.%2010\" target=\"_blank\" rel=\"noopener noreferrer\">http:\/\/legisquebec.gouv.qc.ca\/fr\/ShowDoc\/cr\/A-3.001,%20r.%2010<\/a>[\/vc_column_text][\/vc_accordion_tab][\/vc_accordion][\/vc_column][\/vc_row][vc_row][\/vc_row][vc_row row_height_percent=\u00a0\u00bb0&Prime; overlay_alpha=\u00a0\u00bb50&Prime; gutter_size=\u00a0\u00bb3&Prime; shift_y=\u00a0\u00bb0&Prime; css=\u00a0\u00bb.vc_custom_1569108843026{margin-bottom: 50px !important;}\u00a0\u00bb][vc_column width=\u00a0\u00bb1\/1&Prime;][vc_button button_color=\u00a0\u00bbaccent\u00a0\u00bb size=\u00a0\u00bbbtn-lg\u00a0\u00bb radius=\u00a0\u00bbbtn-circle\u00a0\u00bb link=\u00a0\u00bburl:https%3A%2F%2Fwww.guides-sports-loisirs.ca%2Fpiscines-et-pataugeoires%2Fwp-content%2Fuploads%2Fsites%2F12%2F2017%2F03%2F3.5_LoisReglementsNormes_AutresDispositionsReg_Web.pdf||target:%20_blank|\u00a0\u00bb icon=\u00a0\u00bbfa fa-file-o\u00a0\u00bb el_class=\u00a0\u00bbbtn-pdf\u00a0\u00bb]Version PDF[\/vc_button][\/vc_column][\/vc_row]<\/p>\n<\/div>","protected":false},"excerpt":{"rendered":"<p>[vc_row][vc_column width=\u00a0\u00bb1\/1&Prime;][vc_accordion active_tab=\u00a0\u00bb0&Prime;][vc_accordion_tab title=\u00a0\u00bbDIMENSIONS MINIMALES DES INSTALLATIONS DE PLONGEON\u00a0\u00bb][vc_column_text]Sch\u00e9ma illustrant les dimensions minimales des installations de plongeon (article 16 du [&hellip;]<\/p>\n","protected":false},"author":11,"featured_media":0,"parent":2255,"menu_order":22,"comment_status":"closed","ping_status":"closed","template":"","meta":{"_acf_changed":false,"footnotes":""},"class_list":["post-2841","page","type-page","status-publish","hentry"],"acf":[],"yoast_head":"<!-- This site is optimized with the Yoast SEO plugin v27.2 - https:\/\/yoast.com\/product\/yoast-seo-wordpress\/ -->\n<title>Autres dispositions r\u00e9glementaires - Piscines et pataugeoires<\/title>\n<meta name=\"robots\" content=\"index, follow, max-snippet:-1, max-image-preview:large, max-video-preview:-1\" \/>\n<link rel=\"canonical\" href=\"https:\/\/www.guides-sports-loisirs.ca\/piscines-et-pataugeoires\/lois-reglements-normes\/autres-dispositions-reglementaires\/\" \/>\n<meta property=\"og:locale\" content=\"fr_FR\" \/>\n<meta property=\"og:type\" content=\"article\" \/>\n<meta property=\"og:title\" content=\"Autres dispositions r\u00e9glementaires - Piscines et pataugeoires\" \/>\n<meta property=\"og:description\" content=\"[vc_row][vc_column width=\u00a0\u00bb1\/1&Prime;][vc_accordion active_tab=\u00a0\u00bb0&Prime;][vc_accordion_tab title=\u00a0\u00bbDIMENSIONS MINIMALES DES INSTALLATIONS DE PLONGEON\u00a0\u00bb][vc_column_text]Sch\u00e9ma illustrant les dimensions minimales des installations de plongeon (article 16 du [&hellip;]\" \/>\n<meta property=\"og:url\" content=\"https:\/\/www.guides-sports-loisirs.ca\/piscines-et-pataugeoires\/lois-reglements-normes\/autres-dispositions-reglementaires\/\" \/>\n<meta property=\"og:site_name\" content=\"Piscines et pataugeoires\" \/>\n<meta property=\"article:modified_time\" content=\"2020-08-17T17:37:00+00:00\" \/>\n<meta name=\"twitter:card\" content=\"summary_large_image\" \/>\n<meta name=\"twitter:label1\" content=\"Dur\u00e9e de lecture estim\u00e9e\" \/>\n\t<meta name=\"twitter:data1\" content=\"5 minutes\" \/>\n<script type=\"application\/ld+json\" class=\"yoast-schema-graph\">{\"@context\":\"https:\/\/schema.org\",\"@graph\":[{\"@type\":\"WebPage\",\"@id\":\"https:\/\/www.guides-sports-loisirs.ca\/piscines-et-pataugeoires\/lois-reglements-normes\/autres-dispositions-reglementaires\/\",\"url\":\"https:\/\/www.guides-sports-loisirs.ca\/piscines-et-pataugeoires\/lois-reglements-normes\/autres-dispositions-reglementaires\/\",\"name\":\"Autres dispositions r\u00e9glementaires - Piscines et pataugeoires\",\"isPartOf\":{\"@id\":\"https:\/\/www.guides-sports-loisirs.ca\/piscines-et-pataugeoires\/#website\"},\"datePublished\":\"2020-08-10T17:27:38+00:00\",\"dateModified\":\"2020-08-17T17:37:00+00:00\",\"breadcrumb\":{\"@id\":\"https:\/\/www.guides-sports-loisirs.ca\/piscines-et-pataugeoires\/lois-reglements-normes\/autres-dispositions-reglementaires\/#breadcrumb\"},\"inLanguage\":\"fr-FR\",\"potentialAction\":[{\"@type\":\"ReadAction\",\"target\":[\"https:\/\/www.guides-sports-loisirs.ca\/piscines-et-pataugeoires\/lois-reglements-normes\/autres-dispositions-reglementaires\/\"]}]},{\"@type\":\"BreadcrumbList\",\"@id\":\"https:\/\/www.guides-sports-loisirs.ca\/piscines-et-pataugeoires\/lois-reglements-normes\/autres-dispositions-reglementaires\/#breadcrumb\",\"itemListElement\":[{\"@type\":\"ListItem\",\"position\":1,\"name\":\"Accueil\",\"item\":\"https:\/\/www.guides-sports-loisirs.ca\/piscines-et-pataugeoires\/\"},{\"@type\":\"ListItem\",\"position\":2,\"name\":\"Lois, r\u00e8glements et normes\",\"item\":\"https:\/\/www.guides-sports-loisirs.ca\/piscines-et-pataugeoires\/lois-reglements-normes\/\"},{\"@type\":\"ListItem\",\"position\":3,\"name\":\"Autres dispositions r\u00e9glementaires\"}]},{\"@type\":\"WebSite\",\"@id\":\"https:\/\/www.guides-sports-loisirs.ca\/piscines-et-pataugeoires\/#website\",\"url\":\"https:\/\/www.guides-sports-loisirs.ca\/piscines-et-pataugeoires\/\",\"name\":\"Piscines et pataugeoires\",\"description\":\"Veloparcs\",\"potentialAction\":[{\"@type\":\"SearchAction\",\"target\":{\"@type\":\"EntryPoint\",\"urlTemplate\":\"https:\/\/www.guides-sports-loisirs.ca\/piscines-et-pataugeoires\/?s={search_term_string}\"},\"query-input\":{\"@type\":\"PropertyValueSpecification\",\"valueRequired\":true,\"valueName\":\"search_term_string\"}}],\"inLanguage\":\"fr-FR\"}]}<\/script>\n<!-- \/ Yoast SEO plugin. -->","yoast_head_json":{"title":"Autres dispositions r\u00e9glementaires - Piscines et pataugeoires","robots":{"index":"index","follow":"follow","max-snippet":"max-snippet:-1","max-image-preview":"max-image-preview:large","max-video-preview":"max-video-preview:-1"},"canonical":"https:\/\/www.guides-sports-loisirs.ca\/piscines-et-pataugeoires\/lois-reglements-normes\/autres-dispositions-reglementaires\/","og_locale":"fr_FR","og_type":"article","og_title":"Autres dispositions r\u00e9glementaires - Piscines et pataugeoires","og_description":"[vc_row][vc_column width=\u00a0\u00bb1\/1&Prime;][vc_accordion active_tab=\u00a0\u00bb0&Prime;][vc_accordion_tab title=\u00a0\u00bbDIMENSIONS MINIMALES DES INSTALLATIONS DE PLONGEON\u00a0\u00bb][vc_column_text]Sch\u00e9ma illustrant les dimensions minimales des installations de plongeon (article 16 du [&hellip;]","og_url":"https:\/\/www.guides-sports-loisirs.ca\/piscines-et-pataugeoires\/lois-reglements-normes\/autres-dispositions-reglementaires\/","og_site_name":"Piscines et pataugeoires","article_modified_time":"2020-08-17T17:37:00+00:00","twitter_card":"summary_large_image","twitter_misc":{"Dur\u00e9e de lecture estim\u00e9e":"5 minutes"},"schema":{"@context":"https:\/\/schema.org","@graph":[{"@type":"WebPage","@id":"https:\/\/www.guides-sports-loisirs.ca\/piscines-et-pataugeoires\/lois-reglements-normes\/autres-dispositions-reglementaires\/","url":"https:\/\/www.guides-sports-loisirs.ca\/piscines-et-pataugeoires\/lois-reglements-normes\/autres-dispositions-reglementaires\/","name":"Autres dispositions r\u00e9glementaires - Piscines et pataugeoires","isPartOf":{"@id":"https:\/\/www.guides-sports-loisirs.ca\/piscines-et-pataugeoires\/#website"},"datePublished":"2020-08-10T17:27:38+00:00","dateModified":"2020-08-17T17:37:00+00:00","breadcrumb":{"@id":"https:\/\/www.guides-sports-loisirs.ca\/piscines-et-pataugeoires\/lois-reglements-normes\/autres-dispositions-reglementaires\/#breadcrumb"},"inLanguage":"fr-FR","potentialAction":[{"@type":"ReadAction","target":["https:\/\/www.guides-sports-loisirs.ca\/piscines-et-pataugeoires\/lois-reglements-normes\/autres-dispositions-reglementaires\/"]}]},{"@type":"BreadcrumbList","@id":"https:\/\/www.guides-sports-loisirs.ca\/piscines-et-pataugeoires\/lois-reglements-normes\/autres-dispositions-reglementaires\/#breadcrumb","itemListElement":[{"@type":"ListItem","position":1,"name":"Accueil","item":"https:\/\/www.guides-sports-loisirs.ca\/piscines-et-pataugeoires\/"},{"@type":"ListItem","position":2,"name":"Lois, r\u00e8glements et normes","item":"https:\/\/www.guides-sports-loisirs.ca\/piscines-et-pataugeoires\/lois-reglements-normes\/"},{"@type":"ListItem","position":3,"name":"Autres dispositions r\u00e9glementaires"}]},{"@type":"WebSite","@id":"https:\/\/www.guides-sports-loisirs.ca\/piscines-et-pataugeoires\/#website","url":"https:\/\/www.guides-sports-loisirs.ca\/piscines-et-pataugeoires\/","name":"Piscines et pataugeoires","description":"Veloparcs","potentialAction":[{"@type":"SearchAction","target":{"@type":"EntryPoint","urlTemplate":"https:\/\/www.guides-sports-loisirs.ca\/piscines-et-pataugeoires\/?s={search_term_string}"},"query-input":{"@type":"PropertyValueSpecification","valueRequired":true,"valueName":"search_term_string"}}],"inLanguage":"fr-FR"}]}},"_links":{"self":[{"href":"https:\/\/www.guides-sports-loisirs.ca\/piscines-et-pataugeoires\/wp-json\/wp\/v2\/pages\/2841","targetHints":{"allow":["GET"]}}],"collection":[{"href":"https:\/\/www.guides-sports-loisirs.ca\/piscines-et-pataugeoires\/wp-json\/wp\/v2\/pages"}],"about":[{"href":"https:\/\/www.guides-sports-loisirs.ca\/piscines-et-pataugeoires\/wp-json\/wp\/v2\/types\/page"}],"author":[{"embeddable":true,"href":"https:\/\/www.guides-sports-loisirs.ca\/piscines-et-pataugeoires\/wp-json\/wp\/v2\/users\/11"}],"replies":[{"embeddable":true,"href":"https:\/\/www.guides-sports-loisirs.ca\/piscines-et-pataugeoires\/wp-json\/wp\/v2\/comments?post=2841"}],"version-history":[{"count":4,"href":"https:\/\/www.guides-sports-loisirs.ca\/piscines-et-pataugeoires\/wp-json\/wp\/v2\/pages\/2841\/revisions"}],"predecessor-version":[{"id":3219,"href":"https:\/\/www.guides-sports-loisirs.ca\/piscines-et-pataugeoires\/wp-json\/wp\/v2\/pages\/2841\/revisions\/3219"}],"up":[{"embeddable":true,"href":"https:\/\/www.guides-sports-loisirs.ca\/piscines-et-pataugeoires\/wp-json\/wp\/v2\/pages\/2255"}],"wp:attachment":[{"href":"https:\/\/www.guides-sports-loisirs.ca\/piscines-et-pataugeoires\/wp-json\/wp\/v2\/media?parent=2841"}],"curies":[{"name":"wp","href":"https:\/\/api.w.org\/{rel}","templated":true}]}}