{"id":2617,"date":"2020-08-10T12:00:22","date_gmt":"2020-08-10T16:00:22","guid":{"rendered":"https:\/\/www.guides-sports-loisirs.ca\/piscines-et-pataugeoires\/?page_id=2617"},"modified":"2020-08-17T13:37:52","modified_gmt":"2020-08-17T17:37:52","slug":"sante-securite-travail","status":"publish","type":"page","link":"https:\/\/www.guides-sports-loisirs.ca\/piscines-et-pataugeoires\/lois-reglements-normes\/sante-securite-travail\/","title":{"rendered":"Sant\u00e9 et s\u00e9curit\u00e9 du travail"},"content":{"rendered":"<div class=\"wpb-content-wrapper\"><p>[vc_row][vc_column width=\u00a0\u00bb1\/1&Prime;][vc_accordion active_tab=\u00a0\u00bb0&Prime;][vc_accordion_tab title=\u00a0\u00bbAPER\u00c7U\u00a0\u00bb][vc_column_text css=\u00a0\u00bb.vc_custom_1597078408339{margin-bottom: 20px !important;}\u00a0\u00bb]Au Qu\u00e9bec, les pratiques en sant\u00e9 et s\u00e9curit\u00e9 du travail sont r\u00e9gies par un ensemble de lois et de r\u00e8glements. Les plus importants sont pr\u00e9sent\u00e9s sur le site de l\u2019APSAM. <a href=\"https:\/\/www.apsam.com\/theme\/gestion\/legislation\" target=\"_blank\" rel=\"noopener noreferrer\">https:\/\/www.apsam.com\/theme\/gestion\/legislation<\/a>[\/vc_column_text][vc_single_image media=\u00a0\u00bb2822&Prime; media_lightbox=\u00a0\u00bbyes\u00a0\u00bb media_width_percent=\u00a0\u00bb65&Prime; css_animation=\u00a0\u00bbzoom-in\u00a0\u00bb lbox_skin=\u00a0\u00bbwhite\u00a0\u00bb el_class=\u00a0\u00bbtable-image\u00a0\u00bb][vc_column_text css=\u00a0\u00bb.vc_custom_1597078414661{margin-top: 20px !important;}\u00a0\u00bb]En 2004, la Loi C-21 a modifi\u00e9 le Code criminel du Canada afin de faciliter les poursuites contre les organisations et ses agents qui font preuve de n\u00e9gligence criminelle en mati\u00e8re de sant\u00e9 et s\u00e9curit\u00e9 au travail.<\/p>\n<p>Ainsi, une organisation ou une personne pourrait \u00eatre reconnue coupable de n\u00e9gligence criminelle qui, \u00ab a) soit en faisant quelque chose; b) soit en omettant de faire quelque chose qu\u2019il est de son devoir d\u2019accomplir, montre une insouciance d\u00e9r\u00e9gl\u00e9e ou t\u00e9m\u00e9raire \u00e0 l\u2019\u00e9gard de la vie ou de la s\u00e9curit\u00e9 d\u2019autrui \u00bb. (Art. 219 du Code criminel)<\/p>\n<p>L\u2019article 217.1 du Code criminel cr\u00e9e un devoir de supervision : \u00ab Il incombe \u00e0 quiconque dirige l\u2019accomplissement d\u2019un travail ou d\u2019une t\u00e2che ou est habilit\u00e9 \u00e0 le faire de prendre les mesures voulues pour \u00e9viter qu\u2019il n\u2019en r\u00e9sulte une blessure corporelle pour autrui. \u00bb Il faut donc faire preuve de diligence raisonnable. <a href=\"https:\/\/www.apsam.com\/theme\/gestion\/legislation\/diligence-raisonnable\" target=\"_blank\" rel=\"noopener noreferrer\">https:\/\/www.apsam.com\/theme\/gestion\/legislation\/diligence-raisonnable<\/a><\/p>\n<p>Cet article n\u2019\u00e9pargne personne, aucun niveau hi\u00e9rarchique, tant les organisations que tout agent ou individu qui dirige l\u2019accomplissement d\u2019un travail : cadre sup\u00e9rieur, directeur, contrema\u00eetre, chef d\u2019\u00e9quipe et travailleurs.<\/p>\n<p>Ainsi, quiconque ne fait pas preuve de diligence raisonnable en mati\u00e8re de pr\u00e9vention des risques d\u2019accident mortel peut faire l\u2019objet de poursuites criminelles entra\u00eenant des amendes et, dans certains cas, des peines d\u2019emprisonnement.<br \/>\n<a href=\"https:\/\/www.apsam.com\/theme\/gestion\/legislation\/infractions-et-peines\" target=\"_blank\" rel=\"noopener noreferrer\">https:\/\/www.apsam.com\/theme\/gestion\/legislation\/infractions-et-peines<\/a>[\/vc_column_text][\/vc_accordion_tab][vc_accordion_tab title=\u00a0\u00bbLOI SUR LA SANT\u00c9 ET LA S\u00c9CURIT\u00c9 DU TRAVAIL (LSST)\u00a0\u00bb][vc_column_text]En 1979, le gouvernement du Qu\u00e9bec a adopt\u00e9 la Loi sur la sant\u00e9 et la s\u00e9curit\u00e9 du travail. L\u2019objectif premier de cette loi vise l\u2019\u00e9limination \u00e0 la source des dangers pour la sant\u00e9, la s\u00e9curit\u00e9 et l\u2019int\u00e9grit\u00e9 physique des travailleurs. Toutes les entreprises qu\u00e9b\u00e9coises, qu\u2019elles soient publiques ou priv\u00e9es, sont r\u00e9gies par la LSST, qui constitue les droits et obligations minimales en mati\u00e8re de sant\u00e9 et de s\u00e9curit\u00e9 du travail.<\/p>\n<p>&nbsp;<\/p>\n<h3>Droits et obligations de l\u2019employeur et du travailleur<\/h3>\n<p>La Loi sur la sant\u00e9 et la s\u00e9curit\u00e9 du travail accorde des droits et impose des obligations \u00e0 l\u2019employeur et au travailleur.<br \/>\n<a href=\"https:\/\/www.apsam.com\/theme\/gestion\/legislation\/droits-et-obligations\" target=\"_blank\" rel=\"noopener noreferrer\">https:\/\/www.apsam.com\/theme\/gestion\/legislation\/droits-et-obligations<\/a><\/p>\n<ul>\n<li>Droits de l\u2019employeur (art. 50)<\/li>\n<li>Droits du travailleur (art. 9 et suivants)<\/li>\n<li>Droits g\u00e9n\u00e9raux (art. 9 et 10)<\/li>\n<li>Droits sp\u00e9cifiques\n<ul>\n<li>Droit de refus (art. 12)<\/li>\n<li>Retrait pr\u00e9ventif (art. 32)<\/li>\n<li>Retrait pr\u00e9ventif de la travailleuse enceinte ou qui allaite (art. 40)<\/li>\n<\/ul>\n<\/li>\n<li>Obligations de l\u2019employeur (art. 51)<\/li>\n<li>Obligations du travailleur (art. 49)<\/li>\n<\/ul>\n<p>&nbsp;<\/p>\n<h3>Sous-traitance et ma\u00eetrise d\u2019\u0153uvre<\/h3>\n<p>Il n\u2019est pas rare qu\u2019un organisme ait recours \u00e0 un sous-traitant, c\u2019est-\u00e0-dire \u00e0 une personne morale ou physique charg\u00e9e d\u2019ex\u00e9cuter un travail ou un ouvrage pour le compte de la municipalit\u00e9 (Dictionnaire de droit qu\u00e9b\u00e9cois et canadien, 2019). La sous-traitance implique que diff\u00e9rents travailleurs peuvent se retrouver sur les lieux de travail de la municipalit\u00e9 ou sous le contr\u00f4le de ses repr\u00e9sentants. Il importe donc de d\u00e9terminer la port\u00e9e des responsabilit\u00e9s de chaque acteur (municipalit\u00e9, sous-traitant et travailleur) en la mati\u00e8re.<\/p>\n<p>En vertu de l\u2019article 56 de la Loi sur la sant\u00e9 et la s\u00e9curit\u00e9 du travail, \u00ab lorsqu\u2019un m\u00eame \u00e9difice est utilis\u00e9 par plusieurs employeurs1, le propri\u00e9taire doit faire en sorte que, dans les parties qui ne sont pas sous l\u2019autorit\u00e9 d\u2019un employeur, les mesures n\u00e9cessaires pour prot\u00e9ger la sant\u00e9 et assurer la s\u00e9curit\u00e9 des travailleurs soient prises \u00bb.<br \/>\n<a href=\"https:\/\/www.apsam.com\/theme\/gestion\/legislation\/sous-traitance-et-maitrise-doeuvre\" target=\"_blank\" rel=\"noopener noreferrer\">https:\/\/www.apsam.com\/theme\/gestion\/legislation\/sous-traitance-et-maitrise-doeuvre<\/a><\/p>\n<p>Plusieurs situations de travail en milieu aquatique trouvent des \u00e9chos dans les lois et r\u00e8glements. Une analyse approfondie de chaque t\u00e2che doit \u00eatre effectu\u00e9e avec l\u2019aide des travailleurs afin de comprendre globalement les \u00e9tapes, les risques et les mesures de pr\u00e9vention qui pourraient s\u2019appliquer.<br \/>\n<a href=\"https:\/\/www.apsam.com\/clientele\/cols-blancs\/piscines\" target=\"_blank\" rel=\"noopener noreferrer\">https:\/\/www.apsam.com\/clientele\/cols-blancs\/piscines<\/a>.<\/p>\n<p>Rappelons que l\u2019objectif de la LSST est d\u2019\u00e9liminer \u00e0 la source les dangers, par exemple en rempla\u00e7ant un produit toxique par un produit non toxique ou en effectuant un travail en dehors du bassin d\u2019\u00e9quilibre au lieu de devoir entrer dans ce bassin qui est un espace clos. Si le danger ne peut \u00eatre \u00e9limin\u00e9, il doit \u00eatre r\u00e9duit; par exemple, un travailleur effectue des travaux en bordure de piscine quand les sauveteurs sont toujours pr\u00e9sents, ou encore le danger sera contr\u00f4l\u00e9 en utilisant des moyens de protection collectifs ou individuels.<\/p>\n<p>&nbsp;<\/p>\n<p>1. \u00c0 noter que dans le cas des partenariats public-priv\u00e9, il est important d\u2019identifier qui porte la responsabilit\u00e9 du propri\u00e9taire.[\/vc_column_text][\/vc_accordion_tab][\/vc_accordion][\/vc_column][\/vc_row][vc_row][\/vc_row][vc_row row_height_percent=\u00a0\u00bb0&Prime; overlay_alpha=\u00a0\u00bb50&Prime; gutter_size=\u00a0\u00bb3&Prime; shift_y=\u00a0\u00bb0&Prime; css=\u00a0\u00bb.vc_custom_1569108843026{margin-bottom: 50px !important;}\u00a0\u00bb][vc_column width=\u00a0\u00bb1\/1&Prime;][vc_button button_color=\u00a0\u00bbaccent\u00a0\u00bb size=\u00a0\u00bbbtn-lg\u00a0\u00bb radius=\u00a0\u00bbbtn-circle\u00a0\u00bb link=\u00a0\u00bburl:https%3A%2F%2Fwww.guides-sports-loisirs.ca%2Fpiscines-et-pataugeoires%2Fwp-content%2Fuploads%2Fsites%2F12%2F2017%2F03%2F3.3_LoisReglementsNormes_SanteSecuriteTravail_Web.pdf||target:%20_blank|\u00a0\u00bb icon=\u00a0\u00bbfa fa-file-o\u00a0\u00bb el_class=\u00a0\u00bbbtn-pdf\u00a0\u00bb]Version PDF[\/vc_button][\/vc_column][\/vc_row]<\/p>\n<\/div>","protected":false},"excerpt":{"rendered":"<p>[vc_row][vc_column width=\u00a0\u00bb1\/1&Prime;][vc_accordion active_tab=\u00a0\u00bb0&Prime;][vc_accordion_tab title=\u00a0\u00bbAPER\u00c7U\u00a0\u00bb][vc_column_text css=\u00a0\u00bb.vc_custom_1597078408339{margin-bottom: 20px !important;}\u00a0\u00bb]Au Qu\u00e9bec, les pratiques en sant\u00e9 et s\u00e9curit\u00e9 du travail sont r\u00e9gies par un [&hellip;]<\/p>\n","protected":false},"author":11,"featured_media":0,"parent":2255,"menu_order":21,"comment_status":"closed","ping_status":"closed","template":"","meta":{"_acf_changed":false,"footnotes":""},"class_list":["post-2617","page","type-page","status-publish","hentry"],"acf":[],"yoast_head":"<!-- This site is optimized with the Yoast SEO plugin v27.2 - https:\/\/yoast.com\/product\/yoast-seo-wordpress\/ -->\n<title>Sant\u00e9 et s\u00e9curit\u00e9 du travail - Piscines et pataugeoires<\/title>\n<meta name=\"robots\" content=\"index, follow, max-snippet:-1, max-image-preview:large, max-video-preview:-1\" \/>\n<link rel=\"canonical\" href=\"https:\/\/www.guides-sports-loisirs.ca\/piscines-et-pataugeoires\/lois-reglements-normes\/sante-securite-travail\/\" \/>\n<meta property=\"og:locale\" content=\"fr_FR\" \/>\n<meta property=\"og:type\" content=\"article\" \/>\n<meta property=\"og:title\" content=\"Sant\u00e9 et s\u00e9curit\u00e9 du travail - Piscines et pataugeoires\" \/>\n<meta property=\"og:description\" content=\"[vc_row][vc_column width=\u00a0\u00bb1\/1&Prime;][vc_accordion active_tab=\u00a0\u00bb0&Prime;][vc_accordion_tab title=\u00a0\u00bbAPER\u00c7U\u00a0\u00bb][vc_column_text css=\u00a0\u00bb.vc_custom_1597078408339{margin-bottom: 20px !important;}\u00a0\u00bb]Au Qu\u00e9bec, les pratiques en sant\u00e9 et s\u00e9curit\u00e9 du travail sont r\u00e9gies par un [&hellip;]\" \/>\n<meta property=\"og:url\" content=\"https:\/\/www.guides-sports-loisirs.ca\/piscines-et-pataugeoires\/lois-reglements-normes\/sante-securite-travail\/\" \/>\n<meta property=\"og:site_name\" content=\"Piscines et pataugeoires\" \/>\n<meta property=\"article:modified_time\" content=\"2020-08-17T17:37:52+00:00\" \/>\n<meta name=\"twitter:card\" content=\"summary_large_image\" \/>\n<meta name=\"twitter:label1\" content=\"Dur\u00e9e de lecture estim\u00e9e\" \/>\n\t<meta name=\"twitter:data1\" content=\"5 minutes\" \/>\n<script type=\"application\/ld+json\" class=\"yoast-schema-graph\">{\"@context\":\"https:\/\/schema.org\",\"@graph\":[{\"@type\":\"WebPage\",\"@id\":\"https:\/\/www.guides-sports-loisirs.ca\/piscines-et-pataugeoires\/lois-reglements-normes\/sante-securite-travail\/\",\"url\":\"https:\/\/www.guides-sports-loisirs.ca\/piscines-et-pataugeoires\/lois-reglements-normes\/sante-securite-travail\/\",\"name\":\"Sant\u00e9 et s\u00e9curit\u00e9 du travail - Piscines et pataugeoires\",\"isPartOf\":{\"@id\":\"https:\/\/www.guides-sports-loisirs.ca\/piscines-et-pataugeoires\/#website\"},\"datePublished\":\"2020-08-10T16:00:22+00:00\",\"dateModified\":\"2020-08-17T17:37:52+00:00\",\"breadcrumb\":{\"@id\":\"https:\/\/www.guides-sports-loisirs.ca\/piscines-et-pataugeoires\/lois-reglements-normes\/sante-securite-travail\/#breadcrumb\"},\"inLanguage\":\"fr-FR\",\"potentialAction\":[{\"@type\":\"ReadAction\",\"target\":[\"https:\/\/www.guides-sports-loisirs.ca\/piscines-et-pataugeoires\/lois-reglements-normes\/sante-securite-travail\/\"]}]},{\"@type\":\"BreadcrumbList\",\"@id\":\"https:\/\/www.guides-sports-loisirs.ca\/piscines-et-pataugeoires\/lois-reglements-normes\/sante-securite-travail\/#breadcrumb\",\"itemListElement\":[{\"@type\":\"ListItem\",\"position\":1,\"name\":\"Accueil\",\"item\":\"https:\/\/www.guides-sports-loisirs.ca\/piscines-et-pataugeoires\/\"},{\"@type\":\"ListItem\",\"position\":2,\"name\":\"Lois, r\u00e8glements et normes\",\"item\":\"https:\/\/www.guides-sports-loisirs.ca\/piscines-et-pataugeoires\/lois-reglements-normes\/\"},{\"@type\":\"ListItem\",\"position\":3,\"name\":\"Sant\u00e9 et s\u00e9curit\u00e9 du travail\"}]},{\"@type\":\"WebSite\",\"@id\":\"https:\/\/www.guides-sports-loisirs.ca\/piscines-et-pataugeoires\/#website\",\"url\":\"https:\/\/www.guides-sports-loisirs.ca\/piscines-et-pataugeoires\/\",\"name\":\"Piscines et pataugeoires\",\"description\":\"Veloparcs\",\"potentialAction\":[{\"@type\":\"SearchAction\",\"target\":{\"@type\":\"EntryPoint\",\"urlTemplate\":\"https:\/\/www.guides-sports-loisirs.ca\/piscines-et-pataugeoires\/?s={search_term_string}\"},\"query-input\":{\"@type\":\"PropertyValueSpecification\",\"valueRequired\":true,\"valueName\":\"search_term_string\"}}],\"inLanguage\":\"fr-FR\"}]}<\/script>\n<!-- \/ Yoast SEO plugin. -->","yoast_head_json":{"title":"Sant\u00e9 et s\u00e9curit\u00e9 du travail - Piscines et pataugeoires","robots":{"index":"index","follow":"follow","max-snippet":"max-snippet:-1","max-image-preview":"max-image-preview:large","max-video-preview":"max-video-preview:-1"},"canonical":"https:\/\/www.guides-sports-loisirs.ca\/piscines-et-pataugeoires\/lois-reglements-normes\/sante-securite-travail\/","og_locale":"fr_FR","og_type":"article","og_title":"Sant\u00e9 et s\u00e9curit\u00e9 du travail - Piscines et pataugeoires","og_description":"[vc_row][vc_column width=\u00a0\u00bb1\/1&Prime;][vc_accordion active_tab=\u00a0\u00bb0&Prime;][vc_accordion_tab title=\u00a0\u00bbAPER\u00c7U\u00a0\u00bb][vc_column_text css=\u00a0\u00bb.vc_custom_1597078408339{margin-bottom: 20px !important;}\u00a0\u00bb]Au Qu\u00e9bec, les pratiques en sant\u00e9 et s\u00e9curit\u00e9 du travail sont r\u00e9gies par un [&hellip;]","og_url":"https:\/\/www.guides-sports-loisirs.ca\/piscines-et-pataugeoires\/lois-reglements-normes\/sante-securite-travail\/","og_site_name":"Piscines et pataugeoires","article_modified_time":"2020-08-17T17:37:52+00:00","twitter_card":"summary_large_image","twitter_misc":{"Dur\u00e9e de lecture estim\u00e9e":"5 minutes"},"schema":{"@context":"https:\/\/schema.org","@graph":[{"@type":"WebPage","@id":"https:\/\/www.guides-sports-loisirs.ca\/piscines-et-pataugeoires\/lois-reglements-normes\/sante-securite-travail\/","url":"https:\/\/www.guides-sports-loisirs.ca\/piscines-et-pataugeoires\/lois-reglements-normes\/sante-securite-travail\/","name":"Sant\u00e9 et s\u00e9curit\u00e9 du travail - Piscines et pataugeoires","isPartOf":{"@id":"https:\/\/www.guides-sports-loisirs.ca\/piscines-et-pataugeoires\/#website"},"datePublished":"2020-08-10T16:00:22+00:00","dateModified":"2020-08-17T17:37:52+00:00","breadcrumb":{"@id":"https:\/\/www.guides-sports-loisirs.ca\/piscines-et-pataugeoires\/lois-reglements-normes\/sante-securite-travail\/#breadcrumb"},"inLanguage":"fr-FR","potentialAction":[{"@type":"ReadAction","target":["https:\/\/www.guides-sports-loisirs.ca\/piscines-et-pataugeoires\/lois-reglements-normes\/sante-securite-travail\/"]}]},{"@type":"BreadcrumbList","@id":"https:\/\/www.guides-sports-loisirs.ca\/piscines-et-pataugeoires\/lois-reglements-normes\/sante-securite-travail\/#breadcrumb","itemListElement":[{"@type":"ListItem","position":1,"name":"Accueil","item":"https:\/\/www.guides-sports-loisirs.ca\/piscines-et-pataugeoires\/"},{"@type":"ListItem","position":2,"name":"Lois, r\u00e8glements et normes","item":"https:\/\/www.guides-sports-loisirs.ca\/piscines-et-pataugeoires\/lois-reglements-normes\/"},{"@type":"ListItem","position":3,"name":"Sant\u00e9 et s\u00e9curit\u00e9 du travail"}]},{"@type":"WebSite","@id":"https:\/\/www.guides-sports-loisirs.ca\/piscines-et-pataugeoires\/#website","url":"https:\/\/www.guides-sports-loisirs.ca\/piscines-et-pataugeoires\/","name":"Piscines et pataugeoires","description":"Veloparcs","potentialAction":[{"@type":"SearchAction","target":{"@type":"EntryPoint","urlTemplate":"https:\/\/www.guides-sports-loisirs.ca\/piscines-et-pataugeoires\/?s={search_term_string}"},"query-input":{"@type":"PropertyValueSpecification","valueRequired":true,"valueName":"search_term_string"}}],"inLanguage":"fr-FR"}]}},"_links":{"self":[{"href":"https:\/\/www.guides-sports-loisirs.ca\/piscines-et-pataugeoires\/wp-json\/wp\/v2\/pages\/2617","targetHints":{"allow":["GET"]}}],"collection":[{"href":"https:\/\/www.guides-sports-loisirs.ca\/piscines-et-pataugeoires\/wp-json\/wp\/v2\/pages"}],"about":[{"href":"https:\/\/www.guides-sports-loisirs.ca\/piscines-et-pataugeoires\/wp-json\/wp\/v2\/types\/page"}],"author":[{"embeddable":true,"href":"https:\/\/www.guides-sports-loisirs.ca\/piscines-et-pataugeoires\/wp-json\/wp\/v2\/users\/11"}],"replies":[{"embeddable":true,"href":"https:\/\/www.guides-sports-loisirs.ca\/piscines-et-pataugeoires\/wp-json\/wp\/v2\/comments?post=2617"}],"version-history":[{"count":10,"href":"https:\/\/www.guides-sports-loisirs.ca\/piscines-et-pataugeoires\/wp-json\/wp\/v2\/pages\/2617\/revisions"}],"predecessor-version":[{"id":3221,"href":"https:\/\/www.guides-sports-loisirs.ca\/piscines-et-pataugeoires\/wp-json\/wp\/v2\/pages\/2617\/revisions\/3221"}],"up":[{"embeddable":true,"href":"https:\/\/www.guides-sports-loisirs.ca\/piscines-et-pataugeoires\/wp-json\/wp\/v2\/pages\/2255"}],"wp:attachment":[{"href":"https:\/\/www.guides-sports-loisirs.ca\/piscines-et-pataugeoires\/wp-json\/wp\/v2\/media?parent=2617"}],"curies":[{"name":"wp","href":"https:\/\/api.w.org\/{rel}","templated":true}]}}