{"id":2616,"date":"2020-08-10T12:00:04","date_gmt":"2020-08-10T16:00:04","guid":{"rendered":"https:\/\/www.guides-sports-loisirs.ca\/piscines-et-pataugeoires\/?page_id=2616"},"modified":"2020-08-17T13:38:12","modified_gmt":"2020-08-17T17:38:12","slug":"code-construction-quebec-lieux-baignade","status":"publish","type":"page","link":"https:\/\/www.guides-sports-loisirs.ca\/piscines-et-pataugeoires\/lois-reglements-normes\/code-construction-quebec-lieux-baignade\/","title":{"rendered":"Code de construction du Qu\u00e9bec &#8211; Lieux de baignade"},"content":{"rendered":"<div class=\"wpb-content-wrapper\"><p>[vc_row row_height_percent=\u00a0\u00bb0&Prime; overlay_alpha=\u00a0\u00bb50&Prime; gutter_size=\u00a0\u00bb3&Prime; shift_y=\u00a0\u00bb0&Prime; css=\u00a0\u00bb.vc_custom_1569108706353{margin-top: 40px !important;}\u00a0\u00bb][vc_column width=\u00a0\u00bb1\/1&Prime;][vc_column_text]Entr\u00e9 en vigueur le 14 mars 2013, le chapitre X (D.115-2013, a. 1) de ce code contient les dispositions qui s\u2019appliquent \u00e0 tous les travaux de construction d\u2019une piscine ou d\u2019une pataugeoire construite dans un b\u00e2timent vis\u00e9 par le chapitre 1 du Code de construction (chapitre B-1.1, r. 2) ou constituant un \u00e9quipement destin\u00e9 \u00e0 l\u2019usage du public d\u00e9sign\u00e9 par l\u2019article 10.03.<\/p>\n<p>L\u2019article 10.04 du chapitre X pr\u00e9cise que le bassin, la promenade, la tuyauterie et les accessoires d\u2019une piscine doivent \u00eatre construits avec du mat\u00e9riel inerte, non toxique pour l\u2019humain, imperm\u00e9able, durable, non corrosif, avec des surfaces lisses et facilement nettoyables.<\/p>\n<p><a href=\"http:\/\/legisquebec.gouv.qc.ca\/fr\/showdoc\/cr\/B-1.1,%20r.%202\" target=\"_blank\" rel=\"noopener noreferrer\">http:\/\/legisquebec.gouv.qc.ca\/fr\/showdoc\/cr\/B-1.1,%20r.%202<\/a>[\/vc_column_text][\/vc_column][\/vc_row][vc_row][\/vc_row][vc_row row_height_percent=\u00a0\u00bb0&Prime; overlay_alpha=\u00a0\u00bb50&Prime; gutter_size=\u00a0\u00bb3&Prime; shift_y=\u00a0\u00bb0&Prime; css=\u00a0\u00bb.vc_custom_1569108716255{margin-bottom: 50px !important;}\u00a0\u00bb][vc_column width=\u00a0\u00bb1\/1&Prime;][vc_button button_color=\u00a0\u00bbaccent\u00a0\u00bb size=\u00a0\u00bbbtn-lg\u00a0\u00bb radius=\u00a0\u00bbbtn-circle\u00a0\u00bb link=\u00a0\u00bburl:https%3A%2F%2Fwww.guides-sports-loisirs.ca%2Fpiscines-et-pataugeoires%2Fwp-content%2Fuploads%2Fsites%2F12%2F2017%2F03%2F3.2_LoisReglementsNormes_CodeConstruction_Web.pdf||target:%20_blank|\u00a0\u00bb icon=\u00a0\u00bbfa fa-file-o\u00a0\u00bb el_class=\u00a0\u00bbbtn-pdf\u00a0\u00bb]Version PDF[\/vc_button][\/vc_column][\/vc_row]<\/p>\n<\/div>","protected":false},"excerpt":{"rendered":"<p>[vc_row row_height_percent=\u00a0\u00bb0&Prime; overlay_alpha=\u00a0\u00bb50&Prime; gutter_size=\u00a0\u00bb3&Prime; shift_y=\u00a0\u00bb0&Prime; css=\u00a0\u00bb.vc_custom_1569108706353{margin-top: 40px !important;}\u00a0\u00bb][vc_column width=\u00a0\u00bb1\/1&Prime;][vc_column_text]Entr\u00e9 en vigueur le 14 mars 2013, le chapitre X (D.115-2013, a. [&hellip;]<\/p>\n","protected":false},"author":11,"featured_media":0,"parent":2255,"menu_order":20,"comment_status":"closed","ping_status":"closed","template":"","meta":{"_acf_changed":false,"footnotes":""},"class_list":["post-2616","page","type-page","status-publish","hentry"],"acf":[],"yoast_head":"<!-- This site is optimized with the Yoast SEO plugin v27.4 - https:\/\/yoast.com\/product\/yoast-seo-wordpress\/ -->\n<title>Code de construction du Qu\u00e9bec - Lieux de baignade - Piscines et pataugeoires<\/title>\n<meta name=\"robots\" content=\"index, follow, max-snippet:-1, max-image-preview:large, max-video-preview:-1\" \/>\n<link rel=\"canonical\" href=\"https:\/\/www.guides-sports-loisirs.ca\/piscines-et-pataugeoires\/lois-reglements-normes\/code-construction-quebec-lieux-baignade\/\" \/>\n<meta property=\"og:locale\" content=\"fr_FR\" \/>\n<meta property=\"og:type\" content=\"article\" \/>\n<meta property=\"og:title\" content=\"Code de construction du Qu\u00e9bec - Lieux de baignade - Piscines et pataugeoires\" \/>\n<meta property=\"og:description\" content=\"[vc_row row_height_percent=\u00a0\u00bb0&Prime; overlay_alpha=\u00a0\u00bb50&Prime; gutter_size=\u00a0\u00bb3&Prime; shift_y=\u00a0\u00bb0&Prime; css=\u00a0\u00bb.vc_custom_1569108706353{margin-top: 40px !important;}\u00a0\u00bb][vc_column width=\u00a0\u00bb1\/1&Prime;][vc_column_text]Entr\u00e9 en vigueur le 14 mars 2013, le chapitre X (D.115-2013, a. [&hellip;]\" \/>\n<meta property=\"og:url\" content=\"https:\/\/www.guides-sports-loisirs.ca\/piscines-et-pataugeoires\/lois-reglements-normes\/code-construction-quebec-lieux-baignade\/\" \/>\n<meta property=\"og:site_name\" content=\"Piscines et pataugeoires\" \/>\n<meta property=\"article:modified_time\" content=\"2020-08-17T17:38:12+00:00\" \/>\n<meta name=\"twitter:card\" content=\"summary_large_image\" \/>\n<meta name=\"twitter:label1\" content=\"Dur\u00e9e de lecture estim\u00e9e\" \/>\n\t<meta name=\"twitter:data1\" content=\"1 minute\" \/>\n<script type=\"application\/ld+json\" class=\"yoast-schema-graph\">{\"@context\":\"https:\\\/\\\/schema.org\",\"@graph\":[{\"@type\":\"WebPage\",\"@id\":\"https:\\\/\\\/www.guides-sports-loisirs.ca\\\/piscines-et-pataugeoires\\\/lois-reglements-normes\\\/code-construction-quebec-lieux-baignade\\\/\",\"url\":\"https:\\\/\\\/www.guides-sports-loisirs.ca\\\/piscines-et-pataugeoires\\\/lois-reglements-normes\\\/code-construction-quebec-lieux-baignade\\\/\",\"name\":\"Code de construction du Qu\u00e9bec - Lieux de baignade - Piscines et pataugeoires\",\"isPartOf\":{\"@id\":\"https:\\\/\\\/www.guides-sports-loisirs.ca\\\/piscines-et-pataugeoires\\\/#website\"},\"datePublished\":\"2020-08-10T16:00:04+00:00\",\"dateModified\":\"2020-08-17T17:38:12+00:00\",\"breadcrumb\":{\"@id\":\"https:\\\/\\\/www.guides-sports-loisirs.ca\\\/piscines-et-pataugeoires\\\/lois-reglements-normes\\\/code-construction-quebec-lieux-baignade\\\/#breadcrumb\"},\"inLanguage\":\"fr-FR\",\"potentialAction\":[{\"@type\":\"ReadAction\",\"target\":[\"https:\\\/\\\/www.guides-sports-loisirs.ca\\\/piscines-et-pataugeoires\\\/lois-reglements-normes\\\/code-construction-quebec-lieux-baignade\\\/\"]}]},{\"@type\":\"BreadcrumbList\",\"@id\":\"https:\\\/\\\/www.guides-sports-loisirs.ca\\\/piscines-et-pataugeoires\\\/lois-reglements-normes\\\/code-construction-quebec-lieux-baignade\\\/#breadcrumb\",\"itemListElement\":[{\"@type\":\"ListItem\",\"position\":1,\"name\":\"Accueil\",\"item\":\"https:\\\/\\\/www.guides-sports-loisirs.ca\\\/piscines-et-pataugeoires\\\/\"},{\"@type\":\"ListItem\",\"position\":2,\"name\":\"Lois, r\u00e8glements et normes\",\"item\":\"https:\\\/\\\/www.guides-sports-loisirs.ca\\\/piscines-et-pataugeoires\\\/lois-reglements-normes\\\/\"},{\"@type\":\"ListItem\",\"position\":3,\"name\":\"Code de construction du Qu\u00e9bec &#8211; Lieux de baignade\"}]},{\"@type\":\"WebSite\",\"@id\":\"https:\\\/\\\/www.guides-sports-loisirs.ca\\\/piscines-et-pataugeoires\\\/#website\",\"url\":\"https:\\\/\\\/www.guides-sports-loisirs.ca\\\/piscines-et-pataugeoires\\\/\",\"name\":\"Piscines et pataugeoires\",\"description\":\"Veloparcs\",\"potentialAction\":[{\"@type\":\"SearchAction\",\"target\":{\"@type\":\"EntryPoint\",\"urlTemplate\":\"https:\\\/\\\/www.guides-sports-loisirs.ca\\\/piscines-et-pataugeoires\\\/?s={search_term_string}\"},\"query-input\":{\"@type\":\"PropertyValueSpecification\",\"valueRequired\":true,\"valueName\":\"search_term_string\"}}],\"inLanguage\":\"fr-FR\"}]}<\/script>\n<!-- \/ Yoast SEO plugin. -->","yoast_head_json":{"title":"Code de construction du Qu\u00e9bec - Lieux de baignade - Piscines et pataugeoires","robots":{"index":"index","follow":"follow","max-snippet":"max-snippet:-1","max-image-preview":"max-image-preview:large","max-video-preview":"max-video-preview:-1"},"canonical":"https:\/\/www.guides-sports-loisirs.ca\/piscines-et-pataugeoires\/lois-reglements-normes\/code-construction-quebec-lieux-baignade\/","og_locale":"fr_FR","og_type":"article","og_title":"Code de construction du Qu\u00e9bec - Lieux de baignade - Piscines et pataugeoires","og_description":"[vc_row row_height_percent=\u00a0\u00bb0&Prime; overlay_alpha=\u00a0\u00bb50&Prime; gutter_size=\u00a0\u00bb3&Prime; shift_y=\u00a0\u00bb0&Prime; css=\u00a0\u00bb.vc_custom_1569108706353{margin-top: 40px !important;}\u00a0\u00bb][vc_column width=\u00a0\u00bb1\/1&Prime;][vc_column_text]Entr\u00e9 en vigueur le 14 mars 2013, le chapitre X (D.115-2013, a. [&hellip;]","og_url":"https:\/\/www.guides-sports-loisirs.ca\/piscines-et-pataugeoires\/lois-reglements-normes\/code-construction-quebec-lieux-baignade\/","og_site_name":"Piscines et pataugeoires","article_modified_time":"2020-08-17T17:38:12+00:00","twitter_card":"summary_large_image","twitter_misc":{"Dur\u00e9e de lecture estim\u00e9e":"1 minute"},"schema":{"@context":"https:\/\/schema.org","@graph":[{"@type":"WebPage","@id":"https:\/\/www.guides-sports-loisirs.ca\/piscines-et-pataugeoires\/lois-reglements-normes\/code-construction-quebec-lieux-baignade\/","url":"https:\/\/www.guides-sports-loisirs.ca\/piscines-et-pataugeoires\/lois-reglements-normes\/code-construction-quebec-lieux-baignade\/","name":"Code de construction du Qu\u00e9bec - Lieux de baignade - Piscines et pataugeoires","isPartOf":{"@id":"https:\/\/www.guides-sports-loisirs.ca\/piscines-et-pataugeoires\/#website"},"datePublished":"2020-08-10T16:00:04+00:00","dateModified":"2020-08-17T17:38:12+00:00","breadcrumb":{"@id":"https:\/\/www.guides-sports-loisirs.ca\/piscines-et-pataugeoires\/lois-reglements-normes\/code-construction-quebec-lieux-baignade\/#breadcrumb"},"inLanguage":"fr-FR","potentialAction":[{"@type":"ReadAction","target":["https:\/\/www.guides-sports-loisirs.ca\/piscines-et-pataugeoires\/lois-reglements-normes\/code-construction-quebec-lieux-baignade\/"]}]},{"@type":"BreadcrumbList","@id":"https:\/\/www.guides-sports-loisirs.ca\/piscines-et-pataugeoires\/lois-reglements-normes\/code-construction-quebec-lieux-baignade\/#breadcrumb","itemListElement":[{"@type":"ListItem","position":1,"name":"Accueil","item":"https:\/\/www.guides-sports-loisirs.ca\/piscines-et-pataugeoires\/"},{"@type":"ListItem","position":2,"name":"Lois, r\u00e8glements et normes","item":"https:\/\/www.guides-sports-loisirs.ca\/piscines-et-pataugeoires\/lois-reglements-normes\/"},{"@type":"ListItem","position":3,"name":"Code de construction du Qu\u00e9bec &#8211; Lieux de baignade"}]},{"@type":"WebSite","@id":"https:\/\/www.guides-sports-loisirs.ca\/piscines-et-pataugeoires\/#website","url":"https:\/\/www.guides-sports-loisirs.ca\/piscines-et-pataugeoires\/","name":"Piscines et pataugeoires","description":"Veloparcs","potentialAction":[{"@type":"SearchAction","target":{"@type":"EntryPoint","urlTemplate":"https:\/\/www.guides-sports-loisirs.ca\/piscines-et-pataugeoires\/?s={search_term_string}"},"query-input":{"@type":"PropertyValueSpecification","valueRequired":true,"valueName":"search_term_string"}}],"inLanguage":"fr-FR"}]}},"_links":{"self":[{"href":"https:\/\/www.guides-sports-loisirs.ca\/piscines-et-pataugeoires\/wp-json\/wp\/v2\/pages\/2616","targetHints":{"allow":["GET"]}}],"collection":[{"href":"https:\/\/www.guides-sports-loisirs.ca\/piscines-et-pataugeoires\/wp-json\/wp\/v2\/pages"}],"about":[{"href":"https:\/\/www.guides-sports-loisirs.ca\/piscines-et-pataugeoires\/wp-json\/wp\/v2\/types\/page"}],"author":[{"embeddable":true,"href":"https:\/\/www.guides-sports-loisirs.ca\/piscines-et-pataugeoires\/wp-json\/wp\/v2\/users\/11"}],"replies":[{"embeddable":true,"href":"https:\/\/www.guides-sports-loisirs.ca\/piscines-et-pataugeoires\/wp-json\/wp\/v2\/comments?post=2616"}],"version-history":[{"count":9,"href":"https:\/\/www.guides-sports-loisirs.ca\/piscines-et-pataugeoires\/wp-json\/wp\/v2\/pages\/2616\/revisions"}],"predecessor-version":[{"id":3222,"href":"https:\/\/www.guides-sports-loisirs.ca\/piscines-et-pataugeoires\/wp-json\/wp\/v2\/pages\/2616\/revisions\/3222"}],"up":[{"embeddable":true,"href":"https:\/\/www.guides-sports-loisirs.ca\/piscines-et-pataugeoires\/wp-json\/wp\/v2\/pages\/2255"}],"wp:attachment":[{"href":"https:\/\/www.guides-sports-loisirs.ca\/piscines-et-pataugeoires\/wp-json\/wp\/v2\/media?parent=2616"}],"curies":[{"name":"wp","href":"https:\/\/api.w.org\/{rel}","templated":true}]}}