{"id":2278,"date":"2020-08-10T14:00:07","date_gmt":"2020-08-10T18:00:07","guid":{"rendered":"https:\/\/www.guides-sports-loisirs.ca\/piscines-et-pataugeoires\/?page_id=2278"},"modified":"2020-08-17T13:41:20","modified_gmt":"2020-08-17T17:41:20","slug":"qualifications-formation-securite","status":"publish","type":"page","link":"https:\/\/www.guides-sports-loisirs.ca\/piscines-et-pataugeoires\/qualifications-formation-securite\/","title":{"rendered":"Qualifications, formation et s\u00e9curit\u00e9"},"content":{"rendered":"<div class=\"wpb-content-wrapper\"><p>[vc_row row_height_percent=\u00a0\u00bb0&Prime; overlay_alpha=\u00a0\u00bb50&Prime; gutter_size=\u00a0\u00bb3&Prime; shift_y=\u00a0\u00bb0&Prime; css=\u00a0\u00bb.vc_custom_1569207071354{margin-top: 40px !important;margin-bottom: 50px !important;}\u00a0\u00bb][vc_column width=\u00a0\u00bb1\/1&Prime;][vc_row_inner row_inner_height_percent=\u00a0\u00bb0&Prime; overlay_alpha=\u00a0\u00bb50&Prime; gutter_size=\u00a0\u00bb3&Prime; shift_y=\u00a0\u00bb0&Prime;][vc_column_inner column_width_percent=\u00a0\u00bb100&Prime; override_padding=\u00a0\u00bbyes\u00a0\u00bb column_padding=\u00a0\u00bb0&Prime; gutter_size=\u00a0\u00bb0&Prime; back_color=\u00a0\u00bbcolor-xsdn\u00a0\u00bb overlay_alpha=\u00a0\u00bb50&Prime; medium_width=\u00a0\u00bb0&Prime; shift_x=\u00a0\u00bb0&Prime; shift_y=\u00a0\u00bb0&Prime; z_index=\u00a0\u00bb0&Prime; width=\u00a0\u00bb1\/4&Prime; el_class=\u00a0\u00bbbox-menu\u00a0\u00bb link_to=\u00a0\u00bb|||\u00a0\u00bb][vc_custom_heading heading_semantic=\u00a0\u00bbh3&Prime; text_size=\u00a0\u00bbh3&Prime; text_weight=\u00a0\u00bb700&Prime; text_color=\u00a0\u00bbcolor-xsdn\u00a0\u00bb el_class=\u00a0\u00bbtitre\u00a0\u00bb]QUALIFICATIONS[\/vc_custom_heading][vc_column_text el_class=\u00a0\u00bbtexte\u00a0\u00bb]L\u2019exploitant d\u2019un lieu de baignade doit s\u2019assurer que l\u2019ensemble du personnel intervenant dans l\u2019installation dont il a la responsabilit\u00e9 :<\/p>\n<ul>\n<li>Est qualifi\u00e9<\/li>\n<li>Que ses brevets sont \u00e0 jour<\/li>\n<li>Qu\u2019il ait re\u00e7u la formation compl\u00e9mentaire requise<\/li>\n<li>Qu\u2019il ait re\u00e7u les entra\u00eenements requis<\/li>\n<\/ul>\n<p>[\/vc_column_text][vc_separator sep_color=\u00a0\u00bbcolor-193714&Prime; el_width=\u00a0\u00bb100%\u00a0\u00bb el_height=\u00a0\u00bb1px\u00a0\u00bb][vc_column_text el_class=\u00a0\u00bblien\u00a0\u00bb]<a href=\"https:\/\/www.guides-sports-loisirs.ca\/piscines-et-pataugeoires\/qualifications-formation-securite\/qualifications\/\">En savoir plus<\/a><a href=\"https:\/\/www.guides-sports-loisirs.ca\/piscines-et-pataugeoires\/qualifications-formation-securite\/qualifications\/\"><img decoding=\"async\" class=\"alignnone wp-image-2412 size-full\" src=\"https:\/\/www.guides-sports-loisirs.ca\/piscines-et-pataugeoires\/wp-content\/uploads\/sites\/12\/2019\/09\/icone_lire-plus.png\" alt=\"Icone lire plus\" width=\"22\" height=\"21\" \/><\/a>[\/vc_column_text][vc_separator sep_color=\u00a0\u00bbcolor-193714&Prime; el_width=\u00a0\u00bb100%\u00a0\u00bb el_height=\u00a0\u00bb1px\u00a0\u00bb][vc_column_text el_class=\u00a0\u00bblien\u00a0\u00bb]<a href=\"https:\/\/www.guides-sports-loisirs.ca\/piscines-et-pataugeoires\/wp-content\/uploads\/sites\/12\/2017\/03\/4.1_QualificationsFormationSecurite_Qualifications_Web.pdf\" target=\"_blank\" rel=\"noopener noreferrer\">T\u00e9l\u00e9charger le PDF<\/a><a href=\"https:\/\/www.guides-sports-loisirs.ca\/piscines-et-pataugeoires\/wp-content\/uploads\/sites\/12\/2017\/03\/4.1_QualificationsFormationSecurite_Qualifications_Web.pdf\" target=\"_blank\" rel=\"noopener noreferrer\"><img decoding=\"async\" class=\"alignnone wp-image-2413 size-full\" src=\"https:\/\/www.guides-sports-loisirs.ca\/piscines-et-pataugeoires\/wp-content\/uploads\/sites\/12\/2019\/09\/icone_pdf.png\" alt=\"Icone PDF\" width=\"18\" height=\"22\" \/><\/a>[\/vc_column_text][\/vc_column_inner][vc_column_inner column_width_percent=\u00a0\u00bb100&Prime; override_padding=\u00a0\u00bbyes\u00a0\u00bb column_padding=\u00a0\u00bb0&Prime; gutter_size=\u00a0\u00bb0&Prime; overlay_alpha=\u00a0\u00bb50&Prime; medium_width=\u00a0\u00bb0&Prime; shift_x=\u00a0\u00bb0&Prime; shift_y=\u00a0\u00bb0&Prime; z_index=\u00a0\u00bb0&Prime; width=\u00a0\u00bb1\/4&Prime; el_class=\u00a0\u00bbbox-menu\u00a0\u00bb][vc_custom_heading heading_semantic=\u00a0\u00bbh3&Prime; text_size=\u00a0\u00bbh3&Prime; text_weight=\u00a0\u00bb700&Prime; text_color=\u00a0\u00bbcolor-xsdn\u00a0\u00bb el_class=\u00a0\u00bbtitre\u00a0\u00bb]FORMATION[\/vc_custom_heading][vc_column_text el_class=\u00a0\u00bbtexte\u00a0\u00bb]En vertu de l\u2019article 51 alin\u00e9a 9 de la Loi sur la sant\u00e9 et la s\u00e9curit\u00e9 du travail (LSST), l\u2019employeur doit informer ad\u00e9quatement les travailleurs sur les risques reli\u00e9s \u00e0 son travail et lui assurer la formation, l\u2019entra\u00eenement et la supervision appropri\u00e9s afin de faire en sorte que le travailleur ait les habilet\u00e9s et les&#8230;[\/vc_column_text][vc_separator sep_color=\u00a0\u00bbcolor-193714&Prime; el_width=\u00a0\u00bb100%\u00a0\u00bb el_height=\u00a0\u00bb1px\u00a0\u00bb][vc_column_text el_class=\u00a0\u00bblien\u00a0\u00bb]<a href=\"https:\/\/www.guides-sports-loisirs.ca\/piscines-et-pataugeoires\/qualifications-formation-securite\/formation\/\">En savoir plus<\/a><a href=\"https:\/\/www.guides-sports-loisirs.ca\/piscines-et-pataugeoires\/qualifications-formation-securite\/formation\/\"><img decoding=\"async\" class=\"alignnone wp-image-2412 size-full\" src=\"https:\/\/www.guides-sports-loisirs.ca\/piscines-et-pataugeoires\/wp-content\/uploads\/sites\/12\/2019\/09\/icone_lire-plus.png\" alt=\"Icone lire plus\" width=\"22\" height=\"21\" \/><\/a>[\/vc_column_text][vc_separator sep_color=\u00a0\u00bbcolor-193714&Prime; el_width=\u00a0\u00bb100%\u00a0\u00bb el_height=\u00a0\u00bb1px\u00a0\u00bb][vc_column_text el_class=\u00a0\u00bblien\u00a0\u00bb]<a href=\"https:\/\/www.guides-sports-loisirs.ca\/piscines-et-pataugeoires\/wp-content\/uploads\/sites\/12\/2017\/03\/4.2_QualificationsFormationSecurite_Formation_Web.pdf\" target=\"_blank\" rel=\"noopener noreferrer\">T\u00e9l\u00e9charger le PDF<\/a><a href=\"https:\/\/www.guides-sports-loisirs.ca\/piscines-et-pataugeoires\/wp-content\/uploads\/sites\/12\/2017\/03\/4.2_QualificationsFormationSecurite_Formation_Web.pdf\" target=\"_blank\" rel=\"noopener noreferrer\"><img decoding=\"async\" class=\"alignnone wp-image-2413 size-full\" src=\"https:\/\/www.guides-sports-loisirs.ca\/piscines-et-pataugeoires\/wp-content\/uploads\/sites\/12\/2019\/09\/icone_pdf.png\" alt=\"Icone PDF\" width=\"18\" height=\"22\" \/><\/a>[\/vc_column_text][\/vc_column_inner][vc_column_inner column_width_percent=\u00a0\u00bb100&Prime; override_padding=\u00a0\u00bbyes\u00a0\u00bb column_padding=\u00a0\u00bb0&Prime; gutter_size=\u00a0\u00bb0&Prime; overlay_alpha=\u00a0\u00bb50&Prime; medium_width=\u00a0\u00bb0&Prime; shift_x=\u00a0\u00bb0&Prime; shift_y=\u00a0\u00bb0&Prime; z_index=\u00a0\u00bb0&Prime; width=\u00a0\u00bb1\/4&Prime; el_class=\u00a0\u00bbbox-menu\u00a0\u00bb][vc_custom_heading heading_semantic=\u00a0\u00bbh3&Prime; text_size=\u00a0\u00bbh3&Prime; text_weight=\u00a0\u00bb700&Prime; text_color=\u00a0\u00bbcolor-xsdn\u00a0\u00bb el_class=\u00a0\u00bbtitre\u00a0\u00bb]S\u00c9CURIT\u00c9 : PROC\u00c9DURES SP\u00c9CIFIQUES AU MILIEU AQUATIQUE[\/vc_custom_heading][vc_column_text el_class=\u00a0\u00bbtexte\u00a0\u00bb]En mati\u00e8re de s\u00e9curit\u00e9 du personnel, il importe d\u2019effectuer une analyse minutieuse des t\u00e2ches et des lieux o\u00f9 elles s\u2019exercent pour appliquer les meilleures proc\u00e9dures s\u00e9curitaires de travail et de secours.[\/vc_column_text][vc_separator sep_color=\u00a0\u00bbcolor-193714&Prime; el_width=\u00a0\u00bb100%\u00a0\u00bb el_height=\u00a0\u00bb1px\u00a0\u00bb][vc_column_text el_class=\u00a0\u00bblien\u00a0\u00bb]<a href=\"https:\/\/www.guides-sports-loisirs.ca\/piscines-et-pataugeoires\/qualifications-formation-securite\/securite-procedures-specifiques-milieu-aquatique\/\">En savoir plus<\/a><a href=\"https:\/\/www.guides-sports-loisirs.ca\/piscines-et-pataugeoires\/qualifications-formation-securite\/securite-procedures-specifiques-milieu-aquatique\/\"><img decoding=\"async\" class=\"alignnone wp-image-2412 size-full\" src=\"https:\/\/www.guides-sports-loisirs.ca\/piscines-et-pataugeoires\/wp-content\/uploads\/sites\/12\/2019\/09\/icone_lire-plus.png\" alt=\"Icone lire plus\" width=\"22\" height=\"21\" \/><\/a>[\/vc_column_text][vc_separator sep_color=\u00a0\u00bbcolor-193714&Prime; el_width=\u00a0\u00bb100%\u00a0\u00bb el_height=\u00a0\u00bb1px\u00a0\u00bb][vc_column_text el_class=\u00a0\u00bblien\u00a0\u00bb]<a href=\"https:\/\/www.guides-sports-loisirs.ca\/piscines-et-pataugeoires\/wp-content\/uploads\/sites\/12\/2017\/03\/4.3_QualificationsFormationSecurite_Securite_Web.pdf\" target=\"_blank\" rel=\"noopener noreferrer\">T\u00e9l\u00e9charger le PDF<\/a><a href=\"https:\/\/www.guides-sports-loisirs.ca\/piscines-et-pataugeoires\/wp-content\/uploads\/sites\/12\/2017\/03\/4.3_QualificationsFormationSecurite_Securite_Web.pdf\" target=\"_blank\" rel=\"noopener noreferrer\"><img decoding=\"async\" class=\"alignnone wp-image-2413 size-full\" src=\"https:\/\/www.guides-sports-loisirs.ca\/piscines-et-pataugeoires\/wp-content\/uploads\/sites\/12\/2019\/09\/icone_pdf.png\" alt=\"Icone PDF\" width=\"18\" height=\"22\" \/><\/a>[\/vc_column_text][\/vc_column_inner][vc_column_inner column_width_percent=\u00a0\u00bb100&Prime; override_padding=\u00a0\u00bbyes\u00a0\u00bb column_padding=\u00a0\u00bb0&Prime; gutter_size=\u00a0\u00bb0&Prime; overlay_alpha=\u00a0\u00bb50&Prime; medium_width=\u00a0\u00bb0&Prime; shift_x=\u00a0\u00bb0&Prime; shift_y=\u00a0\u00bb0&Prime; z_index=\u00a0\u00bb0&Prime; width=\u00a0\u00bb1\/4&Prime; el_class=\u00a0\u00bbbox-menu\u00a0\u00bb][\/vc_column_inner][\/vc_row_inner][\/vc_column][\/vc_row]<\/p>\n<\/div>","protected":false},"excerpt":{"rendered":"<p>[vc_row row_height_percent=\u00a0\u00bb0&Prime; overlay_alpha=\u00a0\u00bb50&Prime; gutter_size=\u00a0\u00bb3&Prime; shift_y=\u00a0\u00bb0&Prime; css=\u00a0\u00bb.vc_custom_1569207071354{margin-top: 40px !important;margin-bottom: 50px !important;}\u00a0\u00bb][vc_column width=\u00a0\u00bb1\/1&Prime;][vc_row_inner row_inner_height_percent=\u00a0\u00bb0&Prime; overlay_alpha=\u00a0\u00bb50&Prime; gutter_size=\u00a0\u00bb3&Prime; shift_y=\u00a0\u00bb0&Prime;][vc_column_inner column_width_percent=\u00a0\u00bb100&Prime; override_padding=\u00a0\u00bbyes\u00a0\u00bb column_padding=\u00a0\u00bb0&Prime; gutter_size=\u00a0\u00bb0&Prime; back_color=\u00a0\u00bbcolor-xsdn\u00a0\u00bb [&hellip;]<\/p>\n","protected":false},"author":11,"featured_media":0,"parent":0,"menu_order":6,"comment_status":"closed","ping_status":"closed","template":"","meta":{"_acf_changed":false,"footnotes":""},"class_list":["post-2278","page","type-page","status-publish","hentry"],"acf":[],"yoast_head":"<!-- This site is optimized with the Yoast SEO plugin v27.2 - https:\/\/yoast.com\/product\/yoast-seo-wordpress\/ -->\n<title>Qualifications, formation et s\u00e9curit\u00e9 - Piscines et pataugeoires<\/title>\n<meta name=\"robots\" content=\"index, follow, max-snippet:-1, max-image-preview:large, max-video-preview:-1\" \/>\n<link rel=\"canonical\" href=\"https:\/\/www.guides-sports-loisirs.ca\/piscines-et-pataugeoires\/qualifications-formation-securite\/\" \/>\n<meta property=\"og:locale\" content=\"fr_FR\" \/>\n<meta property=\"og:type\" content=\"article\" \/>\n<meta property=\"og:title\" content=\"Qualifications, formation et s\u00e9curit\u00e9 - Piscines et pataugeoires\" \/>\n<meta property=\"og:description\" content=\"[vc_row row_height_percent=\u00a0\u00bb0&Prime; overlay_alpha=\u00a0\u00bb50&Prime; gutter_size=\u00a0\u00bb3&Prime; shift_y=\u00a0\u00bb0&Prime; css=\u00a0\u00bb.vc_custom_1569207071354{margin-top: 40px !important;margin-bottom: 50px !important;}\u00a0\u00bb][vc_column width=\u00a0\u00bb1\/1&Prime;][vc_row_inner row_inner_height_percent=\u00a0\u00bb0&Prime; overlay_alpha=\u00a0\u00bb50&Prime; gutter_size=\u00a0\u00bb3&Prime; shift_y=\u00a0\u00bb0&Prime;][vc_column_inner column_width_percent=\u00a0\u00bb100&Prime; override_padding=\u00a0\u00bbyes\u00a0\u00bb column_padding=\u00a0\u00bb0&Prime; gutter_size=\u00a0\u00bb0&Prime; back_color=\u00a0\u00bbcolor-xsdn\u00a0\u00bb [&hellip;]\" \/>\n<meta property=\"og:url\" content=\"https:\/\/www.guides-sports-loisirs.ca\/piscines-et-pataugeoires\/qualifications-formation-securite\/\" \/>\n<meta property=\"og:site_name\" content=\"Piscines et pataugeoires\" \/>\n<meta property=\"article:modified_time\" content=\"2020-08-17T17:41:20+00:00\" \/>\n<meta property=\"og:image\" content=\"https:\/\/www.guides-sports-loisirs.ca\/piscines-et-pataugeoires\/wp-content\/uploads\/sites\/12\/2019\/09\/icone_lire-plus.png\" \/>\n<meta name=\"twitter:card\" content=\"summary_large_image\" \/>\n<meta name=\"twitter:label1\" content=\"Dur\u00e9e de lecture estim\u00e9e\" \/>\n\t<meta name=\"twitter:data1\" content=\"3 minutes\" \/>\n<script type=\"application\/ld+json\" class=\"yoast-schema-graph\">{\"@context\":\"https:\/\/schema.org\",\"@graph\":[{\"@type\":\"WebPage\",\"@id\":\"https:\/\/www.guides-sports-loisirs.ca\/piscines-et-pataugeoires\/qualifications-formation-securite\/\",\"url\":\"https:\/\/www.guides-sports-loisirs.ca\/piscines-et-pataugeoires\/qualifications-formation-securite\/\",\"name\":\"Qualifications, formation et s\u00e9curit\u00e9 - Piscines et pataugeoires\",\"isPartOf\":{\"@id\":\"https:\/\/www.guides-sports-loisirs.ca\/piscines-et-pataugeoires\/#website\"},\"primaryImageOfPage\":{\"@id\":\"https:\/\/www.guides-sports-loisirs.ca\/piscines-et-pataugeoires\/qualifications-formation-securite\/#primaryimage\"},\"image\":{\"@id\":\"https:\/\/www.guides-sports-loisirs.ca\/piscines-et-pataugeoires\/qualifications-formation-securite\/#primaryimage\"},\"thumbnailUrl\":\"https:\/\/www.guides-sports-loisirs.ca\/piscines-et-pataugeoires\/wp-content\/uploads\/sites\/12\/2019\/09\/icone_lire-plus.png\",\"datePublished\":\"2020-08-10T18:00:07+00:00\",\"dateModified\":\"2020-08-17T17:41:20+00:00\",\"breadcrumb\":{\"@id\":\"https:\/\/www.guides-sports-loisirs.ca\/piscines-et-pataugeoires\/qualifications-formation-securite\/#breadcrumb\"},\"inLanguage\":\"fr-FR\",\"potentialAction\":[{\"@type\":\"ReadAction\",\"target\":[\"https:\/\/www.guides-sports-loisirs.ca\/piscines-et-pataugeoires\/qualifications-formation-securite\/\"]}]},{\"@type\":\"ImageObject\",\"inLanguage\":\"fr-FR\",\"@id\":\"https:\/\/www.guides-sports-loisirs.ca\/piscines-et-pataugeoires\/qualifications-formation-securite\/#primaryimage\",\"url\":\"https:\/\/www.guides-sports-loisirs.ca\/piscines-et-pataugeoires\/wp-content\/uploads\/sites\/12\/2019\/09\/icone_lire-plus.png\",\"contentUrl\":\"https:\/\/www.guides-sports-loisirs.ca\/piscines-et-pataugeoires\/wp-content\/uploads\/sites\/12\/2019\/09\/icone_lire-plus.png\",\"width\":22,\"height\":21,\"caption\":\"Icone lire plus\"},{\"@type\":\"BreadcrumbList\",\"@id\":\"https:\/\/www.guides-sports-loisirs.ca\/piscines-et-pataugeoires\/qualifications-formation-securite\/#breadcrumb\",\"itemListElement\":[{\"@type\":\"ListItem\",\"position\":1,\"name\":\"Accueil\",\"item\":\"https:\/\/www.guides-sports-loisirs.ca\/piscines-et-pataugeoires\/\"},{\"@type\":\"ListItem\",\"position\":2,\"name\":\"Qualifications, formation et s\u00e9curit\u00e9\"}]},{\"@type\":\"WebSite\",\"@id\":\"https:\/\/www.guides-sports-loisirs.ca\/piscines-et-pataugeoires\/#website\",\"url\":\"https:\/\/www.guides-sports-loisirs.ca\/piscines-et-pataugeoires\/\",\"name\":\"Piscines et pataugeoires\",\"description\":\"Veloparcs\",\"potentialAction\":[{\"@type\":\"SearchAction\",\"target\":{\"@type\":\"EntryPoint\",\"urlTemplate\":\"https:\/\/www.guides-sports-loisirs.ca\/piscines-et-pataugeoires\/?s={search_term_string}\"},\"query-input\":{\"@type\":\"PropertyValueSpecification\",\"valueRequired\":true,\"valueName\":\"search_term_string\"}}],\"inLanguage\":\"fr-FR\"}]}<\/script>\n<!-- \/ Yoast SEO plugin. -->","yoast_head_json":{"title":"Qualifications, formation et s\u00e9curit\u00e9 - Piscines et pataugeoires","robots":{"index":"index","follow":"follow","max-snippet":"max-snippet:-1","max-image-preview":"max-image-preview:large","max-video-preview":"max-video-preview:-1"},"canonical":"https:\/\/www.guides-sports-loisirs.ca\/piscines-et-pataugeoires\/qualifications-formation-securite\/","og_locale":"fr_FR","og_type":"article","og_title":"Qualifications, formation et s\u00e9curit\u00e9 - Piscines et pataugeoires","og_description":"[vc_row row_height_percent=\u00a0\u00bb0&Prime; overlay_alpha=\u00a0\u00bb50&Prime; gutter_size=\u00a0\u00bb3&Prime; shift_y=\u00a0\u00bb0&Prime; css=\u00a0\u00bb.vc_custom_1569207071354{margin-top: 40px !important;margin-bottom: 50px !important;}\u00a0\u00bb][vc_column width=\u00a0\u00bb1\/1&Prime;][vc_row_inner row_inner_height_percent=\u00a0\u00bb0&Prime; overlay_alpha=\u00a0\u00bb50&Prime; gutter_size=\u00a0\u00bb3&Prime; shift_y=\u00a0\u00bb0&Prime;][vc_column_inner column_width_percent=\u00a0\u00bb100&Prime; override_padding=\u00a0\u00bbyes\u00a0\u00bb column_padding=\u00a0\u00bb0&Prime; gutter_size=\u00a0\u00bb0&Prime; back_color=\u00a0\u00bbcolor-xsdn\u00a0\u00bb [&hellip;]","og_url":"https:\/\/www.guides-sports-loisirs.ca\/piscines-et-pataugeoires\/qualifications-formation-securite\/","og_site_name":"Piscines et pataugeoires","article_modified_time":"2020-08-17T17:41:20+00:00","og_image":[{"url":"https:\/\/www.guides-sports-loisirs.ca\/piscines-et-pataugeoires\/wp-content\/uploads\/sites\/12\/2019\/09\/icone_lire-plus.png","type":"","width":"","height":""}],"twitter_card":"summary_large_image","twitter_misc":{"Dur\u00e9e de lecture estim\u00e9e":"3 minutes"},"schema":{"@context":"https:\/\/schema.org","@graph":[{"@type":"WebPage","@id":"https:\/\/www.guides-sports-loisirs.ca\/piscines-et-pataugeoires\/qualifications-formation-securite\/","url":"https:\/\/www.guides-sports-loisirs.ca\/piscines-et-pataugeoires\/qualifications-formation-securite\/","name":"Qualifications, formation et s\u00e9curit\u00e9 - Piscines et pataugeoires","isPartOf":{"@id":"https:\/\/www.guides-sports-loisirs.ca\/piscines-et-pataugeoires\/#website"},"primaryImageOfPage":{"@id":"https:\/\/www.guides-sports-loisirs.ca\/piscines-et-pataugeoires\/qualifications-formation-securite\/#primaryimage"},"image":{"@id":"https:\/\/www.guides-sports-loisirs.ca\/piscines-et-pataugeoires\/qualifications-formation-securite\/#primaryimage"},"thumbnailUrl":"https:\/\/www.guides-sports-loisirs.ca\/piscines-et-pataugeoires\/wp-content\/uploads\/sites\/12\/2019\/09\/icone_lire-plus.png","datePublished":"2020-08-10T18:00:07+00:00","dateModified":"2020-08-17T17:41:20+00:00","breadcrumb":{"@id":"https:\/\/www.guides-sports-loisirs.ca\/piscines-et-pataugeoires\/qualifications-formation-securite\/#breadcrumb"},"inLanguage":"fr-FR","potentialAction":[{"@type":"ReadAction","target":["https:\/\/www.guides-sports-loisirs.ca\/piscines-et-pataugeoires\/qualifications-formation-securite\/"]}]},{"@type":"ImageObject","inLanguage":"fr-FR","@id":"https:\/\/www.guides-sports-loisirs.ca\/piscines-et-pataugeoires\/qualifications-formation-securite\/#primaryimage","url":"https:\/\/www.guides-sports-loisirs.ca\/piscines-et-pataugeoires\/wp-content\/uploads\/sites\/12\/2019\/09\/icone_lire-plus.png","contentUrl":"https:\/\/www.guides-sports-loisirs.ca\/piscines-et-pataugeoires\/wp-content\/uploads\/sites\/12\/2019\/09\/icone_lire-plus.png","width":22,"height":21,"caption":"Icone lire plus"},{"@type":"BreadcrumbList","@id":"https:\/\/www.guides-sports-loisirs.ca\/piscines-et-pataugeoires\/qualifications-formation-securite\/#breadcrumb","itemListElement":[{"@type":"ListItem","position":1,"name":"Accueil","item":"https:\/\/www.guides-sports-loisirs.ca\/piscines-et-pataugeoires\/"},{"@type":"ListItem","position":2,"name":"Qualifications, formation et s\u00e9curit\u00e9"}]},{"@type":"WebSite","@id":"https:\/\/www.guides-sports-loisirs.ca\/piscines-et-pataugeoires\/#website","url":"https:\/\/www.guides-sports-loisirs.ca\/piscines-et-pataugeoires\/","name":"Piscines et pataugeoires","description":"Veloparcs","potentialAction":[{"@type":"SearchAction","target":{"@type":"EntryPoint","urlTemplate":"https:\/\/www.guides-sports-loisirs.ca\/piscines-et-pataugeoires\/?s={search_term_string}"},"query-input":{"@type":"PropertyValueSpecification","valueRequired":true,"valueName":"search_term_string"}}],"inLanguage":"fr-FR"}]}},"_links":{"self":[{"href":"https:\/\/www.guides-sports-loisirs.ca\/piscines-et-pataugeoires\/wp-json\/wp\/v2\/pages\/2278","targetHints":{"allow":["GET"]}}],"collection":[{"href":"https:\/\/www.guides-sports-loisirs.ca\/piscines-et-pataugeoires\/wp-json\/wp\/v2\/pages"}],"about":[{"href":"https:\/\/www.guides-sports-loisirs.ca\/piscines-et-pataugeoires\/wp-json\/wp\/v2\/types\/page"}],"author":[{"embeddable":true,"href":"https:\/\/www.guides-sports-loisirs.ca\/piscines-et-pataugeoires\/wp-json\/wp\/v2\/users\/11"}],"replies":[{"embeddable":true,"href":"https:\/\/www.guides-sports-loisirs.ca\/piscines-et-pataugeoires\/wp-json\/wp\/v2\/comments?post=2278"}],"version-history":[{"count":9,"href":"https:\/\/www.guides-sports-loisirs.ca\/piscines-et-pataugeoires\/wp-json\/wp\/v2\/pages\/2278\/revisions"}],"predecessor-version":[{"id":3226,"href":"https:\/\/www.guides-sports-loisirs.ca\/piscines-et-pataugeoires\/wp-json\/wp\/v2\/pages\/2278\/revisions\/3226"}],"wp:attachment":[{"href":"https:\/\/www.guides-sports-loisirs.ca\/piscines-et-pataugeoires\/wp-json\/wp\/v2\/media?parent=2278"}],"curies":[{"name":"wp","href":"https:\/\/api.w.org\/{rel}","templated":true}]}}