{"id":2256,"date":"2020-08-10T12:05:27","date_gmt":"2020-08-10T16:05:27","guid":{"rendered":"https:\/\/www.guides-sports-loisirs.ca\/piscines-et-pataugeoires\/?page_id=2256"},"modified":"2020-08-17T13:38:31","modified_gmt":"2020-08-17T17:38:31","slug":"reglements","status":"publish","type":"page","link":"https:\/\/www.guides-sports-loisirs.ca\/piscines-et-pataugeoires\/lois-reglements-normes\/reglements\/","title":{"rendered":"R\u00e8glements"},"content":{"rendered":"<div class=\"wpb-content-wrapper\"><p>[vc_row][vc_column width=\u00a0\u00bb1\/1&Prime;][vc_column_text]Les municipalit\u00e9s, les organismes et les entreprises priv\u00e9es qui offrent des services au public sont soumis au respect de plusieurs lois, normes et r\u00e8glements. Ceux-ci visent \u00e0 assurer la sant\u00e9 et la s\u00e9curit\u00e9 des usagers et des employ\u00e9s.<\/p>\n<p>De ce fait, chaque exploitant d\u2019un lieu de baignade doit conna\u00eetre les diff\u00e9rentes dispositions d\u2019ordre l\u00e9gal qui s\u2019appliquent aux activit\u00e9s du lieu et s\u2019y conformer. Le tableau ci-dessous pr\u00e9sente une liste non exhaustive des dispositions touchant plus particuli\u00e8rement la s\u00e9curit\u00e9 des installations et des \u00e9quipements aquatiques.<\/p>\n<p>Il va de soi que chaque exploitant d\u2019un lieu de baignade doit \u00e9galement se conformer aux obligations dict\u00e9es par la Loi sur les normes du travail, la <a href=\"http:\/\/legisquebec.gouv.qc.ca\/fr\/showdoc\/cs\/s-2.1\" target=\"_blank\" rel=\"noopener noreferrer\">Loi sur la sant\u00e9 et la s\u00e9curit\u00e9 du travail<\/a> (LSST) ainsi que par les r\u00e8glements et normes qui en d\u00e9coulent, les conventions collectives et autres.[\/vc_column_text][vc_accordion active_tab=\u00a0\u00bb0&Prime;][vc_accordion_tab title=\u00a0\u00bbR\u00c8GLEMENT SUR LA S\u00c9CURIT\u00c9 DANS LES BAINS PUBLICS, CHAPITRE B-1.1, R. 11&Prime;][vc_column_text]Ce r\u00e8glement \u00e9tablit notamment les exigences de conception, de construction, de surveillance, d\u2019affichage, d\u2019\u00e9quipements de secours, d\u2019utilisation et de clart\u00e9 de l\u2019eau auxquelles doit se conformer le propri\u00e9taire d\u2019une piscine, d\u2019une pataugeoire ou d\u2019une plage :<\/p>\n<p>a) situ\u00e9es dans un \u00e9difice public ou en constituant une d\u00e9pendance<br \/>\n<strong>ou<\/strong><br \/>\nb) exploit\u00e9es pour la baignade du public en g\u00e9n\u00e9ral ou d\u2019un groupe restreint du public.<\/p>\n<p>Il ne s\u2019applique pas aux bains-tourbillon ni aux bains th\u00e9rapeutiques.<\/p>\n<p><a href=\"http:\/\/legisquebec.gouv.qc.ca\/fr\/ShowDoc\/cr\/B-1.1,%20r.%2011\" target=\"_blank\" rel=\"noopener noreferrer\">http:\/\/legisquebec.gouv.qc.ca\/fr\/ShowDoc\/cr\/B-1.1,%20r.%2011<\/a>[\/vc_column_text][\/vc_accordion_tab][vc_accordion_tab title=\u00a0\u00bbR\u00c9GLEMENTATION SUR LA QUALIT\u00c9 DE L\u2019EAU DE BAIGNADE\u00a0\u00bb][vc_column_text]La qualit\u00e9 de l\u2019eau doit \u00eatre conforme au Q-2, r.39 \u2013 R\u00e8glement sur la qualit\u00e9 de l\u2019eau des piscines et autres bassins artificiels.<\/p>\n<p>Entr\u00e9 en vigueur le 1er janvier 2007, ce r\u00e8glement qui d\u00e9coule de la Loi sur la qualit\u00e9 de l\u2019environnement est r\u00e9gi par le minist\u00e8re de l\u2019Environnement et de la Lutte contre les changements climatiques (MELCC) du Qu\u00e9bec. Il a pour objet d\u2019\u00e9tablir des normes relatives \u00e0 la qualit\u00e9 de l\u2019eau des piscines et autres bassins artificiels, int\u00e9rieurs ou ext\u00e9rieurs, exploit\u00e9s pour la baignade, les jeux, les sports ou la d\u00e9tente.<\/p>\n<p>Les bassins artificiels vis\u00e9s par ce r\u00e8glement sont : les piscines et autres bassins artificiels qui sont accessibles au public en g\u00e9n\u00e9ral ou \u00e0 un groupe restreint du public tels que ceux de l\u2019\u00c9tat, des municipalit\u00e9s, des \u00e9tablissements d\u2019enseignement ou des organismes sans but lucratif, ou ceux destin\u00e9s aux usagers des \u00e9tablissements touristiques, des centres sportifs ou des parcs aquatiques.<\/p>\n<p>Il s\u2019applique \u00e9galement aux piscines et autres bassins artificiels priv\u00e9s qui sont accessibles exclusivement aux r\u00e9sidants d\u2019immeubles ou de parcs de maisons mobiles, ainsi qu\u2019\u00e0 leurs invit\u00e9s.<\/p>\n<p><a href=\"http:\/\/legisquebec.gouv.qc.ca\/fr\/showdoc\/cr\/Q-2,%20r.%2039\/20120901\" target=\"_blank\" rel=\"noopener noreferrer\">http:\/\/legisquebec.gouv.qc.ca\/fr\/showdoc\/cr\/Q-2,%20r.%2039\/20120901<\/a><\/p>\n<p>Les obligations du responsable consistent \u00e0 respecter les exigences formul\u00e9es dans ce r\u00e8glement, notamment :<\/p>\n<ul>\n<li>S\u2019assurer du contr\u00f4le de la qualit\u00e9 de l\u2019eau, notamment en respectant la nature et la fr\u00e9quence des pr\u00e9l\u00e8vements, les m\u00e9thodes de pr\u00e9l\u00e8vement, de conservation, d\u2019analyses et de transmission.<\/li>\n<li>Respecter les normes microbiologiques et physicochimiques de l\u2019eau.<\/li>\n<li>Intervenir rapidement en cas de non-conformit\u00e9 aux normes de qualit\u00e9.<\/li>\n<li>Veiller \u00e0 ce que l\u2019entretien et le nettoyage du ou des bassins soient effectu\u00e9s, incluant le bassin d\u2019\u00e9quilibre.<\/li>\n<li>Tenir des registres de toutes les activit\u00e9s.<\/li>\n<li>S\u2019assurer que les mesures d\u2019hygi\u00e8ne \u00e9l\u00e9mentaires sont respect\u00e9es.<\/li>\n<li>Contr\u00f4ler la charge acceptable de baigneurs pour assurer le maintien de la qualit\u00e9 de l\u2019eau.<\/li>\n<li>Assurer l\u2019entretien et la d\u00e9sinfection des installations, sans toutefois contaminer l\u2019eau de la piscine avec les produits utilis\u00e9s.<\/li>\n<li>Veiller \u00e0 ce que l\u2019op\u00e9ration du traitement et de la d\u00e9sinfection de l\u2019eau soit optimale, de m\u00eame que l\u2019entretien pr\u00e9ventif des \u00e9quipements.<\/li>\n<li>Fermer temporairement le bassin lorsque requis (entretien, non-conformit\u00e9, d\u00e9g\u00e2t dans l\u2019eau, etc.).<\/li>\n<\/ul>\n<p>La r\u00e9glementation en sant\u00e9 et s\u00e9curit\u00e9 du travail pr\u00e9voit la fourniture d\u2019eau potable, mais ne sp\u00e9cifie rien concernant la qualit\u00e9 des eaux de baignade. Toutefois, la loi indique que l\u2019employeur doit fournir des conditions saines et s\u00e9curitaires aux travailleurs; ainsi, les normes applicables aux usagers s\u2019appliquent aussi aux travailleurs.[\/vc_column_text][\/vc_accordion_tab][vc_accordion_tab title=\u00a0\u00bbR\u00c9GLEMENTATION SUR LA QUALIT\u00c9 DE L\u2019AIR\u00a0\u00bb][vc_column_text]Le R\u00e8glement sur la sant\u00e9 et la s\u00e9curit\u00e9 du travail (RSST) pr\u00e9cise que \u00ab Tout \u00e9quipement utilis\u00e9 ou install\u00e9 dans un \u00e9tablissement aux fins de pr\u00e9venir l\u2019\u00e9mission de gaz, de fum\u00e9es, de vapeurs, de poussi\u00e8res et de brouillards, d\u2019assurer les conditions d\u2019\u00e9clairage, de ventilation, de temp\u00e9rature, de salubrit\u00e9 et d\u2019hygi\u00e8ne prescrites par le pr\u00e9sent r\u00e8glement ou d\u2019assurer des conditions sonores ou thermiques conformes aux exigences du pr\u00e9sent r\u00e8glement doit toujours \u00eatre en \u00e9tat de fonctionnement et doit fonctionner de fa\u00e7on optimale pendant les heures d\u2019exploitation de l\u2019\u00e9tablissement de mani\u00e8re \u00e0 assurer le rendement pour lequel il a \u00e9t\u00e9 con\u00e7u \u00bb (art. 5, RSST).<\/p>\n<p>L\u2019employeur doit s\u2019assurer de contr\u00f4ler la qualit\u00e9 de l\u2019air, notamment par une bonne ventilation des lieux afin de respecter les normes pour les taux d\u2019oxyg\u00e8ne, de dioxyde de carbone et des autres contaminants susceptibles d\u2019\u00eatre pr\u00e9sents. La liste se trouve dans le RSST, section V, et aux annexes 1 et 3.<\/p>\n<p>Les chloramines sont l\u2019un des contaminants susceptibles d\u2019\u00eatre pr\u00e9sents dans une installation aquatique.<\/p>\n<p>Pour toutes ces raisons, l\u2019employeur doit veiller \u00e0 ce que la ventilation soit bien con\u00e7ue pour \u00eatre efficace. Il est recommand\u00e9 d\u2019assurer une ventilation avec un apport d\u2019air neuf 24 heures sur 24 et d\u2019inspecter et contr\u00f4ler les \u00e9l\u00e9ments des syst\u00e8mes de ventilation. Il est recommand\u00e9 d\u2019\u00e9viter les zones stagnantes et d\u2019effectuer une ventilation minimale de 0,48 pi3\/minute (CFM) par pied carr\u00e9 de la superficie de la piscine et de la plage mouill\u00e9e, comportant l\u2019extraction de l\u2019air au niveau du sol (ASHREA 62.1), plus 7,5 pi3\/minute par spectateur ou usager.<\/p>\n<p>Le taux de ventilation (nombre de changements d\u2019air \u00e0 l\u2019heure), la d\u00e9shumidification et le mode de ventilation (extraction au plancher et apport d\u2019air au plafond) dans une piscine et dans les salles, notamment d\u2019entreposage et de dosage des produits chimiques, d\u00e9pendent d\u2019une multitude de facteurs. Les principes de ventilation sont indiqu\u00e9s dans les normes ASHREA.<\/p>\n<p>Pour les salles d\u2019entreposage et de dosage, les facteurs \u00e0 prendre en compte sont les gaz, vapeurs ou poussi\u00e8res que les produits peuvent produire lors de leur manipulation (hypochlorite de sodium, hypochlorite de calcium, chlore gazeux, etc.), l\u2019\u00e9tanch\u00e9it\u00e9 des contenants et la fa\u00e7on dont ils sont manipul\u00e9s (livraison en vrac ou dilution \u00e0 partir du transvasement de petits contenants).<\/p>\n<p>Vous pouvez prendre connaissance des proc\u00e9dures de r\u00e9ception s\u00e9curitaire des produits chimiques \u00e0 :<br \/>\n<a href=\"https:\/\/www.apsam.com\/theme\/risques-chimiques\/reception-securitaire-des-produits-chimiques\" target=\"_blank\" rel=\"noopener noreferrer\">https:\/\/www.apsam.com\/theme\/risques-chimiques\/reception-securitaire-des-produits-chimiques<\/a><\/p>\n<p>L\u2019employeur doit s\u2019assurer que les syst\u00e8mes de ventilation ne soient pas arr\u00eat\u00e9s pendant les heures de baignade (notamment pour faire des \u00e9conomies d\u2019\u00e9nergie) ou de travail. Il ne doit pas non plus n\u00e9gliger l\u2019entretien pr\u00e9ventif des \u00e9quipements qui permettent la ventilation et la d\u00e9shumidification de l\u2019air (ex. : grilles ou filtres bouch\u00e9s par du pollen) afin de maintenir la qualit\u00e9 de l\u2019air ou d\u2019\u00e9viter sa d\u00e9gradation.[\/vc_column_text][\/vc_accordion_tab][vc_accordion_tab title=\u00a0\u00bbR\u00c8GLEMENTS DE S\u00c9CURIT\u00c9 DES ORGANISMES SPORTIFS\u00a0\u00bb][vc_column_text]En vertu de l\u2019article 26 de la Loi sur la s\u00e9curit\u00e9 dans les sports, une f\u00e9d\u00e9ration sportive ou un organisme sportif non affili\u00e9 \u00e0 une f\u00e9d\u00e9ration doit adopter un r\u00e8glement de s\u00e9curit\u00e9.<\/p>\n<p>Ce r\u00e8glement contient notamment des dispositions sur :<\/p>\n<ul>\n<li>La qualit\u00e9 des lieux<\/li>\n<li>L\u2019\u00e9quipement des participants<\/li>\n<li>Le contr\u00f4le de l\u2019\u00e9tat de sant\u00e9 des participants<\/li>\n<li>La formation et l\u2019entra\u00eenement des participants<\/li>\n<li>Les normes de pratique du sport<\/li>\n<li>Les sanctions en cas de non-respect du r\u00e8glement de s\u00e9curit\u00e9<\/li>\n<\/ul>\n<p>Pour conna\u00eetre le r\u00e8glement de s\u00e9curit\u00e9 d\u2019un organisme sportif, consultez son site web.[\/vc_column_text][\/vc_accordion_tab][\/vc_accordion][\/vc_column][\/vc_row][vc_row][\/vc_row][vc_row row_height_percent=\u00a0\u00bb0&Prime; overlay_alpha=\u00a0\u00bb50&Prime; gutter_size=\u00a0\u00bb3&Prime; shift_y=\u00a0\u00bb0&Prime; css=\u00a0\u00bb.vc_custom_1569108843026{margin-bottom: 50px !important;}\u00a0\u00bb][vc_column width=\u00a0\u00bb1\/1&Prime;][vc_button button_color=\u00a0\u00bbaccent\u00a0\u00bb size=\u00a0\u00bbbtn-lg\u00a0\u00bb radius=\u00a0\u00bbbtn-circle\u00a0\u00bb link=\u00a0\u00bburl:https%3A%2F%2Fwww.guides-sports-loisirs.ca%2Fpiscines-et-pataugeoires%2Fwp-content%2Fuploads%2Fsites%2F12%2F2017%2F03%2F3.1_LoisReglementsNormes_Reglements_Web.pdf||target:%20_blank|\u00a0\u00bb icon=\u00a0\u00bbfa fa-file-o\u00a0\u00bb el_class=\u00a0\u00bbbtn-pdf\u00a0\u00bb]Version PDF[\/vc_button][\/vc_column][\/vc_row]<\/p>\n<\/div>","protected":false},"excerpt":{"rendered":"<p>[vc_row][vc_column width=\u00a0\u00bb1\/1&Prime;][vc_column_text]Les municipalit\u00e9s, les organismes et les entreprises priv\u00e9es qui offrent des services au public sont soumis au respect de [&hellip;]<\/p>\n","protected":false},"author":11,"featured_media":0,"parent":2255,"menu_order":19,"comment_status":"closed","ping_status":"closed","template":"","meta":{"_acf_changed":false,"footnotes":""},"class_list":["post-2256","page","type-page","status-publish","hentry"],"acf":[],"yoast_head":"<!-- This site is optimized with the Yoast SEO plugin v27.4 - https:\/\/yoast.com\/product\/yoast-seo-wordpress\/ -->\n<title>R\u00e8glements - Piscines et pataugeoires<\/title>\n<meta name=\"robots\" content=\"index, follow, max-snippet:-1, max-image-preview:large, max-video-preview:-1\" \/>\n<link rel=\"canonical\" href=\"https:\/\/www.guides-sports-loisirs.ca\/piscines-et-pataugeoires\/lois-reglements-normes\/reglements\/\" \/>\n<meta property=\"og:locale\" content=\"fr_FR\" \/>\n<meta property=\"og:type\" content=\"article\" \/>\n<meta property=\"og:title\" content=\"R\u00e8glements - Piscines et pataugeoires\" \/>\n<meta property=\"og:description\" content=\"[vc_row][vc_column width=\u00a0\u00bb1\/1&Prime;][vc_column_text]Les municipalit\u00e9s, les organismes et les entreprises priv\u00e9es qui offrent des services au public sont soumis au respect de [&hellip;]\" \/>\n<meta property=\"og:url\" content=\"https:\/\/www.guides-sports-loisirs.ca\/piscines-et-pataugeoires\/lois-reglements-normes\/reglements\/\" \/>\n<meta property=\"og:site_name\" content=\"Piscines et pataugeoires\" \/>\n<meta property=\"article:modified_time\" content=\"2020-08-17T17:38:31+00:00\" \/>\n<meta name=\"twitter:card\" content=\"summary_large_image\" \/>\n<meta name=\"twitter:label1\" content=\"Dur\u00e9e de lecture estim\u00e9e\" \/>\n\t<meta name=\"twitter:data1\" content=\"8 minutes\" \/>\n<script type=\"application\/ld+json\" class=\"yoast-schema-graph\">{\"@context\":\"https:\\\/\\\/schema.org\",\"@graph\":[{\"@type\":\"WebPage\",\"@id\":\"https:\\\/\\\/www.guides-sports-loisirs.ca\\\/piscines-et-pataugeoires\\\/lois-reglements-normes\\\/reglements\\\/\",\"url\":\"https:\\\/\\\/www.guides-sports-loisirs.ca\\\/piscines-et-pataugeoires\\\/lois-reglements-normes\\\/reglements\\\/\",\"name\":\"R\u00e8glements - Piscines et pataugeoires\",\"isPartOf\":{\"@id\":\"https:\\\/\\\/www.guides-sports-loisirs.ca\\\/piscines-et-pataugeoires\\\/#website\"},\"datePublished\":\"2020-08-10T16:05:27+00:00\",\"dateModified\":\"2020-08-17T17:38:31+00:00\",\"breadcrumb\":{\"@id\":\"https:\\\/\\\/www.guides-sports-loisirs.ca\\\/piscines-et-pataugeoires\\\/lois-reglements-normes\\\/reglements\\\/#breadcrumb\"},\"inLanguage\":\"fr-FR\",\"potentialAction\":[{\"@type\":\"ReadAction\",\"target\":[\"https:\\\/\\\/www.guides-sports-loisirs.ca\\\/piscines-et-pataugeoires\\\/lois-reglements-normes\\\/reglements\\\/\"]}]},{\"@type\":\"BreadcrumbList\",\"@id\":\"https:\\\/\\\/www.guides-sports-loisirs.ca\\\/piscines-et-pataugeoires\\\/lois-reglements-normes\\\/reglements\\\/#breadcrumb\",\"itemListElement\":[{\"@type\":\"ListItem\",\"position\":1,\"name\":\"Accueil\",\"item\":\"https:\\\/\\\/www.guides-sports-loisirs.ca\\\/piscines-et-pataugeoires\\\/\"},{\"@type\":\"ListItem\",\"position\":2,\"name\":\"Lois, r\u00e8glements et normes\",\"item\":\"https:\\\/\\\/www.guides-sports-loisirs.ca\\\/piscines-et-pataugeoires\\\/lois-reglements-normes\\\/\"},{\"@type\":\"ListItem\",\"position\":3,\"name\":\"R\u00e8glements\"}]},{\"@type\":\"WebSite\",\"@id\":\"https:\\\/\\\/www.guides-sports-loisirs.ca\\\/piscines-et-pataugeoires\\\/#website\",\"url\":\"https:\\\/\\\/www.guides-sports-loisirs.ca\\\/piscines-et-pataugeoires\\\/\",\"name\":\"Piscines et pataugeoires\",\"description\":\"Veloparcs\",\"potentialAction\":[{\"@type\":\"SearchAction\",\"target\":{\"@type\":\"EntryPoint\",\"urlTemplate\":\"https:\\\/\\\/www.guides-sports-loisirs.ca\\\/piscines-et-pataugeoires\\\/?s={search_term_string}\"},\"query-input\":{\"@type\":\"PropertyValueSpecification\",\"valueRequired\":true,\"valueName\":\"search_term_string\"}}],\"inLanguage\":\"fr-FR\"}]}<\/script>\n<!-- \/ Yoast SEO plugin. -->","yoast_head_json":{"title":"R\u00e8glements - Piscines et pataugeoires","robots":{"index":"index","follow":"follow","max-snippet":"max-snippet:-1","max-image-preview":"max-image-preview:large","max-video-preview":"max-video-preview:-1"},"canonical":"https:\/\/www.guides-sports-loisirs.ca\/piscines-et-pataugeoires\/lois-reglements-normes\/reglements\/","og_locale":"fr_FR","og_type":"article","og_title":"R\u00e8glements - Piscines et pataugeoires","og_description":"[vc_row][vc_column width=\u00a0\u00bb1\/1&Prime;][vc_column_text]Les municipalit\u00e9s, les organismes et les entreprises priv\u00e9es qui offrent des services au public sont soumis au respect de [&hellip;]","og_url":"https:\/\/www.guides-sports-loisirs.ca\/piscines-et-pataugeoires\/lois-reglements-normes\/reglements\/","og_site_name":"Piscines et pataugeoires","article_modified_time":"2020-08-17T17:38:31+00:00","twitter_card":"summary_large_image","twitter_misc":{"Dur\u00e9e de lecture estim\u00e9e":"8 minutes"},"schema":{"@context":"https:\/\/schema.org","@graph":[{"@type":"WebPage","@id":"https:\/\/www.guides-sports-loisirs.ca\/piscines-et-pataugeoires\/lois-reglements-normes\/reglements\/","url":"https:\/\/www.guides-sports-loisirs.ca\/piscines-et-pataugeoires\/lois-reglements-normes\/reglements\/","name":"R\u00e8glements - Piscines et pataugeoires","isPartOf":{"@id":"https:\/\/www.guides-sports-loisirs.ca\/piscines-et-pataugeoires\/#website"},"datePublished":"2020-08-10T16:05:27+00:00","dateModified":"2020-08-17T17:38:31+00:00","breadcrumb":{"@id":"https:\/\/www.guides-sports-loisirs.ca\/piscines-et-pataugeoires\/lois-reglements-normes\/reglements\/#breadcrumb"},"inLanguage":"fr-FR","potentialAction":[{"@type":"ReadAction","target":["https:\/\/www.guides-sports-loisirs.ca\/piscines-et-pataugeoires\/lois-reglements-normes\/reglements\/"]}]},{"@type":"BreadcrumbList","@id":"https:\/\/www.guides-sports-loisirs.ca\/piscines-et-pataugeoires\/lois-reglements-normes\/reglements\/#breadcrumb","itemListElement":[{"@type":"ListItem","position":1,"name":"Accueil","item":"https:\/\/www.guides-sports-loisirs.ca\/piscines-et-pataugeoires\/"},{"@type":"ListItem","position":2,"name":"Lois, r\u00e8glements et normes","item":"https:\/\/www.guides-sports-loisirs.ca\/piscines-et-pataugeoires\/lois-reglements-normes\/"},{"@type":"ListItem","position":3,"name":"R\u00e8glements"}]},{"@type":"WebSite","@id":"https:\/\/www.guides-sports-loisirs.ca\/piscines-et-pataugeoires\/#website","url":"https:\/\/www.guides-sports-loisirs.ca\/piscines-et-pataugeoires\/","name":"Piscines et pataugeoires","description":"Veloparcs","potentialAction":[{"@type":"SearchAction","target":{"@type":"EntryPoint","urlTemplate":"https:\/\/www.guides-sports-loisirs.ca\/piscines-et-pataugeoires\/?s={search_term_string}"},"query-input":{"@type":"PropertyValueSpecification","valueRequired":true,"valueName":"search_term_string"}}],"inLanguage":"fr-FR"}]}},"_links":{"self":[{"href":"https:\/\/www.guides-sports-loisirs.ca\/piscines-et-pataugeoires\/wp-json\/wp\/v2\/pages\/2256","targetHints":{"allow":["GET"]}}],"collection":[{"href":"https:\/\/www.guides-sports-loisirs.ca\/piscines-et-pataugeoires\/wp-json\/wp\/v2\/pages"}],"about":[{"href":"https:\/\/www.guides-sports-loisirs.ca\/piscines-et-pataugeoires\/wp-json\/wp\/v2\/types\/page"}],"author":[{"embeddable":true,"href":"https:\/\/www.guides-sports-loisirs.ca\/piscines-et-pataugeoires\/wp-json\/wp\/v2\/users\/11"}],"replies":[{"embeddable":true,"href":"https:\/\/www.guides-sports-loisirs.ca\/piscines-et-pataugeoires\/wp-json\/wp\/v2\/comments?post=2256"}],"version-history":[{"count":21,"href":"https:\/\/www.guides-sports-loisirs.ca\/piscines-et-pataugeoires\/wp-json\/wp\/v2\/pages\/2256\/revisions"}],"predecessor-version":[{"id":3223,"href":"https:\/\/www.guides-sports-loisirs.ca\/piscines-et-pataugeoires\/wp-json\/wp\/v2\/pages\/2256\/revisions\/3223"}],"up":[{"embeddable":true,"href":"https:\/\/www.guides-sports-loisirs.ca\/piscines-et-pataugeoires\/wp-json\/wp\/v2\/pages\/2255"}],"wp:attachment":[{"href":"https:\/\/www.guides-sports-loisirs.ca\/piscines-et-pataugeoires\/wp-json\/wp\/v2\/media?parent=2256"}],"curies":[{"name":"wp","href":"https:\/\/api.w.org\/{rel}","templated":true}]}}