{"id":2022,"date":"2020-08-10T11:13:38","date_gmt":"2020-08-10T15:13:38","guid":{"rendered":"https:\/\/www.guides-sports-loisirs.ca\/piscines-et-pataugeoires\/?page_id=2022"},"modified":"2020-08-17T13:32:58","modified_gmt":"2020-08-17T17:32:58","slug":"systeme-signaletique","status":"publish","type":"page","link":"https:\/\/www.guides-sports-loisirs.ca\/piscines-et-pataugeoires\/amenagement\/systeme-signaletique\/","title":{"rendered":"Syst\u00e8me signal\u00e9tique"},"content":{"rendered":"<div class=\"wpb-content-wrapper\"><p>[vc_row][vc_column width=\u00a0\u00bb1\/1&Prime;][vc_column_text]Le syst\u00e8me signal\u00e9tique est une composante essentielle du bon fonctionnement d\u2019une installation aquatique. Il organise l\u2019espace, oriente les usagers et pr\u00e9cise les comportements \u00e0 adopter dans un espace commun (accueil, vestiaires, promenade, bassins, etc.).<\/p>\n<p>Afin d\u2019assurer une bonne compr\u00e9hension des messages, nous recommandons la standardisation du syst\u00e8me d\u2019information de la signal\u00e9tique int\u00e9rieure et ext\u00e9rieure. Cette standardisation assurera une meilleure coh\u00e9rence, une flexibilit\u00e9 et une harmonie visuelle dans l\u2019ensemble des installations.<\/p>\n<p>De fa\u00e7on g\u00e9n\u00e9rale, le syst\u00e8me signal\u00e9tique se d\u00e9cline en quatre cat\u00e9gories : identification, directionnelle, informative et r\u00e9glementaire.[\/vc_column_text][vc_accordion active_tab=\u00a0\u00bb0&Prime;][vc_accordion_tab title=\u00a0\u00bbSIGNALISATION D\u2019IDENTIFICATION\u00a0\u00bb][vc_column_text]Comme son nom l\u2019indique, la signalisation d\u2019identification permet \u00e0 l\u2019usager de savoir o\u00f9 il se trouve dans l\u2019ensemble d\u2019un lieu. Elle indique des points de rep\u00e8re ou des structures sp\u00e9cifiques.<\/p>\n<p>Elle vise \u00e0 fournir des renseignements aux usagers qui ne sont pas familiers avec l\u2019installation aquatique et, ainsi, \u00e0 leur permettre de trouver ais\u00e9ment les principaux locaux, les usages et les occupants.<\/p>\n<p>Ce syst\u00e8me comprend une s\u00e9rie de panneaux, indiquant notamment :<\/p>\n<ul>\n<li>Le nom et les coordonn\u00e9es du b\u00e2timent<\/li>\n<li>Les stationnements, le d\u00e9barcad\u00e8re et le quai de r\u00e9ception des marchandises<\/li>\n<li>Les entr\u00e9es et les sorties<\/li>\n<li>Les locaux et les autres destinations communes (accueil, vestiaires, bassins, toilettes, salles de repos, salles de conf\u00e9rence, etc.)<\/li>\n<li>Les \u00e9tages<\/li>\n<li>Les vestiaires universels ou genr\u00e9s<\/li>\n<li>Les sorties d\u2019urgence<\/li>\n<li>Le local de premiers secours<\/li>\n<\/ul>\n<p>[\/vc_column_text][\/vc_accordion_tab][vc_accordion_tab title=\u00a0\u00bbSIGNALISATION DIRECTIONNELLE\u00a0\u00bb][vc_column_text]Comme son nom l\u2019indique, la signalisation directionnelle vise \u00e0 guider l\u2019usager qui n\u2019est pas familier avec l\u2019installation aquatique vers un lieu de destination (vestiaire, piscine, gradins, etc.).<\/p>\n<p>Ce syst\u00e8me comprend principalement des panneaux directionnels et des plaques d\u2019identification des lieux. Il est \u00e9galement possible de pr\u00e9senter un plan ou une maquette de l\u2019ensemble des lieux.<\/p>\n<p>Les panneaux doivent \u00eatre install\u00e9s \u00e0 des endroits strat\u00e9giques afin de permettre de s\u2019orienter ad\u00e9quatement, notamment :<\/p>\n<ul>\n<li>Dans le hall d\u2019entr\u00e9e du b\u00e2timent pour aider \u00e0 trouver les comptoirs d\u2019accueil, les bureaux, les quais de chargement et les autres destinations communes<\/li>\n<li>Dans les ascenseurs pour informer les usagers des services situ\u00e9s \u00e0 un \u00e9tage particulier<\/li>\n<li>Aux intersections de corridors o\u00f9 la direction \u00e0 prendre n\u2019est pas \u00e9vidente<\/li>\n<li>\u00c0 l\u2019entr\u00e9e et \u00e0 la sortie des vestiaires pour permettre aux usagers de faire le bon choix<\/li>\n<\/ul>\n<p>[\/vc_column_text][\/vc_accordion_tab][vc_accordion_tab title=\u00a0\u00bbSIGNALISATION D\u2019INFORMATION\u00a0\u00bb][vc_column_text]Comme son nom l\u2019indique, la signalisation informative vise \u00e0 fournir des renseignements \u00e0 caract\u00e8re informationnel.<\/p>\n<p>Les panneaux informatifs offrent des informations utiles en cours de route, dont :<\/p>\n<ul>\n<li>Les activit\u00e9s offertes ou possibles dans l\u2019\u00e9tablissement<\/li>\n<li>O\u00f9 et comment on peut acc\u00e9der \u00e0 plus d\u2019informations sur l\u2019installation (par exemple, \u00e0 la r\u00e9ception ou \u00e0 l\u2019\u00e9cran d\u2019information)<\/li>\n<\/ul>\n<p>Selon la r\u00e9glementation en vigueur (R\u00e8glement sur la s\u00e9curit\u00e9 dans les bains publics, chapitre B-1.1, r.11 et R\u00e8glement sur la qualit\u00e9 de l\u2019eau des piscines et autres bassins artificiels, chapitre Q-2, r.39, SIMDUT 2015, Code de construction du Qu\u00e9bec, etc.), plusieurs informations doivent \u00eatre affich\u00e9es bien \u00e0 la vue des baigneurs, notamment :<\/p>\n<ul>\n<li>Le nombre maximum de baigneurs dans la piscine et sur la promenade (en caract\u00e8res d\u2019au moins 150 mm de hauteur)<\/li>\n<li>Les fiches de donn\u00e9es de s\u00e9curit\u00e9 et affiches du lieu de travail (SIMDUT 2015)<\/li>\n<li>L\u2019identification des r\u00e9seaux de canalisation (SIMDUT 2015)<\/li>\n<li>L\u2019emplacement du local de premiers secours et du DEA<\/li>\n<li>Les profondeurs de l\u2019eau<\/li>\n<li>La douche d\u2019urgence<\/li>\n<\/ul>\n<p>Nous recommandons \u00e9galement d\u2019afficher :<\/p>\n<ul>\n<li>le plan d\u2019\u00e9vacuation de l\u2019\u00e9tablissement;<\/li>\n<li>le plan de surveillance;<\/li>\n<li>les analyses et temp\u00e9ratures des eaux de baignade (tous les jours).<\/li>\n<\/ul>\n<p>[\/vc_column_text][\/vc_accordion_tab][vc_accordion_tab title=\u00a0\u00bbSIGNALISATION R\u00c9GLEMENTAIRE\u00a0\u00bb][vc_column_text css=\u00a0\u00bb.vc_custom_1597074656463{margin-bottom: 35px !important;}\u00a0\u00bb]La signalisation r\u00e9glementaire vise principalement \u00e0 faire conna\u00eetre \u00e0 l\u2019usager les r\u00e8glements en vigueur ainsi que les consignes de s\u00e9curit\u00e9 et d\u2019hygi\u00e8ne. Afin de faciliter leur compr\u00e9hension, il est recommand\u00e9 de les regrouper en six cat\u00e9gories :<\/p>\n<ul>\n<li>Les r\u00e8glements g\u00e9n\u00e9raux<\/li>\n<li>Les r\u00e8gles sp\u00e9cifiques \u00e0 certains \u00e9quipements (tremplins, glissade, etc.), \u00e0 afficher \u00e0 proximit\u00e9 de ces derniers<\/li>\n<li>Les r\u00e8gles d\u2019accompagnement<\/li>\n<li>Les codes de comportement (g\u00e9n\u00e9ral, couloir de natation, hygi\u00e8ne et pr\u00e9vention des infections)<\/li>\n<li>Les sorties de secours et extincteurs<\/li>\n<li>Les mesures d\u2019urgence (point de rassemblement en cas d\u2019incendie ou de fuite de mati\u00e8res dangereuses)<\/li>\n<\/ul>\n<p>[\/vc_column_text][vc_row_inner][vc_column_inner width=\u00a0\u00bb1\/4&Prime;][vc_single_image media=\u00a0\u00bb2802&Prime; media_width_percent=\u00a0\u00bb100&Prime;][\/vc_column_inner][vc_column_inner column_width_percent=\u00a0\u00bb100&Prime; position_vertical=\u00a0\u00bbmiddle\u00a0\u00bb gutter_size=\u00a0\u00bb3&Prime; overlay_alpha=\u00a0\u00bb50&Prime; medium_width=\u00a0\u00bb0&Prime; shift_x=\u00a0\u00bb0&Prime; shift_y=\u00a0\u00bb0&Prime; z_index=\u00a0\u00bb0&Prime; width=\u00a0\u00bb3\/4&Prime;][vc_column_text]Il est \u00e9galement recommand\u00e9 de fournir aux intervenants aquatiques un registre des r\u00e8glements, avec leurs objectifs et leur bien-fond\u00e9. Cela permettra d\u2019informer et de former le personnel afin d\u2019intervenir de fa\u00e7on plus efficace aupr\u00e8s des usagers.<\/p>\n<p>Lors de l\u2019\u00e9laboration des r\u00e8glements et des consignes de s\u00e9curit\u00e9, il est important que l\u2019exploitant d\u2019un lieu de baignade adopte une approche inclusive. Il doit v\u00e9rifier si l\u2019application d\u2019un r\u00e8glement ou d\u2019une consigne prend en compte les r\u00e9alit\u00e9s et les besoins des diff\u00e9rents ensembles de personnes : femmes, hommes et autres.[\/vc_column_text][\/vc_column_inner][\/vc_row_inner][vc_column_text css=\u00a0\u00bb.vc_custom_1597074704052{margin-top: 35px !important;}\u00a0\u00bb]Il est essentiel de s\u2019assurer que les panneaux se trouvent aux endroits appropri\u00e9s, soit \u00e0 proximit\u00e9 imm\u00e9diate du lieu ou de l\u2019\u00e9quipement sur lequel on veut attirer l\u2019attention. Ainsi, une affiche indiquant les normes d\u2019utilisation du tremplin doit se trouver pr\u00e8s de la base de ce dernier, bien \u00e0 la vue de l\u2019usager.<\/p>\n<p>Dans le cadre d\u2019une approche inclusive, il est essentiel que la signalisation tienne compte des besoins des personnes ayant une limitation fonctionnelle.<\/p>\n<p>Assurez-vous que :<\/p>\n<ul>\n<li>Les informations pour organiser une visite sont disponibles et \u00e0 jour (heures d\u2019ouverture, coordonn\u00e9es de l\u2019\u00e9tablissement, services offerts, num\u00e9ro de t\u00e9l\u00e9phone permettant de joindre un employ\u00e9 de la piscine).<\/li>\n<li>Ces informations sont disponibles sur diff\u00e9rents supports (web, affichage \u00e0 l\u2019entr\u00e9e de l\u2019\u00e9tablissement, etc.).<\/li>\n<li>Un plan d\u2019ensemble de l\u2019installation (en relief) est disponible \u00e0 l\u2019accueil.<\/li>\n<li>Les panneaux de signalisation sont install\u00e9s dans des endroits visibles.<\/li>\n<li>Les panneaux pr\u00e9sentent des caract\u00e8res en relief, des signaux tactiles ou l\u2019\u00e9quivalent en braille.<\/li>\n<li>Les panneaux offrent des couleurs contrastantes.<\/li>\n<li>Les caract\u00e8res sont simples et gros.<\/li>\n<li>Les messages contenus sont courts, concis et simples.<\/li>\n<li>Des documents \u00e9crits (feuillets, d\u00e9pliants, etc.) sont disponibles aux usagers \u00e0 l\u2019accueil.<\/li>\n<li>Les informations sont traduites en synth\u00e8se vocale.<\/li>\n<\/ul>\n<p>[\/vc_column_text][vc_column_text css_animation=\u00a0\u00bbzoom-in\u00a0\u00bb animation_delay=\u00a0\u00bb600&Prime; border_color=\u00a0\u00bbcolor-131080&Prime; border_style=\u00a0\u00bbdashed\u00a0\u00bb css=\u00a0\u00bb.vc_custom_1597410134291{margin-top: 35px !important;padding-top: 7px !important;padding-right: 10px !important;padding-bottom: 7px !important;padding-left: 10px !important;}\u00a0\u00bb el_class=\u00a0\u00bbbox-attention\u00a0\u00bb]<img decoding=\"async\" class=\"wp-image-2807 size-full alignleft\" src=\"https:\/\/www.guides-sports-loisirs.ca\/piscines-et-pataugeoires\/wp-content\/uploads\/sites\/12\/2020\/08\/exclamation.png\" alt=\"\" width=\"11\" height=\"30\" \/><\/p>\n<p><strong>Les sorties de secours doivent \u00eatre d\u00e9gag\u00e9es et libres d\u2019acc\u00e8s (autant \u00e0 l\u2019int\u00e9rieur qu\u2019\u00e0 l\u2019ext\u00e9rieur)<br \/>\n<\/strong><strong>Les locaux techniques sont verrouill\u00e9s et r\u00e9serv\u00e9s aux travailleurs autoris\u00e9s.<\/strong><\/p>\n<p>C\u2019est notamment le cas de la salle m\u00e9canique et de la salle d\u2019entreposage et de dosage des produits chimiques. \u00c0 noter que ceux-ci peuvent se trouver dans la m\u00eame pi\u00e8ce.<\/p>\n<p>Il en est de m\u00eame pour la salle \u00e9lectrique. Celle-ci ne doit pas servir \u00e0 l\u2019entreposage de produits chimiques ou d\u2019armoire \u00e0 balais, car la poussi\u00e8re augmente les risques d\u2019\u00e9clat d\u2019arc (\u00ab arc flash \u00bb). Aucun objet ne doit \u00eatre plac\u00e9 \u00e0 moins d\u2019un m\u00e8tre d\u2019un panneau \u00e9lectrique.<br \/>\nVoir le th\u00e8me \u00c9lectricit\u00e9 de l\u2019APSAM : <a href=\"https:\/\/www.apsam.com\/theme\/risques-la-securite-ou-mecaniques\/electricite#comprehension\" target=\"_blank\" rel=\"noopener noreferrer\">https:\/\/www.apsam.com\/theme\/risques-la-securite-ou-mecaniques\/electricite#comprehension<\/a>.[\/vc_column_text][\/vc_accordion_tab][\/vc_accordion][\/vc_column][\/vc_row][vc_row][\/vc_row][vc_row row_height_percent=\u00a0\u00bb0&Prime; overlay_alpha=\u00a0\u00bb50&Prime; gutter_size=\u00a0\u00bb3&Prime; shift_y=\u00a0\u00bb0&Prime; css=\u00a0\u00bb.vc_custom_1569108843026{margin-bottom: 50px !important;}\u00a0\u00bb][vc_column width=\u00a0\u00bb1\/1&Prime;][vc_button button_color=\u00a0\u00bbaccent\u00a0\u00bb size=\u00a0\u00bbbtn-lg\u00a0\u00bb radius=\u00a0\u00bbbtn-circle\u00a0\u00bb link=\u00a0\u00bburl:https%3A%2F%2Fwww.guides-sports-loisirs.ca%2Fpiscines-et-pataugeoires%2Fwp-content%2Fuploads%2Fsites%2F12%2F2017%2F03%2F2.2_Amenagement_Signaletique_Web.pdf||target:%20_blank|\u00a0\u00bb icon=\u00a0\u00bbfa fa-file-o\u00a0\u00bb el_class=\u00a0\u00bbbtn-pdf\u00a0\u00bb]Version PDF[\/vc_button][\/vc_column][\/vc_row]<\/p>\n<\/div>","protected":false},"excerpt":{"rendered":"<p>[vc_row][vc_column width=\u00a0\u00bb1\/1&Prime;][vc_column_text]Le syst\u00e8me signal\u00e9tique est une composante essentielle du bon fonctionnement d\u2019une installation aquatique. Il organise l\u2019espace, oriente les usagers [&hellip;]<\/p>\n","protected":false},"author":11,"featured_media":0,"parent":2016,"menu_order":11,"comment_status":"closed","ping_status":"closed","template":"","meta":{"_acf_changed":false,"footnotes":""},"class_list":["post-2022","page","type-page","status-publish","hentry"],"acf":[],"yoast_head":"<!-- This site is optimized with the Yoast SEO plugin v27.4 - https:\/\/yoast.com\/product\/yoast-seo-wordpress\/ -->\n<title>Syst\u00e8me signal\u00e9tique - Piscines et pataugeoires<\/title>\n<meta name=\"robots\" content=\"index, follow, max-snippet:-1, max-image-preview:large, max-video-preview:-1\" \/>\n<link rel=\"canonical\" href=\"https:\/\/www.guides-sports-loisirs.ca\/piscines-et-pataugeoires\/amenagement\/systeme-signaletique\/\" \/>\n<meta property=\"og:locale\" content=\"fr_FR\" \/>\n<meta property=\"og:type\" content=\"article\" \/>\n<meta property=\"og:title\" content=\"Syst\u00e8me signal\u00e9tique - Piscines et pataugeoires\" \/>\n<meta property=\"og:description\" content=\"[vc_row][vc_column width=\u00a0\u00bb1\/1&Prime;][vc_column_text]Le syst\u00e8me signal\u00e9tique est une composante essentielle du bon fonctionnement d\u2019une installation aquatique. Il organise l\u2019espace, oriente les usagers [&hellip;]\" \/>\n<meta property=\"og:url\" content=\"https:\/\/www.guides-sports-loisirs.ca\/piscines-et-pataugeoires\/amenagement\/systeme-signaletique\/\" \/>\n<meta property=\"og:site_name\" content=\"Piscines et pataugeoires\" \/>\n<meta property=\"article:modified_time\" content=\"2020-08-17T17:32:58+00:00\" \/>\n<meta property=\"og:image\" content=\"https:\/\/www.guides-sports-loisirs.ca\/piscines-et-pataugeoires\/wp-content\/uploads\/sites\/12\/2020\/08\/exclamation.png\" \/>\n<meta name=\"twitter:card\" content=\"summary_large_image\" \/>\n<meta name=\"twitter:label1\" content=\"Dur\u00e9e de lecture estim\u00e9e\" \/>\n\t<meta name=\"twitter:data1\" content=\"7 minutes\" \/>\n<script type=\"application\/ld+json\" class=\"yoast-schema-graph\">{\"@context\":\"https:\\\/\\\/schema.org\",\"@graph\":[{\"@type\":\"WebPage\",\"@id\":\"https:\\\/\\\/www.guides-sports-loisirs.ca\\\/piscines-et-pataugeoires\\\/amenagement\\\/systeme-signaletique\\\/\",\"url\":\"https:\\\/\\\/www.guides-sports-loisirs.ca\\\/piscines-et-pataugeoires\\\/amenagement\\\/systeme-signaletique\\\/\",\"name\":\"Syst\u00e8me signal\u00e9tique - Piscines et pataugeoires\",\"isPartOf\":{\"@id\":\"https:\\\/\\\/www.guides-sports-loisirs.ca\\\/piscines-et-pataugeoires\\\/#website\"},\"primaryImageOfPage\":{\"@id\":\"https:\\\/\\\/www.guides-sports-loisirs.ca\\\/piscines-et-pataugeoires\\\/amenagement\\\/systeme-signaletique\\\/#primaryimage\"},\"image\":{\"@id\":\"https:\\\/\\\/www.guides-sports-loisirs.ca\\\/piscines-et-pataugeoires\\\/amenagement\\\/systeme-signaletique\\\/#primaryimage\"},\"thumbnailUrl\":\"https:\\\/\\\/www.guides-sports-loisirs.ca\\\/piscines-et-pataugeoires\\\/wp-content\\\/uploads\\\/sites\\\/12\\\/2020\\\/08\\\/exclamation.png\",\"datePublished\":\"2020-08-10T15:13:38+00:00\",\"dateModified\":\"2020-08-17T17:32:58+00:00\",\"breadcrumb\":{\"@id\":\"https:\\\/\\\/www.guides-sports-loisirs.ca\\\/piscines-et-pataugeoires\\\/amenagement\\\/systeme-signaletique\\\/#breadcrumb\"},\"inLanguage\":\"fr-FR\",\"potentialAction\":[{\"@type\":\"ReadAction\",\"target\":[\"https:\\\/\\\/www.guides-sports-loisirs.ca\\\/piscines-et-pataugeoires\\\/amenagement\\\/systeme-signaletique\\\/\"]}]},{\"@type\":\"ImageObject\",\"inLanguage\":\"fr-FR\",\"@id\":\"https:\\\/\\\/www.guides-sports-loisirs.ca\\\/piscines-et-pataugeoires\\\/amenagement\\\/systeme-signaletique\\\/#primaryimage\",\"url\":\"https:\\\/\\\/www.guides-sports-loisirs.ca\\\/piscines-et-pataugeoires\\\/wp-content\\\/uploads\\\/sites\\\/12\\\/2020\\\/08\\\/exclamation.png\",\"contentUrl\":\"https:\\\/\\\/www.guides-sports-loisirs.ca\\\/piscines-et-pataugeoires\\\/wp-content\\\/uploads\\\/sites\\\/12\\\/2020\\\/08\\\/exclamation.png\",\"width\":11,\"height\":30},{\"@type\":\"BreadcrumbList\",\"@id\":\"https:\\\/\\\/www.guides-sports-loisirs.ca\\\/piscines-et-pataugeoires\\\/amenagement\\\/systeme-signaletique\\\/#breadcrumb\",\"itemListElement\":[{\"@type\":\"ListItem\",\"position\":1,\"name\":\"Accueil\",\"item\":\"https:\\\/\\\/www.guides-sports-loisirs.ca\\\/piscines-et-pataugeoires\\\/\"},{\"@type\":\"ListItem\",\"position\":2,\"name\":\"Am\u00e9nagement\",\"item\":\"https:\\\/\\\/www.guides-sports-loisirs.ca\\\/piscines-et-pataugeoires\\\/amenagement\\\/\"},{\"@type\":\"ListItem\",\"position\":3,\"name\":\"Syst\u00e8me signal\u00e9tique\"}]},{\"@type\":\"WebSite\",\"@id\":\"https:\\\/\\\/www.guides-sports-loisirs.ca\\\/piscines-et-pataugeoires\\\/#website\",\"url\":\"https:\\\/\\\/www.guides-sports-loisirs.ca\\\/piscines-et-pataugeoires\\\/\",\"name\":\"Piscines et pataugeoires\",\"description\":\"Veloparcs\",\"potentialAction\":[{\"@type\":\"SearchAction\",\"target\":{\"@type\":\"EntryPoint\",\"urlTemplate\":\"https:\\\/\\\/www.guides-sports-loisirs.ca\\\/piscines-et-pataugeoires\\\/?s={search_term_string}\"},\"query-input\":{\"@type\":\"PropertyValueSpecification\",\"valueRequired\":true,\"valueName\":\"search_term_string\"}}],\"inLanguage\":\"fr-FR\"}]}<\/script>\n<!-- \/ Yoast SEO plugin. -->","yoast_head_json":{"title":"Syst\u00e8me signal\u00e9tique - Piscines et pataugeoires","robots":{"index":"index","follow":"follow","max-snippet":"max-snippet:-1","max-image-preview":"max-image-preview:large","max-video-preview":"max-video-preview:-1"},"canonical":"https:\/\/www.guides-sports-loisirs.ca\/piscines-et-pataugeoires\/amenagement\/systeme-signaletique\/","og_locale":"fr_FR","og_type":"article","og_title":"Syst\u00e8me signal\u00e9tique - Piscines et pataugeoires","og_description":"[vc_row][vc_column width=\u00a0\u00bb1\/1&Prime;][vc_column_text]Le syst\u00e8me signal\u00e9tique est une composante essentielle du bon fonctionnement d\u2019une installation aquatique. Il organise l\u2019espace, oriente les usagers [&hellip;]","og_url":"https:\/\/www.guides-sports-loisirs.ca\/piscines-et-pataugeoires\/amenagement\/systeme-signaletique\/","og_site_name":"Piscines et pataugeoires","article_modified_time":"2020-08-17T17:32:58+00:00","og_image":[{"url":"https:\/\/www.guides-sports-loisirs.ca\/piscines-et-pataugeoires\/wp-content\/uploads\/sites\/12\/2020\/08\/exclamation.png","type":"","width":"","height":""}],"twitter_card":"summary_large_image","twitter_misc":{"Dur\u00e9e de lecture estim\u00e9e":"7 minutes"},"schema":{"@context":"https:\/\/schema.org","@graph":[{"@type":"WebPage","@id":"https:\/\/www.guides-sports-loisirs.ca\/piscines-et-pataugeoires\/amenagement\/systeme-signaletique\/","url":"https:\/\/www.guides-sports-loisirs.ca\/piscines-et-pataugeoires\/amenagement\/systeme-signaletique\/","name":"Syst\u00e8me signal\u00e9tique - Piscines et pataugeoires","isPartOf":{"@id":"https:\/\/www.guides-sports-loisirs.ca\/piscines-et-pataugeoires\/#website"},"primaryImageOfPage":{"@id":"https:\/\/www.guides-sports-loisirs.ca\/piscines-et-pataugeoires\/amenagement\/systeme-signaletique\/#primaryimage"},"image":{"@id":"https:\/\/www.guides-sports-loisirs.ca\/piscines-et-pataugeoires\/amenagement\/systeme-signaletique\/#primaryimage"},"thumbnailUrl":"https:\/\/www.guides-sports-loisirs.ca\/piscines-et-pataugeoires\/wp-content\/uploads\/sites\/12\/2020\/08\/exclamation.png","datePublished":"2020-08-10T15:13:38+00:00","dateModified":"2020-08-17T17:32:58+00:00","breadcrumb":{"@id":"https:\/\/www.guides-sports-loisirs.ca\/piscines-et-pataugeoires\/amenagement\/systeme-signaletique\/#breadcrumb"},"inLanguage":"fr-FR","potentialAction":[{"@type":"ReadAction","target":["https:\/\/www.guides-sports-loisirs.ca\/piscines-et-pataugeoires\/amenagement\/systeme-signaletique\/"]}]},{"@type":"ImageObject","inLanguage":"fr-FR","@id":"https:\/\/www.guides-sports-loisirs.ca\/piscines-et-pataugeoires\/amenagement\/systeme-signaletique\/#primaryimage","url":"https:\/\/www.guides-sports-loisirs.ca\/piscines-et-pataugeoires\/wp-content\/uploads\/sites\/12\/2020\/08\/exclamation.png","contentUrl":"https:\/\/www.guides-sports-loisirs.ca\/piscines-et-pataugeoires\/wp-content\/uploads\/sites\/12\/2020\/08\/exclamation.png","width":11,"height":30},{"@type":"BreadcrumbList","@id":"https:\/\/www.guides-sports-loisirs.ca\/piscines-et-pataugeoires\/amenagement\/systeme-signaletique\/#breadcrumb","itemListElement":[{"@type":"ListItem","position":1,"name":"Accueil","item":"https:\/\/www.guides-sports-loisirs.ca\/piscines-et-pataugeoires\/"},{"@type":"ListItem","position":2,"name":"Am\u00e9nagement","item":"https:\/\/www.guides-sports-loisirs.ca\/piscines-et-pataugeoires\/amenagement\/"},{"@type":"ListItem","position":3,"name":"Syst\u00e8me signal\u00e9tique"}]},{"@type":"WebSite","@id":"https:\/\/www.guides-sports-loisirs.ca\/piscines-et-pataugeoires\/#website","url":"https:\/\/www.guides-sports-loisirs.ca\/piscines-et-pataugeoires\/","name":"Piscines et pataugeoires","description":"Veloparcs","potentialAction":[{"@type":"SearchAction","target":{"@type":"EntryPoint","urlTemplate":"https:\/\/www.guides-sports-loisirs.ca\/piscines-et-pataugeoires\/?s={search_term_string}"},"query-input":{"@type":"PropertyValueSpecification","valueRequired":true,"valueName":"search_term_string"}}],"inLanguage":"fr-FR"}]}},"_links":{"self":[{"href":"https:\/\/www.guides-sports-loisirs.ca\/piscines-et-pataugeoires\/wp-json\/wp\/v2\/pages\/2022","targetHints":{"allow":["GET"]}}],"collection":[{"href":"https:\/\/www.guides-sports-loisirs.ca\/piscines-et-pataugeoires\/wp-json\/wp\/v2\/pages"}],"about":[{"href":"https:\/\/www.guides-sports-loisirs.ca\/piscines-et-pataugeoires\/wp-json\/wp\/v2\/types\/page"}],"author":[{"embeddable":true,"href":"https:\/\/www.guides-sports-loisirs.ca\/piscines-et-pataugeoires\/wp-json\/wp\/v2\/users\/11"}],"replies":[{"embeddable":true,"href":"https:\/\/www.guides-sports-loisirs.ca\/piscines-et-pataugeoires\/wp-json\/wp\/v2\/comments?post=2022"}],"version-history":[{"count":20,"href":"https:\/\/www.guides-sports-loisirs.ca\/piscines-et-pataugeoires\/wp-json\/wp\/v2\/pages\/2022\/revisions"}],"predecessor-version":[{"id":3216,"href":"https:\/\/www.guides-sports-loisirs.ca\/piscines-et-pataugeoires\/wp-json\/wp\/v2\/pages\/2022\/revisions\/3216"}],"up":[{"embeddable":true,"href":"https:\/\/www.guides-sports-loisirs.ca\/piscines-et-pataugeoires\/wp-json\/wp\/v2\/pages\/2016"}],"wp:attachment":[{"href":"https:\/\/www.guides-sports-loisirs.ca\/piscines-et-pataugeoires\/wp-json\/wp\/v2\/media?parent=2022"}],"curies":[{"name":"wp","href":"https:\/\/api.w.org\/{rel}","templated":true}]}}