{"id":1828,"date":"2020-08-10T09:00:36","date_gmt":"2020-08-10T13:00:36","guid":{"rendered":"https:\/\/www.guides-sports-loisirs.ca\/piscines-et-pataugeoires\/?page_id=1828"},"modified":"2020-08-17T13:30:41","modified_gmt":"2020-08-17T17:30:41","slug":"accessibilite-universelle","status":"publish","type":"page","link":"https:\/\/www.guides-sports-loisirs.ca\/piscines-et-pataugeoires\/programmation\/accessibilite-universelle\/","title":{"rendered":"Accessibilit\u00e9 universelle (AU)"},"content":{"rendered":"<div class=\"wpb-content-wrapper\"><p>[vc_row][vc_column width=\u00a0\u00bb1\/1&Prime;][vc_accordion active_tab=\u00a0\u00bb1&Prime;][vc_accordion_tab title=\u00a0\u00bbLE CONCEPT D\u2019ACCESSIBILIT\u00c9 UNIVERSELLE\u00a0\u00bb][vc_column_text]Le concept d\u2019accessibilit\u00e9 universelle est fond\u00e9 sur une approche d\u2019inclusion permettant \u00e0 toute personne, quelles que soient ses capacit\u00e9s, l\u2019utilisation identique ou similaire, autonome et simultan\u00e9e des services offerts \u00e0 l\u2019ensemble de la population.<\/p>\n<p>Ainsi, selon ces principes, toute personne devrait pouvoir acc\u00e9der \u00e0 une installation aquatique, s\u2019y orienter, s\u2019y d\u00e9placer, utiliser les services offerts \u00e0 tous et y vivre des exp\u00e9riences \u00e9quivalentes \u00e0 celles des autres usagers.<\/p>\n<p>Pour y arriver, il importe que les interventions r\u00e9alis\u00e9es afin de rendre une installation, un service ou une activit\u00e9 plus accessible soient effectu\u00e9es de fa\u00e7on transversale et comprennent des actions sur le cadre b\u00e2ti, la programmation des activit\u00e9s, la communication ainsi que la formation et la sensibilisation.<\/p>\n<p>\u00c0 titre d\u2019exemple, une installation aquatique parfaitement adapt\u00e9e physiquement aux besoins des personnes ayant une limitation fonctionnelle ne saurait \u00eatre accessible si le personnel n\u2019est pas form\u00e9 \u00e0 les accueillir et \u00e0 intervenir aupr\u00e8s d\u2019elles et si la client\u00e8le manifeste un comportement inappropri\u00e9 \u00e0 leur \u00e9gard. Il en va de m\u00eame pour une activit\u00e9 dont le contenu est parfaitement accessible \u00e0 tous, mais qui n\u2019a pas \u00e9t\u00e9 promue aupr\u00e8s de toutes les client\u00e8les concern\u00e9es.<\/p>\n<p>Sensibiliser les clients r\u00e9guliers \u00e0 la r\u00e9alit\u00e9 des personnes ayant une limitation fonctionnelle, offrir des activit\u00e9s \u00e0 contenu accessible, diffuser de l\u2019information sur plusieurs plateformes au sujet des activit\u00e9s offertes, adapter l\u2019am\u00e9nagement b\u00e2ti et former les employ\u00e9s \u00e0 interagir aupr\u00e8s des personnes ayant une limitation fonctionnelle sont autant de fa\u00e7ons d\u2019am\u00e9liorer l\u2019accessibilit\u00e9 des lieux de baignade.<\/p>\n<p>&nbsp;<\/p>\n<p><strong>Les sept types de limitation fonctionnelle<\/strong><\/p>\n<p>Les personnes ayant une limitation fonctionnelle souhaitent b\u00e9n\u00e9ficier, au m\u00eame titre que tous les usagers, des activit\u00e9s et services qui sont offerts \u00e0 tout le monde dans les piscines municipales. Ces personnes risquent toutefois de rencontrer plusieurs obstacles. Il importe alors de bien r\u00e9pondre \u00e0 leurs besoins afin d\u2019assurer leur participation.<\/p>\n<p>L\u2019identification des besoins sp\u00e9cifiques aux personnes ayant une limitation fonctionnelle est essentielle \u00e0 une bonne prise en compte de leur r\u00e9alit\u00e9. Or, il faut savoir que ces besoins sont nombreux et diversifi\u00e9s et qu\u2019il est tr\u00e8s difficile de trouver un mod\u00e8le faisant consensus aupr\u00e8s de tous les acteurs du milieu. Pour avoir un langage commun lorsqu\u2019il s\u2019agit de nommer cette r\u00e9alit\u00e9, c\u2019est au concept de limitation fonctionnelle que se r\u00e9f\u00e8rent g\u00e9n\u00e9ralement les regroupements \u0153uvrant dans le domaine de l\u2019inclusion sociale.<\/p>\n<p>En coh\u00e9rence avec le concept d\u2019accessibilit\u00e9 universelle, la notion de limitation fonctionnelle permet de consid\u00e9rer la r\u00e9alit\u00e9 des personnes dans son ensemble. En partant de l\u2019id\u00e9e g\u00e9n\u00e9rale que certaines personnes sont limit\u00e9es dans leurs fonctions, elle prend en compte l\u2019\u00e9tat physiologique d\u2019un individu, mais surtout l\u2019environnement physique, social et culturel qui l\u2019entoure. C\u2019est cet environnement qui restreint la participation de tous et sur lequel les initiatives d\u2019accessibilit\u00e9 universelle cherchent \u00e0 agir.<\/p>\n<p>Pour faciliter la prise en compte des besoins de tous, plusieurs enjeux ont \u00e9t\u00e9 relev\u00e9s. Ceux-ci sont regroup\u00e9s en fonction de sept limitations fonctionnelles :<\/p>\n<ul>\n<li>D\u00e9ficience motrice (DM)<\/li>\n<li>D\u00e9ficience visuelle (DV)<\/li>\n<li>D\u00e9ficience auditive (DA)<\/li>\n<li>D\u00e9ficience intellectuelle (DI)<\/li>\n<li>Trouble de langage-parole (TLP)<\/li>\n<li>Trouble de sant\u00e9 mentale (TSM)<\/li>\n<li>Trouble du spectre de l\u2019autisme (TSA)<\/li>\n<\/ul>\n<p>&nbsp;<\/p>\n<p><strong>\u00c9valuer l\u2019accessibilit\u00e9 universelle d\u2019une installation aquatique en fonction des besoins de l\u2019usager<\/strong><\/p>\n<p>Ce sont donc des enjeux pour le moins diversifi\u00e9s qu\u2019il convient de prendre en compte pour \u00e9valuer l\u2019accessibilit\u00e9 d\u2019une installation aquatique. L\u2019outil pr\u00e9sent\u00e9 \u00e0 l\u2019annexe 2 permet de faciliter cette \u00e9valuation.<\/p>\n<p>Les crit\u00e8res de la grille d\u2019\u00e9valuation sont regroup\u00e9s par zones (stationnement, hall d\u2019entr\u00e9e, vestiaires, piscine, etc.). Lors de son analyse, l\u2019exploitant d\u2019un lieu de baignade doit indiquer si le lieu de baignade satisfait ou non \u00e0 chaque crit\u00e8re. \u00c0 l\u2019extr\u00e9mit\u00e9 droite du tableau, il est possible de constater \u00e0 quel type de limitation fonctionnelle s\u2019applique le crit\u00e8re. Les cases dans cette cat\u00e9gorie doivent toutes \u00eatre coch\u00e9es pour que le lieu soit conforme au crit\u00e8re.<\/p>\n<p>Cette analyse permet par la suite \u00e0 l\u2019exploitant du lieu de baignade de prendre conscience des forces et des faiblesses de ses installations afin de d\u00e9velopper une strat\u00e9gie permettant de favoriser l\u2019accessibilit\u00e9 universelle et d\u2019augmenter l\u2019offre d\u2019activit\u00e9s aquatiques. Cette strat\u00e9gie permettra \u00e9galement \u00e0 plus de personnes de vivre une exp\u00e9rience positive, qui peut avoir un effet d\u2019entra\u00eenement : les participants reviendront, en parleront \u00e0 leurs proches, inviteront des amis \u00e0 les accompagner, etc.[\/vc_column_text][\/vc_accordion_tab][\/vc_accordion][\/vc_column][\/vc_row][vc_row][\/vc_row][vc_row row_height_percent=\u00a0\u00bb0&Prime; overlay_alpha=\u00a0\u00bb50&Prime; gutter_size=\u00a0\u00bb3&Prime; shift_y=\u00a0\u00bb0&Prime; css=\u00a0\u00bb.vc_custom_1569108843026{margin-bottom: 50px !important;}\u00a0\u00bb][vc_column width=\u00a0\u00bb1\/1&Prime;][vc_button button_color=\u00a0\u00bbaccent\u00a0\u00bb size=\u00a0\u00bbbtn-lg\u00a0\u00bb radius=\u00a0\u00bbbtn-circle\u00a0\u00bb link=\u00a0\u00bburl:https%3A%2F%2Fwww.guides-sports-loisirs.ca%2Fpiscines-et-pataugeoires%2Fwp-content%2Fuploads%2Fsites%2F12%2F2017%2F03%2F1.3_Programmation_AccessibiliteUniverselle_Web.pdf||target:%20_blank|\u00a0\u00bb icon=\u00a0\u00bbfa fa-file-o\u00a0\u00bb el_class=\u00a0\u00bbbtn-pdf\u00a0\u00bb]Version PDF[\/vc_button][\/vc_column][\/vc_row]<\/p>\n<\/div>","protected":false},"excerpt":{"rendered":"<p>[vc_row][vc_column width=\u00a0\u00bb1\/1&Prime;][vc_accordion active_tab=\u00a0\u00bb1&Prime;][vc_accordion_tab title=\u00a0\u00bbLE CONCEPT D\u2019ACCESSIBILIT\u00c9 UNIVERSELLE\u00a0\u00bb][vc_column_text]Le concept d\u2019accessibilit\u00e9 universelle est fond\u00e9 sur une approche d\u2019inclusion permettant \u00e0 toute personne, [&hellip;]<\/p>\n","protected":false},"author":11,"featured_media":0,"parent":1803,"menu_order":7,"comment_status":"closed","ping_status":"closed","template":"","meta":{"_acf_changed":false,"footnotes":""},"class_list":["post-1828","page","type-page","status-publish","hentry"],"acf":[],"yoast_head":"<!-- This site is optimized with the Yoast SEO plugin v27.4 - https:\/\/yoast.com\/product\/yoast-seo-wordpress\/ -->\n<title>Accessibilit\u00e9 universelle (AU) - Piscines et pataugeoires<\/title>\n<meta name=\"robots\" content=\"index, follow, max-snippet:-1, max-image-preview:large, max-video-preview:-1\" \/>\n<link rel=\"canonical\" href=\"https:\/\/www.guides-sports-loisirs.ca\/piscines-et-pataugeoires\/programmation\/accessibilite-universelle\/\" \/>\n<meta property=\"og:locale\" content=\"fr_FR\" \/>\n<meta property=\"og:type\" content=\"article\" \/>\n<meta property=\"og:title\" content=\"Accessibilit\u00e9 universelle (AU) - Piscines et pataugeoires\" \/>\n<meta property=\"og:description\" content=\"[vc_row][vc_column width=\u00a0\u00bb1\/1&Prime;][vc_accordion active_tab=\u00a0\u00bb1&Prime;][vc_accordion_tab title=\u00a0\u00bbLE CONCEPT D\u2019ACCESSIBILIT\u00c9 UNIVERSELLE\u00a0\u00bb][vc_column_text]Le concept d\u2019accessibilit\u00e9 universelle est fond\u00e9 sur une approche d\u2019inclusion permettant \u00e0 toute personne, [&hellip;]\" \/>\n<meta property=\"og:url\" content=\"https:\/\/www.guides-sports-loisirs.ca\/piscines-et-pataugeoires\/programmation\/accessibilite-universelle\/\" \/>\n<meta property=\"og:site_name\" content=\"Piscines et pataugeoires\" \/>\n<meta property=\"article:modified_time\" content=\"2020-08-17T17:30:41+00:00\" \/>\n<meta name=\"twitter:card\" content=\"summary_large_image\" \/>\n<meta name=\"twitter:label1\" content=\"Dur\u00e9e de lecture estim\u00e9e\" \/>\n\t<meta name=\"twitter:data1\" content=\"4 minutes\" \/>\n<script type=\"application\/ld+json\" class=\"yoast-schema-graph\">{\"@context\":\"https:\\\/\\\/schema.org\",\"@graph\":[{\"@type\":\"WebPage\",\"@id\":\"https:\\\/\\\/www.guides-sports-loisirs.ca\\\/piscines-et-pataugeoires\\\/programmation\\\/accessibilite-universelle\\\/\",\"url\":\"https:\\\/\\\/www.guides-sports-loisirs.ca\\\/piscines-et-pataugeoires\\\/programmation\\\/accessibilite-universelle\\\/\",\"name\":\"Accessibilit\u00e9 universelle (AU) - Piscines et pataugeoires\",\"isPartOf\":{\"@id\":\"https:\\\/\\\/www.guides-sports-loisirs.ca\\\/piscines-et-pataugeoires\\\/#website\"},\"datePublished\":\"2020-08-10T13:00:36+00:00\",\"dateModified\":\"2020-08-17T17:30:41+00:00\",\"breadcrumb\":{\"@id\":\"https:\\\/\\\/www.guides-sports-loisirs.ca\\\/piscines-et-pataugeoires\\\/programmation\\\/accessibilite-universelle\\\/#breadcrumb\"},\"inLanguage\":\"fr-FR\",\"potentialAction\":[{\"@type\":\"ReadAction\",\"target\":[\"https:\\\/\\\/www.guides-sports-loisirs.ca\\\/piscines-et-pataugeoires\\\/programmation\\\/accessibilite-universelle\\\/\"]}]},{\"@type\":\"BreadcrumbList\",\"@id\":\"https:\\\/\\\/www.guides-sports-loisirs.ca\\\/piscines-et-pataugeoires\\\/programmation\\\/accessibilite-universelle\\\/#breadcrumb\",\"itemListElement\":[{\"@type\":\"ListItem\",\"position\":1,\"name\":\"Accueil\",\"item\":\"https:\\\/\\\/www.guides-sports-loisirs.ca\\\/piscines-et-pataugeoires\\\/\"},{\"@type\":\"ListItem\",\"position\":2,\"name\":\"Programmation\",\"item\":\"https:\\\/\\\/www.guides-sports-loisirs.ca\\\/piscines-et-pataugeoires\\\/programmation\\\/\"},{\"@type\":\"ListItem\",\"position\":3,\"name\":\"Accessibilit\u00e9 universelle (AU)\"}]},{\"@type\":\"WebSite\",\"@id\":\"https:\\\/\\\/www.guides-sports-loisirs.ca\\\/piscines-et-pataugeoires\\\/#website\",\"url\":\"https:\\\/\\\/www.guides-sports-loisirs.ca\\\/piscines-et-pataugeoires\\\/\",\"name\":\"Piscines et pataugeoires\",\"description\":\"Veloparcs\",\"potentialAction\":[{\"@type\":\"SearchAction\",\"target\":{\"@type\":\"EntryPoint\",\"urlTemplate\":\"https:\\\/\\\/www.guides-sports-loisirs.ca\\\/piscines-et-pataugeoires\\\/?s={search_term_string}\"},\"query-input\":{\"@type\":\"PropertyValueSpecification\",\"valueRequired\":true,\"valueName\":\"search_term_string\"}}],\"inLanguage\":\"fr-FR\"}]}<\/script>\n<!-- \/ Yoast SEO plugin. -->","yoast_head_json":{"title":"Accessibilit\u00e9 universelle (AU) - Piscines et pataugeoires","robots":{"index":"index","follow":"follow","max-snippet":"max-snippet:-1","max-image-preview":"max-image-preview:large","max-video-preview":"max-video-preview:-1"},"canonical":"https:\/\/www.guides-sports-loisirs.ca\/piscines-et-pataugeoires\/programmation\/accessibilite-universelle\/","og_locale":"fr_FR","og_type":"article","og_title":"Accessibilit\u00e9 universelle (AU) - Piscines et pataugeoires","og_description":"[vc_row][vc_column width=\u00a0\u00bb1\/1&Prime;][vc_accordion active_tab=\u00a0\u00bb1&Prime;][vc_accordion_tab title=\u00a0\u00bbLE CONCEPT D\u2019ACCESSIBILIT\u00c9 UNIVERSELLE\u00a0\u00bb][vc_column_text]Le concept d\u2019accessibilit\u00e9 universelle est fond\u00e9 sur une approche d\u2019inclusion permettant \u00e0 toute personne, [&hellip;]","og_url":"https:\/\/www.guides-sports-loisirs.ca\/piscines-et-pataugeoires\/programmation\/accessibilite-universelle\/","og_site_name":"Piscines et pataugeoires","article_modified_time":"2020-08-17T17:30:41+00:00","twitter_card":"summary_large_image","twitter_misc":{"Dur\u00e9e de lecture estim\u00e9e":"4 minutes"},"schema":{"@context":"https:\/\/schema.org","@graph":[{"@type":"WebPage","@id":"https:\/\/www.guides-sports-loisirs.ca\/piscines-et-pataugeoires\/programmation\/accessibilite-universelle\/","url":"https:\/\/www.guides-sports-loisirs.ca\/piscines-et-pataugeoires\/programmation\/accessibilite-universelle\/","name":"Accessibilit\u00e9 universelle (AU) - Piscines et pataugeoires","isPartOf":{"@id":"https:\/\/www.guides-sports-loisirs.ca\/piscines-et-pataugeoires\/#website"},"datePublished":"2020-08-10T13:00:36+00:00","dateModified":"2020-08-17T17:30:41+00:00","breadcrumb":{"@id":"https:\/\/www.guides-sports-loisirs.ca\/piscines-et-pataugeoires\/programmation\/accessibilite-universelle\/#breadcrumb"},"inLanguage":"fr-FR","potentialAction":[{"@type":"ReadAction","target":["https:\/\/www.guides-sports-loisirs.ca\/piscines-et-pataugeoires\/programmation\/accessibilite-universelle\/"]}]},{"@type":"BreadcrumbList","@id":"https:\/\/www.guides-sports-loisirs.ca\/piscines-et-pataugeoires\/programmation\/accessibilite-universelle\/#breadcrumb","itemListElement":[{"@type":"ListItem","position":1,"name":"Accueil","item":"https:\/\/www.guides-sports-loisirs.ca\/piscines-et-pataugeoires\/"},{"@type":"ListItem","position":2,"name":"Programmation","item":"https:\/\/www.guides-sports-loisirs.ca\/piscines-et-pataugeoires\/programmation\/"},{"@type":"ListItem","position":3,"name":"Accessibilit\u00e9 universelle (AU)"}]},{"@type":"WebSite","@id":"https:\/\/www.guides-sports-loisirs.ca\/piscines-et-pataugeoires\/#website","url":"https:\/\/www.guides-sports-loisirs.ca\/piscines-et-pataugeoires\/","name":"Piscines et pataugeoires","description":"Veloparcs","potentialAction":[{"@type":"SearchAction","target":{"@type":"EntryPoint","urlTemplate":"https:\/\/www.guides-sports-loisirs.ca\/piscines-et-pataugeoires\/?s={search_term_string}"},"query-input":{"@type":"PropertyValueSpecification","valueRequired":true,"valueName":"search_term_string"}}],"inLanguage":"fr-FR"}]}},"_links":{"self":[{"href":"https:\/\/www.guides-sports-loisirs.ca\/piscines-et-pataugeoires\/wp-json\/wp\/v2\/pages\/1828","targetHints":{"allow":["GET"]}}],"collection":[{"href":"https:\/\/www.guides-sports-loisirs.ca\/piscines-et-pataugeoires\/wp-json\/wp\/v2\/pages"}],"about":[{"href":"https:\/\/www.guides-sports-loisirs.ca\/piscines-et-pataugeoires\/wp-json\/wp\/v2\/types\/page"}],"author":[{"embeddable":true,"href":"https:\/\/www.guides-sports-loisirs.ca\/piscines-et-pataugeoires\/wp-json\/wp\/v2\/users\/11"}],"replies":[{"embeddable":true,"href":"https:\/\/www.guides-sports-loisirs.ca\/piscines-et-pataugeoires\/wp-json\/wp\/v2\/comments?post=1828"}],"version-history":[{"count":34,"href":"https:\/\/www.guides-sports-loisirs.ca\/piscines-et-pataugeoires\/wp-json\/wp\/v2\/pages\/1828\/revisions"}],"predecessor-version":[{"id":3212,"href":"https:\/\/www.guides-sports-loisirs.ca\/piscines-et-pataugeoires\/wp-json\/wp\/v2\/pages\/1828\/revisions\/3212"}],"up":[{"embeddable":true,"href":"https:\/\/www.guides-sports-loisirs.ca\/piscines-et-pataugeoires\/wp-json\/wp\/v2\/pages\/1803"}],"wp:attachment":[{"href":"https:\/\/www.guides-sports-loisirs.ca\/piscines-et-pataugeoires\/wp-json\/wp\/v2\/media?parent=1828"}],"curies":[{"name":"wp","href":"https:\/\/api.w.org\/{rel}","templated":true}]}}