{"id":959,"date":"2018-05-11T11:13:03","date_gmt":"2018-05-11T15:13:03","guid":{"rendered":"https:\/\/www.guides-sports-loisirs.ca\/patinoires\/?page_id=959"},"modified":"2018-06-04T16:09:13","modified_gmt":"2018-06-04T20:09:13","slug":"erreurs-a-eviter","status":"publish","type":"page","link":"https:\/\/www.guides-sports-loisirs.ca\/patinoires\/erreurs-a-eviter\/","title":{"rendered":"Les erreurs \u00e0 \u00e9viter"},"content":{"rendered":"<div class=\"wpb-content-wrapper\"><p>[vc_row row_height_percent=\u00a0\u00bb0&Prime; override_padding=\u00a0\u00bbyes\u00a0\u00bb h_padding=\u00a0\u00bb2&Prime; top_padding=\u00a0\u00bb3&Prime; bottom_padding=\u00a0\u00bb2&Prime; overlay_alpha=\u00a0\u00bb50&Prime; gutter_size=\u00a0\u00bb3&Prime; shift_y=\u00a0\u00bb0&Prime;][vc_column column_width_use_pixel=\u00a0\u00bbyes\u00a0\u00bb overlay_alpha=\u00a0\u00bb50&Prime; gutter_size=\u00a0\u00bb2&Prime; medium_width=\u00a0\u00bb0&Prime; shift_x=\u00a0\u00bb0&Prime; shift_y=\u00a0\u00bb0&Prime; z_index=\u00a0\u00bb0&Prime; width=\u00a0\u00bb1\/1&Prime; column_width_pixel=\u00a0\u00bb800&Prime;][vc_column_text]<strong>Les erreurs\u00a0les plus fr\u00e9quentes<\/strong>[\/vc_column_text][vc_separator sep_color=\u00a0\u00bbaccent\u00a0\u00bb el_width=\u00a0\u00bb75px\u00a0\u00bb el_height=\u00a0\u00bb2px\u00a0\u00bb][\/vc_column][\/vc_row][vc_row row_height_percent=\u00a0\u00bb0&Prime; override_padding=\u00a0\u00bbyes\u00a0\u00bb h_padding=\u00a0\u00bb2&Prime; top_padding=\u00a0\u00bb0&Prime; bottom_padding=\u00a0\u00bb3&Prime; overlay_alpha=\u00a0\u00bb50&Prime; gutter_size=\u00a0\u00bb3&Prime; shift_y=\u00a0\u00bb0&Prime;][vc_column column_width_use_pixel=\u00a0\u00bbyes\u00a0\u00bb overlay_alpha=\u00a0\u00bb50&Prime; gutter_size=\u00a0\u00bb2&Prime; medium_width=\u00a0\u00bb0&Prime; shift_x=\u00a0\u00bb0&Prime; shift_y=\u00a0\u00bb0&Prime; z_index=\u00a0\u00bb0&Prime; width=\u00a0\u00bb1\/1&Prime; column_width_pixel=\u00a0\u00bb800&Prime;][vc_tabs vertical=\u00a0\u00bbyes\u00a0\u00bb el_class=\u00a0\u00bbonglets\u00a0\u00bb][vc_tab title=\u00a0\u00bbErreur 1&Prime; tab_id=\u00a0\u00bb1491418673-1-9&Prime;][vc_custom_heading heading_semantic=\u00a0\u00bbh4&Prime; text_size=\u00a0\u00bbfontsize-210375&Prime; text_weight=\u00a0\u00bb700&Prime; text_color=\u00a0\u00bbcolor-vyce\u00a0\u00bb]Utiliser la surfaceuse comme d\u00e9neigeuse[\/vc_custom_heading][vc_column_text]Il y a confusion entre ramassage des rognures de patins et ramassage de la neige fra\u00eechement tomb\u00e9e. Les \u00e9conomies de travail manuel se traduiront probablement en usure pr\u00e9matur\u00e9e et dysfonctionnement des rouages d\u2019entra\u00eenement.[\/vc_column_text][\/vc_tab][vc_tab title=\u00a0\u00bbErreur 2&Prime; tab_id=\u00a0\u00bb1491419686036-1-2&Prime;][vc_custom_heading heading_semantic=\u00a0\u00bbh4&Prime; text_size=\u00a0\u00bbfontsize-210375&Prime; text_weight=\u00a0\u00bb700&Prime; text_color=\u00a0\u00bbcolor-vyce\u00a0\u00bb]Utiliser la surfaceuse pour corriger un arrosage d\u00e9ficient[\/vc_custom_heading][vc_column_text]En g\u00e9n\u00e9ral, dans de tels cas, c\u2019est tout le travail de pr\u00e9paration \u00e0 l\u2019arrosage qui est d\u00e9ficient. Il est sugg\u00e9r\u00e9 d\u2019avoir en r\u00e9serve une bonne quantit\u00e9 de couteaux bien aiguis\u00e9s.[\/vc_column_text][\/vc_tab][vc_tab title=\u00a0\u00bbErreur 3&Prime; tab_id=\u00a0\u00bb1491420857373-2-5&Prime;][vc_custom_heading heading_semantic=\u00a0\u00bbh4&Prime; text_size=\u00a0\u00bbfontsize-210375&Prime; text_weight=\u00a0\u00bb700&Prime; text_color=\u00a0\u00bbcolor-vyce\u00a0\u00bb]D\u00e9blayer la patinoire en poussant syst\u00e9matiquement la neige contre le pourtour de la patinoire[\/vc_custom_heading][vc_column_text]Ce proc\u00e9d\u00e9 est tout indiqu\u00e9 pour augmenter le niveau de forme physique des employ\u00e9s manuels. Il permet aussi autant d\u2019augmenter leur niveau de comp\u00e9tence et leur patience.[\/vc_column_text][\/vc_tab][vc_tab title=\u00a0\u00bbErreur 4&Prime; tab_id=\u00a0\u00bb1494337020626-3-8&Prime;][vc_custom_heading heading_semantic=\u00a0\u00bbh4&Prime; text_size=\u00a0\u00bbfontsize-210375&Prime; text_weight=\u00a0\u00bb700&Prime; text_color=\u00a0\u00bbcolor-vyce\u00a0\u00bb]Arroser toute la surface sans se d\u00e9placer[\/vc_custom_heading][vc_column_text]Place aux syst\u00e8mes d\u2019irrigation automatique hivernaux.[\/vc_column_text][\/vc_tab][vc_tab title=\u00a0\u00bbErreur 5&Prime; tab_id=\u00a0\u00bb1494337023230-4-8&Prime;][vc_custom_heading heading_semantic=\u00a0\u00bbh4&Prime; text_size=\u00a0\u00bbfontsize-210375&Prime; text_weight=\u00a0\u00bb700&Prime; text_color=\u00a0\u00bbcolor-vyce\u00a0\u00bb]Ne pas saturer les surfaces poreuses[\/vc_custom_heading][vc_column_text]\u00c0 partir de maintenant, nul n\u2019aura d\u2019excuses.[\/vc_column_text][\/vc_tab][\/vc_tabs][vc_column_text]<strong>Les erreurs les plus dommageables<\/strong>[\/vc_column_text][vc_separator sep_color=\u00a0\u00bbaccent\u00a0\u00bb el_width=\u00a0\u00bb75px\u00a0\u00bb el_height=\u00a0\u00bb2px\u00a0\u00bb][vc_tabs vertical=\u00a0\u00bbyes\u00a0\u00bb el_class=\u00a0\u00bbonglets\u00a0\u00bb][vc_tab title=\u00a0\u00bbErreur 1&Prime; tab_id=\u00a0\u00bb1491418673-1-91528139751345&Prime;][vc_custom_heading heading_semantic=\u00a0\u00bbh4&Prime; text_size=\u00a0\u00bbfontsize-210375&Prime; text_weight=\u00a0\u00bb700&Prime; text_color=\u00a0\u00bbcolor-vyce\u00a0\u00bb]Arroser les points hauts[\/vc_custom_heading][vc_column_text]La championne des erreurs les plus fr\u00e9quentes, mais son indice de gravit\u00e9 la fait passer \u00e0 l\u2019\u00e9chelon sup\u00e9rieur.[\/vc_column_text][\/vc_tab][vc_tab title=\u00a0\u00bbErreur 2&Prime; tab_id=\u00a0\u00bb1491419686036-1-21528139751345&Prime;][vc_custom_heading heading_semantic=\u00a0\u00bbh4&Prime; text_size=\u00a0\u00bbfontsize-210375&Prime; text_weight=\u00a0\u00bb700&Prime; text_color=\u00a0\u00bbcolor-vyce\u00a0\u00bb]Arroser trop copieusement[\/vc_custom_heading][vc_column_text]Erreur probablement due \u00e0 une confusion entre quantit\u00e9 et qualit\u00e9. L\u2019apprentissage du savoir-faire a un effet mod\u00e9rateur sur la valve d\u2019admission d\u2019eau.[\/vc_column_text][\/vc_tab][vc_tab title=\u00a0\u00bbErreur 3&Prime; tab_id=\u00a0\u00bb1491420857373-2-51528139751345&Prime;][vc_custom_heading heading_semantic=\u00a0\u00bbh4&Prime; text_size=\u00a0\u00bbfontsize-210375&Prime; text_weight=\u00a0\u00bb700&Prime; text_color=\u00a0\u00bbcolor-vyce\u00a0\u00bb]Arroser des surfaces mal nettoy\u00e9es[\/vc_custom_heading][vc_column_text]Il est utile de souligner que la neige est un d\u00e9bris au m\u00eame titre que les traces de pneus et la gadoue.[\/vc_column_text][\/vc_tab][vc_tab title=\u00a0\u00bbErreur 4&Prime; tab_id=\u00a0\u00bb1494337020626-3-81528139751345&Prime;][vc_custom_heading heading_semantic=\u00a0\u00bbh4&Prime; text_size=\u00a0\u00bbfontsize-210375&Prime; text_weight=\u00a0\u00bb700&Prime; text_color=\u00a0\u00bbcolor-vyce\u00a0\u00bb]N\u00e9gliger le nettoyage du pourtour[\/vc_custom_heading][vc_column_text]L\u2019art de remettre \u00e0 plus tard ce que l\u2019on peut accomplir selon les r\u00e8gles de l\u2019art aujourd\u2019hui.[\/vc_column_text][\/vc_tab][vc_tab title=\u00a0\u00bbErreur 5&Prime; tab_id=\u00a0\u00bb1494337023230-4-81528139751345&Prime;][vc_custom_heading heading_semantic=\u00a0\u00bbh4&Prime; text_size=\u00a0\u00bbfontsize-210375&Prime; text_weight=\u00a0\u00bb700&Prime; text_color=\u00a0\u00bbcolor-vyce\u00a0\u00bb]Ne changer qu\u2019une ou deux fois par saison la lame de la surfaceuse[\/vc_custom_heading][vc_column_text]Il serait sage de nettoyer le r\u00e9troviseur \u00e9galement. Il est pertinent de rappeler que la fonction premi\u00e8re de la surfaceuse est le rasage et que cette op\u00e9ration requiert toute l\u2019attention de l\u2019op\u00e9rateur.[\/vc_column_text][\/vc_tab][\/vc_tabs][vc_column_text]<strong>Les erreurs impardonnables<\/strong>[\/vc_column_text][vc_separator sep_color=\u00a0\u00bbaccent\u00a0\u00bb el_width=\u00a0\u00bb75px\u00a0\u00bb el_height=\u00a0\u00bb2px\u00a0\u00bb][vc_tabs vertical=\u00a0\u00bbyes\u00a0\u00bb el_class=\u00a0\u00bbonglets\u00a0\u00bb][vc_tab title=\u00a0\u00bbErreur 1&Prime; tab_id=\u00a0\u00bb1491418673-1-91528139858187&Prime;][vc_custom_heading heading_semantic=\u00a0\u00bbh4&Prime; text_size=\u00a0\u00bbfontsize-210375&Prime; text_weight=\u00a0\u00bb700&Prime; text_color=\u00a0\u00bbcolor-vyce\u00a0\u00bb]Arroser copieusement<br \/>\npar temps froid (&lt; -20\u00a0\u00b0C)[\/vc_custom_heading][vc_column_text]\u00c0 cette temp\u00e9rature, la surface de la glace et la couche d\u2019eau g\u00e9n\u00e9reuse ont peu d\u2019atomes crochus.[\/vc_column_text][\/vc_tab][vc_tab title=\u00a0\u00bbErreur 2&Prime; tab_id=\u00a0\u00bb1491419686036-1-21528139858187&Prime;][vc_custom_heading heading_semantic=\u00a0\u00bbh4&Prime; text_size=\u00a0\u00bbfontsize-210375&Prime; text_weight=\u00a0\u00bb700&Prime; text_color=\u00a0\u00bbcolor-vyce\u00a0\u00bb]Arroser sur de la neige trop abondante ou non compact\u00e9e[\/vc_custom_heading][vc_column_text]L\u2019art de cr\u00e9er des stalagmites.[\/vc_column_text][\/vc_tab][vc_tab title=\u00a0\u00bbErreur 3&Prime; tab_id=\u00a0\u00bb1491420857373-2-51528139858187&Prime;][vc_custom_heading heading_semantic=\u00a0\u00bbh4&Prime; text_size=\u00a0\u00bbfontsize-210375&Prime; text_weight=\u00a0\u00bb700&Prime; text_color=\u00a0\u00bbcolor-vyce\u00a0\u00bb]Ne d\u00e9blayer que partiellement une patinoire durant un cycle d\u00e9gel-gel[\/vc_custom_heading][vc_column_text]Le danger de se retrouver \u00e0 nouveau \u00e0 la phase de montage.[\/vc_column_text][\/vc_tab][vc_tab title=\u00a0\u00bbErreur 4&Prime; tab_id=\u00a0\u00bb1494337020626-3-81528139858187&Prime;][vc_custom_heading heading_semantic=\u00a0\u00bbh4&Prime; text_size=\u00a0\u00bbfontsize-210375&Prime; text_weight=\u00a0\u00bb700&Prime; text_color=\u00a0\u00bbcolor-vyce\u00a0\u00bb]Appliquer une charge excessive sur un plan d\u2019eau[\/vc_custom_heading][vc_column_text]Trop tard![\/vc_column_text][\/vc_tab][vc_tab title=\u00a0\u00bbErreur 5&Prime; tab_id=\u00a0\u00bb1494337023230-4-81528139858187&Prime;][vc_custom_heading heading_semantic=\u00a0\u00bbh4&Prime; text_size=\u00a0\u00bbfontsize-210375&Prime; text_weight=\u00a0\u00bb700&Prime; text_color=\u00a0\u00bbcolor-vyce\u00a0\u00bb]Encombrer les voies d\u2019acc\u00e8s \u00e0 la patinoire de d\u00e9bris, de gadoue ou d\u2019abrasifs[\/vc_custom_heading][vc_column_text]C\u2019est comme laisser des cannettes de peinture au pied d\u2019un mur fra\u00eechement restaur\u00e9.[\/vc_column_text][\/vc_tab][\/vc_tabs][vc_button button_color=\u00a0\u00bbaccent\u00a0\u00bb size=\u00a0\u00bbbtn-lg\u00a0\u00bb radius=\u00a0\u00bbbtn-circle\u00a0\u00bb icon_position=\u00a0\u00bbright\u00a0\u00bb link=\u00a0\u00bburl:http%3A%2F%2Fwww.guides-sports-loisirs.ca%2Fpatinoires%2Fwp-content%2Fuploads%2Fsites%2F3%2F2017%2F03%2FGIS_Erreurs.pdf||target:%20_blank|\u00a0\u00bb icon=\u00a0\u00bbfa fa-file-o\u00a0\u00bb]Version PDF[\/vc_button][\/vc_column][\/vc_row]<\/p>\n<\/div>","protected":false},"excerpt":{"rendered":"<p>[vc_row row_height_percent=\u00a0\u00bb0&Prime; override_padding=\u00a0\u00bbyes\u00a0\u00bb h_padding=\u00a0\u00bb2&Prime; top_padding=\u00a0\u00bb3&Prime; bottom_padding=\u00a0\u00bb2&Prime; overlay_alpha=\u00a0\u00bb50&Prime; gutter_size=\u00a0\u00bb3&Prime; shift_y=\u00a0\u00bb0&Prime;][vc_column column_width_use_pixel=\u00a0\u00bbyes\u00a0\u00bb overlay_alpha=\u00a0\u00bb50&Prime; gutter_size=\u00a0\u00bb2&Prime; medium_width=\u00a0\u00bb0&Prime; shift_x=\u00a0\u00bb0&Prime; shift_y=\u00a0\u00bb0&Prime; z_index=\u00a0\u00bb0&Prime; width=\u00a0\u00bb1\/1&Prime; column_width_pixel=\u00a0\u00bb800&Prime;][vc_column_text]Les erreurs\u00a0les plus [&hellip;]<\/p>\n","protected":false},"author":11,"featured_media":0,"parent":0,"menu_order":0,"comment_status":"closed","ping_status":"closed","template":"","meta":{"_acf_changed":false,"footnotes":""},"class_list":["post-959","page","type-page","status-publish","hentry"],"acf":[],"yoast_head":"<!-- This site is optimized with the Yoast SEO plugin v27.2 - https:\/\/yoast.com\/product\/yoast-seo-wordpress\/ -->\n<title>Les erreurs \u00e0 \u00e9viter - Patinoires ext\u00e9rieures<\/title>\n<meta name=\"robots\" content=\"index, follow, max-snippet:-1, max-image-preview:large, max-video-preview:-1\" \/>\n<link rel=\"canonical\" href=\"https:\/\/www.guides-sports-loisirs.ca\/patinoires\/erreurs-a-eviter\/\" \/>\n<meta property=\"og:locale\" content=\"fr_FR\" \/>\n<meta property=\"og:type\" content=\"article\" \/>\n<meta property=\"og:title\" content=\"Les erreurs \u00e0 \u00e9viter - Patinoires ext\u00e9rieures\" \/>\n<meta property=\"og:description\" content=\"[vc_row row_height_percent=\u00a0\u00bb0&Prime; override_padding=\u00a0\u00bbyes\u00a0\u00bb h_padding=\u00a0\u00bb2&Prime; top_padding=\u00a0\u00bb3&Prime; bottom_padding=\u00a0\u00bb2&Prime; overlay_alpha=\u00a0\u00bb50&Prime; gutter_size=\u00a0\u00bb3&Prime; shift_y=\u00a0\u00bb0&Prime;][vc_column column_width_use_pixel=\u00a0\u00bbyes\u00a0\u00bb overlay_alpha=\u00a0\u00bb50&Prime; gutter_size=\u00a0\u00bb2&Prime; medium_width=\u00a0\u00bb0&Prime; shift_x=\u00a0\u00bb0&Prime; shift_y=\u00a0\u00bb0&Prime; z_index=\u00a0\u00bb0&Prime; width=\u00a0\u00bb1\/1&Prime; column_width_pixel=\u00a0\u00bb800&Prime;][vc_column_text]Les erreurs\u00a0les plus [&hellip;]\" \/>\n<meta property=\"og:url\" content=\"https:\/\/www.guides-sports-loisirs.ca\/patinoires\/erreurs-a-eviter\/\" \/>\n<meta property=\"og:site_name\" content=\"Patinoires ext\u00e9rieures\" \/>\n<meta property=\"article:modified_time\" content=\"2018-06-04T20:09:13+00:00\" \/>\n<meta name=\"twitter:card\" content=\"summary_large_image\" \/>\n<meta name=\"twitter:label1\" content=\"Dur\u00e9e de lecture estim\u00e9e\" \/>\n\t<meta name=\"twitter:data1\" content=\"6 minutes\" \/>\n<script type=\"application\/ld+json\" class=\"yoast-schema-graph\">{\"@context\":\"https:\/\/schema.org\",\"@graph\":[{\"@type\":\"WebPage\",\"@id\":\"https:\/\/www.guides-sports-loisirs.ca\/patinoires\/erreurs-a-eviter\/\",\"url\":\"https:\/\/www.guides-sports-loisirs.ca\/patinoires\/erreurs-a-eviter\/\",\"name\":\"Les erreurs \u00e0 \u00e9viter - Patinoires ext\u00e9rieures\",\"isPartOf\":{\"@id\":\"https:\/\/www.guides-sports-loisirs.ca\/patinoires\/#website\"},\"datePublished\":\"2018-05-11T15:13:03+00:00\",\"dateModified\":\"2018-06-04T20:09:13+00:00\",\"breadcrumb\":{\"@id\":\"https:\/\/www.guides-sports-loisirs.ca\/patinoires\/erreurs-a-eviter\/#breadcrumb\"},\"inLanguage\":\"fr-FR\",\"potentialAction\":[{\"@type\":\"ReadAction\",\"target\":[\"https:\/\/www.guides-sports-loisirs.ca\/patinoires\/erreurs-a-eviter\/\"]}]},{\"@type\":\"BreadcrumbList\",\"@id\":\"https:\/\/www.guides-sports-loisirs.ca\/patinoires\/erreurs-a-eviter\/#breadcrumb\",\"itemListElement\":[{\"@type\":\"ListItem\",\"position\":1,\"name\":\"Accueil\",\"item\":\"https:\/\/www.guides-sports-loisirs.ca\/patinoires\/\"},{\"@type\":\"ListItem\",\"position\":2,\"name\":\"Les erreurs \u00e0 \u00e9viter\"}]},{\"@type\":\"WebSite\",\"@id\":\"https:\/\/www.guides-sports-loisirs.ca\/patinoires\/#website\",\"url\":\"https:\/\/www.guides-sports-loisirs.ca\/patinoires\/\",\"name\":\"Patinoires ext\u00e9rieures\",\"description\":\"\",\"potentialAction\":[{\"@type\":\"SearchAction\",\"target\":{\"@type\":\"EntryPoint\",\"urlTemplate\":\"https:\/\/www.guides-sports-loisirs.ca\/patinoires\/?s={search_term_string}\"},\"query-input\":{\"@type\":\"PropertyValueSpecification\",\"valueRequired\":true,\"valueName\":\"search_term_string\"}}],\"inLanguage\":\"fr-FR\"}]}<\/script>\n<!-- \/ Yoast SEO plugin. -->","yoast_head_json":{"title":"Les erreurs \u00e0 \u00e9viter - Patinoires ext\u00e9rieures","robots":{"index":"index","follow":"follow","max-snippet":"max-snippet:-1","max-image-preview":"max-image-preview:large","max-video-preview":"max-video-preview:-1"},"canonical":"https:\/\/www.guides-sports-loisirs.ca\/patinoires\/erreurs-a-eviter\/","og_locale":"fr_FR","og_type":"article","og_title":"Les erreurs \u00e0 \u00e9viter - Patinoires ext\u00e9rieures","og_description":"[vc_row row_height_percent=\u00a0\u00bb0&Prime; override_padding=\u00a0\u00bbyes\u00a0\u00bb h_padding=\u00a0\u00bb2&Prime; top_padding=\u00a0\u00bb3&Prime; bottom_padding=\u00a0\u00bb2&Prime; overlay_alpha=\u00a0\u00bb50&Prime; gutter_size=\u00a0\u00bb3&Prime; shift_y=\u00a0\u00bb0&Prime;][vc_column column_width_use_pixel=\u00a0\u00bbyes\u00a0\u00bb overlay_alpha=\u00a0\u00bb50&Prime; gutter_size=\u00a0\u00bb2&Prime; medium_width=\u00a0\u00bb0&Prime; shift_x=\u00a0\u00bb0&Prime; shift_y=\u00a0\u00bb0&Prime; z_index=\u00a0\u00bb0&Prime; width=\u00a0\u00bb1\/1&Prime; column_width_pixel=\u00a0\u00bb800&Prime;][vc_column_text]Les erreurs\u00a0les plus [&hellip;]","og_url":"https:\/\/www.guides-sports-loisirs.ca\/patinoires\/erreurs-a-eviter\/","og_site_name":"Patinoires ext\u00e9rieures","article_modified_time":"2018-06-04T20:09:13+00:00","twitter_card":"summary_large_image","twitter_misc":{"Dur\u00e9e de lecture estim\u00e9e":"6 minutes"},"schema":{"@context":"https:\/\/schema.org","@graph":[{"@type":"WebPage","@id":"https:\/\/www.guides-sports-loisirs.ca\/patinoires\/erreurs-a-eviter\/","url":"https:\/\/www.guides-sports-loisirs.ca\/patinoires\/erreurs-a-eviter\/","name":"Les erreurs \u00e0 \u00e9viter - Patinoires ext\u00e9rieures","isPartOf":{"@id":"https:\/\/www.guides-sports-loisirs.ca\/patinoires\/#website"},"datePublished":"2018-05-11T15:13:03+00:00","dateModified":"2018-06-04T20:09:13+00:00","breadcrumb":{"@id":"https:\/\/www.guides-sports-loisirs.ca\/patinoires\/erreurs-a-eviter\/#breadcrumb"},"inLanguage":"fr-FR","potentialAction":[{"@type":"ReadAction","target":["https:\/\/www.guides-sports-loisirs.ca\/patinoires\/erreurs-a-eviter\/"]}]},{"@type":"BreadcrumbList","@id":"https:\/\/www.guides-sports-loisirs.ca\/patinoires\/erreurs-a-eviter\/#breadcrumb","itemListElement":[{"@type":"ListItem","position":1,"name":"Accueil","item":"https:\/\/www.guides-sports-loisirs.ca\/patinoires\/"},{"@type":"ListItem","position":2,"name":"Les erreurs \u00e0 \u00e9viter"}]},{"@type":"WebSite","@id":"https:\/\/www.guides-sports-loisirs.ca\/patinoires\/#website","url":"https:\/\/www.guides-sports-loisirs.ca\/patinoires\/","name":"Patinoires ext\u00e9rieures","description":"","potentialAction":[{"@type":"SearchAction","target":{"@type":"EntryPoint","urlTemplate":"https:\/\/www.guides-sports-loisirs.ca\/patinoires\/?s={search_term_string}"},"query-input":{"@type":"PropertyValueSpecification","valueRequired":true,"valueName":"search_term_string"}}],"inLanguage":"fr-FR"}]}},"_links":{"self":[{"href":"https:\/\/www.guides-sports-loisirs.ca\/patinoires\/wp-json\/wp\/v2\/pages\/959","targetHints":{"allow":["GET"]}}],"collection":[{"href":"https:\/\/www.guides-sports-loisirs.ca\/patinoires\/wp-json\/wp\/v2\/pages"}],"about":[{"href":"https:\/\/www.guides-sports-loisirs.ca\/patinoires\/wp-json\/wp\/v2\/types\/page"}],"author":[{"embeddable":true,"href":"https:\/\/www.guides-sports-loisirs.ca\/patinoires\/wp-json\/wp\/v2\/users\/11"}],"replies":[{"embeddable":true,"href":"https:\/\/www.guides-sports-loisirs.ca\/patinoires\/wp-json\/wp\/v2\/comments?post=959"}],"version-history":[{"count":9,"href":"https:\/\/www.guides-sports-loisirs.ca\/patinoires\/wp-json\/wp\/v2\/pages\/959\/revisions"}],"predecessor-version":[{"id":1125,"href":"https:\/\/www.guides-sports-loisirs.ca\/patinoires\/wp-json\/wp\/v2\/pages\/959\/revisions\/1125"}],"wp:attachment":[{"href":"https:\/\/www.guides-sports-loisirs.ca\/patinoires\/wp-json\/wp\/v2\/media?parent=959"}],"curies":[{"name":"wp","href":"https:\/\/api.w.org\/{rel}","templated":true}]}}