{"id":906,"date":"2018-05-11T09:44:16","date_gmt":"2018-05-11T13:44:16","guid":{"rendered":"https:\/\/www.guides-sports-loisirs.ca\/patinoires\/?page_id=906"},"modified":"2018-06-04T12:47:15","modified_gmt":"2018-06-04T16:47:15","slug":"saturation-du-sol","status":"publish","type":"page","link":"https:\/\/www.guides-sports-loisirs.ca\/patinoires\/montage-dune-patinoire\/saturation-du-sol\/","title":{"rendered":"Saturation du sol"},"content":{"rendered":"<div class=\"wpb-content-wrapper\"><p>[vc_row row_height_percent=\u00a0\u00bb0&Prime; override_padding=\u00a0\u00bbyes\u00a0\u00bb h_padding=\u00a0\u00bb2&Prime; top_padding=\u00a0\u00bb2&Prime; bottom_padding=\u00a0\u00bb2&Prime; overlay_alpha=\u00a0\u00bb50&Prime; gutter_size=\u00a0\u00bb3&Prime; shift_y=\u00a0\u00bb0&Prime;][vc_column column_width_use_pixel=\u00a0\u00bbyes\u00a0\u00bb overlay_alpha=\u00a0\u00bb50&Prime; gutter_size=\u00a0\u00bb2&Prime; medium_width=\u00a0\u00bb0&Prime; shift_x=\u00a0\u00bb0&Prime; shift_y=\u00a0\u00bb0&Prime; z_index=\u00a0\u00bb0&Prime; width=\u00a0\u00bb1\/1&Prime; column_width_pixel=\u00a0\u00bb800&Prime;][vc_column_text]Cette \u00e9tape est associ\u00e9e au principe d\u2019\u00e9tanch\u00e9it\u00e9. Si on n\u00e9glige cette op\u00e9ration, il s\u2019ensuivra un d\u00e9lai pouvant s\u2019\u00e9taler jusqu\u2019\u00e0 trois jours pr\u00e9c\u00e9dant l\u2019apparition de la plus fine couche de glace \u00e0 la surface de la patinoire. L\u2019eau des premiers arrosages, pourtant synchronis\u00e9s avec les premiers gels[1], va s\u2019engouffrer en grande partie dans le sol. Ce ph\u00e9nom\u00e8ne s\u2019explique par la constitution du sol m\u00eame. Celui-ci est compos\u00e9 d\u2019approximativement 50\u00a0% d\u2019air, ce qui cr\u00e9e des vides. Les cavit\u00e9s se gorgeront de l\u2019eau des premiers arrosages et la glace de surface ne fera son apparition qu\u2019une fois que le sol aura atteint son seuil de saturation d\u2019eau.<\/p>\n<p><img decoding=\"async\" class=\"alignnone size-full wp-image-908\" src=\"https:\/\/www.guides-sports-loisirs.ca\/patinoires\/wp-content\/uploads\/sites\/3\/2018\/05\/5.2Patinoire_ShemaPorosite.jpg\" alt=\"\" width=\"1050\" height=\"1050\" srcset=\"https:\/\/www.guides-sports-loisirs.ca\/patinoires\/wp-content\/uploads\/sites\/3\/2018\/05\/5.2Patinoire_ShemaPorosite.jpg 1050w, https:\/\/www.guides-sports-loisirs.ca\/patinoires\/wp-content\/uploads\/sites\/3\/2018\/05\/5.2Patinoire_ShemaPorosite-150x150.jpg 150w, https:\/\/www.guides-sports-loisirs.ca\/patinoires\/wp-content\/uploads\/sites\/3\/2018\/05\/5.2Patinoire_ShemaPorosite-300x300.jpg 300w, https:\/\/www.guides-sports-loisirs.ca\/patinoires\/wp-content\/uploads\/sites\/3\/2018\/05\/5.2Patinoire_ShemaPorosite-768x768.jpg 768w, https:\/\/www.guides-sports-loisirs.ca\/patinoires\/wp-content\/uploads\/sites\/3\/2018\/05\/5.2Patinoire_ShemaPorosite-1024x1024.jpg 1024w\" sizes=\"(max-width: 1050px) 100vw, 1050px\" \/><\/p>\n<p>Cette op\u00e9ration comporte \u00e9galement le double avantage d\u2019acc\u00e9l\u00e9rer le processus de gel du sol. Partant des principes que l\u2019air agit comme isolant et que l\u2019eau favorise le refroidissement thermique, la substitution de la deuxi\u00e8me au premier acc\u00e9l\u00e8re la cong\u00e9lation du sol. Cette cong\u00e9lation gagne en profondeur chaque jour de gel de sorte que la fonte de la glace lors du premier redoux pourra s\u2019en trouver ralentie.<\/p>\n<p>Les conditions de d\u00e9part des activit\u00e9s de saturation du sol correspondent id\u00e9alement aux trois jours pr\u00e9c\u00e9dant les premiers vrais jours de gel. Ces jours propices \u00e0 la saturation comportent souvent des cycles gel-d\u00e9gel. Il est \u00e0 noter que ces conditions m\u00e9t\u00e9o rendent le sol tr\u00e8s fragile et que la circulation de v\u00e9hicules quels qu\u2019ils soient doit y \u00eatre prohib\u00e9e jusqu\u2019au gel d\u00e9finitif.<\/p>\n<p>Le proc\u00e9d\u00e9 fait appel \u00e0 la technique de l\u2019inondation en raison du d\u00e9bit d\u2019eau \u00e0 appliquer en quantit\u00e9 imposante. Des indices se manifesteront d\u00e8s le d\u00e9part. D\u2019abord, le d\u00e9placement de la nappe d\u2019eau sur le sol permettra de visualiser l\u2019effet des d\u00e9nivellations. Ensuite et surtout, la pr\u00e9sence de points de fuite sous la bordure exigera des correctifs imm\u00e9diats.<\/p>\n<p>La quantit\u00e9 d\u2019eau \u00e0 r\u00e9pandre d\u00e9pendra de la capacit\u00e9 d\u2019absorption du sol. En tenant compte que cette op\u00e9ration s\u2019\u00e9tendra sur quelques jours, il est \u00e0 pr\u00e9voir qu\u2019au fur et \u00e0 mesure de l\u2019avancement des travaux, le ph\u00e9nom\u00e8ne de stagnation de l\u2019eau en surface ira en s\u2019accentuant. Il est important d\u2019\u00eatre en mouvement constamment en cours d\u2019arrosage. Une flaque ou une mare d\u2019eau laiss\u00e9e en un endroit cherchera davantage \u00e0 \u00e9vacuer son surplus par un point de fuite qu\u2019elle aura contribu\u00e9 elle-m\u00eame \u00e0 cr\u00e9er qu\u2019\u00e0 s\u2019\u00e9taler amplement sur l\u2019ensemble de la surface. Cette op\u00e9ration devrait prendre fin au moment de la p\u00e9riode de gel initial. Les pr\u00e9visions m\u00e9t\u00e9o se faisant de plus en plus pr\u00e9cises, il est de plus en facile de faire co\u00efncider la fin de l\u2019op\u00e9ration de saturation avec le d\u00e9but de la p\u00e9riode de gel.<\/p>\n<hr \/>\n<p><em>[1] La p\u00e9riode de gel initial qui donne le d\u00e9part des premiers arrosages de montage doit s\u2019\u00e9tendre sur trois jours cons\u00e9cutifs dont les temp\u00e9ratures maximales ne doivent pas \u00eatre sup\u00e9rieures \u00e0 \u2013 4 \u00b0C.<\/em>[\/vc_column_text][vc_empty_space empty_h=\u00a0\u00bb1&Prime;][vc_separator sep_color=\u00a0\u00bbaccent\u00a0\u00bb el_width=\u00a0\u00bb75px\u00a0\u00bb el_height=\u00a0\u00bb2px\u00a0\u00bb][vc_column_text]<strong>Vid\u00e9o\u00a0&#8211;\u00a0Types de supports et saturation du sol<br \/>\n<\/strong>[\/vc_column_text][vc_empty_space empty_h=\u00a0\u00bb1&Prime;][vc_raw_html]JTNDaWZyYW1lJTIwc3JjJTNEJTIyaHR0cHMlM0ElMkYlMkZwbGF5ZXIudmltZW8uY29tJTJGdmlkZW8lMkYyNjY2ODg4MjUlMjIlMjB3aWR0aCUzRCUyMjczMiUyMiUyMGhlaWdodCUzRCUyMjQxMiUyMiUyMGZyYW1lYm9yZGVyJTNEJTIyMCUyMiUyMGFsbG93ZnVsbHNjcmVlbiUzRSUzQyUyRmlmcmFtZSUzRQ==[\/vc_raw_html][vc_button button_color=\u00a0\u00bbaccent\u00a0\u00bb size=\u00a0\u00bbbtn-lg\u00a0\u00bb radius=\u00a0\u00bbbtn-circle\u00a0\u00bb icon_position=\u00a0\u00bbright\u00a0\u00bb link=\u00a0\u00bburl:http%3A%2F%2Fwww.guides-sports-loisirs.ca%2Fpatinoires%2Fwp-content%2Fuploads%2Fsites%2F3%2F2017%2F03%2FGIS_MontagePatinoire_SaturationDuSol.pdf||target:%20_blank|\u00a0\u00bb icon=\u00a0\u00bbfa fa-file-o\u00a0\u00bb]Version PDF[\/vc_button][\/vc_column][\/vc_row]<\/p>\n<\/div>","protected":false},"excerpt":{"rendered":"<p>[vc_row row_height_percent=\u00a0\u00bb0&Prime; override_padding=\u00a0\u00bbyes\u00a0\u00bb h_padding=\u00a0\u00bb2&Prime; top_padding=\u00a0\u00bb2&Prime; bottom_padding=\u00a0\u00bb2&Prime; overlay_alpha=\u00a0\u00bb50&Prime; gutter_size=\u00a0\u00bb3&Prime; shift_y=\u00a0\u00bb0&Prime;][vc_column column_width_use_pixel=\u00a0\u00bbyes\u00a0\u00bb overlay_alpha=\u00a0\u00bb50&Prime; gutter_size=\u00a0\u00bb2&Prime; medium_width=\u00a0\u00bb0&Prime; shift_x=\u00a0\u00bb0&Prime; shift_y=\u00a0\u00bb0&Prime; z_index=\u00a0\u00bb0&Prime; width=\u00a0\u00bb1\/1&Prime; column_width_pixel=\u00a0\u00bb800&Prime;][vc_column_text]Cette \u00e9tape est [&hellip;]<\/p>\n","protected":false},"author":11,"featured_media":0,"parent":888,"menu_order":0,"comment_status":"closed","ping_status":"closed","template":"","meta":{"_acf_changed":false,"footnotes":""},"class_list":["post-906","page","type-page","status-publish","hentry"],"acf":[],"yoast_head":"<!-- This site is optimized with the Yoast SEO plugin v27.2 - https:\/\/yoast.com\/product\/yoast-seo-wordpress\/ -->\n<title>Saturation du sol - Patinoires ext\u00e9rieures<\/title>\n<meta name=\"robots\" content=\"index, follow, max-snippet:-1, max-image-preview:large, max-video-preview:-1\" \/>\n<link rel=\"canonical\" href=\"https:\/\/www.guides-sports-loisirs.ca\/patinoires\/montage-dune-patinoire\/saturation-du-sol\/\" \/>\n<meta property=\"og:locale\" content=\"fr_FR\" \/>\n<meta property=\"og:type\" content=\"article\" \/>\n<meta property=\"og:title\" content=\"Saturation du sol - Patinoires ext\u00e9rieures\" \/>\n<meta property=\"og:description\" content=\"[vc_row row_height_percent=\u00a0\u00bb0&Prime; override_padding=\u00a0\u00bbyes\u00a0\u00bb h_padding=\u00a0\u00bb2&Prime; top_padding=\u00a0\u00bb2&Prime; bottom_padding=\u00a0\u00bb2&Prime; overlay_alpha=\u00a0\u00bb50&Prime; gutter_size=\u00a0\u00bb3&Prime; shift_y=\u00a0\u00bb0&Prime;][vc_column column_width_use_pixel=\u00a0\u00bbyes\u00a0\u00bb overlay_alpha=\u00a0\u00bb50&Prime; gutter_size=\u00a0\u00bb2&Prime; medium_width=\u00a0\u00bb0&Prime; shift_x=\u00a0\u00bb0&Prime; shift_y=\u00a0\u00bb0&Prime; z_index=\u00a0\u00bb0&Prime; width=\u00a0\u00bb1\/1&Prime; column_width_pixel=\u00a0\u00bb800&Prime;][vc_column_text]Cette \u00e9tape est [&hellip;]\" \/>\n<meta property=\"og:url\" content=\"https:\/\/www.guides-sports-loisirs.ca\/patinoires\/montage-dune-patinoire\/saturation-du-sol\/\" \/>\n<meta property=\"og:site_name\" content=\"Patinoires ext\u00e9rieures\" \/>\n<meta property=\"article:modified_time\" content=\"2018-06-04T16:47:15+00:00\" \/>\n<meta property=\"og:image\" content=\"https:\/\/www.guides-sports-loisirs.ca\/patinoires\/wp-content\/uploads\/sites\/3\/2018\/05\/5.2Patinoire_ShemaPorosite.jpg\" \/>\n<meta name=\"twitter:card\" content=\"summary_large_image\" \/>\n<meta name=\"twitter:label1\" content=\"Dur\u00e9e de lecture estim\u00e9e\" \/>\n\t<meta name=\"twitter:data1\" content=\"4 minutes\" \/>\n<script type=\"application\/ld+json\" class=\"yoast-schema-graph\">{\"@context\":\"https:\/\/schema.org\",\"@graph\":[{\"@type\":\"WebPage\",\"@id\":\"https:\/\/www.guides-sports-loisirs.ca\/patinoires\/montage-dune-patinoire\/saturation-du-sol\/\",\"url\":\"https:\/\/www.guides-sports-loisirs.ca\/patinoires\/montage-dune-patinoire\/saturation-du-sol\/\",\"name\":\"Saturation du sol - Patinoires ext\u00e9rieures\",\"isPartOf\":{\"@id\":\"https:\/\/www.guides-sports-loisirs.ca\/patinoires\/#website\"},\"primaryImageOfPage\":{\"@id\":\"https:\/\/www.guides-sports-loisirs.ca\/patinoires\/montage-dune-patinoire\/saturation-du-sol\/#primaryimage\"},\"image\":{\"@id\":\"https:\/\/www.guides-sports-loisirs.ca\/patinoires\/montage-dune-patinoire\/saturation-du-sol\/#primaryimage\"},\"thumbnailUrl\":\"https:\/\/www.guides-sports-loisirs.ca\/patinoires\/wp-content\/uploads\/sites\/3\/2018\/05\/5.2Patinoire_ShemaPorosite.jpg\",\"datePublished\":\"2018-05-11T13:44:16+00:00\",\"dateModified\":\"2018-06-04T16:47:15+00:00\",\"breadcrumb\":{\"@id\":\"https:\/\/www.guides-sports-loisirs.ca\/patinoires\/montage-dune-patinoire\/saturation-du-sol\/#breadcrumb\"},\"inLanguage\":\"fr-FR\",\"potentialAction\":[{\"@type\":\"ReadAction\",\"target\":[\"https:\/\/www.guides-sports-loisirs.ca\/patinoires\/montage-dune-patinoire\/saturation-du-sol\/\"]}]},{\"@type\":\"ImageObject\",\"inLanguage\":\"fr-FR\",\"@id\":\"https:\/\/www.guides-sports-loisirs.ca\/patinoires\/montage-dune-patinoire\/saturation-du-sol\/#primaryimage\",\"url\":\"https:\/\/www.guides-sports-loisirs.ca\/patinoires\/wp-content\/uploads\/sites\/3\/2018\/05\/5.2Patinoire_ShemaPorosite.jpg\",\"contentUrl\":\"https:\/\/www.guides-sports-loisirs.ca\/patinoires\/wp-content\/uploads\/sites\/3\/2018\/05\/5.2Patinoire_ShemaPorosite.jpg\",\"width\":1050,\"height\":1050},{\"@type\":\"BreadcrumbList\",\"@id\":\"https:\/\/www.guides-sports-loisirs.ca\/patinoires\/montage-dune-patinoire\/saturation-du-sol\/#breadcrumb\",\"itemListElement\":[{\"@type\":\"ListItem\",\"position\":1,\"name\":\"Accueil\",\"item\":\"https:\/\/www.guides-sports-loisirs.ca\/patinoires\/\"},{\"@type\":\"ListItem\",\"position\":2,\"name\":\"Montage d\u2019une patinoire\",\"item\":\"https:\/\/www.guides-sports-loisirs.ca\/patinoires\/montage-dune-patinoire\/\"},{\"@type\":\"ListItem\",\"position\":3,\"name\":\"Saturation du sol\"}]},{\"@type\":\"WebSite\",\"@id\":\"https:\/\/www.guides-sports-loisirs.ca\/patinoires\/#website\",\"url\":\"https:\/\/www.guides-sports-loisirs.ca\/patinoires\/\",\"name\":\"Patinoires ext\u00e9rieures\",\"description\":\"\",\"potentialAction\":[{\"@type\":\"SearchAction\",\"target\":{\"@type\":\"EntryPoint\",\"urlTemplate\":\"https:\/\/www.guides-sports-loisirs.ca\/patinoires\/?s={search_term_string}\"},\"query-input\":{\"@type\":\"PropertyValueSpecification\",\"valueRequired\":true,\"valueName\":\"search_term_string\"}}],\"inLanguage\":\"fr-FR\"}]}<\/script>\n<!-- \/ Yoast SEO plugin. -->","yoast_head_json":{"title":"Saturation du sol - Patinoires ext\u00e9rieures","robots":{"index":"index","follow":"follow","max-snippet":"max-snippet:-1","max-image-preview":"max-image-preview:large","max-video-preview":"max-video-preview:-1"},"canonical":"https:\/\/www.guides-sports-loisirs.ca\/patinoires\/montage-dune-patinoire\/saturation-du-sol\/","og_locale":"fr_FR","og_type":"article","og_title":"Saturation du sol - Patinoires ext\u00e9rieures","og_description":"[vc_row row_height_percent=\u00a0\u00bb0&Prime; override_padding=\u00a0\u00bbyes\u00a0\u00bb h_padding=\u00a0\u00bb2&Prime; top_padding=\u00a0\u00bb2&Prime; bottom_padding=\u00a0\u00bb2&Prime; overlay_alpha=\u00a0\u00bb50&Prime; gutter_size=\u00a0\u00bb3&Prime; shift_y=\u00a0\u00bb0&Prime;][vc_column column_width_use_pixel=\u00a0\u00bbyes\u00a0\u00bb overlay_alpha=\u00a0\u00bb50&Prime; gutter_size=\u00a0\u00bb2&Prime; medium_width=\u00a0\u00bb0&Prime; shift_x=\u00a0\u00bb0&Prime; shift_y=\u00a0\u00bb0&Prime; z_index=\u00a0\u00bb0&Prime; width=\u00a0\u00bb1\/1&Prime; column_width_pixel=\u00a0\u00bb800&Prime;][vc_column_text]Cette \u00e9tape est [&hellip;]","og_url":"https:\/\/www.guides-sports-loisirs.ca\/patinoires\/montage-dune-patinoire\/saturation-du-sol\/","og_site_name":"Patinoires ext\u00e9rieures","article_modified_time":"2018-06-04T16:47:15+00:00","og_image":[{"url":"https:\/\/www.guides-sports-loisirs.ca\/patinoires\/wp-content\/uploads\/sites\/3\/2018\/05\/5.2Patinoire_ShemaPorosite.jpg","type":"","width":"","height":""}],"twitter_card":"summary_large_image","twitter_misc":{"Dur\u00e9e de lecture estim\u00e9e":"4 minutes"},"schema":{"@context":"https:\/\/schema.org","@graph":[{"@type":"WebPage","@id":"https:\/\/www.guides-sports-loisirs.ca\/patinoires\/montage-dune-patinoire\/saturation-du-sol\/","url":"https:\/\/www.guides-sports-loisirs.ca\/patinoires\/montage-dune-patinoire\/saturation-du-sol\/","name":"Saturation du sol - Patinoires ext\u00e9rieures","isPartOf":{"@id":"https:\/\/www.guides-sports-loisirs.ca\/patinoires\/#website"},"primaryImageOfPage":{"@id":"https:\/\/www.guides-sports-loisirs.ca\/patinoires\/montage-dune-patinoire\/saturation-du-sol\/#primaryimage"},"image":{"@id":"https:\/\/www.guides-sports-loisirs.ca\/patinoires\/montage-dune-patinoire\/saturation-du-sol\/#primaryimage"},"thumbnailUrl":"https:\/\/www.guides-sports-loisirs.ca\/patinoires\/wp-content\/uploads\/sites\/3\/2018\/05\/5.2Patinoire_ShemaPorosite.jpg","datePublished":"2018-05-11T13:44:16+00:00","dateModified":"2018-06-04T16:47:15+00:00","breadcrumb":{"@id":"https:\/\/www.guides-sports-loisirs.ca\/patinoires\/montage-dune-patinoire\/saturation-du-sol\/#breadcrumb"},"inLanguage":"fr-FR","potentialAction":[{"@type":"ReadAction","target":["https:\/\/www.guides-sports-loisirs.ca\/patinoires\/montage-dune-patinoire\/saturation-du-sol\/"]}]},{"@type":"ImageObject","inLanguage":"fr-FR","@id":"https:\/\/www.guides-sports-loisirs.ca\/patinoires\/montage-dune-patinoire\/saturation-du-sol\/#primaryimage","url":"https:\/\/www.guides-sports-loisirs.ca\/patinoires\/wp-content\/uploads\/sites\/3\/2018\/05\/5.2Patinoire_ShemaPorosite.jpg","contentUrl":"https:\/\/www.guides-sports-loisirs.ca\/patinoires\/wp-content\/uploads\/sites\/3\/2018\/05\/5.2Patinoire_ShemaPorosite.jpg","width":1050,"height":1050},{"@type":"BreadcrumbList","@id":"https:\/\/www.guides-sports-loisirs.ca\/patinoires\/montage-dune-patinoire\/saturation-du-sol\/#breadcrumb","itemListElement":[{"@type":"ListItem","position":1,"name":"Accueil","item":"https:\/\/www.guides-sports-loisirs.ca\/patinoires\/"},{"@type":"ListItem","position":2,"name":"Montage d\u2019une patinoire","item":"https:\/\/www.guides-sports-loisirs.ca\/patinoires\/montage-dune-patinoire\/"},{"@type":"ListItem","position":3,"name":"Saturation du sol"}]},{"@type":"WebSite","@id":"https:\/\/www.guides-sports-loisirs.ca\/patinoires\/#website","url":"https:\/\/www.guides-sports-loisirs.ca\/patinoires\/","name":"Patinoires ext\u00e9rieures","description":"","potentialAction":[{"@type":"SearchAction","target":{"@type":"EntryPoint","urlTemplate":"https:\/\/www.guides-sports-loisirs.ca\/patinoires\/?s={search_term_string}"},"query-input":{"@type":"PropertyValueSpecification","valueRequired":true,"valueName":"search_term_string"}}],"inLanguage":"fr-FR"}]}},"_links":{"self":[{"href":"https:\/\/www.guides-sports-loisirs.ca\/patinoires\/wp-json\/wp\/v2\/pages\/906","targetHints":{"allow":["GET"]}}],"collection":[{"href":"https:\/\/www.guides-sports-loisirs.ca\/patinoires\/wp-json\/wp\/v2\/pages"}],"about":[{"href":"https:\/\/www.guides-sports-loisirs.ca\/patinoires\/wp-json\/wp\/v2\/types\/page"}],"author":[{"embeddable":true,"href":"https:\/\/www.guides-sports-loisirs.ca\/patinoires\/wp-json\/wp\/v2\/users\/11"}],"replies":[{"embeddable":true,"href":"https:\/\/www.guides-sports-loisirs.ca\/patinoires\/wp-json\/wp\/v2\/comments?post=906"}],"version-history":[{"count":5,"href":"https:\/\/www.guides-sports-loisirs.ca\/patinoires\/wp-json\/wp\/v2\/pages\/906\/revisions"}],"predecessor-version":[{"id":1097,"href":"https:\/\/www.guides-sports-loisirs.ca\/patinoires\/wp-json\/wp\/v2\/pages\/906\/revisions\/1097"}],"up":[{"embeddable":true,"href":"https:\/\/www.guides-sports-loisirs.ca\/patinoires\/wp-json\/wp\/v2\/pages\/888"}],"wp:attachment":[{"href":"https:\/\/www.guides-sports-loisirs.ca\/patinoires\/wp-json\/wp\/v2\/media?parent=906"}],"curies":[{"name":"wp","href":"https:\/\/api.w.org\/{rel}","templated":true}]}}