{"id":894,"date":"2018-05-11T08:55:35","date_gmt":"2018-05-11T12:55:35","guid":{"rendered":"https:\/\/www.guides-sports-loisirs.ca\/patinoires\/?page_id=894"},"modified":"2018-06-04T12:46:12","modified_gmt":"2018-06-04T16:46:12","slug":"activites-premontage","status":"publish","type":"page","link":"https:\/\/www.guides-sports-loisirs.ca\/patinoires\/montage-dune-patinoire\/activites-premontage\/","title":{"rendered":"Activit\u00e9s pr\u00e9montage"},"content":{"rendered":"<div class=\"wpb-content-wrapper\"><p>[vc_row row_height_percent=\u00a0\u00bb0&Prime; override_padding=\u00a0\u00bbyes\u00a0\u00bb h_padding=\u00a0\u00bb2&Prime; top_padding=\u00a0\u00bb2&Prime; bottom_padding=\u00a0\u00bb2&Prime; overlay_alpha=\u00a0\u00bb50&Prime; gutter_size=\u00a0\u00bb3&Prime; shift_y=\u00a0\u00bb0&Prime;][vc_column column_width_use_pixel=\u00a0\u00bbyes\u00a0\u00bb overlay_alpha=\u00a0\u00bb50&Prime; gutter_size=\u00a0\u00bb2&Prime; medium_width=\u00a0\u00bb0&Prime; shift_x=\u00a0\u00bb0&Prime; shift_y=\u00a0\u00bb0&Prime; z_index=\u00a0\u00bb0&Prime; width=\u00a0\u00bb1\/1&Prime; column_width_pixel=\u00a0\u00bb800&Prime;][vc_accordion][vc_accordion_tab title=\u00a0\u00bbRelev\u00e9s de terrain\u00a0\u00bb][vc_column_text]En se r\u00e9f\u00e9rant aux param\u00e8tres de localisation d\u2019une patinoire, le temps est venu de circonscrire l\u2019emplacement qu\u2019il conviendra de recouvrir de glace. Le premier travail consiste \u00e0 \u00e9valuer la plan\u00e9it\u00e9 de la surface. On peut le faire au moyen de m\u00e9thodes simples et accessibles.<\/p>\n<ul>\n<li><strong>La corde<\/strong>\u00a0: s\u2019appliquant aux surfaces souples, tels le gazon ou le gravier, cette m\u00e9thode permet d\u2019obtenir un portrait pr\u00e9cis des param\u00e8tres recherch\u00e9s. Des cordes, du type de celles qu\u2019on utilise en ma\u00e7onnerie, tendues dans les directions parall\u00e8les aux pentes apparentes, fixent l\u2019image \u00e0 partir de laquelle on pourra apporter les correctifs n\u00e9cessaires.<br \/>\nD\u2019orientation contraire, les creux et les bosses montrent leur amplitude au passage de cordes qui se croisent perpendiculairement. Un simple niveau de corde assure la plan\u00e9it\u00e9 de l\u2019ensemble de r\u00e9f\u00e9rence.<\/li>\n<li><strong>L\u2019eau<\/strong>\u00a0: cette m\u00e9thode simple inspir\u00e9e tout droit de la nature consiste \u00e0 \u00e9tendre une fine couche d\u2019eau sur une surface dure et imperm\u00e9able comme le b\u00e9ton ou l\u2019asphalte pour rep\u00e9rer creux et bosses.<img decoding=\"async\" class=\"alignnone wp-image-897 size-large\" src=\"https:\/\/www.guides-sports-loisirs.ca\/patinoires\/wp-content\/uploads\/sites\/3\/2018\/05\/Montage-de-patinoire_pre-montage-1024x576.jpg\" alt=\"\" width=\"840\" height=\"473\" srcset=\"https:\/\/www.guides-sports-loisirs.ca\/patinoires\/wp-content\/uploads\/sites\/3\/2018\/05\/Montage-de-patinoire_pre-montage-1024x576.jpg 1024w, https:\/\/www.guides-sports-loisirs.ca\/patinoires\/wp-content\/uploads\/sites\/3\/2018\/05\/Montage-de-patinoire_pre-montage-300x169.jpg 300w, https:\/\/www.guides-sports-loisirs.ca\/patinoires\/wp-content\/uploads\/sites\/3\/2018\/05\/Montage-de-patinoire_pre-montage-768x432.jpg 768w, https:\/\/www.guides-sports-loisirs.ca\/patinoires\/wp-content\/uploads\/sites\/3\/2018\/05\/Montage-de-patinoire_pre-montage.jpg 1920w\" sizes=\"(max-width: 840px) 100vw, 840px\" \/><\/li>\n<li><strong>L\u2019outillage sp\u00e9cialis\u00e9<\/strong>\u00a0: un instrument du type niveau laser rotatif permet de mesurer pr\u00e9cis\u00e9ment \u00e0 la fois l\u2019amplitude des d\u00e9nivellations et les correctifs \u00e0 apporter.<\/li>\n<\/ul>\n<p>En second lieu, on \u00e9valuera l\u2019\u00e9tanch\u00e9it\u00e9.<\/p>\n<ul>\n<li><strong>Surfaces poreuses<\/strong>\u00a0: la pluie ou l\u2019arrosage fournit les indices de porosit\u00e9. La vitesse de p\u00e9n\u00e9tration ou encore de stagnation de l\u2019eau sera not\u00e9e en pr\u00e9vision de l\u2019op\u00e9ration de saturation.<\/li>\n<li><strong>Surfaces \u00e9tanches<\/strong>\u00a0: le m\u00eame exercice que pr\u00e9c\u00e9demment s\u2019applique aux installations permanentes multisports offrant une courbure de drainage. Une bande de patinoire permanente ou devant \u00eatre provisoirement install\u00e9e plus tard devra \u00eatre exempte de points de fuite sur tout son pourtour.<\/li>\n<\/ul>\n<p>[\/vc_column_text][\/vc_accordion_tab][vc_accordion_tab title=\u00a0\u00bbCorrectifs\u00a0\u00bb][vc_column_text]Les correctifs \u00e0 apporter sont de deux ordres\u00a0:<\/p>\n<ul>\n<li>Le nivellement des surfaces souples et poreuses pourra s\u2019effectuer sur la base des donn\u00e9es recueillies \u00e0 l\u2019\u00e9tape des relev\u00e9s. Cet exercice, qui requiert parfois des mat\u00e9riaux \u00e0 mettre en place au moyen d\u2019un \u00e9quipement sp\u00e9cialis\u00e9, sera r\u00e9alis\u00e9 quelques semaines avant l\u2019installation de la bande s\u2019il y a lieu. Ainsi, les surfaces \u00e0 forte teneur en mati\u00e8res organiques pourront b\u00e9n\u00e9ficier des bienfaits d\u2019une compaction naturelle.<br \/>\n<img decoding=\"async\" class=\"alignnone wp-image-899 size-large\" src=\"https:\/\/www.guides-sports-loisirs.ca\/patinoires\/wp-content\/uploads\/sites\/3\/2018\/05\/Montage-patinoire_correctifs-1024x576.jpg\" alt=\"\" width=\"840\" height=\"473\" srcset=\"https:\/\/www.guides-sports-loisirs.ca\/patinoires\/wp-content\/uploads\/sites\/3\/2018\/05\/Montage-patinoire_correctifs-1024x576.jpg 1024w, https:\/\/www.guides-sports-loisirs.ca\/patinoires\/wp-content\/uploads\/sites\/3\/2018\/05\/Montage-patinoire_correctifs-300x169.jpg 300w, https:\/\/www.guides-sports-loisirs.ca\/patinoires\/wp-content\/uploads\/sites\/3\/2018\/05\/Montage-patinoire_correctifs-768x432.jpg 768w, https:\/\/www.guides-sports-loisirs.ca\/patinoires\/wp-content\/uploads\/sites\/3\/2018\/05\/Montage-patinoire_correctifs.jpg 1920w\" sizes=\"(max-width: 840px) 100vw, 840px\" \/><\/li>\n<li>Le pourtour pourra faire l\u2019objet d\u2019un colmatage appropri\u00e9. Que ce soit \u00e0 partir de substances synth\u00e9tiques comme les boudins flexibles jusqu\u2019\u00e0 la mise en place de mortiers imperm\u00e9ables en passant par les rev\u00eatements bitumineux, les solutions abondent selon les comp\u00e9tences des intervenants.<\/li>\n<\/ul>\n<p>Les bandes de patinoire pos\u00e9es sur le gazon offrent les probl\u00e8mes les plus fr\u00e9quents. L\u2019in\u00e9galit\u00e9 du sol caract\u00e9ristique de ce type de surface cr\u00e9e des espaces entre le sol et le dessous de la bande, causant par le fait m\u00eame des points de fuite d\u2019eau \u00e0 certains endroits du pourtour. L\u2019eau des premiers arrosages va s\u2019y frayer un chemin \u00e0 coup s\u00fbr.<\/p>\n<p><img decoding=\"async\" class=\"alignnone wp-image-900 size-large\" src=\"https:\/\/www.guides-sports-loisirs.ca\/patinoires\/wp-content\/uploads\/sites\/3\/2018\/05\/Montage-patinoire_correctifs2-1024x286.jpg\" alt=\"\" width=\"840\" height=\"235\" srcset=\"https:\/\/www.guides-sports-loisirs.ca\/patinoires\/wp-content\/uploads\/sites\/3\/2018\/05\/Montage-patinoire_correctifs2-1024x286.jpg 1024w, https:\/\/www.guides-sports-loisirs.ca\/patinoires\/wp-content\/uploads\/sites\/3\/2018\/05\/Montage-patinoire_correctifs2-300x84.jpg 300w, https:\/\/www.guides-sports-loisirs.ca\/patinoires\/wp-content\/uploads\/sites\/3\/2018\/05\/Montage-patinoire_correctifs2-768x215.jpg 768w, https:\/\/www.guides-sports-loisirs.ca\/patinoires\/wp-content\/uploads\/sites\/3\/2018\/05\/Montage-patinoire_correctifs2.jpg 1920w\" sizes=\"(max-width: 840px) 100vw, 840px\" \/><\/p>\n<p>Une bandelette g\u00e9otextile recouverte d\u2019un mat\u00e9riau imperm\u00e9able tel le poly\u00e9thyl\u00e8ne permet d\u2019assurer l\u2019\u00e9tanch\u00e9it\u00e9 de l\u2019ouvrage tout en favorisant sur sa partie textile l\u2019adh\u00e9rence de la glace. Ce proc\u00e9d\u00e9 (voir les sch\u00e9mas ci-apr\u00e8s) constitue la solution la plus simple et la plus efficace de rem\u00e9dier au probl\u00e8me.[\/vc_column_text][vc_empty_space empty_h=\u00a0\u00bb1&Prime;][vc_separator sep_color=\u00a0\u00bbaccent\u00a0\u00bb el_width=\u00a0\u00bb75px\u00a0\u00bb el_height=\u00a0\u00bb2px\u00a0\u00bb][vc_column_text]<strong>Vid\u00e9o\u00a0&#8211; Activit\u00e9s pr\u00e9montage<br \/>\n<\/strong>[\/vc_column_text][vc_empty_space empty_h=\u00a0\u00bb1&Prime;][vc_raw_html]JTNDaWZyYW1lJTIwc3JjJTNEJTIyaHR0cHMlM0ElMkYlMkZwbGF5ZXIudmltZW8uY29tJTJGdmlkZW8lMkYyNjY2OTM4NjUlMjIlMjB3aWR0aCUzRCUyMjczMiUyMiUyMGhlaWdodCUzRCUyMjQxMiUyMiUyMGZyYW1lYm9yZGVyJTNEJTIyMCUyMiUyMGFsbG93ZnVsbHNjcmVlbiUzRSUzQyUyRmlmcmFtZSUzRQ==[\/vc_raw_html][\/vc_accordion_tab][\/vc_accordion][vc_button button_color=\u00a0\u00bbaccent\u00a0\u00bb size=\u00a0\u00bbbtn-lg\u00a0\u00bb radius=\u00a0\u00bbbtn-circle\u00a0\u00bb icon_position=\u00a0\u00bbright\u00a0\u00bb link=\u00a0\u00bburl:http%3A%2F%2Fwww.guides-sports-loisirs.ca%2Fpatinoires%2Fwp-content%2Fuploads%2Fsites%2F3%2F2017%2F03%2FGIS_MontagePatinoire_ActivitesPremontage.pdf||target:%20_blank|\u00a0\u00bb icon=\u00a0\u00bbfa fa-file-o\u00a0\u00bb]Version PDF[\/vc_button][\/vc_column][\/vc_row]<\/p>\n<\/div>","protected":false},"excerpt":{"rendered":"<p>[vc_row row_height_percent=\u00a0\u00bb0&Prime; override_padding=\u00a0\u00bbyes\u00a0\u00bb h_padding=\u00a0\u00bb2&Prime; top_padding=\u00a0\u00bb2&Prime; bottom_padding=\u00a0\u00bb2&Prime; overlay_alpha=\u00a0\u00bb50&Prime; gutter_size=\u00a0\u00bb3&Prime; shift_y=\u00a0\u00bb0&Prime;][vc_column column_width_use_pixel=\u00a0\u00bbyes\u00a0\u00bb overlay_alpha=\u00a0\u00bb50&Prime; gutter_size=\u00a0\u00bb2&Prime; medium_width=\u00a0\u00bb0&Prime; shift_x=\u00a0\u00bb0&Prime; shift_y=\u00a0\u00bb0&Prime; z_index=\u00a0\u00bb0&Prime; width=\u00a0\u00bb1\/1&Prime; column_width_pixel=\u00a0\u00bb800&Prime;][vc_accordion][vc_accordion_tab title=\u00a0\u00bbRelev\u00e9s de [&hellip;]<\/p>\n","protected":false},"author":11,"featured_media":0,"parent":888,"menu_order":0,"comment_status":"closed","ping_status":"closed","template":"","meta":{"_acf_changed":false,"footnotes":""},"class_list":["post-894","page","type-page","status-publish","hentry"],"acf":[],"yoast_head":"<!-- This site is optimized with the Yoast SEO plugin v27.4 - https:\/\/yoast.com\/product\/yoast-seo-wordpress\/ -->\n<title>Activit\u00e9s pr\u00e9montage - Patinoires ext\u00e9rieures<\/title>\n<meta name=\"robots\" content=\"index, follow, max-snippet:-1, max-image-preview:large, max-video-preview:-1\" \/>\n<link rel=\"canonical\" href=\"https:\/\/www.guides-sports-loisirs.ca\/patinoires\/montage-dune-patinoire\/activites-premontage\/\" \/>\n<meta property=\"og:locale\" content=\"fr_FR\" \/>\n<meta property=\"og:type\" content=\"article\" \/>\n<meta property=\"og:title\" content=\"Activit\u00e9s pr\u00e9montage - Patinoires ext\u00e9rieures\" \/>\n<meta property=\"og:description\" content=\"[vc_row row_height_percent=\u00a0\u00bb0&Prime; override_padding=\u00a0\u00bbyes\u00a0\u00bb h_padding=\u00a0\u00bb2&Prime; top_padding=\u00a0\u00bb2&Prime; bottom_padding=\u00a0\u00bb2&Prime; overlay_alpha=\u00a0\u00bb50&Prime; gutter_size=\u00a0\u00bb3&Prime; shift_y=\u00a0\u00bb0&Prime;][vc_column column_width_use_pixel=\u00a0\u00bbyes\u00a0\u00bb overlay_alpha=\u00a0\u00bb50&Prime; gutter_size=\u00a0\u00bb2&Prime; medium_width=\u00a0\u00bb0&Prime; shift_x=\u00a0\u00bb0&Prime; shift_y=\u00a0\u00bb0&Prime; z_index=\u00a0\u00bb0&Prime; width=\u00a0\u00bb1\/1&Prime; column_width_pixel=\u00a0\u00bb800&Prime;][vc_accordion][vc_accordion_tab title=\u00a0\u00bbRelev\u00e9s de [&hellip;]\" \/>\n<meta property=\"og:url\" content=\"https:\/\/www.guides-sports-loisirs.ca\/patinoires\/montage-dune-patinoire\/activites-premontage\/\" \/>\n<meta property=\"og:site_name\" content=\"Patinoires ext\u00e9rieures\" \/>\n<meta property=\"article:modified_time\" content=\"2018-06-04T16:46:12+00:00\" \/>\n<meta property=\"og:image\" content=\"https:\/\/www.guides-sports-loisirs.ca\/patinoires\/wp-content\/uploads\/sites\/3\/2018\/05\/Montage-de-patinoire_pre-montage-1024x576.jpg\" \/>\n<meta name=\"twitter:card\" content=\"summary_large_image\" \/>\n<meta name=\"twitter:label1\" content=\"Dur\u00e9e de lecture estim\u00e9e\" \/>\n\t<meta name=\"twitter:data1\" content=\"4 minutes\" \/>\n<script type=\"application\/ld+json\" class=\"yoast-schema-graph\">{\"@context\":\"https:\\\/\\\/schema.org\",\"@graph\":[{\"@type\":\"WebPage\",\"@id\":\"https:\\\/\\\/www.guides-sports-loisirs.ca\\\/patinoires\\\/montage-dune-patinoire\\\/activites-premontage\\\/\",\"url\":\"https:\\\/\\\/www.guides-sports-loisirs.ca\\\/patinoires\\\/montage-dune-patinoire\\\/activites-premontage\\\/\",\"name\":\"Activit\u00e9s pr\u00e9montage - Patinoires ext\u00e9rieures\",\"isPartOf\":{\"@id\":\"https:\\\/\\\/www.guides-sports-loisirs.ca\\\/patinoires\\\/#website\"},\"primaryImageOfPage\":{\"@id\":\"https:\\\/\\\/www.guides-sports-loisirs.ca\\\/patinoires\\\/montage-dune-patinoire\\\/activites-premontage\\\/#primaryimage\"},\"image\":{\"@id\":\"https:\\\/\\\/www.guides-sports-loisirs.ca\\\/patinoires\\\/montage-dune-patinoire\\\/activites-premontage\\\/#primaryimage\"},\"thumbnailUrl\":\"https:\\\/\\\/www.guides-sports-loisirs.ca\\\/patinoires\\\/wp-content\\\/uploads\\\/sites\\\/3\\\/2018\\\/05\\\/Montage-de-patinoire_pre-montage-1024x576.jpg\",\"datePublished\":\"2018-05-11T12:55:35+00:00\",\"dateModified\":\"2018-06-04T16:46:12+00:00\",\"breadcrumb\":{\"@id\":\"https:\\\/\\\/www.guides-sports-loisirs.ca\\\/patinoires\\\/montage-dune-patinoire\\\/activites-premontage\\\/#breadcrumb\"},\"inLanguage\":\"fr-FR\",\"potentialAction\":[{\"@type\":\"ReadAction\",\"target\":[\"https:\\\/\\\/www.guides-sports-loisirs.ca\\\/patinoires\\\/montage-dune-patinoire\\\/activites-premontage\\\/\"]}]},{\"@type\":\"ImageObject\",\"inLanguage\":\"fr-FR\",\"@id\":\"https:\\\/\\\/www.guides-sports-loisirs.ca\\\/patinoires\\\/montage-dune-patinoire\\\/activites-premontage\\\/#primaryimage\",\"url\":\"https:\\\/\\\/www.guides-sports-loisirs.ca\\\/patinoires\\\/wp-content\\\/uploads\\\/sites\\\/3\\\/2018\\\/05\\\/Montage-de-patinoire_pre-montage.jpg\",\"contentUrl\":\"https:\\\/\\\/www.guides-sports-loisirs.ca\\\/patinoires\\\/wp-content\\\/uploads\\\/sites\\\/3\\\/2018\\\/05\\\/Montage-de-patinoire_pre-montage.jpg\",\"width\":1920,\"height\":1080},{\"@type\":\"BreadcrumbList\",\"@id\":\"https:\\\/\\\/www.guides-sports-loisirs.ca\\\/patinoires\\\/montage-dune-patinoire\\\/activites-premontage\\\/#breadcrumb\",\"itemListElement\":[{\"@type\":\"ListItem\",\"position\":1,\"name\":\"Accueil\",\"item\":\"https:\\\/\\\/www.guides-sports-loisirs.ca\\\/patinoires\\\/\"},{\"@type\":\"ListItem\",\"position\":2,\"name\":\"Montage d\u2019une patinoire\",\"item\":\"https:\\\/\\\/www.guides-sports-loisirs.ca\\\/patinoires\\\/montage-dune-patinoire\\\/\"},{\"@type\":\"ListItem\",\"position\":3,\"name\":\"Activit\u00e9s pr\u00e9montage\"}]},{\"@type\":\"WebSite\",\"@id\":\"https:\\\/\\\/www.guides-sports-loisirs.ca\\\/patinoires\\\/#website\",\"url\":\"https:\\\/\\\/www.guides-sports-loisirs.ca\\\/patinoires\\\/\",\"name\":\"Patinoires ext\u00e9rieures\",\"description\":\"\",\"potentialAction\":[{\"@type\":\"SearchAction\",\"target\":{\"@type\":\"EntryPoint\",\"urlTemplate\":\"https:\\\/\\\/www.guides-sports-loisirs.ca\\\/patinoires\\\/?s={search_term_string}\"},\"query-input\":{\"@type\":\"PropertyValueSpecification\",\"valueRequired\":true,\"valueName\":\"search_term_string\"}}],\"inLanguage\":\"fr-FR\"}]}<\/script>\n<!-- \/ Yoast SEO plugin. -->","yoast_head_json":{"title":"Activit\u00e9s pr\u00e9montage - Patinoires ext\u00e9rieures","robots":{"index":"index","follow":"follow","max-snippet":"max-snippet:-1","max-image-preview":"max-image-preview:large","max-video-preview":"max-video-preview:-1"},"canonical":"https:\/\/www.guides-sports-loisirs.ca\/patinoires\/montage-dune-patinoire\/activites-premontage\/","og_locale":"fr_FR","og_type":"article","og_title":"Activit\u00e9s pr\u00e9montage - Patinoires ext\u00e9rieures","og_description":"[vc_row row_height_percent=\u00a0\u00bb0&Prime; override_padding=\u00a0\u00bbyes\u00a0\u00bb h_padding=\u00a0\u00bb2&Prime; top_padding=\u00a0\u00bb2&Prime; bottom_padding=\u00a0\u00bb2&Prime; overlay_alpha=\u00a0\u00bb50&Prime; gutter_size=\u00a0\u00bb3&Prime; shift_y=\u00a0\u00bb0&Prime;][vc_column column_width_use_pixel=\u00a0\u00bbyes\u00a0\u00bb overlay_alpha=\u00a0\u00bb50&Prime; gutter_size=\u00a0\u00bb2&Prime; medium_width=\u00a0\u00bb0&Prime; shift_x=\u00a0\u00bb0&Prime; shift_y=\u00a0\u00bb0&Prime; z_index=\u00a0\u00bb0&Prime; width=\u00a0\u00bb1\/1&Prime; column_width_pixel=\u00a0\u00bb800&Prime;][vc_accordion][vc_accordion_tab title=\u00a0\u00bbRelev\u00e9s de [&hellip;]","og_url":"https:\/\/www.guides-sports-loisirs.ca\/patinoires\/montage-dune-patinoire\/activites-premontage\/","og_site_name":"Patinoires ext\u00e9rieures","article_modified_time":"2018-06-04T16:46:12+00:00","og_image":[{"url":"https:\/\/www.guides-sports-loisirs.ca\/patinoires\/wp-content\/uploads\/sites\/3\/2018\/05\/Montage-de-patinoire_pre-montage-1024x576.jpg","type":"","width":"","height":""}],"twitter_card":"summary_large_image","twitter_misc":{"Dur\u00e9e de lecture estim\u00e9e":"4 minutes"},"schema":{"@context":"https:\/\/schema.org","@graph":[{"@type":"WebPage","@id":"https:\/\/www.guides-sports-loisirs.ca\/patinoires\/montage-dune-patinoire\/activites-premontage\/","url":"https:\/\/www.guides-sports-loisirs.ca\/patinoires\/montage-dune-patinoire\/activites-premontage\/","name":"Activit\u00e9s pr\u00e9montage - Patinoires ext\u00e9rieures","isPartOf":{"@id":"https:\/\/www.guides-sports-loisirs.ca\/patinoires\/#website"},"primaryImageOfPage":{"@id":"https:\/\/www.guides-sports-loisirs.ca\/patinoires\/montage-dune-patinoire\/activites-premontage\/#primaryimage"},"image":{"@id":"https:\/\/www.guides-sports-loisirs.ca\/patinoires\/montage-dune-patinoire\/activites-premontage\/#primaryimage"},"thumbnailUrl":"https:\/\/www.guides-sports-loisirs.ca\/patinoires\/wp-content\/uploads\/sites\/3\/2018\/05\/Montage-de-patinoire_pre-montage-1024x576.jpg","datePublished":"2018-05-11T12:55:35+00:00","dateModified":"2018-06-04T16:46:12+00:00","breadcrumb":{"@id":"https:\/\/www.guides-sports-loisirs.ca\/patinoires\/montage-dune-patinoire\/activites-premontage\/#breadcrumb"},"inLanguage":"fr-FR","potentialAction":[{"@type":"ReadAction","target":["https:\/\/www.guides-sports-loisirs.ca\/patinoires\/montage-dune-patinoire\/activites-premontage\/"]}]},{"@type":"ImageObject","inLanguage":"fr-FR","@id":"https:\/\/www.guides-sports-loisirs.ca\/patinoires\/montage-dune-patinoire\/activites-premontage\/#primaryimage","url":"https:\/\/www.guides-sports-loisirs.ca\/patinoires\/wp-content\/uploads\/sites\/3\/2018\/05\/Montage-de-patinoire_pre-montage.jpg","contentUrl":"https:\/\/www.guides-sports-loisirs.ca\/patinoires\/wp-content\/uploads\/sites\/3\/2018\/05\/Montage-de-patinoire_pre-montage.jpg","width":1920,"height":1080},{"@type":"BreadcrumbList","@id":"https:\/\/www.guides-sports-loisirs.ca\/patinoires\/montage-dune-patinoire\/activites-premontage\/#breadcrumb","itemListElement":[{"@type":"ListItem","position":1,"name":"Accueil","item":"https:\/\/www.guides-sports-loisirs.ca\/patinoires\/"},{"@type":"ListItem","position":2,"name":"Montage d\u2019une patinoire","item":"https:\/\/www.guides-sports-loisirs.ca\/patinoires\/montage-dune-patinoire\/"},{"@type":"ListItem","position":3,"name":"Activit\u00e9s pr\u00e9montage"}]},{"@type":"WebSite","@id":"https:\/\/www.guides-sports-loisirs.ca\/patinoires\/#website","url":"https:\/\/www.guides-sports-loisirs.ca\/patinoires\/","name":"Patinoires ext\u00e9rieures","description":"","potentialAction":[{"@type":"SearchAction","target":{"@type":"EntryPoint","urlTemplate":"https:\/\/www.guides-sports-loisirs.ca\/patinoires\/?s={search_term_string}"},"query-input":{"@type":"PropertyValueSpecification","valueRequired":true,"valueName":"search_term_string"}}],"inLanguage":"fr-FR"}]}},"_links":{"self":[{"href":"https:\/\/www.guides-sports-loisirs.ca\/patinoires\/wp-json\/wp\/v2\/pages\/894","targetHints":{"allow":["GET"]}}],"collection":[{"href":"https:\/\/www.guides-sports-loisirs.ca\/patinoires\/wp-json\/wp\/v2\/pages"}],"about":[{"href":"https:\/\/www.guides-sports-loisirs.ca\/patinoires\/wp-json\/wp\/v2\/types\/page"}],"author":[{"embeddable":true,"href":"https:\/\/www.guides-sports-loisirs.ca\/patinoires\/wp-json\/wp\/v2\/users\/11"}],"replies":[{"embeddable":true,"href":"https:\/\/www.guides-sports-loisirs.ca\/patinoires\/wp-json\/wp\/v2\/comments?post=894"}],"version-history":[{"count":7,"href":"https:\/\/www.guides-sports-loisirs.ca\/patinoires\/wp-json\/wp\/v2\/pages\/894\/revisions"}],"predecessor-version":[{"id":1096,"href":"https:\/\/www.guides-sports-loisirs.ca\/patinoires\/wp-json\/wp\/v2\/pages\/894\/revisions\/1096"}],"up":[{"embeddable":true,"href":"https:\/\/www.guides-sports-loisirs.ca\/patinoires\/wp-json\/wp\/v2\/pages\/888"}],"wp:attachment":[{"href":"https:\/\/www.guides-sports-loisirs.ca\/patinoires\/wp-json\/wp\/v2\/media?parent=894"}],"curies":[{"name":"wp","href":"https:\/\/api.w.org\/{rel}","templated":true}]}}