{"id":881,"date":"2018-05-10T15:54:56","date_gmt":"2018-05-10T19:54:56","guid":{"rendered":"https:\/\/www.guides-sports-loisirs.ca\/patinoires\/?page_id=881"},"modified":"2018-06-04T12:44:27","modified_gmt":"2018-06-04T16:44:27","slug":"outillage-manuel-non-mecanise","status":"publish","type":"page","link":"https:\/\/www.guides-sports-loisirs.ca\/patinoires\/outillage\/outillage-manuel-non-mecanise\/","title":{"rendered":"Outillage manuel non m\u00e9canis\u00e9"},"content":{"rendered":"<div class=\"wpb-content-wrapper\"><p>[vc_row row_height_percent=\u00a0\u00bb0&Prime; override_padding=\u00a0\u00bbyes\u00a0\u00bb h_padding=\u00a0\u00bb2&Prime; top_padding=\u00a0\u00bb2&Prime; bottom_padding=\u00a0\u00bb2&Prime; overlay_alpha=\u00a0\u00bb50&Prime; gutter_size=\u00a0\u00bb3&Prime; shift_y=\u00a0\u00bb0&Prime;][vc_column column_width_use_pixel=\u00a0\u00bbyes\u00a0\u00bb overlay_alpha=\u00a0\u00bb50&Prime; gutter_size=\u00a0\u00bb2&Prime; medium_width=\u00a0\u00bb0&Prime; shift_x=\u00a0\u00bb0&Prime; shift_y=\u00a0\u00bb0&Prime; z_index=\u00a0\u00bb0&Prime; width=\u00a0\u00bb1\/1&Prime; column_width_pixel=\u00a0\u00bb800&Prime;][vc_accordion][vc_accordion_tab title=\u00a0\u00bbPelles et grattoirs\u00a0\u00bb][vc_single_image media=\u00a0\u00bb780&Prime; media_width_percent=\u00a0\u00bb100&Prime;][vc_column_text]La pelle \u00e0 neige traditionnelle \u00e9voque l\u2019hiver ou les travaux forc\u00e9s. Il est vrai que le maniement de la pelle a perdu de son lustre avec les ann\u00e9es, mais les formats offerts se sont multipli\u00e9s. L\u2019av\u00e8nement des pelles en plastique a all\u00e9g\u00e9 leur masse inerte. Les largeurs se d\u00e9clinent de petit (25\u00a0cm) \u00e0 grand (40\u00a0cm). Peu r\u00e9sistants, les mod\u00e8les \u00e9quip\u00e9s de lamelles d\u2019acier sont destin\u00e9s au march\u00e9 domestique.<\/p>\n<p>Les grattoirs ne sont que des pelles de plus grandes dimensions. Jadis le grattoir d\u2019acier \u00e9tait roi et nul outil ne pouvait le d\u00e9tr\u00f4ner pour d\u00e9blayer une patinoire. Son poids se posait toutefois en obstacle le moment venu de sortir la neige par-dessus la bande. Un nouveau type de grattoir est apparu r\u00e9cemment, constitu\u00e9 d\u2019un mat\u00e9riau plastique \u00e9galement, mais nettement plus \u00e9pais que dans les mod\u00e8les en poly usuels.<\/p>\n<p>L\u2019\u00e9volution la plus marqu\u00e9e de cet outil se situe dans la mise au point de manches incurv\u00e9s de type ergonomique. La p\u00e9riode d\u2019adaptation pass\u00e9e, ils favorisent une meilleure posture lors du travail. Il serait plus avantageux de voir les mod\u00e8les se d\u00e9cliner en diff\u00e9rentes longueurs de manche.<\/p>\n<p>En r\u00e9sum\u00e9, une pelle ergonomique bien adapt\u00e9e \u00e0 sa taille repr\u00e9sente un choix judicieux pour gratter et projeter la neige[\/vc_column_text][\/vc_accordion_tab][vc_accordion_tab title=\u00a0\u00bbCoupe-glaces\u00a0\u00bb][vc_single_image media=\u00a0\u00bb781&Prime; media_width_percent=\u00a0\u00bb100&Prime;][vc_column_text]Les coupe-glaces se pr\u00e9sentent en formats de 4,7 et 9 pouces de largeur. Ils sont fabriqu\u00e9s en acier tremp\u00e9 ou forg\u00e9. Il est pr\u00e9f\u00e9rable d\u2019opter pour un mod\u00e8le en acier forg\u00e9 \u00e0 cause de la masse plus grande que l\u2019acier tremp\u00e9. Le coupe-glace entre en sc\u00e8ne au moment o\u00f9 la pelle s\u2019av\u00e8re inop\u00e9rante. Il reste encore l\u2019outil de pr\u00e9dilection pour nettoyer le pourtour des patinoires.[\/vc_column_text][\/vc_accordion_tab][vc_accordion_tab title=\u00a0\u00bbRaclettes\u00a0\u00bb][vc_column_text]La raclette ou \u00ab\u00a0squeegee\u00a0\u00bb est l\u2019instrument tout indiqu\u00e9 pour les r\u00e9parations ponctuelles sur les patinoires. Il faut privil\u00e9gier les mod\u00e8les constitu\u00e9s de mousse \u00e0 cause de leur capacit\u00e9 d\u2019absorption d\u2019eau sup\u00e9rieure au caoutchouc et leur plus grande r\u00e9sistance au froid. La raclette s\u2019accompagne d\u2019un seau d\u2019eau froide ou chaude selon l\u2019usage. Une cannette pressuris\u00e9e de dioxyde de carbone (CO2) compl\u00e8te \u00e0 merveille cet \u00e9quipement.[\/vc_column_text][\/vc_accordion_tab][vc_accordion_tab title=\u00a0\u00bbTuyaux et buses\u00a0\u00bb][vc_single_image media=\u00a0\u00bb782&Prime; media_width_percent=\u00a0\u00bb100&Prime;][vc_column_text]Les tuyaux d\u2019arrosage couramment utilis\u00e9s ont un diam\u00e8tre de 1\u00a0\u00bd pouce et sont rev\u00eatus d\u2019une gaine textile. Effectivement, il s\u2019agit bien du \u00ab\u00a0boyau de pompier\u00a0\u00bb. Mais ce choix est contestable en raison du d\u00e9bit excessif. Si un tel tuyau convient bien aux techniques d\u2019inondation et de saturation, la pr\u00e9cision exig\u00e9e lors de la pulv\u00e9risation et de l\u2019aspersion le disqualifie pour ces usages. La gaine textile peut rester d\u00e9tremp\u00e9e plusieurs heures, mais les gaines en vinyle \u00e9liminent cet inconv\u00e9nient.<\/p>\n<p>Un tuyau de caoutchouc souple comme celui qu\u2019on utilise pour la livraison du mazout \u00e0 domicile, d\u2019un diam\u00e8tre de 1 pouce, se manie ais\u00e9ment dans les d\u00e9placements sur la glace, et d\u2019autant plus que le caoutchouc offre une meilleure glisse que le tissu.<\/p>\n<p>Les buses conventionnelles \u00e0 contr\u00f4le unique du faisceau d\u2019eau ont comme rivales les buses \u00e0 double contr\u00f4le, qui ont aussi une valve contr\u00f4lant le d\u00e9bit d\u2019eau.[\/vc_column_text][\/vc_accordion_tab][vc_accordion_tab title=\u00a0\u00bbInstruments sp\u00e9cialis\u00e9s\u00a0\u00bb][vc_column_text]Des instruments \u00e0 usage sp\u00e9cifique tel un thermom\u00e8tre sont \u00e0 inclure dans la panoplie des outils et accessoires. Le thermom\u00e8tre conventionnel a toujours sa place pour mesurer la temp\u00e9rature ambiante, mais le thermom\u00e8tre \u00e0 infrarouge permet de conna\u00eetre plus particuli\u00e8rement la temp\u00e9rature \u00e0 la surface de la glace.<\/p>\n<p>Par ailleurs, la perceuse rotative fait de plus en plus place \u00e0 des instruments de mesure \u00e0 ultrasons qui effectuent une lecture en surface indiquant instantan\u00e9ment l\u2019\u00e9paisseur de la glace.[\/vc_column_text][\/vc_accordion_tab][\/vc_accordion][vc_button button_color=\u00a0\u00bbaccent\u00a0\u00bb size=\u00a0\u00bbbtn-lg\u00a0\u00bb radius=\u00a0\u00bbbtn-circle\u00a0\u00bb icon_position=\u00a0\u00bbright\u00a0\u00bb link=\u00a0\u00bburl:http%3A%2F%2Fwww.guides-sports-loisirs.ca%2Fpatinoires%2Fwp-content%2Fuploads%2Fsites%2F3%2F2017%2F03%2FGIS_Outillage_OutillageManuelNonMeca.pdf||target:%20_blank|\u00a0\u00bb icon=\u00a0\u00bbfa fa-file-o\u00a0\u00bb]Version PDF[\/vc_button][\/vc_column][\/vc_row]<\/p>\n<\/div>","protected":false},"excerpt":{"rendered":"<p>[vc_row row_height_percent=\u00a0\u00bb0&Prime; override_padding=\u00a0\u00bbyes\u00a0\u00bb h_padding=\u00a0\u00bb2&Prime; top_padding=\u00a0\u00bb2&Prime; bottom_padding=\u00a0\u00bb2&Prime; overlay_alpha=\u00a0\u00bb50&Prime; gutter_size=\u00a0\u00bb3&Prime; shift_y=\u00a0\u00bb0&Prime;][vc_column column_width_use_pixel=\u00a0\u00bbyes\u00a0\u00bb overlay_alpha=\u00a0\u00bb50&Prime; gutter_size=\u00a0\u00bb2&Prime; medium_width=\u00a0\u00bb0&Prime; shift_x=\u00a0\u00bb0&Prime; shift_y=\u00a0\u00bb0&Prime; z_index=\u00a0\u00bb0&Prime; width=\u00a0\u00bb1\/1&Prime; column_width_pixel=\u00a0\u00bb800&Prime;][vc_accordion][vc_accordion_tab title=\u00a0\u00bbPelles et [&hellip;]<\/p>\n","protected":false},"author":11,"featured_media":0,"parent":855,"menu_order":0,"comment_status":"closed","ping_status":"closed","template":"","meta":{"_acf_changed":false,"footnotes":""},"class_list":["post-881","page","type-page","status-publish","hentry"],"acf":[],"yoast_head":"<!-- This site is optimized with the Yoast SEO plugin v27.4 - https:\/\/yoast.com\/product\/yoast-seo-wordpress\/ -->\n<title>Outillage manuel non m\u00e9canis\u00e9 - Patinoires ext\u00e9rieures<\/title>\n<meta name=\"robots\" content=\"index, follow, max-snippet:-1, max-image-preview:large, max-video-preview:-1\" \/>\n<link rel=\"canonical\" href=\"https:\/\/www.guides-sports-loisirs.ca\/patinoires\/outillage\/outillage-manuel-non-mecanise\/\" \/>\n<meta property=\"og:locale\" content=\"fr_FR\" \/>\n<meta property=\"og:type\" content=\"article\" \/>\n<meta property=\"og:title\" content=\"Outillage manuel non m\u00e9canis\u00e9 - Patinoires ext\u00e9rieures\" \/>\n<meta property=\"og:description\" content=\"[vc_row row_height_percent=\u00a0\u00bb0&Prime; override_padding=\u00a0\u00bbyes\u00a0\u00bb h_padding=\u00a0\u00bb2&Prime; top_padding=\u00a0\u00bb2&Prime; bottom_padding=\u00a0\u00bb2&Prime; overlay_alpha=\u00a0\u00bb50&Prime; gutter_size=\u00a0\u00bb3&Prime; shift_y=\u00a0\u00bb0&Prime;][vc_column column_width_use_pixel=\u00a0\u00bbyes\u00a0\u00bb overlay_alpha=\u00a0\u00bb50&Prime; gutter_size=\u00a0\u00bb2&Prime; medium_width=\u00a0\u00bb0&Prime; shift_x=\u00a0\u00bb0&Prime; shift_y=\u00a0\u00bb0&Prime; z_index=\u00a0\u00bb0&Prime; width=\u00a0\u00bb1\/1&Prime; column_width_pixel=\u00a0\u00bb800&Prime;][vc_accordion][vc_accordion_tab title=\u00a0\u00bbPelles et [&hellip;]\" \/>\n<meta property=\"og:url\" content=\"https:\/\/www.guides-sports-loisirs.ca\/patinoires\/outillage\/outillage-manuel-non-mecanise\/\" \/>\n<meta property=\"og:site_name\" content=\"Patinoires ext\u00e9rieures\" \/>\n<meta property=\"article:modified_time\" content=\"2018-06-04T16:44:27+00:00\" \/>\n<meta name=\"twitter:card\" content=\"summary_large_image\" \/>\n<meta name=\"twitter:label1\" content=\"Dur\u00e9e de lecture estim\u00e9e\" \/>\n\t<meta name=\"twitter:data1\" content=\"4 minutes\" \/>\n<script type=\"application\/ld+json\" class=\"yoast-schema-graph\">{\"@context\":\"https:\\\/\\\/schema.org\",\"@graph\":[{\"@type\":\"WebPage\",\"@id\":\"https:\\\/\\\/www.guides-sports-loisirs.ca\\\/patinoires\\\/outillage\\\/outillage-manuel-non-mecanise\\\/\",\"url\":\"https:\\\/\\\/www.guides-sports-loisirs.ca\\\/patinoires\\\/outillage\\\/outillage-manuel-non-mecanise\\\/\",\"name\":\"Outillage manuel non m\u00e9canis\u00e9 - Patinoires ext\u00e9rieures\",\"isPartOf\":{\"@id\":\"https:\\\/\\\/www.guides-sports-loisirs.ca\\\/patinoires\\\/#website\"},\"datePublished\":\"2018-05-10T19:54:56+00:00\",\"dateModified\":\"2018-06-04T16:44:27+00:00\",\"breadcrumb\":{\"@id\":\"https:\\\/\\\/www.guides-sports-loisirs.ca\\\/patinoires\\\/outillage\\\/outillage-manuel-non-mecanise\\\/#breadcrumb\"},\"inLanguage\":\"fr-FR\",\"potentialAction\":[{\"@type\":\"ReadAction\",\"target\":[\"https:\\\/\\\/www.guides-sports-loisirs.ca\\\/patinoires\\\/outillage\\\/outillage-manuel-non-mecanise\\\/\"]}]},{\"@type\":\"BreadcrumbList\",\"@id\":\"https:\\\/\\\/www.guides-sports-loisirs.ca\\\/patinoires\\\/outillage\\\/outillage-manuel-non-mecanise\\\/#breadcrumb\",\"itemListElement\":[{\"@type\":\"ListItem\",\"position\":1,\"name\":\"Accueil\",\"item\":\"https:\\\/\\\/www.guides-sports-loisirs.ca\\\/patinoires\\\/\"},{\"@type\":\"ListItem\",\"position\":2,\"name\":\"Outillage\",\"item\":\"https:\\\/\\\/www.guides-sports-loisirs.ca\\\/patinoires\\\/outillage\\\/\"},{\"@type\":\"ListItem\",\"position\":3,\"name\":\"Outillage manuel non m\u00e9canis\u00e9\"}]},{\"@type\":\"WebSite\",\"@id\":\"https:\\\/\\\/www.guides-sports-loisirs.ca\\\/patinoires\\\/#website\",\"url\":\"https:\\\/\\\/www.guides-sports-loisirs.ca\\\/patinoires\\\/\",\"name\":\"Patinoires ext\u00e9rieures\",\"description\":\"\",\"potentialAction\":[{\"@type\":\"SearchAction\",\"target\":{\"@type\":\"EntryPoint\",\"urlTemplate\":\"https:\\\/\\\/www.guides-sports-loisirs.ca\\\/patinoires\\\/?s={search_term_string}\"},\"query-input\":{\"@type\":\"PropertyValueSpecification\",\"valueRequired\":true,\"valueName\":\"search_term_string\"}}],\"inLanguage\":\"fr-FR\"}]}<\/script>\n<!-- \/ Yoast SEO plugin. -->","yoast_head_json":{"title":"Outillage manuel non m\u00e9canis\u00e9 - Patinoires ext\u00e9rieures","robots":{"index":"index","follow":"follow","max-snippet":"max-snippet:-1","max-image-preview":"max-image-preview:large","max-video-preview":"max-video-preview:-1"},"canonical":"https:\/\/www.guides-sports-loisirs.ca\/patinoires\/outillage\/outillage-manuel-non-mecanise\/","og_locale":"fr_FR","og_type":"article","og_title":"Outillage manuel non m\u00e9canis\u00e9 - Patinoires ext\u00e9rieures","og_description":"[vc_row row_height_percent=\u00a0\u00bb0&Prime; override_padding=\u00a0\u00bbyes\u00a0\u00bb h_padding=\u00a0\u00bb2&Prime; top_padding=\u00a0\u00bb2&Prime; bottom_padding=\u00a0\u00bb2&Prime; overlay_alpha=\u00a0\u00bb50&Prime; gutter_size=\u00a0\u00bb3&Prime; shift_y=\u00a0\u00bb0&Prime;][vc_column column_width_use_pixel=\u00a0\u00bbyes\u00a0\u00bb overlay_alpha=\u00a0\u00bb50&Prime; gutter_size=\u00a0\u00bb2&Prime; medium_width=\u00a0\u00bb0&Prime; shift_x=\u00a0\u00bb0&Prime; shift_y=\u00a0\u00bb0&Prime; z_index=\u00a0\u00bb0&Prime; width=\u00a0\u00bb1\/1&Prime; column_width_pixel=\u00a0\u00bb800&Prime;][vc_accordion][vc_accordion_tab title=\u00a0\u00bbPelles et [&hellip;]","og_url":"https:\/\/www.guides-sports-loisirs.ca\/patinoires\/outillage\/outillage-manuel-non-mecanise\/","og_site_name":"Patinoires ext\u00e9rieures","article_modified_time":"2018-06-04T16:44:27+00:00","twitter_card":"summary_large_image","twitter_misc":{"Dur\u00e9e de lecture estim\u00e9e":"4 minutes"},"schema":{"@context":"https:\/\/schema.org","@graph":[{"@type":"WebPage","@id":"https:\/\/www.guides-sports-loisirs.ca\/patinoires\/outillage\/outillage-manuel-non-mecanise\/","url":"https:\/\/www.guides-sports-loisirs.ca\/patinoires\/outillage\/outillage-manuel-non-mecanise\/","name":"Outillage manuel non m\u00e9canis\u00e9 - Patinoires ext\u00e9rieures","isPartOf":{"@id":"https:\/\/www.guides-sports-loisirs.ca\/patinoires\/#website"},"datePublished":"2018-05-10T19:54:56+00:00","dateModified":"2018-06-04T16:44:27+00:00","breadcrumb":{"@id":"https:\/\/www.guides-sports-loisirs.ca\/patinoires\/outillage\/outillage-manuel-non-mecanise\/#breadcrumb"},"inLanguage":"fr-FR","potentialAction":[{"@type":"ReadAction","target":["https:\/\/www.guides-sports-loisirs.ca\/patinoires\/outillage\/outillage-manuel-non-mecanise\/"]}]},{"@type":"BreadcrumbList","@id":"https:\/\/www.guides-sports-loisirs.ca\/patinoires\/outillage\/outillage-manuel-non-mecanise\/#breadcrumb","itemListElement":[{"@type":"ListItem","position":1,"name":"Accueil","item":"https:\/\/www.guides-sports-loisirs.ca\/patinoires\/"},{"@type":"ListItem","position":2,"name":"Outillage","item":"https:\/\/www.guides-sports-loisirs.ca\/patinoires\/outillage\/"},{"@type":"ListItem","position":3,"name":"Outillage manuel non m\u00e9canis\u00e9"}]},{"@type":"WebSite","@id":"https:\/\/www.guides-sports-loisirs.ca\/patinoires\/#website","url":"https:\/\/www.guides-sports-loisirs.ca\/patinoires\/","name":"Patinoires ext\u00e9rieures","description":"","potentialAction":[{"@type":"SearchAction","target":{"@type":"EntryPoint","urlTemplate":"https:\/\/www.guides-sports-loisirs.ca\/patinoires\/?s={search_term_string}"},"query-input":{"@type":"PropertyValueSpecification","valueRequired":true,"valueName":"search_term_string"}}],"inLanguage":"fr-FR"}]}},"_links":{"self":[{"href":"https:\/\/www.guides-sports-loisirs.ca\/patinoires\/wp-json\/wp\/v2\/pages\/881","targetHints":{"allow":["GET"]}}],"collection":[{"href":"https:\/\/www.guides-sports-loisirs.ca\/patinoires\/wp-json\/wp\/v2\/pages"}],"about":[{"href":"https:\/\/www.guides-sports-loisirs.ca\/patinoires\/wp-json\/wp\/v2\/types\/page"}],"author":[{"embeddable":true,"href":"https:\/\/www.guides-sports-loisirs.ca\/patinoires\/wp-json\/wp\/v2\/users\/11"}],"replies":[{"embeddable":true,"href":"https:\/\/www.guides-sports-loisirs.ca\/patinoires\/wp-json\/wp\/v2\/comments?post=881"}],"version-history":[{"count":4,"href":"https:\/\/www.guides-sports-loisirs.ca\/patinoires\/wp-json\/wp\/v2\/pages\/881\/revisions"}],"predecessor-version":[{"id":1095,"href":"https:\/\/www.guides-sports-loisirs.ca\/patinoires\/wp-json\/wp\/v2\/pages\/881\/revisions\/1095"}],"up":[{"embeddable":true,"href":"https:\/\/www.guides-sports-loisirs.ca\/patinoires\/wp-json\/wp\/v2\/pages\/855"}],"wp:attachment":[{"href":"https:\/\/www.guides-sports-loisirs.ca\/patinoires\/wp-json\/wp\/v2\/media?parent=881"}],"curies":[{"name":"wp","href":"https:\/\/api.w.org\/{rel}","templated":true}]}}