{"id":875,"date":"2018-05-10T15:46:40","date_gmt":"2018-05-10T19:46:40","guid":{"rendered":"https:\/\/www.guides-sports-loisirs.ca\/patinoires\/?page_id=875"},"modified":"2018-06-04T12:43:53","modified_gmt":"2018-06-04T16:43:53","slug":"outillage-manuel-mecanise","status":"publish","type":"page","link":"https:\/\/www.guides-sports-loisirs.ca\/patinoires\/outillage\/outillage-manuel-mecanise\/","title":{"rendered":"Outillage manuel m\u00e9canis\u00e9"},"content":{"rendered":"<div class=\"wpb-content-wrapper\"><p>[vc_row row_height_percent=\u00a0\u00bb0&Prime; override_padding=\u00a0\u00bbyes\u00a0\u00bb h_padding=\u00a0\u00bb2&Prime; top_padding=\u00a0\u00bb2&Prime; bottom_padding=\u00a0\u00bb2&Prime; overlay_alpha=\u00a0\u00bb50&Prime; gutter_size=\u00a0\u00bb3&Prime; shift_y=\u00a0\u00bb0&Prime;][vc_column column_width_use_pixel=\u00a0\u00bbyes\u00a0\u00bb overlay_alpha=\u00a0\u00bb50&Prime; gutter_size=\u00a0\u00bb2&Prime; medium_width=\u00a0\u00bb0&Prime; shift_x=\u00a0\u00bb0&Prime; shift_y=\u00a0\u00bb0&Prime; z_index=\u00a0\u00bb0&Prime; width=\u00a0\u00bb1\/1&Prime; column_width_pixel=\u00a0\u00bb800&Prime;][vc_accordion][vc_accordion_tab title=\u00a0\u00bbSouffleuses \u00e0 neige\u00a0\u00bb][vc_single_image media=\u00a0\u00bb776&Prime; media_width_percent=\u00a0\u00bb100&Prime;][vc_column_text]On trouve deux grandes cat\u00e9gories de souffleuses \u00e0 neige selon leur fonctionnement\u00a0: la souffleuse \u00e0 deux phases, r\u00e9pandue universellement, et la souffleuse dite monophas\u00e9e.<\/p>\n<p>Dans la cat\u00e9gorie des souffleuses \u00e0 deux phases, la premi\u00e8re phase est effectu\u00e9e au moyen de vilebrequins qui am\u00e8nent la neige en son centre. Ensuite, un rouage d\u2019entra\u00eenement de type ventilateur la propulse dans la chute; c\u2019est la deuxi\u00e8me phase. Il y a des mod\u00e8les sur roues et d\u2019autres sur chenilles. La puissance et la hauteur de la chute sont les crit\u00e8res \u00e0 prendre en compte pour choisir l\u2019appareil qui convient. Il est \u00e0 noter que ces appareils sont lourds et que des dispositifs (remorque, rampe ou plaque \u00e9l\u00e9vatrice hydraulique) additionnels doivent \u00eatre utilis\u00e9s pour leur transport.<\/p>\n<p>Le deuxi\u00e8me type de souffleuse est qualifi\u00e9 de monophas\u00e9 en ce sens que la neige est amen\u00e9e vers le centre et projet\u00e9e dans la chute en un m\u00eame mouvement de rotation des pales. Ces mod\u00e8les peinent \u00e0 soulever la neige au-dessus des bandes de patinoire, mais leur facilit\u00e9 d\u2019op\u00e9ration et leur l\u00e9g\u00e8ret\u00e9 (deux personnes suffisent \u00e0 d\u00e9poser une telle souffleuse dans un v\u00e9hicule) les rendent tr\u00e8s utiles et polyvalents.[\/vc_column_text][\/vc_accordion_tab][vc_accordion_tab title=\u00a0\u00bbBrosses\u00a0\u00bb][vc_single_image media=\u00a0\u00bb777&Prime; media_width_percent=\u00a0\u00bb100&Prime;][vc_column_text]Les brosses m\u00e9canis\u00e9es sont tr\u00e8s utiles pour nettoyer \u00e0 fond les contours des bandes pendant les travaux pr\u00e9paratoires \u00e0 l\u2019arrosage. Les brosses coupl\u00e9es \u00e0 une souffleuse \u00e0 neige permettent de rehausser d\u2019un cran la qualit\u00e9 de patinoires dont l\u2019entretien est enti\u00e8rement manuel. Celles fix\u00e9es \u00e0 un outil de type coupe-bordure \u00e0 gazon excellent surtout dans le nettoyage du pourtour.<\/p>\n<p>Cet accessoire est le grand n\u00e9glig\u00e9 de l\u2019arsenal des pr\u00e9pos\u00e9s \u00e0 l\u2019entretien des patinoires. Pourtant, il \u00e9pargne significativement le recours aux coups de pelle, coupe-glace et coupe-bordure m\u00e9canique.[\/vc_column_text][\/vc_accordion_tab][vc_accordion_tab title=\u00a0\u00bbCoupe-bordures\u00a0\u00bb][vc_single_image media=\u00a0\u00bb778&Prime; media_width_percent=\u00a0\u00bb100&Prime;][vc_column_text]Cet outil qu\u2019on utilise surtout en ar\u00e9na doit en majeure partie son utilisation \u00e0 l\u2019ext\u00e9rieur au laxisme dont font preuve parfois les pr\u00e9pos\u00e9s \u00e0 l\u2019entretien de la glace. Si les bordures et les bandes \u00e9taient nettoy\u00e9es selon les r\u00e8gles de l\u2019art, son usage se limiterait \u00e0 corriger ponctuellement certaines excroissances mineures sur la glace.[\/vc_column_text][\/vc_accordion_tab][vc_accordion_tab title=\u00a0\u00bbSouffleurs \u00e0 feuilles\u00a0\u00bb][vc_single_image media=\u00a0\u00bb779&Prime; media_width_percent=\u00a0\u00bb100&Prime;][vc_column_text]Les souffleurs \u00e0 feuilles n\u2019ont pas leur pareil pour nettoyer une grande surface rapidement. Si les d\u00e9bris ne collent pas \u00e0 la glace, ils seront dispers\u00e9s \u00e0 tout vent. La conjugaison de deux ou plusieurs de ces appareils en fait une force de frappe \u00e9tonnante. Ils sont le compl\u00e9ment id\u00e9al \u00e0 tout travail de grattage manuel.[\/vc_column_text][\/vc_accordion_tab][vc_accordion_tab title=\u00a0\u00bbD\u00e9vidoirs\u00a0\u00bb][vc_column_text]Les d\u00e9vidoirs \u00e9lectriques \u00e9pargnent beaucoup de gestes r\u00e9p\u00e9titifs lors des op\u00e9rations d\u2019arrosage. Install\u00e9s sur citerne ou en un lieu fixe, ils \u00e9liminent le recours \u00e0 plusieurs sections de tuyau et la fastidieuse t\u00e2che de les raccorder par temps froid. Le d\u00e9vidoir \u00e9lectrique s\u2019inscrit parfaitement dans le registre des mesures de sant\u00e9 et s\u00e9curit\u00e9 au travail.[\/vc_column_text][\/vc_accordion_tab][\/vc_accordion][vc_button button_color=\u00a0\u00bbaccent\u00a0\u00bb size=\u00a0\u00bbbtn-lg\u00a0\u00bb radius=\u00a0\u00bbbtn-circle\u00a0\u00bb icon_position=\u00a0\u00bbright\u00a0\u00bb link=\u00a0\u00bburl:http%3A%2F%2Fwww.guides-sports-loisirs.ca%2Fpatinoires%2Fwp-content%2Fuploads%2Fsites%2F3%2F2017%2F03%2FGIS_Outillage_OutillageManuelMeca.pdf||target:%20_blank|\u00a0\u00bb icon=\u00a0\u00bbfa fa-file-o\u00a0\u00bb]Version PDF[\/vc_button][\/vc_column][\/vc_row]<\/p>\n<\/div>","protected":false},"excerpt":{"rendered":"<p>[vc_row row_height_percent=\u00a0\u00bb0&Prime; override_padding=\u00a0\u00bbyes\u00a0\u00bb h_padding=\u00a0\u00bb2&Prime; top_padding=\u00a0\u00bb2&Prime; bottom_padding=\u00a0\u00bb2&Prime; overlay_alpha=\u00a0\u00bb50&Prime; gutter_size=\u00a0\u00bb3&Prime; shift_y=\u00a0\u00bb0&Prime;][vc_column column_width_use_pixel=\u00a0\u00bbyes\u00a0\u00bb overlay_alpha=\u00a0\u00bb50&Prime; gutter_size=\u00a0\u00bb2&Prime; medium_width=\u00a0\u00bb0&Prime; shift_x=\u00a0\u00bb0&Prime; shift_y=\u00a0\u00bb0&Prime; z_index=\u00a0\u00bb0&Prime; width=\u00a0\u00bb1\/1&Prime; column_width_pixel=\u00a0\u00bb800&Prime;][vc_accordion][vc_accordion_tab title=\u00a0\u00bbSouffleuses \u00e0 [&hellip;]<\/p>\n","protected":false},"author":11,"featured_media":0,"parent":855,"menu_order":0,"comment_status":"closed","ping_status":"closed","template":"","meta":{"_acf_changed":false,"footnotes":""},"class_list":["post-875","page","type-page","status-publish","hentry"],"acf":[],"yoast_head":"<!-- This site is optimized with the Yoast SEO plugin v27.2 - https:\/\/yoast.com\/product\/yoast-seo-wordpress\/ -->\n<title>Outillage manuel m\u00e9canis\u00e9 - Patinoires ext\u00e9rieures<\/title>\n<meta name=\"robots\" content=\"index, follow, max-snippet:-1, max-image-preview:large, max-video-preview:-1\" \/>\n<link rel=\"canonical\" href=\"https:\/\/www.guides-sports-loisirs.ca\/patinoires\/outillage\/outillage-manuel-mecanise\/\" \/>\n<meta property=\"og:locale\" content=\"fr_FR\" \/>\n<meta property=\"og:type\" content=\"article\" \/>\n<meta property=\"og:title\" content=\"Outillage manuel m\u00e9canis\u00e9 - Patinoires ext\u00e9rieures\" \/>\n<meta property=\"og:description\" content=\"[vc_row row_height_percent=\u00a0\u00bb0&Prime; override_padding=\u00a0\u00bbyes\u00a0\u00bb h_padding=\u00a0\u00bb2&Prime; top_padding=\u00a0\u00bb2&Prime; bottom_padding=\u00a0\u00bb2&Prime; overlay_alpha=\u00a0\u00bb50&Prime; gutter_size=\u00a0\u00bb3&Prime; shift_y=\u00a0\u00bb0&Prime;][vc_column column_width_use_pixel=\u00a0\u00bbyes\u00a0\u00bb overlay_alpha=\u00a0\u00bb50&Prime; gutter_size=\u00a0\u00bb2&Prime; medium_width=\u00a0\u00bb0&Prime; shift_x=\u00a0\u00bb0&Prime; shift_y=\u00a0\u00bb0&Prime; z_index=\u00a0\u00bb0&Prime; width=\u00a0\u00bb1\/1&Prime; column_width_pixel=\u00a0\u00bb800&Prime;][vc_accordion][vc_accordion_tab title=\u00a0\u00bbSouffleuses \u00e0 [&hellip;]\" \/>\n<meta property=\"og:url\" content=\"https:\/\/www.guides-sports-loisirs.ca\/patinoires\/outillage\/outillage-manuel-mecanise\/\" \/>\n<meta property=\"og:site_name\" content=\"Patinoires ext\u00e9rieures\" \/>\n<meta property=\"article:modified_time\" content=\"2018-06-04T16:43:53+00:00\" \/>\n<meta name=\"twitter:card\" content=\"summary_large_image\" \/>\n<meta name=\"twitter:label1\" content=\"Dur\u00e9e de lecture estim\u00e9e\" \/>\n\t<meta name=\"twitter:data1\" content=\"3 minutes\" \/>\n<script type=\"application\/ld+json\" class=\"yoast-schema-graph\">{\"@context\":\"https:\/\/schema.org\",\"@graph\":[{\"@type\":\"WebPage\",\"@id\":\"https:\/\/www.guides-sports-loisirs.ca\/patinoires\/outillage\/outillage-manuel-mecanise\/\",\"url\":\"https:\/\/www.guides-sports-loisirs.ca\/patinoires\/outillage\/outillage-manuel-mecanise\/\",\"name\":\"Outillage manuel m\u00e9canis\u00e9 - Patinoires ext\u00e9rieures\",\"isPartOf\":{\"@id\":\"https:\/\/www.guides-sports-loisirs.ca\/patinoires\/#website\"},\"datePublished\":\"2018-05-10T19:46:40+00:00\",\"dateModified\":\"2018-06-04T16:43:53+00:00\",\"breadcrumb\":{\"@id\":\"https:\/\/www.guides-sports-loisirs.ca\/patinoires\/outillage\/outillage-manuel-mecanise\/#breadcrumb\"},\"inLanguage\":\"fr-FR\",\"potentialAction\":[{\"@type\":\"ReadAction\",\"target\":[\"https:\/\/www.guides-sports-loisirs.ca\/patinoires\/outillage\/outillage-manuel-mecanise\/\"]}]},{\"@type\":\"BreadcrumbList\",\"@id\":\"https:\/\/www.guides-sports-loisirs.ca\/patinoires\/outillage\/outillage-manuel-mecanise\/#breadcrumb\",\"itemListElement\":[{\"@type\":\"ListItem\",\"position\":1,\"name\":\"Accueil\",\"item\":\"https:\/\/www.guides-sports-loisirs.ca\/patinoires\/\"},{\"@type\":\"ListItem\",\"position\":2,\"name\":\"Outillage\",\"item\":\"https:\/\/www.guides-sports-loisirs.ca\/patinoires\/outillage\/\"},{\"@type\":\"ListItem\",\"position\":3,\"name\":\"Outillage manuel m\u00e9canis\u00e9\"}]},{\"@type\":\"WebSite\",\"@id\":\"https:\/\/www.guides-sports-loisirs.ca\/patinoires\/#website\",\"url\":\"https:\/\/www.guides-sports-loisirs.ca\/patinoires\/\",\"name\":\"Patinoires ext\u00e9rieures\",\"description\":\"\",\"potentialAction\":[{\"@type\":\"SearchAction\",\"target\":{\"@type\":\"EntryPoint\",\"urlTemplate\":\"https:\/\/www.guides-sports-loisirs.ca\/patinoires\/?s={search_term_string}\"},\"query-input\":{\"@type\":\"PropertyValueSpecification\",\"valueRequired\":true,\"valueName\":\"search_term_string\"}}],\"inLanguage\":\"fr-FR\"}]}<\/script>\n<!-- \/ Yoast SEO plugin. -->","yoast_head_json":{"title":"Outillage manuel m\u00e9canis\u00e9 - Patinoires ext\u00e9rieures","robots":{"index":"index","follow":"follow","max-snippet":"max-snippet:-1","max-image-preview":"max-image-preview:large","max-video-preview":"max-video-preview:-1"},"canonical":"https:\/\/www.guides-sports-loisirs.ca\/patinoires\/outillage\/outillage-manuel-mecanise\/","og_locale":"fr_FR","og_type":"article","og_title":"Outillage manuel m\u00e9canis\u00e9 - Patinoires ext\u00e9rieures","og_description":"[vc_row row_height_percent=\u00a0\u00bb0&Prime; override_padding=\u00a0\u00bbyes\u00a0\u00bb h_padding=\u00a0\u00bb2&Prime; top_padding=\u00a0\u00bb2&Prime; bottom_padding=\u00a0\u00bb2&Prime; overlay_alpha=\u00a0\u00bb50&Prime; gutter_size=\u00a0\u00bb3&Prime; shift_y=\u00a0\u00bb0&Prime;][vc_column column_width_use_pixel=\u00a0\u00bbyes\u00a0\u00bb overlay_alpha=\u00a0\u00bb50&Prime; gutter_size=\u00a0\u00bb2&Prime; medium_width=\u00a0\u00bb0&Prime; shift_x=\u00a0\u00bb0&Prime; shift_y=\u00a0\u00bb0&Prime; z_index=\u00a0\u00bb0&Prime; width=\u00a0\u00bb1\/1&Prime; column_width_pixel=\u00a0\u00bb800&Prime;][vc_accordion][vc_accordion_tab title=\u00a0\u00bbSouffleuses \u00e0 [&hellip;]","og_url":"https:\/\/www.guides-sports-loisirs.ca\/patinoires\/outillage\/outillage-manuel-mecanise\/","og_site_name":"Patinoires ext\u00e9rieures","article_modified_time":"2018-06-04T16:43:53+00:00","twitter_card":"summary_large_image","twitter_misc":{"Dur\u00e9e de lecture estim\u00e9e":"3 minutes"},"schema":{"@context":"https:\/\/schema.org","@graph":[{"@type":"WebPage","@id":"https:\/\/www.guides-sports-loisirs.ca\/patinoires\/outillage\/outillage-manuel-mecanise\/","url":"https:\/\/www.guides-sports-loisirs.ca\/patinoires\/outillage\/outillage-manuel-mecanise\/","name":"Outillage manuel m\u00e9canis\u00e9 - Patinoires ext\u00e9rieures","isPartOf":{"@id":"https:\/\/www.guides-sports-loisirs.ca\/patinoires\/#website"},"datePublished":"2018-05-10T19:46:40+00:00","dateModified":"2018-06-04T16:43:53+00:00","breadcrumb":{"@id":"https:\/\/www.guides-sports-loisirs.ca\/patinoires\/outillage\/outillage-manuel-mecanise\/#breadcrumb"},"inLanguage":"fr-FR","potentialAction":[{"@type":"ReadAction","target":["https:\/\/www.guides-sports-loisirs.ca\/patinoires\/outillage\/outillage-manuel-mecanise\/"]}]},{"@type":"BreadcrumbList","@id":"https:\/\/www.guides-sports-loisirs.ca\/patinoires\/outillage\/outillage-manuel-mecanise\/#breadcrumb","itemListElement":[{"@type":"ListItem","position":1,"name":"Accueil","item":"https:\/\/www.guides-sports-loisirs.ca\/patinoires\/"},{"@type":"ListItem","position":2,"name":"Outillage","item":"https:\/\/www.guides-sports-loisirs.ca\/patinoires\/outillage\/"},{"@type":"ListItem","position":3,"name":"Outillage manuel m\u00e9canis\u00e9"}]},{"@type":"WebSite","@id":"https:\/\/www.guides-sports-loisirs.ca\/patinoires\/#website","url":"https:\/\/www.guides-sports-loisirs.ca\/patinoires\/","name":"Patinoires ext\u00e9rieures","description":"","potentialAction":[{"@type":"SearchAction","target":{"@type":"EntryPoint","urlTemplate":"https:\/\/www.guides-sports-loisirs.ca\/patinoires\/?s={search_term_string}"},"query-input":{"@type":"PropertyValueSpecification","valueRequired":true,"valueName":"search_term_string"}}],"inLanguage":"fr-FR"}]}},"_links":{"self":[{"href":"https:\/\/www.guides-sports-loisirs.ca\/patinoires\/wp-json\/wp\/v2\/pages\/875","targetHints":{"allow":["GET"]}}],"collection":[{"href":"https:\/\/www.guides-sports-loisirs.ca\/patinoires\/wp-json\/wp\/v2\/pages"}],"about":[{"href":"https:\/\/www.guides-sports-loisirs.ca\/patinoires\/wp-json\/wp\/v2\/types\/page"}],"author":[{"embeddable":true,"href":"https:\/\/www.guides-sports-loisirs.ca\/patinoires\/wp-json\/wp\/v2\/users\/11"}],"replies":[{"embeddable":true,"href":"https:\/\/www.guides-sports-loisirs.ca\/patinoires\/wp-json\/wp\/v2\/comments?post=875"}],"version-history":[{"count":4,"href":"https:\/\/www.guides-sports-loisirs.ca\/patinoires\/wp-json\/wp\/v2\/pages\/875\/revisions"}],"predecessor-version":[{"id":1094,"href":"https:\/\/www.guides-sports-loisirs.ca\/patinoires\/wp-json\/wp\/v2\/pages\/875\/revisions\/1094"}],"up":[{"embeddable":true,"href":"https:\/\/www.guides-sports-loisirs.ca\/patinoires\/wp-json\/wp\/v2\/pages\/855"}],"wp:attachment":[{"href":"https:\/\/www.guides-sports-loisirs.ca\/patinoires\/wp-json\/wp\/v2\/media?parent=875"}],"curies":[{"name":"wp","href":"https:\/\/api.w.org\/{rel}","templated":true}]}}