{"id":869,"date":"2018-05-10T15:22:55","date_gmt":"2018-05-10T19:22:55","guid":{"rendered":"https:\/\/www.guides-sports-loisirs.ca\/patinoires\/?page_id=869"},"modified":"2018-06-04T12:43:07","modified_gmt":"2018-06-04T16:43:07","slug":"accessoires","status":"publish","type":"page","link":"https:\/\/www.guides-sports-loisirs.ca\/patinoires\/outillage\/accessoires\/","title":{"rendered":"Accessoires"},"content":{"rendered":"<div class=\"wpb-content-wrapper\"><p>[vc_row row_height_percent=\u00a0\u00bb0&Prime; override_padding=\u00a0\u00bbyes\u00a0\u00bb h_padding=\u00a0\u00bb2&Prime; top_padding=\u00a0\u00bb2&Prime; bottom_padding=\u00a0\u00bb2&Prime; overlay_alpha=\u00a0\u00bb50&Prime; gutter_size=\u00a0\u00bb3&Prime; shift_y=\u00a0\u00bb0&Prime;][vc_column column_width_use_pixel=\u00a0\u00bbyes\u00a0\u00bb overlay_alpha=\u00a0\u00bb50&Prime; gutter_size=\u00a0\u00bb2&Prime; medium_width=\u00a0\u00bb0&Prime; shift_x=\u00a0\u00bb0&Prime; shift_y=\u00a0\u00bb0&Prime; z_index=\u00a0\u00bb0&Prime; width=\u00a0\u00bb1\/1&Prime; column_width_pixel=\u00a0\u00bb800&Prime;][vc_accordion][vc_accordion_tab title=\u00a0\u00bbSurfaceuse\u00a0\u00bb][vc_single_image media=\u00a0\u00bb770&Prime; media_width_percent=\u00a0\u00bb100&Prime;][vc_column_text]La surfaceuse est un incontournable pour le travail de plan\u00e9it\u00e9 en phase d\u2019entretien. Contrairement \u00e0 ce qui se passe avec une surfaceuse d\u2019ar\u00e9na, les op\u00e9rations effectu\u00e9es derri\u00e8re un tracteur de ferme se limitent \u00e0 raser la glace et \u00e0 ramasser les rognures. Arroser avec le dispositif qui en fait partie rel\u00e8ve du tour de force et ne fonctionne que gr\u00e2ce \u00e0 une alimentation en eau chaude. Le contr\u00f4le de la quantit\u00e9 d\u2019eau est tr\u00e8s al\u00e9atoire, \u00e0 l\u2019image des r\u00e9sultats obtenus.<\/p>\n<p>Toutefois, la lame qui y est greff\u00e9e est en tout point identique \u00e0 celle de la surfaceuse int\u00e9rieure. Ce couteau est la raison d\u2019\u00eatre de cet accessoire. Il doit donc \u00eatre entretenu avec des soins particuliers. L\u2019essentiel de ces soins consiste d\u2019abord \u00e0 l\u2019installer correctement selon des param\u00e8tres pr\u00e9cis. Par la suite, la v\u00e9rification r\u00e9guli\u00e8re de l\u2019usure du couteau et son remplacement au besoin (chaque semaine dans la plupart des cas) permettent des r\u00e9sultats satisfaisants. Les conditions d\u2019utilisation de la surfaceuse exigent que la surface de la glace soit plane.<\/p>\n<p>Le choix de mod\u00e8les est assez limit\u00e9. Deux marques se disputent le gros du march\u00e9 des patinoires du Qu\u00e9bec, mais il est difficile de privil\u00e9gier l\u2019une par rapport \u00e0 l\u2019autre. Chacune a recours \u00e0 des technologies peu affect\u00e9es par les d\u00e9veloppements r\u00e9cents. Le co\u00fbt d\u2019acquisition est abordable. De plus, on peut ais\u00e9ment transporter une surfaceuse sur la voie publique.[\/vc_column_text][\/vc_accordion_tab][vc_accordion_tab title=\u00a0\u00bbBrosse\u00a0\u00bb][vc_single_image media=\u00a0\u00bb771&Prime; media_width_percent=\u00a0\u00bb100&Prime;][vc_column_text]La brosse est le compl\u00e9ment id\u00e9al de la surfaceuse. Elle est entra\u00een\u00e9e m\u00e9caniquement ou hydrauliquement. Les versions m\u00e9caniques sont install\u00e9es surtout sur les tondeuses autoport\u00e9es; dans ce cas, le mod\u00e8le doit \u00eatre celui que recommande le fabricant. Cette combinaison met \u00e0 profit l\u2019agilit\u00e9 de la tondeuse lors du brossage et le r\u00e9sultat est \u00e9loquent. Toutefois, le transfert de la puissance de la tondeuse \u00e0 la brosse n\u2019est pas optimal\u00a0: si la tondeuse a la capacit\u00e9 de fournir toute la puissance n\u00e9cessaire \u00e0 la brosse, cette derni\u00e8re (toutes marques confondues) pr\u00e9sente des faiblesses de conception qui fragilisent ses composantes. Elle ne peut donc servir aux op\u00e9rations de d\u00e9neigement \u00e0 moins d\u2019\u00eatre assist\u00e9e par une gratte ou une souffleuse.<\/p>\n<p><strong>En savoir plus<\/strong><\/p>\n<ul>\n<li>Les mouvements r\u00e9p\u00e9t\u00e9s d\u2019orientation de l\u2019appareil viennent \u00e0 bout facilement des attaches. Un op\u00e9rateur peu conscient du fait que la source d\u2019\u00e9nergie (la tondeuse) est d\u00e9mesur\u00e9ment plus puissante que la capacit\u00e9 de l\u2019accessoire \u00e0 convertir cette puissance en force de travail aura t\u00f4t fait de \u00ab\u00a0casser sa machine\u00a0\u00bb. De plus la conception m\u00eame de la brosse offre un assemblage tr\u00e8s dense de ses brins[1]. Cette caract\u00e9ristique fait en sorte que non seulement la force requise pour la faire tourner est accentu\u00e9e par la masse m\u00eame de cette composante, mais que, en plus, son efficacit\u00e9 s\u2019en trouve est r\u00e9duite.<\/li>\n<li>L\u2019efficacit\u00e9 d\u2019une brosse ou d\u2019un balai d\u00e9pend avant tout de la v\u00e9locit\u00e9 d\u00e9ploy\u00e9e par ses brins. L\u2019impact de la vitesse de rotation de la brosse sera diminu\u00e9 d\u2019autant plus que la pression exerc\u00e9e sur l\u2019accessoire est accentu\u00e9e. Le brin se trouvant g\u00ean\u00e9 dans son mouvement, il en r\u00e9sulte un manque d\u2019amplitude de ce dernier et la puissance de l\u2019impact sur le d\u00e9bris \u00e0 d\u00e9placer est r\u00e9duite d\u2019autant. Ce facteur doit \u00eatre pris en compte par l\u2019op\u00e9rateur. La brosse doit effleurer la surface \u00e0 nettoyer pour atteindre sa v\u00e9locit\u00e9 optimale.<\/li>\n<li>La densit\u00e9 de l\u2019assemblage des brins et sa composition variable oscillant entre l\u2019acier et les fibres synth\u00e9tiques ont un impact majeur sur l\u2019efficacit\u00e9 de l\u2019outil qui la porte. Ce facteur est \u00e0 l\u2019origine de la cr\u00e9ation d\u2019une brosse de type \u00ab\u00a0en lisi\u00e8re\u00a0\u00bb (Strip Broom) qui pr\u00e9sente une densit\u00e9 nettement moindre que son anc\u00eatre. Les brins qui la composent ont un potentiel de mouvement d\u00e9cisivement plus amplifi\u00e9. Les r\u00e9sultats sont probants. Malheureusement, la technologie ainsi d\u00e9velopp\u00e9e ne s\u2019applique qu\u2019aux balais de rue. Vivement qu\u2019un fabricant adapte ce type de brosse aux tracteurs de ferme, aux tondeuses autoport\u00e9es ou aux chargeurs sur roues!<\/li>\n<li>N\u00e9anmoins, cet accessoire est tr\u00e8s abordable et, en d\u00e9pit des r\u00e9serves, ne demande qu\u2019\u00e0 \u00eatre op\u00e9r\u00e9 de fa\u00e7on m\u00e9ticuleuse.<\/li>\n<li>Le choix d\u2019une brosse par entra\u00eenement hydraulique est nettement \u00e0 privil\u00e9gier en raison de sa robustesse. L\u2019assemblage des brins est du m\u00eame type que le pr\u00e9c\u00e9dent. La brosse mont\u00e9e sur un tracteur semblera balourde sur une surface de hockey\u00a0: son rayon de braquage s\u2019en trouvera grandement affect\u00e9. N\u00e9anmoins, si le tracteur est \u00e9quip\u00e9 en plus d\u2019une surfaceuse, cette combinaison gagnante fera vite oublier son manque d\u2019agilit\u00e9.<\/li>\n<li>La brosse (hydraulique) mont\u00e9e sur chargeur articul\u00e9 sur roues est assur\u00e9ment le choix optimal en mati\u00e8re \u00ab\u00a0d\u2019\u00e9poussetage\u00a0\u00bb. Robustesse et agilit\u00e9 se combinent ici \u00e0 merveille.<\/li>\n<\/ul>\n<hr \/>\n<p><em>[1] Cette caract\u00e9ristique se retrouve sur tous les types de brosses con\u00e7ues pour \u00eatre mues par tous les appareils mentionn\u00e9s.<\/em>[\/vc_column_text][\/vc_accordion_tab][vc_accordion_tab title=\u00a0\u00bbSouffleuse \u00e0 neige\u00a0\u00bb][vc_single_image media=\u00a0\u00bb773&Prime; media_width_percent=\u00a0\u00bb100&Prime;][vc_column_text]La souffleuse \u00e0 neige se retrouve presque toujours au bout d\u2019un arbre de transmission (version m\u00e9canique) sur tracteur ou tondeuse. Si le premier peut accueillir un choix vari\u00e9, la deuxi\u00e8me est limit\u00e9e au mod\u00e8le recommand\u00e9 par le fabricant. Dans ce dernier cas, les qualit\u00e9s et d\u00e9fauts sont les m\u00eames que la brosse. Elle excelle notamment dans le d\u00e9coupage.<\/p>\n<p>L\u2019accessoire mont\u00e9 sur tracteur lui procure un avantage concurrentiel. En effet, le tracteur est le seul \u00e0 pouvoir accueillir plusieurs configurations. Le mod\u00e8le frontal, du type de celui qui d\u00e9neige nos rues, est bien familier. Il est aussi d\u2019usage courant d\u2019installer ce type de souffleuse \u00e0 l\u2019arri\u00e8re du tracteur. Cet assemblage comporte un avantage particulier sur une patinoire de hockey, mais le cou de la personne qui op\u00e8re le tracteur est mis \u00e0 mal lors de s\u00e9ances de d\u00e9neigement prolong\u00e9es. La possibilit\u00e9 d\u2019en \u00e9quiper les gros tracteurs en fait le champion du d\u00e9neigement d\u2019envergure.<\/p>\n<p>Le tracteur de ferme offre aussi exclusivement la possibilit\u00e9 d\u2019installer une souffleuse dite invers\u00e9e \u00e0 l\u2019arri\u00e8re. Comme le miroir pallie les torsions du cou, l\u2019op\u00e9rateur ne peut que l\u2019appr\u00e9cier. C\u00f4t\u00e9 s\u00e9curit\u00e9, cette version garde \u00e0 l\u2019abri des curieux les pi\u00e8ces mobiles si mena\u00e7antes. C\u2019est un atout ind\u00e9niable pour le travail dans les parcs. Les intervenants dans les parcs savent bien que les promeneurs abaissent leur niveau de vigilance et qu\u2019il faut redoubler de prudence. Ce type de souffleuse convient aussi parfaitement au d\u00e9neigement des patinoires en se chargeant de ramasser les traces de son appareil porteur.<\/p>\n<p>La souffleuse \u00e0 entra\u00eenement hydraulique se retrouve surtout sur les chargeuses sur roues. Le mouvement oscillatoire de ces derni\u00e8res et la puissance fournie \u00e0 leur accessoire font de celui-ci le champion d\u00e9neigeur des patinoires de hockey. Son agilit\u00e9 l\u00e9gendaire s\u2019applique \u00e9galement \u00e0 tout ce qui se trouve sur son passage.[\/vc_column_text][\/vc_accordion_tab][vc_accordion_tab title=\u00a0\u00bbGratte\u00a0\u00bb][vc_single_image media=\u00a0\u00bb774&Prime; media_width_percent=\u00a0\u00bb100&Prime;][vc_column_text]La gratte ou pelle ou lame \u00e0 neige est s\u00fbrement l\u2019accessoire le plus familier. Les tondeuses doivent s\u2019accommoder du mod\u00e8le impos\u00e9 par le fabricant, mais les deux autres types d\u2019engins porteurs ont le choix des armes. La pelle se retrouve souvent \u00e0 l\u2019avant de l\u2019appareil, mais le tracteur tire encore son \u00e9pingle du jeu en pouvant la fixer \u00e0 l\u2019arri\u00e8re. Cette possibilit\u00e9 permet hors-saison d\u2019effectuer des travaux de nivellement incomparables.<\/p>\n<p>On trouve grosso modo deux types de grattes sur le march\u00e9\u00a0: la pelle conventionnelle et la pelle \u00e0 c\u00f4t\u00e9s extensibles. Cette derni\u00e8re allie flexibilit\u00e9 et efficacit\u00e9, et est offerte \u00e9galement en version de montage arri\u00e8re. Avantage tracteur ici!<\/p>\n<p>Le param\u00e8tre crucial \u00e0 respecter\u00a0est la plan\u00e9it\u00e9 du couteau, soit la partie inf\u00e9rieure de la lame qui entre en contact avec la surface \u00e0 nettoyer. Limiter une gratte au travail sur les patinoires donne de meilleurs r\u00e9sultats.[\/vc_column_text][\/vc_accordion_tab][vc_accordion_tab title=\u00a0\u00bbPulv\u00e9risateur agricole\u00a0\u00bb][vc_single_image media=\u00a0\u00bb775&Prime; media_width_percent=\u00a0\u00bb100&Prime;][vc_column_text]Cet accessoire permet un arrosage mobile de pr\u00e9cision. Peu co\u00fbteux, on s\u2019en sert avec une installation \u00e9quip\u00e9e d\u2019un r\u00e9servoir \u00e0 eau chaude appropri\u00e9. On peut ainsi appliquer des techniques d\u2019arrosage de pulv\u00e9risation et d\u2019aspersion m\u00e9caniques alliant pr\u00e9cision technique et \u00e9conomie de main-d\u2019\u0153uvre. La largeur et l\u2019homog\u00e9n\u00e9it\u00e9 des jets suscitent l\u2019enthousiasme apr\u00e8s essai.[\/vc_column_text][\/vc_accordion_tab][vc_accordion_tab title=\u00a0\u00bbSouffleuse \u00e0 feuilles\u00a0\u00bb][vc_column_text]Il s\u2019agit ici des mod\u00e8les qu\u2019on peut installer sur tondeuse ou tracteur. La puissance de son d\u00e9placement d\u2019air fait de cet accessoire le champion de la rapidit\u00e9 d\u2019ex\u00e9cution en situation d\u2019entretien ou de d\u00e9neigement l\u00e9ger.[\/vc_column_text][\/vc_accordion_tab][\/vc_accordion][vc_button button_color=\u00a0\u00bbaccent\u00a0\u00bb size=\u00a0\u00bbbtn-lg\u00a0\u00bb radius=\u00a0\u00bbbtn-circle\u00a0\u00bb icon_position=\u00a0\u00bbright\u00a0\u00bb link=\u00a0\u00bburl:http%3A%2F%2Fwww.guides-sports-loisirs.ca%2Fpatinoires%2Fwp-content%2Fuploads%2Fsites%2F3%2F2017%2F03%2FGIS_Outillage_Accessoires.pdf||target:%20_blank|\u00a0\u00bb icon=\u00a0\u00bbfa fa-file-o\u00a0\u00bb]Version PDF[\/vc_button][\/vc_column][\/vc_row]<\/p>\n<\/div>","protected":false},"excerpt":{"rendered":"<p>[vc_row row_height_percent=\u00a0\u00bb0&Prime; override_padding=\u00a0\u00bbyes\u00a0\u00bb h_padding=\u00a0\u00bb2&Prime; top_padding=\u00a0\u00bb2&Prime; bottom_padding=\u00a0\u00bb2&Prime; overlay_alpha=\u00a0\u00bb50&Prime; gutter_size=\u00a0\u00bb3&Prime; shift_y=\u00a0\u00bb0&Prime;][vc_column column_width_use_pixel=\u00a0\u00bbyes\u00a0\u00bb overlay_alpha=\u00a0\u00bb50&Prime; gutter_size=\u00a0\u00bb2&Prime; medium_width=\u00a0\u00bb0&Prime; shift_x=\u00a0\u00bb0&Prime; shift_y=\u00a0\u00bb0&Prime; z_index=\u00a0\u00bb0&Prime; width=\u00a0\u00bb1\/1&Prime; column_width_pixel=\u00a0\u00bb800&Prime;][vc_accordion][vc_accordion_tab title=\u00a0\u00bbSurfaceuse\u00a0\u00bb][vc_single_image media=\u00a0\u00bb770&Prime; [&hellip;]<\/p>\n","protected":false},"author":11,"featured_media":0,"parent":855,"menu_order":0,"comment_status":"closed","ping_status":"closed","template":"","meta":{"_acf_changed":false,"footnotes":""},"class_list":["post-869","page","type-page","status-publish","hentry"],"acf":[],"yoast_head":"<!-- This site is optimized with the Yoast SEO plugin v27.2 - https:\/\/yoast.com\/product\/yoast-seo-wordpress\/ -->\n<title>Accessoires - Patinoires ext\u00e9rieures<\/title>\n<meta name=\"robots\" content=\"index, follow, max-snippet:-1, max-image-preview:large, max-video-preview:-1\" \/>\n<link rel=\"canonical\" href=\"https:\/\/www.guides-sports-loisirs.ca\/patinoires\/outillage\/accessoires\/\" \/>\n<meta property=\"og:locale\" content=\"fr_FR\" \/>\n<meta property=\"og:type\" content=\"article\" \/>\n<meta property=\"og:title\" content=\"Accessoires - Patinoires ext\u00e9rieures\" \/>\n<meta property=\"og:description\" content=\"[vc_row row_height_percent=\u00a0\u00bb0&Prime; override_padding=\u00a0\u00bbyes\u00a0\u00bb h_padding=\u00a0\u00bb2&Prime; top_padding=\u00a0\u00bb2&Prime; bottom_padding=\u00a0\u00bb2&Prime; overlay_alpha=\u00a0\u00bb50&Prime; gutter_size=\u00a0\u00bb3&Prime; shift_y=\u00a0\u00bb0&Prime;][vc_column column_width_use_pixel=\u00a0\u00bbyes\u00a0\u00bb overlay_alpha=\u00a0\u00bb50&Prime; gutter_size=\u00a0\u00bb2&Prime; medium_width=\u00a0\u00bb0&Prime; shift_x=\u00a0\u00bb0&Prime; shift_y=\u00a0\u00bb0&Prime; z_index=\u00a0\u00bb0&Prime; width=\u00a0\u00bb1\/1&Prime; column_width_pixel=\u00a0\u00bb800&Prime;][vc_accordion][vc_accordion_tab title=\u00a0\u00bbSurfaceuse\u00a0\u00bb][vc_single_image media=\u00a0\u00bb770&Prime; [&hellip;]\" \/>\n<meta property=\"og:url\" content=\"https:\/\/www.guides-sports-loisirs.ca\/patinoires\/outillage\/accessoires\/\" \/>\n<meta property=\"og:site_name\" content=\"Patinoires ext\u00e9rieures\" \/>\n<meta property=\"article:modified_time\" content=\"2018-06-04T16:43:07+00:00\" \/>\n<meta name=\"twitter:card\" content=\"summary_large_image\" \/>\n<meta name=\"twitter:label1\" content=\"Dur\u00e9e de lecture estim\u00e9e\" \/>\n\t<meta name=\"twitter:data1\" content=\"9 minutes\" \/>\n<script type=\"application\/ld+json\" class=\"yoast-schema-graph\">{\"@context\":\"https:\/\/schema.org\",\"@graph\":[{\"@type\":\"WebPage\",\"@id\":\"https:\/\/www.guides-sports-loisirs.ca\/patinoires\/outillage\/accessoires\/\",\"url\":\"https:\/\/www.guides-sports-loisirs.ca\/patinoires\/outillage\/accessoires\/\",\"name\":\"Accessoires - Patinoires ext\u00e9rieures\",\"isPartOf\":{\"@id\":\"https:\/\/www.guides-sports-loisirs.ca\/patinoires\/#website\"},\"datePublished\":\"2018-05-10T19:22:55+00:00\",\"dateModified\":\"2018-06-04T16:43:07+00:00\",\"breadcrumb\":{\"@id\":\"https:\/\/www.guides-sports-loisirs.ca\/patinoires\/outillage\/accessoires\/#breadcrumb\"},\"inLanguage\":\"fr-FR\",\"potentialAction\":[{\"@type\":\"ReadAction\",\"target\":[\"https:\/\/www.guides-sports-loisirs.ca\/patinoires\/outillage\/accessoires\/\"]}]},{\"@type\":\"BreadcrumbList\",\"@id\":\"https:\/\/www.guides-sports-loisirs.ca\/patinoires\/outillage\/accessoires\/#breadcrumb\",\"itemListElement\":[{\"@type\":\"ListItem\",\"position\":1,\"name\":\"Accueil\",\"item\":\"https:\/\/www.guides-sports-loisirs.ca\/patinoires\/\"},{\"@type\":\"ListItem\",\"position\":2,\"name\":\"Outillage\",\"item\":\"https:\/\/www.guides-sports-loisirs.ca\/patinoires\/outillage\/\"},{\"@type\":\"ListItem\",\"position\":3,\"name\":\"Accessoires\"}]},{\"@type\":\"WebSite\",\"@id\":\"https:\/\/www.guides-sports-loisirs.ca\/patinoires\/#website\",\"url\":\"https:\/\/www.guides-sports-loisirs.ca\/patinoires\/\",\"name\":\"Patinoires ext\u00e9rieures\",\"description\":\"\",\"potentialAction\":[{\"@type\":\"SearchAction\",\"target\":{\"@type\":\"EntryPoint\",\"urlTemplate\":\"https:\/\/www.guides-sports-loisirs.ca\/patinoires\/?s={search_term_string}\"},\"query-input\":{\"@type\":\"PropertyValueSpecification\",\"valueRequired\":true,\"valueName\":\"search_term_string\"}}],\"inLanguage\":\"fr-FR\"}]}<\/script>\n<!-- \/ Yoast SEO plugin. -->","yoast_head_json":{"title":"Accessoires - Patinoires ext\u00e9rieures","robots":{"index":"index","follow":"follow","max-snippet":"max-snippet:-1","max-image-preview":"max-image-preview:large","max-video-preview":"max-video-preview:-1"},"canonical":"https:\/\/www.guides-sports-loisirs.ca\/patinoires\/outillage\/accessoires\/","og_locale":"fr_FR","og_type":"article","og_title":"Accessoires - Patinoires ext\u00e9rieures","og_description":"[vc_row row_height_percent=\u00a0\u00bb0&Prime; override_padding=\u00a0\u00bbyes\u00a0\u00bb h_padding=\u00a0\u00bb2&Prime; top_padding=\u00a0\u00bb2&Prime; bottom_padding=\u00a0\u00bb2&Prime; overlay_alpha=\u00a0\u00bb50&Prime; gutter_size=\u00a0\u00bb3&Prime; shift_y=\u00a0\u00bb0&Prime;][vc_column column_width_use_pixel=\u00a0\u00bbyes\u00a0\u00bb overlay_alpha=\u00a0\u00bb50&Prime; gutter_size=\u00a0\u00bb2&Prime; medium_width=\u00a0\u00bb0&Prime; shift_x=\u00a0\u00bb0&Prime; shift_y=\u00a0\u00bb0&Prime; z_index=\u00a0\u00bb0&Prime; width=\u00a0\u00bb1\/1&Prime; column_width_pixel=\u00a0\u00bb800&Prime;][vc_accordion][vc_accordion_tab title=\u00a0\u00bbSurfaceuse\u00a0\u00bb][vc_single_image media=\u00a0\u00bb770&Prime; [&hellip;]","og_url":"https:\/\/www.guides-sports-loisirs.ca\/patinoires\/outillage\/accessoires\/","og_site_name":"Patinoires ext\u00e9rieures","article_modified_time":"2018-06-04T16:43:07+00:00","twitter_card":"summary_large_image","twitter_misc":{"Dur\u00e9e de lecture estim\u00e9e":"9 minutes"},"schema":{"@context":"https:\/\/schema.org","@graph":[{"@type":"WebPage","@id":"https:\/\/www.guides-sports-loisirs.ca\/patinoires\/outillage\/accessoires\/","url":"https:\/\/www.guides-sports-loisirs.ca\/patinoires\/outillage\/accessoires\/","name":"Accessoires - Patinoires ext\u00e9rieures","isPartOf":{"@id":"https:\/\/www.guides-sports-loisirs.ca\/patinoires\/#website"},"datePublished":"2018-05-10T19:22:55+00:00","dateModified":"2018-06-04T16:43:07+00:00","breadcrumb":{"@id":"https:\/\/www.guides-sports-loisirs.ca\/patinoires\/outillage\/accessoires\/#breadcrumb"},"inLanguage":"fr-FR","potentialAction":[{"@type":"ReadAction","target":["https:\/\/www.guides-sports-loisirs.ca\/patinoires\/outillage\/accessoires\/"]}]},{"@type":"BreadcrumbList","@id":"https:\/\/www.guides-sports-loisirs.ca\/patinoires\/outillage\/accessoires\/#breadcrumb","itemListElement":[{"@type":"ListItem","position":1,"name":"Accueil","item":"https:\/\/www.guides-sports-loisirs.ca\/patinoires\/"},{"@type":"ListItem","position":2,"name":"Outillage","item":"https:\/\/www.guides-sports-loisirs.ca\/patinoires\/outillage\/"},{"@type":"ListItem","position":3,"name":"Accessoires"}]},{"@type":"WebSite","@id":"https:\/\/www.guides-sports-loisirs.ca\/patinoires\/#website","url":"https:\/\/www.guides-sports-loisirs.ca\/patinoires\/","name":"Patinoires ext\u00e9rieures","description":"","potentialAction":[{"@type":"SearchAction","target":{"@type":"EntryPoint","urlTemplate":"https:\/\/www.guides-sports-loisirs.ca\/patinoires\/?s={search_term_string}"},"query-input":{"@type":"PropertyValueSpecification","valueRequired":true,"valueName":"search_term_string"}}],"inLanguage":"fr-FR"}]}},"_links":{"self":[{"href":"https:\/\/www.guides-sports-loisirs.ca\/patinoires\/wp-json\/wp\/v2\/pages\/869","targetHints":{"allow":["GET"]}}],"collection":[{"href":"https:\/\/www.guides-sports-loisirs.ca\/patinoires\/wp-json\/wp\/v2\/pages"}],"about":[{"href":"https:\/\/www.guides-sports-loisirs.ca\/patinoires\/wp-json\/wp\/v2\/types\/page"}],"author":[{"embeddable":true,"href":"https:\/\/www.guides-sports-loisirs.ca\/patinoires\/wp-json\/wp\/v2\/users\/11"}],"replies":[{"embeddable":true,"href":"https:\/\/www.guides-sports-loisirs.ca\/patinoires\/wp-json\/wp\/v2\/comments?post=869"}],"version-history":[{"count":4,"href":"https:\/\/www.guides-sports-loisirs.ca\/patinoires\/wp-json\/wp\/v2\/pages\/869\/revisions"}],"predecessor-version":[{"id":1093,"href":"https:\/\/www.guides-sports-loisirs.ca\/patinoires\/wp-json\/wp\/v2\/pages\/869\/revisions\/1093"}],"up":[{"embeddable":true,"href":"https:\/\/www.guides-sports-loisirs.ca\/patinoires\/wp-json\/wp\/v2\/pages\/855"}],"wp:attachment":[{"href":"https:\/\/www.guides-sports-loisirs.ca\/patinoires\/wp-json\/wp\/v2\/media?parent=869"}],"curies":[{"name":"wp","href":"https:\/\/api.w.org\/{rel}","templated":true}]}}