{"id":820,"date":"2018-05-10T11:10:26","date_gmt":"2018-05-10T15:10:26","guid":{"rendered":"https:\/\/www.guides-sports-loisirs.ca\/patinoires\/?page_id=820"},"modified":"2018-07-19T19:30:32","modified_gmt":"2018-07-19T23:30:32","slug":"patinoire","status":"publish","type":"page","link":"https:\/\/www.guides-sports-loisirs.ca\/patinoires\/securite-accessibilite\/patinoire\/","title":{"rendered":"Patinoire"},"content":{"rendered":"<div class=\"wpb-content-wrapper\"><p>[vc_row row_height_percent=\u00a0\u00bb0&Prime; override_padding=\u00a0\u00bbyes\u00a0\u00bb h_padding=\u00a0\u00bb2&Prime; top_padding=\u00a0\u00bb3&Prime; bottom_padding=\u00a0\u00bb2&Prime; overlay_alpha=\u00a0\u00bb50&Prime; gutter_size=\u00a0\u00bb3&Prime; shift_y=\u00a0\u00bb0&Prime;][vc_column column_width_use_pixel=\u00a0\u00bbyes\u00a0\u00bb overlay_alpha=\u00a0\u00bb50&Prime; gutter_size=\u00a0\u00bb3&Prime; medium_width=\u00a0\u00bb0&Prime; shift_x=\u00a0\u00bb0&Prime; shift_y=\u00a0\u00bb0&Prime; z_index=\u00a0\u00bb0&Prime; width=\u00a0\u00bb1\/1&Prime; column_width_pixel=\u00a0\u00bb800&Prime;][vc_column_text]La patinoire est le lieu qui pr\u00e9sente les risques les plus \u00e9lev\u00e9s. Voici une s\u00e9rie de mesures \u00e0 appliquer\u00a0:<\/p>\n<ul>\n<li>La glace devrait \u00eatre la plus lisse possible afin de diminuer les risques de chutes accidentelles.<\/li>\n<li>Il ne devrait pas y avoir de br\u00e8ches sur le pourtour.<\/li>\n<li>Les toitures des patinoires devraient pouvoir \u00eatre facilement d\u00e9neig\u00e9es ou d\u00e9glac\u00e9es. Une proc\u00e9dure de travail devrait \u00eatre institu\u00e9e, que les man\u0153uvres soient effectu\u00e9es de fa\u00e7on m\u00e9canique ou manuelle. Les dimensions d\u2019une toiture devraient faire en sorte que des chutes de neige ou de glace accidentelles atteignent la zone tampon et ne menacent aucunement les usagers dans les voies d\u2019acc\u00e8s \u00e0 la patinoire.<\/li>\n<li>La patinoire doit faire l\u2019objet d\u2019une inspection r\u00e9guli\u00e8re<\/li>\n<\/ul>\n<p><strong>Patinoire destin\u00e9e aux sports d\u2019\u00e9quipe<\/strong><\/p>\n<ul>\n<li>Les \u00e9l\u00e9ments enfonc\u00e9s (fente, \u00e9corchure) ou en saillie (clou, vis ou \u00e9clisse) sur une bande de patinoire doivent \u00eatre \u00e9limin\u00e9s imm\u00e9diatement apr\u00e8s l\u2019inspection quotidienne.<\/li>\n<li>Une zone tampon d\u2019au moins 30 m\u00e8tres de largeur devrait entourer la patinoire. Toute rondelle \u00e9gar\u00e9e gagne \u00e0 s\u2019enfoncer dans la neige plut\u00f4t que de percuter une personne ou un objet. Cette zone tampon devrait aussi servir de voie d\u2019acc\u00e8s \u00e0 la patinoire pour les appareils d\u2019entretien et d\u2019emplacement pour le d\u00e9p\u00f4t de la neige.<\/li>\n<li>Des dispositifs de blocage de rondelles doivent \u00eatre install\u00e9s \u00e0 chaque extr\u00e9mit\u00e9 et \u00eatre de dimensions suffisantes (tests \u00e0 l\u2019appui) pour stopper toute rondelle pouvant se diriger en direction d\u2019une personne ou d\u2019un \u00e9l\u00e9ment de structure vuln\u00e9rable.<\/li>\n<li>Lorsqu\u2019une aire de jeu est r\u00e9serv\u00e9e pour une activit\u00e9 de <a href=\"http:\/\/www.education.gouv.qc.ca\/athletes-entraineurs-et-officiels\/reglements-et-securite\/securite-integrite-et-ethique\/reglementation\/application-de-la-reglementation\/hockey\/\" target=\"_blank\" rel=\"noopener\">hockey sur glace<\/a>, la r\u00e9glementation gouvernementale prescrit que le participant doit porter un casque protecteur, un protecteur facial complet et un prot\u00e8ge-cou.<\/li>\n<li>La cohabitation d\u2019activit\u00e9s sportives et de patinage libre est d\u00e9conseill\u00e9e. Si on ne peut faire autrement, il faut s\u00e9parer physiquement la patinoire en aires sp\u00e9cifiques pour chacune des activit\u00e9s.<\/li>\n<\/ul>\n<p><strong>Patinoire paysag\u00e9e ou destin\u00e9e au patinage libre<\/strong><\/p>\n<ul>\n<li>Ce type de patinoire ne devrait servir qu\u2019au patinage libre.<\/li>\n<li>Le cas \u00e9ch\u00e9ant, le pourtour de type min\u00e9ral (b\u00e9ton ou pierre naturelle) a avantage \u00e0 \u00eatre recouvert de neige pour prot\u00e9ger autant les usagers que le personnel d\u2019entretien.<\/li>\n<li>La forme en anneau est \u00e0 privil\u00e9gier pour emp\u00eacher toute pratique sportive.<\/li>\n<\/ul>\n<p><strong>Accessibilit\u00e9 universelle<\/strong><\/p>\n<ul>\n<li>Pr\u00e9voir une aire de circulation suffisante.<\/li>\n<li>Pr\u00e9voir du mobilier d\u2019aisance pour les pratiquants et leurs accompagnateurs de fa\u00e7on \u00e0 faciliter les transferts.<\/li>\n<\/ul>\n<p>[\/vc_column_text][vc_button button_color=\u00a0\u00bbaccent\u00a0\u00bb size=\u00a0\u00bbbtn-lg\u00a0\u00bb radius=\u00a0\u00bbbtn-circle\u00a0\u00bb icon_position=\u00a0\u00bbright\u00a0\u00bb link=\u00a0\u00bburl:https%3A%2F%2Fwww.guides-sports-loisirs.ca%2Fpatinoires%2Fwp-content%2Fuploads%2Fsites%2F3%2F2017%2F03%2FGIS_SecuriteAccessibilite_Patinoire-1.pdf||target:%20_blank|\u00a0\u00bb icon=\u00a0\u00bbfa fa-file-o\u00a0\u00bb]Version PDF[\/vc_button][\/vc_column][\/vc_row]<\/p>\n<\/div>","protected":false},"excerpt":{"rendered":"<p>[vc_row row_height_percent=\u00a0\u00bb0&Prime; override_padding=\u00a0\u00bbyes\u00a0\u00bb h_padding=\u00a0\u00bb2&Prime; top_padding=\u00a0\u00bb3&Prime; bottom_padding=\u00a0\u00bb2&Prime; overlay_alpha=\u00a0\u00bb50&Prime; gutter_size=\u00a0\u00bb3&Prime; shift_y=\u00a0\u00bb0&Prime;][vc_column column_width_use_pixel=\u00a0\u00bbyes\u00a0\u00bb overlay_alpha=\u00a0\u00bb50&Prime; gutter_size=\u00a0\u00bb3&Prime; medium_width=\u00a0\u00bb0&Prime; shift_x=\u00a0\u00bb0&Prime; shift_y=\u00a0\u00bb0&Prime; z_index=\u00a0\u00bb0&Prime; width=\u00a0\u00bb1\/1&Prime; column_width_pixel=\u00a0\u00bb800&Prime;][vc_column_text]La patinoire est [&hellip;]<\/p>\n","protected":false},"author":11,"featured_media":0,"parent":271,"menu_order":0,"comment_status":"closed","ping_status":"closed","template":"","meta":{"_acf_changed":false,"footnotes":""},"class_list":["post-820","page","type-page","status-publish","hentry"],"acf":[],"yoast_head":"<!-- This site is optimized with the Yoast SEO plugin v27.2 - https:\/\/yoast.com\/product\/yoast-seo-wordpress\/ -->\n<title>Patinoire - Patinoires ext\u00e9rieures<\/title>\n<meta name=\"robots\" content=\"index, follow, max-snippet:-1, max-image-preview:large, max-video-preview:-1\" \/>\n<link rel=\"canonical\" href=\"https:\/\/www.guides-sports-loisirs.ca\/patinoires\/securite-accessibilite\/patinoire\/\" \/>\n<meta property=\"og:locale\" content=\"fr_FR\" \/>\n<meta property=\"og:type\" content=\"article\" \/>\n<meta property=\"og:title\" content=\"Patinoire - Patinoires ext\u00e9rieures\" \/>\n<meta property=\"og:description\" content=\"[vc_row row_height_percent=\u00a0\u00bb0&Prime; override_padding=\u00a0\u00bbyes\u00a0\u00bb h_padding=\u00a0\u00bb2&Prime; top_padding=\u00a0\u00bb3&Prime; bottom_padding=\u00a0\u00bb2&Prime; overlay_alpha=\u00a0\u00bb50&Prime; gutter_size=\u00a0\u00bb3&Prime; shift_y=\u00a0\u00bb0&Prime;][vc_column column_width_use_pixel=\u00a0\u00bbyes\u00a0\u00bb overlay_alpha=\u00a0\u00bb50&Prime; gutter_size=\u00a0\u00bb3&Prime; medium_width=\u00a0\u00bb0&Prime; shift_x=\u00a0\u00bb0&Prime; shift_y=\u00a0\u00bb0&Prime; z_index=\u00a0\u00bb0&Prime; width=\u00a0\u00bb1\/1&Prime; column_width_pixel=\u00a0\u00bb800&Prime;][vc_column_text]La patinoire est [&hellip;]\" \/>\n<meta property=\"og:url\" content=\"https:\/\/www.guides-sports-loisirs.ca\/patinoires\/securite-accessibilite\/patinoire\/\" \/>\n<meta property=\"og:site_name\" content=\"Patinoires ext\u00e9rieures\" \/>\n<meta property=\"article:modified_time\" content=\"2018-07-19T23:30:32+00:00\" \/>\n<meta name=\"twitter:card\" content=\"summary_large_image\" \/>\n<meta name=\"twitter:label1\" content=\"Dur\u00e9e de lecture estim\u00e9e\" \/>\n\t<meta name=\"twitter:data1\" content=\"3 minutes\" \/>\n<script type=\"application\/ld+json\" class=\"yoast-schema-graph\">{\"@context\":\"https:\/\/schema.org\",\"@graph\":[{\"@type\":\"WebPage\",\"@id\":\"https:\/\/www.guides-sports-loisirs.ca\/patinoires\/securite-accessibilite\/patinoire\/\",\"url\":\"https:\/\/www.guides-sports-loisirs.ca\/patinoires\/securite-accessibilite\/patinoire\/\",\"name\":\"Patinoire - Patinoires ext\u00e9rieures\",\"isPartOf\":{\"@id\":\"https:\/\/www.guides-sports-loisirs.ca\/patinoires\/#website\"},\"datePublished\":\"2018-05-10T15:10:26+00:00\",\"dateModified\":\"2018-07-19T23:30:32+00:00\",\"breadcrumb\":{\"@id\":\"https:\/\/www.guides-sports-loisirs.ca\/patinoires\/securite-accessibilite\/patinoire\/#breadcrumb\"},\"inLanguage\":\"fr-FR\",\"potentialAction\":[{\"@type\":\"ReadAction\",\"target\":[\"https:\/\/www.guides-sports-loisirs.ca\/patinoires\/securite-accessibilite\/patinoire\/\"]}]},{\"@type\":\"BreadcrumbList\",\"@id\":\"https:\/\/www.guides-sports-loisirs.ca\/patinoires\/securite-accessibilite\/patinoire\/#breadcrumb\",\"itemListElement\":[{\"@type\":\"ListItem\",\"position\":1,\"name\":\"Accueil\",\"item\":\"https:\/\/www.guides-sports-loisirs.ca\/patinoires\/\"},{\"@type\":\"ListItem\",\"position\":2,\"name\":\"S\u00e9curit\u00e9 et accessibilit\u00e9\",\"item\":\"https:\/\/www.guides-sports-loisirs.ca\/patinoires\/securite-accessibilite\/\"},{\"@type\":\"ListItem\",\"position\":3,\"name\":\"Patinoire\"}]},{\"@type\":\"WebSite\",\"@id\":\"https:\/\/www.guides-sports-loisirs.ca\/patinoires\/#website\",\"url\":\"https:\/\/www.guides-sports-loisirs.ca\/patinoires\/\",\"name\":\"Patinoires ext\u00e9rieures\",\"description\":\"\",\"potentialAction\":[{\"@type\":\"SearchAction\",\"target\":{\"@type\":\"EntryPoint\",\"urlTemplate\":\"https:\/\/www.guides-sports-loisirs.ca\/patinoires\/?s={search_term_string}\"},\"query-input\":{\"@type\":\"PropertyValueSpecification\",\"valueRequired\":true,\"valueName\":\"search_term_string\"}}],\"inLanguage\":\"fr-FR\"}]}<\/script>\n<!-- \/ Yoast SEO plugin. -->","yoast_head_json":{"title":"Patinoire - Patinoires ext\u00e9rieures","robots":{"index":"index","follow":"follow","max-snippet":"max-snippet:-1","max-image-preview":"max-image-preview:large","max-video-preview":"max-video-preview:-1"},"canonical":"https:\/\/www.guides-sports-loisirs.ca\/patinoires\/securite-accessibilite\/patinoire\/","og_locale":"fr_FR","og_type":"article","og_title":"Patinoire - Patinoires ext\u00e9rieures","og_description":"[vc_row row_height_percent=\u00a0\u00bb0&Prime; override_padding=\u00a0\u00bbyes\u00a0\u00bb h_padding=\u00a0\u00bb2&Prime; top_padding=\u00a0\u00bb3&Prime; bottom_padding=\u00a0\u00bb2&Prime; overlay_alpha=\u00a0\u00bb50&Prime; gutter_size=\u00a0\u00bb3&Prime; shift_y=\u00a0\u00bb0&Prime;][vc_column column_width_use_pixel=\u00a0\u00bbyes\u00a0\u00bb overlay_alpha=\u00a0\u00bb50&Prime; gutter_size=\u00a0\u00bb3&Prime; medium_width=\u00a0\u00bb0&Prime; shift_x=\u00a0\u00bb0&Prime; shift_y=\u00a0\u00bb0&Prime; z_index=\u00a0\u00bb0&Prime; width=\u00a0\u00bb1\/1&Prime; column_width_pixel=\u00a0\u00bb800&Prime;][vc_column_text]La patinoire est [&hellip;]","og_url":"https:\/\/www.guides-sports-loisirs.ca\/patinoires\/securite-accessibilite\/patinoire\/","og_site_name":"Patinoires ext\u00e9rieures","article_modified_time":"2018-07-19T23:30:32+00:00","twitter_card":"summary_large_image","twitter_misc":{"Dur\u00e9e de lecture estim\u00e9e":"3 minutes"},"schema":{"@context":"https:\/\/schema.org","@graph":[{"@type":"WebPage","@id":"https:\/\/www.guides-sports-loisirs.ca\/patinoires\/securite-accessibilite\/patinoire\/","url":"https:\/\/www.guides-sports-loisirs.ca\/patinoires\/securite-accessibilite\/patinoire\/","name":"Patinoire - Patinoires ext\u00e9rieures","isPartOf":{"@id":"https:\/\/www.guides-sports-loisirs.ca\/patinoires\/#website"},"datePublished":"2018-05-10T15:10:26+00:00","dateModified":"2018-07-19T23:30:32+00:00","breadcrumb":{"@id":"https:\/\/www.guides-sports-loisirs.ca\/patinoires\/securite-accessibilite\/patinoire\/#breadcrumb"},"inLanguage":"fr-FR","potentialAction":[{"@type":"ReadAction","target":["https:\/\/www.guides-sports-loisirs.ca\/patinoires\/securite-accessibilite\/patinoire\/"]}]},{"@type":"BreadcrumbList","@id":"https:\/\/www.guides-sports-loisirs.ca\/patinoires\/securite-accessibilite\/patinoire\/#breadcrumb","itemListElement":[{"@type":"ListItem","position":1,"name":"Accueil","item":"https:\/\/www.guides-sports-loisirs.ca\/patinoires\/"},{"@type":"ListItem","position":2,"name":"S\u00e9curit\u00e9 et accessibilit\u00e9","item":"https:\/\/www.guides-sports-loisirs.ca\/patinoires\/securite-accessibilite\/"},{"@type":"ListItem","position":3,"name":"Patinoire"}]},{"@type":"WebSite","@id":"https:\/\/www.guides-sports-loisirs.ca\/patinoires\/#website","url":"https:\/\/www.guides-sports-loisirs.ca\/patinoires\/","name":"Patinoires ext\u00e9rieures","description":"","potentialAction":[{"@type":"SearchAction","target":{"@type":"EntryPoint","urlTemplate":"https:\/\/www.guides-sports-loisirs.ca\/patinoires\/?s={search_term_string}"},"query-input":{"@type":"PropertyValueSpecification","valueRequired":true,"valueName":"search_term_string"}}],"inLanguage":"fr-FR"}]}},"_links":{"self":[{"href":"https:\/\/www.guides-sports-loisirs.ca\/patinoires\/wp-json\/wp\/v2\/pages\/820","targetHints":{"allow":["GET"]}}],"collection":[{"href":"https:\/\/www.guides-sports-loisirs.ca\/patinoires\/wp-json\/wp\/v2\/pages"}],"about":[{"href":"https:\/\/www.guides-sports-loisirs.ca\/patinoires\/wp-json\/wp\/v2\/types\/page"}],"author":[{"embeddable":true,"href":"https:\/\/www.guides-sports-loisirs.ca\/patinoires\/wp-json\/wp\/v2\/users\/11"}],"replies":[{"embeddable":true,"href":"https:\/\/www.guides-sports-loisirs.ca\/patinoires\/wp-json\/wp\/v2\/comments?post=820"}],"version-history":[{"count":6,"href":"https:\/\/www.guides-sports-loisirs.ca\/patinoires\/wp-json\/wp\/v2\/pages\/820\/revisions"}],"predecessor-version":[{"id":1154,"href":"https:\/\/www.guides-sports-loisirs.ca\/patinoires\/wp-json\/wp\/v2\/pages\/820\/revisions\/1154"}],"up":[{"embeddable":true,"href":"https:\/\/www.guides-sports-loisirs.ca\/patinoires\/wp-json\/wp\/v2\/pages\/271"}],"wp:attachment":[{"href":"https:\/\/www.guides-sports-loisirs.ca\/patinoires\/wp-json\/wp\/v2\/media?parent=820"}],"curies":[{"name":"wp","href":"https:\/\/api.w.org\/{rel}","templated":true}]}}