{"id":806,"date":"2018-05-10T10:49:04","date_gmt":"2018-05-10T14:49:04","guid":{"rendered":"https:\/\/www.guides-sports-loisirs.ca\/patinoires\/?page_id=806"},"modified":"2018-07-19T19:28:02","modified_gmt":"2018-07-19T23:28:02","slug":"equipements","status":"publish","type":"page","link":"https:\/\/www.guides-sports-loisirs.ca\/patinoires\/securite-accessibilite\/equipements\/","title":{"rendered":"\u00c9quipements"},"content":{"rendered":"<div class=\"wpb-content-wrapper\"><p>[vc_row row_height_percent=\u00a0\u00bb0&Prime; override_padding=\u00a0\u00bbyes\u00a0\u00bb h_padding=\u00a0\u00bb2&Prime; top_padding=\u00a0\u00bb3&Prime; bottom_padding=\u00a0\u00bb2&Prime; overlay_alpha=\u00a0\u00bb50&Prime; gutter_size=\u00a0\u00bb3&Prime; shift_y=\u00a0\u00bb0&Prime;][vc_column column_width_use_pixel=\u00a0\u00bbyes\u00a0\u00bb overlay_alpha=\u00a0\u00bb50&Prime; gutter_size=\u00a0\u00bb3&Prime; medium_width=\u00a0\u00bb0&Prime; shift_x=\u00a0\u00bb0&Prime; shift_y=\u00a0\u00bb0&Prime; z_index=\u00a0\u00bb0&Prime; width=\u00a0\u00bb1\/1&Prime; column_width_pixel=\u00a0\u00bb800&Prime;][vc_column_text]<strong>\u00c9quipements collectifs<\/strong><\/p>\n<ul>\n<li>Pour les mesures de s\u00e9curit\u00e9 concernant les buts de hockey, voir <a href=\"http:\/\/www.education.gouv.qc.ca\/references\/publications\/resultats-de-la-recherche\/detail\/article\/assurez-votre-securite-hockey\/?no_cache=1&amp;cHash=1aaa3c6bd2db5cf053bbbcd3409d8d59\" target=\"_blank\" rel=\"noopener noreferrer\">Buts de hockey\u00a0: mesures de s\u00e9curit\u00e9 visant les surfaces de jeu ext\u00e9rieures \u00e0 vocation publique<\/a>, publi\u00e9 par\u00a0le minist\u00e8re de l\u2019\u00c9ducation et de l\u2019Enseignement sup\u00e9rieur.<\/li>\n<li>Constituer une r\u00e9serve de c\u00f4nes de signalisation en pr\u00e9vision de l\u2019apparition de zones dangereuses pour les usagers tant sur la patinoire qu\u2019\u00e0 l\u2019ext\u00e9rieur. \u00c0 cela, il convient d\u2019ajouter une r\u00e9serve de barri\u00e8res autoportantes et de ruban de type \u00ab\u00a0danger\u00a0\u00bb. (En pr\u00e9sence d\u2019une abondance de trous, de fissures ou d\u2019aires sans glace, il y a peut-\u00eatre lieu de fermer compl\u00e8tement la patinoire; le chalet et autres installations connexes sont alors ferm\u00e9s eux aussi et un avis de fermeture devrait \u00eatre diffus\u00e9 sur le site de la Ville.)<\/li>\n<li>Les outils destin\u00e9s \u00e0 l\u2019entretien de la patinoire doivent \u00eatre en bon \u00e9tat et remis\u00e9s dans un endroit s\u00e9curitaire en dehors des p\u00e9riodes d\u2019utilisation.<\/li>\n<\/ul>\n<p><strong>\u00c9quipements individuels<\/strong><\/p>\n<ul>\n<li>Lorsqu\u2019une aire de jeu est r\u00e9serv\u00e9e pour une activit\u00e9 de hockey sur glace, la <a href=\"http:\/\/www.education.gouv.qc.ca\/athletes-entraineurs-et-officiels\/reglements-et-securite\/securite-integrite-et-ethique\/reglementation\/application-de-la-reglementation\/hockey\/\" target=\"_blank\" rel=\"noopener\">r\u00e9glementation gouvernementale<\/a> prescrit que le participant doit porter un casque protecteur, un protecteur facial complet et un prot\u00e8ge-cou.<br \/>\nContrairement au hockey sur glace, le patinage libre et les autres activit\u00e9s sportives ne sont pas assujettis \u00e0 un tel r\u00e8glement. Toutefois, le port du casque est recommand\u00e9 tant aux enfants qu\u2019aux patineurs plus \u00e2g\u00e9s qui en sont \u00e0 leurs d\u00e9buts.<\/li>\n<li>Les employ\u00e9s affect\u00e9s \u00e0 l\u2019entretien devraient porter des crampons \u00e0 glace. Des pi\u00e8ces de protection individuelle suppl\u00e9mentaires (telles que coudes ou genouill\u00e8res) sont fortement recommand\u00e9es en raison des in\u00e9vitables chutes sur la glace survenant en cours de travail.<\/li>\n<\/ul>\n<p>[\/vc_column_text][vc_button button_color=\u00a0\u00bbaccent\u00a0\u00bb size=\u00a0\u00bbbtn-lg\u00a0\u00bb radius=\u00a0\u00bbbtn-circle\u00a0\u00bb icon_position=\u00a0\u00bbright\u00a0\u00bb link=\u00a0\u00bburl:https%3A%2F%2Fwww.guides-sports-loisirs.ca%2Fpatinoires%2Fwp-content%2Fuploads%2Fsites%2F3%2F2017%2F03%2FGIS_SecuriteAccessibilite_Equipements-1.pdf||target:%20_blank|\u00a0\u00bb icon=\u00a0\u00bbfa fa-file-o\u00a0\u00bb]Version PDF[\/vc_button][\/vc_column][\/vc_row]<\/p>\n<\/div>","protected":false},"excerpt":{"rendered":"<p>[vc_row row_height_percent=\u00a0\u00bb0&Prime; override_padding=\u00a0\u00bbyes\u00a0\u00bb h_padding=\u00a0\u00bb2&Prime; top_padding=\u00a0\u00bb3&Prime; bottom_padding=\u00a0\u00bb2&Prime; overlay_alpha=\u00a0\u00bb50&Prime; gutter_size=\u00a0\u00bb3&Prime; shift_y=\u00a0\u00bb0&Prime;][vc_column column_width_use_pixel=\u00a0\u00bbyes\u00a0\u00bb overlay_alpha=\u00a0\u00bb50&Prime; gutter_size=\u00a0\u00bb3&Prime; medium_width=\u00a0\u00bb0&Prime; shift_x=\u00a0\u00bb0&Prime; shift_y=\u00a0\u00bb0&Prime; z_index=\u00a0\u00bb0&Prime; width=\u00a0\u00bb1\/1&Prime; column_width_pixel=\u00a0\u00bb800&Prime;][vc_column_text]\u00c9quipements collectifs Pour [&hellip;]<\/p>\n","protected":false},"author":11,"featured_media":0,"parent":271,"menu_order":0,"comment_status":"closed","ping_status":"closed","template":"","meta":{"_acf_changed":false,"footnotes":""},"class_list":["post-806","page","type-page","status-publish","hentry"],"acf":[],"yoast_head":"<!-- This site is optimized with the Yoast SEO plugin v27.2 - https:\/\/yoast.com\/product\/yoast-seo-wordpress\/ -->\n<title>\u00c9quipements - Patinoires ext\u00e9rieures<\/title>\n<meta name=\"robots\" content=\"index, follow, max-snippet:-1, max-image-preview:large, max-video-preview:-1\" \/>\n<link rel=\"canonical\" href=\"https:\/\/www.guides-sports-loisirs.ca\/patinoires\/securite-accessibilite\/equipements\/\" \/>\n<meta property=\"og:locale\" content=\"fr_FR\" \/>\n<meta property=\"og:type\" content=\"article\" \/>\n<meta property=\"og:title\" content=\"\u00c9quipements - Patinoires ext\u00e9rieures\" \/>\n<meta property=\"og:description\" content=\"[vc_row row_height_percent=\u00a0\u00bb0&Prime; override_padding=\u00a0\u00bbyes\u00a0\u00bb h_padding=\u00a0\u00bb2&Prime; top_padding=\u00a0\u00bb3&Prime; bottom_padding=\u00a0\u00bb2&Prime; overlay_alpha=\u00a0\u00bb50&Prime; gutter_size=\u00a0\u00bb3&Prime; shift_y=\u00a0\u00bb0&Prime;][vc_column column_width_use_pixel=\u00a0\u00bbyes\u00a0\u00bb overlay_alpha=\u00a0\u00bb50&Prime; gutter_size=\u00a0\u00bb3&Prime; medium_width=\u00a0\u00bb0&Prime; shift_x=\u00a0\u00bb0&Prime; shift_y=\u00a0\u00bb0&Prime; z_index=\u00a0\u00bb0&Prime; width=\u00a0\u00bb1\/1&Prime; column_width_pixel=\u00a0\u00bb800&Prime;][vc_column_text]\u00c9quipements collectifs Pour [&hellip;]\" \/>\n<meta property=\"og:url\" content=\"https:\/\/www.guides-sports-loisirs.ca\/patinoires\/securite-accessibilite\/equipements\/\" \/>\n<meta property=\"og:site_name\" content=\"Patinoires ext\u00e9rieures\" \/>\n<meta property=\"article:modified_time\" content=\"2018-07-19T23:28:02+00:00\" \/>\n<meta name=\"twitter:card\" content=\"summary_large_image\" \/>\n<meta name=\"twitter:label1\" content=\"Dur\u00e9e de lecture estim\u00e9e\" \/>\n\t<meta name=\"twitter:data1\" content=\"2 minutes\" \/>\n<script type=\"application\/ld+json\" class=\"yoast-schema-graph\">{\"@context\":\"https:\/\/schema.org\",\"@graph\":[{\"@type\":\"WebPage\",\"@id\":\"https:\/\/www.guides-sports-loisirs.ca\/patinoires\/securite-accessibilite\/equipements\/\",\"url\":\"https:\/\/www.guides-sports-loisirs.ca\/patinoires\/securite-accessibilite\/equipements\/\",\"name\":\"\u00c9quipements - Patinoires ext\u00e9rieures\",\"isPartOf\":{\"@id\":\"https:\/\/www.guides-sports-loisirs.ca\/patinoires\/#website\"},\"datePublished\":\"2018-05-10T14:49:04+00:00\",\"dateModified\":\"2018-07-19T23:28:02+00:00\",\"breadcrumb\":{\"@id\":\"https:\/\/www.guides-sports-loisirs.ca\/patinoires\/securite-accessibilite\/equipements\/#breadcrumb\"},\"inLanguage\":\"fr-FR\",\"potentialAction\":[{\"@type\":\"ReadAction\",\"target\":[\"https:\/\/www.guides-sports-loisirs.ca\/patinoires\/securite-accessibilite\/equipements\/\"]}]},{\"@type\":\"BreadcrumbList\",\"@id\":\"https:\/\/www.guides-sports-loisirs.ca\/patinoires\/securite-accessibilite\/equipements\/#breadcrumb\",\"itemListElement\":[{\"@type\":\"ListItem\",\"position\":1,\"name\":\"Accueil\",\"item\":\"https:\/\/www.guides-sports-loisirs.ca\/patinoires\/\"},{\"@type\":\"ListItem\",\"position\":2,\"name\":\"S\u00e9curit\u00e9 et accessibilit\u00e9\",\"item\":\"https:\/\/www.guides-sports-loisirs.ca\/patinoires\/securite-accessibilite\/\"},{\"@type\":\"ListItem\",\"position\":3,\"name\":\"\u00c9quipements\"}]},{\"@type\":\"WebSite\",\"@id\":\"https:\/\/www.guides-sports-loisirs.ca\/patinoires\/#website\",\"url\":\"https:\/\/www.guides-sports-loisirs.ca\/patinoires\/\",\"name\":\"Patinoires ext\u00e9rieures\",\"description\":\"\",\"potentialAction\":[{\"@type\":\"SearchAction\",\"target\":{\"@type\":\"EntryPoint\",\"urlTemplate\":\"https:\/\/www.guides-sports-loisirs.ca\/patinoires\/?s={search_term_string}\"},\"query-input\":{\"@type\":\"PropertyValueSpecification\",\"valueRequired\":true,\"valueName\":\"search_term_string\"}}],\"inLanguage\":\"fr-FR\"}]}<\/script>\n<!-- \/ Yoast SEO plugin. -->","yoast_head_json":{"title":"\u00c9quipements - Patinoires ext\u00e9rieures","robots":{"index":"index","follow":"follow","max-snippet":"max-snippet:-1","max-image-preview":"max-image-preview:large","max-video-preview":"max-video-preview:-1"},"canonical":"https:\/\/www.guides-sports-loisirs.ca\/patinoires\/securite-accessibilite\/equipements\/","og_locale":"fr_FR","og_type":"article","og_title":"\u00c9quipements - Patinoires ext\u00e9rieures","og_description":"[vc_row row_height_percent=\u00a0\u00bb0&Prime; override_padding=\u00a0\u00bbyes\u00a0\u00bb h_padding=\u00a0\u00bb2&Prime; top_padding=\u00a0\u00bb3&Prime; bottom_padding=\u00a0\u00bb2&Prime; overlay_alpha=\u00a0\u00bb50&Prime; gutter_size=\u00a0\u00bb3&Prime; shift_y=\u00a0\u00bb0&Prime;][vc_column column_width_use_pixel=\u00a0\u00bbyes\u00a0\u00bb overlay_alpha=\u00a0\u00bb50&Prime; gutter_size=\u00a0\u00bb3&Prime; medium_width=\u00a0\u00bb0&Prime; shift_x=\u00a0\u00bb0&Prime; shift_y=\u00a0\u00bb0&Prime; z_index=\u00a0\u00bb0&Prime; width=\u00a0\u00bb1\/1&Prime; column_width_pixel=\u00a0\u00bb800&Prime;][vc_column_text]\u00c9quipements collectifs Pour [&hellip;]","og_url":"https:\/\/www.guides-sports-loisirs.ca\/patinoires\/securite-accessibilite\/equipements\/","og_site_name":"Patinoires ext\u00e9rieures","article_modified_time":"2018-07-19T23:28:02+00:00","twitter_card":"summary_large_image","twitter_misc":{"Dur\u00e9e de lecture estim\u00e9e":"2 minutes"},"schema":{"@context":"https:\/\/schema.org","@graph":[{"@type":"WebPage","@id":"https:\/\/www.guides-sports-loisirs.ca\/patinoires\/securite-accessibilite\/equipements\/","url":"https:\/\/www.guides-sports-loisirs.ca\/patinoires\/securite-accessibilite\/equipements\/","name":"\u00c9quipements - Patinoires ext\u00e9rieures","isPartOf":{"@id":"https:\/\/www.guides-sports-loisirs.ca\/patinoires\/#website"},"datePublished":"2018-05-10T14:49:04+00:00","dateModified":"2018-07-19T23:28:02+00:00","breadcrumb":{"@id":"https:\/\/www.guides-sports-loisirs.ca\/patinoires\/securite-accessibilite\/equipements\/#breadcrumb"},"inLanguage":"fr-FR","potentialAction":[{"@type":"ReadAction","target":["https:\/\/www.guides-sports-loisirs.ca\/patinoires\/securite-accessibilite\/equipements\/"]}]},{"@type":"BreadcrumbList","@id":"https:\/\/www.guides-sports-loisirs.ca\/patinoires\/securite-accessibilite\/equipements\/#breadcrumb","itemListElement":[{"@type":"ListItem","position":1,"name":"Accueil","item":"https:\/\/www.guides-sports-loisirs.ca\/patinoires\/"},{"@type":"ListItem","position":2,"name":"S\u00e9curit\u00e9 et accessibilit\u00e9","item":"https:\/\/www.guides-sports-loisirs.ca\/patinoires\/securite-accessibilite\/"},{"@type":"ListItem","position":3,"name":"\u00c9quipements"}]},{"@type":"WebSite","@id":"https:\/\/www.guides-sports-loisirs.ca\/patinoires\/#website","url":"https:\/\/www.guides-sports-loisirs.ca\/patinoires\/","name":"Patinoires ext\u00e9rieures","description":"","potentialAction":[{"@type":"SearchAction","target":{"@type":"EntryPoint","urlTemplate":"https:\/\/www.guides-sports-loisirs.ca\/patinoires\/?s={search_term_string}"},"query-input":{"@type":"PropertyValueSpecification","valueRequired":true,"valueName":"search_term_string"}}],"inLanguage":"fr-FR"}]}},"_links":{"self":[{"href":"https:\/\/www.guides-sports-loisirs.ca\/patinoires\/wp-json\/wp\/v2\/pages\/806","targetHints":{"allow":["GET"]}}],"collection":[{"href":"https:\/\/www.guides-sports-loisirs.ca\/patinoires\/wp-json\/wp\/v2\/pages"}],"about":[{"href":"https:\/\/www.guides-sports-loisirs.ca\/patinoires\/wp-json\/wp\/v2\/types\/page"}],"author":[{"embeddable":true,"href":"https:\/\/www.guides-sports-loisirs.ca\/patinoires\/wp-json\/wp\/v2\/users\/11"}],"replies":[{"embeddable":true,"href":"https:\/\/www.guides-sports-loisirs.ca\/patinoires\/wp-json\/wp\/v2\/comments?post=806"}],"version-history":[{"count":6,"href":"https:\/\/www.guides-sports-loisirs.ca\/patinoires\/wp-json\/wp\/v2\/pages\/806\/revisions"}],"predecessor-version":[{"id":1152,"href":"https:\/\/www.guides-sports-loisirs.ca\/patinoires\/wp-json\/wp\/v2\/pages\/806\/revisions\/1152"}],"up":[{"embeddable":true,"href":"https:\/\/www.guides-sports-loisirs.ca\/patinoires\/wp-json\/wp\/v2\/pages\/271"}],"wp:attachment":[{"href":"https:\/\/www.guides-sports-loisirs.ca\/patinoires\/wp-json\/wp\/v2\/media?parent=806"}],"curies":[{"name":"wp","href":"https:\/\/api.w.org\/{rel}","templated":true}]}}