{"id":683,"date":"2017-05-12T12:22:58","date_gmt":"2017-05-12T16:22:58","guid":{"rendered":"https:\/\/www.guides-sports-loisirs.ca\/patinoires\/?page_id=406"},"modified":"2018-06-28T10:17:13","modified_gmt":"2018-06-28T14:17:13","slug":"elements-limitrophes-patinoire-destinee-hockey","status":"publish","type":"page","link":"https:\/\/www.guides-sports-loisirs.ca\/patinoires\/securite-accessibilite\/elements-limitrophes-patinoire-destinee-hockey\/","title":{"rendered":"\u00c9l\u00e9ments limitrophes d\u2019une patinoire destin\u00e9e au hockey"},"content":{"rendered":"<div class=\"wpb-content-wrapper\"><p>[vc_row row_height_percent=\u00a0\u00bb0&Prime; override_padding=\u00a0\u00bbyes\u00a0\u00bb h_padding=\u00a0\u00bb2&Prime; top_padding=\u00a0\u00bb3&Prime; bottom_padding=\u00a0\u00bb2&Prime; overlay_alpha=\u00a0\u00bb50&Prime; gutter_size=\u00a0\u00bb3&Prime; shift_y=\u00a0\u00bb0&Prime;][vc_column column_width_use_pixel=\u00a0\u00bbyes\u00a0\u00bb overlay_alpha=\u00a0\u00bb50&Prime; gutter_size=\u00a0\u00bb3&Prime; medium_width=\u00a0\u00bb0&Prime; shift_x=\u00a0\u00bb0&Prime; shift_y=\u00a0\u00bb0&Prime; z_index=\u00a0\u00bb0&Prime; width=\u00a0\u00bb1\/1&Prime; column_width_pixel=\u00a0\u00bb800&Prime;][vc_column_text]Le danger qui guette les personnes ou objets se trouvant \u00e0 proximit\u00e9 d\u2019une patinoire de hockey provient principalement des rondelles projet\u00e9es hors de celle-ci. C\u2019est pourquoi\u00a0il est pr\u00e9f\u00e9rable\u00a0:<\/p>\n<ul>\n<li>D\u2019\u00e9viter d\u2019installer des bancs ou des estrades sur le pourtour de la patinoire dans des aires non prot\u00e9g\u00e9es par un panneau vitr\u00e9 ou un filet;<\/li>\n<li>D\u2019installer tout sentier ou patinoire de patinage libre \u00e0 une certaine distance de la patinoire de hockey;<\/li>\n<li>D\u2019am\u00e9nager les voies d\u2019acc\u00e8s aux installations parall\u00e8lement \u00e0 la longueur de la patinoire;<\/li>\n<li>Que tout terrain sportif, stationnement, infrastructure, maison ou rue situ\u00e9 \u00e0 moins de 30 m\u00e8tres des extr\u00e9mit\u00e9s de la patinoire soit prot\u00e9g\u00e9 par un dispositif (cl\u00f4ture ou filet) de dimension suffisante.<\/li>\n<\/ul>\n<p><strong>Accessibilit\u00e9 universelle<\/strong><\/p>\n<ul>\n<li>\u00c9viter les marches, les fortes d\u00e9clivit\u00e9s et les sols non pav\u00e9s.<\/li>\n<li>Pr\u00e9voir des rev\u00eatements de sol non meubles, antid\u00e9rapants et sans obstacle.<\/li>\n<li>Pr\u00e9voir des rampes d\u2019acc\u00e8s pour garantir un cheminement sans obstacle.<\/li>\n<li>Pr\u00e9voir des voies assez larges pour qu\u2019une personne en fauteuil roulant et son accompagnateur puissent circuler c\u00f4te \u00e0 c\u00f4te.<\/li>\n<\/ul>\n<p>[\/vc_column_text][vc_button button_color=\u00a0\u00bbaccent\u00a0\u00bb size=\u00a0\u00bbbtn-lg\u00a0\u00bb radius=\u00a0\u00bbbtn-circle\u00a0\u00bb icon_position=\u00a0\u00bbright\u00a0\u00bb link=\u00a0\u00bburl:http%3A%2F%2Fwww.guides-sports-loisirs.ca%2Fpatinoires%2Fwp-content%2Fuploads%2Fsites%2F3%2F2017%2F03%2FGIS_SecuriteAccessibilite_ElementsHockey.pdf||target:%20_blank|\u00a0\u00bb icon=\u00a0\u00bbfa fa-file-o\u00a0\u00bb]Version PDF[\/vc_button][\/vc_column][\/vc_row]<\/p>\n<\/div>","protected":false},"excerpt":{"rendered":"<p>[vc_row row_height_percent=\u00a0\u00bb0&Prime; override_padding=\u00a0\u00bbyes\u00a0\u00bb h_padding=\u00a0\u00bb2&Prime; top_padding=\u00a0\u00bb3&Prime; bottom_padding=\u00a0\u00bb2&Prime; overlay_alpha=\u00a0\u00bb50&Prime; gutter_size=\u00a0\u00bb3&Prime; shift_y=\u00a0\u00bb0&Prime;][vc_column column_width_use_pixel=\u00a0\u00bbyes\u00a0\u00bb overlay_alpha=\u00a0\u00bb50&Prime; gutter_size=\u00a0\u00bb3&Prime; medium_width=\u00a0\u00bb0&Prime; shift_x=\u00a0\u00bb0&Prime; shift_y=\u00a0\u00bb0&Prime; z_index=\u00a0\u00bb0&Prime; width=\u00a0\u00bb1\/1&Prime; column_width_pixel=\u00a0\u00bb800&Prime;][vc_column_text]Le danger qui [&hellip;]<\/p>\n","protected":false},"author":11,"featured_media":0,"parent":271,"menu_order":0,"comment_status":"closed","ping_status":"closed","template":"","meta":{"_acf_changed":false,"footnotes":""},"class_list":["post-683","page","type-page","status-publish","hentry"],"acf":[],"yoast_head":"<!-- This site is optimized with the Yoast SEO plugin v27.2 - https:\/\/yoast.com\/product\/yoast-seo-wordpress\/ -->\n<title>\u00c9l\u00e9ments limitrophes d\u2019une patinoire destin\u00e9e au hockey - Patinoires ext\u00e9rieures<\/title>\n<meta name=\"robots\" content=\"index, follow, max-snippet:-1, max-image-preview:large, max-video-preview:-1\" \/>\n<link rel=\"canonical\" href=\"https:\/\/www.guides-sports-loisirs.ca\/patinoires\/securite-accessibilite\/elements-limitrophes-patinoire-destinee-hockey\/\" \/>\n<meta property=\"og:locale\" content=\"fr_FR\" \/>\n<meta property=\"og:type\" content=\"article\" \/>\n<meta property=\"og:title\" content=\"\u00c9l\u00e9ments limitrophes d\u2019une patinoire destin\u00e9e au hockey - Patinoires ext\u00e9rieures\" \/>\n<meta property=\"og:description\" content=\"[vc_row row_height_percent=\u00a0\u00bb0&Prime; override_padding=\u00a0\u00bbyes\u00a0\u00bb h_padding=\u00a0\u00bb2&Prime; top_padding=\u00a0\u00bb3&Prime; bottom_padding=\u00a0\u00bb2&Prime; overlay_alpha=\u00a0\u00bb50&Prime; gutter_size=\u00a0\u00bb3&Prime; shift_y=\u00a0\u00bb0&Prime;][vc_column column_width_use_pixel=\u00a0\u00bbyes\u00a0\u00bb overlay_alpha=\u00a0\u00bb50&Prime; gutter_size=\u00a0\u00bb3&Prime; medium_width=\u00a0\u00bb0&Prime; shift_x=\u00a0\u00bb0&Prime; shift_y=\u00a0\u00bb0&Prime; z_index=\u00a0\u00bb0&Prime; width=\u00a0\u00bb1\/1&Prime; column_width_pixel=\u00a0\u00bb800&Prime;][vc_column_text]Le danger qui [&hellip;]\" \/>\n<meta property=\"og:url\" content=\"https:\/\/www.guides-sports-loisirs.ca\/patinoires\/securite-accessibilite\/elements-limitrophes-patinoire-destinee-hockey\/\" \/>\n<meta property=\"og:site_name\" content=\"Patinoires ext\u00e9rieures\" \/>\n<meta property=\"article:modified_time\" content=\"2018-06-28T14:17:13+00:00\" \/>\n<meta name=\"twitter:card\" content=\"summary_large_image\" \/>\n<meta name=\"twitter:label1\" content=\"Dur\u00e9e de lecture estim\u00e9e\" \/>\n\t<meta name=\"twitter:data1\" content=\"1 minute\" \/>\n<script type=\"application\/ld+json\" class=\"yoast-schema-graph\">{\"@context\":\"https:\/\/schema.org\",\"@graph\":[{\"@type\":\"WebPage\",\"@id\":\"https:\/\/www.guides-sports-loisirs.ca\/patinoires\/securite-accessibilite\/elements-limitrophes-patinoire-destinee-hockey\/\",\"url\":\"https:\/\/www.guides-sports-loisirs.ca\/patinoires\/securite-accessibilite\/elements-limitrophes-patinoire-destinee-hockey\/\",\"name\":\"\u00c9l\u00e9ments limitrophes d\u2019une patinoire destin\u00e9e au hockey - Patinoires ext\u00e9rieures\",\"isPartOf\":{\"@id\":\"https:\/\/www.guides-sports-loisirs.ca\/patinoires\/#website\"},\"datePublished\":\"2017-05-12T16:22:58+00:00\",\"dateModified\":\"2018-06-28T14:17:13+00:00\",\"breadcrumb\":{\"@id\":\"https:\/\/www.guides-sports-loisirs.ca\/patinoires\/securite-accessibilite\/elements-limitrophes-patinoire-destinee-hockey\/#breadcrumb\"},\"inLanguage\":\"fr-FR\",\"potentialAction\":[{\"@type\":\"ReadAction\",\"target\":[\"https:\/\/www.guides-sports-loisirs.ca\/patinoires\/securite-accessibilite\/elements-limitrophes-patinoire-destinee-hockey\/\"]}]},{\"@type\":\"BreadcrumbList\",\"@id\":\"https:\/\/www.guides-sports-loisirs.ca\/patinoires\/securite-accessibilite\/elements-limitrophes-patinoire-destinee-hockey\/#breadcrumb\",\"itemListElement\":[{\"@type\":\"ListItem\",\"position\":1,\"name\":\"Accueil\",\"item\":\"https:\/\/www.guides-sports-loisirs.ca\/patinoires\/\"},{\"@type\":\"ListItem\",\"position\":2,\"name\":\"S\u00e9curit\u00e9 et accessibilit\u00e9\",\"item\":\"https:\/\/www.guides-sports-loisirs.ca\/patinoires\/securite-accessibilite\/\"},{\"@type\":\"ListItem\",\"position\":3,\"name\":\"\u00c9l\u00e9ments limitrophes d\u2019une patinoire destin\u00e9e au hockey\"}]},{\"@type\":\"WebSite\",\"@id\":\"https:\/\/www.guides-sports-loisirs.ca\/patinoires\/#website\",\"url\":\"https:\/\/www.guides-sports-loisirs.ca\/patinoires\/\",\"name\":\"Patinoires ext\u00e9rieures\",\"description\":\"\",\"potentialAction\":[{\"@type\":\"SearchAction\",\"target\":{\"@type\":\"EntryPoint\",\"urlTemplate\":\"https:\/\/www.guides-sports-loisirs.ca\/patinoires\/?s={search_term_string}\"},\"query-input\":{\"@type\":\"PropertyValueSpecification\",\"valueRequired\":true,\"valueName\":\"search_term_string\"}}],\"inLanguage\":\"fr-FR\"}]}<\/script>\n<!-- \/ Yoast SEO plugin. -->","yoast_head_json":{"title":"\u00c9l\u00e9ments limitrophes d\u2019une patinoire destin\u00e9e au hockey - Patinoires ext\u00e9rieures","robots":{"index":"index","follow":"follow","max-snippet":"max-snippet:-1","max-image-preview":"max-image-preview:large","max-video-preview":"max-video-preview:-1"},"canonical":"https:\/\/www.guides-sports-loisirs.ca\/patinoires\/securite-accessibilite\/elements-limitrophes-patinoire-destinee-hockey\/","og_locale":"fr_FR","og_type":"article","og_title":"\u00c9l\u00e9ments limitrophes d\u2019une patinoire destin\u00e9e au hockey - Patinoires ext\u00e9rieures","og_description":"[vc_row row_height_percent=\u00a0\u00bb0&Prime; override_padding=\u00a0\u00bbyes\u00a0\u00bb h_padding=\u00a0\u00bb2&Prime; top_padding=\u00a0\u00bb3&Prime; bottom_padding=\u00a0\u00bb2&Prime; overlay_alpha=\u00a0\u00bb50&Prime; gutter_size=\u00a0\u00bb3&Prime; shift_y=\u00a0\u00bb0&Prime;][vc_column column_width_use_pixel=\u00a0\u00bbyes\u00a0\u00bb overlay_alpha=\u00a0\u00bb50&Prime; gutter_size=\u00a0\u00bb3&Prime; medium_width=\u00a0\u00bb0&Prime; shift_x=\u00a0\u00bb0&Prime; shift_y=\u00a0\u00bb0&Prime; z_index=\u00a0\u00bb0&Prime; width=\u00a0\u00bb1\/1&Prime; column_width_pixel=\u00a0\u00bb800&Prime;][vc_column_text]Le danger qui [&hellip;]","og_url":"https:\/\/www.guides-sports-loisirs.ca\/patinoires\/securite-accessibilite\/elements-limitrophes-patinoire-destinee-hockey\/","og_site_name":"Patinoires ext\u00e9rieures","article_modified_time":"2018-06-28T14:17:13+00:00","twitter_card":"summary_large_image","twitter_misc":{"Dur\u00e9e de lecture estim\u00e9e":"1 minute"},"schema":{"@context":"https:\/\/schema.org","@graph":[{"@type":"WebPage","@id":"https:\/\/www.guides-sports-loisirs.ca\/patinoires\/securite-accessibilite\/elements-limitrophes-patinoire-destinee-hockey\/","url":"https:\/\/www.guides-sports-loisirs.ca\/patinoires\/securite-accessibilite\/elements-limitrophes-patinoire-destinee-hockey\/","name":"\u00c9l\u00e9ments limitrophes d\u2019une patinoire destin\u00e9e au hockey - Patinoires ext\u00e9rieures","isPartOf":{"@id":"https:\/\/www.guides-sports-loisirs.ca\/patinoires\/#website"},"datePublished":"2017-05-12T16:22:58+00:00","dateModified":"2018-06-28T14:17:13+00:00","breadcrumb":{"@id":"https:\/\/www.guides-sports-loisirs.ca\/patinoires\/securite-accessibilite\/elements-limitrophes-patinoire-destinee-hockey\/#breadcrumb"},"inLanguage":"fr-FR","potentialAction":[{"@type":"ReadAction","target":["https:\/\/www.guides-sports-loisirs.ca\/patinoires\/securite-accessibilite\/elements-limitrophes-patinoire-destinee-hockey\/"]}]},{"@type":"BreadcrumbList","@id":"https:\/\/www.guides-sports-loisirs.ca\/patinoires\/securite-accessibilite\/elements-limitrophes-patinoire-destinee-hockey\/#breadcrumb","itemListElement":[{"@type":"ListItem","position":1,"name":"Accueil","item":"https:\/\/www.guides-sports-loisirs.ca\/patinoires\/"},{"@type":"ListItem","position":2,"name":"S\u00e9curit\u00e9 et accessibilit\u00e9","item":"https:\/\/www.guides-sports-loisirs.ca\/patinoires\/securite-accessibilite\/"},{"@type":"ListItem","position":3,"name":"\u00c9l\u00e9ments limitrophes d\u2019une patinoire destin\u00e9e au hockey"}]},{"@type":"WebSite","@id":"https:\/\/www.guides-sports-loisirs.ca\/patinoires\/#website","url":"https:\/\/www.guides-sports-loisirs.ca\/patinoires\/","name":"Patinoires ext\u00e9rieures","description":"","potentialAction":[{"@type":"SearchAction","target":{"@type":"EntryPoint","urlTemplate":"https:\/\/www.guides-sports-loisirs.ca\/patinoires\/?s={search_term_string}"},"query-input":{"@type":"PropertyValueSpecification","valueRequired":true,"valueName":"search_term_string"}}],"inLanguage":"fr-FR"}]}},"_links":{"self":[{"href":"https:\/\/www.guides-sports-loisirs.ca\/patinoires\/wp-json\/wp\/v2\/pages\/683","targetHints":{"allow":["GET"]}}],"collection":[{"href":"https:\/\/www.guides-sports-loisirs.ca\/patinoires\/wp-json\/wp\/v2\/pages"}],"about":[{"href":"https:\/\/www.guides-sports-loisirs.ca\/patinoires\/wp-json\/wp\/v2\/types\/page"}],"author":[{"embeddable":true,"href":"https:\/\/www.guides-sports-loisirs.ca\/patinoires\/wp-json\/wp\/v2\/users\/11"}],"replies":[{"embeddable":true,"href":"https:\/\/www.guides-sports-loisirs.ca\/patinoires\/wp-json\/wp\/v2\/comments?post=683"}],"version-history":[{"count":6,"href":"https:\/\/www.guides-sports-loisirs.ca\/patinoires\/wp-json\/wp\/v2\/pages\/683\/revisions"}],"predecessor-version":[{"id":1138,"href":"https:\/\/www.guides-sports-loisirs.ca\/patinoires\/wp-json\/wp\/v2\/pages\/683\/revisions\/1138"}],"up":[{"embeddable":true,"href":"https:\/\/www.guides-sports-loisirs.ca\/patinoires\/wp-json\/wp\/v2\/pages\/271"}],"wp:attachment":[{"href":"https:\/\/www.guides-sports-loisirs.ca\/patinoires\/wp-json\/wp\/v2\/media?parent=683"}],"curies":[{"name":"wp","href":"https:\/\/api.w.org\/{rel}","templated":true}]}}