{"id":406,"date":"2017-05-12T12:22:58","date_gmt":"2017-05-12T16:22:58","guid":{"rendered":"https:\/\/www.guides-sports-loisirs.ca\/patinoires\/?page_id=406"},"modified":"2018-07-19T19:26:59","modified_gmt":"2018-07-19T23:26:59","slug":"chalet-salle-habillage","status":"publish","type":"page","link":"https:\/\/www.guides-sports-loisirs.ca\/patinoires\/securite-accessibilite\/chalet-salle-habillage\/","title":{"rendered":"Chalet (salle d\u2019habillage)"},"content":{"rendered":"<div class=\"wpb-content-wrapper\"><p>[vc_row row_height_percent=\u00a0\u00bb0&Prime; override_padding=\u00a0\u00bbyes\u00a0\u00bb h_padding=\u00a0\u00bb2&Prime; top_padding=\u00a0\u00bb3&Prime; bottom_padding=\u00a0\u00bb2&Prime; overlay_alpha=\u00a0\u00bb50&Prime; gutter_size=\u00a0\u00bb3&Prime; shift_y=\u00a0\u00bb0&Prime;][vc_column column_width_use_pixel=\u00a0\u00bbyes\u00a0\u00bb overlay_alpha=\u00a0\u00bb50&Prime; gutter_size=\u00a0\u00bb3&Prime; medium_width=\u00a0\u00bb0&Prime; shift_x=\u00a0\u00bb0&Prime; shift_y=\u00a0\u00bb0&Prime; z_index=\u00a0\u00bb0&Prime; width=\u00a0\u00bb1\/1&Prime; column_width_pixel=\u00a0\u00bb800&Prime;][vc_column_text]Le chalet est la pierre angulaire des services aux usagers. Il devrait y avoir\u00a0:<\/p>\n<ul>\n<li>un syst\u00e8me d\u2019\u00e9clairage d\u2019urgence;<\/li>\n<li>des extincteurs fonctionnels bien identifi\u00e9s au moyen de panneaux;<\/li>\n<li>une trousse d\u2019urgence dans un endroit bien identifi\u00e9; si les ressources le permettent, des couvertures thermiques sont recommand\u00e9es.<\/li>\n<\/ul>\n<p>Autres dispositions ou mesures de s\u00e9curit\u00e9\u00a0:<\/p>\n<ul>\n<li>On y affichera bien en \u00e9vidence les horaires, les r\u00e8glements s\u2019appliquant \u00e0 l\u2019usage des installations et le plan d\u2019\u00e9vacuation.<\/li>\n<li>Le plancher sera recouvert d\u2019un mat\u00e9riau souple r\u00e9sistant \u00e0 l\u2019usure provoqu\u00e9e par le passage des patins.<\/li>\n<li>La salle d\u2019habillage devrait \u00eatre suffisamment chauff\u00e9e et devrait abriter ou offrir \u00e0 proximit\u00e9 des installations sanitaires ad\u00e9quates; les \u00e9l\u00e9ments chauffants ne devraient pas \u00eatre accessibles directement.<\/li>\n<li>Les portes pour les usagers devraient \u00eatre d\u00e9verrouill\u00e9es en permanence durant les p\u00e9riodes d\u2019ouverture des installations; les portes \u00e0 usage restreint seront munies d\u2019une barre de type \u00ab\u00a0panique\u00a0\u00bb.<\/li>\n<li>Toutes les sorties devraient \u00eatre d\u00e9gag\u00e9es (\u00e0 la fois \u00e0 l\u2019int\u00e9rieur et \u00e0 l\u2019ext\u00e9rieur) et devraient \u00eatre identifi\u00e9es au moyen d\u2019un panneau lumineux \u00ab\u00a0SORTIE\u00a0\u00bb. Les zones ext\u00e9rieures pr\u00e8s des portes de sortie devraient \u00eatre d\u00e9gag\u00e9es et d\u00e9glac\u00e9es sur une aire d\u2019au moins 4 m\u00e8tres carr\u00e9s.<\/li>\n<li>Les escaliers attenants au b\u00e2timent devraient \u00eatre recouverts de mat\u00e9riau caoutchout\u00e9, et en tout temps d\u00e9gag\u00e9s et d\u00e9glac\u00e9s.<\/li>\n<li>Les aires de circulation devraient \u00eatre assez larges pour faciliter une sortie massive des usagers en cas d\u2019urgence.<\/li>\n<\/ul>\n<p><strong>Accessibilit\u00e9 universelle\u00a0<\/strong><\/p>\n<p>La largeur des ouvertures devrait \u00eatre suffisante pour permettre le passage d\u2019une personne en fauteuil roulant de sport.<\/p>\n<ul>\n<li>Pr\u00e9voir une entr\u00e9e plain-pied ou un am\u00e9nagement permettant un acc\u00e8s en autonomie aux installations pour les personnes se d\u00e9pla\u00e7ant en fauteuil roulant ou ayant de la difficult\u00e9 \u00e0 se d\u00e9placer.<\/li>\n<li>Pr\u00e9voir des portes, des portillons et des entr\u00e9es assez larges pour qu\u2019un fauteuil roulant manuel ou un fauteuil roulant de sport puisse y passer.<\/li>\n<li>Pr\u00e9voir des portes \u00e0 ouverture automatique, id\u00e9alement coulissantes, ou avec des boutons poussoirs fonctionnels \u00e0 l\u2019int\u00e9rieur et \u00e0 l\u2019ext\u00e9rieur pour faciliter l\u2019entr\u00e9e dans le b\u00e2timent.<\/li>\n<li>Pr\u00e9voir des installations sanitaires adapt\u00e9es (toilettes adapt\u00e9es, salle d\u2019habillage ou vestiaire adapt\u00e9, vestiaire universel).<\/li>\n<li>Pr\u00e9voir des fontaines d\u2019eau \u00e0 boire accessibles \u00e0 proximit\u00e9.<\/li>\n<\/ul>\n<p>[\/vc_column_text][vc_button button_color=\u00a0\u00bbaccent\u00a0\u00bb size=\u00a0\u00bbbtn-lg\u00a0\u00bb radius=\u00a0\u00bbbtn-circle\u00a0\u00bb icon_position=\u00a0\u00bbright\u00a0\u00bb link=\u00a0\u00bburl:https%3A%2F%2Fwww.guides-sports-loisirs.ca%2Fpatinoires%2Fwp-content%2Fuploads%2Fsites%2F3%2F2017%2F03%2FGIS_SecuriteAccessibilite_Chalet-1.pdf||target:%20_blank|\u00a0\u00bb icon=\u00a0\u00bbfa fa-file-o\u00a0\u00bb]Version PDF[\/vc_button][\/vc_column][\/vc_row]<\/p>\n<\/div>","protected":false},"excerpt":{"rendered":"<p>[vc_row row_height_percent=\u00a0\u00bb0&Prime; override_padding=\u00a0\u00bbyes\u00a0\u00bb h_padding=\u00a0\u00bb2&Prime; top_padding=\u00a0\u00bb3&Prime; bottom_padding=\u00a0\u00bb2&Prime; overlay_alpha=\u00a0\u00bb50&Prime; gutter_size=\u00a0\u00bb3&Prime; shift_y=\u00a0\u00bb0&Prime;][vc_column column_width_use_pixel=\u00a0\u00bbyes\u00a0\u00bb overlay_alpha=\u00a0\u00bb50&Prime; gutter_size=\u00a0\u00bb3&Prime; medium_width=\u00a0\u00bb0&Prime; shift_x=\u00a0\u00bb0&Prime; shift_y=\u00a0\u00bb0&Prime; z_index=\u00a0\u00bb0&Prime; width=\u00a0\u00bb1\/1&Prime; column_width_pixel=\u00a0\u00bb800&Prime;][vc_column_text]Le chalet est [&hellip;]<\/p>\n","protected":false},"author":11,"featured_media":0,"parent":271,"menu_order":0,"comment_status":"closed","ping_status":"closed","template":"","meta":{"_acf_changed":false,"footnotes":""},"class_list":["post-406","page","type-page","status-publish","hentry"],"acf":[],"yoast_head":"<!-- This site is optimized with the Yoast SEO plugin v27.4 - https:\/\/yoast.com\/product\/yoast-seo-wordpress\/ -->\n<title>Chalet (salle d\u2019habillage) - Patinoires ext\u00e9rieures<\/title>\n<meta name=\"robots\" content=\"index, follow, max-snippet:-1, max-image-preview:large, max-video-preview:-1\" \/>\n<link rel=\"canonical\" href=\"https:\/\/www.guides-sports-loisirs.ca\/patinoires\/securite-accessibilite\/chalet-salle-habillage\/\" \/>\n<meta property=\"og:locale\" content=\"fr_FR\" \/>\n<meta property=\"og:type\" content=\"article\" \/>\n<meta property=\"og:title\" content=\"Chalet (salle d\u2019habillage) - Patinoires ext\u00e9rieures\" \/>\n<meta property=\"og:description\" content=\"[vc_row row_height_percent=\u00a0\u00bb0&Prime; override_padding=\u00a0\u00bbyes\u00a0\u00bb h_padding=\u00a0\u00bb2&Prime; top_padding=\u00a0\u00bb3&Prime; bottom_padding=\u00a0\u00bb2&Prime; overlay_alpha=\u00a0\u00bb50&Prime; gutter_size=\u00a0\u00bb3&Prime; shift_y=\u00a0\u00bb0&Prime;][vc_column column_width_use_pixel=\u00a0\u00bbyes\u00a0\u00bb overlay_alpha=\u00a0\u00bb50&Prime; gutter_size=\u00a0\u00bb3&Prime; medium_width=\u00a0\u00bb0&Prime; shift_x=\u00a0\u00bb0&Prime; shift_y=\u00a0\u00bb0&Prime; z_index=\u00a0\u00bb0&Prime; width=\u00a0\u00bb1\/1&Prime; column_width_pixel=\u00a0\u00bb800&Prime;][vc_column_text]Le chalet est [&hellip;]\" \/>\n<meta property=\"og:url\" content=\"https:\/\/www.guides-sports-loisirs.ca\/patinoires\/securite-accessibilite\/chalet-salle-habillage\/\" \/>\n<meta property=\"og:site_name\" content=\"Patinoires ext\u00e9rieures\" \/>\n<meta property=\"article:modified_time\" content=\"2018-07-19T23:26:59+00:00\" \/>\n<meta name=\"twitter:card\" content=\"summary_large_image\" \/>\n<meta name=\"twitter:label1\" content=\"Dur\u00e9e de lecture estim\u00e9e\" \/>\n\t<meta name=\"twitter:data1\" content=\"2 minutes\" \/>\n<script type=\"application\/ld+json\" class=\"yoast-schema-graph\">{\"@context\":\"https:\\\/\\\/schema.org\",\"@graph\":[{\"@type\":\"WebPage\",\"@id\":\"https:\\\/\\\/www.guides-sports-loisirs.ca\\\/patinoires\\\/securite-accessibilite\\\/chalet-salle-habillage\\\/\",\"url\":\"https:\\\/\\\/www.guides-sports-loisirs.ca\\\/patinoires\\\/securite-accessibilite\\\/chalet-salle-habillage\\\/\",\"name\":\"Chalet (salle d\u2019habillage) - Patinoires ext\u00e9rieures\",\"isPartOf\":{\"@id\":\"https:\\\/\\\/www.guides-sports-loisirs.ca\\\/patinoires\\\/#website\"},\"datePublished\":\"2017-05-12T16:22:58+00:00\",\"dateModified\":\"2018-07-19T23:26:59+00:00\",\"breadcrumb\":{\"@id\":\"https:\\\/\\\/www.guides-sports-loisirs.ca\\\/patinoires\\\/securite-accessibilite\\\/chalet-salle-habillage\\\/#breadcrumb\"},\"inLanguage\":\"fr-FR\",\"potentialAction\":[{\"@type\":\"ReadAction\",\"target\":[\"https:\\\/\\\/www.guides-sports-loisirs.ca\\\/patinoires\\\/securite-accessibilite\\\/chalet-salle-habillage\\\/\"]}]},{\"@type\":\"BreadcrumbList\",\"@id\":\"https:\\\/\\\/www.guides-sports-loisirs.ca\\\/patinoires\\\/securite-accessibilite\\\/chalet-salle-habillage\\\/#breadcrumb\",\"itemListElement\":[{\"@type\":\"ListItem\",\"position\":1,\"name\":\"Accueil\",\"item\":\"https:\\\/\\\/www.guides-sports-loisirs.ca\\\/patinoires\\\/\"},{\"@type\":\"ListItem\",\"position\":2,\"name\":\"S\u00e9curit\u00e9 et accessibilit\u00e9\",\"item\":\"https:\\\/\\\/www.guides-sports-loisirs.ca\\\/patinoires\\\/securite-accessibilite\\\/\"},{\"@type\":\"ListItem\",\"position\":3,\"name\":\"Chalet (salle d\u2019habillage)\"}]},{\"@type\":\"WebSite\",\"@id\":\"https:\\\/\\\/www.guides-sports-loisirs.ca\\\/patinoires\\\/#website\",\"url\":\"https:\\\/\\\/www.guides-sports-loisirs.ca\\\/patinoires\\\/\",\"name\":\"Patinoires ext\u00e9rieures\",\"description\":\"\",\"potentialAction\":[{\"@type\":\"SearchAction\",\"target\":{\"@type\":\"EntryPoint\",\"urlTemplate\":\"https:\\\/\\\/www.guides-sports-loisirs.ca\\\/patinoires\\\/?s={search_term_string}\"},\"query-input\":{\"@type\":\"PropertyValueSpecification\",\"valueRequired\":true,\"valueName\":\"search_term_string\"}}],\"inLanguage\":\"fr-FR\"}]}<\/script>\n<!-- \/ Yoast SEO plugin. -->","yoast_head_json":{"title":"Chalet (salle d\u2019habillage) - Patinoires ext\u00e9rieures","robots":{"index":"index","follow":"follow","max-snippet":"max-snippet:-1","max-image-preview":"max-image-preview:large","max-video-preview":"max-video-preview:-1"},"canonical":"https:\/\/www.guides-sports-loisirs.ca\/patinoires\/securite-accessibilite\/chalet-salle-habillage\/","og_locale":"fr_FR","og_type":"article","og_title":"Chalet (salle d\u2019habillage) - Patinoires ext\u00e9rieures","og_description":"[vc_row row_height_percent=\u00a0\u00bb0&Prime; override_padding=\u00a0\u00bbyes\u00a0\u00bb h_padding=\u00a0\u00bb2&Prime; top_padding=\u00a0\u00bb3&Prime; bottom_padding=\u00a0\u00bb2&Prime; overlay_alpha=\u00a0\u00bb50&Prime; gutter_size=\u00a0\u00bb3&Prime; shift_y=\u00a0\u00bb0&Prime;][vc_column column_width_use_pixel=\u00a0\u00bbyes\u00a0\u00bb overlay_alpha=\u00a0\u00bb50&Prime; gutter_size=\u00a0\u00bb3&Prime; medium_width=\u00a0\u00bb0&Prime; shift_x=\u00a0\u00bb0&Prime; shift_y=\u00a0\u00bb0&Prime; z_index=\u00a0\u00bb0&Prime; width=\u00a0\u00bb1\/1&Prime; column_width_pixel=\u00a0\u00bb800&Prime;][vc_column_text]Le chalet est [&hellip;]","og_url":"https:\/\/www.guides-sports-loisirs.ca\/patinoires\/securite-accessibilite\/chalet-salle-habillage\/","og_site_name":"Patinoires ext\u00e9rieures","article_modified_time":"2018-07-19T23:26:59+00:00","twitter_card":"summary_large_image","twitter_misc":{"Dur\u00e9e de lecture estim\u00e9e":"2 minutes"},"schema":{"@context":"https:\/\/schema.org","@graph":[{"@type":"WebPage","@id":"https:\/\/www.guides-sports-loisirs.ca\/patinoires\/securite-accessibilite\/chalet-salle-habillage\/","url":"https:\/\/www.guides-sports-loisirs.ca\/patinoires\/securite-accessibilite\/chalet-salle-habillage\/","name":"Chalet (salle d\u2019habillage) - Patinoires ext\u00e9rieures","isPartOf":{"@id":"https:\/\/www.guides-sports-loisirs.ca\/patinoires\/#website"},"datePublished":"2017-05-12T16:22:58+00:00","dateModified":"2018-07-19T23:26:59+00:00","breadcrumb":{"@id":"https:\/\/www.guides-sports-loisirs.ca\/patinoires\/securite-accessibilite\/chalet-salle-habillage\/#breadcrumb"},"inLanguage":"fr-FR","potentialAction":[{"@type":"ReadAction","target":["https:\/\/www.guides-sports-loisirs.ca\/patinoires\/securite-accessibilite\/chalet-salle-habillage\/"]}]},{"@type":"BreadcrumbList","@id":"https:\/\/www.guides-sports-loisirs.ca\/patinoires\/securite-accessibilite\/chalet-salle-habillage\/#breadcrumb","itemListElement":[{"@type":"ListItem","position":1,"name":"Accueil","item":"https:\/\/www.guides-sports-loisirs.ca\/patinoires\/"},{"@type":"ListItem","position":2,"name":"S\u00e9curit\u00e9 et accessibilit\u00e9","item":"https:\/\/www.guides-sports-loisirs.ca\/patinoires\/securite-accessibilite\/"},{"@type":"ListItem","position":3,"name":"Chalet (salle d\u2019habillage)"}]},{"@type":"WebSite","@id":"https:\/\/www.guides-sports-loisirs.ca\/patinoires\/#website","url":"https:\/\/www.guides-sports-loisirs.ca\/patinoires\/","name":"Patinoires ext\u00e9rieures","description":"","potentialAction":[{"@type":"SearchAction","target":{"@type":"EntryPoint","urlTemplate":"https:\/\/www.guides-sports-loisirs.ca\/patinoires\/?s={search_term_string}"},"query-input":{"@type":"PropertyValueSpecification","valueRequired":true,"valueName":"search_term_string"}}],"inLanguage":"fr-FR"}]}},"_links":{"self":[{"href":"https:\/\/www.guides-sports-loisirs.ca\/patinoires\/wp-json\/wp\/v2\/pages\/406","targetHints":{"allow":["GET"]}}],"collection":[{"href":"https:\/\/www.guides-sports-loisirs.ca\/patinoires\/wp-json\/wp\/v2\/pages"}],"about":[{"href":"https:\/\/www.guides-sports-loisirs.ca\/patinoires\/wp-json\/wp\/v2\/types\/page"}],"author":[{"embeddable":true,"href":"https:\/\/www.guides-sports-loisirs.ca\/patinoires\/wp-json\/wp\/v2\/users\/11"}],"replies":[{"embeddable":true,"href":"https:\/\/www.guides-sports-loisirs.ca\/patinoires\/wp-json\/wp\/v2\/comments?post=406"}],"version-history":[{"count":12,"href":"https:\/\/www.guides-sports-loisirs.ca\/patinoires\/wp-json\/wp\/v2\/pages\/406\/revisions"}],"predecessor-version":[{"id":1151,"href":"https:\/\/www.guides-sports-loisirs.ca\/patinoires\/wp-json\/wp\/v2\/pages\/406\/revisions\/1151"}],"up":[{"embeddable":true,"href":"https:\/\/www.guides-sports-loisirs.ca\/patinoires\/wp-json\/wp\/v2\/pages\/271"}],"wp:attachment":[{"href":"https:\/\/www.guides-sports-loisirs.ca\/patinoires\/wp-json\/wp\/v2\/media?parent=406"}],"curies":[{"name":"wp","href":"https:\/\/api.w.org\/{rel}","templated":true}]}}