{"id":331,"date":"2017-05-12T09:58:52","date_gmt":"2017-05-12T13:58:52","guid":{"rendered":"https:\/\/www.guides-sports-loisirs.ca\/patinoires\/?page_id=331"},"modified":"2018-06-04T13:07:02","modified_gmt":"2018-06-04T17:07:02","slug":"localisation","status":"publish","type":"page","link":"https:\/\/www.guides-sports-loisirs.ca\/patinoires\/parametres-conception-amenagement\/localisation\/","title":{"rendered":"Localisation"},"content":{"rendered":"<div class=\"wpb-content-wrapper\"><p>[vc_row row_height_percent=\u00a0\u00bb0&Prime; override_padding=\u00a0\u00bbyes\u00a0\u00bb h_padding=\u00a0\u00bb2&Prime; top_padding=\u00a0\u00bb2&Prime; bottom_padding=\u00a0\u00bb2&Prime; overlay_alpha=\u00a0\u00bb50&Prime; gutter_size=\u00a0\u00bb3&Prime; shift_y=\u00a0\u00bb0&Prime;][vc_column column_width_use_pixel=\u00a0\u00bbyes\u00a0\u00bb overlay_alpha=\u00a0\u00bb50&Prime; gutter_size=\u00a0\u00bb2&Prime; medium_width=\u00a0\u00bb0&Prime; shift_x=\u00a0\u00bb0&Prime; shift_y=\u00a0\u00bb0&Prime; z_index=\u00a0\u00bb0&Prime; width=\u00a0\u00bb1\/1&Prime; column_width_pixel=\u00a0\u00bb800&Prime;][vc_column_text]L\u2019endroit o\u00f9 est ou sera install\u00e9e la patinoire est probablement le param\u00e8tre le plus influent sur son caract\u00e8re identitaire. Il est peut-\u00eatre loin le temps o\u00f9 chaque paroisse du Qu\u00e9bec arborait fi\u00e8rement sa patinoire, mais aujourd\u2019hui encore, une multitude de parcs sont source de fiert\u00e9 dans la communaut\u00e9 et contribuent \u00e0 son identit\u00e9. C\u2019est pourquoi les patinoires publiques sont souvent associ\u00e9es aux parcs, mais l\u2019\u00e9quation parc-patinoire ne va pas forc\u00e9ment de soi. Certains crit\u00e8res de localisation doivent \u00eatre pris en compte pour assurer le succ\u00e8s populaire d\u2019une patinoire.[\/vc_column_text][\/vc_column][\/vc_row][vc_row row_height_percent=\u00a0\u00bb0&Prime; override_padding=\u00a0\u00bbyes\u00a0\u00bb h_padding=\u00a0\u00bb2&Prime; top_padding=\u00a0\u00bb2&Prime; bottom_padding=\u00a0\u00bb2&Prime; overlay_alpha=\u00a0\u00bb50&Prime; gutter_size=\u00a0\u00bb3&Prime; shift_y=\u00a0\u00bb0&Prime;][vc_column column_width_use_pixel=\u00a0\u00bbyes\u00a0\u00bb overlay_alpha=\u00a0\u00bb50&Prime; gutter_size=\u00a0\u00bb2&Prime; medium_width=\u00a0\u00bb0&Prime; shift_x=\u00a0\u00bb0&Prime; shift_y=\u00a0\u00bb0&Prime; z_index=\u00a0\u00bb0&Prime; width=\u00a0\u00bb1\/1&Prime; column_width_pixel=\u00a0\u00bb800&Prime;][vc_accordion el_class=\u00a0\u00bbaccordeon\u00a0\u00bb][vc_accordion_tab title=\u00a0\u00bbProximit\u00e9\u00a0\u00bb][vc_column_text]<\/p>\n<ul>\n<li>des gens&#8230; R\u00e9pondant \u00e0 la fois \u00e0 des besoins de mobilit\u00e9 durable et d\u2019accessibilit\u00e9 aux activit\u00e9s physiques, la patinoire doit \u00eatre accessible \u00e0 quelques jets de balles de neige. Cette proximit\u00e9 est primordiale en raison du d\u00e9veloppement urbain ax\u00e9 sur la densit\u00e9 de population. Les patinoires ext\u00e9rieures de quartier sont les compl\u00e9ments n\u00e9cessaires au r\u00e9seau des ar\u00e9nas municipaux o\u00f9 les plages horaires permettent difficilement les exercices de pratique individuelle des techniques de hockey.<\/li>\n<li>des services d\u2019utilit\u00e9 publique&#8230; \u00c9lectricit\u00e9, eau courante, \u00e9gouts, transport en commun et chauffage doivent \u00eatre ais\u00e9ment disponibles. Non seulement ces services desservent avantageusement les usagers, ils diminuent aussi les risques de blessures chez les pr\u00e9pos\u00e9s \u00e0 l\u2019entretien. Et tout projet mettant \u00e0 profit la proximit\u00e9 des services d\u2019utilit\u00e9 publique pourra \u00eatre r\u00e9alis\u00e9 \u00e0 des co\u00fbts substantiellement r\u00e9duits.<\/li>\n<\/ul>\n<p>[\/vc_column_text][\/vc_accordion_tab][vc_accordion_tab title=\u00a0\u00bbOrientation\u00a0\u00bb][vc_column_text]<\/p>\n<ul>\n<li><strong>Par rapport au soleil<\/strong>\u00a0: \u00c9viter l\u2019orientation nord-sud d\u2019une patinoire de hockey dans l\u2019axe longitudinal, car le rayonnement du soleil risque d\u2019affecter n\u00e9gativement la zone des buts y faisant face, qui n\u2019est pas prot\u00e9g\u00e9e par la bande cr\u00e9ant ombrage.<\/li>\n<li><strong>Par rapport aux voies de circulation<\/strong>\u00a0: Que ces voies soient pi\u00e9tonnes ou ouvertes aux v\u00e9hicules, l\u2019axe longitudinal d\u2019une patinoire de hockey doit leur \u00eatre parall\u00e8le.<\/li>\n<li><strong>Par rapport au chalet<\/strong>\u00a0: Ici l\u2019orientation se conjugue \u00e0 la proximit\u00e9. L\u2019aire qui entoure le chalet est souvent celle o\u00f9 la densit\u00e9 des usagers est la plus forte. Il est pr\u00e9f\u00e9rable d\u2019y appliquer les m\u00eames r\u00e8gles que pour les voies de circulation tout en augmentant autant que possible la distance entre la patinoire et le chalet. Devant l\u2019impossibilit\u00e9 de souscrire \u00e0 l\u2019une ou l\u2019autre de ces conditions, l\u2019installation d\u2019un syst\u00e8me protecteur (test\u00e9 en situation r\u00e9elle de dangerosit\u00e9) est indispensable.<\/li>\n<li>Pour les <strong>patinoires r\u00e9serv\u00e9es au patinage libre<\/strong>, le principal crit\u00e8re de localisation est l\u2019implantation en parall\u00e8le avec l\u2019axe longitudinal de la patinoire de hockey.<\/li>\n<li><strong>Par rapport au voisinage<\/strong>\u00a0: Il est important d\u2019\u00e9loigner la patinoire des r\u00e9sidences environnantes dans le but d\u2019assurer la qui\u00e9tude des citoyens. Il est sage et courtois d\u2019installer un syst\u00e8me d\u2019\u00e9clairage principal \u00e9quip\u00e9 d\u2019une minuterie et orient\u00e9 vers les aires de pratique, \u00e0 l\u2019oppos\u00e9 des r\u00e9sidences. Les p\u00e9riodes d\u2019utilisation doivent \u00e9galement tenir compte du voisinage.<\/li>\n<\/ul>\n<p>[\/vc_column_text][\/vc_accordion_tab][vc_accordion_tab title=\u00a0\u00bbTopographie\u00a0\u00bb][vc_column_text]<\/p>\n<ul>\n<li>Id\u00e9alement, la surface d\u2019une patinoire ext\u00e9rieure sera sur\u00e9lev\u00e9e par rapport aux \u00e9l\u00e9ments qui composent son environnement. De ce fait, la pire menace (pluie abondante) se trouve amenuis\u00e9e. L\u2019accumulation d\u2019eau se limitera \u00e0 la pluie tomb\u00e9e directement \u00e0 l\u2019int\u00e9rieur du p\u00e9rim\u00e8tre de la patinoire. La plan\u00e9it\u00e9 de la surface limitera d\u2019autant plus la quantit\u00e9 d\u2019eau que des points de drainage auront \u00e9t\u00e9 pr\u00e9vus. De plus, il est facile de d\u00e9poser la neige dans un espace situ\u00e9 \u00e0 proximit\u00e9 sans risque d\u2019ensevelissement.<\/li>\n<li>On peut aussi penser qu\u2019une patinoire am\u00e9nag\u00e9e \u00e0 m\u00eame le sol d\u2019une grande surface plane profitera des m\u00eames conditions, car le sc\u00e9nario est similaire. Toutefois, la capacit\u00e9 de drainage du milieu environnant risque de perturber ce bel \u00e9quilibre. C\u2019est une difficult\u00e9 insurmontable quand la patinoire se situe \u00e0 l\u2019int\u00e9rieur d\u2019un bassin versant ou au bas d\u2019une pente[1]. Toute p\u00e9riode de redoux accompagn\u00e9e de pr\u00e9cipitations liquides laissera des traces souvent ind\u00e9l\u00e9biles lors d\u2019un regel en l\u2019absence de drainage ad\u00e9quat.<\/li>\n<li>Un relev\u00e9 topographique, si sommaire soit-il (par exemple, des cordes tendues d\u2019un bout \u00e0 l\u2019autre de la surface,) donne imm\u00e9diatement une image relativement pr\u00e9cise des d\u00e9nivellations \u00e9ventuelles ainsi que des points hauts et bas ponctuels sur lesquels on peut intervenir hors-saison. De telles donn\u00e9es permettent de planifier les travaux plus efficacement.<\/li>\n<\/ul>\n<hr \/>\n<p><em>[1] Exception qui confirme la r\u00e8gle, les patinoires am\u00e9nag\u00e9es sur les plans d\u2019eau devenus enneig\u00e9s et dont l\u2019\u00e9paisseur du couvert de glace est insuffisante pour pouvoir utiliser les appareils de d\u00e9neigement ad\u00e9quats. Ces patinoires tirent parfois profit de ces \u00e9pisodes m\u00e9t\u00e9o, car la pluie fait fondre la neige et renouvelle du m\u00eame coup la surface de patinage.<\/em>[\/vc_column_text][\/vc_accordion_tab][\/vc_accordion][vc_button button_color=\u00a0\u00bbaccent\u00a0\u00bb size=\u00a0\u00bbbtn-lg\u00a0\u00bb radius=\u00a0\u00bbbtn-circle\u00a0\u00bb icon_position=\u00a0\u00bbright\u00a0\u00bb link=\u00a0\u00bburl:http%3A%2F%2Fwww.guides-sports-loisirs.ca%2Fpatinoires%2Fwp-content%2Fuploads%2Fsites%2F3%2F2017%2F03%2FGIS_ConceptionAmenagement_Localisation.pdf||target:%20_blank|\u00a0\u00bb icon=\u00a0\u00bbfa fa-file-o\u00a0\u00bb]Version PDF[\/vc_button][vc_column column_width_use_pixel=\u00a0\u00bbyes\u00a0\u00bb overlay_alpha=\u00a0\u00bb50&Prime; gutter_size=\u00a0\u00bb2&Prime; medium_width=\u00a0\u00bb0&Prime; shift_x=\u00a0\u00bb0&Prime; shift_y=\u00a0\u00bb0&Prime; z_index=\u00a0\u00bb0&Prime; width=\u00a0\u00bb1\/1&Prime; column_width_pixel=\u00a0\u00bb800&Prime;][\/vc_column][\/vc_column][\/vc_row]<\/p>\n<\/div>","protected":false},"excerpt":{"rendered":"<p>[vc_row row_height_percent=\u00a0\u00bb0&Prime; override_padding=\u00a0\u00bbyes\u00a0\u00bb h_padding=\u00a0\u00bb2&Prime; top_padding=\u00a0\u00bb2&Prime; bottom_padding=\u00a0\u00bb2&Prime; overlay_alpha=\u00a0\u00bb50&Prime; gutter_size=\u00a0\u00bb3&Prime; shift_y=\u00a0\u00bb0&Prime;][vc_column column_width_use_pixel=\u00a0\u00bbyes\u00a0\u00bb overlay_alpha=\u00a0\u00bb50&Prime; gutter_size=\u00a0\u00bb2&Prime; medium_width=\u00a0\u00bb0&Prime; shift_x=\u00a0\u00bb0&Prime; shift_y=\u00a0\u00bb0&Prime; z_index=\u00a0\u00bb0&Prime; width=\u00a0\u00bb1\/1&Prime; column_width_pixel=\u00a0\u00bb800&Prime;][vc_column_text]L\u2019endroit o\u00f9 est [&hellip;]<\/p>\n","protected":false},"author":11,"featured_media":0,"parent":60,"menu_order":0,"comment_status":"closed","ping_status":"closed","template":"","meta":{"_acf_changed":false,"footnotes":""},"class_list":["post-331","page","type-page","status-publish","hentry"],"acf":[],"yoast_head":"<!-- This site is optimized with the Yoast SEO plugin v27.4 - https:\/\/yoast.com\/product\/yoast-seo-wordpress\/ -->\n<title>Localisation - Patinoires ext\u00e9rieures<\/title>\n<meta name=\"robots\" content=\"index, follow, max-snippet:-1, max-image-preview:large, max-video-preview:-1\" \/>\n<link rel=\"canonical\" href=\"https:\/\/www.guides-sports-loisirs.ca\/patinoires\/parametres-conception-amenagement\/localisation\/\" \/>\n<meta property=\"og:locale\" content=\"fr_FR\" \/>\n<meta property=\"og:type\" content=\"article\" \/>\n<meta property=\"og:title\" content=\"Localisation - Patinoires ext\u00e9rieures\" \/>\n<meta property=\"og:description\" content=\"[vc_row row_height_percent=\u00a0\u00bb0&Prime; override_padding=\u00a0\u00bbyes\u00a0\u00bb h_padding=\u00a0\u00bb2&Prime; top_padding=\u00a0\u00bb2&Prime; bottom_padding=\u00a0\u00bb2&Prime; overlay_alpha=\u00a0\u00bb50&Prime; gutter_size=\u00a0\u00bb3&Prime; shift_y=\u00a0\u00bb0&Prime;][vc_column column_width_use_pixel=\u00a0\u00bbyes\u00a0\u00bb overlay_alpha=\u00a0\u00bb50&Prime; gutter_size=\u00a0\u00bb2&Prime; medium_width=\u00a0\u00bb0&Prime; shift_x=\u00a0\u00bb0&Prime; shift_y=\u00a0\u00bb0&Prime; z_index=\u00a0\u00bb0&Prime; width=\u00a0\u00bb1\/1&Prime; column_width_pixel=\u00a0\u00bb800&Prime;][vc_column_text]L\u2019endroit o\u00f9 est [&hellip;]\" \/>\n<meta property=\"og:url\" content=\"https:\/\/www.guides-sports-loisirs.ca\/patinoires\/parametres-conception-amenagement\/localisation\/\" \/>\n<meta property=\"og:site_name\" content=\"Patinoires ext\u00e9rieures\" \/>\n<meta property=\"article:modified_time\" content=\"2018-06-04T17:07:02+00:00\" \/>\n<meta name=\"twitter:card\" content=\"summary_large_image\" \/>\n<meta name=\"twitter:label1\" content=\"Dur\u00e9e de lecture estim\u00e9e\" \/>\n\t<meta name=\"twitter:data1\" content=\"5 minutes\" \/>\n<script type=\"application\/ld+json\" class=\"yoast-schema-graph\">{\"@context\":\"https:\\\/\\\/schema.org\",\"@graph\":[{\"@type\":\"WebPage\",\"@id\":\"https:\\\/\\\/www.guides-sports-loisirs.ca\\\/patinoires\\\/parametres-conception-amenagement\\\/localisation\\\/\",\"url\":\"https:\\\/\\\/www.guides-sports-loisirs.ca\\\/patinoires\\\/parametres-conception-amenagement\\\/localisation\\\/\",\"name\":\"Localisation - Patinoires ext\u00e9rieures\",\"isPartOf\":{\"@id\":\"https:\\\/\\\/www.guides-sports-loisirs.ca\\\/patinoires\\\/#website\"},\"datePublished\":\"2017-05-12T13:58:52+00:00\",\"dateModified\":\"2018-06-04T17:07:02+00:00\",\"breadcrumb\":{\"@id\":\"https:\\\/\\\/www.guides-sports-loisirs.ca\\\/patinoires\\\/parametres-conception-amenagement\\\/localisation\\\/#breadcrumb\"},\"inLanguage\":\"fr-FR\",\"potentialAction\":[{\"@type\":\"ReadAction\",\"target\":[\"https:\\\/\\\/www.guides-sports-loisirs.ca\\\/patinoires\\\/parametres-conception-amenagement\\\/localisation\\\/\"]}]},{\"@type\":\"BreadcrumbList\",\"@id\":\"https:\\\/\\\/www.guides-sports-loisirs.ca\\\/patinoires\\\/parametres-conception-amenagement\\\/localisation\\\/#breadcrumb\",\"itemListElement\":[{\"@type\":\"ListItem\",\"position\":1,\"name\":\"Accueil\",\"item\":\"https:\\\/\\\/www.guides-sports-loisirs.ca\\\/patinoires\\\/\"},{\"@type\":\"ListItem\",\"position\":2,\"name\":\"Param\u00e8tres de conception et d\u2019am\u00e9nagement\",\"item\":\"https:\\\/\\\/www.guides-sports-loisirs.ca\\\/patinoires\\\/parametres-conception-amenagement\\\/\"},{\"@type\":\"ListItem\",\"position\":3,\"name\":\"Localisation\"}]},{\"@type\":\"WebSite\",\"@id\":\"https:\\\/\\\/www.guides-sports-loisirs.ca\\\/patinoires\\\/#website\",\"url\":\"https:\\\/\\\/www.guides-sports-loisirs.ca\\\/patinoires\\\/\",\"name\":\"Patinoires ext\u00e9rieures\",\"description\":\"\",\"potentialAction\":[{\"@type\":\"SearchAction\",\"target\":{\"@type\":\"EntryPoint\",\"urlTemplate\":\"https:\\\/\\\/www.guides-sports-loisirs.ca\\\/patinoires\\\/?s={search_term_string}\"},\"query-input\":{\"@type\":\"PropertyValueSpecification\",\"valueRequired\":true,\"valueName\":\"search_term_string\"}}],\"inLanguage\":\"fr-FR\"}]}<\/script>\n<!-- \/ Yoast SEO plugin. -->","yoast_head_json":{"title":"Localisation - Patinoires ext\u00e9rieures","robots":{"index":"index","follow":"follow","max-snippet":"max-snippet:-1","max-image-preview":"max-image-preview:large","max-video-preview":"max-video-preview:-1"},"canonical":"https:\/\/www.guides-sports-loisirs.ca\/patinoires\/parametres-conception-amenagement\/localisation\/","og_locale":"fr_FR","og_type":"article","og_title":"Localisation - Patinoires ext\u00e9rieures","og_description":"[vc_row row_height_percent=\u00a0\u00bb0&Prime; override_padding=\u00a0\u00bbyes\u00a0\u00bb h_padding=\u00a0\u00bb2&Prime; top_padding=\u00a0\u00bb2&Prime; bottom_padding=\u00a0\u00bb2&Prime; overlay_alpha=\u00a0\u00bb50&Prime; gutter_size=\u00a0\u00bb3&Prime; shift_y=\u00a0\u00bb0&Prime;][vc_column column_width_use_pixel=\u00a0\u00bbyes\u00a0\u00bb overlay_alpha=\u00a0\u00bb50&Prime; gutter_size=\u00a0\u00bb2&Prime; medium_width=\u00a0\u00bb0&Prime; shift_x=\u00a0\u00bb0&Prime; shift_y=\u00a0\u00bb0&Prime; z_index=\u00a0\u00bb0&Prime; width=\u00a0\u00bb1\/1&Prime; column_width_pixel=\u00a0\u00bb800&Prime;][vc_column_text]L\u2019endroit o\u00f9 est [&hellip;]","og_url":"https:\/\/www.guides-sports-loisirs.ca\/patinoires\/parametres-conception-amenagement\/localisation\/","og_site_name":"Patinoires ext\u00e9rieures","article_modified_time":"2018-06-04T17:07:02+00:00","twitter_card":"summary_large_image","twitter_misc":{"Dur\u00e9e de lecture estim\u00e9e":"5 minutes"},"schema":{"@context":"https:\/\/schema.org","@graph":[{"@type":"WebPage","@id":"https:\/\/www.guides-sports-loisirs.ca\/patinoires\/parametres-conception-amenagement\/localisation\/","url":"https:\/\/www.guides-sports-loisirs.ca\/patinoires\/parametres-conception-amenagement\/localisation\/","name":"Localisation - Patinoires ext\u00e9rieures","isPartOf":{"@id":"https:\/\/www.guides-sports-loisirs.ca\/patinoires\/#website"},"datePublished":"2017-05-12T13:58:52+00:00","dateModified":"2018-06-04T17:07:02+00:00","breadcrumb":{"@id":"https:\/\/www.guides-sports-loisirs.ca\/patinoires\/parametres-conception-amenagement\/localisation\/#breadcrumb"},"inLanguage":"fr-FR","potentialAction":[{"@type":"ReadAction","target":["https:\/\/www.guides-sports-loisirs.ca\/patinoires\/parametres-conception-amenagement\/localisation\/"]}]},{"@type":"BreadcrumbList","@id":"https:\/\/www.guides-sports-loisirs.ca\/patinoires\/parametres-conception-amenagement\/localisation\/#breadcrumb","itemListElement":[{"@type":"ListItem","position":1,"name":"Accueil","item":"https:\/\/www.guides-sports-loisirs.ca\/patinoires\/"},{"@type":"ListItem","position":2,"name":"Param\u00e8tres de conception et d\u2019am\u00e9nagement","item":"https:\/\/www.guides-sports-loisirs.ca\/patinoires\/parametres-conception-amenagement\/"},{"@type":"ListItem","position":3,"name":"Localisation"}]},{"@type":"WebSite","@id":"https:\/\/www.guides-sports-loisirs.ca\/patinoires\/#website","url":"https:\/\/www.guides-sports-loisirs.ca\/patinoires\/","name":"Patinoires ext\u00e9rieures","description":"","potentialAction":[{"@type":"SearchAction","target":{"@type":"EntryPoint","urlTemplate":"https:\/\/www.guides-sports-loisirs.ca\/patinoires\/?s={search_term_string}"},"query-input":{"@type":"PropertyValueSpecification","valueRequired":true,"valueName":"search_term_string"}}],"inLanguage":"fr-FR"}]}},"_links":{"self":[{"href":"https:\/\/www.guides-sports-loisirs.ca\/patinoires\/wp-json\/wp\/v2\/pages\/331","targetHints":{"allow":["GET"]}}],"collection":[{"href":"https:\/\/www.guides-sports-loisirs.ca\/patinoires\/wp-json\/wp\/v2\/pages"}],"about":[{"href":"https:\/\/www.guides-sports-loisirs.ca\/patinoires\/wp-json\/wp\/v2\/types\/page"}],"author":[{"embeddable":true,"href":"https:\/\/www.guides-sports-loisirs.ca\/patinoires\/wp-json\/wp\/v2\/users\/11"}],"replies":[{"embeddable":true,"href":"https:\/\/www.guides-sports-loisirs.ca\/patinoires\/wp-json\/wp\/v2\/comments?post=331"}],"version-history":[{"count":21,"href":"https:\/\/www.guides-sports-loisirs.ca\/patinoires\/wp-json\/wp\/v2\/pages\/331\/revisions"}],"predecessor-version":[{"id":1108,"href":"https:\/\/www.guides-sports-loisirs.ca\/patinoires\/wp-json\/wp\/v2\/pages\/331\/revisions\/1108"}],"up":[{"embeddable":true,"href":"https:\/\/www.guides-sports-loisirs.ca\/patinoires\/wp-json\/wp\/v2\/pages\/60"}],"wp:attachment":[{"href":"https:\/\/www.guides-sports-loisirs.ca\/patinoires\/wp-json\/wp\/v2\/media?parent=331"}],"curies":[{"name":"wp","href":"https:\/\/api.w.org\/{rel}","templated":true}]}}