{"id":273,"date":"2017-05-08T16:16:03","date_gmt":"2017-05-08T20:16:03","guid":{"rendered":"https:\/\/www.guides-sports-loisirs.ca\/patinoires\/?page_id=273"},"modified":"2018-07-19T19:26:05","modified_gmt":"2018-07-19T23:26:05","slug":"acces-site-et-patinoire","status":"publish","type":"page","link":"https:\/\/www.guides-sports-loisirs.ca\/patinoires\/securite-accessibilite\/acces-site-et-patinoire\/","title":{"rendered":"Acc\u00e8s au site et \u00e0 la patinoire"},"content":{"rendered":"<div class=\"wpb-content-wrapper\"><p>[vc_row row_height_percent=\u00a0\u00bb0&Prime; override_padding=\u00a0\u00bbyes\u00a0\u00bb h_padding=\u00a0\u00bb2&Prime; top_padding=\u00a0\u00bb3&Prime; bottom_padding=\u00a0\u00bb2&Prime; overlay_alpha=\u00a0\u00bb50&Prime; gutter_size=\u00a0\u00bb3&Prime; shift_y=\u00a0\u00bb0&Prime;][vc_column column_width_use_pixel=\u00a0\u00bbyes\u00a0\u00bb overlay_alpha=\u00a0\u00bb50&Prime; gutter_size=\u00a0\u00bb3&Prime; medium_width=\u00a0\u00bb0&Prime; shift_x=\u00a0\u00bb0&Prime; shift_y=\u00a0\u00bb0&Prime; z_index=\u00a0\u00bb0&Prime; width=\u00a0\u00bb1\/1&Prime; column_width_pixel=\u00a0\u00bb800&Prime;][vc_column_text]Les voies d\u2019acc\u00e8s permettent aux utilisateurs, aux v\u00e9hicules d\u2019urgence et aux appareils d\u2019entretien d\u2019atteindre les installations.<\/p>\n<ul>\n<li>Elles devraient \u00eatre assez larges et inclure une zone tampon afin d\u2019assurer un \u00e9cart s\u00e9curitaire entre les usagers et les v\u00e9hicules d\u2019intervention.<\/li>\n<li>Les voies d\u2019acc\u00e8s menant \u00e0 la patinoire devraient:\n<ul>\n<li>\u00eatre recouvertes de tapis caoutchout\u00e9 bien stabilis\u00e9;<\/li>\n<li>\u00eatre d\u00e9glac\u00e9es et exemptes de tout d\u00e9bris, neige ou rognure de patin;<\/li>\n<li>\u00eatre munies d\u2019un escalier en cas de d\u00e9nivellation importante (&gt;45\u00a0cm) afin d\u2019assurer le passage s\u00e9curitaire des usagers; des mains courantes seront install\u00e9es \u00e0 tout escalier et au besoin, \u00e0 toute zone de transition posant difficult\u00e9 aux patineurs novices;<\/li>\n<li>se trouver sur les c\u00f4t\u00e9s plut\u00f4t qu\u2019aux extr\u00e9mit\u00e9s de la patinoire pour emp\u00eacher que les rondelles tir\u00e9es vers un but n\u2019atteignent les usagers.<\/li>\n<\/ul>\n<\/li>\n<li>Un plan d\u00e9taill\u00e9 des installations devrait \u00eatre distribu\u00e9 aux diff\u00e9rents intervenants.<\/li>\n<li>Un plan d\u2019urgence et d\u2019\u00e9vacuation des lieux devrait \u00eatre \u00e9labor\u00e9 en collaboration avec diff\u00e9rents intervenants\u00a0: pompiers, ambulanciers, surveillants, pr\u00e9pos\u00e9s \u00e0 l\u2019entretien et superviseurs.<\/li>\n<li>Des panneaux indiquant les conditions quotidiennes des installations et pr\u00e9sentant la r\u00e9glementation du site devraient \u00eatre install\u00e9s aux points d\u2019entr\u00e9e des usagers de mani\u00e8re \u00e0 les aviser le plus rapidement possible de conditions particuli\u00e8res;<\/li>\n<li>les sentiers et patinoires de patinage libre devraient \u00eatre \u00e0 distance raisonnable des patinoires de hockey.<\/li>\n<\/ul>\n<p><strong>Accessibilit\u00e9 universelle<\/strong>[1]<\/p>\n<p>Les voies d\u2019acc\u00e8s devraient permettre aux personnes avec des limitations fonctionnelles d\u2019acc\u00e9der \u00e0 toutes les installations.<\/p>\n<hr \/>\n<p><em>[1] Les recommandations sur l\u2019accessibilit\u00e9 universelle ici et ailleurs dans ce guide proviennent de <a href=\"http:\/\/altergo.ca\/\" target=\"_blank\" rel=\"noopener noreferrer\">AlterGo<\/a>.<\/em>[\/vc_column_text][vc_button button_color=\u00a0\u00bbaccent\u00a0\u00bb size=\u00a0\u00bbbtn-lg\u00a0\u00bb radius=\u00a0\u00bbbtn-circle\u00a0\u00bb icon_position=\u00a0\u00bbright\u00a0\u00bb link=\u00a0\u00bburl:https%3A%2F%2Fwww.guides-sports-loisirs.ca%2Fpatinoires%2Fwp-content%2Fuploads%2Fsites%2F3%2F2017%2F03%2FGIS_SecuriteAccessibilite_AccesSite.pdf||target:%20_blank|\u00a0\u00bb icon=\u00a0\u00bbfa fa-file-o\u00a0\u00bb]Version PDF[\/vc_button][\/vc_column][\/vc_row]<\/p>\n<\/div>","protected":false},"excerpt":{"rendered":"<p>[vc_row row_height_percent=\u00a0\u00bb0&Prime; override_padding=\u00a0\u00bbyes\u00a0\u00bb h_padding=\u00a0\u00bb2&Prime; top_padding=\u00a0\u00bb3&Prime; bottom_padding=\u00a0\u00bb2&Prime; overlay_alpha=\u00a0\u00bb50&Prime; gutter_size=\u00a0\u00bb3&Prime; shift_y=\u00a0\u00bb0&Prime;][vc_column column_width_use_pixel=\u00a0\u00bbyes\u00a0\u00bb overlay_alpha=\u00a0\u00bb50&Prime; gutter_size=\u00a0\u00bb3&Prime; medium_width=\u00a0\u00bb0&Prime; shift_x=\u00a0\u00bb0&Prime; shift_y=\u00a0\u00bb0&Prime; z_index=\u00a0\u00bb0&Prime; width=\u00a0\u00bb1\/1&Prime; column_width_pixel=\u00a0\u00bb800&Prime;][vc_column_text]Les voies d\u2019acc\u00e8s [&hellip;]<\/p>\n","protected":false},"author":11,"featured_media":0,"parent":271,"menu_order":0,"comment_status":"closed","ping_status":"closed","template":"","meta":{"_acf_changed":false,"footnotes":""},"class_list":["post-273","page","type-page","status-publish","hentry"],"acf":[],"yoast_head":"<!-- This site is optimized with the Yoast SEO plugin v27.4 - https:\/\/yoast.com\/product\/yoast-seo-wordpress\/ -->\n<title>Acc\u00e8s au site et \u00e0 la patinoire - Patinoires ext\u00e9rieures<\/title>\n<meta name=\"robots\" content=\"index, follow, max-snippet:-1, max-image-preview:large, max-video-preview:-1\" \/>\n<link rel=\"canonical\" href=\"https:\/\/www.guides-sports-loisirs.ca\/patinoires\/securite-accessibilite\/acces-site-et-patinoire\/\" \/>\n<meta property=\"og:locale\" content=\"fr_FR\" \/>\n<meta property=\"og:type\" content=\"article\" \/>\n<meta property=\"og:title\" content=\"Acc\u00e8s au site et \u00e0 la patinoire - Patinoires ext\u00e9rieures\" \/>\n<meta property=\"og:description\" content=\"[vc_row row_height_percent=\u00a0\u00bb0&Prime; override_padding=\u00a0\u00bbyes\u00a0\u00bb h_padding=\u00a0\u00bb2&Prime; top_padding=\u00a0\u00bb3&Prime; bottom_padding=\u00a0\u00bb2&Prime; overlay_alpha=\u00a0\u00bb50&Prime; gutter_size=\u00a0\u00bb3&Prime; shift_y=\u00a0\u00bb0&Prime;][vc_column column_width_use_pixel=\u00a0\u00bbyes\u00a0\u00bb overlay_alpha=\u00a0\u00bb50&Prime; gutter_size=\u00a0\u00bb3&Prime; medium_width=\u00a0\u00bb0&Prime; shift_x=\u00a0\u00bb0&Prime; shift_y=\u00a0\u00bb0&Prime; z_index=\u00a0\u00bb0&Prime; width=\u00a0\u00bb1\/1&Prime; column_width_pixel=\u00a0\u00bb800&Prime;][vc_column_text]Les voies d\u2019acc\u00e8s [&hellip;]\" \/>\n<meta property=\"og:url\" content=\"https:\/\/www.guides-sports-loisirs.ca\/patinoires\/securite-accessibilite\/acces-site-et-patinoire\/\" \/>\n<meta property=\"og:site_name\" content=\"Patinoires ext\u00e9rieures\" \/>\n<meta property=\"article:modified_time\" content=\"2018-07-19T23:26:05+00:00\" \/>\n<meta name=\"twitter:card\" content=\"summary_large_image\" \/>\n<meta name=\"twitter:label1\" content=\"Dur\u00e9e de lecture estim\u00e9e\" \/>\n\t<meta name=\"twitter:data1\" content=\"2 minutes\" \/>\n<script type=\"application\/ld+json\" class=\"yoast-schema-graph\">{\"@context\":\"https:\\\/\\\/schema.org\",\"@graph\":[{\"@type\":\"WebPage\",\"@id\":\"https:\\\/\\\/www.guides-sports-loisirs.ca\\\/patinoires\\\/securite-accessibilite\\\/acces-site-et-patinoire\\\/\",\"url\":\"https:\\\/\\\/www.guides-sports-loisirs.ca\\\/patinoires\\\/securite-accessibilite\\\/acces-site-et-patinoire\\\/\",\"name\":\"Acc\u00e8s au site et \u00e0 la patinoire - Patinoires ext\u00e9rieures\",\"isPartOf\":{\"@id\":\"https:\\\/\\\/www.guides-sports-loisirs.ca\\\/patinoires\\\/#website\"},\"datePublished\":\"2017-05-08T20:16:03+00:00\",\"dateModified\":\"2018-07-19T23:26:05+00:00\",\"breadcrumb\":{\"@id\":\"https:\\\/\\\/www.guides-sports-loisirs.ca\\\/patinoires\\\/securite-accessibilite\\\/acces-site-et-patinoire\\\/#breadcrumb\"},\"inLanguage\":\"fr-FR\",\"potentialAction\":[{\"@type\":\"ReadAction\",\"target\":[\"https:\\\/\\\/www.guides-sports-loisirs.ca\\\/patinoires\\\/securite-accessibilite\\\/acces-site-et-patinoire\\\/\"]}]},{\"@type\":\"BreadcrumbList\",\"@id\":\"https:\\\/\\\/www.guides-sports-loisirs.ca\\\/patinoires\\\/securite-accessibilite\\\/acces-site-et-patinoire\\\/#breadcrumb\",\"itemListElement\":[{\"@type\":\"ListItem\",\"position\":1,\"name\":\"Accueil\",\"item\":\"https:\\\/\\\/www.guides-sports-loisirs.ca\\\/patinoires\\\/\"},{\"@type\":\"ListItem\",\"position\":2,\"name\":\"S\u00e9curit\u00e9 et accessibilit\u00e9\",\"item\":\"https:\\\/\\\/www.guides-sports-loisirs.ca\\\/patinoires\\\/securite-accessibilite\\\/\"},{\"@type\":\"ListItem\",\"position\":3,\"name\":\"Acc\u00e8s au site et \u00e0 la patinoire\"}]},{\"@type\":\"WebSite\",\"@id\":\"https:\\\/\\\/www.guides-sports-loisirs.ca\\\/patinoires\\\/#website\",\"url\":\"https:\\\/\\\/www.guides-sports-loisirs.ca\\\/patinoires\\\/\",\"name\":\"Patinoires ext\u00e9rieures\",\"description\":\"\",\"potentialAction\":[{\"@type\":\"SearchAction\",\"target\":{\"@type\":\"EntryPoint\",\"urlTemplate\":\"https:\\\/\\\/www.guides-sports-loisirs.ca\\\/patinoires\\\/?s={search_term_string}\"},\"query-input\":{\"@type\":\"PropertyValueSpecification\",\"valueRequired\":true,\"valueName\":\"search_term_string\"}}],\"inLanguage\":\"fr-FR\"}]}<\/script>\n<!-- \/ Yoast SEO plugin. -->","yoast_head_json":{"title":"Acc\u00e8s au site et \u00e0 la patinoire - Patinoires ext\u00e9rieures","robots":{"index":"index","follow":"follow","max-snippet":"max-snippet:-1","max-image-preview":"max-image-preview:large","max-video-preview":"max-video-preview:-1"},"canonical":"https:\/\/www.guides-sports-loisirs.ca\/patinoires\/securite-accessibilite\/acces-site-et-patinoire\/","og_locale":"fr_FR","og_type":"article","og_title":"Acc\u00e8s au site et \u00e0 la patinoire - Patinoires ext\u00e9rieures","og_description":"[vc_row row_height_percent=\u00a0\u00bb0&Prime; override_padding=\u00a0\u00bbyes\u00a0\u00bb h_padding=\u00a0\u00bb2&Prime; top_padding=\u00a0\u00bb3&Prime; bottom_padding=\u00a0\u00bb2&Prime; overlay_alpha=\u00a0\u00bb50&Prime; gutter_size=\u00a0\u00bb3&Prime; shift_y=\u00a0\u00bb0&Prime;][vc_column column_width_use_pixel=\u00a0\u00bbyes\u00a0\u00bb overlay_alpha=\u00a0\u00bb50&Prime; gutter_size=\u00a0\u00bb3&Prime; medium_width=\u00a0\u00bb0&Prime; shift_x=\u00a0\u00bb0&Prime; shift_y=\u00a0\u00bb0&Prime; z_index=\u00a0\u00bb0&Prime; width=\u00a0\u00bb1\/1&Prime; column_width_pixel=\u00a0\u00bb800&Prime;][vc_column_text]Les voies d\u2019acc\u00e8s [&hellip;]","og_url":"https:\/\/www.guides-sports-loisirs.ca\/patinoires\/securite-accessibilite\/acces-site-et-patinoire\/","og_site_name":"Patinoires ext\u00e9rieures","article_modified_time":"2018-07-19T23:26:05+00:00","twitter_card":"summary_large_image","twitter_misc":{"Dur\u00e9e de lecture estim\u00e9e":"2 minutes"},"schema":{"@context":"https:\/\/schema.org","@graph":[{"@type":"WebPage","@id":"https:\/\/www.guides-sports-loisirs.ca\/patinoires\/securite-accessibilite\/acces-site-et-patinoire\/","url":"https:\/\/www.guides-sports-loisirs.ca\/patinoires\/securite-accessibilite\/acces-site-et-patinoire\/","name":"Acc\u00e8s au site et \u00e0 la patinoire - Patinoires ext\u00e9rieures","isPartOf":{"@id":"https:\/\/www.guides-sports-loisirs.ca\/patinoires\/#website"},"datePublished":"2017-05-08T20:16:03+00:00","dateModified":"2018-07-19T23:26:05+00:00","breadcrumb":{"@id":"https:\/\/www.guides-sports-loisirs.ca\/patinoires\/securite-accessibilite\/acces-site-et-patinoire\/#breadcrumb"},"inLanguage":"fr-FR","potentialAction":[{"@type":"ReadAction","target":["https:\/\/www.guides-sports-loisirs.ca\/patinoires\/securite-accessibilite\/acces-site-et-patinoire\/"]}]},{"@type":"BreadcrumbList","@id":"https:\/\/www.guides-sports-loisirs.ca\/patinoires\/securite-accessibilite\/acces-site-et-patinoire\/#breadcrumb","itemListElement":[{"@type":"ListItem","position":1,"name":"Accueil","item":"https:\/\/www.guides-sports-loisirs.ca\/patinoires\/"},{"@type":"ListItem","position":2,"name":"S\u00e9curit\u00e9 et accessibilit\u00e9","item":"https:\/\/www.guides-sports-loisirs.ca\/patinoires\/securite-accessibilite\/"},{"@type":"ListItem","position":3,"name":"Acc\u00e8s au site et \u00e0 la patinoire"}]},{"@type":"WebSite","@id":"https:\/\/www.guides-sports-loisirs.ca\/patinoires\/#website","url":"https:\/\/www.guides-sports-loisirs.ca\/patinoires\/","name":"Patinoires ext\u00e9rieures","description":"","potentialAction":[{"@type":"SearchAction","target":{"@type":"EntryPoint","urlTemplate":"https:\/\/www.guides-sports-loisirs.ca\/patinoires\/?s={search_term_string}"},"query-input":{"@type":"PropertyValueSpecification","valueRequired":true,"valueName":"search_term_string"}}],"inLanguage":"fr-FR"}]}},"_links":{"self":[{"href":"https:\/\/www.guides-sports-loisirs.ca\/patinoires\/wp-json\/wp\/v2\/pages\/273","targetHints":{"allow":["GET"]}}],"collection":[{"href":"https:\/\/www.guides-sports-loisirs.ca\/patinoires\/wp-json\/wp\/v2\/pages"}],"about":[{"href":"https:\/\/www.guides-sports-loisirs.ca\/patinoires\/wp-json\/wp\/v2\/types\/page"}],"author":[{"embeddable":true,"href":"https:\/\/www.guides-sports-loisirs.ca\/patinoires\/wp-json\/wp\/v2\/users\/11"}],"replies":[{"embeddable":true,"href":"https:\/\/www.guides-sports-loisirs.ca\/patinoires\/wp-json\/wp\/v2\/comments?post=273"}],"version-history":[{"count":19,"href":"https:\/\/www.guides-sports-loisirs.ca\/patinoires\/wp-json\/wp\/v2\/pages\/273\/revisions"}],"predecessor-version":[{"id":1150,"href":"https:\/\/www.guides-sports-loisirs.ca\/patinoires\/wp-json\/wp\/v2\/pages\/273\/revisions\/1150"}],"up":[{"embeddable":true,"href":"https:\/\/www.guides-sports-loisirs.ca\/patinoires\/wp-json\/wp\/v2\/pages\/271"}],"wp:attachment":[{"href":"https:\/\/www.guides-sports-loisirs.ca\/patinoires\/wp-json\/wp\/v2\/media?parent=273"}],"curies":[{"name":"wp","href":"https:\/\/api.w.org\/{rel}","templated":true}]}}