{"id":210,"date":"2017-05-08T14:35:45","date_gmt":"2017-05-08T18:35:45","guid":{"rendered":"https:\/\/www.guides-sports-loisirs.ca\/patinoires\/?page_id=210"},"modified":"2018-06-04T12:48:36","modified_gmt":"2018-06-04T16:48:36","slug":"deneigement","status":"publish","type":"page","link":"https:\/\/www.guides-sports-loisirs.ca\/patinoires\/entretien-patinoire\/deneigement\/","title":{"rendered":"D\u00e9neigement"},"content":{"rendered":"<div class=\"wpb-content-wrapper\"><p>[vc_row row_height_percent=\u00a0\u00bb0&Prime; override_padding=\u00a0\u00bbyes\u00a0\u00bb h_padding=\u00a0\u00bb2&Prime; top_padding=\u00a0\u00bb3&Prime; bottom_padding=\u00a0\u00bb2&Prime; overlay_alpha=\u00a0\u00bb50&Prime; gutter_size=\u00a0\u00bb3&Prime; shift_y=\u00a0\u00bb0&Prime;][vc_column column_width_use_pixel=\u00a0\u00bbyes\u00a0\u00bb overlay_alpha=\u00a0\u00bb50&Prime; gutter_size=\u00a0\u00bb3&Prime; medium_width=\u00a0\u00bb0&Prime; shift_x=\u00a0\u00bb0&Prime; shift_y=\u00a0\u00bb0&Prime; z_index=\u00a0\u00bb0&Prime; width=\u00a0\u00bb1\/1&Prime; column_width_pixel=\u00a0\u00bb800&Prime;][vc_column_text]G\u00e9n\u00e9ralement, l\u2019\u00e9quipement autoport\u00e9 affect\u00e9 aux op\u00e9rations de d\u00e9neigement s\u2019appuie sur un assortiment de souffleuses et de grattes. L\u2019envergure des installations justifie le format et la puissance de ces engins. La combinaison d\u2019une gratte et d\u2019une souffleuse constitue l\u2019attirail par excellence des op\u00e9rations de d\u00e9neigement.<\/p>\n<p>Une gratte utilis\u00e9e sur une patinoire se distinguera toutefois davantage par la rectitude de son couteau que par sa dimension. Un atout \u00e0 rechercher pour cet outil est son aisance \u00e0 se d\u00e9placer davantage que sa capacit\u00e9 \u00e0 d\u00e9placer la neige. Vitesse d\u2019ex\u00e9cution et travail soign\u00e9 de d\u00e9blaiement mettent la table pour l\u2019expulsion de la neige par la souffleuse.<\/p>\n<p>Si ces op\u00e9rations sont ex\u00e9cut\u00e9es habituellement s\u00e9par\u00e9ment, il est possible de combiner ces accessoires. Un tracteur peut tr\u00e8s bien \u00eatre \u00e9quip\u00e9 \u00e0 la fois d\u2019une gratte et d\u2019une souffleuse. Et leur position sur le tracteur peut s\u2019inverser. Un appareil sera ainsi dot\u00e9 d\u2019une gratte \u00e0 l\u2019avant et d\u2019une souffleuse \u00e0 l\u2019arri\u00e8re. Il est pr\u00e9f\u00e9rable d\u2019opter pour un mod\u00e8le de type invers\u00e9 tant pour la s\u00e9curit\u00e9 de l\u2019op\u00e9rateur que pour celle des personnes \u00e0 proximit\u00e9.<\/p>\n<p>La contrepartie de cette configuration est la possibilit\u00e9 d\u2019installer une souffleuse de type frontal \u00e0 l\u2019avant du tracteur et une gratte extensible \u00e0 l\u2019arri\u00e8re. Cette fois, c\u2019est la gratte qui se retrouve en position invers\u00e9e. Quoique peu fr\u00e9quent, ce proc\u00e9d\u00e9 procure un travail de finition plus soign\u00e9, tout en r\u00e9duisant le nombre de man\u0153uvres \u00e0 effectuer.<\/p>\n<p>Ces possibilit\u00e9s enrichissent les options offertes aux \u00e9quipes d\u2019entretien, dont les d\u00e9cisions favoriseront les r\u00e9ussites ou multiplieront les \u00e9cueils qui surgiront en cours d\u2019op\u00e9ration.<\/p>\n<p>Les op\u00e9rations m\u00e9canis\u00e9es d\u00e9crites jusqu\u2019\u00e0 maintenant constituent le gros du travail de d\u00e9neigement. Le tableau serait toutefois incomplet sans l\u2019apport du travail manuel. Tout \u00e0 fait indiqu\u00e9 \u00e0 proximit\u00e9 des bandes, le savoir-faire manuel est la pierre angulaire des op\u00e9rations. Les pr\u00e9pos\u00e9s \u00e0 ce travail imposent le rythme par leur travail structur\u00e9 et rigoureux.<\/p>\n<p>Un trac\u00e9 coh\u00e9rent et appliqu\u00e9 syst\u00e9matiquement permet ainsi de scinder les op\u00e9rations de d\u00e9neigement en deux\u00a0vecteurs\u00a0: le travail manuel et le travail m\u00e9canis\u00e9. L\u2019homog\u00e9n\u00e9it\u00e9 des patinoires de hockey, m\u00eame si elles exigent plus d\u2019attention, permet un travail en s\u00e9rie des deux cat\u00e9gories de pr\u00e9pos\u00e9s.<\/p>\n<p>\u00c9tablir des proc\u00e9dures de travail qui font consensus permet de syst\u00e9matiser les op\u00e9rations. La marche \u00e0 suivre d\u00e9crite ci-apr\u00e8s a fait ses preuves depuis longtemps. Pr\u00e9cisons que cette marche peut s\u2019amorcer aussi bien par les machines que par les travailleurs manuels.[\/vc_column_text][vc_accordion][vc_accordion_tab title=\u00a0\u00bbMarche \u00e0 suivre typique\u00a0\u00bb][vc_column_text]La lib\u00e9ration du pourtour de la bande est l\u2019objectif majeur des man\u0153uvres manuelles. Les passages successifs de la souffleuse manuelle lib\u00e9reront un espace suffisant pour permettre ensuite \u00e0 la machine de bouger \u00e0 sa guise. Il faut se montrer g\u00e9n\u00e9reux dans les virages. Le premier passage sera effectu\u00e9 \u00e0 quelques centim\u00e8tres de la bande pour ne pas compacter la neige contre celle-ci. Ensuite, l\u2019enl\u00e8vement de la cro\u00fbte r\u00e9siduelle se fera ais\u00e9ment \u00e0 la pelle ou \u00e0 la brosse rotative m\u00e9canis\u00e9e. Cette neige n\u2019a pas \u00e0 \u00eatre \u00e9vacu\u00e9e, la souffleuse s\u2019en chargera.<\/p>\n<p>L\u2019op\u00e9rateur du tracteur tirera un trait au centre de la patinoire pour ensuite soit en repousser chaque moiti\u00e9 de part et d\u2019autre au moyen d\u2019une gratte, soit souffler directement la neige hors de la glace si la puissance et l\u2019espace de d\u00e9gagement destin\u00e9 \u00e0 accueillir celle-ci sont suffisants. Si l\u2019une ou l\u2019autre de ces conditions ne sont pas pr\u00e9sentes, la souffleuse construira graduellement un andain \u00e0 la fronti\u00e8re trac\u00e9e pr\u00e9c\u00e9demment par les op\u00e9rations manuelles et proc\u00e9dera par la suite \u00e0 son \u00e9vacuation \u00e0 l\u2019endroit appropri\u00e9.<\/p>\n<p>Dans tous les cas il faut s\u2019abstenir de pousser la neige contre la bande. Il faut rappeler que le soin apport\u00e9 \u00e0 l\u2019intersection de la bande avec la glace est garant de la qualit\u00e9 de l\u2019op\u00e9ration d\u2019arrosage \u00e0 venir. Tout laxisme exigerait lors de l\u2019intervention subs\u00e9quente (d\u00e9neigement ou entretien) le nettoyage du pourtour de patinoire au moyen du coupe-glace ou du coupe-bordure m\u00e9canis\u00e9; le travail s\u2019av\u00e9rerait alors beaucoup plus ardu et fastidieux que si on avait proc\u00e9d\u00e9 plus minutieusement tout au long du processus initial et que l\u2019enl\u00e8vement des d\u00e9bris avait emp\u00each\u00e9 que ces derniers ne se retrouvent ensach\u00e9s dans la glace.<\/p>\n<p>Une fois ce processus compl\u00e9t\u00e9, les traces de la bord\u00e9e de neige seront encore visibles. C\u2019est apr\u00e8s les op\u00e9rations de surfa\u00e7age et d\u2019arrosage que le lustre de la patinoire r\u00e9appara\u00eetra.[\/vc_column_text][\/vc_accordion_tab][\/vc_accordion][vc_empty_space empty_h=\u00a0\u00bb1&Prime;][vc_column_text]<strong>Vid\u00e9o disponible en ligne.<br \/>\n<\/strong>[\/vc_column_text][vc_separator sep_color=\u00a0\u00bbaccent\u00a0\u00bb el_width=\u00a0\u00bb75px\u00a0\u00bb el_height=\u00a0\u00bb2px\u00a0\u00bb][vc_empty_space empty_h=\u00a0\u00bb1&Prime;][vc_raw_html]JTNDaWZyYW1lJTIwc3JjJTNEJTIyaHR0cHMlM0ElMkYlMkZwbGF5ZXIudmltZW8uY29tJTJGdmlkZW8lMkYyNjY2OTQyMzAlMjIlMjB3aWR0aCUzRCUyMjczMiUyMiUyMGhlaWdodCUzRCUyMjQxMiUyMiUyMGZyYW1lYm9yZGVyJTNEJTIyMCUyMiUyMGFsbG93ZnVsbHNjcmVlbiUzRSUzQyUyRmlmcmFtZSUzRQ==[\/vc_raw_html][vc_button button_color=\u00a0\u00bbaccent\u00a0\u00bb size=\u00a0\u00bbbtn-lg\u00a0\u00bb radius=\u00a0\u00bbbtn-circle\u00a0\u00bb icon_position=\u00a0\u00bbright\u00a0\u00bb link=\u00a0\u00bburl:http%3A%2F%2Fwww.guides-sports-loisirs.ca%2Fpatinoires%2Fwp-content%2Fuploads%2Fsites%2F3%2F2018%2F06%2FGIS_EntretienPatinoire_Deneigement.pdf||target:%20_blank|\u00a0\u00bb icon=\u00a0\u00bbfa fa-file-o\u00a0\u00bb]Version PDF[\/vc_button][\/vc_column][\/vc_row]<\/p>\n<\/div>","protected":false},"excerpt":{"rendered":"<p>[vc_row row_height_percent=\u00a0\u00bb0&Prime; override_padding=\u00a0\u00bbyes\u00a0\u00bb h_padding=\u00a0\u00bb2&Prime; top_padding=\u00a0\u00bb3&Prime; bottom_padding=\u00a0\u00bb2&Prime; overlay_alpha=\u00a0\u00bb50&Prime; gutter_size=\u00a0\u00bb3&Prime; shift_y=\u00a0\u00bb0&Prime;][vc_column column_width_use_pixel=\u00a0\u00bbyes\u00a0\u00bb overlay_alpha=\u00a0\u00bb50&Prime; gutter_size=\u00a0\u00bb3&Prime; medium_width=\u00a0\u00bb0&Prime; shift_x=\u00a0\u00bb0&Prime; shift_y=\u00a0\u00bb0&Prime; z_index=\u00a0\u00bb0&Prime; width=\u00a0\u00bb1\/1&Prime; column_width_pixel=\u00a0\u00bb800&Prime;][vc_column_text]G\u00e9n\u00e9ralement, l\u2019\u00e9quipement autoport\u00e9 [&hellip;]<\/p>\n","protected":false},"author":11,"featured_media":0,"parent":205,"menu_order":0,"comment_status":"closed","ping_status":"closed","template":"","meta":{"_acf_changed":false,"footnotes":""},"class_list":["post-210","page","type-page","status-publish","hentry"],"acf":[],"yoast_head":"<!-- This site is optimized with the Yoast SEO plugin v27.2 - https:\/\/yoast.com\/product\/yoast-seo-wordpress\/ -->\n<title>D\u00e9neigement - Patinoires ext\u00e9rieures<\/title>\n<meta name=\"robots\" content=\"index, follow, max-snippet:-1, max-image-preview:large, max-video-preview:-1\" \/>\n<link rel=\"canonical\" href=\"https:\/\/www.guides-sports-loisirs.ca\/patinoires\/entretien-patinoire\/deneigement\/\" \/>\n<meta property=\"og:locale\" content=\"fr_FR\" \/>\n<meta property=\"og:type\" content=\"article\" \/>\n<meta property=\"og:title\" content=\"D\u00e9neigement - Patinoires ext\u00e9rieures\" \/>\n<meta property=\"og:description\" content=\"[vc_row row_height_percent=\u00a0\u00bb0&Prime; override_padding=\u00a0\u00bbyes\u00a0\u00bb h_padding=\u00a0\u00bb2&Prime; top_padding=\u00a0\u00bb3&Prime; bottom_padding=\u00a0\u00bb2&Prime; overlay_alpha=\u00a0\u00bb50&Prime; gutter_size=\u00a0\u00bb3&Prime; shift_y=\u00a0\u00bb0&Prime;][vc_column column_width_use_pixel=\u00a0\u00bbyes\u00a0\u00bb overlay_alpha=\u00a0\u00bb50&Prime; gutter_size=\u00a0\u00bb3&Prime; medium_width=\u00a0\u00bb0&Prime; shift_x=\u00a0\u00bb0&Prime; shift_y=\u00a0\u00bb0&Prime; z_index=\u00a0\u00bb0&Prime; width=\u00a0\u00bb1\/1&Prime; column_width_pixel=\u00a0\u00bb800&Prime;][vc_column_text]G\u00e9n\u00e9ralement, l\u2019\u00e9quipement autoport\u00e9 [&hellip;]\" \/>\n<meta property=\"og:url\" content=\"https:\/\/www.guides-sports-loisirs.ca\/patinoires\/entretien-patinoire\/deneigement\/\" \/>\n<meta property=\"og:site_name\" content=\"Patinoires ext\u00e9rieures\" \/>\n<meta property=\"article:modified_time\" content=\"2018-06-04T16:48:36+00:00\" \/>\n<meta name=\"twitter:card\" content=\"summary_large_image\" \/>\n<meta name=\"twitter:label1\" content=\"Dur\u00e9e de lecture estim\u00e9e\" \/>\n\t<meta name=\"twitter:data1\" content=\"5 minutes\" \/>\n<script type=\"application\/ld+json\" class=\"yoast-schema-graph\">{\"@context\":\"https:\/\/schema.org\",\"@graph\":[{\"@type\":\"WebPage\",\"@id\":\"https:\/\/www.guides-sports-loisirs.ca\/patinoires\/entretien-patinoire\/deneigement\/\",\"url\":\"https:\/\/www.guides-sports-loisirs.ca\/patinoires\/entretien-patinoire\/deneigement\/\",\"name\":\"D\u00e9neigement - Patinoires ext\u00e9rieures\",\"isPartOf\":{\"@id\":\"https:\/\/www.guides-sports-loisirs.ca\/patinoires\/#website\"},\"datePublished\":\"2017-05-08T18:35:45+00:00\",\"dateModified\":\"2018-06-04T16:48:36+00:00\",\"breadcrumb\":{\"@id\":\"https:\/\/www.guides-sports-loisirs.ca\/patinoires\/entretien-patinoire\/deneigement\/#breadcrumb\"},\"inLanguage\":\"fr-FR\",\"potentialAction\":[{\"@type\":\"ReadAction\",\"target\":[\"https:\/\/www.guides-sports-loisirs.ca\/patinoires\/entretien-patinoire\/deneigement\/\"]}]},{\"@type\":\"BreadcrumbList\",\"@id\":\"https:\/\/www.guides-sports-loisirs.ca\/patinoires\/entretien-patinoire\/deneigement\/#breadcrumb\",\"itemListElement\":[{\"@type\":\"ListItem\",\"position\":1,\"name\":\"Accueil\",\"item\":\"https:\/\/www.guides-sports-loisirs.ca\/patinoires\/\"},{\"@type\":\"ListItem\",\"position\":2,\"name\":\"Entretien d\u2019une patinoire\",\"item\":\"https:\/\/www.guides-sports-loisirs.ca\/patinoires\/entretien-patinoire\/\"},{\"@type\":\"ListItem\",\"position\":3,\"name\":\"D\u00e9neigement\"}]},{\"@type\":\"WebSite\",\"@id\":\"https:\/\/www.guides-sports-loisirs.ca\/patinoires\/#website\",\"url\":\"https:\/\/www.guides-sports-loisirs.ca\/patinoires\/\",\"name\":\"Patinoires ext\u00e9rieures\",\"description\":\"\",\"potentialAction\":[{\"@type\":\"SearchAction\",\"target\":{\"@type\":\"EntryPoint\",\"urlTemplate\":\"https:\/\/www.guides-sports-loisirs.ca\/patinoires\/?s={search_term_string}\"},\"query-input\":{\"@type\":\"PropertyValueSpecification\",\"valueRequired\":true,\"valueName\":\"search_term_string\"}}],\"inLanguage\":\"fr-FR\"}]}<\/script>\n<!-- \/ Yoast SEO plugin. -->","yoast_head_json":{"title":"D\u00e9neigement - Patinoires ext\u00e9rieures","robots":{"index":"index","follow":"follow","max-snippet":"max-snippet:-1","max-image-preview":"max-image-preview:large","max-video-preview":"max-video-preview:-1"},"canonical":"https:\/\/www.guides-sports-loisirs.ca\/patinoires\/entretien-patinoire\/deneigement\/","og_locale":"fr_FR","og_type":"article","og_title":"D\u00e9neigement - Patinoires ext\u00e9rieures","og_description":"[vc_row row_height_percent=\u00a0\u00bb0&Prime; override_padding=\u00a0\u00bbyes\u00a0\u00bb h_padding=\u00a0\u00bb2&Prime; top_padding=\u00a0\u00bb3&Prime; bottom_padding=\u00a0\u00bb2&Prime; overlay_alpha=\u00a0\u00bb50&Prime; gutter_size=\u00a0\u00bb3&Prime; shift_y=\u00a0\u00bb0&Prime;][vc_column column_width_use_pixel=\u00a0\u00bbyes\u00a0\u00bb overlay_alpha=\u00a0\u00bb50&Prime; gutter_size=\u00a0\u00bb3&Prime; medium_width=\u00a0\u00bb0&Prime; shift_x=\u00a0\u00bb0&Prime; shift_y=\u00a0\u00bb0&Prime; z_index=\u00a0\u00bb0&Prime; width=\u00a0\u00bb1\/1&Prime; column_width_pixel=\u00a0\u00bb800&Prime;][vc_column_text]G\u00e9n\u00e9ralement, l\u2019\u00e9quipement autoport\u00e9 [&hellip;]","og_url":"https:\/\/www.guides-sports-loisirs.ca\/patinoires\/entretien-patinoire\/deneigement\/","og_site_name":"Patinoires ext\u00e9rieures","article_modified_time":"2018-06-04T16:48:36+00:00","twitter_card":"summary_large_image","twitter_misc":{"Dur\u00e9e de lecture estim\u00e9e":"5 minutes"},"schema":{"@context":"https:\/\/schema.org","@graph":[{"@type":"WebPage","@id":"https:\/\/www.guides-sports-loisirs.ca\/patinoires\/entretien-patinoire\/deneigement\/","url":"https:\/\/www.guides-sports-loisirs.ca\/patinoires\/entretien-patinoire\/deneigement\/","name":"D\u00e9neigement - Patinoires ext\u00e9rieures","isPartOf":{"@id":"https:\/\/www.guides-sports-loisirs.ca\/patinoires\/#website"},"datePublished":"2017-05-08T18:35:45+00:00","dateModified":"2018-06-04T16:48:36+00:00","breadcrumb":{"@id":"https:\/\/www.guides-sports-loisirs.ca\/patinoires\/entretien-patinoire\/deneigement\/#breadcrumb"},"inLanguage":"fr-FR","potentialAction":[{"@type":"ReadAction","target":["https:\/\/www.guides-sports-loisirs.ca\/patinoires\/entretien-patinoire\/deneigement\/"]}]},{"@type":"BreadcrumbList","@id":"https:\/\/www.guides-sports-loisirs.ca\/patinoires\/entretien-patinoire\/deneigement\/#breadcrumb","itemListElement":[{"@type":"ListItem","position":1,"name":"Accueil","item":"https:\/\/www.guides-sports-loisirs.ca\/patinoires\/"},{"@type":"ListItem","position":2,"name":"Entretien d\u2019une patinoire","item":"https:\/\/www.guides-sports-loisirs.ca\/patinoires\/entretien-patinoire\/"},{"@type":"ListItem","position":3,"name":"D\u00e9neigement"}]},{"@type":"WebSite","@id":"https:\/\/www.guides-sports-loisirs.ca\/patinoires\/#website","url":"https:\/\/www.guides-sports-loisirs.ca\/patinoires\/","name":"Patinoires ext\u00e9rieures","description":"","potentialAction":[{"@type":"SearchAction","target":{"@type":"EntryPoint","urlTemplate":"https:\/\/www.guides-sports-loisirs.ca\/patinoires\/?s={search_term_string}"},"query-input":{"@type":"PropertyValueSpecification","valueRequired":true,"valueName":"search_term_string"}}],"inLanguage":"fr-FR"}]}},"_links":{"self":[{"href":"https:\/\/www.guides-sports-loisirs.ca\/patinoires\/wp-json\/wp\/v2\/pages\/210","targetHints":{"allow":["GET"]}}],"collection":[{"href":"https:\/\/www.guides-sports-loisirs.ca\/patinoires\/wp-json\/wp\/v2\/pages"}],"about":[{"href":"https:\/\/www.guides-sports-loisirs.ca\/patinoires\/wp-json\/wp\/v2\/types\/page"}],"author":[{"embeddable":true,"href":"https:\/\/www.guides-sports-loisirs.ca\/patinoires\/wp-json\/wp\/v2\/users\/11"}],"replies":[{"embeddable":true,"href":"https:\/\/www.guides-sports-loisirs.ca\/patinoires\/wp-json\/wp\/v2\/comments?post=210"}],"version-history":[{"count":36,"href":"https:\/\/www.guides-sports-loisirs.ca\/patinoires\/wp-json\/wp\/v2\/pages\/210\/revisions"}],"predecessor-version":[{"id":1099,"href":"https:\/\/www.guides-sports-loisirs.ca\/patinoires\/wp-json\/wp\/v2\/pages\/210\/revisions\/1099"}],"up":[{"embeddable":true,"href":"https:\/\/www.guides-sports-loisirs.ca\/patinoires\/wp-json\/wp\/v2\/pages\/205"}],"wp:attachment":[{"href":"https:\/\/www.guides-sports-loisirs.ca\/patinoires\/wp-json\/wp\/v2\/media?parent=210"}],"curies":[{"name":"wp","href":"https:\/\/api.w.org\/{rel}","templated":true}]}}