{"id":2,"date":"2017-03-31T21:44:43","date_gmt":"2017-04-01T01:44:43","guid":{"rendered":"https:\/\/www.guides-sports-loisirs.ca\/patinoires\/?page_id=2"},"modified":"2020-08-13T12:39:09","modified_gmt":"2020-08-13T16:39:09","slug":"terrain-de-balle","status":"publish","type":"page","link":"https:\/\/www.guides-sports-loisirs.ca\/patinoires\/","title":{"rendered":"Patinoires"},"content":{"rendered":"<div class=\"wpb-content-wrapper\"><p>[vc_row row_height_percent=\u00a0\u00bb0&Prime; override_padding=\u00a0\u00bbyes\u00a0\u00bb h_padding=\u00a0\u00bb2&Prime; top_padding=\u00a0\u00bb4&Prime; bottom_padding=\u00a0\u00bb4&Prime; overlay_alpha=\u00a0\u00bb50&Prime; gutter_size=\u00a0\u00bb3&Prime; shift_y=\u00a0\u00bb0&Prime;][vc_column column_width_percent=\u00a0\u00bb100&Prime; align_horizontal=\u00a0\u00bbalign_center\u00a0\u00bb overlay_alpha=\u00a0\u00bb50&Prime; gutter_size=\u00a0\u00bb3&Prime; medium_width=\u00a0\u00bb0&Prime; shift_x=\u00a0\u00bb0&Prime; shift_y=\u00a0\u00bb0&Prime; z_index=\u00a0\u00bb0&Prime; width=\u00a0\u00bb1\/1&Prime;][vc_custom_heading text_weight=\u00a0\u00bb600&Prime; text_transform=\u00a0\u00bbuppercase\u00a0\u00bb text_color=\u00a0\u00bbcolor-vyce\u00a0\u00bb]GUIDE D\u2019AM\u00c9NAGEMENT ET D&rsquo;ENTRETIEN DES PATINOIRES EXT\u00c9RIEURES[\/vc_custom_heading][vc_column_text]Le patinage est une activit\u00e9 de loisir hivernale importante au Qu\u00e9bec. Les patinoires municipales permettent notamment aux citoyens de demeurer actifs et de profiter du plein air durant l\u2019hiver.<\/p>\n<p>Toutefois, les changements climatiques ont un impact non n\u00e9gligeable sur cette activit\u00e9. Les variations fr\u00e9quentes et importantes des conditions m\u00e9t\u00e9o et la r\u00e9duction de la p\u00e9riode de gel nuisent \u00e0 la pratique du patinage et exigent des municipalit\u00e9s un surcro\u00eet d\u2019entretien des patinoires. Pour l\u2019usager, la glace peut \u00eatre de moins bonne qualit\u00e9, l\u2019acc\u00e8s peut \u00eatre restreint, la p\u00e9riode d\u2019activit\u00e9 peut \u00eatre raccourcie. Pour la municipalit\u00e9, l\u2019entretien additionnel n\u00e9cessite une adaptation des ressources et des moyens.<\/p>\n<p>Ce contexte a conduit la Ville de Montr\u00e9al \u00e0 r\u00e9viser ses pratiques en mati\u00e8re d\u2019am\u00e9nagement et d\u2019entretien des patinoires ext\u00e9rieures. De l\u00e0 l\u2019id\u00e9e du pr\u00e9sent guide, que la Ville de Montr\u00e9al a produit en collaboration avec l\u2019Association qu\u00e9b\u00e9coise du loisir municipal, en partenariat avec le minist\u00e8re de l\u2019\u00c9ducation et de l\u2019Enseignement sup\u00e9rieur et l\u2019Association qu\u00e9b\u00e9coise des ar\u00e9nas et des installations r\u00e9cr\u00e9atives et sportives, pour en faire profiter l\u2019ensemble des municipalit\u00e9s du Qu\u00e9bec.<\/p>\n<p>Il s\u2019agit principalement de mieux outiller les municipalit\u00e9s, mais aussi les organismes et les b\u00e9n\u00e9voles qui s\u2019occupent de patinoires ext\u00e9rieures, pour uniformiser l\u2019am\u00e9nagement de ces \u00e9quipements et am\u00e9liorer leur entretien de fa\u00e7on \u00e0 les rendre \u00e0 la fois plus attrayants et plus fonctionnels le plus longtemps possible durant l\u2019hiver.<\/p>\n<p>Le guide d\u00e9crit ainsi les meilleures pratiques connues \u00e0 ce jour pour l\u2019am\u00e9nagement et l\u2019entretien des patinoires ext\u00e9rieures. Il vise notamment \u00e0 accro\u00eetre la s\u00e9curit\u00e9, la qualit\u00e9 et l\u2019accessibilit\u00e9 de ce type d\u2019\u00e9quipement pour les citoyens. L\u2019\u00e9dition en ligne facilite grandement la consultation. Elle permet de pr\u00e9senter des capsules vid\u00e9o, d\u2019agrandir des sch\u00e9mas et d\u2019avoir acc\u00e8s rapidement \u00e0 diverses ressources. La formule des fiches est souple, permettant de corriger ou d\u2019enrichir rapidement le contenu au fil du temps. Tous les commentaires et suggestions susceptibles d\u2019am\u00e9liorer ce contenu sont d\u2019ailleurs bienvenus.[\/vc_column_text][\/vc_column][\/vc_row][vc_row unlock_row_content=\u00a0\u00bbyes\u00a0\u00bb row_height_percent=\u00a0\u00bb0&Prime; override_padding=\u00a0\u00bbyes\u00a0\u00bb h_padding=\u00a0\u00bb0&Prime; top_padding=\u00a0\u00bb0&Prime; bottom_padding=\u00a0\u00bb0&Prime; overlay_alpha=\u00a0\u00bb50&Prime; gutter_size=\u00a0\u00bb0&Prime; shift_y=\u00a0\u00bb0&Prime;][vc_column column_width_percent=\u00a0\u00bb100&Prime; position_vertical=\u00a0\u00bbmiddle\u00a0\u00bb align_horizontal=\u00a0\u00bbalign_center\u00a0\u00bb override_padding=\u00a0\u00bbyes\u00a0\u00bb column_padding=\u00a0\u00bb0&Prime; style=\u00a0\u00bbdark\u00a0\u00bb overlay_alpha=\u00a0\u00bb50&Prime; gutter_size=\u00a0\u00bb0&Prime; medium_width=\u00a0\u00bb0&Prime; shift_x=\u00a0\u00bb0&Prime; shift_y=\u00a0\u00bb0&Prime; z_index=\u00a0\u00bb0&Prime; width=\u00a0\u00bb1\/1&Prime;][uncode_block id=\u00a0\u00bb34&Prime; inside_column=\u00a0\u00bbyes\u00a0\u00bb][\/vc_column][\/vc_row][vc_row row_height_percent=\u00a0\u00bb0&Prime; override_padding=\u00a0\u00bbyes\u00a0\u00bb h_padding=\u00a0\u00bb2&Prime; top_padding=\u00a0\u00bb3&Prime; bottom_padding=\u00a0\u00bb3&Prime; overlay_alpha=\u00a0\u00bb50&Prime; gutter_size=\u00a0\u00bb3&Prime; shift_y=\u00a0\u00bb0&Prime;][vc_column column_width_use_pixel=\u00a0\u00bbyes\u00a0\u00bb align_horizontal=\u00a0\u00bbalign_center\u00a0\u00bb overlay_alpha=\u00a0\u00bb50&Prime; gutter_size=\u00a0\u00bb3&Prime; medium_width=\u00a0\u00bb0&Prime; shift_x=\u00a0\u00bb0&Prime; shift_y=\u00a0\u00bb0&Prime; z_index=\u00a0\u00bb0&Prime; width=\u00a0\u00bb1\/1&Prime; column_width_pixel=\u00a0\u00bb740&Prime;][vc_custom_heading text_weight=\u00a0\u00bb600&Prime; text_transform=\u00a0\u00bbuppercase\u00a0\u00bb text_color=\u00a0\u00bbcolor-vyce\u00a0\u00bb]<a href=\"https:\/\/www.guides-sports-loisirs.ca\/patinoires\/wp-content\/uploads\/sites\/3\/2018\/06\/GIS_Lexique.pdf\" target=\"_blank\" rel=\"noopener noreferrer\">LEXIQUE<\/a>[\/vc_custom_heading][\/vc_column][\/vc_row][vc_row row_height_percent=\u00a0\u00bb0&Prime; override_padding=\u00a0\u00bbyes\u00a0\u00bb h_padding=\u00a0\u00bb2&Prime; top_padding=\u00a0\u00bb3&Prime; bottom_padding=\u00a0\u00bb3&Prime; back_color=\u00a0\u00bbbleu-blanc\u00a0\u00bb overlay_alpha=\u00a0\u00bb50&Prime; gutter_size=\u00a0\u00bb3&Prime; shift_y=\u00a0\u00bb0&Prime;][vc_column column_width_use_pixel=\u00a0\u00bbyes\u00a0\u00bb overlay_alpha=\u00a0\u00bb50&Prime; gutter_size=\u00a0\u00bb3&Prime; medium_width=\u00a0\u00bb0&Prime; shift_x=\u00a0\u00bb0&Prime; shift_y=\u00a0\u00bb0&Prime; z_index=\u00a0\u00bb0&Prime; width=\u00a0\u00bb1\/3&Prime;][vc_column_text el_class=\u00a0\u00bbtypo14px lexique\u00a0\u00bb]<\/p>\n<h5>Aspersion<\/h5>\n<p>technique d\u2019arrosage superficielle ayant pour but de donner \u00e0 la glace un aspect lustr\u00e9.<\/p>\n<h5>Cr\u00eate<\/h5>\n<p>point sur\u00e9lev\u00e9 par rapport \u00e0 la plan\u00e9it\u00e9 d\u2019une surface.<\/p>\n<h5>Inondation<\/h5>\n<p>technique d\u2019arrosage ayant pour but de maximiser l\u2019\u00e9paisseur de la couche de glace. La couche d\u2019eau ainsi appos\u00e9e doit toutefois geler enti\u00e8rement en moins de 24 heures.<\/p>\n<h5>M\u00e9lange\u00a00-\u00be pouce<\/h5>\n<p>compos\u00e9 granulaire dont les composants varient de 0 \u00e0 \u00be pouce (0 \u00e0 20 mm) de diam\u00e8tre selon un pourcentage d\u00e9termin\u00e9 pour chaque composant.<\/p>\n<h5>Niveau z\u00e9ro<\/h5>\n<p>\u00e9tat de plan\u00e9it\u00e9 de la surface o\u00f9 l\u2019amplitude des creux ( &#8211; ) et des bosses ( + ) tend vers la valeur z\u00e9ro.<\/p>\n<h5>Phase de montage<\/h5>\n<p>\u00e9tape des op\u00e9rations correspondant \u00e0 la fabrication de la glace d\u2019une patinoire.<\/p>\n<h5>Phase d&rsquo;entretien<\/h5>\n<p>\u00e9tape des op\u00e9rations ayant pour but de restaurer une surface de patinoire us\u00e9e ou endommag\u00e9e pour maintenir son \u00e9tat de plan\u00e9it\u00e9 et de lustre.<\/p>\n<h5>Zone tampon<\/h5>\n<p>zone imm\u00e9diatement adjacente \u00e0 la surface de patinage (non s\u00e9par\u00e9e par une bande ou une bordure sur\u00e9lev\u00e9e) facilitant la circulation des usagers et les op\u00e9rations d\u2019entretien.[\/vc_column_text][\/vc_column][vc_column width=\u00a0\u00bb1\/3&Prime;][vc_column_text el_class=\u00a0\u00bbtypo14px lexique\u00a0\u00bb]<\/p>\n<h5>Pierre nette \u00be pouce<\/h5>\n<p>compos\u00e9 granulaire dont les composants mesurent exactement \u00be pouce (20 mm) de diam\u00e8tre.<\/p>\n<h5>Poussi\u00e8re de pierre<\/h5>\n<p>compos\u00e9 granulaire dont les composants varient de 0 \u00e0 \u00bc pouce (0 \u00e0 5 mm) de diam\u00e8tre.<\/p>\n<h5>Pulv\u00e9risation<\/h5>\n<p>technique d\u2019arrosage ayant pour but de combler les rainures dans la glace caus\u00e9es par l\u2019usure des lames de patins.<\/p>\n<h5>Rasage<\/h5>\n<p>action consistant \u00e0 \u00e9liminer les cr\u00eates au moyen d\u2019une lame ou d\u2019un couteau appuy\u00e9 contre la surface de glace dans le but de l\u2019aplanir.<\/p>\n<h5>RCR<\/h5>\n<p>r\u00e9animation cardiorespiratoire.<\/p>\n<h5>Saturation<\/h5>\n<p>technique d\u2019arrosage ayant pour but de remplir les cavit\u00e9s intrins\u00e8ques du sol d\u00e9gel\u00e9 en phase de montage. En phase d\u2019entretien, ce terme renvoie \u00e0 une technique d\u2019arrosage ayant pour but de combler les rainures dans la glace caus\u00e9es par l\u2019usure des lames de patins tout en appliquant un surplus d\u2019eau pour assurer un nivellement l\u00e9ger.<\/p>\n<h5>Scarification<\/h5>\n<p>d\u00e9composition de la glace en fragments au moyen d\u2019un outillage m\u00e9canique sp\u00e9cialis\u00e9.[\/vc_column_text][\/vc_column][vc_column width=\u00a0\u00bb1\/3&Prime;][vc_column_text el_class=\u00a0\u00bbtypo14px lexique\u00a0\u00bb]<\/p>\n<h5>Souffleuse de type frontal<\/h5>\n<p>accessoire de d\u00e9neigement install\u00e9 devant un appareil porteur dont le dispositif de ramassage permet de se d\u00e9placer vers l\u2019avant.<\/p>\n<h5>Souffleuse de type invers\u00e9<\/h5>\n<p>accessoire de d\u00e9neigement install\u00e9 \u00e0 l\u2019arri\u00e8re d\u2019un tracteur dont le dispositif de ramassage de la neige permet \u00e0 l\u2019appareil de se d\u00e9placer tout de m\u00eame vers l\u2019avant.<\/p>\n<h5>Surfa\u00e7age<\/h5>\n<p>op\u00e9ration (surfaceuse de type ar\u00e9na) ou s\u00e9quence d\u2019op\u00e9rations (fragment\u00e9es selon la disponibilit\u00e9 d\u2019accessoires m\u00e9caniques ou manuels) ayant pour but de niveler et lustrer une surface glac\u00e9e de patinoire.<\/p>\n<h5>Surfaceuse<\/h5>\n<p>dispositif m\u00e9canique dot\u00e9 d\u2019un couteau horizontal utilis\u00e9 pour raser la glace.<\/p>\n<h5>Sursemis<\/h5>\n<p>technique horticole de surfa\u00e7age ayant pour but de r\u00e9g\u00e9n\u00e9rer en tout ou en partie une surface gazonn\u00e9e au moyen d\u2019un \u00e9pandage de substrat et de semences. Cette technique s\u2019applique \u00e0 toute surface v\u00e9g\u00e9talis\u00e9e.Lorem ipsum<\/p>\n<p>Consectetuer adipiscing elit, sed diam nonummy nibh euismod tincidunt ut laoreet dolore magna<\/p>\n<h5>Topographique<\/h5>\n<p>qui se rattache \u00e0 la configuration et au relief d\u2019un lieu.[\/vc_column_text][\/vc_column][\/vc_row]<\/p>\n<\/div>","protected":false},"excerpt":{"rendered":"<p>[vc_row row_height_percent=\u00a0\u00bb0&Prime; override_padding=\u00a0\u00bbyes\u00a0\u00bb h_padding=\u00a0\u00bb2&Prime; top_padding=\u00a0\u00bb4&Prime; bottom_padding=\u00a0\u00bb4&Prime; overlay_alpha=\u00a0\u00bb50&Prime; gutter_size=\u00a0\u00bb3&Prime; shift_y=\u00a0\u00bb0&Prime;][vc_column column_width_percent=\u00a0\u00bb100&Prime; align_horizontal=\u00a0\u00bbalign_center\u00a0\u00bb overlay_alpha=\u00a0\u00bb50&Prime; gutter_size=\u00a0\u00bb3&Prime; medium_width=\u00a0\u00bb0&Prime; shift_x=\u00a0\u00bb0&Prime; shift_y=\u00a0\u00bb0&Prime; z_index=\u00a0\u00bb0&Prime; width=\u00a0\u00bb1\/1&Prime;][vc_custom_heading text_weight=\u00a0\u00bb600&Prime; text_transform=\u00a0\u00bbuppercase\u00a0\u00bb [&hellip;]<\/p>\n","protected":false},"author":1,"featured_media":0,"parent":0,"menu_order":-1,"comment_status":"closed","ping_status":"closed","template":"","meta":{"_acf_changed":false,"footnotes":""},"class_list":["post-2","page","type-page","status-publish","hentry"],"acf":[],"yoast_head":"<!-- This site is optimized with the Yoast SEO plugin v27.2 - https:\/\/yoast.com\/product\/yoast-seo-wordpress\/ -->\n<title>Patinoires - Patinoires ext\u00e9rieures<\/title>\n<meta name=\"robots\" content=\"index, follow, max-snippet:-1, max-image-preview:large, max-video-preview:-1\" \/>\n<link rel=\"canonical\" href=\"https:\/\/www.guides-sports-loisirs.ca\/patinoires\/\" \/>\n<meta property=\"og:locale\" content=\"fr_FR\" \/>\n<meta property=\"og:type\" content=\"article\" \/>\n<meta property=\"og:title\" content=\"Patinoires - Patinoires ext\u00e9rieures\" \/>\n<meta property=\"og:description\" content=\"[vc_row row_height_percent=\u00a0\u00bb0&Prime; override_padding=\u00a0\u00bbyes\u00a0\u00bb h_padding=\u00a0\u00bb2&Prime; top_padding=\u00a0\u00bb4&Prime; bottom_padding=\u00a0\u00bb4&Prime; overlay_alpha=\u00a0\u00bb50&Prime; gutter_size=\u00a0\u00bb3&Prime; shift_y=\u00a0\u00bb0&Prime;][vc_column column_width_percent=\u00a0\u00bb100&Prime; align_horizontal=\u00a0\u00bbalign_center\u00a0\u00bb overlay_alpha=\u00a0\u00bb50&Prime; gutter_size=\u00a0\u00bb3&Prime; medium_width=\u00a0\u00bb0&Prime; shift_x=\u00a0\u00bb0&Prime; shift_y=\u00a0\u00bb0&Prime; z_index=\u00a0\u00bb0&Prime; width=\u00a0\u00bb1\/1&Prime;][vc_custom_heading text_weight=\u00a0\u00bb600&Prime; text_transform=\u00a0\u00bbuppercase\u00a0\u00bb [&hellip;]\" \/>\n<meta property=\"og:url\" content=\"https:\/\/www.guides-sports-loisirs.ca\/patinoires\/\" \/>\n<meta property=\"og:site_name\" content=\"Patinoires ext\u00e9rieures\" \/>\n<meta property=\"article:modified_time\" content=\"2020-08-13T16:39:09+00:00\" \/>\n<meta name=\"twitter:card\" content=\"summary_large_image\" \/>\n<meta name=\"twitter:label1\" content=\"Dur\u00e9e de lecture estim\u00e9e\" \/>\n\t<meta name=\"twitter:data1\" content=\"6 minutes\" \/>\n<script type=\"application\/ld+json\" class=\"yoast-schema-graph\">{\"@context\":\"https:\/\/schema.org\",\"@graph\":[{\"@type\":\"WebPage\",\"@id\":\"https:\/\/www.guides-sports-loisirs.ca\/patinoires\/\",\"url\":\"https:\/\/www.guides-sports-loisirs.ca\/patinoires\/\",\"name\":\"Patinoires - Patinoires ext\u00e9rieures\",\"isPartOf\":{\"@id\":\"https:\/\/www.guides-sports-loisirs.ca\/patinoires\/#website\"},\"datePublished\":\"2017-04-01T01:44:43+00:00\",\"dateModified\":\"2020-08-13T16:39:09+00:00\",\"breadcrumb\":{\"@id\":\"https:\/\/www.guides-sports-loisirs.ca\/patinoires\/#breadcrumb\"},\"inLanguage\":\"fr-FR\",\"potentialAction\":[{\"@type\":\"ReadAction\",\"target\":[\"https:\/\/www.guides-sports-loisirs.ca\/patinoires\/\"]}]},{\"@type\":\"BreadcrumbList\",\"@id\":\"https:\/\/www.guides-sports-loisirs.ca\/patinoires\/#breadcrumb\",\"itemListElement\":[{\"@type\":\"ListItem\",\"position\":1,\"name\":\"Accueil\",\"item\":\"https:\/\/www.guides-sports-loisirs.ca\/patinoires\/\"},{\"@type\":\"ListItem\",\"position\":2,\"name\":\"Patinoires\"}]},{\"@type\":\"WebSite\",\"@id\":\"https:\/\/www.guides-sports-loisirs.ca\/patinoires\/#website\",\"url\":\"https:\/\/www.guides-sports-loisirs.ca\/patinoires\/\",\"name\":\"Patinoires ext\u00e9rieures\",\"description\":\"\",\"potentialAction\":[{\"@type\":\"SearchAction\",\"target\":{\"@type\":\"EntryPoint\",\"urlTemplate\":\"https:\/\/www.guides-sports-loisirs.ca\/patinoires\/?s={search_term_string}\"},\"query-input\":{\"@type\":\"PropertyValueSpecification\",\"valueRequired\":true,\"valueName\":\"search_term_string\"}}],\"inLanguage\":\"fr-FR\"}]}<\/script>\n<!-- \/ Yoast SEO plugin. -->","yoast_head_json":{"title":"Patinoires - Patinoires ext\u00e9rieures","robots":{"index":"index","follow":"follow","max-snippet":"max-snippet:-1","max-image-preview":"max-image-preview:large","max-video-preview":"max-video-preview:-1"},"canonical":"https:\/\/www.guides-sports-loisirs.ca\/patinoires\/","og_locale":"fr_FR","og_type":"article","og_title":"Patinoires - Patinoires ext\u00e9rieures","og_description":"[vc_row row_height_percent=\u00a0\u00bb0&Prime; override_padding=\u00a0\u00bbyes\u00a0\u00bb h_padding=\u00a0\u00bb2&Prime; top_padding=\u00a0\u00bb4&Prime; bottom_padding=\u00a0\u00bb4&Prime; overlay_alpha=\u00a0\u00bb50&Prime; gutter_size=\u00a0\u00bb3&Prime; shift_y=\u00a0\u00bb0&Prime;][vc_column column_width_percent=\u00a0\u00bb100&Prime; align_horizontal=\u00a0\u00bbalign_center\u00a0\u00bb overlay_alpha=\u00a0\u00bb50&Prime; gutter_size=\u00a0\u00bb3&Prime; medium_width=\u00a0\u00bb0&Prime; shift_x=\u00a0\u00bb0&Prime; shift_y=\u00a0\u00bb0&Prime; z_index=\u00a0\u00bb0&Prime; width=\u00a0\u00bb1\/1&Prime;][vc_custom_heading text_weight=\u00a0\u00bb600&Prime; text_transform=\u00a0\u00bbuppercase\u00a0\u00bb [&hellip;]","og_url":"https:\/\/www.guides-sports-loisirs.ca\/patinoires\/","og_site_name":"Patinoires ext\u00e9rieures","article_modified_time":"2020-08-13T16:39:09+00:00","twitter_card":"summary_large_image","twitter_misc":{"Dur\u00e9e de lecture estim\u00e9e":"6 minutes"},"schema":{"@context":"https:\/\/schema.org","@graph":[{"@type":"WebPage","@id":"https:\/\/www.guides-sports-loisirs.ca\/patinoires\/","url":"https:\/\/www.guides-sports-loisirs.ca\/patinoires\/","name":"Patinoires - Patinoires ext\u00e9rieures","isPartOf":{"@id":"https:\/\/www.guides-sports-loisirs.ca\/patinoires\/#website"},"datePublished":"2017-04-01T01:44:43+00:00","dateModified":"2020-08-13T16:39:09+00:00","breadcrumb":{"@id":"https:\/\/www.guides-sports-loisirs.ca\/patinoires\/#breadcrumb"},"inLanguage":"fr-FR","potentialAction":[{"@type":"ReadAction","target":["https:\/\/www.guides-sports-loisirs.ca\/patinoires\/"]}]},{"@type":"BreadcrumbList","@id":"https:\/\/www.guides-sports-loisirs.ca\/patinoires\/#breadcrumb","itemListElement":[{"@type":"ListItem","position":1,"name":"Accueil","item":"https:\/\/www.guides-sports-loisirs.ca\/patinoires\/"},{"@type":"ListItem","position":2,"name":"Patinoires"}]},{"@type":"WebSite","@id":"https:\/\/www.guides-sports-loisirs.ca\/patinoires\/#website","url":"https:\/\/www.guides-sports-loisirs.ca\/patinoires\/","name":"Patinoires ext\u00e9rieures","description":"","potentialAction":[{"@type":"SearchAction","target":{"@type":"EntryPoint","urlTemplate":"https:\/\/www.guides-sports-loisirs.ca\/patinoires\/?s={search_term_string}"},"query-input":{"@type":"PropertyValueSpecification","valueRequired":true,"valueName":"search_term_string"}}],"inLanguage":"fr-FR"}]}},"_links":{"self":[{"href":"https:\/\/www.guides-sports-loisirs.ca\/patinoires\/wp-json\/wp\/v2\/pages\/2","targetHints":{"allow":["GET"]}}],"collection":[{"href":"https:\/\/www.guides-sports-loisirs.ca\/patinoires\/wp-json\/wp\/v2\/pages"}],"about":[{"href":"https:\/\/www.guides-sports-loisirs.ca\/patinoires\/wp-json\/wp\/v2\/types\/page"}],"author":[{"embeddable":true,"href":"https:\/\/www.guides-sports-loisirs.ca\/patinoires\/wp-json\/wp\/v2\/users\/1"}],"replies":[{"embeddable":true,"href":"https:\/\/www.guides-sports-loisirs.ca\/patinoires\/wp-json\/wp\/v2\/comments?post=2"}],"version-history":[{"count":26,"href":"https:\/\/www.guides-sports-loisirs.ca\/patinoires\/wp-json\/wp\/v2\/pages\/2\/revisions"}],"predecessor-version":[{"id":114,"href":"https:\/\/www.guides-sports-loisirs.ca\/patinoires\/wp-json\/wp\/v2\/pages\/2\/revisions\/114"}],"wp:attachment":[{"href":"https:\/\/www.guides-sports-loisirs.ca\/patinoires\/wp-json\/wp\/v2\/media?parent=2"}],"curies":[{"name":"wp","href":"https:\/\/api.w.org\/{rel}","templated":true}]}}