{"id":145,"date":"2017-05-05T12:16:01","date_gmt":"2017-05-05T16:16:01","guid":{"rendered":"https:\/\/www.guides-sports-loisirs.ca\/patinoires\/?page_id=145"},"modified":"2018-06-04T12:34:50","modified_gmt":"2018-06-04T16:34:50","slug":"adherence","status":"publish","type":"page","link":"https:\/\/www.guides-sports-loisirs.ca\/patinoires\/parametres-conception-amenagement\/adherence\/","title":{"rendered":"Adh\u00e9rence"},"content":{"rendered":"<div class=\"wpb-content-wrapper\"><p>[vc_row row_height_percent=\u00a0\u00bb0&Prime; override_padding=\u00a0\u00bbyes\u00a0\u00bb h_padding=\u00a0\u00bb2&Prime; top_padding=\u00a0\u00bb3&Prime; bottom_padding=\u00a0\u00bb2&Prime; overlay_alpha=\u00a0\u00bb50&Prime; gutter_size=\u00a0\u00bb3&Prime; shift_y=\u00a0\u00bb0&Prime;][vc_column column_width_use_pixel=\u00a0\u00bbyes\u00a0\u00bb overlay_alpha=\u00a0\u00bb50&Prime; gutter_size=\u00a0\u00bb3&Prime; medium_width=\u00a0\u00bb0&Prime; shift_x=\u00a0\u00bb0&Prime; shift_y=\u00a0\u00bb0&Prime; z_index=\u00a0\u00bb0&Prime; width=\u00a0\u00bb1\/1&Prime; column_width_pixel=\u00a0\u00bb800&Prime;][vc_column_text]En relation avec le param\u00e8tre pr\u00e9c\u00e9dent, l\u2019adh\u00e9rence permet le transfert \u00e0 la glace des propri\u00e9t\u00e9s reli\u00e9es \u00e0 la capacit\u00e9 portante du support sous-jacent. Le terme \u00ab\u00a0support\u00a0\u00bb prend ici tout son sens de lien stable et solide avec la glace.<\/p>\n<p>Les supports n\u2019ont cependant pas tous les qualit\u00e9s intrins\u00e8ques qui rendent la glace invuln\u00e9rable \u00e0 toute rupture. La nature de la surface d\u2019un support d\u00e9termine r\u00e9solument la force de liaison de la glace \u00e0 celui-ci. Ainsi toute surface pr\u00e9sentant un certain degr\u00e9 d\u2019hydrophobie, donc qui \u00ab\u00a0repousse\u00a0\u00bb l\u2019eau \u00e0 l\u2019\u00e9tat liquide, ne transmettra que partiellement ses propri\u00e9t\u00e9s relatives \u00e0 sa solidit\u00e9.<\/p>\n<p>Un exemple concret r\u00e9side dans les mati\u00e8res d\u00e9riv\u00e9es du p\u00e9trole. Si la patinoire est install\u00e9e sur une toile de poly\u00e9thyl\u00e8ne ou sur un rev\u00eatement d\u2019enrob\u00e9 bitumineux fra\u00eechement pos\u00e9, la charge admissible emp\u00eachant la rupture de la glace est r\u00e9duite consid\u00e9rablement. Le poids d\u2019une personne affecte peu la solidit\u00e9 d\u2019une telle glace, mais toute intervention effectu\u00e9e au moyen d\u2019un \u00e9quipement m\u00e9canis\u00e9 mobile risque fort de tout faire \u00e9clater au premier passage. Dans ces conditions, il est sugg\u00e9r\u00e9 de se r\u00e9f\u00e9rer aux diff\u00e9rentes chartes de charges admissibles appliqu\u00e9es aux patinoires sur plans d\u2019eau; voir particuli\u00e8rement <a href=\"http:\/\/www.cnesst.gouv.qc.ca\/Publications\/200\/Documents\/DC_200_642.pdf\" target=\"_blank\" rel=\"noopener noreferrer\">Travaux sur les champs de glace<\/a>, de la Commission des normes, de l\u2019\u00e9quit\u00e9, de la sant\u00e9 et de la s\u00e9curit\u00e9 du travail (1996).<\/p>\n<p>\u00c0 l\u2019inverse, tout support pr\u00e9sentant une surface permettant \u00e0 la glace de s\u2019y ancrer lui transf\u00e9rera ses propri\u00e9t\u00e9s intrins\u00e8ques de r\u00e9sistance aux forces qu\u2019on pourrait y appliquer.[\/vc_column_text][\/vc_column][\/vc_row][vc_row row_height_percent=\u00a0\u00bb0&Prime; override_padding=\u00a0\u00bbyes\u00a0\u00bb h_padding=\u00a0\u00bb2&Prime; top_padding=\u00a0\u00bb2&Prime; bottom_padding=\u00a0\u00bb2&Prime; overlay_alpha=\u00a0\u00bb50&Prime; gutter_size=\u00a0\u00bb3&Prime; shift_y=\u00a0\u00bb0&Prime;][vc_column column_width_use_pixel=\u00a0\u00bbyes\u00a0\u00bb overlay_alpha=\u00a0\u00bb50&Prime; gutter_size=\u00a0\u00bb2&Prime; medium_width=\u00a0\u00bb0&Prime; shift_x=\u00a0\u00bb0&Prime; shift_y=\u00a0\u00bb0&Prime; z_index=\u00a0\u00bb0&Prime; width=\u00a0\u00bb1\/1&Prime; column_width_pixel=\u00a0\u00bb800&Prime;][vc_accordion el_class=\u00a0\u00bbaccordeon\u00a0\u00bb][vc_accordion_tab title=\u00a0\u00bbEn savoir plus\u00a0\u00bb][vc_column_text]L\u2019\u00e9paisseur d\u2019une couche de glace sur un plan d\u2019eau doit atteindre au moins 25\u00a0cm pour pouvoir supporter une voiture de tourisme[1]. \u00c0 l\u2019inverse, une fine couche de \u00ab\u00a0glace noire\u00a0\u00bb (glace claire) sur la chauss\u00e9e supporte ais\u00e9ment une telle charge. Ce ph\u00e9nom\u00e8ne tombe ais\u00e9ment sous le sens commun. Comment l\u2019expliquer cependant?<\/p>\n<p>Un premier \u00e9l\u00e9ment de r\u00e9ponse se trouve dans le principe selon lequel \u00ab\u00a0la r\u00e9sistance en compression de la glace est beaucoup plus grande que sa r\u00e9sistance en traction[2]\u00a0\u00bb. S\u2019y ajoute le fait que la glace sur la chauss\u00e9e est beaucoup plus ancr\u00e9e sur son support que la glace sur l\u2019eau. Cet ancrage emp\u00eache la glace de s\u2019\u00e9tirer sous l\u2019effet d\u2019une charge telle une voiture. La force s\u2019applique ici en compression. Elle n\u2019est pas assez consid\u00e9rable pour cr\u00e9er la rupture de la couche de glace.<\/p>\n<p>Au contraire, la couche de glace sur l\u2019eau fl\u00e9chit telle une membrane sous l\u2019effet d\u2019une charge. Ce fl\u00e9chissement exerce une force de traction sur la glace. La rupture peut donc se produire m\u00eame si l\u2019\u00e9paisseur de la glace sur l\u2019eau est plusieurs fois sup\u00e9rieure \u00e0 celle sur la chauss\u00e9e.<\/p>\n<p>Le principe d\u2019adh\u00e9rence de la glace \u00e0 son support est donc un \u00e9l\u00e9ment essentiel d\u2019explication pour le ph\u00e9nom\u00e8ne mentionn\u00e9 en exemple.[\/vc_column_text][vc_column_text]On trouve sur le march\u00e9 des patinoires pr\u00eates \u00e0 monter (patinoires en \u00ab kit \u00bb) destin\u00e9es aux usages domestiques. Ces \u00e9quipements contiennent souvent des toiles de poly\u00e9thyl\u00e8ne pour assurer l\u2019\u00e9tanch\u00e9it\u00e9. Cette solution est avantageuse pour la p\u00e9riode du montage de la patinoire. Il suffit d\u2019arroser copieusement la surface et celle-ci se transformera en glace les premiers gels venus. Ces installations conviennent bien aux op\u00e9rations manuelles, o\u00f9 seul le poids d\u2019une ou de quelques personnes exerce une pression sur la glace, mais elles sont moins appropri\u00e9es pour les patinoires publiques, car les dimensions sont beaucoup plus grandes et exigent l\u2019emploi d\u2019appareils m\u00e9canis\u00e9s beaucoup plus lourds.[\/vc_column_text][vc_column_text]Dans les cas o\u00f9 un rev\u00eatement d\u2019enrob\u00e9s bitumineux est install\u00e9 sur la surface du support, deux situations probl\u00e9matiques surviennent\u00a0:<\/p>\n<ul>\n<li>Si l\u2019asphalte neuf pr\u00e9sente en surface les compos\u00e9s hydrophobes contenus dans le m\u00e9lange, la solidit\u00e9 de la glace sera fragilis\u00e9e consid\u00e9rablement, \u00e0 moins d\u2019installer sur le rev\u00eatement un mat\u00e9riau poreux telle une toile[1] pour pallier cette d\u00e9ficience. La meilleure solution se trouve \u00e0 moyen terme (deux ou trois ans) quand la surface du rev\u00eatement aura subi l\u2019usure du temps et des usagers\u00a0: la partie d\u00e9riv\u00e9e du p\u00e9trole se sera alors \u00ab\u00a0volatilis\u00e9e\u00a0\u00bb et les granulats contenus dans le m\u00e9lange occuperont la surface tr\u00e8s majoritairement.<\/li>\n<li>Le deuxi\u00e8me cas est plus probl\u00e9matique. Si la surface est recouverte d\u2019un rev\u00eatement acrylique destin\u00e9 \u00e0 donner un look r\u00e9solument sportif \u00e0 l\u2019ouvrage tout en augmentant son imperm\u00e9abilit\u00e9, on peut parler d\u2019un plateau multisports qui n\u2019a de commun avec les caract\u00e9ristiques d\u2019une patinoire ext\u00e9rieure hivernale que la bande qui l\u2019entoure. Ce cas suscite un questionnement de plus en plus fr\u00e9quent. Il est pr\u00e9f\u00e9rable d\u2019am\u00e9nager une patinoire hivernale sur un autre support, car le faire sur un rev\u00eatement acrylique pourrait r\u00e9duire consid\u00e9rablement l\u2019esp\u00e9rance de vie de ce dernier.<\/li>\n<\/ul>\n<hr \/>\n<p><em>[1] Commission des normes, de l\u2019\u00e9quit\u00e9, de la sant\u00e9 et de la s\u00e9curit\u00e9 au travail. Travaux sur les champs de glace, 1996.<\/em><br \/>\n<em>[2] Petrovic. J.J. \u00ab\u00a0Review mechanical properties of ice and snow\u00a0\u00bb, Journal of materials science 38 (2003) 1-6.<br \/>\n<\/em><em>[3] Ce proc\u00e9d\u00e9 exige une proc\u00e9dure de travail tr\u00e8s soign\u00e9e.<\/em>[\/vc_column_text][\/vc_accordion_tab][\/vc_accordion][vc_button button_color=\u00a0\u00bbaccent\u00a0\u00bb size=\u00a0\u00bbbtn-lg\u00a0\u00bb radius=\u00a0\u00bbbtn-circle\u00a0\u00bb icon_position=\u00a0\u00bbright\u00a0\u00bb link=\u00a0\u00bburl:http%3A%2F%2Fwww.guides-sports-loisirs.ca%2Fpatinoires%2Fwp-content%2Fuploads%2Fsites%2F3%2F2017%2F03%2FGIS_ConceptionAmenagement_Adherence.pdf||target:%20_blank|\u00a0\u00bb icon=\u00a0\u00bbfa fa-file-o\u00a0\u00bb]Version PDF[\/vc_button][\/vc_column][\/vc_row]<\/p>\n<\/div>","protected":false},"excerpt":{"rendered":"<p>[vc_row row_height_percent=\u00a0\u00bb0&Prime; override_padding=\u00a0\u00bbyes\u00a0\u00bb h_padding=\u00a0\u00bb2&Prime; top_padding=\u00a0\u00bb3&Prime; bottom_padding=\u00a0\u00bb2&Prime; overlay_alpha=\u00a0\u00bb50&Prime; gutter_size=\u00a0\u00bb3&Prime; shift_y=\u00a0\u00bb0&Prime;][vc_column column_width_use_pixel=\u00a0\u00bbyes\u00a0\u00bb overlay_alpha=\u00a0\u00bb50&Prime; gutter_size=\u00a0\u00bb3&Prime; medium_width=\u00a0\u00bb0&Prime; shift_x=\u00a0\u00bb0&Prime; shift_y=\u00a0\u00bb0&Prime; z_index=\u00a0\u00bb0&Prime; width=\u00a0\u00bb1\/1&Prime; column_width_pixel=\u00a0\u00bb800&Prime;][vc_column_text]En relation avec [&hellip;]<\/p>\n","protected":false},"author":11,"featured_media":0,"parent":60,"menu_order":0,"comment_status":"closed","ping_status":"closed","template":"","meta":{"_acf_changed":false,"footnotes":""},"class_list":["post-145","page","type-page","status-publish","hentry"],"acf":[],"yoast_head":"<!-- This site is optimized with the Yoast SEO plugin v27.2 - https:\/\/yoast.com\/product\/yoast-seo-wordpress\/ -->\n<title>Adh\u00e9rence - Patinoires ext\u00e9rieures<\/title>\n<meta name=\"robots\" content=\"index, follow, max-snippet:-1, max-image-preview:large, max-video-preview:-1\" \/>\n<link rel=\"canonical\" href=\"https:\/\/www.guides-sports-loisirs.ca\/patinoires\/parametres-conception-amenagement\/adherence\/\" \/>\n<meta property=\"og:locale\" content=\"fr_FR\" \/>\n<meta property=\"og:type\" content=\"article\" \/>\n<meta property=\"og:title\" content=\"Adh\u00e9rence - Patinoires ext\u00e9rieures\" \/>\n<meta property=\"og:description\" content=\"[vc_row row_height_percent=\u00a0\u00bb0&Prime; override_padding=\u00a0\u00bbyes\u00a0\u00bb h_padding=\u00a0\u00bb2&Prime; top_padding=\u00a0\u00bb3&Prime; bottom_padding=\u00a0\u00bb2&Prime; overlay_alpha=\u00a0\u00bb50&Prime; gutter_size=\u00a0\u00bb3&Prime; shift_y=\u00a0\u00bb0&Prime;][vc_column column_width_use_pixel=\u00a0\u00bbyes\u00a0\u00bb overlay_alpha=\u00a0\u00bb50&Prime; gutter_size=\u00a0\u00bb3&Prime; medium_width=\u00a0\u00bb0&Prime; shift_x=\u00a0\u00bb0&Prime; shift_y=\u00a0\u00bb0&Prime; z_index=\u00a0\u00bb0&Prime; width=\u00a0\u00bb1\/1&Prime; column_width_pixel=\u00a0\u00bb800&Prime;][vc_column_text]En relation avec [&hellip;]\" \/>\n<meta property=\"og:url\" content=\"https:\/\/www.guides-sports-loisirs.ca\/patinoires\/parametres-conception-amenagement\/adherence\/\" \/>\n<meta property=\"og:site_name\" content=\"Patinoires ext\u00e9rieures\" \/>\n<meta property=\"article:modified_time\" content=\"2018-06-04T16:34:50+00:00\" \/>\n<meta name=\"twitter:card\" content=\"summary_large_image\" \/>\n<meta name=\"twitter:label1\" content=\"Dur\u00e9e de lecture estim\u00e9e\" \/>\n\t<meta name=\"twitter:data1\" content=\"6 minutes\" \/>\n<script type=\"application\/ld+json\" class=\"yoast-schema-graph\">{\"@context\":\"https:\/\/schema.org\",\"@graph\":[{\"@type\":\"WebPage\",\"@id\":\"https:\/\/www.guides-sports-loisirs.ca\/patinoires\/parametres-conception-amenagement\/adherence\/\",\"url\":\"https:\/\/www.guides-sports-loisirs.ca\/patinoires\/parametres-conception-amenagement\/adherence\/\",\"name\":\"Adh\u00e9rence - Patinoires ext\u00e9rieures\",\"isPartOf\":{\"@id\":\"https:\/\/www.guides-sports-loisirs.ca\/patinoires\/#website\"},\"datePublished\":\"2017-05-05T16:16:01+00:00\",\"dateModified\":\"2018-06-04T16:34:50+00:00\",\"breadcrumb\":{\"@id\":\"https:\/\/www.guides-sports-loisirs.ca\/patinoires\/parametres-conception-amenagement\/adherence\/#breadcrumb\"},\"inLanguage\":\"fr-FR\",\"potentialAction\":[{\"@type\":\"ReadAction\",\"target\":[\"https:\/\/www.guides-sports-loisirs.ca\/patinoires\/parametres-conception-amenagement\/adherence\/\"]}]},{\"@type\":\"BreadcrumbList\",\"@id\":\"https:\/\/www.guides-sports-loisirs.ca\/patinoires\/parametres-conception-amenagement\/adherence\/#breadcrumb\",\"itemListElement\":[{\"@type\":\"ListItem\",\"position\":1,\"name\":\"Accueil\",\"item\":\"https:\/\/www.guides-sports-loisirs.ca\/patinoires\/\"},{\"@type\":\"ListItem\",\"position\":2,\"name\":\"Param\u00e8tres de conception et d\u2019am\u00e9nagement\",\"item\":\"https:\/\/www.guides-sports-loisirs.ca\/patinoires\/parametres-conception-amenagement\/\"},{\"@type\":\"ListItem\",\"position\":3,\"name\":\"Adh\u00e9rence\"}]},{\"@type\":\"WebSite\",\"@id\":\"https:\/\/www.guides-sports-loisirs.ca\/patinoires\/#website\",\"url\":\"https:\/\/www.guides-sports-loisirs.ca\/patinoires\/\",\"name\":\"Patinoires ext\u00e9rieures\",\"description\":\"\",\"potentialAction\":[{\"@type\":\"SearchAction\",\"target\":{\"@type\":\"EntryPoint\",\"urlTemplate\":\"https:\/\/www.guides-sports-loisirs.ca\/patinoires\/?s={search_term_string}\"},\"query-input\":{\"@type\":\"PropertyValueSpecification\",\"valueRequired\":true,\"valueName\":\"search_term_string\"}}],\"inLanguage\":\"fr-FR\"}]}<\/script>\n<!-- \/ Yoast SEO plugin. -->","yoast_head_json":{"title":"Adh\u00e9rence - Patinoires ext\u00e9rieures","robots":{"index":"index","follow":"follow","max-snippet":"max-snippet:-1","max-image-preview":"max-image-preview:large","max-video-preview":"max-video-preview:-1"},"canonical":"https:\/\/www.guides-sports-loisirs.ca\/patinoires\/parametres-conception-amenagement\/adherence\/","og_locale":"fr_FR","og_type":"article","og_title":"Adh\u00e9rence - Patinoires ext\u00e9rieures","og_description":"[vc_row row_height_percent=\u00a0\u00bb0&Prime; override_padding=\u00a0\u00bbyes\u00a0\u00bb h_padding=\u00a0\u00bb2&Prime; top_padding=\u00a0\u00bb3&Prime; bottom_padding=\u00a0\u00bb2&Prime; overlay_alpha=\u00a0\u00bb50&Prime; gutter_size=\u00a0\u00bb3&Prime; shift_y=\u00a0\u00bb0&Prime;][vc_column column_width_use_pixel=\u00a0\u00bbyes\u00a0\u00bb overlay_alpha=\u00a0\u00bb50&Prime; gutter_size=\u00a0\u00bb3&Prime; medium_width=\u00a0\u00bb0&Prime; shift_x=\u00a0\u00bb0&Prime; shift_y=\u00a0\u00bb0&Prime; z_index=\u00a0\u00bb0&Prime; width=\u00a0\u00bb1\/1&Prime; column_width_pixel=\u00a0\u00bb800&Prime;][vc_column_text]En relation avec [&hellip;]","og_url":"https:\/\/www.guides-sports-loisirs.ca\/patinoires\/parametres-conception-amenagement\/adherence\/","og_site_name":"Patinoires ext\u00e9rieures","article_modified_time":"2018-06-04T16:34:50+00:00","twitter_card":"summary_large_image","twitter_misc":{"Dur\u00e9e de lecture estim\u00e9e":"6 minutes"},"schema":{"@context":"https:\/\/schema.org","@graph":[{"@type":"WebPage","@id":"https:\/\/www.guides-sports-loisirs.ca\/patinoires\/parametres-conception-amenagement\/adherence\/","url":"https:\/\/www.guides-sports-loisirs.ca\/patinoires\/parametres-conception-amenagement\/adherence\/","name":"Adh\u00e9rence - Patinoires ext\u00e9rieures","isPartOf":{"@id":"https:\/\/www.guides-sports-loisirs.ca\/patinoires\/#website"},"datePublished":"2017-05-05T16:16:01+00:00","dateModified":"2018-06-04T16:34:50+00:00","breadcrumb":{"@id":"https:\/\/www.guides-sports-loisirs.ca\/patinoires\/parametres-conception-amenagement\/adherence\/#breadcrumb"},"inLanguage":"fr-FR","potentialAction":[{"@type":"ReadAction","target":["https:\/\/www.guides-sports-loisirs.ca\/patinoires\/parametres-conception-amenagement\/adherence\/"]}]},{"@type":"BreadcrumbList","@id":"https:\/\/www.guides-sports-loisirs.ca\/patinoires\/parametres-conception-amenagement\/adherence\/#breadcrumb","itemListElement":[{"@type":"ListItem","position":1,"name":"Accueil","item":"https:\/\/www.guides-sports-loisirs.ca\/patinoires\/"},{"@type":"ListItem","position":2,"name":"Param\u00e8tres de conception et d\u2019am\u00e9nagement","item":"https:\/\/www.guides-sports-loisirs.ca\/patinoires\/parametres-conception-amenagement\/"},{"@type":"ListItem","position":3,"name":"Adh\u00e9rence"}]},{"@type":"WebSite","@id":"https:\/\/www.guides-sports-loisirs.ca\/patinoires\/#website","url":"https:\/\/www.guides-sports-loisirs.ca\/patinoires\/","name":"Patinoires ext\u00e9rieures","description":"","potentialAction":[{"@type":"SearchAction","target":{"@type":"EntryPoint","urlTemplate":"https:\/\/www.guides-sports-loisirs.ca\/patinoires\/?s={search_term_string}"},"query-input":{"@type":"PropertyValueSpecification","valueRequired":true,"valueName":"search_term_string"}}],"inLanguage":"fr-FR"}]}},"_links":{"self":[{"href":"https:\/\/www.guides-sports-loisirs.ca\/patinoires\/wp-json\/wp\/v2\/pages\/145","targetHints":{"allow":["GET"]}}],"collection":[{"href":"https:\/\/www.guides-sports-loisirs.ca\/patinoires\/wp-json\/wp\/v2\/pages"}],"about":[{"href":"https:\/\/www.guides-sports-loisirs.ca\/patinoires\/wp-json\/wp\/v2\/types\/page"}],"author":[{"embeddable":true,"href":"https:\/\/www.guides-sports-loisirs.ca\/patinoires\/wp-json\/wp\/v2\/users\/11"}],"replies":[{"embeddable":true,"href":"https:\/\/www.guides-sports-loisirs.ca\/patinoires\/wp-json\/wp\/v2\/comments?post=145"}],"version-history":[{"count":18,"href":"https:\/\/www.guides-sports-loisirs.ca\/patinoires\/wp-json\/wp\/v2\/pages\/145\/revisions"}],"predecessor-version":[{"id":1089,"href":"https:\/\/www.guides-sports-loisirs.ca\/patinoires\/wp-json\/wp\/v2\/pages\/145\/revisions\/1089"}],"up":[{"embeddable":true,"href":"https:\/\/www.guides-sports-loisirs.ca\/patinoires\/wp-json\/wp\/v2\/pages\/60"}],"wp:attachment":[{"href":"https:\/\/www.guides-sports-loisirs.ca\/patinoires\/wp-json\/wp\/v2\/media?parent=145"}],"curies":[{"name":"wp","href":"https:\/\/api.w.org\/{rel}","templated":true}]}}