{"id":3957,"date":"2021-02-17T09:52:19","date_gmt":"2021-02-17T14:52:19","guid":{"rendered":"https:\/\/www.guides-sports-loisirs.ca\/commotions-cerebrales\/?page_id=3957"},"modified":"2021-02-26T13:28:48","modified_gmt":"2021-02-26T18:28:48","slug":"personne-responsable-application","status":"publish","type":"page","link":"https:\/\/www.guides-sports-loisirs.ca\/commotions-cerebrales\/roles-et-responsabilites\/personne-responsable-application\/","title":{"rendered":"Personne responsable de l&rsquo;application du protocole dans un \u00e9tablissement d&rsquo;enseignement"},"content":{"rendered":"<div class=\"wpb-content-wrapper\"><p>[vc_row][vc_column width=\u00a0\u00bb1\/1&Prime;][vc_column_text css=\u00a0\u00bb.vc_custom_1613054151015{margin-bottom: 0px !important;}\u00a0\u00bb]<\/p>\n<h4>Au moment o\u00f9 survient une commotion c\u00e9r\u00e9brale, chaque intervenant joue un r\u00f4le strat\u00e9gique en mati\u00e8re de concertation et de transmission d\u2019informations. La qualit\u00e9 de la communication entre tous est la condition cl\u00e9 d\u2019un encadrement efficace et coh\u00e9rent.<\/h4>\n<h4>Pour ce faire, les participants, les parents et le personnel d\u2019encadrement doivent conna\u00eetre leurs r\u00f4les et responsabilit\u00e9s.<\/h4>\n<p>[\/vc_column_text][vc_accordion active_tab=\u00a0\u00bb1&Prime;][vc_accordion_tab title=\u00a0\u00bbPERSONNE RESPONSABLE DE L\u2019APPLICATION DU PROTOCOLE DANS UN \u00c9TABLISSEMENT D&rsquo;ENSEIGNEMENT\u00a0\u00bb tab_id=\u00a0\u00bb1613054519417-3-9&Prime;][vc_column_text]\u2022 Informer et outiller le personnel (mise \u00e0 jour du protocole et de la fiche de suivi).<br \/>\n\u2022 Coordonner les actions du personnel lors de la reprise des activit\u00e9s intellectuelles, physiques et sportives.<\/p>\n<p>Nous vous invitons \u00e0 prendre connaissance de l\u2019<a href=\"http:\/\/www.education.gouv.qc.ca\/references\/tx-solrtyperecherchepublicationtx-solrpublicationnouveaute\/resultats-de-la-recherche\/detail\/article\/commotions-cerebrales-aide-memoire\/\" target=\"_blank\" rel=\"noopener noreferrer\">aide-m\u00e9moire<\/a> li\u00e9 \u00e0 votre milieu d\u2019enseignement.[\/vc_column_text][\/vc_accordion_tab][\/vc_accordion][\/vc_column][\/vc_row][vc_row][\/vc_row][vc_row row_height_percent=\u00a0\u00bb0&Prime; overlay_alpha=\u00a0\u00bb50&Prime; gutter_size=\u00a0\u00bb3&Prime; shift_y=\u00a0\u00bb0&Prime; css=\u00a0\u00bb.vc_custom_1569108843026{margin-bottom: 50px !important;}\u00a0\u00bb][vc_column width=\u00a0\u00bb1\/1&Prime;][vc_button button_color=\u00a0\u00bbaccent\u00a0\u00bb size=\u00a0\u00bbbtn-lg\u00a0\u00bb radius=\u00a0\u00bbbtn-circle\u00a0\u00bb border_width=\u00a0\u00bb0&Prime; link=\u00a0\u00bburl:https%3A%2F%2Fwww.guides-sports-loisirs.ca%2Fcommotions-cerebrales%2Fwp-content%2Fuploads%2Fsites%2F16%2F2021%2F02%2F3.1_RolesEtResponsabilites_Web.pdf||target:%20_blank|\u00a0\u00bb icon=\u00a0\u00bbfa fa-file-o\u00a0\u00bb el_class=\u00a0\u00bbbtn-pdf\u00a0\u00bb]Version PDF[\/vc_button][\/vc_column][\/vc_row]<\/p>\n<\/div>","protected":false},"excerpt":{"rendered":"<p>[vc_row][vc_column width=\u00a0\u00bb1\/1&Prime;][vc_column_text css=\u00a0\u00bb.vc_custom_1613054151015{margin-bottom: 0px !important;}\u00a0\u00bb] Au moment o\u00f9 survient une commotion c\u00e9r\u00e9brale, chaque intervenant joue un r\u00f4le strat\u00e9gique en mati\u00e8re [&hellip;]<\/p>\n","protected":false},"author":11,"featured_media":0,"parent":3507,"menu_order":5,"comment_status":"closed","ping_status":"closed","template":"","meta":{"_acf_changed":false,"footnotes":""},"class_list":["post-3957","page","type-page","status-publish","hentry"],"acf":[],"yoast_head":"<!-- This site is optimized with the Yoast SEO plugin v27.4 - https:\/\/yoast.com\/product\/yoast-seo-wordpress\/ -->\n<title>Personne responsable de l&#039;application du protocole dans un \u00e9tablissement d&#039;enseignement - Commotions c\u00e9r\u00e9brales : activit\u00e9s r\u00e9cr\u00e9atives et sportives<\/title>\n<meta name=\"robots\" content=\"noindex, follow, max-snippet:-1, max-image-preview:large, max-video-preview:-1\" \/>\n<meta property=\"og:locale\" content=\"fr_FR\" \/>\n<meta property=\"og:type\" content=\"article\" \/>\n<meta property=\"og:title\" content=\"Personne responsable de l&#039;application du protocole dans un \u00e9tablissement d&#039;enseignement - Commotions c\u00e9r\u00e9brales : activit\u00e9s r\u00e9cr\u00e9atives et sportives\" \/>\n<meta property=\"og:description\" content=\"[vc_row][vc_column width=\u00a0\u00bb1\/1&Prime;][vc_column_text css=\u00a0\u00bb.vc_custom_1613054151015{margin-bottom: 0px !important;}\u00a0\u00bb] Au moment o\u00f9 survient une commotion c\u00e9r\u00e9brale, chaque intervenant joue un r\u00f4le strat\u00e9gique en mati\u00e8re [&hellip;]\" \/>\n<meta property=\"og:url\" content=\"https:\/\/www.guides-sports-loisirs.ca\/commotions-cerebrales\/roles-et-responsabilites\/personne-responsable-application\/\" \/>\n<meta property=\"og:site_name\" content=\"Commotions c\u00e9r\u00e9brales : activit\u00e9s r\u00e9cr\u00e9atives et sportives\" \/>\n<meta property=\"article:modified_time\" content=\"2021-02-26T18:28:48+00:00\" \/>\n<meta name=\"twitter:card\" content=\"summary_large_image\" \/>\n<meta name=\"twitter:label1\" content=\"Dur\u00e9e de lecture estim\u00e9e\" \/>\n\t<meta name=\"twitter:data1\" content=\"1 minute\" \/>\n<script type=\"application\/ld+json\" class=\"yoast-schema-graph\">{\"@context\":\"https:\\\/\\\/schema.org\",\"@graph\":[{\"@type\":\"WebPage\",\"@id\":\"https:\\\/\\\/www.guides-sports-loisirs.ca\\\/commotions-cerebrales\\\/roles-et-responsabilites\\\/personne-responsable-application\\\/\",\"url\":\"https:\\\/\\\/www.guides-sports-loisirs.ca\\\/commotions-cerebrales\\\/roles-et-responsabilites\\\/personne-responsable-application\\\/\",\"name\":\"Personne responsable de l'application du protocole dans un \u00e9tablissement d'enseignement - Commotions c\u00e9r\u00e9brales : activit\u00e9s r\u00e9cr\u00e9atives et sportives\",\"isPartOf\":{\"@id\":\"https:\\\/\\\/www.guides-sports-loisirs.ca\\\/commotions-cerebrales\\\/#website\"},\"datePublished\":\"2021-02-17T14:52:19+00:00\",\"dateModified\":\"2021-02-26T18:28:48+00:00\",\"breadcrumb\":{\"@id\":\"https:\\\/\\\/www.guides-sports-loisirs.ca\\\/commotions-cerebrales\\\/roles-et-responsabilites\\\/personne-responsable-application\\\/#breadcrumb\"},\"inLanguage\":\"fr-FR\",\"potentialAction\":[{\"@type\":\"ReadAction\",\"target\":[\"https:\\\/\\\/www.guides-sports-loisirs.ca\\\/commotions-cerebrales\\\/roles-et-responsabilites\\\/personne-responsable-application\\\/\"]}]},{\"@type\":\"BreadcrumbList\",\"@id\":\"https:\\\/\\\/www.guides-sports-loisirs.ca\\\/commotions-cerebrales\\\/roles-et-responsabilites\\\/personne-responsable-application\\\/#breadcrumb\",\"itemListElement\":[{\"@type\":\"ListItem\",\"position\":1,\"name\":\"Accueil\",\"item\":\"https:\\\/\\\/www.guides-sports-loisirs.ca\\\/commotions-cerebrales\\\/\"},{\"@type\":\"ListItem\",\"position\":2,\"name\":\"R\u00f4les et responsabilit\u00e9s\",\"item\":\"https:\\\/\\\/www.guides-sports-loisirs.ca\\\/commotions-cerebrales\\\/roles-et-responsabilites\\\/\"},{\"@type\":\"ListItem\",\"position\":3,\"name\":\"Personne responsable de l&rsquo;application du protocole dans un \u00e9tablissement d&rsquo;enseignement\"}]},{\"@type\":\"WebSite\",\"@id\":\"https:\\\/\\\/www.guides-sports-loisirs.ca\\\/commotions-cerebrales\\\/#website\",\"url\":\"https:\\\/\\\/www.guides-sports-loisirs.ca\\\/commotions-cerebrales\\\/\",\"name\":\"Commotions c\u00e9r\u00e9brales : activit\u00e9s r\u00e9cr\u00e9atives et sportives\",\"description\":\"Commotions c\u00e9r\u00e9brales\",\"potentialAction\":[{\"@type\":\"SearchAction\",\"target\":{\"@type\":\"EntryPoint\",\"urlTemplate\":\"https:\\\/\\\/www.guides-sports-loisirs.ca\\\/commotions-cerebrales\\\/?s={search_term_string}\"},\"query-input\":{\"@type\":\"PropertyValueSpecification\",\"valueRequired\":true,\"valueName\":\"search_term_string\"}}],\"inLanguage\":\"fr-FR\"}]}<\/script>\n<!-- \/ Yoast SEO plugin. -->","yoast_head_json":{"title":"Personne responsable de l'application du protocole dans un \u00e9tablissement d'enseignement - Commotions c\u00e9r\u00e9brales : activit\u00e9s r\u00e9cr\u00e9atives et sportives","robots":{"index":"noindex","follow":"follow","max-snippet":"max-snippet:-1","max-image-preview":"max-image-preview:large","max-video-preview":"max-video-preview:-1"},"og_locale":"fr_FR","og_type":"article","og_title":"Personne responsable de l'application du protocole dans un \u00e9tablissement d'enseignement - Commotions c\u00e9r\u00e9brales : activit\u00e9s r\u00e9cr\u00e9atives et sportives","og_description":"[vc_row][vc_column width=\u00a0\u00bb1\/1&Prime;][vc_column_text css=\u00a0\u00bb.vc_custom_1613054151015{margin-bottom: 0px !important;}\u00a0\u00bb] Au moment o\u00f9 survient une commotion c\u00e9r\u00e9brale, chaque intervenant joue un r\u00f4le strat\u00e9gique en mati\u00e8re [&hellip;]","og_url":"https:\/\/www.guides-sports-loisirs.ca\/commotions-cerebrales\/roles-et-responsabilites\/personne-responsable-application\/","og_site_name":"Commotions c\u00e9r\u00e9brales : activit\u00e9s r\u00e9cr\u00e9atives et sportives","article_modified_time":"2021-02-26T18:28:48+00:00","twitter_card":"summary_large_image","twitter_misc":{"Dur\u00e9e de lecture estim\u00e9e":"1 minute"},"schema":{"@context":"https:\/\/schema.org","@graph":[{"@type":"WebPage","@id":"https:\/\/www.guides-sports-loisirs.ca\/commotions-cerebrales\/roles-et-responsabilites\/personne-responsable-application\/","url":"https:\/\/www.guides-sports-loisirs.ca\/commotions-cerebrales\/roles-et-responsabilites\/personne-responsable-application\/","name":"Personne responsable de l'application du protocole dans un \u00e9tablissement d'enseignement - Commotions c\u00e9r\u00e9brales : activit\u00e9s r\u00e9cr\u00e9atives et sportives","isPartOf":{"@id":"https:\/\/www.guides-sports-loisirs.ca\/commotions-cerebrales\/#website"},"datePublished":"2021-02-17T14:52:19+00:00","dateModified":"2021-02-26T18:28:48+00:00","breadcrumb":{"@id":"https:\/\/www.guides-sports-loisirs.ca\/commotions-cerebrales\/roles-et-responsabilites\/personne-responsable-application\/#breadcrumb"},"inLanguage":"fr-FR","potentialAction":[{"@type":"ReadAction","target":["https:\/\/www.guides-sports-loisirs.ca\/commotions-cerebrales\/roles-et-responsabilites\/personne-responsable-application\/"]}]},{"@type":"BreadcrumbList","@id":"https:\/\/www.guides-sports-loisirs.ca\/commotions-cerebrales\/roles-et-responsabilites\/personne-responsable-application\/#breadcrumb","itemListElement":[{"@type":"ListItem","position":1,"name":"Accueil","item":"https:\/\/www.guides-sports-loisirs.ca\/commotions-cerebrales\/"},{"@type":"ListItem","position":2,"name":"R\u00f4les et responsabilit\u00e9s","item":"https:\/\/www.guides-sports-loisirs.ca\/commotions-cerebrales\/roles-et-responsabilites\/"},{"@type":"ListItem","position":3,"name":"Personne responsable de l&rsquo;application du protocole dans un \u00e9tablissement d&rsquo;enseignement"}]},{"@type":"WebSite","@id":"https:\/\/www.guides-sports-loisirs.ca\/commotions-cerebrales\/#website","url":"https:\/\/www.guides-sports-loisirs.ca\/commotions-cerebrales\/","name":"Commotions c\u00e9r\u00e9brales : activit\u00e9s r\u00e9cr\u00e9atives et sportives","description":"Commotions c\u00e9r\u00e9brales","potentialAction":[{"@type":"SearchAction","target":{"@type":"EntryPoint","urlTemplate":"https:\/\/www.guides-sports-loisirs.ca\/commotions-cerebrales\/?s={search_term_string}"},"query-input":{"@type":"PropertyValueSpecification","valueRequired":true,"valueName":"search_term_string"}}],"inLanguage":"fr-FR"}]}},"_links":{"self":[{"href":"https:\/\/www.guides-sports-loisirs.ca\/commotions-cerebrales\/wp-json\/wp\/v2\/pages\/3957","targetHints":{"allow":["GET"]}}],"collection":[{"href":"https:\/\/www.guides-sports-loisirs.ca\/commotions-cerebrales\/wp-json\/wp\/v2\/pages"}],"about":[{"href":"https:\/\/www.guides-sports-loisirs.ca\/commotions-cerebrales\/wp-json\/wp\/v2\/types\/page"}],"author":[{"embeddable":true,"href":"https:\/\/www.guides-sports-loisirs.ca\/commotions-cerebrales\/wp-json\/wp\/v2\/users\/11"}],"replies":[{"embeddable":true,"href":"https:\/\/www.guides-sports-loisirs.ca\/commotions-cerebrales\/wp-json\/wp\/v2\/comments?post=3957"}],"version-history":[{"count":2,"href":"https:\/\/www.guides-sports-loisirs.ca\/commotions-cerebrales\/wp-json\/wp\/v2\/pages\/3957\/revisions"}],"predecessor-version":[{"id":4012,"href":"https:\/\/www.guides-sports-loisirs.ca\/commotions-cerebrales\/wp-json\/wp\/v2\/pages\/3957\/revisions\/4012"}],"up":[{"embeddable":true,"href":"https:\/\/www.guides-sports-loisirs.ca\/commotions-cerebrales\/wp-json\/wp\/v2\/pages\/3507"}],"wp:attachment":[{"href":"https:\/\/www.guides-sports-loisirs.ca\/commotions-cerebrales\/wp-json\/wp\/v2\/media?parent=3957"}],"curies":[{"name":"wp","href":"https:\/\/api.w.org\/{rel}","templated":true}]}}