{"id":3507,"date":"2021-01-27T09:35:44","date_gmt":"2021-01-27T14:35:44","guid":{"rendered":"https:\/\/www.guides-sports-loisirs.ca\/commotions-cerebrales\/?page_id=3507"},"modified":"2021-02-26T13:27:23","modified_gmt":"2021-02-26T18:27:23","slug":"roles-et-responsabilites","status":"publish","type":"page","link":"https:\/\/www.guides-sports-loisirs.ca\/commotions-cerebrales\/roles-et-responsabilites\/","title":{"rendered":"R\u00f4les et responsabilit\u00e9s"},"content":{"rendered":"<div class=\"wpb-content-wrapper\"><p>[vc_row row_height_percent=\u00a0\u00bb0&Prime; overlay_alpha=\u00a0\u00bb50&Prime; gutter_size=\u00a0\u00bb3&Prime; shift_y=\u00a0\u00bb0&Prime; css=\u00a0\u00bb.vc_custom_1569206999586{margin-top: 40px !important;margin-bottom: 50px !important;}\u00a0\u00bb][vc_column width=\u00a0\u00bb1\/1&Prime;][vc_row_inner row_inner_height_percent=\u00a0\u00bb0&Prime; overlay_alpha=\u00a0\u00bb50&Prime; gutter_size=\u00a0\u00bb3&Prime; shift_y=\u00a0\u00bb0&Prime;][vc_column_inner column_width_percent=\u00a0\u00bb100&Prime; gutter_size=\u00a0\u00bb0&Prime; override_padding=\u00a0\u00bbyes\u00a0\u00bb column_padding=\u00a0\u00bb0&Prime; back_color=\u00a0\u00bbcolor-xsdn\u00a0\u00bb overlay_alpha=\u00a0\u00bb50&Prime; shift_x=\u00a0\u00bb0&Prime; shift_y=\u00a0\u00bb0&Prime; z_index=\u00a0\u00bb0&Prime; medium_width=\u00a0\u00bb0&Prime; width=\u00a0\u00bb1\/4&Prime; el_class=\u00a0\u00bbbox-menu\u00a0\u00bb link_to=\u00a0\u00bb|||\u00a0\u00bb][vc_custom_heading heading_semantic=\u00a0\u00bbh3&Prime; text_size=\u00a0\u00bbh3&Prime; text_weight=\u00a0\u00bb700&Prime; text_color=\u00a0\u00bbcolor-xsdn\u00a0\u00bb el_class=\u00a0\u00bbtitre\u00a0\u00bb]PARTICIPANTS[\/vc_custom_heading][vc_column_text el_class=\u00a0\u00bbtexte\u00a0\u00bb]Au moment o\u00f9 survient une commotion c\u00e9r\u00e9brale, chaque intervenant joue un r\u00f4le strat\u00e9gique en mati\u00e8re de concertation et de transmission d\u2019informations. La qualit\u00e9 de la communication entre tous est la condition cl\u00e9 d\u2019un encadrement efficace et coh\u00e9rent.<\/p>\n<p>Pour ce faire, les participants, les parents et le personnel d\u2019encadrement doivent conna\u00eetre leurs r\u00f4les et responsabilit\u00e9s.[\/vc_column_text][vc_separator sep_color=\u00a0\u00bbcolor-193714&Prime; el_width=\u00a0\u00bb100%\u00a0\u00bb el_height=\u00a0\u00bb1px\u00a0\u00bb][vc_column_text el_class=\u00a0\u00bblien\u00a0\u00bb]<a href=\"https:\/\/www.guides-sports-loisirs.ca\/commotions-cerebrales\/roles-et-responsabilites\/participants\/\">En savoir plus<\/a> <img decoding=\"async\" class=\"alignnone wp-image-3830 size-full\" src=\"https:\/\/www.guides-sports-loisirs.ca\/commotions-cerebrales\/wp-content\/uploads\/sites\/16\/2021\/02\/icone_lire-plus-1.png\" alt=\"Icone lire plus\" width=\"22\" height=\"21\" \/>[\/vc_column_text][vc_separator sep_color=\u00a0\u00bbcolor-193714&Prime; el_width=\u00a0\u00bb100%\u00a0\u00bb el_height=\u00a0\u00bb1px\u00a0\u00bb][vc_column_text el_class=\u00a0\u00bblien\u00a0\u00bb]<a href=\"https:\/\/www.guides-sports-loisirs.ca\/commotions-cerebrales\/wp-content\/uploads\/sites\/16\/2021\/02\/3.1_RolesEtResponsabilites_Web.pdf\" target=\"_blank\" rel=\"noopener noreferrer\">T\u00e9l\u00e9charger le PDF <\/a><img decoding=\"async\" class=\"alignnone wp-image-3831 size-full\" src=\"https:\/\/www.guides-sports-loisirs.ca\/commotions-cerebrales\/wp-content\/uploads\/sites\/16\/2021\/02\/icone_pdf-1.png\" alt=\"Icone PDF\" width=\"18\" height=\"22\" \/>[\/vc_column_text][\/vc_column_inner][vc_column_inner column_width_percent=\u00a0\u00bb100&Prime; gutter_size=\u00a0\u00bb0&Prime; override_padding=\u00a0\u00bbyes\u00a0\u00bb column_padding=\u00a0\u00bb0&Prime; overlay_alpha=\u00a0\u00bb50&Prime; shift_x=\u00a0\u00bb0&Prime; shift_y=\u00a0\u00bb0&Prime; z_index=\u00a0\u00bb0&Prime; medium_width=\u00a0\u00bb0&Prime; width=\u00a0\u00bb1\/4&Prime; el_class=\u00a0\u00bbbox-menu\u00a0\u00bb][vc_custom_heading heading_semantic=\u00a0\u00bbh3&Prime; text_size=\u00a0\u00bbh3&Prime; text_weight=\u00a0\u00bb700&Prime; text_color=\u00a0\u00bbcolor-xsdn\u00a0\u00bb el_class=\u00a0\u00bbtitre\u00a0\u00bb]PARENTS D&rsquo;UN MINEUR[\/vc_custom_heading][vc_column_text el_class=\u00a0\u00bbtexte\u00a0\u00bb]Au moment o\u00f9 survient une commotion c\u00e9r\u00e9brale, chaque intervenant joue un r\u00f4le strat\u00e9gique en mati\u00e8re de concertation et de transmission d\u2019informations. La qualit\u00e9 de la communication entre tous est la condition cl\u00e9 d\u2019un encadrement efficace et coh\u00e9rent.<\/p>\n<p>Pour ce faire, les participants, les parents et le personnel d\u2019encadrement doivent conna\u00eetre leurs r\u00f4les et responsabilit\u00e9s.[\/vc_column_text][vc_separator sep_color=\u00a0\u00bbcolor-193714&Prime; el_width=\u00a0\u00bb100%\u00a0\u00bb el_height=\u00a0\u00bb1px\u00a0\u00bb][vc_column_text el_class=\u00a0\u00bblien\u00a0\u00bb]<a href=\"https:\/\/www.guides-sports-loisirs.ca\/commotions-cerebrales\/roles-et-responsabilites\/parents-mineur\/\">En savoir plus<\/a> <img decoding=\"async\" class=\"alignnone wp-image-3830 size-full\" src=\"https:\/\/www.guides-sports-loisirs.ca\/commotions-cerebrales\/wp-content\/uploads\/sites\/16\/2021\/02\/icone_lire-plus-1.png\" alt=\"Icone lire plus\" width=\"22\" height=\"21\" \/>[\/vc_column_text][vc_separator sep_color=\u00a0\u00bbcolor-193714&Prime; el_width=\u00a0\u00bb100%\u00a0\u00bb el_height=\u00a0\u00bb1px\u00a0\u00bb][vc_column_text el_class=\u00a0\u00bblien\u00a0\u00bb]<a href=\"https:\/\/www.guides-sports-loisirs.ca\/commotions-cerebrales\/wp-content\/uploads\/sites\/16\/2021\/02\/3.1_RolesEtResponsabilites_Web.pdf\" target=\"_blank\" rel=\"noopener noreferrer\">T\u00e9l\u00e9charger le PDF <\/a><img decoding=\"async\" class=\"alignnone wp-image-3831 size-full\" src=\"https:\/\/www.guides-sports-loisirs.ca\/commotions-cerebrales\/wp-content\/uploads\/sites\/16\/2021\/02\/icone_pdf-1.png\" alt=\"Icone PDF\" width=\"18\" height=\"22\" \/>[\/vc_column_text][\/vc_column_inner][vc_column_inner column_width_percent=\u00a0\u00bb100&Prime; gutter_size=\u00a0\u00bb0&Prime; override_padding=\u00a0\u00bbyes\u00a0\u00bb column_padding=\u00a0\u00bb0&Prime; overlay_alpha=\u00a0\u00bb50&Prime; shift_x=\u00a0\u00bb0&Prime; shift_y=\u00a0\u00bb0&Prime; z_index=\u00a0\u00bb0&Prime; medium_width=\u00a0\u00bb0&Prime; width=\u00a0\u00bb1\/4&Prime; el_class=\u00a0\u00bbbox-menu\u00a0\u00bb][vc_custom_heading heading_semantic=\u00a0\u00bbh3&Prime; text_size=\u00a0\u00bbh3&Prime; text_weight=\u00a0\u00bb700&Prime; text_color=\u00a0\u00bbcolor-xsdn\u00a0\u00bb el_class=\u00a0\u00bbtitre\u00a0\u00bb]PERSONNE RESPONSABLE DU BIEN-\u00caTRE, DE LA SANT\u00c9 ET DE LA S\u00c9CURIT\u00c9 EN MILIEU R\u00c9CR\u00c9ATIF ET SPORTIF[\/vc_custom_heading][vc_column_text el_class=\u00a0\u00bbtexte\u00a0\u00bb]Au moment o\u00f9 survient une commotion c\u00e9r\u00e9brale, chaque intervenant joue un r\u00f4le strat\u00e9gique en mati\u00e8re de concertation et de transmission d\u2019informations. La qualit\u00e9 de la communication entre tous est la condition cl\u00e9 d\u2019un encadrement efficace et coh\u00e9rent.<\/p>\n<p>Pour ce faire, les participants, les parents et le personnel d\u2019encadrement doivent conna\u00eetre leurs r\u00f4les et responsabilit\u00e9s.[\/vc_column_text][vc_separator sep_color=\u00a0\u00bbcolor-193714&Prime; el_width=\u00a0\u00bb100%\u00a0\u00bb el_height=\u00a0\u00bb1px\u00a0\u00bb][vc_column_text el_class=\u00a0\u00bblien\u00a0\u00bb]<a href=\"https:\/\/www.guides-sports-loisirs.ca\/commotions-cerebrales\/roles-et-responsabilites\/personne-responsable-du-bien-etre\/\">En savoir plus<\/a> <img decoding=\"async\" class=\"alignnone wp-image-3830 size-full\" src=\"https:\/\/www.guides-sports-loisirs.ca\/commotions-cerebrales\/wp-content\/uploads\/sites\/16\/2021\/02\/icone_lire-plus-1.png\" alt=\"Icone lire plus\" width=\"22\" height=\"21\" \/>[\/vc_column_text][vc_separator sep_color=\u00a0\u00bbcolor-193714&Prime; el_width=\u00a0\u00bb100%\u00a0\u00bb el_height=\u00a0\u00bb1px\u00a0\u00bb][vc_column_text el_class=\u00a0\u00bblien\u00a0\u00bb]<a href=\"https:\/\/www.guides-sports-loisirs.ca\/commotions-cerebrales\/wp-content\/uploads\/sites\/16\/2021\/02\/3.1_RolesEtResponsabilites_Web.pdf\" target=\"_blank\" rel=\"noopener noreferrer\">T\u00e9l\u00e9charger le PDF <\/a><img decoding=\"async\" class=\"alignnone wp-image-3831 size-full\" src=\"https:\/\/www.guides-sports-loisirs.ca\/commotions-cerebrales\/wp-content\/uploads\/sites\/16\/2021\/02\/icone_pdf-1.png\" alt=\"Icone PDF\" width=\"18\" height=\"22\" \/>[\/vc_column_text][\/vc_column_inner][vc_column_inner column_width_percent=\u00a0\u00bb100&Prime; gutter_size=\u00a0\u00bb0&Prime; override_padding=\u00a0\u00bbyes\u00a0\u00bb column_padding=\u00a0\u00bb0&Prime; overlay_alpha=\u00a0\u00bb50&Prime; shift_x=\u00a0\u00bb0&Prime; shift_y=\u00a0\u00bb0&Prime; z_index=\u00a0\u00bb0&Prime; medium_width=\u00a0\u00bb0&Prime; width=\u00a0\u00bb1\/4&Prime; el_class=\u00a0\u00bbbox-menu\u00a0\u00bb][vc_custom_heading heading_semantic=\u00a0\u00bbh3&Prime; text_size=\u00a0\u00bbh3&Prime; text_weight=\u00a0\u00bb700&Prime; text_color=\u00a0\u00bbcolor-xsdn\u00a0\u00bb el_class=\u00a0\u00bbtitre\u00a0\u00bb]PERSONNE RESPONSABLE DE L&rsquo;APPLICATION DU PROTOCOLE DANS UN \u00c9TABLISSEMENT D&rsquo;ENSEIGNEMENT[\/vc_custom_heading][vc_column_text el_class=\u00a0\u00bbtexte\u00a0\u00bb]Au moment o\u00f9 survient une commotion c\u00e9r\u00e9brale, chaque intervenant joue un r\u00f4le strat\u00e9gique en mati\u00e8re de concertation et de transmission d\u2019informations. La qualit\u00e9 de la communication entre tous est la condition cl\u00e9 d\u2019un encadrement efficace et coh\u00e9rent.<\/p>\n<p>Pour ce faire, les participants, les parents et le personnel d\u2019encadrement doivent conna\u00eetre leurs r\u00f4les et responsabilit\u00e9s.[\/vc_column_text][vc_separator sep_color=\u00a0\u00bbcolor-193714&Prime; el_width=\u00a0\u00bb100%\u00a0\u00bb el_height=\u00a0\u00bb1px\u00a0\u00bb][vc_column_text el_class=\u00a0\u00bblien\u00a0\u00bb]<a href=\"https:\/\/www.guides-sports-loisirs.ca\/commotions-cerebrales\/roles-et-responsabilites\/personne-responsable-application\/\">En savoir plus<\/a> <img decoding=\"async\" class=\"alignnone wp-image-3830 size-full\" src=\"https:\/\/www.guides-sports-loisirs.ca\/commotions-cerebrales\/wp-content\/uploads\/sites\/16\/2021\/02\/icone_lire-plus-1.png\" alt=\"Icone lire plus\" width=\"22\" height=\"21\" \/>[\/vc_column_text][vc_separator sep_color=\u00a0\u00bbcolor-193714&Prime; el_width=\u00a0\u00bb100%\u00a0\u00bb el_height=\u00a0\u00bb1px\u00a0\u00bb][vc_column_text el_class=\u00a0\u00bblien\u00a0\u00bb]<a href=\"https:\/\/www.guides-sports-loisirs.ca\/commotions-cerebrales\/wp-content\/uploads\/sites\/16\/2021\/02\/3.1_RolesEtResponsabilites_Web.pdf\" target=\"_blank\" rel=\"noopener noreferrer\">T\u00e9l\u00e9charger le PDF <\/a><img decoding=\"async\" class=\"alignnone wp-image-3831 size-full\" src=\"https:\/\/www.guides-sports-loisirs.ca\/commotions-cerebrales\/wp-content\/uploads\/sites\/16\/2021\/02\/icone_pdf-1.png\" alt=\"Icone PDF\" width=\"18\" height=\"22\" \/>[\/vc_column_text][\/vc_column_inner][\/vc_row_inner][\/vc_column][\/vc_row]<\/p>\n<\/div>","protected":false},"excerpt":{"rendered":"<p>[vc_row row_height_percent=\u00a0\u00bb0&Prime; overlay_alpha=\u00a0\u00bb50&Prime; gutter_size=\u00a0\u00bb3&Prime; shift_y=\u00a0\u00bb0&Prime; css=\u00a0\u00bb.vc_custom_1569206999586{margin-top: 40px !important;margin-bottom: 50px !important;}\u00a0\u00bb][vc_column width=\u00a0\u00bb1\/1&Prime;][vc_row_inner row_inner_height_percent=\u00a0\u00bb0&Prime; overlay_alpha=\u00a0\u00bb50&Prime; gutter_size=\u00a0\u00bb3&Prime; shift_y=\u00a0\u00bb0&Prime;][vc_column_inner column_width_percent=\u00a0\u00bb100&Prime; gutter_size=\u00a0\u00bb0&Prime; override_padding=\u00a0\u00bbyes\u00a0\u00bb column_padding=\u00a0\u00bb0&Prime; back_color=\u00a0\u00bbcolor-xsdn\u00a0\u00bb [&hellip;]<\/p>\n","protected":false},"author":11,"featured_media":0,"parent":0,"menu_order":3,"comment_status":"closed","ping_status":"closed","template":"","meta":{"_acf_changed":false,"footnotes":""},"class_list":["post-3507","page","type-page","status-publish","hentry"],"acf":[],"yoast_head":"<!-- This site is optimized with the Yoast SEO plugin v27.4 - https:\/\/yoast.com\/product\/yoast-seo-wordpress\/ -->\n<title>R\u00f4les et responsabilit\u00e9s - Commotions c\u00e9r\u00e9brales : activit\u00e9s r\u00e9cr\u00e9atives et sportives<\/title>\n<meta name=\"robots\" content=\"noindex, follow, max-snippet:-1, max-image-preview:large, max-video-preview:-1\" \/>\n<meta property=\"og:locale\" content=\"fr_FR\" \/>\n<meta property=\"og:type\" content=\"article\" \/>\n<meta property=\"og:title\" content=\"R\u00f4les et responsabilit\u00e9s - Commotions c\u00e9r\u00e9brales : activit\u00e9s r\u00e9cr\u00e9atives et sportives\" \/>\n<meta property=\"og:description\" content=\"[vc_row row_height_percent=\u00a0\u00bb0&Prime; overlay_alpha=\u00a0\u00bb50&Prime; gutter_size=\u00a0\u00bb3&Prime; shift_y=\u00a0\u00bb0&Prime; css=\u00a0\u00bb.vc_custom_1569206999586{margin-top: 40px !important;margin-bottom: 50px !important;}\u00a0\u00bb][vc_column width=\u00a0\u00bb1\/1&Prime;][vc_row_inner row_inner_height_percent=\u00a0\u00bb0&Prime; overlay_alpha=\u00a0\u00bb50&Prime; gutter_size=\u00a0\u00bb3&Prime; shift_y=\u00a0\u00bb0&Prime;][vc_column_inner column_width_percent=\u00a0\u00bb100&Prime; gutter_size=\u00a0\u00bb0&Prime; override_padding=\u00a0\u00bbyes\u00a0\u00bb column_padding=\u00a0\u00bb0&Prime; back_color=\u00a0\u00bbcolor-xsdn\u00a0\u00bb [&hellip;]\" \/>\n<meta property=\"og:url\" content=\"https:\/\/www.guides-sports-loisirs.ca\/commotions-cerebrales\/roles-et-responsabilites\/\" \/>\n<meta property=\"og:site_name\" content=\"Commotions c\u00e9r\u00e9brales : activit\u00e9s r\u00e9cr\u00e9atives et sportives\" \/>\n<meta property=\"article:modified_time\" content=\"2021-02-26T18:27:23+00:00\" \/>\n<meta property=\"og:image\" content=\"https:\/\/www.guides-sports-loisirs.ca\/commotions-cerebrales\/wp-content\/uploads\/sites\/16\/2021\/02\/icone_lire-plus-1.png\" \/>\n<meta name=\"twitter:card\" content=\"summary_large_image\" \/>\n<meta name=\"twitter:label1\" content=\"Dur\u00e9e de lecture estim\u00e9e\" \/>\n\t<meta name=\"twitter:data1\" content=\"4 minutes\" \/>\n<script type=\"application\/ld+json\" class=\"yoast-schema-graph\">{\"@context\":\"https:\\\/\\\/schema.org\",\"@graph\":[{\"@type\":\"WebPage\",\"@id\":\"https:\\\/\\\/www.guides-sports-loisirs.ca\\\/commotions-cerebrales\\\/roles-et-responsabilites\\\/\",\"url\":\"https:\\\/\\\/www.guides-sports-loisirs.ca\\\/commotions-cerebrales\\\/roles-et-responsabilites\\\/\",\"name\":\"R\u00f4les et responsabilit\u00e9s - Commotions c\u00e9r\u00e9brales : activit\u00e9s r\u00e9cr\u00e9atives et sportives\",\"isPartOf\":{\"@id\":\"https:\\\/\\\/www.guides-sports-loisirs.ca\\\/commotions-cerebrales\\\/#website\"},\"primaryImageOfPage\":{\"@id\":\"https:\\\/\\\/www.guides-sports-loisirs.ca\\\/commotions-cerebrales\\\/roles-et-responsabilites\\\/#primaryimage\"},\"image\":{\"@id\":\"https:\\\/\\\/www.guides-sports-loisirs.ca\\\/commotions-cerebrales\\\/roles-et-responsabilites\\\/#primaryimage\"},\"thumbnailUrl\":\"https:\\\/\\\/www.guides-sports-loisirs.ca\\\/commotions-cerebrales\\\/wp-content\\\/uploads\\\/sites\\\/16\\\/2021\\\/02\\\/icone_lire-plus-1.png\",\"datePublished\":\"2021-01-27T14:35:44+00:00\",\"dateModified\":\"2021-02-26T18:27:23+00:00\",\"breadcrumb\":{\"@id\":\"https:\\\/\\\/www.guides-sports-loisirs.ca\\\/commotions-cerebrales\\\/roles-et-responsabilites\\\/#breadcrumb\"},\"inLanguage\":\"fr-FR\",\"potentialAction\":[{\"@type\":\"ReadAction\",\"target\":[\"https:\\\/\\\/www.guides-sports-loisirs.ca\\\/commotions-cerebrales\\\/roles-et-responsabilites\\\/\"]}]},{\"@type\":\"ImageObject\",\"inLanguage\":\"fr-FR\",\"@id\":\"https:\\\/\\\/www.guides-sports-loisirs.ca\\\/commotions-cerebrales\\\/roles-et-responsabilites\\\/#primaryimage\",\"url\":\"https:\\\/\\\/www.guides-sports-loisirs.ca\\\/commotions-cerebrales\\\/wp-content\\\/uploads\\\/sites\\\/16\\\/2021\\\/02\\\/icone_lire-plus-1.png\",\"contentUrl\":\"https:\\\/\\\/www.guides-sports-loisirs.ca\\\/commotions-cerebrales\\\/wp-content\\\/uploads\\\/sites\\\/16\\\/2021\\\/02\\\/icone_lire-plus-1.png\",\"width\":22,\"height\":21,\"caption\":\"Icone lire plus\"},{\"@type\":\"BreadcrumbList\",\"@id\":\"https:\\\/\\\/www.guides-sports-loisirs.ca\\\/commotions-cerebrales\\\/roles-et-responsabilites\\\/#breadcrumb\",\"itemListElement\":[{\"@type\":\"ListItem\",\"position\":1,\"name\":\"Accueil\",\"item\":\"https:\\\/\\\/www.guides-sports-loisirs.ca\\\/commotions-cerebrales\\\/\"},{\"@type\":\"ListItem\",\"position\":2,\"name\":\"R\u00f4les et responsabilit\u00e9s\"}]},{\"@type\":\"WebSite\",\"@id\":\"https:\\\/\\\/www.guides-sports-loisirs.ca\\\/commotions-cerebrales\\\/#website\",\"url\":\"https:\\\/\\\/www.guides-sports-loisirs.ca\\\/commotions-cerebrales\\\/\",\"name\":\"Commotions c\u00e9r\u00e9brales : activit\u00e9s r\u00e9cr\u00e9atives et sportives\",\"description\":\"Commotions c\u00e9r\u00e9brales\",\"potentialAction\":[{\"@type\":\"SearchAction\",\"target\":{\"@type\":\"EntryPoint\",\"urlTemplate\":\"https:\\\/\\\/www.guides-sports-loisirs.ca\\\/commotions-cerebrales\\\/?s={search_term_string}\"},\"query-input\":{\"@type\":\"PropertyValueSpecification\",\"valueRequired\":true,\"valueName\":\"search_term_string\"}}],\"inLanguage\":\"fr-FR\"}]}<\/script>\n<!-- \/ Yoast SEO plugin. -->","yoast_head_json":{"title":"R\u00f4les et responsabilit\u00e9s - Commotions c\u00e9r\u00e9brales : activit\u00e9s r\u00e9cr\u00e9atives et sportives","robots":{"index":"noindex","follow":"follow","max-snippet":"max-snippet:-1","max-image-preview":"max-image-preview:large","max-video-preview":"max-video-preview:-1"},"og_locale":"fr_FR","og_type":"article","og_title":"R\u00f4les et responsabilit\u00e9s - Commotions c\u00e9r\u00e9brales : activit\u00e9s r\u00e9cr\u00e9atives et sportives","og_description":"[vc_row row_height_percent=\u00a0\u00bb0&Prime; overlay_alpha=\u00a0\u00bb50&Prime; gutter_size=\u00a0\u00bb3&Prime; shift_y=\u00a0\u00bb0&Prime; css=\u00a0\u00bb.vc_custom_1569206999586{margin-top: 40px !important;margin-bottom: 50px !important;}\u00a0\u00bb][vc_column width=\u00a0\u00bb1\/1&Prime;][vc_row_inner row_inner_height_percent=\u00a0\u00bb0&Prime; overlay_alpha=\u00a0\u00bb50&Prime; gutter_size=\u00a0\u00bb3&Prime; shift_y=\u00a0\u00bb0&Prime;][vc_column_inner column_width_percent=\u00a0\u00bb100&Prime; gutter_size=\u00a0\u00bb0&Prime; override_padding=\u00a0\u00bbyes\u00a0\u00bb column_padding=\u00a0\u00bb0&Prime; back_color=\u00a0\u00bbcolor-xsdn\u00a0\u00bb [&hellip;]","og_url":"https:\/\/www.guides-sports-loisirs.ca\/commotions-cerebrales\/roles-et-responsabilites\/","og_site_name":"Commotions c\u00e9r\u00e9brales : activit\u00e9s r\u00e9cr\u00e9atives et sportives","article_modified_time":"2021-02-26T18:27:23+00:00","og_image":[{"url":"https:\/\/www.guides-sports-loisirs.ca\/commotions-cerebrales\/wp-content\/uploads\/sites\/16\/2021\/02\/icone_lire-plus-1.png","type":"","width":"","height":""}],"twitter_card":"summary_large_image","twitter_misc":{"Dur\u00e9e de lecture estim\u00e9e":"4 minutes"},"schema":{"@context":"https:\/\/schema.org","@graph":[{"@type":"WebPage","@id":"https:\/\/www.guides-sports-loisirs.ca\/commotions-cerebrales\/roles-et-responsabilites\/","url":"https:\/\/www.guides-sports-loisirs.ca\/commotions-cerebrales\/roles-et-responsabilites\/","name":"R\u00f4les et responsabilit\u00e9s - Commotions c\u00e9r\u00e9brales : activit\u00e9s r\u00e9cr\u00e9atives et sportives","isPartOf":{"@id":"https:\/\/www.guides-sports-loisirs.ca\/commotions-cerebrales\/#website"},"primaryImageOfPage":{"@id":"https:\/\/www.guides-sports-loisirs.ca\/commotions-cerebrales\/roles-et-responsabilites\/#primaryimage"},"image":{"@id":"https:\/\/www.guides-sports-loisirs.ca\/commotions-cerebrales\/roles-et-responsabilites\/#primaryimage"},"thumbnailUrl":"https:\/\/www.guides-sports-loisirs.ca\/commotions-cerebrales\/wp-content\/uploads\/sites\/16\/2021\/02\/icone_lire-plus-1.png","datePublished":"2021-01-27T14:35:44+00:00","dateModified":"2021-02-26T18:27:23+00:00","breadcrumb":{"@id":"https:\/\/www.guides-sports-loisirs.ca\/commotions-cerebrales\/roles-et-responsabilites\/#breadcrumb"},"inLanguage":"fr-FR","potentialAction":[{"@type":"ReadAction","target":["https:\/\/www.guides-sports-loisirs.ca\/commotions-cerebrales\/roles-et-responsabilites\/"]}]},{"@type":"ImageObject","inLanguage":"fr-FR","@id":"https:\/\/www.guides-sports-loisirs.ca\/commotions-cerebrales\/roles-et-responsabilites\/#primaryimage","url":"https:\/\/www.guides-sports-loisirs.ca\/commotions-cerebrales\/wp-content\/uploads\/sites\/16\/2021\/02\/icone_lire-plus-1.png","contentUrl":"https:\/\/www.guides-sports-loisirs.ca\/commotions-cerebrales\/wp-content\/uploads\/sites\/16\/2021\/02\/icone_lire-plus-1.png","width":22,"height":21,"caption":"Icone lire plus"},{"@type":"BreadcrumbList","@id":"https:\/\/www.guides-sports-loisirs.ca\/commotions-cerebrales\/roles-et-responsabilites\/#breadcrumb","itemListElement":[{"@type":"ListItem","position":1,"name":"Accueil","item":"https:\/\/www.guides-sports-loisirs.ca\/commotions-cerebrales\/"},{"@type":"ListItem","position":2,"name":"R\u00f4les et responsabilit\u00e9s"}]},{"@type":"WebSite","@id":"https:\/\/www.guides-sports-loisirs.ca\/commotions-cerebrales\/#website","url":"https:\/\/www.guides-sports-loisirs.ca\/commotions-cerebrales\/","name":"Commotions c\u00e9r\u00e9brales : activit\u00e9s r\u00e9cr\u00e9atives et sportives","description":"Commotions c\u00e9r\u00e9brales","potentialAction":[{"@type":"SearchAction","target":{"@type":"EntryPoint","urlTemplate":"https:\/\/www.guides-sports-loisirs.ca\/commotions-cerebrales\/?s={search_term_string}"},"query-input":{"@type":"PropertyValueSpecification","valueRequired":true,"valueName":"search_term_string"}}],"inLanguage":"fr-FR"}]}},"_links":{"self":[{"href":"https:\/\/www.guides-sports-loisirs.ca\/commotions-cerebrales\/wp-json\/wp\/v2\/pages\/3507","targetHints":{"allow":["GET"]}}],"collection":[{"href":"https:\/\/www.guides-sports-loisirs.ca\/commotions-cerebrales\/wp-json\/wp\/v2\/pages"}],"about":[{"href":"https:\/\/www.guides-sports-loisirs.ca\/commotions-cerebrales\/wp-json\/wp\/v2\/types\/page"}],"author":[{"embeddable":true,"href":"https:\/\/www.guides-sports-loisirs.ca\/commotions-cerebrales\/wp-json\/wp\/v2\/users\/11"}],"replies":[{"embeddable":true,"href":"https:\/\/www.guides-sports-loisirs.ca\/commotions-cerebrales\/wp-json\/wp\/v2\/comments?post=3507"}],"version-history":[{"count":9,"href":"https:\/\/www.guides-sports-loisirs.ca\/commotions-cerebrales\/wp-json\/wp\/v2\/pages\/3507\/revisions"}],"predecessor-version":[{"id":4008,"href":"https:\/\/www.guides-sports-loisirs.ca\/commotions-cerebrales\/wp-json\/wp\/v2\/pages\/3507\/revisions\/4008"}],"wp:attachment":[{"href":"https:\/\/www.guides-sports-loisirs.ca\/commotions-cerebrales\/wp-json\/wp\/v2\/media?parent=3507"}],"curies":[{"name":"wp","href":"https:\/\/api.w.org\/{rel}","templated":true}]}}