{"id":3331,"date":"2021-01-21T12:13:30","date_gmt":"2021-01-21T17:13:30","guid":{"rendered":"https:\/\/www.guides-sports-loisirs.ca\/commotions-cerebrales\/?page_id=3331"},"modified":"2021-02-26T13:22:47","modified_gmt":"2021-02-26T18:22:47","slug":"campagne-sensibilisation","status":"publish","type":"page","link":"https:\/\/www.guides-sports-loisirs.ca\/commotions-cerebrales\/prevention\/campagne-sensibilisation\/","title":{"rendered":"Campagne de sensibilisation"},"content":{"rendered":"<div class=\"wpb-content-wrapper\"><p>[vc_row][vc_column width=\u00a0\u00bb1\/1&Prime;][vc_column_text]<strong>La premi\u00e8re phase, <em>D\u00c9TECTER<\/em>, <em>Faites-vous une t\u00eate<\/em>, avait \u00e9t\u00e9 lanc\u00e9e en 2018. Elle visait \u00e0 informer les gens sur les signes et les sympt\u00f4mes d\u2019une commotion c\u00e9r\u00e9brale pour qu\u2019ils soient en mesure de reconna\u00eetre celle-ci et d\u2019en faire la gestion.<\/strong><\/p>\n<p><strong>La phase 2 de la campagne, <em>D\u00c9CLARER<\/em>, <em>Tu t\u2019cognes, t\u2019en parles!<\/em>, a \u00e9t\u00e9 lanc\u00e9e en 2019. Cette campagne a \u00e9t\u00e9 faite conjointement avec le minist\u00e8re de la Sant\u00e9 et des Services sociaux. Elle visait \u00e0 encourager les participants \u00e0 prendre au s\u00e9rieux ce type de blessure et \u00e0 d\u00e9clarer celle-ci lorsqu\u2019ils en sont victimes.<\/strong><\/p>\n<p><strong>Le mat\u00e9riel promotionnel des deux phases de la campagne est toujours disponible.<\/strong>[\/vc_column_text][\/vc_column][\/vc_row][vc_row][vc_column width=\u00a0\u00bb1\/1&Prime;][vc_row_inner row_inner_height_percent=\u00a0\u00bb0&Prime; overlay_alpha=\u00a0\u00bb50&Prime; gutter_size=\u00a0\u00bb3&Prime; shift_y=\u00a0\u00bb0&Prime; z_index=\u00a0\u00bb0&Prime; css=\u00a0\u00bb.vc_custom_1613049391787{margin-top: 20px !important;}\u00a0\u00bb][vc_column_inner width=\u00a0\u00bb1\/2&Prime;][vc_single_image media=\u00a0\u00bb3852&Prime; media_width_percent=\u00a0\u00bb100&Prime; media_link=\u00a0\u00bburl:https%3A%2F%2Fwww.youtube.com%2Fwatch%3Fv%3DxKbZmuesTyA||target:%20_blank|\u00a0\u00bb][\/vc_column_inner][vc_column_inner width=\u00a0\u00bb1\/2&Prime;][vc_column_text css=\u00a0\u00bb.vc_custom_1613049362880{margin-top: 40px !important;padding-top: 40px !important;}\u00a0\u00bb]<\/p>\n<h3>Commotions c\u00e9r\u00e9brales<br \/>\n<span style=\"color: #cc83b2;\"><em><strong>Les pieds dans le sac<\/strong><\/em><\/span><\/h3>\n<p>[\/vc_column_text][vc_button button_color=\u00a0\u00bbaccent\u00a0\u00bb size=\u00a0\u00bbbtn-lg\u00a0\u00bb radius=\u00a0\u00bbbtn-circle\u00a0\u00bb border_width=\u00a0\u00bb0&Prime; link=\u00a0\u00bburl:https%3A%2F%2Fwww.youtube.com%2Fwatch%3Fv%3DxKbZmuesTyA||target:%20_blank|\u00a0\u00bb icon=\u00a0\u00bbfa fa-video-camera\u00a0\u00bb el_class=\u00a0\u00bbbtn-pdf\u00a0\u00bb]Voir le vid\u00e9o[\/vc_button][\/vc_column_inner][\/vc_row_inner][vc_row_inner row_inner_height_percent=\u00a0\u00bb0&Prime; overlay_alpha=\u00a0\u00bb50&Prime; gutter_size=\u00a0\u00bb3&Prime; shift_y=\u00a0\u00bb0&Prime; z_index=\u00a0\u00bb0&Prime; css=\u00a0\u00bb.vc_custom_1613049391787{margin-top: 20px !important;}\u00a0\u00bb][vc_column_inner width=\u00a0\u00bb1\/2&Prime;][vc_single_image media=\u00a0\u00bb3854&Prime; media_width_percent=\u00a0\u00bb100&Prime; media_link=\u00a0\u00bburl:https%3A%2F%2Fwww.youtube.com%2Fwatch%3Fv%3Df3MIcCqoJYI||target:%20_blank|\u00a0\u00bb][\/vc_column_inner][vc_column_inner width=\u00a0\u00bb1\/2&Prime;][vc_column_text css=\u00a0\u00bb.vc_custom_1613049492962{margin-top: 40px !important;padding-top: 40px !important;}\u00a0\u00bb]<\/p>\n<h3>Commotions c\u00e9r\u00e9brales<br \/>\n<span style=\"color: #cc83b2;\"><em><strong>T\u00eate-\u00e0-t\u00eate sur le terrain<\/strong><\/em><\/span><\/h3>\n<p>[\/vc_column_text][vc_button button_color=\u00a0\u00bbaccent\u00a0\u00bb size=\u00a0\u00bbbtn-lg\u00a0\u00bb radius=\u00a0\u00bbbtn-circle\u00a0\u00bb border_width=\u00a0\u00bb0&Prime; link=\u00a0\u00bburl:https%3A%2F%2Fwww.youtube.com%2Fwatch%3Fv%3Df3MIcCqoJYI||target:%20_blank|\u00a0\u00bb icon=\u00a0\u00bbfa fa-video-camera\u00a0\u00bb el_class=\u00a0\u00bbbtn-pdf\u00a0\u00bb]Voir le vid\u00e9o[\/vc_button][\/vc_column_inner][\/vc_row_inner][vc_row_inner row_inner_height_percent=\u00a0\u00bb0&Prime; overlay_alpha=\u00a0\u00bb50&Prime; gutter_size=\u00a0\u00bb3&Prime; shift_y=\u00a0\u00bb0&Prime; z_index=\u00a0\u00bb0&Prime; css=\u00a0\u00bb.vc_custom_1613049391787{margin-top: 20px !important;}\u00a0\u00bb][vc_column_inner width=\u00a0\u00bb1\/2&Prime;][vc_single_image media=\u00a0\u00bb3853&Prime; media_width_percent=\u00a0\u00bb100&Prime; media_link=\u00a0\u00bburl:https%3A%2F%2Fwww.youtube.com%2Fwatch%3Fv%3DarQKff2YONc%26feature%3Dyoutu.be||target:%20_blank|\u00a0\u00bb][\/vc_column_inner][vc_column_inner width=\u00a0\u00bb1\/2&Prime;][vc_column_text css=\u00a0\u00bb.vc_custom_1613049514894{margin-top: 40px !important;padding-top: 40px !important;}\u00a0\u00bb]<\/p>\n<h3>Commotions c\u00e9r\u00e9brales<br \/>\n<span style=\"color: #cc83b2;\"><em><strong>Direction rez-de-chauss\u00e9e<\/strong><\/em><\/span><\/h3>\n<p>[\/vc_column_text][vc_button button_color=\u00a0\u00bbaccent\u00a0\u00bb size=\u00a0\u00bbbtn-lg\u00a0\u00bb radius=\u00a0\u00bbbtn-circle\u00a0\u00bb border_width=\u00a0\u00bb0&Prime; link=\u00a0\u00bburl:https%3A%2F%2Fwww.youtube.com%2Fwatch%3Fv%3DarQKff2YONc%26feature%3Dyoutu.be||target:%20_blank|\u00a0\u00bb icon=\u00a0\u00bbfa fa-video-camera\u00a0\u00bb el_class=\u00a0\u00bbbtn-pdf\u00a0\u00bb]Voir le vid\u00e9o[\/vc_button][\/vc_column_inner][\/vc_row_inner][\/vc_column][\/vc_row][vc_row][\/vc_row][vc_row row_height_percent=\u00a0\u00bb0&Prime; overlay_alpha=\u00a0\u00bb50&Prime; gutter_size=\u00a0\u00bb3&Prime; shift_y=\u00a0\u00bb0&Prime; css=\u00a0\u00bb.vc_custom_1569108843026{margin-bottom: 50px !important;}\u00a0\u00bb][vc_column width=\u00a0\u00bb1\/1&Prime;][vc_button button_color=\u00a0\u00bbaccent\u00a0\u00bb size=\u00a0\u00bbbtn-lg\u00a0\u00bb radius=\u00a0\u00bbbtn-circle\u00a0\u00bb border_width=\u00a0\u00bb0&Prime; link=\u00a0\u00bburl:https%3A%2F%2Fwww.guides-sports-loisirs.ca%2Fcommotions-cerebrales%2Fwp-content%2Fuploads%2Fsites%2F16%2F2021%2F02%2F1.1_CampagneSensibilisationMaterielPromo_Web.pdf||target:%20_blank|\u00a0\u00bb icon=\u00a0\u00bbfa fa-file-o\u00a0\u00bb el_class=\u00a0\u00bbbtn-pdf\u00a0\u00bb]Version PDF[\/vc_button][\/vc_column][\/vc_row]<\/p>\n<\/div>","protected":false},"excerpt":{"rendered":"<p>[vc_row][vc_column width=\u00a0\u00bb1\/1&Prime;][vc_column_text]La premi\u00e8re phase, D\u00c9TECTER, Faites-vous une t\u00eate, avait \u00e9t\u00e9 lanc\u00e9e en 2018. Elle visait \u00e0 informer les gens sur [&hellip;]<\/p>\n","protected":false},"author":11,"featured_media":0,"parent":1803,"menu_order":5,"comment_status":"closed","ping_status":"closed","template":"","meta":{"_acf_changed":false,"footnotes":""},"class_list":["post-3331","page","type-page","status-publish","hentry"],"acf":[],"yoast_head":"<!-- This site is optimized with the Yoast SEO plugin v27.4 - https:\/\/yoast.com\/product\/yoast-seo-wordpress\/ -->\n<title>Campagne de sensibilisation - Commotions c\u00e9r\u00e9brales : activit\u00e9s r\u00e9cr\u00e9atives et sportives<\/title>\n<meta name=\"robots\" content=\"noindex, follow, max-snippet:-1, max-image-preview:large, max-video-preview:-1\" \/>\n<meta property=\"og:locale\" content=\"fr_FR\" \/>\n<meta property=\"og:type\" content=\"article\" \/>\n<meta property=\"og:title\" content=\"Campagne de sensibilisation - Commotions c\u00e9r\u00e9brales : activit\u00e9s r\u00e9cr\u00e9atives et sportives\" \/>\n<meta property=\"og:description\" content=\"[vc_row][vc_column width=\u00a0\u00bb1\/1&Prime;][vc_column_text]La premi\u00e8re phase, D\u00c9TECTER, Faites-vous une t\u00eate, avait \u00e9t\u00e9 lanc\u00e9e en 2018. Elle visait \u00e0 informer les gens sur [&hellip;]\" \/>\n<meta property=\"og:url\" content=\"https:\/\/www.guides-sports-loisirs.ca\/commotions-cerebrales\/prevention\/campagne-sensibilisation\/\" \/>\n<meta property=\"og:site_name\" content=\"Commotions c\u00e9r\u00e9brales : activit\u00e9s r\u00e9cr\u00e9atives et sportives\" \/>\n<meta property=\"article:modified_time\" content=\"2021-02-26T18:22:47+00:00\" \/>\n<meta name=\"twitter:card\" content=\"summary_large_image\" \/>\n<meta name=\"twitter:label1\" content=\"Dur\u00e9e de lecture estim\u00e9e\" \/>\n\t<meta name=\"twitter:data1\" content=\"2 minutes\" \/>\n<script type=\"application\/ld+json\" class=\"yoast-schema-graph\">{\"@context\":\"https:\\\/\\\/schema.org\",\"@graph\":[{\"@type\":\"WebPage\",\"@id\":\"https:\\\/\\\/www.guides-sports-loisirs.ca\\\/commotions-cerebrales\\\/prevention\\\/campagne-sensibilisation\\\/\",\"url\":\"https:\\\/\\\/www.guides-sports-loisirs.ca\\\/commotions-cerebrales\\\/prevention\\\/campagne-sensibilisation\\\/\",\"name\":\"Campagne de sensibilisation - Commotions c\u00e9r\u00e9brales : activit\u00e9s r\u00e9cr\u00e9atives et sportives\",\"isPartOf\":{\"@id\":\"https:\\\/\\\/www.guides-sports-loisirs.ca\\\/commotions-cerebrales\\\/#website\"},\"datePublished\":\"2021-01-21T17:13:30+00:00\",\"dateModified\":\"2021-02-26T18:22:47+00:00\",\"breadcrumb\":{\"@id\":\"https:\\\/\\\/www.guides-sports-loisirs.ca\\\/commotions-cerebrales\\\/prevention\\\/campagne-sensibilisation\\\/#breadcrumb\"},\"inLanguage\":\"fr-FR\",\"potentialAction\":[{\"@type\":\"ReadAction\",\"target\":[\"https:\\\/\\\/www.guides-sports-loisirs.ca\\\/commotions-cerebrales\\\/prevention\\\/campagne-sensibilisation\\\/\"]}]},{\"@type\":\"BreadcrumbList\",\"@id\":\"https:\\\/\\\/www.guides-sports-loisirs.ca\\\/commotions-cerebrales\\\/prevention\\\/campagne-sensibilisation\\\/#breadcrumb\",\"itemListElement\":[{\"@type\":\"ListItem\",\"position\":1,\"name\":\"Accueil\",\"item\":\"https:\\\/\\\/www.guides-sports-loisirs.ca\\\/commotions-cerebrales\\\/\"},{\"@type\":\"ListItem\",\"position\":2,\"name\":\"Pr\u00e9vention\",\"item\":\"https:\\\/\\\/www.guides-sports-loisirs.ca\\\/commotions-cerebrales\\\/prevention\\\/\"},{\"@type\":\"ListItem\",\"position\":3,\"name\":\"Campagne de sensibilisation\"}]},{\"@type\":\"WebSite\",\"@id\":\"https:\\\/\\\/www.guides-sports-loisirs.ca\\\/commotions-cerebrales\\\/#website\",\"url\":\"https:\\\/\\\/www.guides-sports-loisirs.ca\\\/commotions-cerebrales\\\/\",\"name\":\"Commotions c\u00e9r\u00e9brales : activit\u00e9s r\u00e9cr\u00e9atives et sportives\",\"description\":\"Commotions c\u00e9r\u00e9brales\",\"potentialAction\":[{\"@type\":\"SearchAction\",\"target\":{\"@type\":\"EntryPoint\",\"urlTemplate\":\"https:\\\/\\\/www.guides-sports-loisirs.ca\\\/commotions-cerebrales\\\/?s={search_term_string}\"},\"query-input\":{\"@type\":\"PropertyValueSpecification\",\"valueRequired\":true,\"valueName\":\"search_term_string\"}}],\"inLanguage\":\"fr-FR\"}]}<\/script>\n<!-- \/ Yoast SEO plugin. -->","yoast_head_json":{"title":"Campagne de sensibilisation - Commotions c\u00e9r\u00e9brales : activit\u00e9s r\u00e9cr\u00e9atives et sportives","robots":{"index":"noindex","follow":"follow","max-snippet":"max-snippet:-1","max-image-preview":"max-image-preview:large","max-video-preview":"max-video-preview:-1"},"og_locale":"fr_FR","og_type":"article","og_title":"Campagne de sensibilisation - Commotions c\u00e9r\u00e9brales : activit\u00e9s r\u00e9cr\u00e9atives et sportives","og_description":"[vc_row][vc_column width=\u00a0\u00bb1\/1&Prime;][vc_column_text]La premi\u00e8re phase, D\u00c9TECTER, Faites-vous une t\u00eate, avait \u00e9t\u00e9 lanc\u00e9e en 2018. Elle visait \u00e0 informer les gens sur [&hellip;]","og_url":"https:\/\/www.guides-sports-loisirs.ca\/commotions-cerebrales\/prevention\/campagne-sensibilisation\/","og_site_name":"Commotions c\u00e9r\u00e9brales : activit\u00e9s r\u00e9cr\u00e9atives et sportives","article_modified_time":"2021-02-26T18:22:47+00:00","twitter_card":"summary_large_image","twitter_misc":{"Dur\u00e9e de lecture estim\u00e9e":"2 minutes"},"schema":{"@context":"https:\/\/schema.org","@graph":[{"@type":"WebPage","@id":"https:\/\/www.guides-sports-loisirs.ca\/commotions-cerebrales\/prevention\/campagne-sensibilisation\/","url":"https:\/\/www.guides-sports-loisirs.ca\/commotions-cerebrales\/prevention\/campagne-sensibilisation\/","name":"Campagne de sensibilisation - Commotions c\u00e9r\u00e9brales : activit\u00e9s r\u00e9cr\u00e9atives et sportives","isPartOf":{"@id":"https:\/\/www.guides-sports-loisirs.ca\/commotions-cerebrales\/#website"},"datePublished":"2021-01-21T17:13:30+00:00","dateModified":"2021-02-26T18:22:47+00:00","breadcrumb":{"@id":"https:\/\/www.guides-sports-loisirs.ca\/commotions-cerebrales\/prevention\/campagne-sensibilisation\/#breadcrumb"},"inLanguage":"fr-FR","potentialAction":[{"@type":"ReadAction","target":["https:\/\/www.guides-sports-loisirs.ca\/commotions-cerebrales\/prevention\/campagne-sensibilisation\/"]}]},{"@type":"BreadcrumbList","@id":"https:\/\/www.guides-sports-loisirs.ca\/commotions-cerebrales\/prevention\/campagne-sensibilisation\/#breadcrumb","itemListElement":[{"@type":"ListItem","position":1,"name":"Accueil","item":"https:\/\/www.guides-sports-loisirs.ca\/commotions-cerebrales\/"},{"@type":"ListItem","position":2,"name":"Pr\u00e9vention","item":"https:\/\/www.guides-sports-loisirs.ca\/commotions-cerebrales\/prevention\/"},{"@type":"ListItem","position":3,"name":"Campagne de sensibilisation"}]},{"@type":"WebSite","@id":"https:\/\/www.guides-sports-loisirs.ca\/commotions-cerebrales\/#website","url":"https:\/\/www.guides-sports-loisirs.ca\/commotions-cerebrales\/","name":"Commotions c\u00e9r\u00e9brales : activit\u00e9s r\u00e9cr\u00e9atives et sportives","description":"Commotions c\u00e9r\u00e9brales","potentialAction":[{"@type":"SearchAction","target":{"@type":"EntryPoint","urlTemplate":"https:\/\/www.guides-sports-loisirs.ca\/commotions-cerebrales\/?s={search_term_string}"},"query-input":{"@type":"PropertyValueSpecification","valueRequired":true,"valueName":"search_term_string"}}],"inLanguage":"fr-FR"}]}},"_links":{"self":[{"href":"https:\/\/www.guides-sports-loisirs.ca\/commotions-cerebrales\/wp-json\/wp\/v2\/pages\/3331","targetHints":{"allow":["GET"]}}],"collection":[{"href":"https:\/\/www.guides-sports-loisirs.ca\/commotions-cerebrales\/wp-json\/wp\/v2\/pages"}],"about":[{"href":"https:\/\/www.guides-sports-loisirs.ca\/commotions-cerebrales\/wp-json\/wp\/v2\/types\/page"}],"author":[{"embeddable":true,"href":"https:\/\/www.guides-sports-loisirs.ca\/commotions-cerebrales\/wp-json\/wp\/v2\/users\/11"}],"replies":[{"embeddable":true,"href":"https:\/\/www.guides-sports-loisirs.ca\/commotions-cerebrales\/wp-json\/wp\/v2\/comments?post=3331"}],"version-history":[{"count":20,"href":"https:\/\/www.guides-sports-loisirs.ca\/commotions-cerebrales\/wp-json\/wp\/v2\/pages\/3331\/revisions"}],"predecessor-version":[{"id":4001,"href":"https:\/\/www.guides-sports-loisirs.ca\/commotions-cerebrales\/wp-json\/wp\/v2\/pages\/3331\/revisions\/4001"}],"up":[{"embeddable":true,"href":"https:\/\/www.guides-sports-loisirs.ca\/commotions-cerebrales\/wp-json\/wp\/v2\/pages\/1803"}],"wp:attachment":[{"href":"https:\/\/www.guides-sports-loisirs.ca\/commotions-cerebrales\/wp-json\/wp\/v2\/media?parent=3331"}],"curies":[{"name":"wp","href":"https:\/\/api.w.org\/{rel}","templated":true}]}}