{"id":1929,"date":"2020-08-10T08:16:23","date_gmt":"2020-08-10T12:16:23","guid":{"rendered":"https:\/\/www.guides-sports-loisirs.ca\/commotions-cerebrales\/?page_id=1929"},"modified":"2021-02-26T13:23:29","modified_gmt":"2021-02-26T18:23:29","slug":"approche-preventive","status":"publish","type":"page","link":"https:\/\/www.guides-sports-loisirs.ca\/commotions-cerebrales\/prevention\/approche-preventive\/","title":{"rendered":"Approche pr\u00e9ventive"},"content":{"rendered":"<div class=\"wpb-content-wrapper\"><p>[vc_row][vc_column width=\u00a0\u00bb1\/1&Prime;][vc_column_text]<strong>Pour d\u00e9velopper ou maintenir un environnement sain et s\u00e9curitaire, les organisations, le personnel encadrant l\u2019activit\u00e9 et les participants doivent adopter une approche pr\u00e9ventive. Pour ce faire, il est sugg\u00e9r\u00e9 de suivre la d\u00e9marche suivante :<\/strong>[\/vc_column_text][\/vc_column][\/vc_row][vc_row][vc_column width=\u00a0\u00bb1\/1&Prime;][vc_accordion active_tab=\u00a0\u00bb0&Prime;][vc_accordion_tab title=\u00a0\u00bbNATURE DU RISQUE\u00a0\u00bb tab_id=\u00a0\u00bb1611595670-1-56&Prime;][vc_column_text]Identifiez la nature des risques se rapportant \u00e0 l\u2019activit\u00e9 :<br \/>\n\u2022 chutes ou collisions avec des objets ou un co\u00e9quipier;<br \/>\n\u2022 collisions avec un adversaire;<br \/>\n\u2022 contacts physiques autoris\u00e9s;<br \/>\n\u2022 coups \u00e0 la t\u00eate autoris\u00e9s (ex. : certains sports de combat).[\/vc_column_text][\/vc_accordion_tab][vc_accordion_tab title=\u00a0\u00bbANALYSE DES RISQUES\u00a0\u00bb tab_id=\u00a0\u00bb1611595670-2-94&Prime;][vc_column_text]Effectuez une analyse des risques de commotion c\u00e9r\u00e9brale li\u00e9s \u00e0 l\u2019activit\u00e9 en fonction des quatre \u00e9l\u00e9ments suivants :<br \/>\n\u2022 environnement physique (installations, terrain de jeu, \u00e9quipements collectifs, etc.);<br \/>\n\u2022 \u00e9quipement personnel (normes en vigueur, \u00e9quipements de protection, etc.);<br \/>\n\u2022 encadrement (r\u00e8gles de jeu, s\u00e9v\u00e9rit\u00e9 des sanctions, consignes de s\u00e9curit\u00e9, supervision, services de premiers secours, arbitrage, etc.);<br \/>\n\u2022 comportements et attitudes des participants (conditions pr\u00e9alables \u00e0 la pratique, respect des r\u00e8gles de jeu et des consignes de s\u00e9curit\u00e9, respect des capacit\u00e9s des participants, esprit sportif, etc.).[\/vc_column_text][\/vc_accordion_tab][vc_accordion_tab title=\u00a0\u00bbPRINCIPES DIRECTEURS \u00c0 CONSID\u00c9RER\u00a0\u00bb tab_id=\u00a0\u00bb1612987309442-2-8&Prime;][vc_column_text]V\u00e9rifiez si la situation est satisfaisante ou si elle n\u00e9cessite l\u2019ajout de mesures pr\u00e9ventives pour r\u00e9duire le nombre ou l\u2019aggravation des commotions c\u00e9r\u00e9brales. Les mesures pr\u00e9ventives doivent :<br \/>\n\u2022 \u00eatre adapt\u00e9es au contexte;<br \/>\n\u2022 \u00eatre concr\u00e8tes et efficaces;<br \/>\n\u2022 ne pas d\u00e9naturer l\u2019activit\u00e9 ou le sport;<br \/>\n\u2022 \u00eatre rentables sur le plan sportif, social et \u00e9conomique.[\/vc_column_text][\/vc_accordion_tab][vc_accordion_tab title=\u00a0\u00bbSURVEILLANCE AU MOMENT DE L\u2019ACTIVIT\u00c9\u00a0\u00bb tab_id=\u00a0\u00bb1612987396628-3-7&Prime;][vc_column_text]La surveillance des participants est une responsabilit\u00e9 partag\u00e9e par l\u2019ensemble des acteurs impliqu\u00e9s. Retirez un participant \u2013 ou avisez les personnes en autorit\u00e9 de le faire \u2013 dans l\u2019une des situations suivantes :<br \/>\n\u2022 en pr\u00e9sence de tout sympt\u00f4me;<br \/>\n\u2022 \u00e0 la suite d\u2019un impact \u00e0 la t\u00eate ou au corps ou d\u2019un mouvement brusque de la t\u00eate qui aurait pu causer une commotion c\u00e9r\u00e9brale;<br \/>\n\u2022 doute li\u00e9 \u00e0 l\u2019information obtenue du participant;<br \/>\n\u2022 ant\u00e9c\u00e9dents de commotions c\u00e9r\u00e9brales.[\/vc_column_text][\/vc_accordion_tab][\/vc_accordion][\/vc_column][\/vc_row][vc_row][\/vc_row][vc_row row_height_percent=\u00a0\u00bb0&Prime; overlay_alpha=\u00a0\u00bb50&Prime; gutter_size=\u00a0\u00bb3&Prime; shift_y=\u00a0\u00bb0&Prime; css=\u00a0\u00bb.vc_custom_1569108843026{margin-bottom: 50px !important;}\u00a0\u00bb][vc_column width=\u00a0\u00bb1\/1&Prime;][vc_button button_color=\u00a0\u00bbaccent\u00a0\u00bb size=\u00a0\u00bbbtn-lg\u00a0\u00bb radius=\u00a0\u00bbbtn-circle\u00a0\u00bb border_width=\u00a0\u00bb0&Prime; link=\u00a0\u00bburl:https%3A%2F%2Fwww.guides-sports-loisirs.ca%2Fcommotions-cerebrales%2Fwp-content%2Fuploads%2Fsites%2F16%2F2021%2F02%2F1.2_ApprochePreventive_Web.pdf||target:%20_blank|\u00a0\u00bb icon=\u00a0\u00bbfa fa-file-o\u00a0\u00bb el_class=\u00a0\u00bbbtn-pdf\u00a0\u00bb]Version PDF[\/vc_button][\/vc_column][\/vc_row]<\/p>\n<\/div>","protected":false},"excerpt":{"rendered":"<p>[vc_row][vc_column width=\u00a0\u00bb1\/1&Prime;][vc_column_text]Pour d\u00e9velopper ou maintenir un environnement sain et s\u00e9curitaire, les organisations, le personnel encadrant l\u2019activit\u00e9 et les participants doivent [&hellip;]<\/p>\n","protected":false},"author":11,"featured_media":0,"parent":1803,"menu_order":5,"comment_status":"closed","ping_status":"closed","template":"","meta":{"_acf_changed":false,"footnotes":""},"class_list":["post-1929","page","type-page","status-publish","hentry"],"acf":[],"yoast_head":"<!-- This site is optimized with the Yoast SEO plugin v27.4 - https:\/\/yoast.com\/product\/yoast-seo-wordpress\/ -->\n<title>Approche pr\u00e9ventive - Commotions c\u00e9r\u00e9brales : activit\u00e9s r\u00e9cr\u00e9atives et sportives<\/title>\n<meta name=\"robots\" content=\"noindex, follow, max-snippet:-1, max-image-preview:large, max-video-preview:-1\" \/>\n<meta property=\"og:locale\" content=\"fr_FR\" \/>\n<meta property=\"og:type\" content=\"article\" \/>\n<meta property=\"og:title\" content=\"Approche pr\u00e9ventive - Commotions c\u00e9r\u00e9brales : activit\u00e9s r\u00e9cr\u00e9atives et sportives\" \/>\n<meta property=\"og:description\" content=\"[vc_row][vc_column width=\u00a0\u00bb1\/1&Prime;][vc_column_text]Pour d\u00e9velopper ou maintenir un environnement sain et s\u00e9curitaire, les organisations, le personnel encadrant l\u2019activit\u00e9 et les participants doivent [&hellip;]\" \/>\n<meta property=\"og:url\" content=\"https:\/\/www.guides-sports-loisirs.ca\/commotions-cerebrales\/prevention\/approche-preventive\/\" \/>\n<meta property=\"og:site_name\" content=\"Commotions c\u00e9r\u00e9brales : activit\u00e9s r\u00e9cr\u00e9atives et sportives\" \/>\n<meta property=\"article:modified_time\" content=\"2021-02-26T18:23:29+00:00\" \/>\n<meta name=\"twitter:card\" content=\"summary_large_image\" \/>\n<meta name=\"twitter:label1\" content=\"Dur\u00e9e de lecture estim\u00e9e\" \/>\n\t<meta name=\"twitter:data1\" content=\"2 minutes\" \/>\n<script type=\"application\/ld+json\" class=\"yoast-schema-graph\">{\"@context\":\"https:\\\/\\\/schema.org\",\"@graph\":[{\"@type\":\"WebPage\",\"@id\":\"https:\\\/\\\/www.guides-sports-loisirs.ca\\\/commotions-cerebrales\\\/prevention\\\/approche-preventive\\\/\",\"url\":\"https:\\\/\\\/www.guides-sports-loisirs.ca\\\/commotions-cerebrales\\\/prevention\\\/approche-preventive\\\/\",\"name\":\"Approche pr\u00e9ventive - Commotions c\u00e9r\u00e9brales : activit\u00e9s r\u00e9cr\u00e9atives et sportives\",\"isPartOf\":{\"@id\":\"https:\\\/\\\/www.guides-sports-loisirs.ca\\\/commotions-cerebrales\\\/#website\"},\"datePublished\":\"2020-08-10T12:16:23+00:00\",\"dateModified\":\"2021-02-26T18:23:29+00:00\",\"breadcrumb\":{\"@id\":\"https:\\\/\\\/www.guides-sports-loisirs.ca\\\/commotions-cerebrales\\\/prevention\\\/approche-preventive\\\/#breadcrumb\"},\"inLanguage\":\"fr-FR\",\"potentialAction\":[{\"@type\":\"ReadAction\",\"target\":[\"https:\\\/\\\/www.guides-sports-loisirs.ca\\\/commotions-cerebrales\\\/prevention\\\/approche-preventive\\\/\"]}]},{\"@type\":\"BreadcrumbList\",\"@id\":\"https:\\\/\\\/www.guides-sports-loisirs.ca\\\/commotions-cerebrales\\\/prevention\\\/approche-preventive\\\/#breadcrumb\",\"itemListElement\":[{\"@type\":\"ListItem\",\"position\":1,\"name\":\"Accueil\",\"item\":\"https:\\\/\\\/www.guides-sports-loisirs.ca\\\/commotions-cerebrales\\\/\"},{\"@type\":\"ListItem\",\"position\":2,\"name\":\"Pr\u00e9vention\",\"item\":\"https:\\\/\\\/www.guides-sports-loisirs.ca\\\/commotions-cerebrales\\\/prevention\\\/\"},{\"@type\":\"ListItem\",\"position\":3,\"name\":\"Approche pr\u00e9ventive\"}]},{\"@type\":\"WebSite\",\"@id\":\"https:\\\/\\\/www.guides-sports-loisirs.ca\\\/commotions-cerebrales\\\/#website\",\"url\":\"https:\\\/\\\/www.guides-sports-loisirs.ca\\\/commotions-cerebrales\\\/\",\"name\":\"Commotions c\u00e9r\u00e9brales : activit\u00e9s r\u00e9cr\u00e9atives et sportives\",\"description\":\"Commotions c\u00e9r\u00e9brales\",\"potentialAction\":[{\"@type\":\"SearchAction\",\"target\":{\"@type\":\"EntryPoint\",\"urlTemplate\":\"https:\\\/\\\/www.guides-sports-loisirs.ca\\\/commotions-cerebrales\\\/?s={search_term_string}\"},\"query-input\":{\"@type\":\"PropertyValueSpecification\",\"valueRequired\":true,\"valueName\":\"search_term_string\"}}],\"inLanguage\":\"fr-FR\"}]}<\/script>\n<!-- \/ Yoast SEO plugin. -->","yoast_head_json":{"title":"Approche pr\u00e9ventive - Commotions c\u00e9r\u00e9brales : activit\u00e9s r\u00e9cr\u00e9atives et sportives","robots":{"index":"noindex","follow":"follow","max-snippet":"max-snippet:-1","max-image-preview":"max-image-preview:large","max-video-preview":"max-video-preview:-1"},"og_locale":"fr_FR","og_type":"article","og_title":"Approche pr\u00e9ventive - Commotions c\u00e9r\u00e9brales : activit\u00e9s r\u00e9cr\u00e9atives et sportives","og_description":"[vc_row][vc_column width=\u00a0\u00bb1\/1&Prime;][vc_column_text]Pour d\u00e9velopper ou maintenir un environnement sain et s\u00e9curitaire, les organisations, le personnel encadrant l\u2019activit\u00e9 et les participants doivent [&hellip;]","og_url":"https:\/\/www.guides-sports-loisirs.ca\/commotions-cerebrales\/prevention\/approche-preventive\/","og_site_name":"Commotions c\u00e9r\u00e9brales : activit\u00e9s r\u00e9cr\u00e9atives et sportives","article_modified_time":"2021-02-26T18:23:29+00:00","twitter_card":"summary_large_image","twitter_misc":{"Dur\u00e9e de lecture estim\u00e9e":"2 minutes"},"schema":{"@context":"https:\/\/schema.org","@graph":[{"@type":"WebPage","@id":"https:\/\/www.guides-sports-loisirs.ca\/commotions-cerebrales\/prevention\/approche-preventive\/","url":"https:\/\/www.guides-sports-loisirs.ca\/commotions-cerebrales\/prevention\/approche-preventive\/","name":"Approche pr\u00e9ventive - Commotions c\u00e9r\u00e9brales : activit\u00e9s r\u00e9cr\u00e9atives et sportives","isPartOf":{"@id":"https:\/\/www.guides-sports-loisirs.ca\/commotions-cerebrales\/#website"},"datePublished":"2020-08-10T12:16:23+00:00","dateModified":"2021-02-26T18:23:29+00:00","breadcrumb":{"@id":"https:\/\/www.guides-sports-loisirs.ca\/commotions-cerebrales\/prevention\/approche-preventive\/#breadcrumb"},"inLanguage":"fr-FR","potentialAction":[{"@type":"ReadAction","target":["https:\/\/www.guides-sports-loisirs.ca\/commotions-cerebrales\/prevention\/approche-preventive\/"]}]},{"@type":"BreadcrumbList","@id":"https:\/\/www.guides-sports-loisirs.ca\/commotions-cerebrales\/prevention\/approche-preventive\/#breadcrumb","itemListElement":[{"@type":"ListItem","position":1,"name":"Accueil","item":"https:\/\/www.guides-sports-loisirs.ca\/commotions-cerebrales\/"},{"@type":"ListItem","position":2,"name":"Pr\u00e9vention","item":"https:\/\/www.guides-sports-loisirs.ca\/commotions-cerebrales\/prevention\/"},{"@type":"ListItem","position":3,"name":"Approche pr\u00e9ventive"}]},{"@type":"WebSite","@id":"https:\/\/www.guides-sports-loisirs.ca\/commotions-cerebrales\/#website","url":"https:\/\/www.guides-sports-loisirs.ca\/commotions-cerebrales\/","name":"Commotions c\u00e9r\u00e9brales : activit\u00e9s r\u00e9cr\u00e9atives et sportives","description":"Commotions c\u00e9r\u00e9brales","potentialAction":[{"@type":"SearchAction","target":{"@type":"EntryPoint","urlTemplate":"https:\/\/www.guides-sports-loisirs.ca\/commotions-cerebrales\/?s={search_term_string}"},"query-input":{"@type":"PropertyValueSpecification","valueRequired":true,"valueName":"search_term_string"}}],"inLanguage":"fr-FR"}]}},"_links":{"self":[{"href":"https:\/\/www.guides-sports-loisirs.ca\/commotions-cerebrales\/wp-json\/wp\/v2\/pages\/1929","targetHints":{"allow":["GET"]}}],"collection":[{"href":"https:\/\/www.guides-sports-loisirs.ca\/commotions-cerebrales\/wp-json\/wp\/v2\/pages"}],"about":[{"href":"https:\/\/www.guides-sports-loisirs.ca\/commotions-cerebrales\/wp-json\/wp\/v2\/types\/page"}],"author":[{"embeddable":true,"href":"https:\/\/www.guides-sports-loisirs.ca\/commotions-cerebrales\/wp-json\/wp\/v2\/users\/11"}],"replies":[{"embeddable":true,"href":"https:\/\/www.guides-sports-loisirs.ca\/commotions-cerebrales\/wp-json\/wp\/v2\/comments?post=1929"}],"version-history":[{"count":52,"href":"https:\/\/www.guides-sports-loisirs.ca\/commotions-cerebrales\/wp-json\/wp\/v2\/pages\/1929\/revisions"}],"predecessor-version":[{"id":4003,"href":"https:\/\/www.guides-sports-loisirs.ca\/commotions-cerebrales\/wp-json\/wp\/v2\/pages\/1929\/revisions\/4003"}],"up":[{"embeddable":true,"href":"https:\/\/www.guides-sports-loisirs.ca\/commotions-cerebrales\/wp-json\/wp\/v2\/pages\/1803"}],"wp:attachment":[{"href":"https:\/\/www.guides-sports-loisirs.ca\/commotions-cerebrales\/wp-json\/wp\/v2\/media?parent=1929"}],"curies":[{"name":"wp","href":"https:\/\/api.w.org\/{rel}","templated":true}]}}