{"id":1803,"date":"2020-08-10T09:00:40","date_gmt":"2020-08-10T13:00:40","guid":{"rendered":"https:\/\/www.guides-sports-loisirs.ca\/commotions-cerebrales\/?page_id=1803"},"modified":"2021-02-26T13:22:01","modified_gmt":"2021-02-26T18:22:01","slug":"prevention","status":"publish","type":"page","link":"https:\/\/www.guides-sports-loisirs.ca\/commotions-cerebrales\/prevention\/","title":{"rendered":"Pr\u00e9vention"},"content":{"rendered":"<div class=\"wpb-content-wrapper\"><p>[vc_row row_height_percent=\u00a0\u00bb0&Prime; overlay_alpha=\u00a0\u00bb50&Prime; gutter_size=\u00a0\u00bb3&Prime; column_width_percent=\u00a0\u00bb100&Prime; shift_y=\u00a0\u00bb0&Prime; z_index=\u00a0\u00bb0&Prime; css=\u00a0\u00bb.vc_custom_1611590174358{margin-top: 40px !important;margin-bottom: 50px !important;}\u00a0\u00bb][vc_column width=\u00a0\u00bb1\/1&Prime;][vc_row_inner row_inner_height_percent=\u00a0\u00bb0&Prime; overlay_alpha=\u00a0\u00bb50&Prime; gutter_size=\u00a0\u00bb3&Prime; shift_y=\u00a0\u00bb0&Prime; z_index=\u00a0\u00bb0&Prime;][vc_column_inner column_width_percent=\u00a0\u00bb100&Prime; gutter_size=\u00a0\u00bb0&Prime; override_padding=\u00a0\u00bbyes\u00a0\u00bb column_padding=\u00a0\u00bb0&Prime; back_color=\u00a0\u00bbcolor-xsdn\u00a0\u00bb overlay_alpha=\u00a0\u00bb50&Prime; shift_x=\u00a0\u00bb0&Prime; shift_y=\u00a0\u00bb0&Prime; shift_y_down=\u00a0\u00bb0&Prime; z_index=\u00a0\u00bb0&Prime; medium_width=\u00a0\u00bb0&Prime; mobile_width=\u00a0\u00bb0&Prime; width=\u00a0\u00bb1\/4&Prime; el_class=\u00a0\u00bbbox-menu\u00a0\u00bb link_to=\u00a0\u00bb|||\u00a0\u00bb][vc_custom_heading heading_semantic=\u00a0\u00bbh3&Prime; text_size=\u00a0\u00bbh3&Prime; text_weight=\u00a0\u00bb700&Prime; text_color=\u00a0\u00bbcolor-xsdn\u00a0\u00bb el_class=\u00a0\u00bbtitre\u00a0\u00bb]CAMPAGNE DE SENSIBILISATION[\/vc_custom_heading][vc_column_text el_class=\u00a0\u00bbtexte\u00a0\u00bb]La premi\u00e8re phase, D\u00c9TECTER, Faites-vous une t\u00eate, avait \u00e9t\u00e9 lanc\u00e9e en 2018. Elle visait \u00e0 informer les gens sur les signes et les sympt\u00f4mes d\u2019une commotion c\u00e9r\u00e9brale pour qu\u2019ils soient en mesure de reconna\u00eetre celle-ci et d\u2019en faire la gestion.[\/vc_column_text][vc_separator sep_color=\u00a0\u00bbcolor-193714&Prime; el_width=\u00a0\u00bb100%\u00a0\u00bb el_height=\u00a0\u00bb1px\u00a0\u00bb][vc_column_text el_class=\u00a0\u00bblien\u00a0\u00bb]<a href=\"https:\/\/www.guides-sports-loisirs.ca\/commotions-cerebrales\/prevention\/campagne-sensibilisation\/\">En savoir plus<\/a> <img decoding=\"async\" class=\"alignnone wp-image-3830 size-full\" src=\"https:\/\/www.guides-sports-loisirs.ca\/commotions-cerebrales\/wp-content\/uploads\/sites\/16\/2021\/02\/icone_lire-plus-1.png\" alt=\"\" width=\"22\" height=\"21\" \/>[\/vc_column_text][vc_separator sep_color=\u00a0\u00bbcolor-193714&Prime; el_width=\u00a0\u00bb100%\u00a0\u00bb el_height=\u00a0\u00bb1px\u00a0\u00bb][vc_column_text el_class=\u00a0\u00bblien\u00a0\u00bb]<a href=\"https:\/\/www.guides-sports-loisirs.ca\/commotions-cerebrales\/wp-content\/uploads\/sites\/16\/2021\/02\/1.1_CampagneSensibilisationMaterielPromo_Web.pdf\" target=\"_blank\" rel=\"noopener noreferrer\">T\u00e9l\u00e9charger le PDF <\/a><img decoding=\"async\" class=\"alignnone wp-image-3831 size-full\" src=\"https:\/\/www.guides-sports-loisirs.ca\/commotions-cerebrales\/wp-content\/uploads\/sites\/16\/2021\/02\/icone_pdf-1.png\" alt=\"\" width=\"18\" height=\"22\" \/>[\/vc_column_text][\/vc_column_inner][vc_column_inner column_width_percent=\u00a0\u00bb100&Prime; gutter_size=\u00a0\u00bb0&Prime; override_padding=\u00a0\u00bbyes\u00a0\u00bb column_padding=\u00a0\u00bb0&Prime; overlay_alpha=\u00a0\u00bb50&Prime; shift_x=\u00a0\u00bb0&Prime; shift_y=\u00a0\u00bb0&Prime; shift_y_down=\u00a0\u00bb0&Prime; z_index=\u00a0\u00bb0&Prime; medium_width=\u00a0\u00bb4&Prime; mobile_width=\u00a0\u00bb0&Prime; width=\u00a0\u00bb1\/4&Prime; el_class=\u00a0\u00bbbox-menu\u00a0\u00bb][vc_custom_heading heading_semantic=\u00a0\u00bbh3&Prime; text_size=\u00a0\u00bbh3&Prime; text_weight=\u00a0\u00bb700&Prime; text_color=\u00a0\u00bbcolor-xsdn\u00a0\u00bb el_class=\u00a0\u00bbtitre\u00a0\u00bb]MAT\u00c9RIEL PROMOTIONNEL[\/vc_custom_heading][vc_column_text el_class=\u00a0\u00bbtexte\u00a0\u00bb]Le mat\u00e9riel promotionnel des deux phases de la campagne est toujours disponible.[\/vc_column_text][vc_empty_space empty_h=\u00a0\u00bb4&Prime;][vc_separator sep_color=\u00a0\u00bbcolor-193714&Prime; el_width=\u00a0\u00bb100%\u00a0\u00bb el_height=\u00a0\u00bb1px\u00a0\u00bb][vc_column_text el_class=\u00a0\u00bblien\u00a0\u00bb]<a href=\"https:\/\/www.guides-sports-loisirs.ca\/commotions-cerebrales\/prevention\/materiel-promotionnel\/\">En savoir plus<\/a> <img decoding=\"async\" class=\"alignnone wp-image-3830 size-full\" src=\"https:\/\/www.guides-sports-loisirs.ca\/commotions-cerebrales\/wp-content\/uploads\/sites\/16\/2021\/02\/icone_lire-plus-1.png\" alt=\"\" width=\"22\" height=\"21\" \/>[\/vc_column_text][vc_separator sep_color=\u00a0\u00bbcolor-193714&Prime; el_width=\u00a0\u00bb100%\u00a0\u00bb el_height=\u00a0\u00bb1px\u00a0\u00bb][vc_column_text el_class=\u00a0\u00bblien\u00a0\u00bb]<a href=\"https:\/\/www.guides-sports-loisirs.ca\/commotions-cerebrales\/wp-content\/uploads\/sites\/16\/2021\/02\/1.1_CampagneSensibilisationMaterielPromo_Web.pdf\" target=\"_blank\" rel=\"noopener noreferrer\">T\u00e9l\u00e9charger le PDF <\/a><img decoding=\"async\" class=\"alignnone wp-image-3831 size-full\" src=\"https:\/\/www.guides-sports-loisirs.ca\/commotions-cerebrales\/wp-content\/uploads\/sites\/16\/2021\/02\/icone_pdf-1.png\" alt=\"\" width=\"18\" height=\"22\" \/>[\/vc_column_text][\/vc_column_inner][vc_column_inner column_width_percent=\u00a0\u00bb100&Prime; gutter_size=\u00a0\u00bb0&Prime; override_padding=\u00a0\u00bbyes\u00a0\u00bb column_padding=\u00a0\u00bb0&Prime; overlay_alpha=\u00a0\u00bb50&Prime; shift_x=\u00a0\u00bb0&Prime; shift_y=\u00a0\u00bb0&Prime; shift_y_down=\u00a0\u00bb0&Prime; z_index=\u00a0\u00bb0&Prime; medium_width=\u00a0\u00bb4&Prime; mobile_width=\u00a0\u00bb0&Prime; width=\u00a0\u00bb1\/4&Prime; el_class=\u00a0\u00bbbox-menu\u00a0\u00bb][vc_custom_heading heading_semantic=\u00a0\u00bbh3&Prime; text_size=\u00a0\u00bbh3&Prime; text_weight=\u00a0\u00bb700&Prime; text_color=\u00a0\u00bbcolor-xsdn\u00a0\u00bb el_class=\u00a0\u00bbtitre\u00a0\u00bb]APPROCHE PR\u00c9VENTIVE[\/vc_custom_heading][vc_column_text el_class=\u00a0\u00bbtexte\u00a0\u00bb]Pour d\u00e9velopper ou maintenir un environnement sain et s\u00e9curitaire, les organisations, le personnel encadrant l\u2019activit\u00e9 et les participants doivent adopter une approche pr\u00e9ventive. Pour ce faire, il est sugg\u00e9r\u00e9 de suivre la d\u00e9marche suivante :[\/vc_column_text][vc_separator sep_color=\u00a0\u00bbcolor-193714&Prime; el_width=\u00a0\u00bb100%\u00a0\u00bb el_height=\u00a0\u00bb1px\u00a0\u00bb][vc_column_text el_class=\u00a0\u00bblien\u00a0\u00bb]<a href=\"https:\/\/www.guides-sports-loisirs.ca\/commotions-cerebrales\/prevention\/approche-preventive\/\">En savoir plus<\/a> <img decoding=\"async\" class=\"alignnone wp-image-3830 size-full\" src=\"https:\/\/www.guides-sports-loisirs.ca\/commotions-cerebrales\/wp-content\/uploads\/sites\/16\/2021\/02\/icone_lire-plus-1.png\" alt=\"Icone lire plus\" width=\"22\" height=\"21\" \/>[\/vc_column_text][vc_separator sep_color=\u00a0\u00bbcolor-193714&Prime; el_width=\u00a0\u00bb100%\u00a0\u00bb el_height=\u00a0\u00bb1px\u00a0\u00bb][vc_column_text el_class=\u00a0\u00bblien\u00a0\u00bb]<a href=\"https:\/\/www.guides-sports-loisirs.ca\/commotions-cerebrales\/wp-content\/uploads\/sites\/16\/2021\/02\/1.2_ApprochePreventive_Web.pdf\" target=\"_blank\" rel=\"noopener noreferrer\">T\u00e9l\u00e9charger le PDF <\/a><img decoding=\"async\" class=\"alignnone wp-image-3831 size-full\" src=\"https:\/\/www.guides-sports-loisirs.ca\/commotions-cerebrales\/wp-content\/uploads\/sites\/16\/2021\/02\/icone_pdf-1.png\" alt=\"Icone PDF\" width=\"18\" height=\"22\" \/>[\/vc_column_text][\/vc_column_inner][vc_column_inner column_width_percent=\u00a0\u00bb100&Prime; gutter_size=\u00a0\u00bb0&Prime; override_padding=\u00a0\u00bbyes\u00a0\u00bb column_padding=\u00a0\u00bb0&Prime; overlay_alpha=\u00a0\u00bb50&Prime; shift_x=\u00a0\u00bb0&Prime; shift_y=\u00a0\u00bb0&Prime; z_index=\u00a0\u00bb0&Prime; medium_width=\u00a0\u00bb0&Prime; width=\u00a0\u00bb1\/4&Prime; el_class=\u00a0\u00bbbox-menu\u00a0\u00bb][\/vc_column_inner][\/vc_row_inner][\/vc_column][\/vc_row]<\/p>\n<\/div>","protected":false},"excerpt":{"rendered":"<p>[vc_row row_height_percent=\u00a0\u00bb0&Prime; overlay_alpha=\u00a0\u00bb50&Prime; gutter_size=\u00a0\u00bb3&Prime; column_width_percent=\u00a0\u00bb100&Prime; shift_y=\u00a0\u00bb0&Prime; z_index=\u00a0\u00bb0&Prime; css=\u00a0\u00bb.vc_custom_1611590174358{margin-top: 40px !important;margin-bottom: 50px !important;}\u00a0\u00bb][vc_column width=\u00a0\u00bb1\/1&Prime;][vc_row_inner row_inner_height_percent=\u00a0\u00bb0&Prime; overlay_alpha=\u00a0\u00bb50&Prime; gutter_size=\u00a0\u00bb3&Prime; shift_y=\u00a0\u00bb0&Prime; z_index=\u00a0\u00bb0&Prime;][vc_column_inner column_width_percent=\u00a0\u00bb100&Prime; gutter_size=\u00a0\u00bb0&Prime; [&hellip;]<\/p>\n","protected":false},"author":11,"featured_media":0,"parent":0,"menu_order":3,"comment_status":"closed","ping_status":"closed","template":"","meta":{"_acf_changed":false,"footnotes":""},"class_list":["post-1803","page","type-page","status-publish","hentry"],"acf":[],"yoast_head":"<!-- This site is optimized with the Yoast SEO plugin v27.4 - https:\/\/yoast.com\/product\/yoast-seo-wordpress\/ -->\n<title>Pr\u00e9vention - Commotions c\u00e9r\u00e9brales : activit\u00e9s r\u00e9cr\u00e9atives et sportives<\/title>\n<meta name=\"robots\" content=\"noindex, follow, max-snippet:-1, max-image-preview:large, max-video-preview:-1\" \/>\n<meta property=\"og:locale\" content=\"fr_FR\" \/>\n<meta property=\"og:type\" content=\"article\" \/>\n<meta property=\"og:title\" content=\"Pr\u00e9vention - Commotions c\u00e9r\u00e9brales : activit\u00e9s r\u00e9cr\u00e9atives et sportives\" \/>\n<meta property=\"og:description\" content=\"[vc_row row_height_percent=\u00a0\u00bb0&Prime; overlay_alpha=\u00a0\u00bb50&Prime; gutter_size=\u00a0\u00bb3&Prime; column_width_percent=\u00a0\u00bb100&Prime; shift_y=\u00a0\u00bb0&Prime; z_index=\u00a0\u00bb0&Prime; css=\u00a0\u00bb.vc_custom_1611590174358{margin-top: 40px !important;margin-bottom: 50px !important;}\u00a0\u00bb][vc_column width=\u00a0\u00bb1\/1&Prime;][vc_row_inner row_inner_height_percent=\u00a0\u00bb0&Prime; overlay_alpha=\u00a0\u00bb50&Prime; gutter_size=\u00a0\u00bb3&Prime; shift_y=\u00a0\u00bb0&Prime; z_index=\u00a0\u00bb0&Prime;][vc_column_inner column_width_percent=\u00a0\u00bb100&Prime; gutter_size=\u00a0\u00bb0&Prime; [&hellip;]\" \/>\n<meta property=\"og:url\" content=\"https:\/\/www.guides-sports-loisirs.ca\/commotions-cerebrales\/prevention\/\" \/>\n<meta property=\"og:site_name\" content=\"Commotions c\u00e9r\u00e9brales : activit\u00e9s r\u00e9cr\u00e9atives et sportives\" \/>\n<meta property=\"article:modified_time\" content=\"2021-02-26T18:22:01+00:00\" \/>\n<meta property=\"og:image\" content=\"https:\/\/www.guides-sports-loisirs.ca\/commotions-cerebrales\/wp-content\/uploads\/sites\/16\/2021\/02\/icone_lire-plus-1.png\" \/>\n<meta name=\"twitter:card\" content=\"summary_large_image\" \/>\n<meta name=\"twitter:label1\" content=\"Dur\u00e9e de lecture estim\u00e9e\" \/>\n\t<meta name=\"twitter:data1\" content=\"3 minutes\" \/>\n<script type=\"application\/ld+json\" class=\"yoast-schema-graph\">{\"@context\":\"https:\\\/\\\/schema.org\",\"@graph\":[{\"@type\":\"WebPage\",\"@id\":\"https:\\\/\\\/www.guides-sports-loisirs.ca\\\/commotions-cerebrales\\\/prevention\\\/\",\"url\":\"https:\\\/\\\/www.guides-sports-loisirs.ca\\\/commotions-cerebrales\\\/prevention\\\/\",\"name\":\"Pr\u00e9vention - Commotions c\u00e9r\u00e9brales : activit\u00e9s r\u00e9cr\u00e9atives et sportives\",\"isPartOf\":{\"@id\":\"https:\\\/\\\/www.guides-sports-loisirs.ca\\\/commotions-cerebrales\\\/#website\"},\"primaryImageOfPage\":{\"@id\":\"https:\\\/\\\/www.guides-sports-loisirs.ca\\\/commotions-cerebrales\\\/prevention\\\/#primaryimage\"},\"image\":{\"@id\":\"https:\\\/\\\/www.guides-sports-loisirs.ca\\\/commotions-cerebrales\\\/prevention\\\/#primaryimage\"},\"thumbnailUrl\":\"https:\\\/\\\/www.guides-sports-loisirs.ca\\\/commotions-cerebrales\\\/wp-content\\\/uploads\\\/sites\\\/16\\\/2021\\\/02\\\/icone_lire-plus-1.png\",\"datePublished\":\"2020-08-10T13:00:40+00:00\",\"dateModified\":\"2021-02-26T18:22:01+00:00\",\"breadcrumb\":{\"@id\":\"https:\\\/\\\/www.guides-sports-loisirs.ca\\\/commotions-cerebrales\\\/prevention\\\/#breadcrumb\"},\"inLanguage\":\"fr-FR\",\"potentialAction\":[{\"@type\":\"ReadAction\",\"target\":[\"https:\\\/\\\/www.guides-sports-loisirs.ca\\\/commotions-cerebrales\\\/prevention\\\/\"]}]},{\"@type\":\"ImageObject\",\"inLanguage\":\"fr-FR\",\"@id\":\"https:\\\/\\\/www.guides-sports-loisirs.ca\\\/commotions-cerebrales\\\/prevention\\\/#primaryimage\",\"url\":\"https:\\\/\\\/www.guides-sports-loisirs.ca\\\/commotions-cerebrales\\\/wp-content\\\/uploads\\\/sites\\\/16\\\/2021\\\/02\\\/icone_lire-plus-1.png\",\"contentUrl\":\"https:\\\/\\\/www.guides-sports-loisirs.ca\\\/commotions-cerebrales\\\/wp-content\\\/uploads\\\/sites\\\/16\\\/2021\\\/02\\\/icone_lire-plus-1.png\",\"width\":22,\"height\":21,\"caption\":\"Icone lire plus\"},{\"@type\":\"BreadcrumbList\",\"@id\":\"https:\\\/\\\/www.guides-sports-loisirs.ca\\\/commotions-cerebrales\\\/prevention\\\/#breadcrumb\",\"itemListElement\":[{\"@type\":\"ListItem\",\"position\":1,\"name\":\"Accueil\",\"item\":\"https:\\\/\\\/www.guides-sports-loisirs.ca\\\/commotions-cerebrales\\\/\"},{\"@type\":\"ListItem\",\"position\":2,\"name\":\"Pr\u00e9vention\"}]},{\"@type\":\"WebSite\",\"@id\":\"https:\\\/\\\/www.guides-sports-loisirs.ca\\\/commotions-cerebrales\\\/#website\",\"url\":\"https:\\\/\\\/www.guides-sports-loisirs.ca\\\/commotions-cerebrales\\\/\",\"name\":\"Commotions c\u00e9r\u00e9brales : activit\u00e9s r\u00e9cr\u00e9atives et sportives\",\"description\":\"Commotions c\u00e9r\u00e9brales\",\"potentialAction\":[{\"@type\":\"SearchAction\",\"target\":{\"@type\":\"EntryPoint\",\"urlTemplate\":\"https:\\\/\\\/www.guides-sports-loisirs.ca\\\/commotions-cerebrales\\\/?s={search_term_string}\"},\"query-input\":{\"@type\":\"PropertyValueSpecification\",\"valueRequired\":true,\"valueName\":\"search_term_string\"}}],\"inLanguage\":\"fr-FR\"}]}<\/script>\n<!-- \/ Yoast SEO plugin. -->","yoast_head_json":{"title":"Pr\u00e9vention - Commotions c\u00e9r\u00e9brales : activit\u00e9s r\u00e9cr\u00e9atives et sportives","robots":{"index":"noindex","follow":"follow","max-snippet":"max-snippet:-1","max-image-preview":"max-image-preview:large","max-video-preview":"max-video-preview:-1"},"og_locale":"fr_FR","og_type":"article","og_title":"Pr\u00e9vention - Commotions c\u00e9r\u00e9brales : activit\u00e9s r\u00e9cr\u00e9atives et sportives","og_description":"[vc_row row_height_percent=\u00a0\u00bb0&Prime; overlay_alpha=\u00a0\u00bb50&Prime; gutter_size=\u00a0\u00bb3&Prime; column_width_percent=\u00a0\u00bb100&Prime; shift_y=\u00a0\u00bb0&Prime; z_index=\u00a0\u00bb0&Prime; css=\u00a0\u00bb.vc_custom_1611590174358{margin-top: 40px !important;margin-bottom: 50px !important;}\u00a0\u00bb][vc_column width=\u00a0\u00bb1\/1&Prime;][vc_row_inner row_inner_height_percent=\u00a0\u00bb0&Prime; overlay_alpha=\u00a0\u00bb50&Prime; gutter_size=\u00a0\u00bb3&Prime; shift_y=\u00a0\u00bb0&Prime; z_index=\u00a0\u00bb0&Prime;][vc_column_inner column_width_percent=\u00a0\u00bb100&Prime; gutter_size=\u00a0\u00bb0&Prime; [&hellip;]","og_url":"https:\/\/www.guides-sports-loisirs.ca\/commotions-cerebrales\/prevention\/","og_site_name":"Commotions c\u00e9r\u00e9brales : activit\u00e9s r\u00e9cr\u00e9atives et sportives","article_modified_time":"2021-02-26T18:22:01+00:00","og_image":[{"url":"https:\/\/www.guides-sports-loisirs.ca\/commotions-cerebrales\/wp-content\/uploads\/sites\/16\/2021\/02\/icone_lire-plus-1.png","type":"","width":"","height":""}],"twitter_card":"summary_large_image","twitter_misc":{"Dur\u00e9e de lecture estim\u00e9e":"3 minutes"},"schema":{"@context":"https:\/\/schema.org","@graph":[{"@type":"WebPage","@id":"https:\/\/www.guides-sports-loisirs.ca\/commotions-cerebrales\/prevention\/","url":"https:\/\/www.guides-sports-loisirs.ca\/commotions-cerebrales\/prevention\/","name":"Pr\u00e9vention - Commotions c\u00e9r\u00e9brales : activit\u00e9s r\u00e9cr\u00e9atives et sportives","isPartOf":{"@id":"https:\/\/www.guides-sports-loisirs.ca\/commotions-cerebrales\/#website"},"primaryImageOfPage":{"@id":"https:\/\/www.guides-sports-loisirs.ca\/commotions-cerebrales\/prevention\/#primaryimage"},"image":{"@id":"https:\/\/www.guides-sports-loisirs.ca\/commotions-cerebrales\/prevention\/#primaryimage"},"thumbnailUrl":"https:\/\/www.guides-sports-loisirs.ca\/commotions-cerebrales\/wp-content\/uploads\/sites\/16\/2021\/02\/icone_lire-plus-1.png","datePublished":"2020-08-10T13:00:40+00:00","dateModified":"2021-02-26T18:22:01+00:00","breadcrumb":{"@id":"https:\/\/www.guides-sports-loisirs.ca\/commotions-cerebrales\/prevention\/#breadcrumb"},"inLanguage":"fr-FR","potentialAction":[{"@type":"ReadAction","target":["https:\/\/www.guides-sports-loisirs.ca\/commotions-cerebrales\/prevention\/"]}]},{"@type":"ImageObject","inLanguage":"fr-FR","@id":"https:\/\/www.guides-sports-loisirs.ca\/commotions-cerebrales\/prevention\/#primaryimage","url":"https:\/\/www.guides-sports-loisirs.ca\/commotions-cerebrales\/wp-content\/uploads\/sites\/16\/2021\/02\/icone_lire-plus-1.png","contentUrl":"https:\/\/www.guides-sports-loisirs.ca\/commotions-cerebrales\/wp-content\/uploads\/sites\/16\/2021\/02\/icone_lire-plus-1.png","width":22,"height":21,"caption":"Icone lire plus"},{"@type":"BreadcrumbList","@id":"https:\/\/www.guides-sports-loisirs.ca\/commotions-cerebrales\/prevention\/#breadcrumb","itemListElement":[{"@type":"ListItem","position":1,"name":"Accueil","item":"https:\/\/www.guides-sports-loisirs.ca\/commotions-cerebrales\/"},{"@type":"ListItem","position":2,"name":"Pr\u00e9vention"}]},{"@type":"WebSite","@id":"https:\/\/www.guides-sports-loisirs.ca\/commotions-cerebrales\/#website","url":"https:\/\/www.guides-sports-loisirs.ca\/commotions-cerebrales\/","name":"Commotions c\u00e9r\u00e9brales : activit\u00e9s r\u00e9cr\u00e9atives et sportives","description":"Commotions c\u00e9r\u00e9brales","potentialAction":[{"@type":"SearchAction","target":{"@type":"EntryPoint","urlTemplate":"https:\/\/www.guides-sports-loisirs.ca\/commotions-cerebrales\/?s={search_term_string}"},"query-input":{"@type":"PropertyValueSpecification","valueRequired":true,"valueName":"search_term_string"}}],"inLanguage":"fr-FR"}]}},"_links":{"self":[{"href":"https:\/\/www.guides-sports-loisirs.ca\/commotions-cerebrales\/wp-json\/wp\/v2\/pages\/1803","targetHints":{"allow":["GET"]}}],"collection":[{"href":"https:\/\/www.guides-sports-loisirs.ca\/commotions-cerebrales\/wp-json\/wp\/v2\/pages"}],"about":[{"href":"https:\/\/www.guides-sports-loisirs.ca\/commotions-cerebrales\/wp-json\/wp\/v2\/types\/page"}],"author":[{"embeddable":true,"href":"https:\/\/www.guides-sports-loisirs.ca\/commotions-cerebrales\/wp-json\/wp\/v2\/users\/11"}],"replies":[{"embeddable":true,"href":"https:\/\/www.guides-sports-loisirs.ca\/commotions-cerebrales\/wp-json\/wp\/v2\/comments?post=1803"}],"version-history":[{"count":71,"href":"https:\/\/www.guides-sports-loisirs.ca\/commotions-cerebrales\/wp-json\/wp\/v2\/pages\/1803\/revisions"}],"predecessor-version":[{"id":4000,"href":"https:\/\/www.guides-sports-loisirs.ca\/commotions-cerebrales\/wp-json\/wp\/v2\/pages\/1803\/revisions\/4000"}],"wp:attachment":[{"href":"https:\/\/www.guides-sports-loisirs.ca\/commotions-cerebrales\/wp-json\/wp\/v2\/media?parent=1803"}],"curies":[{"name":"wp","href":"https:\/\/api.w.org\/{rel}","templated":true}]}}