{"id":4407,"date":"2022-08-29T10:00:42","date_gmt":"2022-08-29T14:00:42","guid":{"rendered":"https:\/\/www.guides-sports-loisirs.ca\/basketball-exterieur\/?page_id=4407"},"modified":"2022-09-02T15:09:09","modified_gmt":"2022-09-02T19:09:09","slug":"enjeux","status":"publish","type":"page","link":"https:\/\/www.guides-sports-loisirs.ca\/basketball-exterieur\/responsabilite-et-reglementation\/enjeux\/","title":{"rendered":"Enjeux"},"content":{"rendered":"<div class=\"wpb-content-wrapper\"><p>[vc_row][\/vc_row][vc_row][vc_column width=\u00a0\u00bb1\/1&Prime;][vc_column_text]<\/p>\n<p style=\"text-align: left\"><strong>L\u2019am\u00e9nagement de terrains de basketball ext\u00e9rieurs dans une municipalit\u00e9 est soumis \u00e0 des enjeux d\u2019ordre politique, \u00e9conomique, social, technique, environnemental et l\u00e9gal. <\/strong><\/p>\n<p>[\/vc_column_text][vc_accordion active_tab=\u00a0\u00bb0&Prime;][vc_accordion_tab title=\u00a0\u00bbPOLITIQUES\u00a0\u00bb tab_id=\u00a0\u00bb5f9f5691-17d9-0&Prime;][vc_column_text]L\u2019implantation ou l\u2019am\u00e9nagement de terrains doit se faire en concordance avec les orientations municipales, lesquelles sont d\u00e9termin\u00e9es par une r\u00e9flexion strat\u00e9gique globale r\u00e9alis\u00e9e en amont et d\u00e9taill\u00e9e dans les plans et politiques adopt\u00e9s par la municipalit\u00e9.[\/vc_column_text][\/vc_accordion_tab][vc_accordion_tab title=\u00a0\u00bb\u00c9CONOMIQUES\u00a0\u00bb tab_id=\u00a0\u00bb1633544106719-1-0&Prime;][vc_column_text]Les investissements initiaux sont \u00e0 prendre en compte avant la mise en \u0153uvre de tout projet. Plusieurs modes de financement, dont les subventions, peuvent \u00eatre \u00e9valu\u00e9s afin de faciliter la mise en \u0153uvre des projets. Les co\u00fbts d\u2019exploitation et d\u2019entretien ne doivent pas \u00eatre n\u00e9glig\u00e9s non plus puisqu\u2019ils influencent le nombre d\u2019installations qu\u2019il est possible de soutenir \u00e0 long terme.[\/vc_column_text][\/vc_accordion_tab][vc_accordion_tab title=\u00a0\u00bbSOCIAUX\u00a0\u00bb tab_id=\u00a0\u00bb1633544235596-2-2&Prime;][vc_column_text]Le choix du type et du nombre d\u2019installations d\u00e9coule de l\u2019offre et de la demande actuelle et potentielle sur le territoire. Une \u00e9valuation pr\u00e9alable de la demande (\u00e0 l\u2019\u00e9tape de la planification) permet d\u2019identifier clairement le type de client\u00e8le et le type de pratique, le volume d\u2019utilisation requis et les plages horaires. Des activit\u00e9s de concertation et de participation citoyenne sont utiles pour saisir les besoins et pr\u00e9occupations des diff\u00e9rents groupes sociaux concern\u00e9s par les installations (associations, ligues, r\u00e9sidents, etc.).[\/vc_column_text][\/vc_accordion_tab][vc_accordion_tab title=\u00a0\u00bbENVIRONNEMENTAUX\u00a0\u00bb tab_id=\u00a0\u00bb1662144818739-3-4&Prime;][vc_column_text]L\u2019empreinte au sol des \u00e9quipements sportifs n\u2019est pas \u00e0 n\u00e9gliger puisqu\u2019elle peut avoir un impact sur les milieux sensibles, l\u2019utilisation de l\u2019espace et la cr\u00e9ation d\u2019\u00eelots de chaleur.<\/p>\n<p>Parall\u00e8lement, le choix des mat\u00e9riaux, les m\u00e9thodes de construction et d\u2019entretien sont aussi \u00e0 prendre en compte. Une collecte de donn\u00e9es quantitatives permettra de faire un bilan de la consommation des ressources et des \u00e9missions afin d\u2019inclure ces \u00e9l\u00e9ments dans le suivi des indicateurs environnementaux de la municipalit\u00e9.[\/vc_column_text][\/vc_accordion_tab][vc_accordion_tab title=\u00a0\u00bbTECHNIQUES\u00a0\u00bb tab_id=\u00a0\u00bb1662144855031-4-0&Prime;][vc_column_text]Certains crit\u00e8res ou normes visant \u00e0 assurer la s\u00e9curit\u00e9 des usagers sont \u00e0 prendre en compte dans l\u2019am\u00e9nagement de terrains de basketball ext\u00e9rieurs. Qui plus est, la fr\u00e9quence d\u2019utilisation des \u00e9quipements peut avoir un impact direct sur leur durabilit\u00e9. Une mauvaise planification pourrait engendrer des investissements impr\u00e9vus si les infrastructures sont surutilis\u00e9es ou utilis\u00e9es de fa\u00e7on non appropri\u00e9e.[\/vc_column_text][\/vc_accordion_tab][vc_accordion_tab title=\u00a0\u00bbL\u00c9GAUX\u00a0\u00bb tab_id=\u00a0\u00bb1662144879838-5-0&Prime;][vc_column_text]L\u2019am\u00e9nagement des terrains de basketball ext\u00e9rieurs est balis\u00e9 par un cadre r\u00e9glementaire et parfois par des ententes avec un tiers (emphyt\u00e9ose, entente d\u2019usufruit). L\u2019ensemble de ces \u00e9l\u00e9ments doit \u00eatre examin\u00e9 de fa\u00e7on d\u00e9taill\u00e9e en amont du projet afin d\u2019assurer le succ\u00e8s de sa mise en \u0153uvre. Le choix du site d\u2019implantation rev\u00eat aussi une grande importance. G\u00e9n\u00e9ralement, les villes disposent d\u2019un r\u00e8glement sur la nuisance publique qui invite \u00e0 limiter autant que possible les risques de conflits d\u2019usage (bruit, \u00e9clairage, empi\u00e9tement, etc.) avec les voisins.[\/vc_column_text][\/vc_accordion_tab][\/vc_accordion][vc_button button_color=\u00a0\u00bbaccent\u00a0\u00bb size=\u00a0\u00bbbtn-lg\u00a0\u00bb radius=\u00a0\u00bbbtn-circle\u00a0\u00bb border_width=\u00a0\u00bb0&Prime; link=\u00a0\u00bburl:https%3A%2F%2Fwww.guides-sports-loisirs.ca%2Fbasketball-exterieur%2Fwp-content%2Fuploads%2Fsites%2F21%2F2022%2F09%2F2.1_ResponsabiliteReglementation.pdf||target:%20_blank|\u00a0\u00bb icon=\u00a0\u00bbfa fa-document2&Prime;]Version PDF[\/vc_button][\/vc_column][\/vc_row]<\/p>\n<\/div>","protected":false},"excerpt":{"rendered":"<p>[vc_row][\/vc_row][vc_row][vc_column width=\u00a0\u00bb1\/1&Prime;][vc_column_text] L\u2019am\u00e9nagement de terrains de basketball ext\u00e9rieurs dans une municipalit\u00e9 est soumis \u00e0 des enjeux d\u2019ordre politique, \u00e9conomique, social, [&hellip;]<\/p>\n","protected":false},"author":11,"featured_media":0,"parent":4452,"menu_order":0,"comment_status":"closed","ping_status":"closed","template":"","meta":{"_acf_changed":false,"footnotes":""},"class_list":["post-4407","page","type-page","status-publish","hentry"],"acf":[],"yoast_head":"<!-- This site is optimized with the Yoast SEO plugin v27.2 - https:\/\/yoast.com\/product\/yoast-seo-wordpress\/ -->\n<title>Enjeux - Basketball ext\u00e9rieur (terrain multi-sport)<\/title>\n<meta name=\"robots\" content=\"index, follow, max-snippet:-1, max-image-preview:large, max-video-preview:-1\" \/>\n<link rel=\"canonical\" href=\"https:\/\/www.guides-sports-loisirs.ca\/basketball-exterieur\/responsabilite-et-reglementation\/enjeux\/\" \/>\n<meta property=\"og:locale\" content=\"fr_FR\" \/>\n<meta property=\"og:type\" content=\"article\" \/>\n<meta property=\"og:title\" content=\"Enjeux - Basketball ext\u00e9rieur (terrain multi-sport)\" \/>\n<meta property=\"og:description\" content=\"[vc_row][\/vc_row][vc_row][vc_column width=\u00a0\u00bb1\/1&Prime;][vc_column_text] L\u2019am\u00e9nagement de terrains de basketball ext\u00e9rieurs dans une municipalit\u00e9 est soumis \u00e0 des enjeux d\u2019ordre politique, \u00e9conomique, social, [&hellip;]\" \/>\n<meta property=\"og:url\" content=\"https:\/\/www.guides-sports-loisirs.ca\/basketball-exterieur\/responsabilite-et-reglementation\/enjeux\/\" \/>\n<meta property=\"og:site_name\" content=\"Basketball ext\u00e9rieur (terrain multi-sport)\" \/>\n<meta property=\"article:modified_time\" content=\"2022-09-02T19:09:09+00:00\" \/>\n<meta name=\"twitter:card\" content=\"summary_large_image\" \/>\n<meta name=\"twitter:label1\" content=\"Dur\u00e9e de lecture estim\u00e9e\" \/>\n\t<meta name=\"twitter:data1\" content=\"2 minutes\" \/>\n<script type=\"application\/ld+json\" class=\"yoast-schema-graph\">{\"@context\":\"https:\/\/schema.org\",\"@graph\":[{\"@type\":\"WebPage\",\"@id\":\"https:\/\/www.guides-sports-loisirs.ca\/basketball-exterieur\/responsabilite-et-reglementation\/enjeux\/\",\"url\":\"https:\/\/www.guides-sports-loisirs.ca\/basketball-exterieur\/responsabilite-et-reglementation\/enjeux\/\",\"name\":\"Enjeux - Basketball ext\u00e9rieur (terrain multi-sport)\",\"isPartOf\":{\"@id\":\"https:\/\/www.guides-sports-loisirs.ca\/basketball-exterieur\/#website\"},\"datePublished\":\"2022-08-29T14:00:42+00:00\",\"dateModified\":\"2022-09-02T19:09:09+00:00\",\"breadcrumb\":{\"@id\":\"https:\/\/www.guides-sports-loisirs.ca\/basketball-exterieur\/responsabilite-et-reglementation\/enjeux\/#breadcrumb\"},\"inLanguage\":\"fr-FR\",\"potentialAction\":[{\"@type\":\"ReadAction\",\"target\":[\"https:\/\/www.guides-sports-loisirs.ca\/basketball-exterieur\/responsabilite-et-reglementation\/enjeux\/\"]}]},{\"@type\":\"BreadcrumbList\",\"@id\":\"https:\/\/www.guides-sports-loisirs.ca\/basketball-exterieur\/responsabilite-et-reglementation\/enjeux\/#breadcrumb\",\"itemListElement\":[{\"@type\":\"ListItem\",\"position\":1,\"name\":\"Accueil\",\"item\":\"https:\/\/www.guides-sports-loisirs.ca\/basketball-exterieur\/\"},{\"@type\":\"ListItem\",\"position\":2,\"name\":\"Responsabilit\u00e9 et r\u00e9glementation\",\"item\":\"https:\/\/www.guides-sports-loisirs.ca\/basketball-exterieur\/responsabilite-et-reglementation\/\"},{\"@type\":\"ListItem\",\"position\":3,\"name\":\"Enjeux\"}]},{\"@type\":\"WebSite\",\"@id\":\"https:\/\/www.guides-sports-loisirs.ca\/basketball-exterieur\/#website\",\"url\":\"https:\/\/www.guides-sports-loisirs.ca\/basketball-exterieur\/\",\"name\":\"Basketball ext\u00e9rieur (terrain multi-sport)\",\"description\":\"basketball\",\"potentialAction\":[{\"@type\":\"SearchAction\",\"target\":{\"@type\":\"EntryPoint\",\"urlTemplate\":\"https:\/\/www.guides-sports-loisirs.ca\/basketball-exterieur\/?s={search_term_string}\"},\"query-input\":{\"@type\":\"PropertyValueSpecification\",\"valueRequired\":true,\"valueName\":\"search_term_string\"}}],\"inLanguage\":\"fr-FR\"}]}<\/script>\n<!-- \/ Yoast SEO plugin. -->","yoast_head_json":{"title":"Enjeux - Basketball ext\u00e9rieur (terrain multi-sport)","robots":{"index":"index","follow":"follow","max-snippet":"max-snippet:-1","max-image-preview":"max-image-preview:large","max-video-preview":"max-video-preview:-1"},"canonical":"https:\/\/www.guides-sports-loisirs.ca\/basketball-exterieur\/responsabilite-et-reglementation\/enjeux\/","og_locale":"fr_FR","og_type":"article","og_title":"Enjeux - Basketball ext\u00e9rieur (terrain multi-sport)","og_description":"[vc_row][\/vc_row][vc_row][vc_column width=\u00a0\u00bb1\/1&Prime;][vc_column_text] L\u2019am\u00e9nagement de terrains de basketball ext\u00e9rieurs dans une municipalit\u00e9 est soumis \u00e0 des enjeux d\u2019ordre politique, \u00e9conomique, social, [&hellip;]","og_url":"https:\/\/www.guides-sports-loisirs.ca\/basketball-exterieur\/responsabilite-et-reglementation\/enjeux\/","og_site_name":"Basketball ext\u00e9rieur (terrain multi-sport)","article_modified_time":"2022-09-02T19:09:09+00:00","twitter_card":"summary_large_image","twitter_misc":{"Dur\u00e9e de lecture estim\u00e9e":"2 minutes"},"schema":{"@context":"https:\/\/schema.org","@graph":[{"@type":"WebPage","@id":"https:\/\/www.guides-sports-loisirs.ca\/basketball-exterieur\/responsabilite-et-reglementation\/enjeux\/","url":"https:\/\/www.guides-sports-loisirs.ca\/basketball-exterieur\/responsabilite-et-reglementation\/enjeux\/","name":"Enjeux - Basketball ext\u00e9rieur (terrain multi-sport)","isPartOf":{"@id":"https:\/\/www.guides-sports-loisirs.ca\/basketball-exterieur\/#website"},"datePublished":"2022-08-29T14:00:42+00:00","dateModified":"2022-09-02T19:09:09+00:00","breadcrumb":{"@id":"https:\/\/www.guides-sports-loisirs.ca\/basketball-exterieur\/responsabilite-et-reglementation\/enjeux\/#breadcrumb"},"inLanguage":"fr-FR","potentialAction":[{"@type":"ReadAction","target":["https:\/\/www.guides-sports-loisirs.ca\/basketball-exterieur\/responsabilite-et-reglementation\/enjeux\/"]}]},{"@type":"BreadcrumbList","@id":"https:\/\/www.guides-sports-loisirs.ca\/basketball-exterieur\/responsabilite-et-reglementation\/enjeux\/#breadcrumb","itemListElement":[{"@type":"ListItem","position":1,"name":"Accueil","item":"https:\/\/www.guides-sports-loisirs.ca\/basketball-exterieur\/"},{"@type":"ListItem","position":2,"name":"Responsabilit\u00e9 et r\u00e9glementation","item":"https:\/\/www.guides-sports-loisirs.ca\/basketball-exterieur\/responsabilite-et-reglementation\/"},{"@type":"ListItem","position":3,"name":"Enjeux"}]},{"@type":"WebSite","@id":"https:\/\/www.guides-sports-loisirs.ca\/basketball-exterieur\/#website","url":"https:\/\/www.guides-sports-loisirs.ca\/basketball-exterieur\/","name":"Basketball ext\u00e9rieur (terrain multi-sport)","description":"basketball","potentialAction":[{"@type":"SearchAction","target":{"@type":"EntryPoint","urlTemplate":"https:\/\/www.guides-sports-loisirs.ca\/basketball-exterieur\/?s={search_term_string}"},"query-input":{"@type":"PropertyValueSpecification","valueRequired":true,"valueName":"search_term_string"}}],"inLanguage":"fr-FR"}]}},"_links":{"self":[{"href":"https:\/\/www.guides-sports-loisirs.ca\/basketball-exterieur\/wp-json\/wp\/v2\/pages\/4407","targetHints":{"allow":["GET"]}}],"collection":[{"href":"https:\/\/www.guides-sports-loisirs.ca\/basketball-exterieur\/wp-json\/wp\/v2\/pages"}],"about":[{"href":"https:\/\/www.guides-sports-loisirs.ca\/basketball-exterieur\/wp-json\/wp\/v2\/types\/page"}],"author":[{"embeddable":true,"href":"https:\/\/www.guides-sports-loisirs.ca\/basketball-exterieur\/wp-json\/wp\/v2\/users\/11"}],"replies":[{"embeddable":true,"href":"https:\/\/www.guides-sports-loisirs.ca\/basketball-exterieur\/wp-json\/wp\/v2\/comments?post=4407"}],"version-history":[{"count":11,"href":"https:\/\/www.guides-sports-loisirs.ca\/basketball-exterieur\/wp-json\/wp\/v2\/pages\/4407\/revisions"}],"predecessor-version":[{"id":4451,"href":"https:\/\/www.guides-sports-loisirs.ca\/basketball-exterieur\/wp-json\/wp\/v2\/pages\/4407\/revisions\/4451"}],"up":[{"embeddable":true,"href":"https:\/\/www.guides-sports-loisirs.ca\/basketball-exterieur\/wp-json\/wp\/v2\/pages\/4452"}],"wp:attachment":[{"href":"https:\/\/www.guides-sports-loisirs.ca\/basketball-exterieur\/wp-json\/wp\/v2\/media?parent=4407"}],"curies":[{"name":"wp","href":"https:\/\/api.w.org\/{rel}","templated":true}]}}