{"id":3855,"date":"2022-06-15T10:58:48","date_gmt":"2022-06-15T14:58:48","guid":{"rendered":"https:\/\/www.guides-sports-loisirs.ca\/basketball-exterieur\/?page_id=3855"},"modified":"2022-09-06T12:44:28","modified_gmt":"2022-09-06T16:44:28","slug":"bonnes-pratiques-2","status":"publish","type":"page","link":"https:\/\/www.guides-sports-loisirs.ca\/basketball-exterieur\/bonnes-pratiques-2\/","title":{"rendered":"Bonnes pratiques"},"content":{"rendered":"<div class=\"wpb-content-wrapper\"><p>[vc_row][vc_column width=\u00a0\u00bb1\/1&Prime;][vc_column_text css=\u00a0\u00bb.vc_custom_1662141847380{margin-bottom: 20px !important;}\u00a0\u00bb]<strong>Cette fiche pr\u00e9sente trois bonnes pratiques de conception de terrain de basketball ext\u00e9rieur.<\/strong>[\/vc_column_text][vc_accordion][vc_accordion_tab title=\u00a0\u00bbUN TERRAIN ACCESSIBLE ET INCLUSIF\u00a0\u00bb tab_id=\u00a0\u00bb1654975079-2-56&Prime;][vc_column_text]Le <a href=\"https:\/\/strollerparking.ca\/jean-marie-lamonde-park\/\" target=\"_blank\" rel=\"noopener noreferrer\"><em>parc Jean-Marie Lamonde<\/em><\/a> \u00e0 Villeray (Montr\u00e9al) a \u00e9t\u00e9 restaur\u00e9 en 2018 de fa\u00e7on \u00e0 r\u00e9pondre aux normes officielles de la NBA et d\u2019offrir un lieu inclusif pour la pratique du basketball. Le terrain pav\u00e9 est peint avec des couleurs vives et propose six paniers qui favorisent l\u2019accessibilit\u00e9 en \u00e9tant install\u00e9s \u00e0 des hauteurs variables. Des bancs et une fontaine compl\u00e8tent le terrain.[\/vc_column_text][vc_empty_space empty_h=\u00a0\u00bb2&Prime;][vc_single_image media=\u00a0\u00bb4599&Prime; media_lightbox=\u00a0\u00bbyes\u00a0\u00bb media_width_percent=\u00a0\u00bb65&Prime; lbox_skin=\u00a0\u00bbwhite\u00a0\u00bb][vc_column_text css=\u00a0\u00bb.vc_custom_1662482456897{margin-top: -2px !important;}\u00a0\u00bb]<\/p>\n<p class=\"p1\"><span class=\"s1\">Source : <\/span><a href=\"https:\/\/strollerparking.ca\/jean-marie-lamonde-park\/\" target=\"_blank\" rel=\"noopener noreferrer\"><em>Strollerparking, Parc Jean-Marie-Lamonde<\/em><\/a><\/p>\n<p>[\/vc_column_text][vc_empty_space empty_h=\u00a0\u00bb2&Prime;][\/vc_accordion_tab][vc_accordion_tab title=\u00a0\u00bbUN TERRAIN MULTISPORT POLYVALENT\u00a0\u00bb tab_id=\u00a0\u00bb1655305508463-2-9&Prime;][vc_column_text]La ville de Truchtersheim en France a collabor\u00e9 avec la compagnie Kompan pour cr\u00e9er un terrain multisport inclusif combinant le soccer, le volleyball et le basketball. Les terrains permettent plus de 40 000 combinaisons dans 10 formats diff\u00e9rents. La conception du terrain peut \u00eatre personnalis\u00e9e en fonction de la configuration, des mat\u00e9riaux et des couleurs souhait\u00e9s. Le pourtour du terrain est occup\u00e9 par une piste de course et par une aire d\u2019entra\u00eenement fonctionnel<sup>16<\/sup>.[\/vc_column_text][vc_empty_space empty_h=\u00a0\u00bb2&Prime;][vc_single_image media=\u00a0\u00bb4595&Prime; media_lightbox=\u00a0\u00bbyes\u00a0\u00bb media_width_percent=\u00a0\u00bb60&Prime; lbox_skin=\u00a0\u00bbwhite\u00a0\u00bb][vc_empty_space empty_h=\u00a0\u00bb2&Prime;][vc_row_inner][vc_column_inner width=\u00a0\u00bb7\/12&Prime;][vc_column_text border_color=\u00a0\u00bbaccent\u00a0\u00bb border_style=\u00a0\u00bbsolid\u00a0\u00bb css=\u00a0\u00bb.vc_custom_1662476964437{padding-top: 20px !important;padding-right: 20px !important;padding-bottom: 20px !important;padding-left: 20px !important;}\u00a0\u00bb]Dans un contexte de rationalisation des co\u00fbts, la polyvalence des infrastructures est de plus en plus importante. Elle permet \u00e9galement une utilisation optimale des infrastructures et contribue au dynamisme des milieux de vie. Il importe donc de concevoir l\u2019am\u00e9nagement des terrains de basketball ext\u00e9rieurs dans cette optique en \u00e9valuant si d\u2019autres besoins pourraient \u00eatre combl\u00e9s avec la m\u00eame infrastructure.[\/vc_column_text][\/vc_column_inner][vc_column_inner width=\u00a0\u00bb5\/12&Prime;][\/vc_column_inner][\/vc_row_inner][vc_empty_space empty_h=\u00a0\u00bb2&Prime;][vc_single_image media=\u00a0\u00bb4597&Prime; media_lightbox=\u00a0\u00bbyes\u00a0\u00bb media_width_percent=\u00a0\u00bb60&Prime; lbox_skin=\u00a0\u00bbwhite\u00a0\u00bb][vc_column_text css=\u00a0\u00bb.vc_custom_1662476858133{margin-top: -2px !important;}\u00a0\u00bb]<\/p>\n<p class=\"p1\">Source : Kompan, Complexe sportif de Truchtersheim<\/p>\n<p>[\/vc_column_text][vc_empty_space empty_h=\u00a0\u00bb2&Prime;][vc_column_text]<\/p>\n<hr \/>\n<p><strong>[16] <\/strong> Commune de Truchtersheim, <a href=\"http:\/\/www.truchtersheim.fr\/fr\/information\/69705\/equipements-sportifs\" target=\"_blank\" rel=\"noopener noreferrer\"><em>\u00c9quipements sportifs<\/em><\/a>, 2022.[\/vc_column_text][\/vc_accordion_tab][vc_accordion_tab title=\u00a0\u00bbENCOURAGER LES NOUVELLES PRATIQUES\u00a0\u00bb tab_id=\u00a0\u00bb1655306809507-5-6&Prime;][vc_column_text]Le basketball 3&#215;3 a \u00e9t\u00e9 introduit aux Jeux olympiques de Tokyo en 2021. La m\u00eame ann\u00e9e, Montr\u00e9al recevait une \u00e9tape du World Tour de la F\u00e9d\u00e9ration internationale de basketball 3&#215;3. Il s\u2019agit d\u2019une discipline de plus en plus populaire qui b\u00e9n\u00e9ficie d\u2019une visibilit\u00e9 grandissante. Ainsi, les villes qui souhaitent suivre la tendance ont tout int\u00e9r\u00eat \u00e0 am\u00e9nager des installations de 3&#215;3. C\u2019est ce qu\u2019a fait la Ville de Paris en annon\u00e7ant la r\u00e9novation de 15 terrains de basket sp\u00e9cialement pour le 3&#215;3. Parmi ceux-ci, le terrain <a href=\"https:\/\/ancre-magazine.com\/paris-terrain-basket-13-eme-exterieur-vincent-auriol-design\/\" target=\"_blank\" rel=\"noopener noreferrer\"><em>Vincent Auriol<\/em><\/a> (XIIIe arrondissement) a \u00e9t\u00e9 r\u00e9nov\u00e9 en 2021 et int\u00e8gre l\u2019\u0153uvre d\u2019un artiste urbain (Atlas)<sup>17<\/sup>.[\/vc_column_text][vc_empty_space empty_h=\u00a0\u00bb2&Prime;][vc_single_image media=\u00a0\u00bb4598&Prime; media_lightbox=\u00a0\u00bbyes\u00a0\u00bb media_width_percent=\u00a0\u00bb60&Prime; lbox_skin=\u00a0\u00bbwhite\u00a0\u00bb][vc_column_text css=\u00a0\u00bb.vc_custom_1662482587465{margin-top: -2px !important;}\u00a0\u00bb]<\/p>\n<p class=\"p1\">Source : <a href=\"https:\/\/ancre-magazine.com\/paris-terrain-basket-13-eme-exterieur-vincent-auriol-design\/\" target=\"_blank\" rel=\"noopener noreferrer\"><em><span class=\"s1\">Terrain Vincent Auriol <\/span><\/em><\/a>\/ Cr\u00e9dit photo : Fabien Courmont<\/p>\n<p>[\/vc_column_text][vc_empty_space empty_h=\u00a0\u00bb2&Prime;][vc_column_text]<\/p>\n<hr \/>\n<p><strong>[17] <\/strong> F\u00e9d\u00e9ration fran\u00e7aise de basketball, <a href=\"http:\/\/www.ffbb.com\/ffbb\/15-terrains-de-basket-3x3-renoves\" target=\"_blank\" rel=\"noopener noreferrer\"><em>15 terrains de Basket 3&#215;3 r\u00e9nov\u00e9s<\/em><\/a>, 2021.[\/vc_column_text][\/vc_accordion_tab][\/vc_accordion][\/vc_column][\/vc_row][vc_row][\/vc_row][vc_row row_height_percent=\u00a0\u00bb0&Prime; overlay_alpha=\u00a0\u00bb50&Prime; gutter_size=\u00a0\u00bb3&Prime; shift_y=\u00a0\u00bb0&Prime; css=\u00a0\u00bb.vc_custom_1569108843026{margin-bottom: 50px !important;}\u00a0\u00bb][vc_column width=\u00a0\u00bb1\/1&Prime;][vc_button button_color=\u00a0\u00bbaccent\u00a0\u00bb size=\u00a0\u00bbbtn-lg\u00a0\u00bb radius=\u00a0\u00bbbtn-circle\u00a0\u00bb border_width=\u00a0\u00bb0&Prime; link=\u00a0\u00bburl:https%3A%2F%2Fwww.guides-sports-loisirs.ca%2Fbasketball-exterieur%2Fwp-content%2Fuploads%2Fsites%2F21%2F2022%2F09%2F7.1_BonnesPratiques_v2.pdf||target:%20_blank|\u00a0\u00bb icon=\u00a0\u00bbfa fa-file-o\u00a0\u00bb el_class=\u00a0\u00bbbtn-pdf\u00a0\u00bb]Version PDF[\/vc_button][\/vc_column][\/vc_row]<\/p>\n<\/div>","protected":false},"excerpt":{"rendered":"<p>[vc_row][vc_column width=\u00a0\u00bb1\/1&Prime;][vc_column_text css=\u00a0\u00bb.vc_custom_1662141847380{margin-bottom: 20px !important;}\u00a0\u00bb]Cette fiche pr\u00e9sente trois bonnes pratiques de conception de terrain de basketball ext\u00e9rieur.[\/vc_column_text][vc_accordion][vc_accordion_tab title=\u00a0\u00bbUN TERRAIN ACCESSIBLE [&hellip;]<\/p>\n","protected":false},"author":11,"featured_media":0,"parent":0,"menu_order":21,"comment_status":"closed","ping_status":"closed","template":"","meta":{"_acf_changed":false,"footnotes":""},"class_list":["post-3855","page","type-page","status-publish","hentry"],"acf":[],"yoast_head":"<!-- This site is optimized with the Yoast SEO plugin v27.4 - https:\/\/yoast.com\/product\/yoast-seo-wordpress\/ -->\n<title>Bonnes pratiques - Basketball ext\u00e9rieur (terrain multi-sport)<\/title>\n<meta name=\"robots\" content=\"index, follow, max-snippet:-1, max-image-preview:large, max-video-preview:-1\" \/>\n<link rel=\"canonical\" href=\"https:\/\/www.guides-sports-loisirs.ca\/basketball-exterieur\/bonnes-pratiques-2\/\" \/>\n<meta property=\"og:locale\" content=\"fr_FR\" \/>\n<meta property=\"og:type\" content=\"article\" \/>\n<meta property=\"og:title\" content=\"Bonnes pratiques - Basketball ext\u00e9rieur (terrain multi-sport)\" \/>\n<meta property=\"og:description\" content=\"[vc_row][vc_column width=\u00a0\u00bb1\/1&Prime;][vc_column_text css=\u00a0\u00bb.vc_custom_1662141847380{margin-bottom: 20px !important;}\u00a0\u00bb]Cette fiche pr\u00e9sente trois bonnes pratiques de conception de terrain de basketball ext\u00e9rieur.[\/vc_column_text][vc_accordion][vc_accordion_tab title=\u00a0\u00bbUN TERRAIN ACCESSIBLE [&hellip;]\" \/>\n<meta property=\"og:url\" content=\"https:\/\/www.guides-sports-loisirs.ca\/basketball-exterieur\/bonnes-pratiques-2\/\" \/>\n<meta property=\"og:site_name\" content=\"Basketball ext\u00e9rieur (terrain multi-sport)\" \/>\n<meta property=\"article:modified_time\" content=\"2022-09-06T16:44:28+00:00\" \/>\n<meta name=\"twitter:card\" content=\"summary_large_image\" \/>\n<meta name=\"twitter:label1\" content=\"Dur\u00e9e de lecture estim\u00e9e\" \/>\n\t<meta name=\"twitter:data1\" content=\"2 minutes\" \/>\n<script type=\"application\/ld+json\" class=\"yoast-schema-graph\">{\"@context\":\"https:\\\/\\\/schema.org\",\"@graph\":[{\"@type\":\"WebPage\",\"@id\":\"https:\\\/\\\/www.guides-sports-loisirs.ca\\\/basketball-exterieur\\\/bonnes-pratiques-2\\\/\",\"url\":\"https:\\\/\\\/www.guides-sports-loisirs.ca\\\/basketball-exterieur\\\/bonnes-pratiques-2\\\/\",\"name\":\"Bonnes pratiques - Basketball ext\u00e9rieur (terrain multi-sport)\",\"isPartOf\":{\"@id\":\"https:\\\/\\\/www.guides-sports-loisirs.ca\\\/basketball-exterieur\\\/#website\"},\"datePublished\":\"2022-06-15T14:58:48+00:00\",\"dateModified\":\"2022-09-06T16:44:28+00:00\",\"breadcrumb\":{\"@id\":\"https:\\\/\\\/www.guides-sports-loisirs.ca\\\/basketball-exterieur\\\/bonnes-pratiques-2\\\/#breadcrumb\"},\"inLanguage\":\"fr-FR\",\"potentialAction\":[{\"@type\":\"ReadAction\",\"target\":[\"https:\\\/\\\/www.guides-sports-loisirs.ca\\\/basketball-exterieur\\\/bonnes-pratiques-2\\\/\"]}]},{\"@type\":\"BreadcrumbList\",\"@id\":\"https:\\\/\\\/www.guides-sports-loisirs.ca\\\/basketball-exterieur\\\/bonnes-pratiques-2\\\/#breadcrumb\",\"itemListElement\":[{\"@type\":\"ListItem\",\"position\":1,\"name\":\"Accueil\",\"item\":\"https:\\\/\\\/www.guides-sports-loisirs.ca\\\/basketball-exterieur\\\/\"},{\"@type\":\"ListItem\",\"position\":2,\"name\":\"Bonnes pratiques\"}]},{\"@type\":\"WebSite\",\"@id\":\"https:\\\/\\\/www.guides-sports-loisirs.ca\\\/basketball-exterieur\\\/#website\",\"url\":\"https:\\\/\\\/www.guides-sports-loisirs.ca\\\/basketball-exterieur\\\/\",\"name\":\"Basketball ext\u00e9rieur (terrain multi-sport)\",\"description\":\"basketball\",\"potentialAction\":[{\"@type\":\"SearchAction\",\"target\":{\"@type\":\"EntryPoint\",\"urlTemplate\":\"https:\\\/\\\/www.guides-sports-loisirs.ca\\\/basketball-exterieur\\\/?s={search_term_string}\"},\"query-input\":{\"@type\":\"PropertyValueSpecification\",\"valueRequired\":true,\"valueName\":\"search_term_string\"}}],\"inLanguage\":\"fr-FR\"}]}<\/script>\n<!-- \/ Yoast SEO plugin. -->","yoast_head_json":{"title":"Bonnes pratiques - Basketball ext\u00e9rieur (terrain multi-sport)","robots":{"index":"index","follow":"follow","max-snippet":"max-snippet:-1","max-image-preview":"max-image-preview:large","max-video-preview":"max-video-preview:-1"},"canonical":"https:\/\/www.guides-sports-loisirs.ca\/basketball-exterieur\/bonnes-pratiques-2\/","og_locale":"fr_FR","og_type":"article","og_title":"Bonnes pratiques - Basketball ext\u00e9rieur (terrain multi-sport)","og_description":"[vc_row][vc_column width=\u00a0\u00bb1\/1&Prime;][vc_column_text css=\u00a0\u00bb.vc_custom_1662141847380{margin-bottom: 20px !important;}\u00a0\u00bb]Cette fiche pr\u00e9sente trois bonnes pratiques de conception de terrain de basketball ext\u00e9rieur.[\/vc_column_text][vc_accordion][vc_accordion_tab title=\u00a0\u00bbUN TERRAIN ACCESSIBLE [&hellip;]","og_url":"https:\/\/www.guides-sports-loisirs.ca\/basketball-exterieur\/bonnes-pratiques-2\/","og_site_name":"Basketball ext\u00e9rieur (terrain multi-sport)","article_modified_time":"2022-09-06T16:44:28+00:00","twitter_card":"summary_large_image","twitter_misc":{"Dur\u00e9e de lecture estim\u00e9e":"2 minutes"},"schema":{"@context":"https:\/\/schema.org","@graph":[{"@type":"WebPage","@id":"https:\/\/www.guides-sports-loisirs.ca\/basketball-exterieur\/bonnes-pratiques-2\/","url":"https:\/\/www.guides-sports-loisirs.ca\/basketball-exterieur\/bonnes-pratiques-2\/","name":"Bonnes pratiques - Basketball ext\u00e9rieur (terrain multi-sport)","isPartOf":{"@id":"https:\/\/www.guides-sports-loisirs.ca\/basketball-exterieur\/#website"},"datePublished":"2022-06-15T14:58:48+00:00","dateModified":"2022-09-06T16:44:28+00:00","breadcrumb":{"@id":"https:\/\/www.guides-sports-loisirs.ca\/basketball-exterieur\/bonnes-pratiques-2\/#breadcrumb"},"inLanguage":"fr-FR","potentialAction":[{"@type":"ReadAction","target":["https:\/\/www.guides-sports-loisirs.ca\/basketball-exterieur\/bonnes-pratiques-2\/"]}]},{"@type":"BreadcrumbList","@id":"https:\/\/www.guides-sports-loisirs.ca\/basketball-exterieur\/bonnes-pratiques-2\/#breadcrumb","itemListElement":[{"@type":"ListItem","position":1,"name":"Accueil","item":"https:\/\/www.guides-sports-loisirs.ca\/basketball-exterieur\/"},{"@type":"ListItem","position":2,"name":"Bonnes pratiques"}]},{"@type":"WebSite","@id":"https:\/\/www.guides-sports-loisirs.ca\/basketball-exterieur\/#website","url":"https:\/\/www.guides-sports-loisirs.ca\/basketball-exterieur\/","name":"Basketball ext\u00e9rieur (terrain multi-sport)","description":"basketball","potentialAction":[{"@type":"SearchAction","target":{"@type":"EntryPoint","urlTemplate":"https:\/\/www.guides-sports-loisirs.ca\/basketball-exterieur\/?s={search_term_string}"},"query-input":{"@type":"PropertyValueSpecification","valueRequired":true,"valueName":"search_term_string"}}],"inLanguage":"fr-FR"}]}},"_links":{"self":[{"href":"https:\/\/www.guides-sports-loisirs.ca\/basketball-exterieur\/wp-json\/wp\/v2\/pages\/3855","targetHints":{"allow":["GET"]}}],"collection":[{"href":"https:\/\/www.guides-sports-loisirs.ca\/basketball-exterieur\/wp-json\/wp\/v2\/pages"}],"about":[{"href":"https:\/\/www.guides-sports-loisirs.ca\/basketball-exterieur\/wp-json\/wp\/v2\/types\/page"}],"author":[{"embeddable":true,"href":"https:\/\/www.guides-sports-loisirs.ca\/basketball-exterieur\/wp-json\/wp\/v2\/users\/11"}],"replies":[{"embeddable":true,"href":"https:\/\/www.guides-sports-loisirs.ca\/basketball-exterieur\/wp-json\/wp\/v2\/comments?post=3855"}],"version-history":[{"count":42,"href":"https:\/\/www.guides-sports-loisirs.ca\/basketball-exterieur\/wp-json\/wp\/v2\/pages\/3855\/revisions"}],"predecessor-version":[{"id":4638,"href":"https:\/\/www.guides-sports-loisirs.ca\/basketball-exterieur\/wp-json\/wp\/v2\/pages\/3855\/revisions\/4638"}],"wp:attachment":[{"href":"https:\/\/www.guides-sports-loisirs.ca\/basketball-exterieur\/wp-json\/wp\/v2\/media?parent=3855"}],"curies":[{"name":"wp","href":"https:\/\/api.w.org\/{rel}","templated":true}]}}