{"id":3773,"date":"2022-06-07T10:58:25","date_gmt":"2022-06-07T14:58:25","guid":{"rendered":"https:\/\/www.guides-sports-loisirs.ca\/basketball-exterieur\/?page_id=3773"},"modified":"2022-09-02T16:06:13","modified_gmt":"2022-09-02T20:06:13","slug":"choix-dun-site","status":"publish","type":"page","link":"https:\/\/www.guides-sports-loisirs.ca\/basketball-exterieur\/planification\/choix-dun-site\/","title":{"rendered":"Choix d&rsquo;un site"},"content":{"rendered":"<div class=\"wpb-content-wrapper\"><p>[vc_row][vc_column width=\u00a0\u00bb1\/1&Prime;][vc_column_text]<strong>Lorsqu\u2019il s\u2019agit d\u2019un nouvel am\u00e9nagement, le diagnostic aide les gestionnaires \u00e0 d\u00e9terminer le site le plus appropri\u00e9 en tenant compte des besoins et des contraintes.<\/strong>[\/vc_column_text][vc_accordion][vc_accordion_tab title=\u00a0\u00bbLOCALISATION\u00a0\u00bb tab_id=\u00a0\u00bb1654871767-1-11&Prime;][vc_column_text]G\u00e9n\u00e9ralement, les terrains de basketball ext\u00e9rieurs sont des infrastructures de petites et moyennes dimensions pouvant s\u2019implanter l\u00e0 o\u00f9 l\u2019espace le permet. Plusieurs enjeux sont toutefois \u00e0 prendre en compte lors de la s\u00e9lection de l\u2019emplacement :<\/p>\n<ul>\n<li><strong>Cohabitation avec le milieu environnant<\/strong> : nuisance sonore et \u00e9clairage le soir<\/li>\n<li><strong>V\u00e9g\u00e9tation existante<\/strong> : les ballons peuvent sortir du terrain et endommager les arbres existants et les am\u00e9nagements paysagers situ\u00e9s \u00e0 proximit\u00e9<\/li>\n<li><strong>Accessibilit\u00e9 et mobilit\u00e9<\/strong> : proximit\u00e9 des \u00e9coles, acc\u00e8s au r\u00e9seau de transport actif et r\u00e9cr\u00e9atif, accessibilit\u00e9 universelle du lieu<\/li>\n<li><strong>Autres zones d\u2019activit\u00e9s<\/strong> : l\u2019implantation d\u2019un nouveau terrain de basketball peut affecter les d\u00e9placements et l\u2019accessibilit\u00e9 \u00e0 d\u2019autres zones d\u2019activit\u00e9s<\/li>\n<li><strong>Potentiel de commandite du site<\/strong><\/li>\n<\/ul>\n<p>[\/vc_column_text][\/vc_accordion_tab][vc_accordion_tab title=\u00a0\u00bbORIENTATION\u00a0\u00bb tab_id=\u00a0\u00bb1654871767-2-39&Prime;][vc_column_text]Qu\u2019il s\u2019agisse d\u2019un terrain complet, d\u2019un demi-terrain ou de paniers individuels, une orientation longitudinale selon un axe nord-sud est \u00e0 privil\u00e9gier pour \u00e9viter l\u2019\u00e9blouissement des joueurs par le soleil.[\/vc_column_text][\/vc_accordion_tab][vc_accordion_tab title=\u00a0\u00bbTOPOGRAPHIE\u00a0\u00bb tab_id=\u00a0\u00bb1662148936595-2-0&Prime;][vc_column_text]Comme la surface de jeu d\u2019un terrain de basketball doit comporter des pentes d\u2019environ 1 % \u00e0 2 % afin d\u2019\u00e9vacuer les eaux de pluie, la s\u00e9lection d\u2019un terrain existant relativement plat est \u00e0 privil\u00e9gier.[\/vc_column_text][\/vc_accordion_tab][vc_accordion_tab title=\u00a0\u00bbNATURE DU SOL\u00a0\u00bb tab_id=\u00a0\u00bb1662148965102-3-8&Prime;][vc_column_text]La composition du sol peut engendrer des co\u00fbts additionnels d\u2019\u00e9vacuation ou de d\u00e9contamination \u00e0 la suite des travaux d\u2019excavation.[\/vc_column_text][\/vc_accordion_tab][vc_accordion_tab title=\u00a0\u00bbREGROUPEMENT DE TERRAINS\u00a0\u00bb tab_id=\u00a0\u00bb1662148988738-4-7&Prime;][vc_column_text]Regrouper des terrains dans un p\u00f4le sportif entra\u00eene des \u00e9conomies d\u2019\u00e9chelle et permet d\u2019organiser des activit\u00e9s comme des tournois, des cours ou des camps d\u2019entra\u00eenement. Il permet aussi aux usagers d\u2019avoir acc\u00e8s \u00e0 une plus grande diversit\u00e9 de services et d\u2019infrastructures : chalet de parc, mobilier, stationnement, etc.<\/p>\n<p>Toutefois, le regroupement n\u2019est pas toujours souhaitable ou la meilleure solution. Dans certains contextes, la dispersion favorise l\u2019accessibilit\u00e9, particuli\u00e8rement quand le territoire comprend des barri\u00e8res physiques (chemin de fer, tunnel, autoroute, pont) qui le fragmentent.[\/vc_column_text][\/vc_accordion_tab][vc_accordion_tab title=\u00a0\u00bbIMPACTS ENVIRONNEMENTAUX ET DISTANCES DE D\u00c9GAGEMENT\u00a0\u00bb tab_id=\u00a0\u00bb1662149018462-5-8&Prime;][vc_column_text]Les am\u00e9nagements p\u00e9riph\u00e9riques peuvent avoir des impacts sur la nouvelle installation sportive. Il est pertinent d\u2019\u00e9valuer les facteurs de risque tels que la pollution de l\u2019air par des industries, les accidents de la route (art\u00e8res routi\u00e8res) et le bruit environnant. Ces risques peuvent causer des d\u00e9sagr\u00e9ments lors de la pratique de l\u2019activit\u00e9 sportive.[\/vc_column_text][\/vc_accordion_tab][\/vc_accordion][\/vc_column][\/vc_row][vc_row][\/vc_row][vc_row row_height_percent=\u00a0\u00bb0&Prime; overlay_alpha=\u00a0\u00bb50&Prime; gutter_size=\u00a0\u00bb3&Prime; shift_y=\u00a0\u00bb0&Prime; css=\u00a0\u00bb.vc_custom_1569108843026{margin-bottom: 50px !important;}\u00a0\u00bb][vc_column width=\u00a0\u00bb1\/1&Prime;][vc_button button_color=\u00a0\u00bbaccent\u00a0\u00bb size=\u00a0\u00bbbtn-lg\u00a0\u00bb radius=\u00a0\u00bbbtn-circle\u00a0\u00bb border_width=\u00a0\u00bb0&Prime; link=\u00a0\u00bburl:https%3A%2F%2Fwww.guides-sports-loisirs.ca%2Fbasketball-exterieur%2Fwp-content%2Fuploads%2Fsites%2F21%2F2022%2F09%2F3.4_ChoixSite.pdf||target:%20_blank|\u00a0\u00bb icon=\u00a0\u00bbfa fa-file-o\u00a0\u00bb el_class=\u00a0\u00bbbtn-pdf\u00a0\u00bb]Version PDF[\/vc_button][\/vc_column][\/vc_row]<\/p>\n<\/div>","protected":false},"excerpt":{"rendered":"<p>[vc_row][vc_column width=\u00a0\u00bb1\/1&Prime;][vc_column_text]Lorsqu\u2019il s\u2019agit d\u2019un nouvel am\u00e9nagement, le diagnostic aide les gestionnaires \u00e0 d\u00e9terminer le site le plus appropri\u00e9 en tenant [&hellip;]<\/p>\n","protected":false},"author":11,"featured_media":0,"parent":2016,"menu_order":10,"comment_status":"closed","ping_status":"closed","template":"","meta":{"_acf_changed":false,"footnotes":""},"class_list":["post-3773","page","type-page","status-publish","hentry"],"acf":[],"yoast_head":"<!-- This site is optimized with the Yoast SEO plugin v27.4 - https:\/\/yoast.com\/product\/yoast-seo-wordpress\/ -->\n<title>Choix d&#039;un site - Basketball ext\u00e9rieur (terrain multi-sport)<\/title>\n<meta name=\"robots\" content=\"index, follow, max-snippet:-1, max-image-preview:large, max-video-preview:-1\" \/>\n<link rel=\"canonical\" href=\"https:\/\/www.guides-sports-loisirs.ca\/basketball-exterieur\/planification\/choix-dun-site\/\" \/>\n<meta property=\"og:locale\" content=\"fr_FR\" \/>\n<meta property=\"og:type\" content=\"article\" \/>\n<meta property=\"og:title\" content=\"Choix d&#039;un site - Basketball ext\u00e9rieur (terrain multi-sport)\" \/>\n<meta property=\"og:description\" content=\"[vc_row][vc_column width=\u00a0\u00bb1\/1&Prime;][vc_column_text]Lorsqu\u2019il s\u2019agit d\u2019un nouvel am\u00e9nagement, le diagnostic aide les gestionnaires \u00e0 d\u00e9terminer le site le plus appropri\u00e9 en tenant [&hellip;]\" \/>\n<meta property=\"og:url\" content=\"https:\/\/www.guides-sports-loisirs.ca\/basketball-exterieur\/planification\/choix-dun-site\/\" \/>\n<meta property=\"og:site_name\" content=\"Basketball ext\u00e9rieur (terrain multi-sport)\" \/>\n<meta property=\"article:modified_time\" content=\"2022-09-02T20:06:13+00:00\" \/>\n<meta name=\"twitter:card\" content=\"summary_large_image\" \/>\n<meta name=\"twitter:label1\" content=\"Dur\u00e9e de lecture estim\u00e9e\" \/>\n\t<meta name=\"twitter:data1\" content=\"2 minutes\" \/>\n<script type=\"application\/ld+json\" class=\"yoast-schema-graph\">{\"@context\":\"https:\\\/\\\/schema.org\",\"@graph\":[{\"@type\":\"WebPage\",\"@id\":\"https:\\\/\\\/www.guides-sports-loisirs.ca\\\/basketball-exterieur\\\/planification\\\/choix-dun-site\\\/\",\"url\":\"https:\\\/\\\/www.guides-sports-loisirs.ca\\\/basketball-exterieur\\\/planification\\\/choix-dun-site\\\/\",\"name\":\"Choix d'un site - Basketball ext\u00e9rieur (terrain multi-sport)\",\"isPartOf\":{\"@id\":\"https:\\\/\\\/www.guides-sports-loisirs.ca\\\/basketball-exterieur\\\/#website\"},\"datePublished\":\"2022-06-07T14:58:25+00:00\",\"dateModified\":\"2022-09-02T20:06:13+00:00\",\"breadcrumb\":{\"@id\":\"https:\\\/\\\/www.guides-sports-loisirs.ca\\\/basketball-exterieur\\\/planification\\\/choix-dun-site\\\/#breadcrumb\"},\"inLanguage\":\"fr-FR\",\"potentialAction\":[{\"@type\":\"ReadAction\",\"target\":[\"https:\\\/\\\/www.guides-sports-loisirs.ca\\\/basketball-exterieur\\\/planification\\\/choix-dun-site\\\/\"]}]},{\"@type\":\"BreadcrumbList\",\"@id\":\"https:\\\/\\\/www.guides-sports-loisirs.ca\\\/basketball-exterieur\\\/planification\\\/choix-dun-site\\\/#breadcrumb\",\"itemListElement\":[{\"@type\":\"ListItem\",\"position\":1,\"name\":\"Accueil\",\"item\":\"https:\\\/\\\/www.guides-sports-loisirs.ca\\\/basketball-exterieur\\\/\"},{\"@type\":\"ListItem\",\"position\":2,\"name\":\"Planification\",\"item\":\"https:\\\/\\\/www.guides-sports-loisirs.ca\\\/basketball-exterieur\\\/planification\\\/\"},{\"@type\":\"ListItem\",\"position\":3,\"name\":\"Choix d&rsquo;un site\"}]},{\"@type\":\"WebSite\",\"@id\":\"https:\\\/\\\/www.guides-sports-loisirs.ca\\\/basketball-exterieur\\\/#website\",\"url\":\"https:\\\/\\\/www.guides-sports-loisirs.ca\\\/basketball-exterieur\\\/\",\"name\":\"Basketball ext\u00e9rieur (terrain multi-sport)\",\"description\":\"basketball\",\"potentialAction\":[{\"@type\":\"SearchAction\",\"target\":{\"@type\":\"EntryPoint\",\"urlTemplate\":\"https:\\\/\\\/www.guides-sports-loisirs.ca\\\/basketball-exterieur\\\/?s={search_term_string}\"},\"query-input\":{\"@type\":\"PropertyValueSpecification\",\"valueRequired\":true,\"valueName\":\"search_term_string\"}}],\"inLanguage\":\"fr-FR\"}]}<\/script>\n<!-- \/ Yoast SEO plugin. -->","yoast_head_json":{"title":"Choix d'un site - Basketball ext\u00e9rieur (terrain multi-sport)","robots":{"index":"index","follow":"follow","max-snippet":"max-snippet:-1","max-image-preview":"max-image-preview:large","max-video-preview":"max-video-preview:-1"},"canonical":"https:\/\/www.guides-sports-loisirs.ca\/basketball-exterieur\/planification\/choix-dun-site\/","og_locale":"fr_FR","og_type":"article","og_title":"Choix d'un site - Basketball ext\u00e9rieur (terrain multi-sport)","og_description":"[vc_row][vc_column width=\u00a0\u00bb1\/1&Prime;][vc_column_text]Lorsqu\u2019il s\u2019agit d\u2019un nouvel am\u00e9nagement, le diagnostic aide les gestionnaires \u00e0 d\u00e9terminer le site le plus appropri\u00e9 en tenant [&hellip;]","og_url":"https:\/\/www.guides-sports-loisirs.ca\/basketball-exterieur\/planification\/choix-dun-site\/","og_site_name":"Basketball ext\u00e9rieur (terrain multi-sport)","article_modified_time":"2022-09-02T20:06:13+00:00","twitter_card":"summary_large_image","twitter_misc":{"Dur\u00e9e de lecture estim\u00e9e":"2 minutes"},"schema":{"@context":"https:\/\/schema.org","@graph":[{"@type":"WebPage","@id":"https:\/\/www.guides-sports-loisirs.ca\/basketball-exterieur\/planification\/choix-dun-site\/","url":"https:\/\/www.guides-sports-loisirs.ca\/basketball-exterieur\/planification\/choix-dun-site\/","name":"Choix d'un site - Basketball ext\u00e9rieur (terrain multi-sport)","isPartOf":{"@id":"https:\/\/www.guides-sports-loisirs.ca\/basketball-exterieur\/#website"},"datePublished":"2022-06-07T14:58:25+00:00","dateModified":"2022-09-02T20:06:13+00:00","breadcrumb":{"@id":"https:\/\/www.guides-sports-loisirs.ca\/basketball-exterieur\/planification\/choix-dun-site\/#breadcrumb"},"inLanguage":"fr-FR","potentialAction":[{"@type":"ReadAction","target":["https:\/\/www.guides-sports-loisirs.ca\/basketball-exterieur\/planification\/choix-dun-site\/"]}]},{"@type":"BreadcrumbList","@id":"https:\/\/www.guides-sports-loisirs.ca\/basketball-exterieur\/planification\/choix-dun-site\/#breadcrumb","itemListElement":[{"@type":"ListItem","position":1,"name":"Accueil","item":"https:\/\/www.guides-sports-loisirs.ca\/basketball-exterieur\/"},{"@type":"ListItem","position":2,"name":"Planification","item":"https:\/\/www.guides-sports-loisirs.ca\/basketball-exterieur\/planification\/"},{"@type":"ListItem","position":3,"name":"Choix d&rsquo;un site"}]},{"@type":"WebSite","@id":"https:\/\/www.guides-sports-loisirs.ca\/basketball-exterieur\/#website","url":"https:\/\/www.guides-sports-loisirs.ca\/basketball-exterieur\/","name":"Basketball ext\u00e9rieur (terrain multi-sport)","description":"basketball","potentialAction":[{"@type":"SearchAction","target":{"@type":"EntryPoint","urlTemplate":"https:\/\/www.guides-sports-loisirs.ca\/basketball-exterieur\/?s={search_term_string}"},"query-input":{"@type":"PropertyValueSpecification","valueRequired":true,"valueName":"search_term_string"}}],"inLanguage":"fr-FR"}]}},"_links":{"self":[{"href":"https:\/\/www.guides-sports-loisirs.ca\/basketball-exterieur\/wp-json\/wp\/v2\/pages\/3773","targetHints":{"allow":["GET"]}}],"collection":[{"href":"https:\/\/www.guides-sports-loisirs.ca\/basketball-exterieur\/wp-json\/wp\/v2\/pages"}],"about":[{"href":"https:\/\/www.guides-sports-loisirs.ca\/basketball-exterieur\/wp-json\/wp\/v2\/types\/page"}],"author":[{"embeddable":true,"href":"https:\/\/www.guides-sports-loisirs.ca\/basketball-exterieur\/wp-json\/wp\/v2\/users\/11"}],"replies":[{"embeddable":true,"href":"https:\/\/www.guides-sports-loisirs.ca\/basketball-exterieur\/wp-json\/wp\/v2\/comments?post=3773"}],"version-history":[{"count":10,"href":"https:\/\/www.guides-sports-loisirs.ca\/basketball-exterieur\/wp-json\/wp\/v2\/pages\/3773\/revisions"}],"predecessor-version":[{"id":4475,"href":"https:\/\/www.guides-sports-loisirs.ca\/basketball-exterieur\/wp-json\/wp\/v2\/pages\/3773\/revisions\/4475"}],"up":[{"embeddable":true,"href":"https:\/\/www.guides-sports-loisirs.ca\/basketball-exterieur\/wp-json\/wp\/v2\/pages\/2016"}],"wp:attachment":[{"href":"https:\/\/www.guides-sports-loisirs.ca\/basketball-exterieur\/wp-json\/wp\/v2\/media?parent=3773"}],"curies":[{"name":"wp","href":"https:\/\/api.w.org\/{rel}","templated":true}]}}