{"id":3443,"date":"2021-10-07T11:11:18","date_gmt":"2021-10-07T15:11:18","guid":{"rendered":"https:\/\/www.guides-sports-loisirs.ca\/basketball-exterieur\/?page_id=3443"},"modified":"2022-09-23T12:37:41","modified_gmt":"2022-09-23T16:37:41","slug":"budget-preliminaire","status":"publish","type":"page","link":"https:\/\/www.guides-sports-loisirs.ca\/basketball-exterieur\/planification\/budget-preliminaire\/","title":{"rendered":"Budget pr\u00e9liminaire"},"content":{"rendered":"<div class=\"wpb-content-wrapper\"><p>[vc_row][vc_column width=\u00a0\u00bb1\/1&Prime;][vc_column_text]L\u2019\u00e9tablissement d\u2019un budget pour les travaux d\u2019am\u00e9nagement est essentiel dans toute bonne planification. Le co\u00fbt du projet doit \u00eatre \u00e9valu\u00e9 en prenant en compte les variables suivantes :<\/p>\n<ul>\n<li>Type de projet (r\u00e9novation, agrandissement, construction)<\/li>\n<li>Ampleur du projet et nombre de terrains<\/li>\n<li>Choix des mat\u00e9riaux et des \u00e9quipements<\/li>\n<li>Complexit\u00e9 du design de l\u2019aire de jeu<\/li>\n<li>Taux d\u2019occupation des fournisseurs (engendre une augmentation des co\u00fbts lorsque l\u2019offre des fournisseurs est satur\u00e9e)<\/li>\n<li>Fluctuation importante des co\u00fbts des mat\u00e9riaux et de la main-d\u2019\u0153uvre due \u00e0 plusieurs facteurs (\u00e9conomie, p\u00e9nurie, approvisionnement, transport, co\u00fbt du carburant, etc.)<\/li>\n<li>Emplacement du projet (facilit\u00e9 d\u2019acc\u00e8s, co\u00fbts plus ou moins \u00e9lev\u00e9s selon la r\u00e9gion)<\/li>\n<\/ul>\n<p>Les co\u00fbts suivants peuvent servir de r\u00e9f\u00e9rence pour l\u2019\u00e9tablissement d\u2019un budget de nouvelle construction. \u00c0 noter qu\u2019il faut pr\u00e9voir des frais pour la r\u00e9alisation des plans et devis ainsi que des frais de contingence dans toute estimation.[\/vc_column_text][vc_single_image media=\u00a0\u00bb4692&Prime; media_lightbox=\u00a0\u00bbyes\u00a0\u00bb media_width_percent=\u00a0\u00bb65&Prime; lbox_skin=\u00a0\u00bbwhite\u00a0\u00bb][vc_empty_space empty_h=\u00a0\u00bb2&Prime;][vc_column_text]Les co\u00fbts des \u00e9quipements s\u2019ajoutent \u00e0 celui de la conception du terrain et sont estim\u00e9s dans le tableau suivant :[\/vc_column_text][vc_single_image media=\u00a0\u00bb4693&Prime; media_lightbox=\u00a0\u00bbyes\u00a0\u00bb media_width_percent=\u00a0\u00bb65&Prime; lbox_skin=\u00a0\u00bbwhite\u00a0\u00bb][vc_empty_space empty_h=\u00a0\u00bb2&Prime;][vc_column_text]<\/p>\n<hr \/>\n<p><strong>[6] <\/strong>Terrain de basketball int\u00e9gr\u00e9 dans une patinoire avec bandes permanentes.[\/vc_column_text][\/vc_column][\/vc_row][vc_row][\/vc_row][vc_row row_height_percent=\u00a0\u00bb0&Prime; overlay_alpha=\u00a0\u00bb50&Prime; gutter_size=\u00a0\u00bb3&Prime; shift_y=\u00a0\u00bb0&Prime; css=\u00a0\u00bb.vc_custom_1569108843026{margin-bottom: 50px !important;}\u00a0\u00bb][vc_column width=\u00a0\u00bb1\/1&Prime;][vc_button button_color=\u00a0\u00bbaccent\u00a0\u00bb size=\u00a0\u00bbbtn-lg\u00a0\u00bb radius=\u00a0\u00bbbtn-circle\u00a0\u00bb border_width=\u00a0\u00bb0&Prime; link=\u00a0\u00bburl:https%3A%2F%2Fwww.guides-sports-loisirs.ca%2Fbasketball-exterieur%2Fwp-content%2Fuploads%2Fsites%2F21%2F2022%2F09%2F3.5_BudgetPreliminaire.pdf||target:%20_blank|\u00a0\u00bb icon=\u00a0\u00bbfa fa-file-o\u00a0\u00bb el_class=\u00a0\u00bbbtn-pdf\u00a0\u00bb]Version PDF[\/vc_button][\/vc_column][\/vc_row]<\/p>\n<\/div>","protected":false},"excerpt":{"rendered":"<p>[vc_row][vc_column width=\u00a0\u00bb1\/1&Prime;][vc_column_text]L\u2019\u00e9tablissement d\u2019un budget pour les travaux d\u2019am\u00e9nagement est essentiel dans toute bonne planification. Le co\u00fbt du projet doit \u00eatre [&hellip;]<\/p>\n","protected":false},"author":17,"featured_media":0,"parent":2016,"menu_order":11,"comment_status":"closed","ping_status":"closed","template":"","meta":{"_acf_changed":false,"footnotes":""},"class_list":["post-3443","page","type-page","status-publish","hentry"],"acf":[],"yoast_head":"<!-- This site is optimized with the Yoast SEO plugin v27.2 - https:\/\/yoast.com\/product\/yoast-seo-wordpress\/ -->\n<title>Budget pr\u00e9liminaire - Basketball ext\u00e9rieur (terrain multi-sport)<\/title>\n<meta name=\"robots\" content=\"index, follow, max-snippet:-1, max-image-preview:large, max-video-preview:-1\" \/>\n<link rel=\"canonical\" href=\"https:\/\/www.guides-sports-loisirs.ca\/basketball-exterieur\/planification\/budget-preliminaire\/\" \/>\n<meta property=\"og:locale\" content=\"fr_FR\" \/>\n<meta property=\"og:type\" content=\"article\" \/>\n<meta property=\"og:title\" content=\"Budget pr\u00e9liminaire - Basketball ext\u00e9rieur (terrain multi-sport)\" \/>\n<meta property=\"og:description\" content=\"[vc_row][vc_column width=\u00a0\u00bb1\/1&Prime;][vc_column_text]L\u2019\u00e9tablissement d\u2019un budget pour les travaux d\u2019am\u00e9nagement est essentiel dans toute bonne planification. Le co\u00fbt du projet doit \u00eatre [&hellip;]\" \/>\n<meta property=\"og:url\" content=\"https:\/\/www.guides-sports-loisirs.ca\/basketball-exterieur\/planification\/budget-preliminaire\/\" \/>\n<meta property=\"og:site_name\" content=\"Basketball ext\u00e9rieur (terrain multi-sport)\" \/>\n<meta property=\"article:modified_time\" content=\"2022-09-23T16:37:41+00:00\" \/>\n<meta name=\"twitter:card\" content=\"summary_large_image\" \/>\n<meta name=\"twitter:label1\" content=\"Dur\u00e9e de lecture estim\u00e9e\" \/>\n\t<meta name=\"twitter:data1\" content=\"1 minute\" \/>\n<script type=\"application\/ld+json\" class=\"yoast-schema-graph\">{\"@context\":\"https:\/\/schema.org\",\"@graph\":[{\"@type\":\"WebPage\",\"@id\":\"https:\/\/www.guides-sports-loisirs.ca\/basketball-exterieur\/planification\/budget-preliminaire\/\",\"url\":\"https:\/\/www.guides-sports-loisirs.ca\/basketball-exterieur\/planification\/budget-preliminaire\/\",\"name\":\"Budget pr\u00e9liminaire - Basketball ext\u00e9rieur (terrain multi-sport)\",\"isPartOf\":{\"@id\":\"https:\/\/www.guides-sports-loisirs.ca\/basketball-exterieur\/#website\"},\"datePublished\":\"2021-10-07T15:11:18+00:00\",\"dateModified\":\"2022-09-23T16:37:41+00:00\",\"breadcrumb\":{\"@id\":\"https:\/\/www.guides-sports-loisirs.ca\/basketball-exterieur\/planification\/budget-preliminaire\/#breadcrumb\"},\"inLanguage\":\"fr-FR\",\"potentialAction\":[{\"@type\":\"ReadAction\",\"target\":[\"https:\/\/www.guides-sports-loisirs.ca\/basketball-exterieur\/planification\/budget-preliminaire\/\"]}]},{\"@type\":\"BreadcrumbList\",\"@id\":\"https:\/\/www.guides-sports-loisirs.ca\/basketball-exterieur\/planification\/budget-preliminaire\/#breadcrumb\",\"itemListElement\":[{\"@type\":\"ListItem\",\"position\":1,\"name\":\"Accueil\",\"item\":\"https:\/\/www.guides-sports-loisirs.ca\/basketball-exterieur\/\"},{\"@type\":\"ListItem\",\"position\":2,\"name\":\"Planification\",\"item\":\"https:\/\/www.guides-sports-loisirs.ca\/basketball-exterieur\/planification\/\"},{\"@type\":\"ListItem\",\"position\":3,\"name\":\"Budget pr\u00e9liminaire\"}]},{\"@type\":\"WebSite\",\"@id\":\"https:\/\/www.guides-sports-loisirs.ca\/basketball-exterieur\/#website\",\"url\":\"https:\/\/www.guides-sports-loisirs.ca\/basketball-exterieur\/\",\"name\":\"Basketball ext\u00e9rieur (terrain multi-sport)\",\"description\":\"basketball\",\"potentialAction\":[{\"@type\":\"SearchAction\",\"target\":{\"@type\":\"EntryPoint\",\"urlTemplate\":\"https:\/\/www.guides-sports-loisirs.ca\/basketball-exterieur\/?s={search_term_string}\"},\"query-input\":{\"@type\":\"PropertyValueSpecification\",\"valueRequired\":true,\"valueName\":\"search_term_string\"}}],\"inLanguage\":\"fr-FR\"}]}<\/script>\n<!-- \/ Yoast SEO plugin. -->","yoast_head_json":{"title":"Budget pr\u00e9liminaire - Basketball ext\u00e9rieur (terrain multi-sport)","robots":{"index":"index","follow":"follow","max-snippet":"max-snippet:-1","max-image-preview":"max-image-preview:large","max-video-preview":"max-video-preview:-1"},"canonical":"https:\/\/www.guides-sports-loisirs.ca\/basketball-exterieur\/planification\/budget-preliminaire\/","og_locale":"fr_FR","og_type":"article","og_title":"Budget pr\u00e9liminaire - Basketball ext\u00e9rieur (terrain multi-sport)","og_description":"[vc_row][vc_column width=\u00a0\u00bb1\/1&Prime;][vc_column_text]L\u2019\u00e9tablissement d\u2019un budget pour les travaux d\u2019am\u00e9nagement est essentiel dans toute bonne planification. Le co\u00fbt du projet doit \u00eatre [&hellip;]","og_url":"https:\/\/www.guides-sports-loisirs.ca\/basketball-exterieur\/planification\/budget-preliminaire\/","og_site_name":"Basketball ext\u00e9rieur (terrain multi-sport)","article_modified_time":"2022-09-23T16:37:41+00:00","twitter_card":"summary_large_image","twitter_misc":{"Dur\u00e9e de lecture estim\u00e9e":"1 minute"},"schema":{"@context":"https:\/\/schema.org","@graph":[{"@type":"WebPage","@id":"https:\/\/www.guides-sports-loisirs.ca\/basketball-exterieur\/planification\/budget-preliminaire\/","url":"https:\/\/www.guides-sports-loisirs.ca\/basketball-exterieur\/planification\/budget-preliminaire\/","name":"Budget pr\u00e9liminaire - Basketball ext\u00e9rieur (terrain multi-sport)","isPartOf":{"@id":"https:\/\/www.guides-sports-loisirs.ca\/basketball-exterieur\/#website"},"datePublished":"2021-10-07T15:11:18+00:00","dateModified":"2022-09-23T16:37:41+00:00","breadcrumb":{"@id":"https:\/\/www.guides-sports-loisirs.ca\/basketball-exterieur\/planification\/budget-preliminaire\/#breadcrumb"},"inLanguage":"fr-FR","potentialAction":[{"@type":"ReadAction","target":["https:\/\/www.guides-sports-loisirs.ca\/basketball-exterieur\/planification\/budget-preliminaire\/"]}]},{"@type":"BreadcrumbList","@id":"https:\/\/www.guides-sports-loisirs.ca\/basketball-exterieur\/planification\/budget-preliminaire\/#breadcrumb","itemListElement":[{"@type":"ListItem","position":1,"name":"Accueil","item":"https:\/\/www.guides-sports-loisirs.ca\/basketball-exterieur\/"},{"@type":"ListItem","position":2,"name":"Planification","item":"https:\/\/www.guides-sports-loisirs.ca\/basketball-exterieur\/planification\/"},{"@type":"ListItem","position":3,"name":"Budget pr\u00e9liminaire"}]},{"@type":"WebSite","@id":"https:\/\/www.guides-sports-loisirs.ca\/basketball-exterieur\/#website","url":"https:\/\/www.guides-sports-loisirs.ca\/basketball-exterieur\/","name":"Basketball ext\u00e9rieur (terrain multi-sport)","description":"basketball","potentialAction":[{"@type":"SearchAction","target":{"@type":"EntryPoint","urlTemplate":"https:\/\/www.guides-sports-loisirs.ca\/basketball-exterieur\/?s={search_term_string}"},"query-input":{"@type":"PropertyValueSpecification","valueRequired":true,"valueName":"search_term_string"}}],"inLanguage":"fr-FR"}]}},"_links":{"self":[{"href":"https:\/\/www.guides-sports-loisirs.ca\/basketball-exterieur\/wp-json\/wp\/v2\/pages\/3443","targetHints":{"allow":["GET"]}}],"collection":[{"href":"https:\/\/www.guides-sports-loisirs.ca\/basketball-exterieur\/wp-json\/wp\/v2\/pages"}],"about":[{"href":"https:\/\/www.guides-sports-loisirs.ca\/basketball-exterieur\/wp-json\/wp\/v2\/types\/page"}],"author":[{"embeddable":true,"href":"https:\/\/www.guides-sports-loisirs.ca\/basketball-exterieur\/wp-json\/wp\/v2\/users\/17"}],"replies":[{"embeddable":true,"href":"https:\/\/www.guides-sports-loisirs.ca\/basketball-exterieur\/wp-json\/wp\/v2\/comments?post=3443"}],"version-history":[{"count":34,"href":"https:\/\/www.guides-sports-loisirs.ca\/basketball-exterieur\/wp-json\/wp\/v2\/pages\/3443\/revisions"}],"predecessor-version":[{"id":4695,"href":"https:\/\/www.guides-sports-loisirs.ca\/basketball-exterieur\/wp-json\/wp\/v2\/pages\/3443\/revisions\/4695"}],"up":[{"embeddable":true,"href":"https:\/\/www.guides-sports-loisirs.ca\/basketball-exterieur\/wp-json\/wp\/v2\/pages\/2016"}],"wp:attachment":[{"href":"https:\/\/www.guides-sports-loisirs.ca\/basketball-exterieur\/wp-json\/wp\/v2\/media?parent=3443"}],"curies":[{"name":"wp","href":"https:\/\/api.w.org\/{rel}","templated":true}]}}