{"id":3039,"date":"2020-08-13T12:29:08","date_gmt":"2020-08-13T16:29:08","guid":{"rendered":"https:\/\/www.guides-sports-loisirs.ca\/basketball-exterieur\/?page_id=3039"},"modified":"2022-09-23T13:26:10","modified_gmt":"2022-09-23T17:26:10","slug":"introduction","status":"publish","type":"page","link":"https:\/\/www.guides-sports-loisirs.ca\/basketball-exterieur\/introduction\/","title":{"rendered":"Introduction"},"content":{"rendered":"<div class=\"wpb-content-wrapper\"><p>[vc_row][\/vc_row][vc_row][vc_column width=\u00a0\u00bb1\/1&Prime;][vc_accordion active_tab=\u00a0\u00bb0&Prime;][vc_accordion_tab title=\u00a0\u00bbOBJECTIF\u00a0\u00bb tab_id=\u00a0\u00bb5f9f5691-17d9-0&Prime;][vc_column_text]Ce guide constitue un outil d\u2019aide \u00e0 la d\u00e9cision et \u00e0 la planification pour les gestionnaires municipaux et les intervenants en mati\u00e8re d\u2019infrastructures sportives publiques. Il rassemble l\u2019information n\u00e9cessaire et propose diverses avenues pour la conception, la construction, l\u2019exploitation, l\u2019entretien et la r\u00e9fection d\u2019infrastructures ext\u00e9rieures de basketball, tout en tenant compte de la s\u00e9curit\u00e9 des pratiquants et des spectateurs et de l\u2019int\u00e9grit\u00e9 dans le sport.[\/vc_column_text][\/vc_accordion_tab][vc_accordion_tab title=\u00a0\u00bbDOMAINE D&rsquo;APPLICATION\u00a0\u00bb tab_id=\u00a0\u00bb1662053469751-3-2&Prime;][vc_column_text]Au Qu\u00e9bec, le basketball ext\u00e9rieur se pratique sur une base r\u00e9cr\u00e9ative<sup>1<\/sup>. La pratique r\u00e9cr\u00e9ative est rarement encadr\u00e9e contrairement \u00e0 la pratique sportive, plus ax\u00e9e sur la performance, laquelle se d\u00e9roule habituellement en gymnase et est plus structur\u00e9e (ligues r\u00e9cr\u00e9atives ou comp\u00e9titives, camps d\u2019entra\u00eenement et apprentissage).<\/p>\n<p>Les informations et outils propos\u00e9s ont \u00e9t\u00e9 con\u00e7us pour aider les gestionnaires et les intervenants en mati\u00e8re d\u2019infrastructures sportives publiques \u00e0 bien cerner les besoins des usagers, \u00e0 \u00e9valuer l\u2019offre et la demande et \u00e0 proc\u00e9der \u00e0 un diagnostic des infrastructures actuelles. C\u2019est \u00e0 partir de ces \u00e9tapes qu\u2019une \u00e9quipe de projet pourra d\u00e9terminer le type et l\u2019ampleur des interventions \u00e0 r\u00e9aliser sur le terrain.<\/p>\n<p>Offrant plusieurs pistes de r\u00e9flexion, ce guide a \u00e9t\u00e9 con\u00e7u pour offrir aux usagers des surfaces de jeu s\u00e9curitaires qui leur permettront de tirer profit des multiples avantages que comporte la pratique d\u2019activit\u00e9s sportives et r\u00e9cr\u00e9atives sur une surface de basketball ext\u00e9rieur.<\/p>\n<p>Ce guide a b\u00e9n\u00e9fici\u00e9 de la collaboration de plusieurs acteurs, r\u00e9unis au sein d\u2019un comit\u00e9 de pilotage. Il a \u00e9t\u00e9 r\u00e9alis\u00e9 par l\u2019Association qu\u00e9b\u00e9coise du loisir municipal (AQLM), en collaboration avec le minist\u00e8re de l\u2019\u00c9ducation du Qu\u00e9bec (MEQ), ainsi que les villes de Gatineau, Laval, L\u00e9vis, Longueuil, Montr\u00e9al, Qu\u00e9bec, Sherbrooke, Terrebonne et Trois-Rivi\u00e8res.<\/p>\n<hr \/>\n<p><strong>[1] <\/strong>Une activit\u00e9 r\u00e9cr\u00e9ative est g\u00e9n\u00e9ralement plus ax\u00e9e sur le jeu. Elle permet la d\u00e9couverte et l\u2019initiation \u00e0 une activit\u00e9 physique. <em><a href=\"http:\/\/sportbienetre.ca\/uploads\/QC-Compreehension_commune_developpement_sportif.pdf\" target=\"_blank\" rel=\"noopener noreferrer\">(Association canadienne des entra\u00eeneurs, Approche qu\u00e9b\u00e9coise en mati\u00e8re de d\u00e9veloppement sportif et de promotion de la pratique r\u00e9guli\u00e8re d\u2019activit\u00e9s physiques, 2014)<\/a><\/em>[\/vc_column_text][\/vc_accordion_tab][vc_accordion_tab title=\u00a0\u00bbCONTEXTE\u00a0\u00bb tab_id=\u00a0\u00bb1633544106719-1-0&Prime;][vc_column_text]La pratique encadr\u00e9e du basketball est en forte croissance au Qu\u00e9bec depuis 2013. De 2013-2014 \u00e0 2020-2021, le nombre de membres de <em><a href=\"https:\/\/www.basketball.qc.ca\/fr\/index.html\" target=\"_blank\" rel=\"noopener noreferrer\">Basketball Qu\u00e9bec<\/a><\/em> a cr\u00fb de plus de 44 % pour atteindre environ 55\u2009000 personnes<sup>2<\/sup>. Cet int\u00e9r\u00eat renouvel\u00e9 pour ce sport, provenant principalement des 9 \u00e0 17 ans, s\u2019observe tant dans les grands centres que dans les r\u00e9gions p\u00e9riph\u00e9riques et \u00e9loign\u00e9es<sup>3<\/sup>.<\/p>\n<p>Plusieurs facteurs peuvent expliquer ce regain de popularit\u00e9 :<\/p>\n<ul>\n<li>Le championnat de la National Basketball Association (NBA) remport\u00e9 pour la premi\u00e8re fois par l\u2019\u00e9quipe professionnelle des Raptors de Toronto en 2019;<\/li>\n<li>La pr\u00e9sence croissante de Qu\u00e9b\u00e9cois venus d\u2019ailleurs ayant naturellement un int\u00e9r\u00eat et une passion pour le basketball et la pratique de ce sport;<\/li>\n<li>La pr\u00e9sence grandissante de figures qu\u00e9b\u00e9coises et canadiennes au sein de la NBA<sup>4<\/sup>;<\/li>\n<li>L\u2019abordabilit\u00e9 du basketball comparativement \u00e0 d\u2019autres sports traditionnellement pratiqu\u00e9s au Qu\u00e9bec.<\/li>\n<\/ul>\n<p>L\u2019apparition r\u00e9cente d\u2019une nouvelle \u00e9quipe professionnelle de la Ligue \u00e9lite canadienne de basketball \u00e0 Montr\u00e9al (l\u2019Alliance de Montr\u00e9al) devrait \u00e9galement stimuler cet engouement lors des prochaines ann\u00e9es<sup>5<\/sup>.<\/p>\n<p>Le basketball 3&#215;3 est un autre ph\u00e9nom\u00e8ne d\u2019importance \u00e0 prendre en compte. Il est issu de la pratique libre du basketball de rue et consid\u00e9r\u00e9 comme le num\u00e9ro un des sports urbains dans le monde. Cette discipline a fait son apparition aux Jeux olympiques de Tokyo en 2020 sous l\u2019impulsion de la F\u00e9d\u00e9ration internationale de basketball (FIBA). Celle-ci assure \u00e9galement le d\u00e9ploiement du 3&#215;3 World Tour et de la Superleague. Le d\u00e9veloppement de cette nouvelle discipline n\u00e9cessitera l\u2019am\u00e9nagement de surfaces et d\u2019\u00e9quipements r\u00e9pondant \u00e0 des exigences techniques sp\u00e9cifiques.<\/p>\n<p>Cons\u00e9quemment, plusieurs municipalit\u00e9s et centres de services scolaires pr\u00e9voient r\u00e9nover ou construire des infrastructures ext\u00e9rieures adapt\u00e9es et polyvalentes pour r\u00e9pondre \u00e0 la nouvelle demande. Ces infrastructures seront principalement utilis\u00e9es pour la pratique r\u00e9cr\u00e9ative (libre ou organis\u00e9e) de joueurs de tous \u00e2ges. Plusieurs types d\u2019\u00e9quipements ext\u00e9rieurs peuvent \u00eatre mis \u00e0 la disposition des utilisateurs dans les parcs municipaux et les parcs-\u00e9coles :<\/p>\n<ul>\n<li>Terrain complet (5 c. 5)<\/li>\n<li>Demi-terrain (3 c. 3)<\/li>\n<li>Paniers au mur ou sur poteau (1 c. 1)<\/li>\n<li>Terrain multisport<\/li>\n<\/ul>\n<p>Le contenu du pr\u00e9sent guide repose sur la prise en compte de tous ces \u00e9l\u00e9ments contextuels. Ce faisant, il deviendra une r\u00e9f\u00e9rence pertinente pour toute personne impliqu\u00e9e dans la planification, la conception, l\u2019exploitation et l\u2019entretien des terrains de basketball (multisports) ext\u00e9rieurs afin d\u2019offrir un cadre s\u00e9curitaire pour la pratique de ce sport.<\/p>\n<hr \/>\n<p><strong>[2] <\/strong>Harvey-Pinard, K. <em><a href=\"https:\/\/www.lapresse.ca\/sports\/basketball\/2021-10-27\/basketball-professionnel\/l-alliance-de-montreal-voit-le-jour.php\" target=\"_blank\" rel=\"noopener noreferrer\">\u00ab L\u2019Alliance de Montr\u00e9al voit le jour \u00bb<\/a><\/em>, journal La Presse, 27 octobre 2021.<br \/>\n<strong>[3] <\/strong>Tremblay, J-F. <em><a href=\"https:\/\/www.lesoleil.com\/2019\/10\/16\/hausse-remarquable-de-la-popularite-du-basketball-au-quebec-4d56df97ddc5ab91963b2a139b557c5c\" target=\"_blank\" rel=\"noopener noreferrer\">\u00ab Hausse remarquable de la popularit\u00e9 du basketball au Qu\u00e9bec \u00bb<\/a><\/em>, journal Le Soleil, 17 octobre 2019.<br \/>\n<strong>[4] <\/strong>Vall\u00e9e, K., <em><a href=\"https:\/\/alleyoop360.com\/record-4-quebecois-amorcent-la-saison-avec-une-equipe-de-la-nba\/\" target=\"_blank\" rel=\"noopener noreferrer\">\u00ab Record : 4 Qu\u00e9b\u00e9cois amorcent la saison avec une \u00e9quipe de la NBA \u00bb<\/a><\/em>, Alleyoop 3060, 22 d\u00e9cembre 2020.<br \/>\n<strong>[5] <\/strong>Harvey-Pinard, K. \u00ab L\u2019Alliance de Montr\u00e9al voit le jour \u00bb, journal La Presse, 27 octobre 2021.[\/vc_column_text][\/vc_accordion_tab][vc_accordion_tab title=\u00a0\u00bbCR\u00c9DITS\u00a0\u00bb tab_id=\u00a0\u00bb1633544235596-2-2&Prime;][vc_row_inner][vc_column_inner width=\u00a0\u00bb1\/1&Prime;][vc_column_text]<\/p>\n<h3>R\u00e9daction<\/h3>\n<p>R\u00e9dacteurs principaux : Jordan Dubois et Dany Bouchard, BC2 Groupe conseil<\/p>\n<ul>\n<li style=\"list-style-type: none\"><\/li>\n<\/ul>\n<h3>Coordination<\/h3>\n<p>H\u00e9l\u00e8ne Caron, AQLM<\/p>\n<ul>\n<li style=\"list-style-type: none\"><\/li>\n<\/ul>\n<h3>R\u00e9vision linguistique<\/h3>\n<p>Denis Poulet<\/p>\n<ul>\n<li style=\"list-style-type: none\">\n<ul>\n<li style=\"list-style-type: none\"><\/li>\n<\/ul>\n<\/li>\n<\/ul>\n<h3>Direction<\/h3>\n<p>Genevi\u00e8ve Barri\u00e8re, AQLM<\/p>\n<ul>\n<li style=\"list-style-type: none\">\n<ul>\n<li style=\"list-style-type: none\">\n<ul>\n<li style=\"list-style-type: none\"><\/li>\n<\/ul>\n<\/li>\n<\/ul>\n<\/li>\n<\/ul>\n<h3>Comit\u00e9 de pilotage<\/h3>\n<p>Gabriel Cyr-Guay, Ville de Montr\u00e9al<br \/>\nJean-Fran\u00e7ois Duli\u00e8pre, Ville de Montr\u00e9al<br \/>\nJonathan B\u00e9lisle, Ville de Sherbrooke<br \/>\nAlexandre Lapointe, Ville de Sherbrooke<br \/>\nAlejandro Hasbani, Basketball Qu\u00e9bec<br \/>\nR\u00e9jean Levesque, PC Court<br \/>\nJonathan Normandeau, PC Court<\/p>\n<ul>\n<li style=\"list-style-type: none\">\n<ul>\n<li style=\"list-style-type: none\">\n<ul>\n<li style=\"list-style-type: none\">\n<ul>\n<li style=\"list-style-type: none\"><\/li>\n<\/ul>\n<\/li>\n<\/ul>\n<\/li>\n<\/ul>\n<\/li>\n<\/ul>\n<h3>Design graphique et montage<\/h3>\n<ul>\n<li>\n<div><b>Design graphique<br \/>\n<\/b>Publi Griffe<\/div>\n<\/li>\n<li>\n<div><b>Programmation et r\u00e9alisation Web<br \/>\n<\/b>Hebertcommunication<\/div>\n<\/li>\n<\/ul>\n<p>&nbsp;<\/p>\n<h3>Production et distribution<\/h3>\n<p>Association qu\u00e9b\u00e9coise du loisir municipal (AQLM)<br \/>\nMaison du Loisir et du Sport<br \/>\n7665, boulevard Lacordaire<br \/>\nMontr\u00e9al, QC H1S 2A7<br \/>\nT\u00e9l\u00e9phone : 514 252-5244<br \/>\nT\u00e9l\u00e9copieur : 514 252-5220<br \/>\ninfoaqlm@loisirmunicipal.qc.ca[\/vc_column_text][\/vc_column_inner][\/vc_row_inner][\/vc_accordion_tab][\/vc_accordion][vc_button button_color=\u00a0\u00bbaccent\u00a0\u00bb size=\u00a0\u00bbbtn-lg\u00a0\u00bb radius=\u00a0\u00bbbtn-circle\u00a0\u00bb border_width=\u00a0\u00bb0&Prime; link=\u00a0\u00bburl:https%3A%2F%2Fwww.guides-sports-loisirs.ca%2Fbasketball-exterieur%2Fwp-content%2Fuploads%2Fsites%2F21%2F2022%2F09%2F1.1_Introduction.pdf||target:%20_blank|\u00a0\u00bb icon=\u00a0\u00bbfa fa-document2&Prime;]Version PDF[\/vc_button][\/vc_column][\/vc_row]<\/p>\n<\/div>","protected":false},"excerpt":{"rendered":"<p>[vc_row][\/vc_row][vc_row][vc_column width=\u00a0\u00bb1\/1&Prime;][vc_accordion active_tab=\u00a0\u00bb0&Prime;][vc_accordion_tab title=\u00a0\u00bbOBJECTIF\u00a0\u00bb tab_id=\u00a0\u00bb5f9f5691-17d9-0&Prime;][vc_column_text]Ce guide constitue un outil d\u2019aide \u00e0 la d\u00e9cision et \u00e0 la planification pour les gestionnaires [&hellip;]<\/p>\n","protected":false},"author":11,"featured_media":0,"parent":0,"menu_order":0,"comment_status":"closed","ping_status":"closed","template":"","meta":{"_acf_changed":false,"footnotes":""},"class_list":["post-3039","page","type-page","status-publish","hentry"],"acf":[],"yoast_head":"<!-- This site is optimized with the Yoast SEO plugin v27.2 - https:\/\/yoast.com\/product\/yoast-seo-wordpress\/ -->\n<title>Introduction - Basketball ext\u00e9rieur (terrain multi-sport)<\/title>\n<meta name=\"robots\" content=\"index, follow, max-snippet:-1, max-image-preview:large, max-video-preview:-1\" \/>\n<link rel=\"canonical\" href=\"https:\/\/www.guides-sports-loisirs.ca\/basketball-exterieur\/introduction\/\" \/>\n<meta property=\"og:locale\" content=\"fr_FR\" \/>\n<meta property=\"og:type\" content=\"article\" \/>\n<meta property=\"og:title\" content=\"Introduction - Basketball ext\u00e9rieur (terrain multi-sport)\" \/>\n<meta property=\"og:description\" content=\"[vc_row][\/vc_row][vc_row][vc_column width=\u00a0\u00bb1\/1&Prime;][vc_accordion active_tab=\u00a0\u00bb0&Prime;][vc_accordion_tab title=\u00a0\u00bbOBJECTIF\u00a0\u00bb tab_id=\u00a0\u00bb5f9f5691-17d9-0&Prime;][vc_column_text]Ce guide constitue un outil d\u2019aide \u00e0 la d\u00e9cision et \u00e0 la planification pour les gestionnaires [&hellip;]\" \/>\n<meta property=\"og:url\" content=\"https:\/\/www.guides-sports-loisirs.ca\/basketball-exterieur\/introduction\/\" \/>\n<meta property=\"og:site_name\" content=\"Basketball ext\u00e9rieur (terrain multi-sport)\" \/>\n<meta property=\"article:modified_time\" content=\"2022-09-23T17:26:10+00:00\" \/>\n<meta name=\"twitter:card\" content=\"summary_large_image\" \/>\n<meta name=\"twitter:label1\" content=\"Dur\u00e9e de lecture estim\u00e9e\" \/>\n\t<meta name=\"twitter:data1\" content=\"4 minutes\" \/>\n<script type=\"application\/ld+json\" class=\"yoast-schema-graph\">{\"@context\":\"https:\/\/schema.org\",\"@graph\":[{\"@type\":\"WebPage\",\"@id\":\"https:\/\/www.guides-sports-loisirs.ca\/basketball-exterieur\/introduction\/\",\"url\":\"https:\/\/www.guides-sports-loisirs.ca\/basketball-exterieur\/introduction\/\",\"name\":\"Introduction - Basketball ext\u00e9rieur (terrain multi-sport)\",\"isPartOf\":{\"@id\":\"https:\/\/www.guides-sports-loisirs.ca\/basketball-exterieur\/#website\"},\"datePublished\":\"2020-08-13T16:29:08+00:00\",\"dateModified\":\"2022-09-23T17:26:10+00:00\",\"breadcrumb\":{\"@id\":\"https:\/\/www.guides-sports-loisirs.ca\/basketball-exterieur\/introduction\/#breadcrumb\"},\"inLanguage\":\"fr-FR\",\"potentialAction\":[{\"@type\":\"ReadAction\",\"target\":[\"https:\/\/www.guides-sports-loisirs.ca\/basketball-exterieur\/introduction\/\"]}]},{\"@type\":\"BreadcrumbList\",\"@id\":\"https:\/\/www.guides-sports-loisirs.ca\/basketball-exterieur\/introduction\/#breadcrumb\",\"itemListElement\":[{\"@type\":\"ListItem\",\"position\":1,\"name\":\"Accueil\",\"item\":\"https:\/\/www.guides-sports-loisirs.ca\/basketball-exterieur\/\"},{\"@type\":\"ListItem\",\"position\":2,\"name\":\"Introduction\"}]},{\"@type\":\"WebSite\",\"@id\":\"https:\/\/www.guides-sports-loisirs.ca\/basketball-exterieur\/#website\",\"url\":\"https:\/\/www.guides-sports-loisirs.ca\/basketball-exterieur\/\",\"name\":\"Basketball ext\u00e9rieur (terrain multi-sport)\",\"description\":\"basketball\",\"potentialAction\":[{\"@type\":\"SearchAction\",\"target\":{\"@type\":\"EntryPoint\",\"urlTemplate\":\"https:\/\/www.guides-sports-loisirs.ca\/basketball-exterieur\/?s={search_term_string}\"},\"query-input\":{\"@type\":\"PropertyValueSpecification\",\"valueRequired\":true,\"valueName\":\"search_term_string\"}}],\"inLanguage\":\"fr-FR\"}]}<\/script>\n<!-- \/ Yoast SEO plugin. -->","yoast_head_json":{"title":"Introduction - Basketball ext\u00e9rieur (terrain multi-sport)","robots":{"index":"index","follow":"follow","max-snippet":"max-snippet:-1","max-image-preview":"max-image-preview:large","max-video-preview":"max-video-preview:-1"},"canonical":"https:\/\/www.guides-sports-loisirs.ca\/basketball-exterieur\/introduction\/","og_locale":"fr_FR","og_type":"article","og_title":"Introduction - Basketball ext\u00e9rieur (terrain multi-sport)","og_description":"[vc_row][\/vc_row][vc_row][vc_column width=\u00a0\u00bb1\/1&Prime;][vc_accordion active_tab=\u00a0\u00bb0&Prime;][vc_accordion_tab title=\u00a0\u00bbOBJECTIF\u00a0\u00bb tab_id=\u00a0\u00bb5f9f5691-17d9-0&Prime;][vc_column_text]Ce guide constitue un outil d\u2019aide \u00e0 la d\u00e9cision et \u00e0 la planification pour les gestionnaires [&hellip;]","og_url":"https:\/\/www.guides-sports-loisirs.ca\/basketball-exterieur\/introduction\/","og_site_name":"Basketball ext\u00e9rieur (terrain multi-sport)","article_modified_time":"2022-09-23T17:26:10+00:00","twitter_card":"summary_large_image","twitter_misc":{"Dur\u00e9e de lecture estim\u00e9e":"4 minutes"},"schema":{"@context":"https:\/\/schema.org","@graph":[{"@type":"WebPage","@id":"https:\/\/www.guides-sports-loisirs.ca\/basketball-exterieur\/introduction\/","url":"https:\/\/www.guides-sports-loisirs.ca\/basketball-exterieur\/introduction\/","name":"Introduction - Basketball ext\u00e9rieur (terrain multi-sport)","isPartOf":{"@id":"https:\/\/www.guides-sports-loisirs.ca\/basketball-exterieur\/#website"},"datePublished":"2020-08-13T16:29:08+00:00","dateModified":"2022-09-23T17:26:10+00:00","breadcrumb":{"@id":"https:\/\/www.guides-sports-loisirs.ca\/basketball-exterieur\/introduction\/#breadcrumb"},"inLanguage":"fr-FR","potentialAction":[{"@type":"ReadAction","target":["https:\/\/www.guides-sports-loisirs.ca\/basketball-exterieur\/introduction\/"]}]},{"@type":"BreadcrumbList","@id":"https:\/\/www.guides-sports-loisirs.ca\/basketball-exterieur\/introduction\/#breadcrumb","itemListElement":[{"@type":"ListItem","position":1,"name":"Accueil","item":"https:\/\/www.guides-sports-loisirs.ca\/basketball-exterieur\/"},{"@type":"ListItem","position":2,"name":"Introduction"}]},{"@type":"WebSite","@id":"https:\/\/www.guides-sports-loisirs.ca\/basketball-exterieur\/#website","url":"https:\/\/www.guides-sports-loisirs.ca\/basketball-exterieur\/","name":"Basketball ext\u00e9rieur (terrain multi-sport)","description":"basketball","potentialAction":[{"@type":"SearchAction","target":{"@type":"EntryPoint","urlTemplate":"https:\/\/www.guides-sports-loisirs.ca\/basketball-exterieur\/?s={search_term_string}"},"query-input":{"@type":"PropertyValueSpecification","valueRequired":true,"valueName":"search_term_string"}}],"inLanguage":"fr-FR"}]}},"_links":{"self":[{"href":"https:\/\/www.guides-sports-loisirs.ca\/basketball-exterieur\/wp-json\/wp\/v2\/pages\/3039","targetHints":{"allow":["GET"]}}],"collection":[{"href":"https:\/\/www.guides-sports-loisirs.ca\/basketball-exterieur\/wp-json\/wp\/v2\/pages"}],"about":[{"href":"https:\/\/www.guides-sports-loisirs.ca\/basketball-exterieur\/wp-json\/wp\/v2\/types\/page"}],"author":[{"embeddable":true,"href":"https:\/\/www.guides-sports-loisirs.ca\/basketball-exterieur\/wp-json\/wp\/v2\/users\/11"}],"replies":[{"embeddable":true,"href":"https:\/\/www.guides-sports-loisirs.ca\/basketball-exterieur\/wp-json\/wp\/v2\/comments?post=3039"}],"version-history":[{"count":70,"href":"https:\/\/www.guides-sports-loisirs.ca\/basketball-exterieur\/wp-json\/wp\/v2\/pages\/3039\/revisions"}],"predecessor-version":[{"id":4703,"href":"https:\/\/www.guides-sports-loisirs.ca\/basketball-exterieur\/wp-json\/wp\/v2\/pages\/3039\/revisions\/4703"}],"wp:attachment":[{"href":"https:\/\/www.guides-sports-loisirs.ca\/basketball-exterieur\/wp-json\/wp\/v2\/media?parent=3039"}],"curies":[{"name":"wp","href":"https:\/\/api.w.org\/{rel}","templated":true}]}}