{"id":2996,"date":"2020-08-12T13:11:34","date_gmt":"2020-08-12T17:11:34","guid":{"rendered":"https:\/\/www.guides-sports-loisirs.ca\/basketball-exterieur\/?page_id=2996"},"modified":"2022-11-15T15:04:45","modified_gmt":"2022-11-15T20:04:45","slug":"conception-construction","status":"publish","type":"page","link":"https:\/\/www.guides-sports-loisirs.ca\/basketball-exterieur\/conception-construction\/","title":{"rendered":"Conception et construction"},"content":{"rendered":"<div class=\"wpb-content-wrapper\"><p>[vc_row row_height_percent=\u00a0\u00bb0&Prime; overlay_alpha=\u00a0\u00bb50&Prime; gutter_size=\u00a0\u00bb3&Prime; shift_y=\u00a0\u00bb0&Prime; css=\u00a0\u00bb.vc_custom_1569206999586{margin-top: 40px !important;margin-bottom: 50px !important;}\u00a0\u00bb][vc_column width=\u00a0\u00bb1\/1&Prime;][vc_row_inner row_inner_height_percent=\u00a0\u00bb0&Prime; overlay_alpha=\u00a0\u00bb50&Prime; gutter_size=\u00a0\u00bb3&Prime; shift_y=\u00a0\u00bb0&Prime;][vc_column_inner column_width_percent=\u00a0\u00bb100&Prime; gutter_size=\u00a0\u00bb0&Prime; override_padding=\u00a0\u00bbyes\u00a0\u00bb column_padding=\u00a0\u00bb0&Prime; back_color=\u00a0\u00bbcolor-xsdn\u00a0\u00bb overlay_alpha=\u00a0\u00bb50&Prime; shift_x=\u00a0\u00bb0&Prime; shift_y=\u00a0\u00bb0&Prime; z_index=\u00a0\u00bb0&Prime; medium_width=\u00a0\u00bb0&Prime; width=\u00a0\u00bb1\/4&Prime; el_class=\u00a0\u00bbbox-menu\u00a0\u00bb link_to=\u00a0\u00bb|||\u00a0\u00bb][vc_custom_heading heading_semantic=\u00a0\u00bbh3&Prime; text_size=\u00a0\u00bbh3&Prime; text_weight=\u00a0\u00bb700&Prime; text_color=\u00a0\u00bbcolor-xsdn\u00a0\u00bb el_class=\u00a0\u00bbtitre\u00a0\u00bb]NORMES ET EXIGENCES MINIMALES D&rsquo;UN TERRAIN DE BASKETBALL EXT\u00c9RIEUR[\/vc_custom_heading][vc_column_text el_class=\u00a0\u00bbtexte\u00a0\u00bb]Les normes dimensionnelles des terrains de basketball varient en fonction des client\u00e8les et des f\u00e9d\u00e9rations qui assurent la r\u00e9gie de ce sport : demi- terrain pour le 3\u00d73 et la pratique r\u00e9cr\u00e9ative; terrain complet de calibre professionnel selon les normes de la F\u00e9d\u00e9ration internationale de basketball (FIBA), la National Basketball Association (NBA), la Women\u2019s National Basketball Association (WNBA) et la National Collegiate Athletic Association (NCAA); terrains complets pour client\u00e8le jeunesse (\u00e9coles primaires ou secondaires. Ce guide fait r\u00e9f\u00e9rence principalement aux normes de la FIBA.[\/vc_column_text][vc_separator sep_color=\u00a0\u00bbcolor-193714&Prime; el_width=\u00a0\u00bb100%\u00a0\u00bb el_height=\u00a0\u00bb1px\u00a0\u00bb][vc_column_text el_class=\u00a0\u00bblien\u00a0\u00bb]<a href=\"https:\/\/www.guides-sports-loisirs.ca\/basketball-exterieur\/conception-construction\/normes-et-exigences-minimales-dun-terrain-de-basketball-exterieur\/\">En savoir plus <img decoding=\"async\" class=\"alignnone size-full wp-image-4668\" src=\"https:\/\/www.guides-sports-loisirs.ca\/basketball-exterieur\/wp-content\/uploads\/sites\/21\/2022\/09\/icone_lire-plus.png\" alt=\"\" width=\"22\" height=\"21\" \/><\/a>[\/vc_column_text][vc_separator sep_color=\u00a0\u00bbcolor-193714&Prime; el_width=\u00a0\u00bb100%\u00a0\u00bb el_height=\u00a0\u00bb1px\u00a0\u00bb][vc_column_text el_class=\u00a0\u00bblien\u00a0\u00bb]<a href=\"https:\/\/www.guides-sports-loisirs.ca\/basketball-exterieur\/wp-content\/uploads\/sites\/21\/2022\/11\/4.1_NormesExigencesMinimales1-1.pdf\" target=\"_blank\" rel=\"noopener noreferrer\">T\u00e9l\u00e9charger le PDF <img decoding=\"async\" class=\"alignnone size-full wp-image-4665\" src=\"https:\/\/www.guides-sports-loisirs.ca\/basketball-exterieur\/wp-content\/uploads\/sites\/21\/2022\/09\/icone_pdf.png\" alt=\"\" width=\"18\" height=\"22\" \/><\/a>[\/vc_column_text][\/vc_column_inner][vc_column_inner column_width_percent=\u00a0\u00bb100&Prime; gutter_size=\u00a0\u00bb0&Prime; override_padding=\u00a0\u00bbyes\u00a0\u00bb column_padding=\u00a0\u00bb0&Prime; overlay_alpha=\u00a0\u00bb50&Prime; shift_x=\u00a0\u00bb0&Prime; shift_y=\u00a0\u00bb0&Prime; z_index=\u00a0\u00bb0&Prime; medium_width=\u00a0\u00bb0&Prime; width=\u00a0\u00bb1\/4&Prime; el_class=\u00a0\u00bbbox-menu\u00a0\u00bb][vc_custom_heading heading_semantic=\u00a0\u00bbh3&Prime; text_size=\u00a0\u00bbh3&Prime; text_weight=\u00a0\u00bb700&Prime; text_color=\u00a0\u00bbcolor-xsdn\u00a0\u00bb el_class=\u00a0\u00bbtitre\u00a0\u00bb]PROCESSUS DE R\u00c9ALISATION[\/vc_custom_heading][vc_column_text el_class=\u00a0\u00bbtexte\u00a0\u00bb]Le processus de conception et de construction se d\u00e9roule g\u00e9n\u00e9ralement selon une s\u00e9rie d\u2019\u00e9tapes.[\/vc_column_text][vc_separator sep_color=\u00a0\u00bbcolor-193714&Prime; el_width=\u00a0\u00bb100%\u00a0\u00bb el_height=\u00a0\u00bb1px\u00a0\u00bb][vc_column_text el_class=\u00a0\u00bblien\u00a0\u00bb]<a href=\"https:\/\/www.guides-sports-loisirs.ca\/basketball-exterieur\/conception-construction\/processus-de-realisation\/\">En savoir plus <img decoding=\"async\" class=\"alignnone size-full wp-image-4668\" src=\"https:\/\/www.guides-sports-loisirs.ca\/basketball-exterieur\/wp-content\/uploads\/sites\/21\/2022\/09\/icone_lire-plus.png\" alt=\"\" width=\"22\" height=\"21\" \/><\/a>[\/vc_column_text][vc_separator sep_color=\u00a0\u00bbcolor-193714&Prime; el_width=\u00a0\u00bb100%\u00a0\u00bb el_height=\u00a0\u00bb1px\u00a0\u00bb][vc_column_text el_class=\u00a0\u00bblien\u00a0\u00bb]<a href=\"https:\/\/www.guides-sports-loisirs.ca\/basketball-exterieur\/wp-content\/uploads\/sites\/21\/2022\/09\/4.2_ProcessusRealisation.pdf\" target=\"_blank\" rel=\"noopener noreferrer\">T\u00e9l\u00e9charger le PDF <img decoding=\"async\" class=\"alignnone size-full wp-image-4665\" src=\"https:\/\/www.guides-sports-loisirs.ca\/basketball-exterieur\/wp-content\/uploads\/sites\/21\/2022\/09\/icone_pdf.png\" alt=\"\" width=\"18\" height=\"22\" \/><\/a>[\/vc_column_text][\/vc_column_inner][vc_column_inner column_width_percent=\u00a0\u00bb100&Prime; gutter_size=\u00a0\u00bb0&Prime; override_padding=\u00a0\u00bbyes\u00a0\u00bb column_padding=\u00a0\u00bb0&Prime; overlay_alpha=\u00a0\u00bb50&Prime; shift_x=\u00a0\u00bb0&Prime; shift_y=\u00a0\u00bb0&Prime; z_index=\u00a0\u00bb0&Prime; medium_width=\u00a0\u00bb0&Prime; width=\u00a0\u00bb1\/4&Prime; el_class=\u00a0\u00bbbox-menu\u00a0\u00bb][vc_custom_heading heading_semantic=\u00a0\u00bbh3&Prime; text_size=\u00a0\u00bbh3&Prime; text_weight=\u00a0\u00bb700&Prime; text_color=\u00a0\u00bbcolor-xsdn\u00a0\u00bb el_class=\u00a0\u00bbtitre\u00a0\u00bb]CONSID\u00c9RATIONS LI\u00c9ES AUX TRAVAUX DE CONSTRUCTION[\/vc_custom_heading][vc_column_text el_class=\u00a0\u00bbtexte\u00a0\u00bb]Le succ\u00e8s de la d\u00e9marche se mesure dans la capacit\u00e9 du porteur de projet de r\u00e9aliser un ouvrage de qualit\u00e9, dans les d\u00e9lais et selon le budget impartis. Une bonne planification et une bonne conception sont des pr\u00e9alables essentiels. \u00c0 ceux-ci s\u2019ajoutent des mesures de gestion des risques et de contr\u00f4le de qualit\u00e9 qui permettront d\u2019\u00e9viter les d\u00e9rapages, notamment en mati\u00e8re de co\u00fbts.[\/vc_column_text][vc_separator sep_color=\u00a0\u00bbcolor-193714&Prime; el_width=\u00a0\u00bb100%\u00a0\u00bb el_height=\u00a0\u00bb1px\u00a0\u00bb][vc_column_text el_class=\u00a0\u00bblien\u00a0\u00bb]<a href=\"https:\/\/www.guides-sports-loisirs.ca\/basketball-exterieur\/conception-construction\/considerations-liees-aux-travaux-de-construction\/\">En savoir plus <img decoding=\"async\" class=\"alignnone size-full wp-image-4668\" src=\"https:\/\/www.guides-sports-loisirs.ca\/basketball-exterieur\/wp-content\/uploads\/sites\/21\/2022\/09\/icone_lire-plus.png\" alt=\"\" width=\"22\" height=\"21\" \/><\/a>[\/vc_column_text][vc_separator sep_color=\u00a0\u00bbcolor-193714&Prime; el_width=\u00a0\u00bb100%\u00a0\u00bb el_height=\u00a0\u00bb1px\u00a0\u00bb][vc_column_text el_class=\u00a0\u00bblien\u00a0\u00bb]<a href=\"https:\/\/www.guides-sports-loisirs.ca\/basketball-exterieur\/wp-content\/uploads\/sites\/21\/2022\/09\/4.3_ConsiderationLieesTravauxConstruction.pdf\" target=\"_blank\" rel=\"noopener noreferrer\">T\u00e9l\u00e9charger le PDF <img decoding=\"async\" class=\"alignnone size-full wp-image-4665\" src=\"https:\/\/www.guides-sports-loisirs.ca\/basketball-exterieur\/wp-content\/uploads\/sites\/21\/2022\/09\/icone_pdf.png\" alt=\"\" width=\"18\" height=\"22\" \/><\/a>[\/vc_column_text][\/vc_column_inner][vc_column_inner column_width_percent=\u00a0\u00bb100&Prime; gutter_size=\u00a0\u00bb0&Prime; override_padding=\u00a0\u00bbyes\u00a0\u00bb column_padding=\u00a0\u00bb0&Prime; overlay_alpha=\u00a0\u00bb50&Prime; shift_x=\u00a0\u00bb0&Prime; shift_y=\u00a0\u00bb0&Prime; z_index=\u00a0\u00bb0&Prime; medium_width=\u00a0\u00bb0&Prime; width=\u00a0\u00bb1\/4&Prime; el_class=\u00a0\u00bbbox-menu\u00a0\u00bb][\/vc_column_inner][\/vc_row_inner][\/vc_column][\/vc_row]<\/p>\n<\/div>","protected":false},"excerpt":{"rendered":"<p>[vc_row row_height_percent=\u00a0\u00bb0&Prime; overlay_alpha=\u00a0\u00bb50&Prime; gutter_size=\u00a0\u00bb3&Prime; shift_y=\u00a0\u00bb0&Prime; css=\u00a0\u00bb.vc_custom_1569206999586{margin-top: 40px !important;margin-bottom: 50px !important;}\u00a0\u00bb][vc_column width=\u00a0\u00bb1\/1&Prime;][vc_row_inner row_inner_height_percent=\u00a0\u00bb0&Prime; overlay_alpha=\u00a0\u00bb50&Prime; gutter_size=\u00a0\u00bb3&Prime; shift_y=\u00a0\u00bb0&Prime;][vc_column_inner column_width_percent=\u00a0\u00bb100&Prime; gutter_size=\u00a0\u00bb0&Prime; override_padding=\u00a0\u00bbyes\u00a0\u00bb column_padding=\u00a0\u00bb0&Prime; back_color=\u00a0\u00bbcolor-xsdn\u00a0\u00bb [&hellip;]<\/p>\n","protected":false},"author":11,"featured_media":0,"parent":0,"menu_order":1,"comment_status":"closed","ping_status":"closed","template":"","meta":{"_acf_changed":false,"footnotes":""},"class_list":["post-2996","page","type-page","status-publish","hentry"],"acf":[],"yoast_head":"<!-- This site is optimized with the Yoast SEO plugin v27.2 - https:\/\/yoast.com\/product\/yoast-seo-wordpress\/ -->\n<title>Conception et construction - Basketball ext\u00e9rieur (terrain multi-sport)<\/title>\n<meta name=\"robots\" content=\"index, follow, max-snippet:-1, max-image-preview:large, max-video-preview:-1\" \/>\n<link rel=\"canonical\" href=\"https:\/\/www.guides-sports-loisirs.ca\/basketball-exterieur\/conception-construction\/\" \/>\n<meta property=\"og:locale\" content=\"fr_FR\" \/>\n<meta property=\"og:type\" content=\"article\" \/>\n<meta property=\"og:title\" content=\"Conception et construction - Basketball ext\u00e9rieur (terrain multi-sport)\" \/>\n<meta property=\"og:description\" content=\"[vc_row row_height_percent=\u00a0\u00bb0&Prime; overlay_alpha=\u00a0\u00bb50&Prime; gutter_size=\u00a0\u00bb3&Prime; shift_y=\u00a0\u00bb0&Prime; css=\u00a0\u00bb.vc_custom_1569206999586{margin-top: 40px !important;margin-bottom: 50px !important;}\u00a0\u00bb][vc_column width=\u00a0\u00bb1\/1&Prime;][vc_row_inner row_inner_height_percent=\u00a0\u00bb0&Prime; overlay_alpha=\u00a0\u00bb50&Prime; gutter_size=\u00a0\u00bb3&Prime; shift_y=\u00a0\u00bb0&Prime;][vc_column_inner column_width_percent=\u00a0\u00bb100&Prime; gutter_size=\u00a0\u00bb0&Prime; override_padding=\u00a0\u00bbyes\u00a0\u00bb column_padding=\u00a0\u00bb0&Prime; back_color=\u00a0\u00bbcolor-xsdn\u00a0\u00bb [&hellip;]\" \/>\n<meta property=\"og:url\" content=\"https:\/\/www.guides-sports-loisirs.ca\/basketball-exterieur\/conception-construction\/\" \/>\n<meta property=\"og:site_name\" content=\"Basketball ext\u00e9rieur (terrain multi-sport)\" \/>\n<meta property=\"article:modified_time\" content=\"2022-11-15T20:04:45+00:00\" \/>\n<meta property=\"og:image\" content=\"https:\/\/www.guides-sports-loisirs.ca\/basketball-exterieur\/wp-content\/uploads\/sites\/21\/2022\/09\/icone_lire-plus.png\" \/>\n<meta name=\"twitter:card\" content=\"summary_large_image\" \/>\n<meta name=\"twitter:label1\" content=\"Dur\u00e9e de lecture estim\u00e9e\" \/>\n\t<meta name=\"twitter:data1\" content=\"3 minutes\" \/>\n<script type=\"application\/ld+json\" class=\"yoast-schema-graph\">{\"@context\":\"https:\/\/schema.org\",\"@graph\":[{\"@type\":\"WebPage\",\"@id\":\"https:\/\/www.guides-sports-loisirs.ca\/basketball-exterieur\/conception-construction\/\",\"url\":\"https:\/\/www.guides-sports-loisirs.ca\/basketball-exterieur\/conception-construction\/\",\"name\":\"Conception et construction - Basketball ext\u00e9rieur (terrain multi-sport)\",\"isPartOf\":{\"@id\":\"https:\/\/www.guides-sports-loisirs.ca\/basketball-exterieur\/#website\"},\"primaryImageOfPage\":{\"@id\":\"https:\/\/www.guides-sports-loisirs.ca\/basketball-exterieur\/conception-construction\/#primaryimage\"},\"image\":{\"@id\":\"https:\/\/www.guides-sports-loisirs.ca\/basketball-exterieur\/conception-construction\/#primaryimage\"},\"thumbnailUrl\":\"https:\/\/www.guides-sports-loisirs.ca\/basketball-exterieur\/wp-content\/uploads\/sites\/21\/2022\/09\/icone_lire-plus.png\",\"datePublished\":\"2020-08-12T17:11:34+00:00\",\"dateModified\":\"2022-11-15T20:04:45+00:00\",\"breadcrumb\":{\"@id\":\"https:\/\/www.guides-sports-loisirs.ca\/basketball-exterieur\/conception-construction\/#breadcrumb\"},\"inLanguage\":\"fr-FR\",\"potentialAction\":[{\"@type\":\"ReadAction\",\"target\":[\"https:\/\/www.guides-sports-loisirs.ca\/basketball-exterieur\/conception-construction\/\"]}]},{\"@type\":\"ImageObject\",\"inLanguage\":\"fr-FR\",\"@id\":\"https:\/\/www.guides-sports-loisirs.ca\/basketball-exterieur\/conception-construction\/#primaryimage\",\"url\":\"https:\/\/www.guides-sports-loisirs.ca\/basketball-exterieur\/wp-content\/uploads\/sites\/21\/2022\/09\/icone_lire-plus.png\",\"contentUrl\":\"https:\/\/www.guides-sports-loisirs.ca\/basketball-exterieur\/wp-content\/uploads\/sites\/21\/2022\/09\/icone_lire-plus.png\",\"width\":22,\"height\":21},{\"@type\":\"BreadcrumbList\",\"@id\":\"https:\/\/www.guides-sports-loisirs.ca\/basketball-exterieur\/conception-construction\/#breadcrumb\",\"itemListElement\":[{\"@type\":\"ListItem\",\"position\":1,\"name\":\"Accueil\",\"item\":\"https:\/\/www.guides-sports-loisirs.ca\/basketball-exterieur\/\"},{\"@type\":\"ListItem\",\"position\":2,\"name\":\"Conception et construction\"}]},{\"@type\":\"WebSite\",\"@id\":\"https:\/\/www.guides-sports-loisirs.ca\/basketball-exterieur\/#website\",\"url\":\"https:\/\/www.guides-sports-loisirs.ca\/basketball-exterieur\/\",\"name\":\"Basketball ext\u00e9rieur (terrain multi-sport)\",\"description\":\"basketball\",\"potentialAction\":[{\"@type\":\"SearchAction\",\"target\":{\"@type\":\"EntryPoint\",\"urlTemplate\":\"https:\/\/www.guides-sports-loisirs.ca\/basketball-exterieur\/?s={search_term_string}\"},\"query-input\":{\"@type\":\"PropertyValueSpecification\",\"valueRequired\":true,\"valueName\":\"search_term_string\"}}],\"inLanguage\":\"fr-FR\"}]}<\/script>\n<!-- \/ Yoast SEO plugin. -->","yoast_head_json":{"title":"Conception et construction - Basketball ext\u00e9rieur (terrain multi-sport)","robots":{"index":"index","follow":"follow","max-snippet":"max-snippet:-1","max-image-preview":"max-image-preview:large","max-video-preview":"max-video-preview:-1"},"canonical":"https:\/\/www.guides-sports-loisirs.ca\/basketball-exterieur\/conception-construction\/","og_locale":"fr_FR","og_type":"article","og_title":"Conception et construction - Basketball ext\u00e9rieur (terrain multi-sport)","og_description":"[vc_row row_height_percent=\u00a0\u00bb0&Prime; overlay_alpha=\u00a0\u00bb50&Prime; gutter_size=\u00a0\u00bb3&Prime; shift_y=\u00a0\u00bb0&Prime; css=\u00a0\u00bb.vc_custom_1569206999586{margin-top: 40px !important;margin-bottom: 50px !important;}\u00a0\u00bb][vc_column width=\u00a0\u00bb1\/1&Prime;][vc_row_inner row_inner_height_percent=\u00a0\u00bb0&Prime; overlay_alpha=\u00a0\u00bb50&Prime; gutter_size=\u00a0\u00bb3&Prime; shift_y=\u00a0\u00bb0&Prime;][vc_column_inner column_width_percent=\u00a0\u00bb100&Prime; gutter_size=\u00a0\u00bb0&Prime; override_padding=\u00a0\u00bbyes\u00a0\u00bb column_padding=\u00a0\u00bb0&Prime; back_color=\u00a0\u00bbcolor-xsdn\u00a0\u00bb [&hellip;]","og_url":"https:\/\/www.guides-sports-loisirs.ca\/basketball-exterieur\/conception-construction\/","og_site_name":"Basketball ext\u00e9rieur (terrain multi-sport)","article_modified_time":"2022-11-15T20:04:45+00:00","og_image":[{"url":"https:\/\/www.guides-sports-loisirs.ca\/basketball-exterieur\/wp-content\/uploads\/sites\/21\/2022\/09\/icone_lire-plus.png","type":"","width":"","height":""}],"twitter_card":"summary_large_image","twitter_misc":{"Dur\u00e9e de lecture estim\u00e9e":"3 minutes"},"schema":{"@context":"https:\/\/schema.org","@graph":[{"@type":"WebPage","@id":"https:\/\/www.guides-sports-loisirs.ca\/basketball-exterieur\/conception-construction\/","url":"https:\/\/www.guides-sports-loisirs.ca\/basketball-exterieur\/conception-construction\/","name":"Conception et construction - Basketball ext\u00e9rieur (terrain multi-sport)","isPartOf":{"@id":"https:\/\/www.guides-sports-loisirs.ca\/basketball-exterieur\/#website"},"primaryImageOfPage":{"@id":"https:\/\/www.guides-sports-loisirs.ca\/basketball-exterieur\/conception-construction\/#primaryimage"},"image":{"@id":"https:\/\/www.guides-sports-loisirs.ca\/basketball-exterieur\/conception-construction\/#primaryimage"},"thumbnailUrl":"https:\/\/www.guides-sports-loisirs.ca\/basketball-exterieur\/wp-content\/uploads\/sites\/21\/2022\/09\/icone_lire-plus.png","datePublished":"2020-08-12T17:11:34+00:00","dateModified":"2022-11-15T20:04:45+00:00","breadcrumb":{"@id":"https:\/\/www.guides-sports-loisirs.ca\/basketball-exterieur\/conception-construction\/#breadcrumb"},"inLanguage":"fr-FR","potentialAction":[{"@type":"ReadAction","target":["https:\/\/www.guides-sports-loisirs.ca\/basketball-exterieur\/conception-construction\/"]}]},{"@type":"ImageObject","inLanguage":"fr-FR","@id":"https:\/\/www.guides-sports-loisirs.ca\/basketball-exterieur\/conception-construction\/#primaryimage","url":"https:\/\/www.guides-sports-loisirs.ca\/basketball-exterieur\/wp-content\/uploads\/sites\/21\/2022\/09\/icone_lire-plus.png","contentUrl":"https:\/\/www.guides-sports-loisirs.ca\/basketball-exterieur\/wp-content\/uploads\/sites\/21\/2022\/09\/icone_lire-plus.png","width":22,"height":21},{"@type":"BreadcrumbList","@id":"https:\/\/www.guides-sports-loisirs.ca\/basketball-exterieur\/conception-construction\/#breadcrumb","itemListElement":[{"@type":"ListItem","position":1,"name":"Accueil","item":"https:\/\/www.guides-sports-loisirs.ca\/basketball-exterieur\/"},{"@type":"ListItem","position":2,"name":"Conception et construction"}]},{"@type":"WebSite","@id":"https:\/\/www.guides-sports-loisirs.ca\/basketball-exterieur\/#website","url":"https:\/\/www.guides-sports-loisirs.ca\/basketball-exterieur\/","name":"Basketball ext\u00e9rieur (terrain multi-sport)","description":"basketball","potentialAction":[{"@type":"SearchAction","target":{"@type":"EntryPoint","urlTemplate":"https:\/\/www.guides-sports-loisirs.ca\/basketball-exterieur\/?s={search_term_string}"},"query-input":{"@type":"PropertyValueSpecification","valueRequired":true,"valueName":"search_term_string"}}],"inLanguage":"fr-FR"}]}},"_links":{"self":[{"href":"https:\/\/www.guides-sports-loisirs.ca\/basketball-exterieur\/wp-json\/wp\/v2\/pages\/2996","targetHints":{"allow":["GET"]}}],"collection":[{"href":"https:\/\/www.guides-sports-loisirs.ca\/basketball-exterieur\/wp-json\/wp\/v2\/pages"}],"about":[{"href":"https:\/\/www.guides-sports-loisirs.ca\/basketball-exterieur\/wp-json\/wp\/v2\/types\/page"}],"author":[{"embeddable":true,"href":"https:\/\/www.guides-sports-loisirs.ca\/basketball-exterieur\/wp-json\/wp\/v2\/users\/11"}],"replies":[{"embeddable":true,"href":"https:\/\/www.guides-sports-loisirs.ca\/basketball-exterieur\/wp-json\/wp\/v2\/comments?post=2996"}],"version-history":[{"count":26,"href":"https:\/\/www.guides-sports-loisirs.ca\/basketball-exterieur\/wp-json\/wp\/v2\/pages\/2996\/revisions"}],"predecessor-version":[{"id":4715,"href":"https:\/\/www.guides-sports-loisirs.ca\/basketball-exterieur\/wp-json\/wp\/v2\/pages\/2996\/revisions\/4715"}],"wp:attachment":[{"href":"https:\/\/www.guides-sports-loisirs.ca\/basketball-exterieur\/wp-json\/wp\/v2\/media?parent=2996"}],"curies":[{"name":"wp","href":"https:\/\/api.w.org\/{rel}","templated":true}]}}