{"id":2,"date":"2020-08-06T21:44:43","date_gmt":"2020-08-07T01:44:43","guid":{"rendered":"https:\/\/www.guides-sports-loisirs.ca\/basketball-exterieur\/?page_id=2"},"modified":"2022-08-26T15:38:01","modified_gmt":"2022-08-26T19:38:01","slug":"piscines-et-pataugeoires","status":"publish","type":"page","link":"https:\/\/www.guides-sports-loisirs.ca\/basketball-exterieur\/","title":{"rendered":"Basketball ext\u00e9rieur"},"content":{"rendered":"<div class=\"wpb-content-wrapper\"><p>[vc_row row_height_percent=\u00a0\u00bb0&Prime; override_padding=\u00a0\u00bbyes\u00a0\u00bb h_padding=\u00a0\u00bb2&Prime; top_padding=\u00a0\u00bb4&Prime; bottom_padding=\u00a0\u00bb4&Prime; overlay_alpha=\u00a0\u00bb50&Prime; gutter_size=\u00a0\u00bb3&Prime; shift_y=\u00a0\u00bb0&Prime; css=\u00a0\u00bb.vc_custom_1569108754179{margin-top: 40px !important;}\u00a0\u00bb][vc_column column_width_percent=\u00a0\u00bb100&Prime; align_horizontal=\u00a0\u00bbalign_center\u00a0\u00bb gutter_size=\u00a0\u00bb3&Prime; overlay_alpha=\u00a0\u00bb50&Prime; shift_x=\u00a0\u00bb0&Prime; shift_y=\u00a0\u00bb0&Prime; z_index=\u00a0\u00bb0&Prime; medium_width=\u00a0\u00bb0&Prime; width=\u00a0\u00bb1\/1&Prime;][vc_custom_heading text_weight=\u00a0\u00bb600&Prime; text_transform=\u00a0\u00bbuppercase\u00a0\u00bb text_color=\u00a0\u00bbcolor-vyce\u00a0\u00bb]GUIDE D\u2019AM\u00c9NAGEMENT, D&rsquo;ENTRETIEN ET DE S\u00c9CURIT\u00c9<br \/>\nBASKETBALL EXT\u00c9RIEUR (TERRAIN MULTISPORT)[\/vc_custom_heading][vc_column_text]Ce guide constitue un outil d\u2019aide \u00e0 la d\u00e9cision et \u00e0 la planification pour les gestionnaires municipaux et les intervenants. Il vise \u00e0 rassembler l\u2019information n\u00e9cessaire et proposer des solutions en lien avec la conception, la construction, l\u2019exploitation, l\u2019entretien et la r\u00e9fection d\u2019infrastructures ext\u00e9rieures de basketball ainsi qu\u2019au niveau de la s\u00e9curit\u00e9 et l\u2019int\u00e9grit\u00e9 dans le sport.[\/vc_column_text][\/vc_column][\/vc_row][vc_row unlock_row_content=\u00a0\u00bbyes\u00a0\u00bb row_height_percent=\u00a0\u00bb0&Prime; override_padding=\u00a0\u00bbyes\u00a0\u00bb h_padding=\u00a0\u00bb0&Prime; top_padding=\u00a0\u00bb0&Prime; bottom_padding=\u00a0\u00bb0&Prime; overlay_alpha=\u00a0\u00bb50&Prime; gutter_size=\u00a0\u00bb0&Prime; shift_y=\u00a0\u00bb0&Prime;][vc_column column_width_percent=\u00a0\u00bb100&Prime; position_vertical=\u00a0\u00bbmiddle\u00a0\u00bb align_horizontal=\u00a0\u00bbalign_center\u00a0\u00bb gutter_size=\u00a0\u00bb0&Prime; override_padding=\u00a0\u00bbyes\u00a0\u00bb column_padding=\u00a0\u00bb0&Prime; style=\u00a0\u00bbdark\u00a0\u00bb overlay_alpha=\u00a0\u00bb50&Prime; shift_x=\u00a0\u00bb0&Prime; shift_y=\u00a0\u00bb0&Prime; z_index=\u00a0\u00bb0&Prime; medium_width=\u00a0\u00bb0&Prime; width=\u00a0\u00bb1\/1&Prime;][uncode_block id=\u00a0\u00bb34&Prime; inside_column=\u00a0\u00bbyes\u00a0\u00bb][\/vc_column][\/vc_row]<\/p>\n<\/div>","protected":false},"excerpt":{"rendered":"<p>[vc_row row_height_percent=\u00a0\u00bb0&Prime; override_padding=\u00a0\u00bbyes\u00a0\u00bb h_padding=\u00a0\u00bb2&Prime; top_padding=\u00a0\u00bb4&Prime; bottom_padding=\u00a0\u00bb4&Prime; overlay_alpha=\u00a0\u00bb50&Prime; gutter_size=\u00a0\u00bb3&Prime; shift_y=\u00a0\u00bb0&Prime; css=\u00a0\u00bb.vc_custom_1569108754179{margin-top: 40px !important;}\u00a0\u00bb][vc_column column_width_percent=\u00a0\u00bb100&Prime; align_horizontal=\u00a0\u00bbalign_center\u00a0\u00bb gutter_size=\u00a0\u00bb3&Prime; overlay_alpha=\u00a0\u00bb50&Prime; shift_x=\u00a0\u00bb0&Prime; shift_y=\u00a0\u00bb0&Prime; z_index=\u00a0\u00bb0&Prime; medium_width=\u00a0\u00bb0&Prime; [&hellip;]<\/p>\n","protected":false},"author":11,"featured_media":0,"parent":0,"menu_order":-1,"comment_status":"closed","ping_status":"closed","template":"","meta":{"_acf_changed":false,"footnotes":""},"class_list":["post-2","page","type-page","status-publish","hentry"],"acf":[],"yoast_head":"<!-- This site is optimized with the Yoast SEO plugin v27.4 - https:\/\/yoast.com\/product\/yoast-seo-wordpress\/ -->\n<title>Basketball ext\u00e9rieur - Basketball ext\u00e9rieur (terrain multi-sport)<\/title>\n<meta name=\"description\" content=\"Ce guide s\u2019adresse avant tout aux exploitants d\u2019un lieu de baignade, aussi appel\u00e9s gestionnaires aquatiques.\" \/>\n<meta name=\"robots\" content=\"index, follow, max-snippet:-1, max-image-preview:large, max-video-preview:-1\" \/>\n<link rel=\"canonical\" href=\"https:\/\/www.guides-sports-loisirs.ca\/basketball-exterieur\/\" \/>\n<meta property=\"og:locale\" content=\"fr_FR\" \/>\n<meta property=\"og:type\" content=\"article\" \/>\n<meta property=\"og:title\" content=\"Basketball ext\u00e9rieur - Basketball ext\u00e9rieur (terrain multi-sport)\" \/>\n<meta property=\"og:description\" content=\"Ce guide s\u2019adresse avant tout aux exploitants d\u2019un lieu de baignade, aussi appel\u00e9s gestionnaires aquatiques.\" \/>\n<meta property=\"og:url\" content=\"https:\/\/www.guides-sports-loisirs.ca\/basketball-exterieur\/\" \/>\n<meta property=\"og:site_name\" content=\"Basketball ext\u00e9rieur (terrain multi-sport)\" \/>\n<meta property=\"article:modified_time\" content=\"2022-08-26T19:38:01+00:00\" \/>\n<meta name=\"twitter:card\" content=\"summary_large_image\" \/>\n<meta name=\"twitter:label1\" content=\"Dur\u00e9e de lecture estim\u00e9e\" \/>\n\t<meta name=\"twitter:data1\" content=\"1 minute\" \/>\n<script type=\"application\/ld+json\" class=\"yoast-schema-graph\">{\"@context\":\"https:\\\/\\\/schema.org\",\"@graph\":[{\"@type\":\"WebPage\",\"@id\":\"https:\\\/\\\/www.guides-sports-loisirs.ca\\\/basketball-exterieur\\\/\",\"url\":\"https:\\\/\\\/www.guides-sports-loisirs.ca\\\/basketball-exterieur\\\/\",\"name\":\"Basketball ext\u00e9rieur - Basketball ext\u00e9rieur (terrain multi-sport)\",\"isPartOf\":{\"@id\":\"https:\\\/\\\/www.guides-sports-loisirs.ca\\\/basketball-exterieur\\\/#website\"},\"datePublished\":\"2020-08-07T01:44:43+00:00\",\"dateModified\":\"2022-08-26T19:38:01+00:00\",\"description\":\"Ce guide s\u2019adresse avant tout aux exploitants d\u2019un lieu de baignade, aussi appel\u00e9s gestionnaires aquatiques.\",\"breadcrumb\":{\"@id\":\"https:\\\/\\\/www.guides-sports-loisirs.ca\\\/basketball-exterieur\\\/#breadcrumb\"},\"inLanguage\":\"fr-FR\",\"potentialAction\":[{\"@type\":\"ReadAction\",\"target\":[\"https:\\\/\\\/www.guides-sports-loisirs.ca\\\/basketball-exterieur\\\/\"]}]},{\"@type\":\"BreadcrumbList\",\"@id\":\"https:\\\/\\\/www.guides-sports-loisirs.ca\\\/basketball-exterieur\\\/#breadcrumb\",\"itemListElement\":[{\"@type\":\"ListItem\",\"position\":1,\"name\":\"Accueil\",\"item\":\"https:\\\/\\\/www.guides-sports-loisirs.ca\\\/basketball-exterieur\\\/\"},{\"@type\":\"ListItem\",\"position\":2,\"name\":\"Basketball ext\u00e9rieur\"}]},{\"@type\":\"WebSite\",\"@id\":\"https:\\\/\\\/www.guides-sports-loisirs.ca\\\/basketball-exterieur\\\/#website\",\"url\":\"https:\\\/\\\/www.guides-sports-loisirs.ca\\\/basketball-exterieur\\\/\",\"name\":\"Basketball ext\u00e9rieur (terrain multi-sport)\",\"description\":\"basketball\",\"potentialAction\":[{\"@type\":\"SearchAction\",\"target\":{\"@type\":\"EntryPoint\",\"urlTemplate\":\"https:\\\/\\\/www.guides-sports-loisirs.ca\\\/basketball-exterieur\\\/?s={search_term_string}\"},\"query-input\":{\"@type\":\"PropertyValueSpecification\",\"valueRequired\":true,\"valueName\":\"search_term_string\"}}],\"inLanguage\":\"fr-FR\"}]}<\/script>\n<!-- \/ Yoast SEO plugin. -->","yoast_head_json":{"title":"Basketball ext\u00e9rieur - Basketball ext\u00e9rieur (terrain multi-sport)","description":"Ce guide s\u2019adresse avant tout aux exploitants d\u2019un lieu de baignade, aussi appel\u00e9s gestionnaires aquatiques.","robots":{"index":"index","follow":"follow","max-snippet":"max-snippet:-1","max-image-preview":"max-image-preview:large","max-video-preview":"max-video-preview:-1"},"canonical":"https:\/\/www.guides-sports-loisirs.ca\/basketball-exterieur\/","og_locale":"fr_FR","og_type":"article","og_title":"Basketball ext\u00e9rieur - Basketball ext\u00e9rieur (terrain multi-sport)","og_description":"Ce guide s\u2019adresse avant tout aux exploitants d\u2019un lieu de baignade, aussi appel\u00e9s gestionnaires aquatiques.","og_url":"https:\/\/www.guides-sports-loisirs.ca\/basketball-exterieur\/","og_site_name":"Basketball ext\u00e9rieur (terrain multi-sport)","article_modified_time":"2022-08-26T19:38:01+00:00","twitter_card":"summary_large_image","twitter_misc":{"Dur\u00e9e de lecture estim\u00e9e":"1 minute"},"schema":{"@context":"https:\/\/schema.org","@graph":[{"@type":"WebPage","@id":"https:\/\/www.guides-sports-loisirs.ca\/basketball-exterieur\/","url":"https:\/\/www.guides-sports-loisirs.ca\/basketball-exterieur\/","name":"Basketball ext\u00e9rieur - Basketball ext\u00e9rieur (terrain multi-sport)","isPartOf":{"@id":"https:\/\/www.guides-sports-loisirs.ca\/basketball-exterieur\/#website"},"datePublished":"2020-08-07T01:44:43+00:00","dateModified":"2022-08-26T19:38:01+00:00","description":"Ce guide s\u2019adresse avant tout aux exploitants d\u2019un lieu de baignade, aussi appel\u00e9s gestionnaires aquatiques.","breadcrumb":{"@id":"https:\/\/www.guides-sports-loisirs.ca\/basketball-exterieur\/#breadcrumb"},"inLanguage":"fr-FR","potentialAction":[{"@type":"ReadAction","target":["https:\/\/www.guides-sports-loisirs.ca\/basketball-exterieur\/"]}]},{"@type":"BreadcrumbList","@id":"https:\/\/www.guides-sports-loisirs.ca\/basketball-exterieur\/#breadcrumb","itemListElement":[{"@type":"ListItem","position":1,"name":"Accueil","item":"https:\/\/www.guides-sports-loisirs.ca\/basketball-exterieur\/"},{"@type":"ListItem","position":2,"name":"Basketball ext\u00e9rieur"}]},{"@type":"WebSite","@id":"https:\/\/www.guides-sports-loisirs.ca\/basketball-exterieur\/#website","url":"https:\/\/www.guides-sports-loisirs.ca\/basketball-exterieur\/","name":"Basketball ext\u00e9rieur (terrain multi-sport)","description":"basketball","potentialAction":[{"@type":"SearchAction","target":{"@type":"EntryPoint","urlTemplate":"https:\/\/www.guides-sports-loisirs.ca\/basketball-exterieur\/?s={search_term_string}"},"query-input":{"@type":"PropertyValueSpecification","valueRequired":true,"valueName":"search_term_string"}}],"inLanguage":"fr-FR"}]}},"_links":{"self":[{"href":"https:\/\/www.guides-sports-loisirs.ca\/basketball-exterieur\/wp-json\/wp\/v2\/pages\/2","targetHints":{"allow":["GET"]}}],"collection":[{"href":"https:\/\/www.guides-sports-loisirs.ca\/basketball-exterieur\/wp-json\/wp\/v2\/pages"}],"about":[{"href":"https:\/\/www.guides-sports-loisirs.ca\/basketball-exterieur\/wp-json\/wp\/v2\/types\/page"}],"author":[{"embeddable":true,"href":"https:\/\/www.guides-sports-loisirs.ca\/basketball-exterieur\/wp-json\/wp\/v2\/users\/11"}],"replies":[{"embeddable":true,"href":"https:\/\/www.guides-sports-loisirs.ca\/basketball-exterieur\/wp-json\/wp\/v2\/comments?post=2"}],"version-history":[{"count":54,"href":"https:\/\/www.guides-sports-loisirs.ca\/basketball-exterieur\/wp-json\/wp\/v2\/pages\/2\/revisions"}],"predecessor-version":[{"id":4384,"href":"https:\/\/www.guides-sports-loisirs.ca\/basketball-exterieur\/wp-json\/wp\/v2\/pages\/2\/revisions\/4384"}],"wp:attachment":[{"href":"https:\/\/www.guides-sports-loisirs.ca\/basketball-exterieur\/wp-json\/wp\/v2\/media?parent=2"}],"curies":[{"name":"wp","href":"https:\/\/api.w.org\/{rel}","templated":true}]}}