{"id":1929,"date":"2020-08-10T08:16:23","date_gmt":"2020-08-10T12:16:23","guid":{"rendered":"https:\/\/www.guides-sports-loisirs.ca\/basketball-exterieur\/?page_id=1929"},"modified":"2022-09-06T11:22:49","modified_gmt":"2022-09-06T15:22:49","slug":"consignes-et-reglementation","status":"publish","type":"page","link":"https:\/\/www.guides-sports-loisirs.ca\/basketball-exterieur\/securite-integrite\/consignes-et-reglementation\/","title":{"rendered":"Consignes et r\u00e9glementation"},"content":{"rendered":"<div class=\"wpb-content-wrapper\"><p>[vc_row][vc_column width=\u00a0\u00bb1\/1&Prime;][vc_column_text css=\u00a0\u00bb.vc_custom_1662477768139{margin-bottom: -4px !important;}\u00a0\u00bb]<strong>Les consignes et la r\u00e9glementation font partie int\u00e9grante d\u2019un cadre de pratique s\u00e9curitaire. Il est rare de voir des panneaux d\u2019affichage de consignes et de r\u00e9glementation \u00e0 proximit\u00e9 des terrains de basketball. Il est toutefois recommand\u00e9 de le faire puisqu\u2019il est beaucoup plus facile pour les autorit\u00e9s de faire respecter les consignes si elles sont visibles, claires et bien formul\u00e9es.<\/strong><\/p>\n<p>Voici un exemple de panneau de consignes et r\u00e8glements :[\/vc_column_text][vc_single_image media=\u00a0\u00bb4614&Prime; media_lightbox=\u00a0\u00bbyes\u00a0\u00bb media_width_percent=\u00a0\u00bb65&Prime; lbox_skin=\u00a0\u00bbwhite\u00a0\u00bb][vc_empty_space empty_h=\u00a0\u00bb2&Prime;][\/vc_column][\/vc_row][vc_row][\/vc_row][vc_row row_height_percent=\u00a0\u00bb0&Prime; overlay_alpha=\u00a0\u00bb50&Prime; gutter_size=\u00a0\u00bb3&Prime; shift_y=\u00a0\u00bb0&Prime; css=\u00a0\u00bb.vc_custom_1569108843026{margin-bottom: 50px !important;}\u00a0\u00bb][vc_column width=\u00a0\u00bb1\/1&Prime;][vc_button button_color=\u00a0\u00bbaccent\u00a0\u00bb size=\u00a0\u00bbbtn-lg\u00a0\u00bb radius=\u00a0\u00bbbtn-circle\u00a0\u00bb border_width=\u00a0\u00bb0&Prime; link=\u00a0\u00bburl:https%3A%2F%2Fwww.guides-sports-loisirs.ca%2Fbasketball-exterieur%2Fwp-content%2Fuploads%2Fsites%2F21%2F2022%2F09%2F6.2_ConsignesReglements.pdf||target:%20_blank|\u00a0\u00bb icon=\u00a0\u00bbfa fa-file-o\u00a0\u00bb el_class=\u00a0\u00bbbtn-pdf\u00a0\u00bb]Version PDF[\/vc_button][\/vc_column][\/vc_row]<\/p>\n<\/div>","protected":false},"excerpt":{"rendered":"<p>[vc_row][vc_column width=\u00a0\u00bb1\/1&Prime;][vc_column_text css=\u00a0\u00bb.vc_custom_1662477768139{margin-bottom: -4px !important;}\u00a0\u00bb]Les consignes et la r\u00e9glementation font partie int\u00e9grante d\u2019un cadre de pratique s\u00e9curitaire. Il est rare [&hellip;]<\/p>\n","protected":false},"author":11,"featured_media":0,"parent":1803,"menu_order":5,"comment_status":"closed","ping_status":"closed","template":"","meta":{"_acf_changed":false,"footnotes":""},"class_list":["post-1929","page","type-page","status-publish","hentry"],"acf":[],"yoast_head":"<!-- This site is optimized with the Yoast SEO plugin v27.2 - https:\/\/yoast.com\/product\/yoast-seo-wordpress\/ -->\n<title>Consignes et r\u00e9glementation - Basketball ext\u00e9rieur (terrain multi-sport)<\/title>\n<meta name=\"robots\" content=\"index, follow, max-snippet:-1, max-image-preview:large, max-video-preview:-1\" \/>\n<link rel=\"canonical\" href=\"https:\/\/www.guides-sports-loisirs.ca\/basketball-exterieur\/securite-integrite\/consignes-et-reglementation\/\" \/>\n<meta property=\"og:locale\" content=\"fr_FR\" \/>\n<meta property=\"og:type\" content=\"article\" \/>\n<meta property=\"og:title\" content=\"Consignes et r\u00e9glementation - Basketball ext\u00e9rieur (terrain multi-sport)\" \/>\n<meta property=\"og:description\" content=\"[vc_row][vc_column width=\u00a0\u00bb1\/1&Prime;][vc_column_text css=\u00a0\u00bb.vc_custom_1662477768139{margin-bottom: -4px !important;}\u00a0\u00bb]Les consignes et la r\u00e9glementation font partie int\u00e9grante d\u2019un cadre de pratique s\u00e9curitaire. Il est rare [&hellip;]\" \/>\n<meta property=\"og:url\" content=\"https:\/\/www.guides-sports-loisirs.ca\/basketball-exterieur\/securite-integrite\/consignes-et-reglementation\/\" \/>\n<meta property=\"og:site_name\" content=\"Basketball ext\u00e9rieur (terrain multi-sport)\" \/>\n<meta property=\"article:modified_time\" content=\"2022-09-06T15:22:49+00:00\" \/>\n<meta name=\"twitter:card\" content=\"summary_large_image\" \/>\n<meta name=\"twitter:label1\" content=\"Dur\u00e9e de lecture estim\u00e9e\" \/>\n\t<meta name=\"twitter:data1\" content=\"1 minute\" \/>\n<script type=\"application\/ld+json\" class=\"yoast-schema-graph\">{\"@context\":\"https:\/\/schema.org\",\"@graph\":[{\"@type\":\"WebPage\",\"@id\":\"https:\/\/www.guides-sports-loisirs.ca\/basketball-exterieur\/securite-integrite\/consignes-et-reglementation\/\",\"url\":\"https:\/\/www.guides-sports-loisirs.ca\/basketball-exterieur\/securite-integrite\/consignes-et-reglementation\/\",\"name\":\"Consignes et r\u00e9glementation - Basketball ext\u00e9rieur (terrain multi-sport)\",\"isPartOf\":{\"@id\":\"https:\/\/www.guides-sports-loisirs.ca\/basketball-exterieur\/#website\"},\"datePublished\":\"2020-08-10T12:16:23+00:00\",\"dateModified\":\"2022-09-06T15:22:49+00:00\",\"breadcrumb\":{\"@id\":\"https:\/\/www.guides-sports-loisirs.ca\/basketball-exterieur\/securite-integrite\/consignes-et-reglementation\/#breadcrumb\"},\"inLanguage\":\"fr-FR\",\"potentialAction\":[{\"@type\":\"ReadAction\",\"target\":[\"https:\/\/www.guides-sports-loisirs.ca\/basketball-exterieur\/securite-integrite\/consignes-et-reglementation\/\"]}]},{\"@type\":\"BreadcrumbList\",\"@id\":\"https:\/\/www.guides-sports-loisirs.ca\/basketball-exterieur\/securite-integrite\/consignes-et-reglementation\/#breadcrumb\",\"itemListElement\":[{\"@type\":\"ListItem\",\"position\":1,\"name\":\"Accueil\",\"item\":\"https:\/\/www.guides-sports-loisirs.ca\/basketball-exterieur\/\"},{\"@type\":\"ListItem\",\"position\":2,\"name\":\"S\u00e9curit\u00e9 et int\u00e9grit\u00e9\",\"item\":\"https:\/\/www.guides-sports-loisirs.ca\/basketball-exterieur\/securite-integrite\/\"},{\"@type\":\"ListItem\",\"position\":3,\"name\":\"Consignes et r\u00e9glementation\"}]},{\"@type\":\"WebSite\",\"@id\":\"https:\/\/www.guides-sports-loisirs.ca\/basketball-exterieur\/#website\",\"url\":\"https:\/\/www.guides-sports-loisirs.ca\/basketball-exterieur\/\",\"name\":\"Basketball ext\u00e9rieur (terrain multi-sport)\",\"description\":\"basketball\",\"potentialAction\":[{\"@type\":\"SearchAction\",\"target\":{\"@type\":\"EntryPoint\",\"urlTemplate\":\"https:\/\/www.guides-sports-loisirs.ca\/basketball-exterieur\/?s={search_term_string}\"},\"query-input\":{\"@type\":\"PropertyValueSpecification\",\"valueRequired\":true,\"valueName\":\"search_term_string\"}}],\"inLanguage\":\"fr-FR\"}]}<\/script>\n<!-- \/ Yoast SEO plugin. -->","yoast_head_json":{"title":"Consignes et r\u00e9glementation - Basketball ext\u00e9rieur (terrain multi-sport)","robots":{"index":"index","follow":"follow","max-snippet":"max-snippet:-1","max-image-preview":"max-image-preview:large","max-video-preview":"max-video-preview:-1"},"canonical":"https:\/\/www.guides-sports-loisirs.ca\/basketball-exterieur\/securite-integrite\/consignes-et-reglementation\/","og_locale":"fr_FR","og_type":"article","og_title":"Consignes et r\u00e9glementation - Basketball ext\u00e9rieur (terrain multi-sport)","og_description":"[vc_row][vc_column width=\u00a0\u00bb1\/1&Prime;][vc_column_text css=\u00a0\u00bb.vc_custom_1662477768139{margin-bottom: -4px !important;}\u00a0\u00bb]Les consignes et la r\u00e9glementation font partie int\u00e9grante d\u2019un cadre de pratique s\u00e9curitaire. Il est rare [&hellip;]","og_url":"https:\/\/www.guides-sports-loisirs.ca\/basketball-exterieur\/securite-integrite\/consignes-et-reglementation\/","og_site_name":"Basketball ext\u00e9rieur (terrain multi-sport)","article_modified_time":"2022-09-06T15:22:49+00:00","twitter_card":"summary_large_image","twitter_misc":{"Dur\u00e9e de lecture estim\u00e9e":"1 minute"},"schema":{"@context":"https:\/\/schema.org","@graph":[{"@type":"WebPage","@id":"https:\/\/www.guides-sports-loisirs.ca\/basketball-exterieur\/securite-integrite\/consignes-et-reglementation\/","url":"https:\/\/www.guides-sports-loisirs.ca\/basketball-exterieur\/securite-integrite\/consignes-et-reglementation\/","name":"Consignes et r\u00e9glementation - Basketball ext\u00e9rieur (terrain multi-sport)","isPartOf":{"@id":"https:\/\/www.guides-sports-loisirs.ca\/basketball-exterieur\/#website"},"datePublished":"2020-08-10T12:16:23+00:00","dateModified":"2022-09-06T15:22:49+00:00","breadcrumb":{"@id":"https:\/\/www.guides-sports-loisirs.ca\/basketball-exterieur\/securite-integrite\/consignes-et-reglementation\/#breadcrumb"},"inLanguage":"fr-FR","potentialAction":[{"@type":"ReadAction","target":["https:\/\/www.guides-sports-loisirs.ca\/basketball-exterieur\/securite-integrite\/consignes-et-reglementation\/"]}]},{"@type":"BreadcrumbList","@id":"https:\/\/www.guides-sports-loisirs.ca\/basketball-exterieur\/securite-integrite\/consignes-et-reglementation\/#breadcrumb","itemListElement":[{"@type":"ListItem","position":1,"name":"Accueil","item":"https:\/\/www.guides-sports-loisirs.ca\/basketball-exterieur\/"},{"@type":"ListItem","position":2,"name":"S\u00e9curit\u00e9 et int\u00e9grit\u00e9","item":"https:\/\/www.guides-sports-loisirs.ca\/basketball-exterieur\/securite-integrite\/"},{"@type":"ListItem","position":3,"name":"Consignes et r\u00e9glementation"}]},{"@type":"WebSite","@id":"https:\/\/www.guides-sports-loisirs.ca\/basketball-exterieur\/#website","url":"https:\/\/www.guides-sports-loisirs.ca\/basketball-exterieur\/","name":"Basketball ext\u00e9rieur (terrain multi-sport)","description":"basketball","potentialAction":[{"@type":"SearchAction","target":{"@type":"EntryPoint","urlTemplate":"https:\/\/www.guides-sports-loisirs.ca\/basketball-exterieur\/?s={search_term_string}"},"query-input":{"@type":"PropertyValueSpecification","valueRequired":true,"valueName":"search_term_string"}}],"inLanguage":"fr-FR"}]}},"_links":{"self":[{"href":"https:\/\/www.guides-sports-loisirs.ca\/basketball-exterieur\/wp-json\/wp\/v2\/pages\/1929","targetHints":{"allow":["GET"]}}],"collection":[{"href":"https:\/\/www.guides-sports-loisirs.ca\/basketball-exterieur\/wp-json\/wp\/v2\/pages"}],"about":[{"href":"https:\/\/www.guides-sports-loisirs.ca\/basketball-exterieur\/wp-json\/wp\/v2\/types\/page"}],"author":[{"embeddable":true,"href":"https:\/\/www.guides-sports-loisirs.ca\/basketball-exterieur\/wp-json\/wp\/v2\/users\/11"}],"replies":[{"embeddable":true,"href":"https:\/\/www.guides-sports-loisirs.ca\/basketball-exterieur\/wp-json\/wp\/v2\/comments?post=1929"}],"version-history":[{"count":74,"href":"https:\/\/www.guides-sports-loisirs.ca\/basketball-exterieur\/wp-json\/wp\/v2\/pages\/1929\/revisions"}],"predecessor-version":[{"id":4618,"href":"https:\/\/www.guides-sports-loisirs.ca\/basketball-exterieur\/wp-json\/wp\/v2\/pages\/1929\/revisions\/4618"}],"up":[{"embeddable":true,"href":"https:\/\/www.guides-sports-loisirs.ca\/basketball-exterieur\/wp-json\/wp\/v2\/pages\/1803"}],"wp:attachment":[{"href":"https:\/\/www.guides-sports-loisirs.ca\/basketball-exterieur\/wp-json\/wp\/v2\/media?parent=1929"}],"curies":[{"name":"wp","href":"https:\/\/api.w.org\/{rel}","templated":true}]}}