{"id":3500,"date":"2021-10-07T15:20:20","date_gmt":"2021-10-07T19:20:20","guid":{"rendered":"https:\/\/www.guides-sports-loisirs.ca\/aires-glissade\/?page_id=3500"},"modified":"2021-10-08T11:04:11","modified_gmt":"2021-10-08T15:04:11","slug":"entretien","status":"publish","type":"page","link":"https:\/\/www.guides-sports-loisirs.ca\/aires-glissade\/exploitation\/entretien\/","title":{"rendered":"Entretien"},"content":{"rendered":"<div class=\"wpb-content-wrapper\"><p>[vc_row][vc_column width=\u00a0\u00bb1\/1&Prime;][vc_column_text]Le maintien d\u2019un niveau optimal de qualit\u00e9 des composantes d\u2019une aire de glissade en rehausse le degr\u00e9 de s\u00e9curit\u00e9, d\u2019o\u00f9 l\u2019importance de l\u2019entretien, aussi bien du terrain lui-m\u00eame que des \u00e9quipements et des b\u00e2timents.<\/p>\n<p>La politique de gestion doit d\u00e9finir des <em><strong>standards de qualit\u00e9<\/strong><\/em>. Le programme d\u2019entretien aura justement pour objectif de maintenir ces standards en permanence.<\/p>\n<p>Des inspections r\u00e9guli\u00e8res s\u2019imposent donc \u00e0 la fois pour maintenir le niveau de s\u00e9curit\u00e9 (<a href=\"https:\/\/www.guides-sports-loisirs.ca\/aires-glissade\/criteres-de-qualite\/securite\/\"><em>voir la page S\u00e9curit\u00e9<\/em><\/a>) et assurer les meilleures conditions \u00e0 l\u2019exercice des activit\u00e9s de glissade.<\/p>\n<p>En dehors des p\u00e9riodes d\u2019activit\u00e9, le mat\u00e9riel mobile doit \u00eatre remis\u00e9 de fa\u00e7on \u00e0 conserver son \u00e9tat optimal d\u2019utilisation et son apparence.[\/vc_column_text][vc_accordion active_tab=\u00a0\u00bb0&Prime;][vc_accordion_tab title=\u00a0\u00bbEntretien des pistes\u00a0\u00bb tab_id=\u00a0\u00bb2d8151ec-f97e-0&Prime;][vc_column_text]Une piste de glissade est compos\u00e9e fondamentalement d\u2019un couvert de neige stabilis\u00e9 en raison des m\u00e9tamorphoses graduelles des grains qui le composent. Ce ph\u00e9nom\u00e8ne r\u00e9sulte principalement de l\u2019action des cycles d\u00e9gel-regel, qui a notamment pour effet de former des ponts de glace assurant la coh\u00e9sion entre les particules.<\/p>\n<p>Cet assemblage constitue le lit de la piste sur lequel repose une couche instable sujette aux effets \u00e9rosifs des glisseurs et au remodelage provoqu\u00e9 par le travail des appareils d\u2019entretien.<\/p>\n<p>La <em><strong>remise en \u00e9tat<\/strong><\/em> de cette couche superficielle comprend :<\/p>\n<ul>\n<li>L\u2019enl\u00e8vement des bosses et le comblement des creux;<\/li>\n<li>Le malaxage et l\u2019homog\u00e9n\u00e9isation de la strate;<\/li>\n<li>Le nivelage (on dit aussi r\u00e9galage) de la surface;<\/li>\n<li>La compaction ou le damage de la piste;<\/li>\n<li>La stabilisation de la surface.<\/li>\n<\/ul>\n<p>On utilise surtout deux appareils pour ces travaux : le <em><strong>tra\u00eeneau niveleur et la dameuse de pistes<\/strong><\/em>. Le large \u00e9ventail du tra\u00eeneau niveleur lui conf\u00e8re une adaptabilit\u00e9 \u00e0 diff\u00e9rents types d\u2019appareils de traction. Qu\u2019il soit compos\u00e9 d\u2019une simple lame tir\u00e9e par un VTT ou de multiples lames attel\u00e9es \u00e0 un tracteur de ferme, le tra\u00eeneau niveleur, qu\u2019on utilise principalement sur les pistes de motoneige, permet tout de m\u00eame d\u2019effectuer des op\u00e9rations \u00e9l\u00e9mentaires de remise en \u00e9tat des pistes de glissade.<\/p>\n<p>Les r\u00e9sultats obtenus sont tributaires de la force de traction de l\u2019appareil porteur. Le poids du <em><strong>tra\u00eeneau niveleur<\/strong><\/em> est un facteur fondamental pour araser efficacement la piste.[\/vc_column_text][vc_column_text border_color=\u00a0\u00bbaccent\u00a0\u00bb border_style=\u00a0\u00bbsolid\u00a0\u00bb css=\u00a0\u00bb.vc_custom_1633634068942{margin-top: 30px !important;margin-bottom: 30px !important;padding-top: 20px !important;padding-right: 20px !important;padding-bottom: 20px !important;padding-left: 20px !important;}\u00a0\u00bb]<\/p>\n<h3>En savoir plus\u2026<\/h3>\n<p>L\u2019enl\u00e8vement des bosses et le comblement des creux doivent s\u2019ex\u00e9cuter en plusieurs passages selon le poids du tra\u00eeneau et du nombre de lames. Ces derni\u00e8res rasent les bosses et leur disposition assure une distribution uniforme \u00e0 l\u2019int\u00e9rieur du tra\u00eeneau de la neige ainsi remani\u00e9e. La pr\u00e9sence d\u2019une lame avant install\u00e9e sur le v\u00e9hicule porteur augmente de fa\u00e7on remarquable la capacit\u00e9 de d\u00e9placement de la neige.<\/p>\n<p>Toutefois, la formation de neige durcie ou de plaques de glace, r\u00e9sultant de l\u2019action combin\u00e9e des passages r\u00e9p\u00e9t\u00e9s des usagers et du r\u00e9chauffement par rayonnement solaire, sous la couche superficielle de la piste diminue substantiellement le potentiel de traction des chenillettes de l\u2019appareil porteur quand il remonte la piste. Ces facteurs combin\u00e9s diminuent consid\u00e9rablement l\u2019efficacit\u00e9 op\u00e9rationnelle d\u2019un tel dispositif. De plus, la profondeur de travail est limit\u00e9e dans la plupart des cas \u00e0 plus ou moins 5 cm.<\/p>\n<p>Le malaxage et l\u2019homog\u00e9n\u00e9isation de la strate superficielle s\u2019effectuent \u00e0 l\u2019int\u00e9rieur des longerons du tra\u00eeneau. Le mouvement de rotation rapide imprim\u00e9e \u00e0 la neige soulev\u00e9e permet d\u2019\u00e9vacuer l\u2019air qu\u2019elle contient et, en raison de la chaleur g\u00e9n\u00e9r\u00e9e par cette action, a pour effet de red\u00e9poser au sol une couche de neige remani\u00e9e facilement mall\u00e9able.<\/p>\n<p>Le nivelage ou r\u00e9galage de la surface s\u2019op\u00e8re ensuite facilement par la barre transversale situ\u00e9e vers l\u2019arri\u00e8re du tra\u00eeneau.<\/p>\n<p>La plaque de compaction compl\u00e9tant le dispositif d\u2019attelage permet de comprimer cette couche de neige \u00ab fra\u00eeche \u00bb \u00e0 1 \u00e0 3 cm d\u2019\u00e9paisseur, et ainsi d\u2019offrir une piste lisse et pr\u00eate \u00e0 \u00ab m\u00fbrir \u00bb. Il est \u00e0 noter que le motif en rainures dessin\u00e9 sur la neige a pour effet d\u2019augmenter la surface de la piste expos\u00e9e au froid.<\/p>\n<p>La stabilisation de la surface s\u2019entreprend graduellement sous l\u2019effet du refroidissement de la neige et l\u2019apparition de ponts de glace (frittage). Cette coh\u00e9sion offre aux utilisateurs une surface de qualit\u00e9 pour s\u2019\u00e9lancer du haut de la pente et glisser sans soubresauts jusqu\u2019\u00e0 la fin de la piste.[\/vc_column_text][vc_column_text]La <em><strong>dameuse de pistes<\/strong><\/em> combine autour d\u2019un m\u00eame ch\u00e2ssis les atouts majeurs offrant \u00e0 l\u2019op\u00e9rateur la possibilit\u00e9 d\u2019accomplir avec pr\u00e9cision les op\u00e9rations de remise \u00e0 niveau des surfaces de glissade les plus vari\u00e9es. Sa masse imposante dot\u00e9e d\u2019un point d\u2019\u00e9quilibre centralis\u00e9 assure en effet une stabilit\u00e9 \u00e0 toute \u00e9preuve. Il impose \u00e0 la neige une m\u00e9tamorphose forc\u00e9e.[\/vc_column_text][vc_column_text border_color=\u00a0\u00bbaccent\u00a0\u00bb border_style=\u00a0\u00bbsolid\u00a0\u00bb css=\u00a0\u00bb.vc_custom_1633634219282{margin-top: 30px !important;margin-bottom: 30px !important;padding-top: 20px !important;padding-right: 20px !important;padding-bottom: 20px !important;padding-left: 20px !important;}\u00a0\u00bb]<\/p>\n<h3>En savoir plus\u2026<\/h3>\n<p>L\u2019agilit\u00e9 de sa pelle avant, s\u2019orientant dans plusieurs axes, int\u00e8gre en un m\u00eame mouvement l\u2019enl\u00e8vement des bosses et le comblement des creux de la piste. La puissance de l\u2019engin lui permet de remonter ais\u00e9ment la neige d\u00e9plac\u00e9e sous l\u2019effet des engins de glissade. Cette \u00e9nergie permet m\u00eame de d\u00e9faire et de reconstruire les murets de s\u00e9paration des couloirs de descente afin d\u2019en diminuer la duret\u00e9.<\/p>\n<p>Toutefois ce qui distingue l\u2019impact majeur de la dameuse sur le travail de la neige par rapport au tra\u00eeneau niveleur est la pr\u00e9sence d\u2019un m\u00e9langeur \u00e0 neige (on dit aussi malaxeur \u00e0 neige, fraiseuse \u00e0 neige ou conditionneur de neige). Par son action de malaxage, ce dispositif pulv\u00e9rise les mottes durcies et les cro\u00fbtes de glace de surface. Il en r\u00e9sulte une homog\u00e9n\u00e9it\u00e9 de la couche de neige qui facilite grandement le modelage \u00e0 venir<sup>15<\/sup>. De plus cet accessoire, sous la pouss\u00e9e hydraulique qui l\u2019anime, permet d\u2019atteindre une profondeur de travail jusqu\u2019\u00e0 15 cm, soit bien sup\u00e9rieure \u00e0 celle du tra\u00eeneau niveleur.<\/p>\n<p>Une autre technique permet d\u2019atteindre une profondeur de travail plus grande, soit jusqu\u2019\u00e0 20 cm. Selon une \u00e9tude men\u00e9e par F\u00e9lix-Antoine Desrochers<sup>16<\/sup> (Universit\u00e9 de Sherbrooke) pour le compte de la station de ski Bromont, le <em><strong>rotob\u00eachage<\/strong><\/em>, effectu\u00e9 au moyen d\u2019un outil agricole, lorsqu\u2019appliqu\u00e9 une fois par semaine, permet de briser les plaques de glace se formant sous la surface de la piste (ces plaques g\u00eanent consid\u00e9rablement l\u2019efficacit\u00e9 du malaxage) et d\u2019augmenter la masse de neige constituant la couche de surface de la piste en s\u2019enfon\u00e7ant jusqu\u2019\u00e0 une profondeur de 20 cm. Un motoculteur arrim\u00e9 \u00e0 un tracteur de ferme permet d\u2019obtenir des r\u00e9sultats probants s\u2019apparentant \u00e0 ceux de la rotob\u00eache tir\u00e9e par une dameuse de pistes et couramment utilis\u00e9e pour l\u2019entretien des pistes de ski.<\/p>\n<p>Les op\u00e9rations de nivelage et de compaction ne diff\u00e8rent pas de celles effectu\u00e9es au tra\u00eeneau niveleur.<\/p>\n<p>L\u2019\u00e9tape de stabilisation fait appel aux m\u00e9tamorphoses internes de la couche superficielle de la piste. Le travail de nuit \u00e0 cet effet, dans les conditions de temp\u00e9rature et d\u2019humidit\u00e9 nocturnes, permet de mieux assurer des conditions optimales \u00e0 l\u2019\u00e9tat des pistes.[\/vc_column_text][vc_column_text]Il est d\u00e9conseill\u00e9 d\u2019utiliser des fondants ou des abrasifs en raison de leur risque de contamination du site ainsi que pour la sant\u00e9 et s\u00e9curit\u00e9 des usagers.<\/p>\n<hr \/>\n<p><strong>[15]<\/strong> Le m\u00e9langeur \u00e0 neige n\u2019est pas exclusif aux dameuses. Divers mod\u00e8les de m\u00e9langeur d\u2019une grande efficacit\u00e9 peuvent se greffer \u00e0 un tracteur de ferme, tirant profit de ses sources d\u2019\u00e9nergies tant m\u00e9caniques qu\u2019hydrauliques.<\/p>\n<p><strong>[16]<\/strong> F\u00e9lix-Antoine Desrochers, <a href=\"https:\/\/savoirs.usherbrooke.ca\/handle\/11143\/10494\" target=\"_blank\" rel=\"noopener noreferrer\"><em>\u00c9valuation exp\u00e9rimentale et th\u00e9orique de l\u2019efficacit\u00e9 des canons \u00e0 neige et mod\u00e9lisation 1D du couvert de neige d\u2019une station de ski<\/em><\/a>, Universit\u00e9 de Sherbrooke, Facult\u00e9 de g\u00e9nie, D\u00e9partement de g\u00e9nie civil, 2017.[\/vc_column_text][\/vc_accordion_tab][vc_accordion_tab title=\u00a0\u00bbFormations compl\u00e9mentaires\u00a0\u00bb tab_id=\u00a0\u00bbe861944b-1d4b-6&Prime;][vc_column_text]La politique de gestion de l\u2019organisation devrait inclure un programme de formations compl\u00e9mentaires ayant comme objectif principal de faire conna\u00eetre, comprendre et appliquer les r\u00e8gles et mesures de s\u00e9curit\u00e9, ainsi que les m\u00e9thodes d\u2019entretien.[\/vc_column_text][\/vc_accordion_tab][vc_accordion_tab title=\u00a0\u00bbRapports\u00a0\u00bb tab_id=\u00a0\u00bb1633629481201-2-3&Prime;][vc_column_text]Qu\u2019il s\u2019agisse de surveillance ou d\u2019entretien, toutes les interventions devraient faire l\u2019objet de rapports. Ces rapports permettent de consigner tous les incidents, accidents, d\u00e9faillances d\u2019\u00e9quipement et autres observations pertinentes susceptibles d\u2019am\u00e9liorer le service et de maintenir ou de rehausser la qualit\u00e9 de l\u2019aire de glissade.<\/p>\n<p>Il est souhaitable d\u2019offrir au personnel des fiches techniques pour faciliter la mise en \u0153uvre des proc\u00e9dures d\u2019inspection ou d\u2019intervention. Ces fiches, qui peuvent se pr\u00e9senter sous forme de formulaires \u00e0 remplir, renfermeront des donn\u00e9es que les diverses \u00e9quipes de travail devraient pouvoir consulter.<\/p>\n<p>Il est surtout important que les donn\u00e9es recueillies au cours d\u2019un quart de travail soient transmises au responsable de l\u2019\u00e9quipe du quart de travail suivant. Les employ\u00e9s affect\u00e9s \u00e0 l\u2019entretien des sites sans surveillance doivent effectuer des tourn\u00e9es r\u00e9guli\u00e8res afin de recueillir les donn\u00e9es susceptibles d\u2019am\u00e9liorer le service et de maintenir ou de rehausser la qualit\u00e9 de l\u2019aire de glissade.<\/p>\n<p>Tous les rapports doivent \u00eatre archiv\u00e9s, constituant en quelque sorte un historique de l\u2019aire de glissade. Toutes les donn\u00e9es recueillies doivent \u00eatre conserv\u00e9es au moins trois ans en cas de poursuite ou de litige.[\/vc_column_text][\/vc_accordion_tab][\/vc_accordion][\/vc_column][\/vc_row][vc_row][\/vc_row][vc_row row_height_percent=\u00a0\u00bb0&Prime; overlay_alpha=\u00a0\u00bb50&Prime; gutter_size=\u00a0\u00bb3&Prime; shift_y=\u00a0\u00bb0&Prime; css=\u00a0\u00bb.vc_custom_1569108716255{margin-bottom: 50px !important;}\u00a0\u00bb][vc_column width=\u00a0\u00bb1\/1&Prime;][vc_button button_color=\u00a0\u00bbaccent\u00a0\u00bb size=\u00a0\u00bbbtn-lg\u00a0\u00bb radius=\u00a0\u00bbbtn-circle\u00a0\u00bb border_width=\u00a0\u00bb0&Prime; link=\u00a0\u00bburl:https%3A%2F%2Fwww.guides-sports-loisirs.ca%2Faires-glissade%2Fwp-content%2Fuploads%2Fsites%2F19%2F2021%2F10%2F5.7_Exploitation_Entretien.pdf||target:%20_blank|\u00a0\u00bb icon=\u00a0\u00bbfa fa-file-o\u00a0\u00bb el_class=\u00a0\u00bbbtn-pdf\u00a0\u00bb]Version PDF[\/vc_button][\/vc_column][\/vc_row]<\/p>\n<\/div>","protected":false},"excerpt":{"rendered":"<p>[vc_row][vc_column width=\u00a0\u00bb1\/1&Prime;][vc_column_text]Le maintien d\u2019un niveau optimal de qualit\u00e9 des composantes d\u2019une aire de glissade en rehausse le degr\u00e9 de s\u00e9curit\u00e9, [&hellip;]<\/p>\n","protected":false},"author":17,"featured_media":0,"parent":2278,"menu_order":24,"comment_status":"closed","ping_status":"closed","template":"","meta":{"_acf_changed":false,"footnotes":""},"class_list":["post-3500","page","type-page","status-publish","hentry"],"acf":[],"yoast_head":"<!-- This site is optimized with the Yoast SEO plugin v27.4 - https:\/\/yoast.com\/product\/yoast-seo-wordpress\/ -->\n<title>Entretien - Aires de glissade<\/title>\n<meta name=\"robots\" content=\"index, follow, max-snippet:-1, max-image-preview:large, max-video-preview:-1\" \/>\n<link rel=\"canonical\" href=\"https:\/\/www.guides-sports-loisirs.ca\/aires-glissade\/exploitation\/entretien\/\" \/>\n<meta property=\"og:locale\" content=\"fr_FR\" \/>\n<meta property=\"og:type\" content=\"article\" \/>\n<meta property=\"og:title\" content=\"Entretien - Aires de glissade\" \/>\n<meta property=\"og:description\" content=\"[vc_row][vc_column width=\u00a0\u00bb1\/1&Prime;][vc_column_text]Le maintien d\u2019un niveau optimal de qualit\u00e9 des composantes d\u2019une aire de glissade en rehausse le degr\u00e9 de s\u00e9curit\u00e9, [&hellip;]\" \/>\n<meta property=\"og:url\" content=\"https:\/\/www.guides-sports-loisirs.ca\/aires-glissade\/exploitation\/entretien\/\" \/>\n<meta property=\"og:site_name\" content=\"Aires de glissade\" \/>\n<meta property=\"article:modified_time\" content=\"2021-10-08T15:04:11+00:00\" \/>\n<meta name=\"twitter:card\" content=\"summary_large_image\" \/>\n<meta name=\"twitter:label1\" content=\"Dur\u00e9e de lecture estim\u00e9e\" \/>\n\t<meta name=\"twitter:data1\" content=\"7 minutes\" \/>\n<script type=\"application\/ld+json\" class=\"yoast-schema-graph\">{\"@context\":\"https:\\\/\\\/schema.org\",\"@graph\":[{\"@type\":\"WebPage\",\"@id\":\"https:\\\/\\\/www.guides-sports-loisirs.ca\\\/aires-glissade\\\/exploitation\\\/entretien\\\/\",\"url\":\"https:\\\/\\\/www.guides-sports-loisirs.ca\\\/aires-glissade\\\/exploitation\\\/entretien\\\/\",\"name\":\"Entretien - Aires de glissade\",\"isPartOf\":{\"@id\":\"https:\\\/\\\/www.guides-sports-loisirs.ca\\\/aires-glissade\\\/#website\"},\"datePublished\":\"2021-10-07T19:20:20+00:00\",\"dateModified\":\"2021-10-08T15:04:11+00:00\",\"breadcrumb\":{\"@id\":\"https:\\\/\\\/www.guides-sports-loisirs.ca\\\/aires-glissade\\\/exploitation\\\/entretien\\\/#breadcrumb\"},\"inLanguage\":\"fr-FR\",\"potentialAction\":[{\"@type\":\"ReadAction\",\"target\":[\"https:\\\/\\\/www.guides-sports-loisirs.ca\\\/aires-glissade\\\/exploitation\\\/entretien\\\/\"]}]},{\"@type\":\"BreadcrumbList\",\"@id\":\"https:\\\/\\\/www.guides-sports-loisirs.ca\\\/aires-glissade\\\/exploitation\\\/entretien\\\/#breadcrumb\",\"itemListElement\":[{\"@type\":\"ListItem\",\"position\":1,\"name\":\"Accueil\",\"item\":\"https:\\\/\\\/www.guides-sports-loisirs.ca\\\/aires-glissade\\\/\"},{\"@type\":\"ListItem\",\"position\":2,\"name\":\"Exploitation\",\"item\":\"https:\\\/\\\/www.guides-sports-loisirs.ca\\\/aires-glissade\\\/exploitation\\\/\"},{\"@type\":\"ListItem\",\"position\":3,\"name\":\"Entretien\"}]},{\"@type\":\"WebSite\",\"@id\":\"https:\\\/\\\/www.guides-sports-loisirs.ca\\\/aires-glissade\\\/#website\",\"url\":\"https:\\\/\\\/www.guides-sports-loisirs.ca\\\/aires-glissade\\\/\",\"name\":\"Aires de glissade\",\"description\":\"Veloparcs\",\"potentialAction\":[{\"@type\":\"SearchAction\",\"target\":{\"@type\":\"EntryPoint\",\"urlTemplate\":\"https:\\\/\\\/www.guides-sports-loisirs.ca\\\/aires-glissade\\\/?s={search_term_string}\"},\"query-input\":{\"@type\":\"PropertyValueSpecification\",\"valueRequired\":true,\"valueName\":\"search_term_string\"}}],\"inLanguage\":\"fr-FR\"}]}<\/script>\n<!-- \/ Yoast SEO plugin. -->","yoast_head_json":{"title":"Entretien - Aires de glissade","robots":{"index":"index","follow":"follow","max-snippet":"max-snippet:-1","max-image-preview":"max-image-preview:large","max-video-preview":"max-video-preview:-1"},"canonical":"https:\/\/www.guides-sports-loisirs.ca\/aires-glissade\/exploitation\/entretien\/","og_locale":"fr_FR","og_type":"article","og_title":"Entretien - Aires de glissade","og_description":"[vc_row][vc_column width=\u00a0\u00bb1\/1&Prime;][vc_column_text]Le maintien d\u2019un niveau optimal de qualit\u00e9 des composantes d\u2019une aire de glissade en rehausse le degr\u00e9 de s\u00e9curit\u00e9, [&hellip;]","og_url":"https:\/\/www.guides-sports-loisirs.ca\/aires-glissade\/exploitation\/entretien\/","og_site_name":"Aires de glissade","article_modified_time":"2021-10-08T15:04:11+00:00","twitter_card":"summary_large_image","twitter_misc":{"Dur\u00e9e de lecture estim\u00e9e":"7 minutes"},"schema":{"@context":"https:\/\/schema.org","@graph":[{"@type":"WebPage","@id":"https:\/\/www.guides-sports-loisirs.ca\/aires-glissade\/exploitation\/entretien\/","url":"https:\/\/www.guides-sports-loisirs.ca\/aires-glissade\/exploitation\/entretien\/","name":"Entretien - Aires de glissade","isPartOf":{"@id":"https:\/\/www.guides-sports-loisirs.ca\/aires-glissade\/#website"},"datePublished":"2021-10-07T19:20:20+00:00","dateModified":"2021-10-08T15:04:11+00:00","breadcrumb":{"@id":"https:\/\/www.guides-sports-loisirs.ca\/aires-glissade\/exploitation\/entretien\/#breadcrumb"},"inLanguage":"fr-FR","potentialAction":[{"@type":"ReadAction","target":["https:\/\/www.guides-sports-loisirs.ca\/aires-glissade\/exploitation\/entretien\/"]}]},{"@type":"BreadcrumbList","@id":"https:\/\/www.guides-sports-loisirs.ca\/aires-glissade\/exploitation\/entretien\/#breadcrumb","itemListElement":[{"@type":"ListItem","position":1,"name":"Accueil","item":"https:\/\/www.guides-sports-loisirs.ca\/aires-glissade\/"},{"@type":"ListItem","position":2,"name":"Exploitation","item":"https:\/\/www.guides-sports-loisirs.ca\/aires-glissade\/exploitation\/"},{"@type":"ListItem","position":3,"name":"Entretien"}]},{"@type":"WebSite","@id":"https:\/\/www.guides-sports-loisirs.ca\/aires-glissade\/#website","url":"https:\/\/www.guides-sports-loisirs.ca\/aires-glissade\/","name":"Aires de glissade","description":"Veloparcs","potentialAction":[{"@type":"SearchAction","target":{"@type":"EntryPoint","urlTemplate":"https:\/\/www.guides-sports-loisirs.ca\/aires-glissade\/?s={search_term_string}"},"query-input":{"@type":"PropertyValueSpecification","valueRequired":true,"valueName":"search_term_string"}}],"inLanguage":"fr-FR"}]}},"_links":{"self":[{"href":"https:\/\/www.guides-sports-loisirs.ca\/aires-glissade\/wp-json\/wp\/v2\/pages\/3500","targetHints":{"allow":["GET"]}}],"collection":[{"href":"https:\/\/www.guides-sports-loisirs.ca\/aires-glissade\/wp-json\/wp\/v2\/pages"}],"about":[{"href":"https:\/\/www.guides-sports-loisirs.ca\/aires-glissade\/wp-json\/wp\/v2\/types\/page"}],"author":[{"embeddable":true,"href":"https:\/\/www.guides-sports-loisirs.ca\/aires-glissade\/wp-json\/wp\/v2\/users\/17"}],"replies":[{"embeddable":true,"href":"https:\/\/www.guides-sports-loisirs.ca\/aires-glissade\/wp-json\/wp\/v2\/comments?post=3500"}],"version-history":[{"count":6,"href":"https:\/\/www.guides-sports-loisirs.ca\/aires-glissade\/wp-json\/wp\/v2\/pages\/3500\/revisions"}],"predecessor-version":[{"id":3558,"href":"https:\/\/www.guides-sports-loisirs.ca\/aires-glissade\/wp-json\/wp\/v2\/pages\/3500\/revisions\/3558"}],"up":[{"embeddable":true,"href":"https:\/\/www.guides-sports-loisirs.ca\/aires-glissade\/wp-json\/wp\/v2\/pages\/2278"}],"wp:attachment":[{"href":"https:\/\/www.guides-sports-loisirs.ca\/aires-glissade\/wp-json\/wp\/v2\/media?parent=3500"}],"curies":[{"name":"wp","href":"https:\/\/api.w.org\/{rel}","templated":true}]}}