{"id":3431,"date":"2021-10-07T10:14:54","date_gmt":"2021-10-07T14:14:54","guid":{"rendered":"https:\/\/www.guides-sports-loisirs.ca\/aires-glissade\/?page_id=3431"},"modified":"2021-10-07T10:14:54","modified_gmt":"2021-10-07T14:14:54","slug":"pertinence","status":"publish","type":"page","link":"https:\/\/www.guides-sports-loisirs.ca\/aires-glissade\/criteres-de-qualite\/pertinence\/","title":{"rendered":"Pertinence"},"content":{"rendered":"<div class=\"wpb-content-wrapper\"><p>[vc_row][vc_column width=\u00a0\u00bb1\/1&Prime;][vc_column_text]La pertinence dont il est question ici se rapporte \u00e0 la justification sociale de consacrer des ressources financi\u00e8res publiques \u00e0 l\u2019am\u00e9nagement et \u00e0 l\u2019exploitation d\u2019aires de glissade. Les indicateurs de cette pertinence correspondront alors au volume de participation anticip\u00e9 et \u00e0 la diversit\u00e9 des groupes de population parmi les pratiquants.<\/p>\n<p>Il est fr\u00e9quent que la demande d\u2019une aire de glissade soit port\u00e9e par un groupe restreint d\u2019adeptes de la glissade. Il importe alors de mesurer le nombre d\u2019usagers potentiels pour assurer la justification sociale d\u2019investissements publics. Cet exercice de validation s\u2019impose d\u2019ailleurs pour bien d\u2019autres activit\u00e9s de loisir. Il importe ainsi de bien documenter les besoins, \u00e0 court et \u00e0 moyen terme.<\/p>\n<p>Tout cela d\u00e9pend aussi des grandes orientations et des priorit\u00e9s politiques de la municipalit\u00e9, ainsi que, naturellement, de sa capacit\u00e9 de payer.<\/p>\n<p>Le niveau de pertinence influencera notamment la taille de l\u2019aire de glissade : p\u00e9rim\u00e8tre, nombre et type de pentes (plus ou moins abruptes).<\/p>\n<p>Le budget et l\u2019ordre des priorit\u00e9s conditionneront pour leur part certains choix :<\/p>\n<ul>\n<li>Am\u00e9nager une aire de glissade sur une pente d\u00e9j\u00e0 existante ou en construire une?<\/li>\n<li>D\u00e9terminer le nombre de pistes et leurs niveaux de difficult\u00e9?<\/li>\n<li>Quels services offrir?<\/li>\n<li>Installer un syst\u00e8me d\u2019\u00e9clairage?<\/li>\n<li>Instaurer une tarification ou offrir l\u2019acc\u00e8s gratuitement?<\/li>\n<\/ul>\n<p>Ces options ont toutes des implications budg\u00e9taires, lesquelles peuvent varier \u00e9norm\u00e9ment.[\/vc_column_text][\/vc_column][\/vc_row][vc_row][\/vc_row][vc_row row_height_percent=\u00a0\u00bb0&Prime; overlay_alpha=\u00a0\u00bb50&Prime; gutter_size=\u00a0\u00bb3&Prime; shift_y=\u00a0\u00bb0&Prime; css=\u00a0\u00bb.vc_custom_1569108843026{margin-bottom: 50px !important;}\u00a0\u00bb][vc_column width=\u00a0\u00bb1\/1&Prime;][vc_button button_color=\u00a0\u00bbaccent\u00a0\u00bb size=\u00a0\u00bbbtn-lg\u00a0\u00bb radius=\u00a0\u00bbbtn-circle\u00a0\u00bb border_width=\u00a0\u00bb0&Prime; link=\u00a0\u00bburl:https%3A%2F%2Fwww.guides-sports-loisirs.ca%2Faires-glissade%2Fwp-content%2Fuploads%2Fsites%2F19%2F2021%2F10%2F2.7_CriteresDeQualite_Pertinence.pdf||target:%20_blank|\u00a0\u00bb icon=\u00a0\u00bbfa fa-file-o\u00a0\u00bb el_class=\u00a0\u00bbbtn-pdf\u00a0\u00bb]Version PDF[\/vc_button][\/vc_column][\/vc_row]<\/p>\n<\/div>","protected":false},"excerpt":{"rendered":"<p>[vc_row][vc_column width=\u00a0\u00bb1\/1&Prime;][vc_column_text]La pertinence dont il est question ici se rapporte \u00e0 la justification sociale de consacrer des ressources financi\u00e8res publiques [&hellip;]<\/p>\n","protected":false},"author":17,"featured_media":0,"parent":1803,"menu_order":8,"comment_status":"closed","ping_status":"closed","template":"","meta":{"_acf_changed":false,"footnotes":""},"class_list":["post-3431","page","type-page","status-publish","hentry"],"acf":[],"yoast_head":"<!-- This site is optimized with the Yoast SEO plugin v27.4 - https:\/\/yoast.com\/product\/yoast-seo-wordpress\/ -->\n<title>Pertinence - Aires de glissade<\/title>\n<meta name=\"robots\" content=\"index, follow, max-snippet:-1, max-image-preview:large, max-video-preview:-1\" \/>\n<link rel=\"canonical\" href=\"https:\/\/www.guides-sports-loisirs.ca\/aires-glissade\/criteres-de-qualite\/pertinence\/\" \/>\n<meta property=\"og:locale\" content=\"fr_FR\" \/>\n<meta property=\"og:type\" content=\"article\" \/>\n<meta property=\"og:title\" content=\"Pertinence - Aires de glissade\" \/>\n<meta property=\"og:description\" content=\"[vc_row][vc_column width=\u00a0\u00bb1\/1&Prime;][vc_column_text]La pertinence dont il est question ici se rapporte \u00e0 la justification sociale de consacrer des ressources financi\u00e8res publiques [&hellip;]\" \/>\n<meta property=\"og:url\" content=\"https:\/\/www.guides-sports-loisirs.ca\/aires-glissade\/criteres-de-qualite\/pertinence\/\" \/>\n<meta property=\"og:site_name\" content=\"Aires de glissade\" \/>\n<meta name=\"twitter:card\" content=\"summary_large_image\" \/>\n<meta name=\"twitter:label1\" content=\"Dur\u00e9e de lecture estim\u00e9e\" \/>\n\t<meta name=\"twitter:data1\" content=\"2 minutes\" \/>\n<script type=\"application\/ld+json\" class=\"yoast-schema-graph\">{\"@context\":\"https:\\\/\\\/schema.org\",\"@graph\":[{\"@type\":\"WebPage\",\"@id\":\"https:\\\/\\\/www.guides-sports-loisirs.ca\\\/aires-glissade\\\/criteres-de-qualite\\\/pertinence\\\/\",\"url\":\"https:\\\/\\\/www.guides-sports-loisirs.ca\\\/aires-glissade\\\/criteres-de-qualite\\\/pertinence\\\/\",\"name\":\"Pertinence - Aires de glissade\",\"isPartOf\":{\"@id\":\"https:\\\/\\\/www.guides-sports-loisirs.ca\\\/aires-glissade\\\/#website\"},\"datePublished\":\"2021-10-07T14:14:54+00:00\",\"breadcrumb\":{\"@id\":\"https:\\\/\\\/www.guides-sports-loisirs.ca\\\/aires-glissade\\\/criteres-de-qualite\\\/pertinence\\\/#breadcrumb\"},\"inLanguage\":\"fr-FR\",\"potentialAction\":[{\"@type\":\"ReadAction\",\"target\":[\"https:\\\/\\\/www.guides-sports-loisirs.ca\\\/aires-glissade\\\/criteres-de-qualite\\\/pertinence\\\/\"]}]},{\"@type\":\"BreadcrumbList\",\"@id\":\"https:\\\/\\\/www.guides-sports-loisirs.ca\\\/aires-glissade\\\/criteres-de-qualite\\\/pertinence\\\/#breadcrumb\",\"itemListElement\":[{\"@type\":\"ListItem\",\"position\":1,\"name\":\"Accueil\",\"item\":\"https:\\\/\\\/www.guides-sports-loisirs.ca\\\/aires-glissade\\\/\"},{\"@type\":\"ListItem\",\"position\":2,\"name\":\"Crit\u00e8res de qualit\u00e9\",\"item\":\"https:\\\/\\\/www.guides-sports-loisirs.ca\\\/aires-glissade\\\/criteres-de-qualite\\\/\"},{\"@type\":\"ListItem\",\"position\":3,\"name\":\"Pertinence\"}]},{\"@type\":\"WebSite\",\"@id\":\"https:\\\/\\\/www.guides-sports-loisirs.ca\\\/aires-glissade\\\/#website\",\"url\":\"https:\\\/\\\/www.guides-sports-loisirs.ca\\\/aires-glissade\\\/\",\"name\":\"Aires de glissade\",\"description\":\"Veloparcs\",\"potentialAction\":[{\"@type\":\"SearchAction\",\"target\":{\"@type\":\"EntryPoint\",\"urlTemplate\":\"https:\\\/\\\/www.guides-sports-loisirs.ca\\\/aires-glissade\\\/?s={search_term_string}\"},\"query-input\":{\"@type\":\"PropertyValueSpecification\",\"valueRequired\":true,\"valueName\":\"search_term_string\"}}],\"inLanguage\":\"fr-FR\"}]}<\/script>\n<!-- \/ Yoast SEO plugin. -->","yoast_head_json":{"title":"Pertinence - Aires de glissade","robots":{"index":"index","follow":"follow","max-snippet":"max-snippet:-1","max-image-preview":"max-image-preview:large","max-video-preview":"max-video-preview:-1"},"canonical":"https:\/\/www.guides-sports-loisirs.ca\/aires-glissade\/criteres-de-qualite\/pertinence\/","og_locale":"fr_FR","og_type":"article","og_title":"Pertinence - Aires de glissade","og_description":"[vc_row][vc_column width=\u00a0\u00bb1\/1&Prime;][vc_column_text]La pertinence dont il est question ici se rapporte \u00e0 la justification sociale de consacrer des ressources financi\u00e8res publiques [&hellip;]","og_url":"https:\/\/www.guides-sports-loisirs.ca\/aires-glissade\/criteres-de-qualite\/pertinence\/","og_site_name":"Aires de glissade","twitter_card":"summary_large_image","twitter_misc":{"Dur\u00e9e de lecture estim\u00e9e":"2 minutes"},"schema":{"@context":"https:\/\/schema.org","@graph":[{"@type":"WebPage","@id":"https:\/\/www.guides-sports-loisirs.ca\/aires-glissade\/criteres-de-qualite\/pertinence\/","url":"https:\/\/www.guides-sports-loisirs.ca\/aires-glissade\/criteres-de-qualite\/pertinence\/","name":"Pertinence - Aires de glissade","isPartOf":{"@id":"https:\/\/www.guides-sports-loisirs.ca\/aires-glissade\/#website"},"datePublished":"2021-10-07T14:14:54+00:00","breadcrumb":{"@id":"https:\/\/www.guides-sports-loisirs.ca\/aires-glissade\/criteres-de-qualite\/pertinence\/#breadcrumb"},"inLanguage":"fr-FR","potentialAction":[{"@type":"ReadAction","target":["https:\/\/www.guides-sports-loisirs.ca\/aires-glissade\/criteres-de-qualite\/pertinence\/"]}]},{"@type":"BreadcrumbList","@id":"https:\/\/www.guides-sports-loisirs.ca\/aires-glissade\/criteres-de-qualite\/pertinence\/#breadcrumb","itemListElement":[{"@type":"ListItem","position":1,"name":"Accueil","item":"https:\/\/www.guides-sports-loisirs.ca\/aires-glissade\/"},{"@type":"ListItem","position":2,"name":"Crit\u00e8res de qualit\u00e9","item":"https:\/\/www.guides-sports-loisirs.ca\/aires-glissade\/criteres-de-qualite\/"},{"@type":"ListItem","position":3,"name":"Pertinence"}]},{"@type":"WebSite","@id":"https:\/\/www.guides-sports-loisirs.ca\/aires-glissade\/#website","url":"https:\/\/www.guides-sports-loisirs.ca\/aires-glissade\/","name":"Aires de glissade","description":"Veloparcs","potentialAction":[{"@type":"SearchAction","target":{"@type":"EntryPoint","urlTemplate":"https:\/\/www.guides-sports-loisirs.ca\/aires-glissade\/?s={search_term_string}"},"query-input":{"@type":"PropertyValueSpecification","valueRequired":true,"valueName":"search_term_string"}}],"inLanguage":"fr-FR"}]}},"_links":{"self":[{"href":"https:\/\/www.guides-sports-loisirs.ca\/aires-glissade\/wp-json\/wp\/v2\/pages\/3431","targetHints":{"allow":["GET"]}}],"collection":[{"href":"https:\/\/www.guides-sports-loisirs.ca\/aires-glissade\/wp-json\/wp\/v2\/pages"}],"about":[{"href":"https:\/\/www.guides-sports-loisirs.ca\/aires-glissade\/wp-json\/wp\/v2\/types\/page"}],"author":[{"embeddable":true,"href":"https:\/\/www.guides-sports-loisirs.ca\/aires-glissade\/wp-json\/wp\/v2\/users\/17"}],"replies":[{"embeddable":true,"href":"https:\/\/www.guides-sports-loisirs.ca\/aires-glissade\/wp-json\/wp\/v2\/comments?post=3431"}],"version-history":[{"count":1,"href":"https:\/\/www.guides-sports-loisirs.ca\/aires-glissade\/wp-json\/wp\/v2\/pages\/3431\/revisions"}],"predecessor-version":[{"id":3432,"href":"https:\/\/www.guides-sports-loisirs.ca\/aires-glissade\/wp-json\/wp\/v2\/pages\/3431\/revisions\/3432"}],"up":[{"embeddable":true,"href":"https:\/\/www.guides-sports-loisirs.ca\/aires-glissade\/wp-json\/wp\/v2\/pages\/1803"}],"wp:attachment":[{"href":"https:\/\/www.guides-sports-loisirs.ca\/aires-glissade\/wp-json\/wp\/v2\/media?parent=3431"}],"curies":[{"name":"wp","href":"https:\/\/api.w.org\/{rel}","templated":true}]}}