{"id":3104,"date":"2020-08-17T08:48:02","date_gmt":"2020-08-17T12:48:02","guid":{"rendered":"https:\/\/www.guides-sports-loisirs.ca\/aires-glissade\/?page_id=3104"},"modified":"2021-10-19T14:06:19","modified_gmt":"2021-10-19T18:06:19","slug":"annexe-a-recommandations-de-la-mutuelle-des-municipalites-du-quebec-mmq-a-propos-des-aires-de-glissade-municipales","status":"publish","type":"page","link":"https:\/\/www.guides-sports-loisirs.ca\/aires-glissade\/annexes\/annexe-a-recommandations-de-la-mutuelle-des-municipalites-du-quebec-mmq-a-propos-des-aires-de-glissade-municipales\/","title":{"rendered":"Annexe A &#8211; Recommandations de la mutuelle des municipalit\u00e9s du Qu\u00e9bec (MMQ) \u00e0 propos des aires de glissade municipales"},"content":{"rendered":"<div class=\"wpb-content-wrapper\"><p>[vc_row][vc_column width=\u00a0\u00bb1\/1&Prime;][vc_accordion][vc_accordion_tab title=\u00a0\u00bbEst-ce que la municipalit\u00e9 peut utiliser la pente d\u2019un propri\u00e9taire priv\u00e9 pour am\u00e9nager une aire de glisse?\u00a0\u00bb tab_id=\u00a0\u00bb1633700956-1-52&Prime;][vc_column_text]Oui. Toutefois, la municipalit\u00e9 doit avoir l\u2019accord du propri\u00e9taire et un contrat \u00e9crit devrait \u00eatre sign\u00e9 entre les deux parties. Par exemple, inscrire : dates d\u2019ouverture et de fermeture, horaire, grandeur du terrain utilis\u00e9 pour la glissade avec num\u00e9ro de lot (ici, c\u2019est pour \u00e9viter de prendre la responsabilit\u00e9 totale du terrain en cas d\u2019accident, donc on vient pr\u00e9ciser), machinerie sur le terrain priv\u00e9 s\u2019il y a lieu, construit s\u2019il y a lieu, assurances responsabilit\u00e9, responsable de l\u2019inspection et l\u2019entretien, r\u00e9glementations, lumi\u00e8res, etc. [\u2026] Faire v\u00e9rifier le contrat par un avocat avant de le signer est une bonne pratique qui vous \u00e9vitera probablement des ennuis.[\/vc_column_text][\/vc_accordion_tab][vc_accordion_tab title=\u00a0\u00bbBalles de foin\u00a0\u00bb tab_id=\u00a0\u00bb1633700956-2-73&Prime;][vc_column_text]Il est fortement d\u00e9conseill\u00e9 d\u2019utiliser des balles de foins l\u2019hiver, surtout dans le bas d\u2019une pente \u00e0 glisser, car celles-ci, avec le froid, se transforment en blocs de glace et pourraient devenir un risque accru pour les blessures. Si vous n\u2019\u00eates pas en mesure de respecter la longueur de la zone d\u2019arr\u00eat vous devriez fabriquer un remblai afin de maximiser la s\u00e9curit\u00e9 des utilisateurs.[\/vc_column_text][\/vc_accordion_tab][vc_accordion_tab title=\u00a0\u00bb\u00c9coles et garderies\u00a0\u00bb tab_id=\u00a0\u00bb1633702327371-2-3&Prime;][vc_column_text]Si des \u00e9coles ou des garderies utilisent vos glissades sur neige, vous pourriez acheminer les r\u00e8glements aux \u00e9ducateurs afin qu\u2019ils en prennent connaissance avec leurs \u00e9l\u00e8ves pour maximiser la s\u00e9curit\u00e9 des enfants.[\/vc_column_text][\/vc_accordion_tab][vc_accordion_tab title=\u00a0\u00bbGlissade temporaire, par exemple pour un \u00e9v\u00e9nement\u00a0\u00bb tab_id=\u00a0\u00bb1633702347001-3-1&Prime;][vc_column_text]Si votre glissade est temporaire, vous devriez prendre la d\u00e9cision de la laisser ouverte apr\u00e8s votre \u00e9v\u00e9nement [\u2026] ou bien de la fermer. Dans cette option, vous devriez interdire la glissade et informer ad\u00e9quatement le public. Parmi les moyens d\u2019informer le public, nous vous conseillions notamment de publier des communiqu\u00e9s dans les journaux locaux ou sur votre site Internet et d\u2019installer des panneaux d\u2019affichage \u00e0 des endroits strat\u00e9giques pr\u00e8s de votre glissade. Sur ces panneaux, il est important de mentionner que la glissade est interdite (citez votre r\u00e8glement, le cas \u00e9ch\u00e9ant). Vous pouvez aussi d\u00e9noncer le risque en ajoutant par exemple la mention \u00ab Risques de blessure \u00bb. Notez que la seule mention \u00ab Glissade \u00e0 vos risques \u00bb sur un panneau est vue comme ambigu\u00eb parce qu\u2019elle peut laisser croire que la glissade est autoris\u00e9e, mais que la responsabilit\u00e9 d\u2019un \u00e9ventuel dommage ne serait pas celle du propri\u00e9taire, ce qui constitue une clause invalide en vertu du <em>Code civil<\/em>.[\/vc_column_text][\/vc_accordion_tab][vc_accordion_tab title=\u00a0\u00bbSection dangereuse de votre glissade\u00a0\u00bb tab_id=\u00a0\u00bb1633702591088-4-4&Prime;][vc_column_text]Si l\u2019arri\u00e8re de votre glissade est dangereux, par exemple en raison de la pr\u00e9sence d\u2019arbres et d\u2019une cl\u00f4ture, vous devriez fermer cette section avec l\u2019aide d\u2019une cl\u00f4ture \u00e0 neige et d\u2019un affichage ad\u00e9quat afin de maximiser la s\u00e9curit\u00e9 des utilisateurs et de minimiser votre responsabilit\u00e9 en cas d\u2019accident ou poursuite. Dans cette section dangereuse, vous devriez interdire la glissade et informer ad\u00e9quatement le public. Nous vous conseillions d\u2019installer des panneaux d\u2019affichage \u00ab Glissade interdite \u00bb \u00e0 des endroits strat\u00e9giques. Vous pouvez aussi d\u00e9noncer le risque en ajoutant par exemple la mention \u00ab Risques de blessure \u00bb. Notez que la seule mention \u00ab Glissade \u00e0 vos risques \u00bb sur un panneau est vue comme ambigu\u00eb parce qu\u2019elle peut laisser croire que la glissade est autoris\u00e9e, mais que la responsabilit\u00e9 d\u2019un \u00e9ventuel dommage ne serait pas celle du propri\u00e9taire, ce qui constitue une clause invalide en vertu du Code civil.[\/vc_column_text][\/vc_accordion_tab][vc_accordion_tab title=\u00a0\u00bbRemont\u00e9e m\u00e9canique\u00a0\u00bb tab_id=\u00a0\u00bb1633702625038-5-0&Prime;][vc_column_text]C\u2019est la norme CSA Z98 Remont\u00e9es m\u00e9caniques et convoyeurs qui s\u2019applique. Voir \u00e0 ce sujet <a href=\"https:\/\/www.rbq.gouv.qc.ca\/lois-reglements-et-codes\/par-domaine\/remontees-mecaniques.html\" target=\"_blank\" rel=\"noopener noreferrer\"><em>Gouvernement du Qu\u00e9bec, Lois, r\u00e8glements et codes, Remont\u00e9es m\u00e9caniques<\/em><\/a>.[\/vc_column_text][\/vc_accordion_tab][\/vc_accordion][\/vc_column][\/vc_row][vc_row][\/vc_row][vc_row row_height_percent=\u00a0\u00bb0&Prime; overlay_alpha=\u00a0\u00bb50&Prime; gutter_size=\u00a0\u00bb3&Prime; shift_y=\u00a0\u00bb0&Prime; css=\u00a0\u00bb.vc_custom_1569108843026{margin-bottom: 50px !important;}\u00a0\u00bb][vc_column width=\u00a0\u00bb1\/1&Prime;][vc_button button_color=\u00a0\u00bbaccent\u00a0\u00bb size=\u00a0\u00bbbtn-lg\u00a0\u00bb radius=\u00a0\u00bbbtn-circle\u00a0\u00bb border_width=\u00a0\u00bb0&Prime; link=\u00a0\u00bburl:https%3A%2F%2Fwww.guides-sports-loisirs.ca%2Faires-glissade%2Fwp-content%2Fuploads%2Fsites%2F19%2F2021%2F10%2F7.1_AnnexeA-1.pdf||target:%20_blank|\u00a0\u00bb icon=\u00a0\u00bbfa fa-file-o\u00a0\u00bb el_class=\u00a0\u00bbbtn-pdf\u00a0\u00bb]Version PDF[\/vc_button][\/vc_column][\/vc_row]<\/p>\n<\/div>","protected":false},"excerpt":{"rendered":"<p>[vc_row][vc_column width=\u00a0\u00bb1\/1&Prime;][vc_accordion][vc_accordion_tab title=\u00a0\u00bbEst-ce que la municipalit\u00e9 peut utiliser la pente d\u2019un propri\u00e9taire priv\u00e9 pour am\u00e9nager une aire de glisse?\u00a0\u00bb tab_id=\u00a0\u00bb1633700956-1-52&Prime;][vc_column_text]Oui. [&hellip;]<\/p>\n","protected":false},"author":11,"featured_media":0,"parent":3102,"menu_order":1,"comment_status":"closed","ping_status":"closed","template":"","meta":{"_acf_changed":false,"footnotes":""},"class_list":["post-3104","page","type-page","status-publish","hentry"],"acf":[],"yoast_head":"<!-- This site is optimized with the Yoast SEO plugin v27.2 - https:\/\/yoast.com\/product\/yoast-seo-wordpress\/ -->\n<title>Annexe A - Recommandations de la mutuelle des municipalit\u00e9s du Qu\u00e9bec (MMQ) \u00e0 propos des aires de glissade municipales - Aires de glissade<\/title>\n<meta name=\"robots\" content=\"index, follow, max-snippet:-1, max-image-preview:large, max-video-preview:-1\" \/>\n<link rel=\"canonical\" href=\"https:\/\/www.guides-sports-loisirs.ca\/aires-glissade\/annexes\/annexe-a-recommandations-de-la-mutuelle-des-municipalites-du-quebec-mmq-a-propos-des-aires-de-glissade-municipales\/\" \/>\n<meta property=\"og:locale\" content=\"fr_FR\" \/>\n<meta property=\"og:type\" content=\"article\" \/>\n<meta property=\"og:title\" content=\"Annexe A - Recommandations de la mutuelle des municipalit\u00e9s du Qu\u00e9bec (MMQ) \u00e0 propos des aires de glissade municipales - Aires de glissade\" \/>\n<meta property=\"og:description\" content=\"[vc_row][vc_column width=\u00a0\u00bb1\/1&Prime;][vc_accordion][vc_accordion_tab title=\u00a0\u00bbEst-ce que la municipalit\u00e9 peut utiliser la pente d\u2019un propri\u00e9taire priv\u00e9 pour am\u00e9nager une aire de glisse?\u00a0\u00bb tab_id=\u00a0\u00bb1633700956-1-52&Prime;][vc_column_text]Oui. [&hellip;]\" \/>\n<meta property=\"og:url\" content=\"https:\/\/www.guides-sports-loisirs.ca\/aires-glissade\/annexes\/annexe-a-recommandations-de-la-mutuelle-des-municipalites-du-quebec-mmq-a-propos-des-aires-de-glissade-municipales\/\" \/>\n<meta property=\"og:site_name\" content=\"Aires de glissade\" \/>\n<meta property=\"article:modified_time\" content=\"2021-10-19T18:06:19+00:00\" \/>\n<meta name=\"twitter:card\" content=\"summary_large_image\" \/>\n<meta name=\"twitter:label1\" content=\"Dur\u00e9e de lecture estim\u00e9e\" \/>\n\t<meta name=\"twitter:data1\" content=\"3 minutes\" \/>\n<script type=\"application\/ld+json\" class=\"yoast-schema-graph\">{\"@context\":\"https:\/\/schema.org\",\"@graph\":[{\"@type\":\"WebPage\",\"@id\":\"https:\/\/www.guides-sports-loisirs.ca\/aires-glissade\/annexes\/annexe-a-recommandations-de-la-mutuelle-des-municipalites-du-quebec-mmq-a-propos-des-aires-de-glissade-municipales\/\",\"url\":\"https:\/\/www.guides-sports-loisirs.ca\/aires-glissade\/annexes\/annexe-a-recommandations-de-la-mutuelle-des-municipalites-du-quebec-mmq-a-propos-des-aires-de-glissade-municipales\/\",\"name\":\"Annexe A - Recommandations de la mutuelle des municipalit\u00e9s du Qu\u00e9bec (MMQ) \u00e0 propos des aires de glissade municipales - Aires de glissade\",\"isPartOf\":{\"@id\":\"https:\/\/www.guides-sports-loisirs.ca\/aires-glissade\/#website\"},\"datePublished\":\"2020-08-17T12:48:02+00:00\",\"dateModified\":\"2021-10-19T18:06:19+00:00\",\"breadcrumb\":{\"@id\":\"https:\/\/www.guides-sports-loisirs.ca\/aires-glissade\/annexes\/annexe-a-recommandations-de-la-mutuelle-des-municipalites-du-quebec-mmq-a-propos-des-aires-de-glissade-municipales\/#breadcrumb\"},\"inLanguage\":\"fr-FR\",\"potentialAction\":[{\"@type\":\"ReadAction\",\"target\":[\"https:\/\/www.guides-sports-loisirs.ca\/aires-glissade\/annexes\/annexe-a-recommandations-de-la-mutuelle-des-municipalites-du-quebec-mmq-a-propos-des-aires-de-glissade-municipales\/\"]}]},{\"@type\":\"BreadcrumbList\",\"@id\":\"https:\/\/www.guides-sports-loisirs.ca\/aires-glissade\/annexes\/annexe-a-recommandations-de-la-mutuelle-des-municipalites-du-quebec-mmq-a-propos-des-aires-de-glissade-municipales\/#breadcrumb\",\"itemListElement\":[{\"@type\":\"ListItem\",\"position\":1,\"name\":\"Accueil\",\"item\":\"https:\/\/www.guides-sports-loisirs.ca\/aires-glissade\/\"},{\"@type\":\"ListItem\",\"position\":2,\"name\":\"Annexes, outil et vid\u00e9os\",\"item\":\"https:\/\/www.guides-sports-loisirs.ca\/aires-glissade\/annexes\/\"},{\"@type\":\"ListItem\",\"position\":3,\"name\":\"Annexe A &#8211; Recommandations de la mutuelle des municipalit\u00e9s du Qu\u00e9bec (MMQ) \u00e0 propos des aires de glissade municipales\"}]},{\"@type\":\"WebSite\",\"@id\":\"https:\/\/www.guides-sports-loisirs.ca\/aires-glissade\/#website\",\"url\":\"https:\/\/www.guides-sports-loisirs.ca\/aires-glissade\/\",\"name\":\"Aires de glissade\",\"description\":\"Veloparcs\",\"potentialAction\":[{\"@type\":\"SearchAction\",\"target\":{\"@type\":\"EntryPoint\",\"urlTemplate\":\"https:\/\/www.guides-sports-loisirs.ca\/aires-glissade\/?s={search_term_string}\"},\"query-input\":{\"@type\":\"PropertyValueSpecification\",\"valueRequired\":true,\"valueName\":\"search_term_string\"}}],\"inLanguage\":\"fr-FR\"}]}<\/script>\n<!-- \/ Yoast SEO plugin. -->","yoast_head_json":{"title":"Annexe A - Recommandations de la mutuelle des municipalit\u00e9s du Qu\u00e9bec (MMQ) \u00e0 propos des aires de glissade municipales - Aires de glissade","robots":{"index":"index","follow":"follow","max-snippet":"max-snippet:-1","max-image-preview":"max-image-preview:large","max-video-preview":"max-video-preview:-1"},"canonical":"https:\/\/www.guides-sports-loisirs.ca\/aires-glissade\/annexes\/annexe-a-recommandations-de-la-mutuelle-des-municipalites-du-quebec-mmq-a-propos-des-aires-de-glissade-municipales\/","og_locale":"fr_FR","og_type":"article","og_title":"Annexe A - Recommandations de la mutuelle des municipalit\u00e9s du Qu\u00e9bec (MMQ) \u00e0 propos des aires de glissade municipales - Aires de glissade","og_description":"[vc_row][vc_column width=\u00a0\u00bb1\/1&Prime;][vc_accordion][vc_accordion_tab title=\u00a0\u00bbEst-ce que la municipalit\u00e9 peut utiliser la pente d\u2019un propri\u00e9taire priv\u00e9 pour am\u00e9nager une aire de glisse?\u00a0\u00bb tab_id=\u00a0\u00bb1633700956-1-52&Prime;][vc_column_text]Oui. [&hellip;]","og_url":"https:\/\/www.guides-sports-loisirs.ca\/aires-glissade\/annexes\/annexe-a-recommandations-de-la-mutuelle-des-municipalites-du-quebec-mmq-a-propos-des-aires-de-glissade-municipales\/","og_site_name":"Aires de glissade","article_modified_time":"2021-10-19T18:06:19+00:00","twitter_card":"summary_large_image","twitter_misc":{"Dur\u00e9e de lecture estim\u00e9e":"3 minutes"},"schema":{"@context":"https:\/\/schema.org","@graph":[{"@type":"WebPage","@id":"https:\/\/www.guides-sports-loisirs.ca\/aires-glissade\/annexes\/annexe-a-recommandations-de-la-mutuelle-des-municipalites-du-quebec-mmq-a-propos-des-aires-de-glissade-municipales\/","url":"https:\/\/www.guides-sports-loisirs.ca\/aires-glissade\/annexes\/annexe-a-recommandations-de-la-mutuelle-des-municipalites-du-quebec-mmq-a-propos-des-aires-de-glissade-municipales\/","name":"Annexe A - Recommandations de la mutuelle des municipalit\u00e9s du Qu\u00e9bec (MMQ) \u00e0 propos des aires de glissade municipales - Aires de glissade","isPartOf":{"@id":"https:\/\/www.guides-sports-loisirs.ca\/aires-glissade\/#website"},"datePublished":"2020-08-17T12:48:02+00:00","dateModified":"2021-10-19T18:06:19+00:00","breadcrumb":{"@id":"https:\/\/www.guides-sports-loisirs.ca\/aires-glissade\/annexes\/annexe-a-recommandations-de-la-mutuelle-des-municipalites-du-quebec-mmq-a-propos-des-aires-de-glissade-municipales\/#breadcrumb"},"inLanguage":"fr-FR","potentialAction":[{"@type":"ReadAction","target":["https:\/\/www.guides-sports-loisirs.ca\/aires-glissade\/annexes\/annexe-a-recommandations-de-la-mutuelle-des-municipalites-du-quebec-mmq-a-propos-des-aires-de-glissade-municipales\/"]}]},{"@type":"BreadcrumbList","@id":"https:\/\/www.guides-sports-loisirs.ca\/aires-glissade\/annexes\/annexe-a-recommandations-de-la-mutuelle-des-municipalites-du-quebec-mmq-a-propos-des-aires-de-glissade-municipales\/#breadcrumb","itemListElement":[{"@type":"ListItem","position":1,"name":"Accueil","item":"https:\/\/www.guides-sports-loisirs.ca\/aires-glissade\/"},{"@type":"ListItem","position":2,"name":"Annexes, outil et vid\u00e9os","item":"https:\/\/www.guides-sports-loisirs.ca\/aires-glissade\/annexes\/"},{"@type":"ListItem","position":3,"name":"Annexe A &#8211; Recommandations de la mutuelle des municipalit\u00e9s du Qu\u00e9bec (MMQ) \u00e0 propos des aires de glissade municipales"}]},{"@type":"WebSite","@id":"https:\/\/www.guides-sports-loisirs.ca\/aires-glissade\/#website","url":"https:\/\/www.guides-sports-loisirs.ca\/aires-glissade\/","name":"Aires de glissade","description":"Veloparcs","potentialAction":[{"@type":"SearchAction","target":{"@type":"EntryPoint","urlTemplate":"https:\/\/www.guides-sports-loisirs.ca\/aires-glissade\/?s={search_term_string}"},"query-input":{"@type":"PropertyValueSpecification","valueRequired":true,"valueName":"search_term_string"}}],"inLanguage":"fr-FR"}]}},"_links":{"self":[{"href":"https:\/\/www.guides-sports-loisirs.ca\/aires-glissade\/wp-json\/wp\/v2\/pages\/3104","targetHints":{"allow":["GET"]}}],"collection":[{"href":"https:\/\/www.guides-sports-loisirs.ca\/aires-glissade\/wp-json\/wp\/v2\/pages"}],"about":[{"href":"https:\/\/www.guides-sports-loisirs.ca\/aires-glissade\/wp-json\/wp\/v2\/types\/page"}],"author":[{"embeddable":true,"href":"https:\/\/www.guides-sports-loisirs.ca\/aires-glissade\/wp-json\/wp\/v2\/users\/11"}],"replies":[{"embeddable":true,"href":"https:\/\/www.guides-sports-loisirs.ca\/aires-glissade\/wp-json\/wp\/v2\/comments?post=3104"}],"version-history":[{"count":11,"href":"https:\/\/www.guides-sports-loisirs.ca\/aires-glissade\/wp-json\/wp\/v2\/pages\/3104\/revisions"}],"predecessor-version":[{"id":3646,"href":"https:\/\/www.guides-sports-loisirs.ca\/aires-glissade\/wp-json\/wp\/v2\/pages\/3104\/revisions\/3646"}],"up":[{"embeddable":true,"href":"https:\/\/www.guides-sports-loisirs.ca\/aires-glissade\/wp-json\/wp\/v2\/pages\/3102"}],"wp:attachment":[{"href":"https:\/\/www.guides-sports-loisirs.ca\/aires-glissade\/wp-json\/wp\/v2\/media?parent=3104"}],"curies":[{"name":"wp","href":"https:\/\/api.w.org\/{rel}","templated":true}]}}