{"id":2951,"date":"2020-08-12T12:08:28","date_gmt":"2020-08-12T16:08:28","guid":{"rendered":"https:\/\/www.guides-sports-loisirs.ca\/aires-glissade\/?page_id=2951"},"modified":"2021-10-07T16:20:24","modified_gmt":"2021-10-07T20:20:24","slug":"neige-seche-et-neige-humide","status":"publish","type":"page","link":"https:\/\/www.guides-sports-loisirs.ca\/aires-glissade\/nivologie\/neige-seche-et-neige-humide\/","title":{"rendered":"Neige s\u00e8che et neige humide"},"content":{"rendered":"<div class=\"wpb-content-wrapper\"><p>[vc_row][vc_column width=\u00a0\u00bb1\/1&Prime;][vc_column_text]La <em><strong>neige s\u00e8che<\/strong><\/em> la plus connue est la neige naturelle form\u00e9e \u00e0 partir de la vapeur d\u2019eau qui se trouve \u00e0 l\u2019int\u00e9rieur des nuages. Quand l\u2019atmosph\u00e8re est satur\u00e9e de vapeur d\u2019eau, elle tombe par gravit\u00e9 par suite de l\u2019agglutinement des grains en suspension et, en l\u2019absence de vent, elle prend la forme de cristaux \u00e0 dendrites (repr\u00e9sentation classique d\u2019un flocon de neige) qui s\u2019accrochent et s\u2019entrem\u00ealent les uns aux autres. La taille de ces cristaux est plus grande que ceux constituant la neige humide.<\/p>\n<p>L\u2019\u00e9paisseur des couches est aussi plus consid\u00e9rable, affichant une densit\u00e9 et une masse volumique plus faible en raison de sa moindre <em><strong>teneur en eau liquide<\/strong><\/em> (TEL). L\u2019espace situ\u00e9 entre les cristaux est presque totalement occup\u00e9 par de l\u2019air. Situ\u00e9e en surface, elle est par cons\u00e9quent plus fragile sous l\u2019effet du vent ou du passage d\u2019une luge. Son potentiel de compaction est tr\u00e8s faible.<\/p>\n<p>C\u2019est ainsi qu\u2019une neige fra\u00eechement tomb\u00e9e sur une piste fera l\u2019envie des glisseurs. H\u00e9las, ce plaisir sera \u00e9ph\u00e9m\u00e8re en raison de la faible coh\u00e9sion entre les particules de neige, et apr\u00e8s quelques dizaines de passages, la surface de glisse aura retrouv\u00e9 rapidement son \u00e9tat initial sous-jacent.[\/vc_column_text][vc_column_text border_color=\u00a0\u00bbaccent\u00a0\u00bb border_style=\u00a0\u00bbsolid\u00a0\u00bb css=\u00a0\u00bb.vc_custom_1633637832071{margin-top: 30px !important;margin-bottom: 30px !important;padding-top: 20px !important;padding-right: 20px !important;padding-bottom: 20px !important;padding-left: 20px !important;}\u00a0\u00bb]<\/p>\n<h3>En savoir plus\u2026<\/h3>\n<p>Par la suite des m\u00e9tamorphoses continuelles se produisant \u00e0 l\u2019int\u00e9rieur du manteau neigeux, des strates de neige s\u00e8che se forment principalement sous l\u2019effet du froid qui engendre le gel ou le regel des particules d\u2019eau liquide pr\u00e9sentes dans la neige. Dans ce cas, la forme des cristaux en \u00e9toile, typique de la neige naturelle, fait place \u00e0 une forme plus petite et arrondie qui se soude \u00e0 d\u2019autres unit\u00e9s par des ponts de glace issus du gel ou du regel de la vapeur d\u2019eau pr\u00e9sente dans le manteau. Cette action d\u2019agr\u00e9gation des cristaux se nomme le frittage.<\/p>\n<p>\u00c0 partir de la neige fra\u00eeche naturelle (masse volumique = 100 kg\/m\u00b3), les couches de neige issues du frittage voient leur masse volumique augmenter jusqu\u2019\u00e0 400 kg\/m\u00b3. \u00c0 ce stade et durant la majeure partie de l\u2019hiver, les strates de neige ainsi form\u00e9es s\u2019accumulent les unes sur les autres en se compactant sous la force de la gravit\u00e9 et assurent une certaine stabilit\u00e9 aux propri\u00e9t\u00e9s physiques du couvert de neige. Ainsi se constitue le support physique des pistes.[\/vc_column_text][vc_column_text]Par sa teneur plus \u00e9lev\u00e9e en eau liquide (TEL = 2-4 %), la neige humide se distingue de la neige s\u00e8che dont la TEL se rapproche de 0 %. La <em><strong>neige humide<\/strong><\/em>, localis\u00e9e surtout en surface du couvert de neige, appara\u00eet principalement de fa\u00e7on sporadique sous l\u2019effet des conditions m\u00e9t\u00e9o et du travail m\u00e9canique sur la neige. Par exemple, la pluie ou le rayonnement solaire ont un effet n\u00e9faste sur les conditions de neige, alors que la fabrication de neige de culture et le travail des dameuses de pistes mettent \u00e0 profit cette condition particuli\u00e8re.[\/vc_column_text][vc_column_text border_color=\u00a0\u00bbaccent\u00a0\u00bb border_style=\u00a0\u00bbsolid\u00a0\u00bb css=\u00a0\u00bb.vc_custom_1633637990293{margin-top: 30px !important;margin-bottom: 30px !important;padding-top: 20px !important;padding-right: 20px !important;padding-bottom: 20px !important;padding-left: 20px !important;}\u00a0\u00bb]<\/p>\n<h3>En savoir plus\u2026<\/h3>\n<p>La masse volumique de la neige humide est sup\u00e9rieure aux 400 kg\/m\u00b3 \u00e0 l\u2019int\u00e9rieur du couvert de neige stabilis\u00e9. Sa teneur en eau liquide est de 2 \u00e0 4 %. Pass\u00e9 cette limite, la neige est dite <em><strong>mouill\u00e9e<\/strong><\/em> et ne peut \u00eatre efficacement travaill\u00e9e.<\/p>\n<p>Diff\u00e9rents ph\u00e9nom\u00e8nes contribuent \u00e0 humidifier la neige :<\/p>\n<ul>\n<li>Une temp\u00e9rature de l\u2019air sup\u00e9rieure \u00e0 0\u00baC am\u00e8nera celle de la neige autour de 0\u00baC et la fonte partielle des cristaux augmentera la TEL.<\/li>\n<li>Le ph\u00e9nom\u00e8ne de tassement de la neige par accumulation naturelle du manteau neigeux ou par compaction m\u00e9canique lib\u00e9rera de la chaleur en arrondissant la structure des cristaux. Par la suite, le regel de l\u2019eau pr\u00e9sente dans la neige assure une meilleure coh\u00e9sion entre les cristaux. Le damage des pistes a pour effet d\u2019activer ce ph\u00e9nom\u00e8ne. La compaction m\u00e9canique de l\u2019appareil humidifie la surface de la piste, qui durcit ensuite sous l\u2019effet du regel et de l\u2019amalgame des cristaux entre eux. <em><strong>C\u2019est la principale raison pour laquelle le travail de nuit, au moment o\u00f9 la temp\u00e9rature ambiante est g\u00e9n\u00e9ralement la plus basse, donne les meilleurs r\u00e9sultats<\/strong><\/em>.<\/li>\n<li>La pluie constitue \u00e9videmment un facteur important dans l\u2019humidification de la neige. Elle provoque surtout le tassement de la neige et induit les m\u00e9tamorphoses d\u00e9crites ci-dessus. En quantit\u00e9 consid\u00e9rable (saturation), elle percole \u00e0 travers le manteau en tra\u00e7ant des tunnels.<\/li>\n<li>La fabrication m\u00e9canique de neige de culture engendre la pr\u00e9sence d\u2019eau dans les grains produits. Cela est d\u00fb au gel incomplet des grains \u00e0 leur arriv\u00e9e au sol. C\u2019est pourquoi une p\u00e9riode de percolation d\u2019au moins 24 heures est n\u00e9cessaire la plupart du temps pour faciliter la mise en place de la neige sur les pistes au moyen des dameuses.<\/li>\n<\/ul>\n<p>[\/vc_column_text][\/vc_column][\/vc_row][vc_row][\/vc_row][vc_row row_height_percent=\u00a0\u00bb0&Prime; overlay_alpha=\u00a0\u00bb50&Prime; gutter_size=\u00a0\u00bb3&Prime; shift_y=\u00a0\u00bb0&Prime; css=\u00a0\u00bb.vc_custom_1569108843026{margin-bottom: 50px !important;}\u00a0\u00bb][vc_column width=\u00a0\u00bb1\/1&Prime;][vc_button button_color=\u00a0\u00bbaccent\u00a0\u00bb size=\u00a0\u00bbbtn-lg\u00a0\u00bb radius=\u00a0\u00bbbtn-circle\u00a0\u00bb border_width=\u00a0\u00bb0&Prime; link=\u00a0\u00bburl:https%3A%2F%2Fwww.guides-sports-loisirs.ca%2Faires-glissade%2Fwp-content%2Fuploads%2Fsites%2F19%2F2021%2F10%2F6.3_Nivologie_NeigeSecheEtNeigeHumide.pdf||target:%20_blank|\u00a0\u00bb icon=\u00a0\u00bbfa fa-file-o\u00a0\u00bb el_class=\u00a0\u00bbbtn-pdf\u00a0\u00bb]Version PDF[\/vc_button][\/vc_column][\/vc_row]<\/p>\n<\/div>","protected":false},"excerpt":{"rendered":"<p>[vc_row][vc_column width=\u00a0\u00bb1\/1&Prime;][vc_column_text]La neige s\u00e8che la plus connue est la neige naturelle form\u00e9e \u00e0 partir de la vapeur d\u2019eau qui se [&hellip;]<\/p>\n","protected":false},"author":11,"featured_media":0,"parent":2903,"menu_order":3,"comment_status":"closed","ping_status":"closed","template":"","meta":{"_acf_changed":false,"footnotes":""},"class_list":["post-2951","page","type-page","status-publish","hentry"],"acf":[],"yoast_head":"<!-- This site is optimized with the Yoast SEO plugin v27.4 - https:\/\/yoast.com\/product\/yoast-seo-wordpress\/ -->\n<title>Neige s\u00e8che et neige humide - Aires de glissade<\/title>\n<meta name=\"robots\" content=\"index, follow, max-snippet:-1, max-image-preview:large, max-video-preview:-1\" \/>\n<link rel=\"canonical\" href=\"https:\/\/www.guides-sports-loisirs.ca\/aires-glissade\/nivologie\/neige-seche-et-neige-humide\/\" \/>\n<meta property=\"og:locale\" content=\"fr_FR\" \/>\n<meta property=\"og:type\" content=\"article\" \/>\n<meta property=\"og:title\" content=\"Neige s\u00e8che et neige humide - Aires de glissade\" \/>\n<meta property=\"og:description\" content=\"[vc_row][vc_column width=\u00a0\u00bb1\/1&Prime;][vc_column_text]La neige s\u00e8che la plus connue est la neige naturelle form\u00e9e \u00e0 partir de la vapeur d\u2019eau qui se [&hellip;]\" \/>\n<meta property=\"og:url\" content=\"https:\/\/www.guides-sports-loisirs.ca\/aires-glissade\/nivologie\/neige-seche-et-neige-humide\/\" \/>\n<meta property=\"og:site_name\" content=\"Aires de glissade\" \/>\n<meta property=\"article:modified_time\" content=\"2021-10-07T20:20:24+00:00\" \/>\n<meta name=\"twitter:card\" content=\"summary_large_image\" \/>\n<meta name=\"twitter:label1\" content=\"Dur\u00e9e de lecture estim\u00e9e\" \/>\n\t<meta name=\"twitter:data1\" content=\"4 minutes\" \/>\n<script type=\"application\/ld+json\" class=\"yoast-schema-graph\">{\"@context\":\"https:\\\/\\\/schema.org\",\"@graph\":[{\"@type\":\"WebPage\",\"@id\":\"https:\\\/\\\/www.guides-sports-loisirs.ca\\\/aires-glissade\\\/nivologie\\\/neige-seche-et-neige-humide\\\/\",\"url\":\"https:\\\/\\\/www.guides-sports-loisirs.ca\\\/aires-glissade\\\/nivologie\\\/neige-seche-et-neige-humide\\\/\",\"name\":\"Neige s\u00e8che et neige humide - Aires de glissade\",\"isPartOf\":{\"@id\":\"https:\\\/\\\/www.guides-sports-loisirs.ca\\\/aires-glissade\\\/#website\"},\"datePublished\":\"2020-08-12T16:08:28+00:00\",\"dateModified\":\"2021-10-07T20:20:24+00:00\",\"breadcrumb\":{\"@id\":\"https:\\\/\\\/www.guides-sports-loisirs.ca\\\/aires-glissade\\\/nivologie\\\/neige-seche-et-neige-humide\\\/#breadcrumb\"},\"inLanguage\":\"fr-FR\",\"potentialAction\":[{\"@type\":\"ReadAction\",\"target\":[\"https:\\\/\\\/www.guides-sports-loisirs.ca\\\/aires-glissade\\\/nivologie\\\/neige-seche-et-neige-humide\\\/\"]}]},{\"@type\":\"BreadcrumbList\",\"@id\":\"https:\\\/\\\/www.guides-sports-loisirs.ca\\\/aires-glissade\\\/nivologie\\\/neige-seche-et-neige-humide\\\/#breadcrumb\",\"itemListElement\":[{\"@type\":\"ListItem\",\"position\":1,\"name\":\"Accueil\",\"item\":\"https:\\\/\\\/www.guides-sports-loisirs.ca\\\/aires-glissade\\\/\"},{\"@type\":\"ListItem\",\"position\":2,\"name\":\"Nivologie\",\"item\":\"https:\\\/\\\/www.guides-sports-loisirs.ca\\\/aires-glissade\\\/nivologie\\\/\"},{\"@type\":\"ListItem\",\"position\":3,\"name\":\"Neige s\u00e8che et neige humide\"}]},{\"@type\":\"WebSite\",\"@id\":\"https:\\\/\\\/www.guides-sports-loisirs.ca\\\/aires-glissade\\\/#website\",\"url\":\"https:\\\/\\\/www.guides-sports-loisirs.ca\\\/aires-glissade\\\/\",\"name\":\"Aires de glissade\",\"description\":\"Veloparcs\",\"potentialAction\":[{\"@type\":\"SearchAction\",\"target\":{\"@type\":\"EntryPoint\",\"urlTemplate\":\"https:\\\/\\\/www.guides-sports-loisirs.ca\\\/aires-glissade\\\/?s={search_term_string}\"},\"query-input\":{\"@type\":\"PropertyValueSpecification\",\"valueRequired\":true,\"valueName\":\"search_term_string\"}}],\"inLanguage\":\"fr-FR\"}]}<\/script>\n<!-- \/ Yoast SEO plugin. -->","yoast_head_json":{"title":"Neige s\u00e8che et neige humide - Aires de glissade","robots":{"index":"index","follow":"follow","max-snippet":"max-snippet:-1","max-image-preview":"max-image-preview:large","max-video-preview":"max-video-preview:-1"},"canonical":"https:\/\/www.guides-sports-loisirs.ca\/aires-glissade\/nivologie\/neige-seche-et-neige-humide\/","og_locale":"fr_FR","og_type":"article","og_title":"Neige s\u00e8che et neige humide - Aires de glissade","og_description":"[vc_row][vc_column width=\u00a0\u00bb1\/1&Prime;][vc_column_text]La neige s\u00e8che la plus connue est la neige naturelle form\u00e9e \u00e0 partir de la vapeur d\u2019eau qui se [&hellip;]","og_url":"https:\/\/www.guides-sports-loisirs.ca\/aires-glissade\/nivologie\/neige-seche-et-neige-humide\/","og_site_name":"Aires de glissade","article_modified_time":"2021-10-07T20:20:24+00:00","twitter_card":"summary_large_image","twitter_misc":{"Dur\u00e9e de lecture estim\u00e9e":"4 minutes"},"schema":{"@context":"https:\/\/schema.org","@graph":[{"@type":"WebPage","@id":"https:\/\/www.guides-sports-loisirs.ca\/aires-glissade\/nivologie\/neige-seche-et-neige-humide\/","url":"https:\/\/www.guides-sports-loisirs.ca\/aires-glissade\/nivologie\/neige-seche-et-neige-humide\/","name":"Neige s\u00e8che et neige humide - Aires de glissade","isPartOf":{"@id":"https:\/\/www.guides-sports-loisirs.ca\/aires-glissade\/#website"},"datePublished":"2020-08-12T16:08:28+00:00","dateModified":"2021-10-07T20:20:24+00:00","breadcrumb":{"@id":"https:\/\/www.guides-sports-loisirs.ca\/aires-glissade\/nivologie\/neige-seche-et-neige-humide\/#breadcrumb"},"inLanguage":"fr-FR","potentialAction":[{"@type":"ReadAction","target":["https:\/\/www.guides-sports-loisirs.ca\/aires-glissade\/nivologie\/neige-seche-et-neige-humide\/"]}]},{"@type":"BreadcrumbList","@id":"https:\/\/www.guides-sports-loisirs.ca\/aires-glissade\/nivologie\/neige-seche-et-neige-humide\/#breadcrumb","itemListElement":[{"@type":"ListItem","position":1,"name":"Accueil","item":"https:\/\/www.guides-sports-loisirs.ca\/aires-glissade\/"},{"@type":"ListItem","position":2,"name":"Nivologie","item":"https:\/\/www.guides-sports-loisirs.ca\/aires-glissade\/nivologie\/"},{"@type":"ListItem","position":3,"name":"Neige s\u00e8che et neige humide"}]},{"@type":"WebSite","@id":"https:\/\/www.guides-sports-loisirs.ca\/aires-glissade\/#website","url":"https:\/\/www.guides-sports-loisirs.ca\/aires-glissade\/","name":"Aires de glissade","description":"Veloparcs","potentialAction":[{"@type":"SearchAction","target":{"@type":"EntryPoint","urlTemplate":"https:\/\/www.guides-sports-loisirs.ca\/aires-glissade\/?s={search_term_string}"},"query-input":{"@type":"PropertyValueSpecification","valueRequired":true,"valueName":"search_term_string"}}],"inLanguage":"fr-FR"}]}},"_links":{"self":[{"href":"https:\/\/www.guides-sports-loisirs.ca\/aires-glissade\/wp-json\/wp\/v2\/pages\/2951","targetHints":{"allow":["GET"]}}],"collection":[{"href":"https:\/\/www.guides-sports-loisirs.ca\/aires-glissade\/wp-json\/wp\/v2\/pages"}],"about":[{"href":"https:\/\/www.guides-sports-loisirs.ca\/aires-glissade\/wp-json\/wp\/v2\/types\/page"}],"author":[{"embeddable":true,"href":"https:\/\/www.guides-sports-loisirs.ca\/aires-glissade\/wp-json\/wp\/v2\/users\/11"}],"replies":[{"embeddable":true,"href":"https:\/\/www.guides-sports-loisirs.ca\/aires-glissade\/wp-json\/wp\/v2\/comments?post=2951"}],"version-history":[{"count":10,"href":"https:\/\/www.guides-sports-loisirs.ca\/aires-glissade\/wp-json\/wp\/v2\/pages\/2951\/revisions"}],"predecessor-version":[{"id":3519,"href":"https:\/\/www.guides-sports-loisirs.ca\/aires-glissade\/wp-json\/wp\/v2\/pages\/2951\/revisions\/3519"}],"up":[{"embeddable":true,"href":"https:\/\/www.guides-sports-loisirs.ca\/aires-glissade\/wp-json\/wp\/v2\/pages\/2903"}],"wp:attachment":[{"href":"https:\/\/www.guides-sports-loisirs.ca\/aires-glissade\/wp-json\/wp\/v2\/media?parent=2951"}],"curies":[{"name":"wp","href":"https:\/\/api.w.org\/{rel}","templated":true}]}}