{"id":2942,"date":"2020-08-12T11:52:46","date_gmt":"2020-08-12T15:52:46","guid":{"rendered":"https:\/\/www.guides-sports-loisirs.ca\/aires-glissade\/?page_id=2942"},"modified":"2021-10-19T09:09:04","modified_gmt":"2021-10-19T13:09:04","slug":"parametres","status":"publish","type":"page","link":"https:\/\/www.guides-sports-loisirs.ca\/aires-glissade\/nivologie\/parametres\/","title":{"rendered":"Param\u00e8tres"},"content":{"rendered":"<div class=\"wpb-content-wrapper\"><p>[vc_row][vc_column width=\u00a0\u00bb1\/1&Prime;][vc_column_text]Les principaux param\u00e8tres auxquels s\u2019attarde l\u2019observation d\u2019un bloc de neige sont :<\/p>\n<ul>\n<li>La temp\u00e9rature;<\/li>\n<li>La taille et la forme des cristaux;<\/li>\n<li>La duret\u00e9;<\/li>\n<li>La masse volumique;<\/li>\n<li>La teneur en eau liquide.<\/li>\n<\/ul>\n<p>Les donn\u00e9es recueillies qui se rattachent \u00e0 ces param\u00e8tres permettent \u00e0 la fois de conna\u00eetre et comprendre les interactions qui se produisent du fond d\u2019un couvert de neige jusqu\u2019\u00e0 sa surface.[\/vc_column_text][vc_column_text border_color=\u00a0\u00bbaccent\u00a0\u00bb border_style=\u00a0\u00bbsolid\u00a0\u00bb css=\u00a0\u00bb.vc_custom_1634648941113{margin-top: 30px !important;margin-bottom: 30px !important;padding-top: 20px !important;padding-right: 20px !important;padding-bottom: 20px !important;padding-left: 20px !important;}\u00a0\u00bb]<\/p>\n<h3>En savoir plus\u2026<\/h3>\n<p><strong>Temp\u00e9rature<\/strong><br \/>\nLa temp\u00e9rature varie \u00e0 l\u2019int\u00e9rieur du manteau neigeux. Elle est stable pr\u00e8s de <span style=\"font-family: Arial;\">0<\/span>\u00baC \u00e0 sa base et se rapproche de celle de l\u2019air ambiant \u00e0 sa surface. La temp\u00e9rature influence la m\u00e9tamorphose des grains de neige ainsi que sa vitesse de transformation. Plus la temp\u00e9rature s\u2019approche de <span style=\"font-family: Arial, Helvetica, sans-serif;\">0<\/span>\u00baC, plus les transformations seront rapides.<\/p>\n<figure id=\"attachment_3514\" aria-describedby=\"caption-attachment-3514\" style=\"width: 600px\" class=\"wp-caption alignright\"><img decoding=\"async\" class=\"wp-image-3514\" src=\"https:\/\/www.guides-sports-loisirs.ca\/aires-glissade\/wp-content\/uploads\/sites\/19\/2021\/10\/6-1_neige-300x208.jpg\" alt=\"\" width=\"600\" height=\"416\" srcset=\"https:\/\/www.guides-sports-loisirs.ca\/aires-glissade\/wp-content\/uploads\/sites\/19\/2021\/10\/6-1_neige-300x208.jpg 300w, https:\/\/www.guides-sports-loisirs.ca\/aires-glissade\/wp-content\/uploads\/sites\/19\/2021\/10\/6-1_neige-1024x709.jpg 1024w, https:\/\/www.guides-sports-loisirs.ca\/aires-glissade\/wp-content\/uploads\/sites\/19\/2021\/10\/6-1_neige-768x532.jpg 768w, https:\/\/www.guides-sports-loisirs.ca\/aires-glissade\/wp-content\/uploads\/sites\/19\/2021\/10\/6-1_neige.jpg 1200w\" sizes=\"(max-width: 600px) 100vw, 600px\" \/><figcaption id=\"caption-attachment-3514\" class=\"wp-caption-text\">Source : Infografika; illustration : Dimitri Goralechev<\/figcaption><\/figure>\n<p><strong>Taille et forme des cristaux<\/strong><br \/>\nLa taille et la forme des cristaux d\u00e9pendent principalement de la temp\u00e9rature ambiante et de l\u2019humidit\u00e9 relative dans l\u2019air. Le tableau suivant illustre l\u2019\u00e9ventail des tailles et des formes que peuvent prendre les cristaux de neige naturelle fra\u00eechement tomb\u00e9e.<\/p>\n<p>Cependant, la forme des cristaux composant le manteau neigeux tend vers des formes arrondies, soud\u00e9es entre elles par des ponts de glace, r\u00e9sultant des diverses m\u00e9tamorphoses et forces de coh\u00e9sion qui s\u2019y trouvent.<\/p>\n<p><strong>Duret\u00e9<\/strong><br \/>\nLa duret\u00e9 d\u00e9pend essentiellement de la proportion de grains de neige et d\u2019air dans une couche donn\u00e9e. Une couche remplie d\u2019air procurera une r\u00e9sistance tr\u00e8s faible \u00e0 la compression. \u00c0 l\u2019inverse, un faible pourcentage d\u2019air est l\u2019indice d\u2019une forte coh\u00e9sion entre les grains et se traduit par une r\u00e9sistance accrue \u00e0 la compaction, d\u2019o\u00f9 sa duret\u00e9 apparente lorsqu\u2019on tente d\u2019y enfoncer un objet. La diff\u00e9rence de duret\u00e9 entre deux couches peut en favoriser la s\u00e9gr\u00e9gation, ph\u00e9nom\u00e8ne li\u00e9 au ph\u00e9nom\u00e8ne des avalanches. La duret\u00e9 se mesure essentiellement par des tests de compression, allant du doigt en passant par un crayon, un couteau ou des instruments plus sp\u00e9cialis\u00e9s dans les cas d\u2019\u00e9tudes quantitatives.<\/p>\n<p><strong>Masse volumique<\/strong><br \/>\nLa masse volumique repr\u00e9sente la quantit\u00e9 de neige (poids) qui se trouve dans un espace (volume) donn\u00e9. Elle s\u2019exprime en kg\/m\u00b3. Une neige fra\u00eeche naturelle aura une masse volumique oscillant autour de 50 kg\/m\u00b3 alors que les couches stabilis\u00e9es du manteau neigeux peuvent atteindre jusqu\u2019\u00e0 450 kg\/m\u00b3. La neige fabriqu\u00e9e poss\u00e8de une masse volumique variant entre 400 et 600 kg\/m\u00b3.<\/p>\n<p style=\"text-align: center;\"><strong>Veuillez noter qu\u2019il ne faut pas confondre le terme<\/strong><br \/>\n<strong>de la densit\u00e9 par rapport \u00e0 la masse volumique.<\/strong><\/p>\n<p>On associe souvent le terme <em><strong>densit\u00e9<\/strong><\/em> \u00e0 la notion de masse volumique, en relation avec la densit\u00e9 de l\u2019eau liquide. Ainsi la densit\u00e9 de l\u2019eau repr\u00e9sente l\u2019unit\u00e9 (valeur = 1) avec une masse volumique de presque 1000 kg\/m\u00b3 (999,75 kg\/m\u00b3 \u00e0 4\u00baC, sa valeur maximale). Si la densit\u00e9 de l\u2019eau est 1, celle de la glace est 0,9 et celle de la neige stabilis\u00e9e avoisine 0,4.<\/p>\n<p><strong>Teneur en eau liquide (TEL)<\/strong><br \/>\nLa teneur en eau liquide volumique se d\u00e9finit comme le rapport de la masse de l\u2019eau pr\u00e9sente dans la neige avec le volume d\u2019un bloc de neige donn\u00e9.<\/p>\n<p>Masse d\u2019eau liquide\/volume total de la neige = TEL volumique (exprim\u00e9e en %)<\/p>\n<p>S\u2019il n\u2019y a quasiment pas d\u2019eau dans un volume de neige donn\u00e9, soit une teneur en eau liquide proche de 0 %, la neige est dite <em><strong>s\u00e8che<\/strong><\/em>. Difficilement pr\u00e9hensible, cette neige ne permet pas de former des boules de neige.<\/p>\n<p>Avec une teneur en eau liquide inf\u00e9rieure \u00e0 2 %, la neige produite est consid\u00e9r\u00e9e comme <em><strong>peu humide<\/strong><\/em>. Elle autorise la formation de boules de neige par compression et retrouve son apparence initiale apr\u00e8s fragmentation.<\/p>\n<p>Avec une teneur en eau liquide comprise entre 2 et 4 %, la neige est dite <em><strong>humide<\/strong><\/em>. Elle permet la formation de boules de neige sans retour possible \u00e0 l\u2019\u00e9tat initial apr\u00e8s fragmentation.<\/p>\n<p>Enfin, avec une teneur en eau liquide sup\u00e9rieure \u00e0 4 %, la neige est dite <em><strong>mouill\u00e9e<\/strong><\/em>. Une boule de neige form\u00e9e prend la couleur de la glace, elle ne se fragmente pas et de nombreuses gouttelettes apparaissent pendant la compression. L\u2019augmentation graduelle de la TEL transformera la neige mouill\u00e9e en sloche.[\/vc_column_text][\/vc_column][\/vc_row][vc_row][\/vc_row][vc_row row_height_percent=\u00a0\u00bb0&Prime; overlay_alpha=\u00a0\u00bb50&Prime; gutter_size=\u00a0\u00bb3&Prime; shift_y=\u00a0\u00bb0&Prime; css=\u00a0\u00bb.vc_custom_1569108843026{margin-bottom: 50px !important;}\u00a0\u00bb][vc_column width=\u00a0\u00bb1\/1&Prime;][vc_button button_color=\u00a0\u00bbaccent\u00a0\u00bb size=\u00a0\u00bbbtn-lg\u00a0\u00bb radius=\u00a0\u00bbbtn-circle\u00a0\u00bb border_width=\u00a0\u00bb0&Prime; link=\u00a0\u00bburl:https%3A%2F%2Fwww.guides-sports-loisirs.ca%2Faires-glissade%2Fwp-content%2Fuploads%2Fsites%2F19%2F2021%2F10%2F6.2_Nivologie_Parametres.pdf||target:%20_blank|\u00a0\u00bb icon=\u00a0\u00bbfa fa-file-o\u00a0\u00bb el_class=\u00a0\u00bbbtn-pdf\u00a0\u00bb]Version PDF[\/vc_button][\/vc_column][\/vc_row]<\/p>\n<\/div>","protected":false},"excerpt":{"rendered":"<p>[vc_row][vc_column width=\u00a0\u00bb1\/1&Prime;][vc_column_text]Les principaux param\u00e8tres auxquels s\u2019attarde l\u2019observation d\u2019un bloc de neige sont : La temp\u00e9rature; La taille et la forme [&hellip;]<\/p>\n","protected":false},"author":11,"featured_media":0,"parent":2903,"menu_order":2,"comment_status":"closed","ping_status":"closed","template":"","meta":{"_acf_changed":false,"footnotes":""},"class_list":["post-2942","page","type-page","status-publish","hentry"],"acf":[],"yoast_head":"<!-- This site is optimized with the Yoast SEO plugin v27.4 - https:\/\/yoast.com\/product\/yoast-seo-wordpress\/ -->\n<title>Param\u00e8tres - Aires de glissade<\/title>\n<meta name=\"robots\" content=\"index, follow, max-snippet:-1, max-image-preview:large, max-video-preview:-1\" \/>\n<link rel=\"canonical\" href=\"https:\/\/www.guides-sports-loisirs.ca\/aires-glissade\/nivologie\/parametres\/\" \/>\n<meta property=\"og:locale\" content=\"fr_FR\" \/>\n<meta property=\"og:type\" content=\"article\" \/>\n<meta property=\"og:title\" content=\"Param\u00e8tres - Aires de glissade\" \/>\n<meta property=\"og:description\" content=\"[vc_row][vc_column width=\u00a0\u00bb1\/1&Prime;][vc_column_text]Les principaux param\u00e8tres auxquels s\u2019attarde l\u2019observation d\u2019un bloc de neige sont : La temp\u00e9rature; La taille et la forme [&hellip;]\" \/>\n<meta property=\"og:url\" content=\"https:\/\/www.guides-sports-loisirs.ca\/aires-glissade\/nivologie\/parametres\/\" \/>\n<meta property=\"og:site_name\" content=\"Aires de glissade\" \/>\n<meta property=\"article:modified_time\" content=\"2021-10-19T13:09:04+00:00\" \/>\n<meta property=\"og:image\" content=\"https:\/\/www.guides-sports-loisirs.ca\/aires-glissade\/wp-content\/uploads\/sites\/19\/2021\/10\/6-1_neige-300x208.jpg\" \/>\n<meta name=\"twitter:card\" content=\"summary_large_image\" \/>\n<meta name=\"twitter:label1\" content=\"Dur\u00e9e de lecture estim\u00e9e\" \/>\n\t<meta name=\"twitter:data1\" content=\"4 minutes\" \/>\n<script type=\"application\/ld+json\" class=\"yoast-schema-graph\">{\"@context\":\"https:\\\/\\\/schema.org\",\"@graph\":[{\"@type\":\"WebPage\",\"@id\":\"https:\\\/\\\/www.guides-sports-loisirs.ca\\\/aires-glissade\\\/nivologie\\\/parametres\\\/\",\"url\":\"https:\\\/\\\/www.guides-sports-loisirs.ca\\\/aires-glissade\\\/nivologie\\\/parametres\\\/\",\"name\":\"Param\u00e8tres - Aires de glissade\",\"isPartOf\":{\"@id\":\"https:\\\/\\\/www.guides-sports-loisirs.ca\\\/aires-glissade\\\/#website\"},\"primaryImageOfPage\":{\"@id\":\"https:\\\/\\\/www.guides-sports-loisirs.ca\\\/aires-glissade\\\/nivologie\\\/parametres\\\/#primaryimage\"},\"image\":{\"@id\":\"https:\\\/\\\/www.guides-sports-loisirs.ca\\\/aires-glissade\\\/nivologie\\\/parametres\\\/#primaryimage\"},\"thumbnailUrl\":\"https:\\\/\\\/www.guides-sports-loisirs.ca\\\/aires-glissade\\\/wp-content\\\/uploads\\\/sites\\\/19\\\/2021\\\/10\\\/6-1_neige-300x208.jpg\",\"datePublished\":\"2020-08-12T15:52:46+00:00\",\"dateModified\":\"2021-10-19T13:09:04+00:00\",\"breadcrumb\":{\"@id\":\"https:\\\/\\\/www.guides-sports-loisirs.ca\\\/aires-glissade\\\/nivologie\\\/parametres\\\/#breadcrumb\"},\"inLanguage\":\"fr-FR\",\"potentialAction\":[{\"@type\":\"ReadAction\",\"target\":[\"https:\\\/\\\/www.guides-sports-loisirs.ca\\\/aires-glissade\\\/nivologie\\\/parametres\\\/\"]}]},{\"@type\":\"ImageObject\",\"inLanguage\":\"fr-FR\",\"@id\":\"https:\\\/\\\/www.guides-sports-loisirs.ca\\\/aires-glissade\\\/nivologie\\\/parametres\\\/#primaryimage\",\"url\":\"https:\\\/\\\/www.guides-sports-loisirs.ca\\\/aires-glissade\\\/wp-content\\\/uploads\\\/sites\\\/19\\\/2021\\\/10\\\/6-1_neige.jpg\",\"contentUrl\":\"https:\\\/\\\/www.guides-sports-loisirs.ca\\\/aires-glissade\\\/wp-content\\\/uploads\\\/sites\\\/19\\\/2021\\\/10\\\/6-1_neige.jpg\",\"width\":1200,\"height\":831},{\"@type\":\"BreadcrumbList\",\"@id\":\"https:\\\/\\\/www.guides-sports-loisirs.ca\\\/aires-glissade\\\/nivologie\\\/parametres\\\/#breadcrumb\",\"itemListElement\":[{\"@type\":\"ListItem\",\"position\":1,\"name\":\"Accueil\",\"item\":\"https:\\\/\\\/www.guides-sports-loisirs.ca\\\/aires-glissade\\\/\"},{\"@type\":\"ListItem\",\"position\":2,\"name\":\"Nivologie\",\"item\":\"https:\\\/\\\/www.guides-sports-loisirs.ca\\\/aires-glissade\\\/nivologie\\\/\"},{\"@type\":\"ListItem\",\"position\":3,\"name\":\"Param\u00e8tres\"}]},{\"@type\":\"WebSite\",\"@id\":\"https:\\\/\\\/www.guides-sports-loisirs.ca\\\/aires-glissade\\\/#website\",\"url\":\"https:\\\/\\\/www.guides-sports-loisirs.ca\\\/aires-glissade\\\/\",\"name\":\"Aires de glissade\",\"description\":\"Veloparcs\",\"potentialAction\":[{\"@type\":\"SearchAction\",\"target\":{\"@type\":\"EntryPoint\",\"urlTemplate\":\"https:\\\/\\\/www.guides-sports-loisirs.ca\\\/aires-glissade\\\/?s={search_term_string}\"},\"query-input\":{\"@type\":\"PropertyValueSpecification\",\"valueRequired\":true,\"valueName\":\"search_term_string\"}}],\"inLanguage\":\"fr-FR\"}]}<\/script>\n<!-- \/ Yoast SEO plugin. -->","yoast_head_json":{"title":"Param\u00e8tres - Aires de glissade","robots":{"index":"index","follow":"follow","max-snippet":"max-snippet:-1","max-image-preview":"max-image-preview:large","max-video-preview":"max-video-preview:-1"},"canonical":"https:\/\/www.guides-sports-loisirs.ca\/aires-glissade\/nivologie\/parametres\/","og_locale":"fr_FR","og_type":"article","og_title":"Param\u00e8tres - Aires de glissade","og_description":"[vc_row][vc_column width=\u00a0\u00bb1\/1&Prime;][vc_column_text]Les principaux param\u00e8tres auxquels s\u2019attarde l\u2019observation d\u2019un bloc de neige sont : La temp\u00e9rature; La taille et la forme [&hellip;]","og_url":"https:\/\/www.guides-sports-loisirs.ca\/aires-glissade\/nivologie\/parametres\/","og_site_name":"Aires de glissade","article_modified_time":"2021-10-19T13:09:04+00:00","og_image":[{"url":"https:\/\/www.guides-sports-loisirs.ca\/aires-glissade\/wp-content\/uploads\/sites\/19\/2021\/10\/6-1_neige-300x208.jpg","type":"","width":"","height":""}],"twitter_card":"summary_large_image","twitter_misc":{"Dur\u00e9e de lecture estim\u00e9e":"4 minutes"},"schema":{"@context":"https:\/\/schema.org","@graph":[{"@type":"WebPage","@id":"https:\/\/www.guides-sports-loisirs.ca\/aires-glissade\/nivologie\/parametres\/","url":"https:\/\/www.guides-sports-loisirs.ca\/aires-glissade\/nivologie\/parametres\/","name":"Param\u00e8tres - Aires de glissade","isPartOf":{"@id":"https:\/\/www.guides-sports-loisirs.ca\/aires-glissade\/#website"},"primaryImageOfPage":{"@id":"https:\/\/www.guides-sports-loisirs.ca\/aires-glissade\/nivologie\/parametres\/#primaryimage"},"image":{"@id":"https:\/\/www.guides-sports-loisirs.ca\/aires-glissade\/nivologie\/parametres\/#primaryimage"},"thumbnailUrl":"https:\/\/www.guides-sports-loisirs.ca\/aires-glissade\/wp-content\/uploads\/sites\/19\/2021\/10\/6-1_neige-300x208.jpg","datePublished":"2020-08-12T15:52:46+00:00","dateModified":"2021-10-19T13:09:04+00:00","breadcrumb":{"@id":"https:\/\/www.guides-sports-loisirs.ca\/aires-glissade\/nivologie\/parametres\/#breadcrumb"},"inLanguage":"fr-FR","potentialAction":[{"@type":"ReadAction","target":["https:\/\/www.guides-sports-loisirs.ca\/aires-glissade\/nivologie\/parametres\/"]}]},{"@type":"ImageObject","inLanguage":"fr-FR","@id":"https:\/\/www.guides-sports-loisirs.ca\/aires-glissade\/nivologie\/parametres\/#primaryimage","url":"https:\/\/www.guides-sports-loisirs.ca\/aires-glissade\/wp-content\/uploads\/sites\/19\/2021\/10\/6-1_neige.jpg","contentUrl":"https:\/\/www.guides-sports-loisirs.ca\/aires-glissade\/wp-content\/uploads\/sites\/19\/2021\/10\/6-1_neige.jpg","width":1200,"height":831},{"@type":"BreadcrumbList","@id":"https:\/\/www.guides-sports-loisirs.ca\/aires-glissade\/nivologie\/parametres\/#breadcrumb","itemListElement":[{"@type":"ListItem","position":1,"name":"Accueil","item":"https:\/\/www.guides-sports-loisirs.ca\/aires-glissade\/"},{"@type":"ListItem","position":2,"name":"Nivologie","item":"https:\/\/www.guides-sports-loisirs.ca\/aires-glissade\/nivologie\/"},{"@type":"ListItem","position":3,"name":"Param\u00e8tres"}]},{"@type":"WebSite","@id":"https:\/\/www.guides-sports-loisirs.ca\/aires-glissade\/#website","url":"https:\/\/www.guides-sports-loisirs.ca\/aires-glissade\/","name":"Aires de glissade","description":"Veloparcs","potentialAction":[{"@type":"SearchAction","target":{"@type":"EntryPoint","urlTemplate":"https:\/\/www.guides-sports-loisirs.ca\/aires-glissade\/?s={search_term_string}"},"query-input":{"@type":"PropertyValueSpecification","valueRequired":true,"valueName":"search_term_string"}}],"inLanguage":"fr-FR"}]}},"_links":{"self":[{"href":"https:\/\/www.guides-sports-loisirs.ca\/aires-glissade\/wp-json\/wp\/v2\/pages\/2942","targetHints":{"allow":["GET"]}}],"collection":[{"href":"https:\/\/www.guides-sports-loisirs.ca\/aires-glissade\/wp-json\/wp\/v2\/pages"}],"about":[{"href":"https:\/\/www.guides-sports-loisirs.ca\/aires-glissade\/wp-json\/wp\/v2\/types\/page"}],"author":[{"embeddable":true,"href":"https:\/\/www.guides-sports-loisirs.ca\/aires-glissade\/wp-json\/wp\/v2\/users\/11"}],"replies":[{"embeddable":true,"href":"https:\/\/www.guides-sports-loisirs.ca\/aires-glissade\/wp-json\/wp\/v2\/comments?post=2942"}],"version-history":[{"count":11,"href":"https:\/\/www.guides-sports-loisirs.ca\/aires-glissade\/wp-json\/wp\/v2\/pages\/2942\/revisions"}],"predecessor-version":[{"id":3636,"href":"https:\/\/www.guides-sports-loisirs.ca\/aires-glissade\/wp-json\/wp\/v2\/pages\/2942\/revisions\/3636"}],"up":[{"embeddable":true,"href":"https:\/\/www.guides-sports-loisirs.ca\/aires-glissade\/wp-json\/wp\/v2\/pages\/2903"}],"wp:attachment":[{"href":"https:\/\/www.guides-sports-loisirs.ca\/aires-glissade\/wp-json\/wp\/v2\/media?parent=2942"}],"curies":[{"name":"wp","href":"https:\/\/api.w.org\/{rel}","templated":true}]}}