{"id":2293,"date":"2020-08-10T14:00:07","date_gmt":"2020-08-10T18:00:07","guid":{"rendered":"https:\/\/www.guides-sports-loisirs.ca\/aires-glissade\/?page_id=2293"},"modified":"2022-02-04T18:26:28","modified_gmt":"2022-02-04T23:26:28","slug":"politique-de-gestion","status":"publish","type":"page","link":"https:\/\/www.guides-sports-loisirs.ca\/aires-glissade\/exploitation\/politique-de-gestion\/","title":{"rendered":"Politique de gestion"},"content":{"rendered":"<div class=\"wpb-content-wrapper\"><p>[vc_row][vc_column width=\u00a0\u00bb1\/1&Prime;][vc_column_text]La politique de gestion est la pierre d\u2019assise sur laquelle repose l\u2019organisation et la gestion des op\u00e9rations. Elle se fonde sur les orientations et politiques plus g\u00e9n\u00e9rales de la municipalit\u00e9 en ce qui concerne la gestion des propri\u00e9t\u00e9s et \u00e9quipements publics, ainsi que des lieux que fr\u00e9quente la population \u00e0 des fins de loisir (comme les parcs). Elle expose d\u2019embl\u00e9e la vision de la municipalit\u00e9 en mati\u00e8re de loisir public, ax\u00e9e sur la participation et le plaisir d\u2019activit\u00e9s saines en plein air, pratiqu\u00e9es en toute s\u00e9curit\u00e9.<\/p>\n<p>La politique de gestion fera une place pr\u00e9pond\u00e9rante \u00e0 la <em><strong>s\u00e9curit\u00e9<\/strong><\/em>, \u00e0 la <em><strong>r\u00e9glementation<\/strong><\/em> et \u00e0 la <em><strong>surveillance<\/strong><\/em>.[\/vc_column_text][vc_accordion active_tab=\u00a0\u00bb0&Prime;][vc_accordion_tab title=\u00a0\u00bbS\u00e9curit\u00e9\u00a0\u00bb tab_id=\u00a0\u00bb6276aae1-c341-4&Prime;][vc_column_text]Il est fortement recommand\u00e9 de tenir un registre de v\u00e9rifications quotidiennes (<a href=\"https:\/\/www.guides-sports-loisirs.ca\/aires-glissade\/annexes\/annexe-c-exemple-de-rapport-dinspection-quotidienne\/\"><em>voir Annexe C<\/em><\/a>).<\/p>\n<p>Tant \u00e0 l\u2019ouverture du site que pendant la p\u00e9riode d\u2019activit\u00e9s, les inspections devraient porter sur les points suivants :<\/p>\n<ul>\n<li><strong>Signalisation<\/strong> : s\u2019assurer que tous les panneaux sont en place, visibles et bien fix\u00e9s. Il est important d\u2019indiquer sur le panneau des directives les informations qui s\u2019appliquent aux mesures d\u2019urgence en cas d\u2019accident et de bris d\u2019\u00e9quipement (voir l\u2019exemple d\u2019affiche sous l&rsquo;onglet <a href=\"https:\/\/www.guides-sports-loisirs.ca\/aires-glissade\/wp-content\/uploads\/sites\/19\/2021\/10\/5-1_example.jpg\" target=\"_blank\" rel=\"noopener noreferrer\">UN MOD\u00c8LE<\/a>).<\/li>\n<li><strong>Acc\u00e8s, rampes et all\u00e9es de circulation<\/strong> : doivent \u00eatre d\u00e9gag\u00e9s et procurer une bonne traction en tout temps.<\/li>\n<li><strong>Zones de glissade<\/strong> : aucun objet ou obstacle ne doit s\u2019y trouver.<\/li>\n<li><strong>Qualit\u00e9 de la neige<\/strong> (\u00e0 afficher sur un panneau bien en vue) et plan\u00e9it\u00e9 des surfaces de glissade.<\/li>\n<li><strong>Escaliers<\/strong> : toutes les composantes doivent \u00eatre bien fix\u00e9es et d\u00e9gag\u00e9es de tout obstacle, les marches doivent assurer une bonne traction.<\/li>\n<li><strong>B\u00e2timents<\/strong> : acc\u00e8s, aires communes et mobilier bien d\u00e9gag\u00e9. Luminaires fonctionnels et en quantit\u00e9 suffisante. Sanitaires fonctionnels et nettoy\u00e9s r\u00e9guli\u00e8rement.<\/li>\n<li><strong>Zones \u00e0 acc\u00e8s limit\u00e9<\/strong> : verrouill\u00e9es en tout temps.<\/li>\n<li><strong>Zones de circulation<\/strong> : d\u00e9gag\u00e9es pour offrir une capacit\u00e9 de traction s\u00e9curitaire.<\/li>\n<\/ul>\n<p>[\/vc_column_text][vc_column_text border_color=\u00a0\u00bbaccent\u00a0\u00bb border_style=\u00a0\u00bbsolid\u00a0\u00bb css=\u00a0\u00bb.vc_custom_1633622120177{margin-top: 30px !important;margin-bottom: 30px !important;padding-top: 20px !important;padding-right: 20px !important;padding-bottom: 20px !important;padding-left: 20px !important;}\u00a0\u00bb]<\/p>\n<p style=\"text-align: center;\">M\u00eame en l\u2019absence de pr\u00e9cipitations de neige, les aires de circulation tant int\u00e9rieures qu\u2019ext\u00e9rieures se couvrent de gadoue r\u00e9sultant de l\u2019accumulation des particules de neige qui se d\u00e9tachent constamment des bottes ou des engins de glissade des utilisateurs. Ces r\u00e9sidus s\u2019humidifient sous l\u2019action r\u00e9p\u00e9t\u00e9e du pi\u00e9tinement et accentuent les risques de faux pas et de chutes. De l\u00e0 l\u2019importance de nettoyer r\u00e9guli\u00e8rement ces lieux de passage.<\/p>\n<p>[\/vc_column_text][\/vc_accordion_tab][vc_accordion_tab title=\u00a0\u00bbR\u00e9glementation\u00a0\u00bb tab_id=\u00a0\u00bb1633622125136-1-0&Prime;][vc_column_text]La r\u00e9glementation poursuit plusieurs objectifs : assurer la s\u00e9curit\u00e9 bien s\u00fbr, mais aussi permettre aux glisseurs de vivre une exp\u00e9rience de loisir \u00e0 la fois plaisante et enrichissante, et maintenir le niveau de qualit\u00e9 des services et des installations. La r\u00e9glementation doit naturellement \u00eatre conforme au cadre l\u00e9gislatif plus vaste dans lequel fonctionne la municipalit\u00e9 (voir la <em>Loi sur les cit\u00e9s et villes<\/em> et <em>Loi sur les comp\u00e9tences municipales<\/em>).<\/p>\n<p>Les r\u00e8glements, directives ou recommandations, doivent \u00eatre connus de ceux et celles auxquels ils s\u2019adressent. Il est essentiel qu\u2019ils soient pr\u00e9sent\u00e9s sur le site m\u00eame, en plus d\u2019\u00eatre diffus\u00e9s par divers moyens de communication (affiches dans les \u00e9coles, publication dans la page Facebook de la municipalit\u00e9, brochure explicative, etc.).<\/p>\n<p>Le mat\u00e9riel \u00e0 cet effet doit \u00eatre pr\u00e9par\u00e9 avant la saison. Il peut comprendre des panneaux ou des affiches \u00e0 installer sur le site, mais aussi un syst\u00e8me de signalisation sous forme de pictogrammes qui montrent ce qui est permis ou interdit, ou comment il faut se comporter.<\/p>\n<div style=\"display: flex; width: 100%; gap: 20px; justify-content: left; align-items: center;\">\n<p style=\"margin: 0;\"><img decoding=\"async\" class=\"alignnone size-full wp-image-3671\" src=\"https:\/\/www.guides-sports-loisirs.ca\/aires-glissade\/wp-content\/uploads\/sites\/19\/2022\/02\/image_2022-02-02_114053.png\" alt=\"\" width=\"322\" height=\"216\" srcset=\"https:\/\/www.guides-sports-loisirs.ca\/aires-glissade\/wp-content\/uploads\/sites\/19\/2022\/02\/image_2022-02-02_114053.png 322w, https:\/\/www.guides-sports-loisirs.ca\/aires-glissade\/wp-content\/uploads\/sites\/19\/2022\/02\/image_2022-02-02_114053-300x201.png 300w\" sizes=\"(max-width: 322px) 100vw, 322px\" \/><\/p>\n<div style=\"display: flex; align-items: center; flex-direction: column;\">\n<p style=\"margin: 0;\"><img decoding=\"async\" class=\"alignnone size-full wp-image-3672\" src=\"https:\/\/www.guides-sports-loisirs.ca\/aires-glissade\/wp-content\/uploads\/sites\/19\/2022\/02\/g1672.png\" alt=\"\" width=\"107\" height=\"107\" \/><\/p>\n<p style=\"text-align: center; font-size: 1.2em; line-height: 1em; max-width: 155px; margin: 0;\"><strong>Le port du casque est fortement recommand\u00e9 pour les enfants<\/strong><\/p>\n<\/div>\n<\/div>\n<p>Voici quelques \u00e9nonc\u00e9s dont on peut s\u2019inspirer pour formuler des r\u00e8glements, des directives ou des recommandations (voir l\u2019exemple d\u2019affiche sous l&rsquo;onglet <a href=\"https:\/\/www.guides-sports-loisirs.ca\/aires-glissade\/wp-content\/uploads\/sites\/19\/2021\/10\/5-1_example.jpg\" target=\"_blank\" rel=\"noopener noreferrer\">UN MOD\u00c8LE<\/a>) :<\/p>\n<ul>\n<li>Veuillez prendre note que la pratique de cette activit\u00e9 comporte des risques.<\/li>\n<li>Il est strictement interdit d\u2019apporter des contenants de verre sur le site, ainsi que d\u2019y consommer de l\u2019alcool ou des substances illicites.<\/li>\n<li>Le site est interdit aux enfants de moins de 6 ans non accompagn\u00e9s d\u2019une personne responsable.<\/li>\n<li>Les chiens ne sont pas admis sur le site.<\/li>\n<li>La supervision des parents est fortement recommand\u00e9e pour les enfants de moins de 12 ans.<\/li>\n<li>Il est interdit d\u2019utiliser le site en dehors de l\u2019horaire suivant : (pr\u00e9ciser les heures et journ\u00e9es d\u2019ouverture).<\/li>\n<li>En cas d\u2019urgence ou d\u2019accident, appelez imm\u00e9diatement au (num\u00e9ro de t\u00e9l\u00e9phone). Le t\u00e9l\u00e9phone le plus proche se trouve \u00e0 (nom de l\u2019emplacement ou pictogramme).<\/li>\n<li>En cas de dommage \u00e0 une piste, veuillez aviser un surveillant ou le service des loisirs de la municipalit\u00e9 \u00e0 (adresse Internet et t\u00e9l\u00e9phone).<\/li>\n<li>Toute personne qui ne respectera pas les r\u00e8glements mentionn\u00e9s ci-dessus pourra \u00eatre expuls\u00e9e du site.<\/li>\n<\/ul>\n<p>[\/vc_column_text][\/vc_accordion_tab][vc_accordion_tab title=\u00a0\u00bbCode de conduite des glisseurs\u00a0\u00bb tab_id=\u00a0\u00bb1633622353747-2-3&Prime;][vc_column_text]Le <em><strong>Code de conduite<\/strong><\/em> des glisseurs contient des \u00e9nonc\u00e9s qui se rapportent principalement \u00e0 leur comportement. Voici quelques consignes pouvant inspirer la r\u00e9daction d\u2019un code de conduite.<\/p>\n<p>&nbsp;<\/p>\n<h3>Comportement<\/h3>\n<ul>\n<li>Les engins de glissade doivent s\u2019engager sur la piste un seul \u00e0 la fois. S\u2019il est permis de glisser en groupe \u00e0 bord d\u2019un engin, toutes les personnes du groupe doivent se tenir lors de la descente.<\/li>\n<li>Respectez la capacit\u00e9 des engins (nombre de passagers maximum) indiqu\u00e9e par le fabricant.<\/li>\n<li>Attendez que le bas de la piste se lib\u00e8re avant de glisser.<\/li>\n<li>Ne glissez jamais t\u00eate premi\u00e8re.<\/li>\n<li>Durant la glissade, gardez les pieds et les mains dans l\u2019engin de glissade.<\/li>\n<li>Conservez la ma\u00eetrise de votre vitesse et de votre direction.<\/li>\n<li>Sortez du bas de la pente le plus rapidement possible.<\/li>\n<li>Empruntez exclusivement l\u2019endroit d\u00e9sign\u00e9 pour remonter.<\/li>\n<li>Si vous \u00eates impliqu\u00e9 dans un accident ou en \u00eates t\u00e9moin, demeurez sur les lieux et pr\u00e9sentez-vous \u00e0 un secouriste.<\/li>\n<li>N\u2019utilisez pas les pistes si vous \u00eates sous l\u2019effet de l\u2019alcool ou d\u2019une substance illicite.<\/li>\n<li>Respectez les consignes lors des interventions d\u2019entretien.<\/li>\n<li>Respectez la signalisation et les avertissements.<\/li>\n<\/ul>\n<p>[\/vc_column_text][vc_empty_space empty_h=\u00a0\u00bb2&Prime;][vc_single_image media=\u00a0\u00bb3468&Prime; media_width_percent=\u00a0\u00bb100&Prime;][\/vc_accordion_tab][vc_accordion_tab title=\u00a0\u00bbR\u00e9glementation s\u2019appliquant aux engins de glissade\u00a0\u00bb tab_id=\u00a0\u00bb1633628419191-3-2&Prime;][vc_column_text]L\u2019engin de glissade doit \u00eatre suffisamment grand pour que les pieds et les mains soient prot\u00e9g\u00e9s et tout engin de glissade devrait \u00eatre facile \u00e0 transporter par un enfant.<\/p>\n<p>Certains \u00e9quipements peuvent \u00eatre interdits pour des raisons de s\u00e9curit\u00e9. Toutefois, selon l\u2019\u00e9tat de la pente, les conditions m\u00e9t\u00e9o ou l\u2019\u00e2ge des usagers, l\u2019interdiction peut s\u2019appliquer \u00e0 un groupe ou \u00e0 un moment pr\u00e9cis. Ces restrictions n\u00e9cessitent une surveillance plus grande. Le tableau qui suit peut servir de r\u00e9f\u00e9rence et pourrait \u00eatre affich\u00e9 sur les lieux.[\/vc_column_text][vc_empty_space empty_h=\u00a0\u00bb2&Prime;][vc_single_image media=\u00a0\u00bb3470&Prime; media_lightbox=\u00a0\u00bbyes\u00a0\u00bb media_width_use_pixel=\u00a0\u00bbyes\u00a0\u00bb alignment=\u00a0\u00bbcenter\u00a0\u00bb shadow=\u00a0\u00bbyes\u00a0\u00bb shadow_weight=\u00a0\u00bbstd\u00a0\u00bb media_width_pixel=\u00a0\u00bb600&Prime;][vc_column_text border_color=\u00a0\u00bbaccent\u00a0\u00bb border_style=\u00a0\u00bbsolid\u00a0\u00bb css=\u00a0\u00bb.vc_custom_1633628640798{margin-top: 30px !important;margin-bottom: 30px !important;padding-top: 20px !important;padding-right: 20px !important;padding-bottom: 20px !important;padding-left: 20px !important;}\u00a0\u00bb]<\/p>\n<p style=\"text-align: center;\"><strong>Le plaisir et la s\u00e9curit\u00e9 de la glissade vont au-del\u00e0 de l\u2019usage d\u2019une pente pour glisser. Un apprentissage des bons comportements et de l\u2019usage des \u00e9quipements ad\u00e9quats est important.<\/strong><\/p>\n<p>[\/vc_column_text][\/vc_accordion_tab][vc_accordion_tab title=\u00a0\u00bbUn mod\u00e8le\u00a0\u00bb tab_id=\u00a0\u00bb1633628648467-4-10&Prime;][vc_column_text]Voici un mod\u00e8le de r\u00e9glementation con\u00e7u par la Mutuelle des municipalit\u00e9s du Qu\u00e9bec (MMQ), qui illustre bien les aspects \u00e0 privil\u00e9gier pour attirer l\u2019attention des glisseurs :[\/vc_column_text][vc_empty_space empty_h=\u00a0\u00bb2&Prime;][vc_single_image media=\u00a0\u00bb3471&Prime; media_lightbox=\u00a0\u00bbyes\u00a0\u00bb media_width_use_pixel=\u00a0\u00bbyes\u00a0\u00bb alignment=\u00a0\u00bbcenter\u00a0\u00bb shadow=\u00a0\u00bbyes\u00a0\u00bb shadow_weight=\u00a0\u00bbstd\u00a0\u00bb media_width_pixel=\u00a0\u00bb600&Prime; el_id=\u00a0\u00bbmodele\u00a0\u00bb][\/vc_accordion_tab][vc_accordion_tab title=\u00a0\u00bbSurveillance\u00a0\u00bb tab_id=\u00a0\u00bb1633628806663-5-5&Prime;][vc_column_text]La pr\u00e9sence de surveillants sur un site de glissade n\u2019est pas obligatoire. Toutefois, certaines observations ou certaines situations pourraient indiquer que la pr\u00e9sence de surveillants \u00e0 des moments donn\u00e9s pourrait \u00eatre utile. Voici quelques facteurs pouvant inciter le gestionnaire d\u2019une aire de glissade \u00e0 instaurer ou renforcer un dispositif de surveillance :<\/p>\n<ul>\n<li>Fr\u00e9quence d\u2019accidents;<\/li>\n<li>Plaintes d\u2019usagers;<\/li>\n<li>Vandalisme;<\/li>\n<li>Surcharge du site (achalandage au-del\u00e0 de la capacit\u00e9 d\u2019accueil);<\/li>\n<li>Comportements discutables (malpropret\u00e9, langage, manques de respect, etc.).<\/li>\n<\/ul>\n<p>Voici quelques question qu\u2019un gestionnaire d\u2019aire de glissade pourrait se poser pour assurer la surveillance la plus appropri\u00e9e et pr\u00e9venir les situations probl\u00e9matiques :<\/p>\n<ul>\n<li>Faut-il des pr\u00e9pos\u00e9s \u00e0 l\u2019accueil?<\/li>\n<li>Faut-il des pr\u00e9pos\u00e9s au stationnement?<\/li>\n<li>Les b\u00e2timents n\u00e9cessitent-ils la pr\u00e9sence d\u2019un personnel surveillant ou de secours? Si c\u2019est le cas,<br \/>\n&#8211; Combien d\u2019employ\u00e9s faudrait-il?<br \/>\n&#8211; Quelles devraient \u00eatre leurs qualifications et leur exp\u00e9rience?<\/li>\n<li>Quelle devrait \u00eatre la fr\u00e9quence d\u2019entretien de l\u2019aire de glissade ?<\/li>\n<li>L\u2019\u00e9clairage est-il suffisant?<\/li>\n<li>La signalisation est-elle suffisante?<\/li>\n<li>Les zones sont-elles bien d\u00e9finies?<\/li>\n<\/ul>\n<p>[\/vc_column_text][\/vc_accordion_tab][\/vc_accordion][vc_raw_html]JTNDaWZyYW1lJTIwdGl0bGUlM0QlMjJTJUMzJUE5Y3VyaXQlQzMlQTklMjIlMjBzcmMlM0QlMjJodHRwcyUzQSUyRiUyRnBsYXllci52aW1lby5jb20lMkZ2aWRlbyUyRjYzNjQ5MTg1MiUzRmglM0Q2YTkwNTczZGRmJTIyJTIwd2lkdGglM0QlMjI2NDAlMjIlMjBoZWlnaHQlM0QlMjIzOTUlMjIlMjBmcmFtZWJvcmRlciUzRCUyMjAlMjIlMjBhbGxvd2Z1bGxzY3JlZW4lM0UlM0MlMkZpZnJhbWUlM0U=[\/vc_raw_html][\/vc_column][\/vc_row][vc_row][\/vc_row][vc_row row_height_percent=\u00a0\u00bb0&Prime; overlay_alpha=\u00a0\u00bb50&Prime; gutter_size=\u00a0\u00bb3&Prime; shift_y=\u00a0\u00bb0&Prime; css=\u00a0\u00bb.vc_custom_1569108716255{margin-bottom: 50px !important;}\u00a0\u00bb][vc_column width=\u00a0\u00bb1\/1&Prime;][vc_button button_color=\u00a0\u00bbaccent\u00a0\u00bb size=\u00a0\u00bbbtn-lg\u00a0\u00bb radius=\u00a0\u00bbbtn-circle\u00a0\u00bb border_width=\u00a0\u00bb0&Prime; link=\u00a0\u00bburl:https%3A%2F%2Fwww.guides-sports-loisirs.ca%2Faires-glissade%2Fwp-content%2Fuploads%2Fsites%2F19%2F2022%2F02%2F5.1_Exploitation_PolitiqueGestion.pdf||target:%20_blank|\u00a0\u00bb icon=\u00a0\u00bbfa fa-file-o\u00a0\u00bb el_class=\u00a0\u00bbbtn-pdf\u00a0\u00bb]Version PDF[\/vc_button][\/vc_column][\/vc_row]<\/p>\n<\/div>","protected":false},"excerpt":{"rendered":"<p>[vc_row][vc_column width=\u00a0\u00bb1\/1&Prime;][vc_column_text]La politique de gestion est la pierre d\u2019assise sur laquelle repose l\u2019organisation et la gestion des op\u00e9rations. Elle se [&hellip;]<\/p>\n","protected":false},"author":11,"featured_media":0,"parent":2278,"menu_order":23,"comment_status":"closed","ping_status":"closed","template":"","meta":{"_acf_changed":false,"footnotes":""},"class_list":["post-2293","page","type-page","status-publish","hentry"],"acf":[],"yoast_head":"<!-- This site is optimized with the Yoast SEO plugin v27.4 - https:\/\/yoast.com\/product\/yoast-seo-wordpress\/ -->\n<title>Politique de gestion - Aires de glissade<\/title>\n<meta name=\"robots\" content=\"index, follow, max-snippet:-1, max-image-preview:large, max-video-preview:-1\" \/>\n<link rel=\"canonical\" href=\"https:\/\/www.guides-sports-loisirs.ca\/aires-glissade\/exploitation\/politique-de-gestion\/\" \/>\n<meta property=\"og:locale\" content=\"fr_FR\" \/>\n<meta property=\"og:type\" content=\"article\" \/>\n<meta property=\"og:title\" content=\"Politique de gestion - Aires de glissade\" \/>\n<meta property=\"og:description\" content=\"[vc_row][vc_column width=\u00a0\u00bb1\/1&Prime;][vc_column_text]La politique de gestion est la pierre d\u2019assise sur laquelle repose l\u2019organisation et la gestion des op\u00e9rations. Elle se [&hellip;]\" \/>\n<meta property=\"og:url\" content=\"https:\/\/www.guides-sports-loisirs.ca\/aires-glissade\/exploitation\/politique-de-gestion\/\" \/>\n<meta property=\"og:site_name\" content=\"Aires de glissade\" \/>\n<meta property=\"article:modified_time\" content=\"2022-02-04T23:26:28+00:00\" \/>\n<meta property=\"og:image\" content=\"https:\/\/www.guides-sports-loisirs.ca\/aires-glissade\/wp-content\/uploads\/sites\/19\/2022\/02\/image_2022-02-02_114053.png\" \/>\n<meta name=\"twitter:card\" content=\"summary_large_image\" \/>\n<meta name=\"twitter:label1\" content=\"Dur\u00e9e de lecture estim\u00e9e\" \/>\n\t<meta name=\"twitter:data1\" content=\"6 minutes\" \/>\n<script type=\"application\/ld+json\" class=\"yoast-schema-graph\">{\"@context\":\"https:\\\/\\\/schema.org\",\"@graph\":[{\"@type\":\"WebPage\",\"@id\":\"https:\\\/\\\/www.guides-sports-loisirs.ca\\\/aires-glissade\\\/exploitation\\\/politique-de-gestion\\\/\",\"url\":\"https:\\\/\\\/www.guides-sports-loisirs.ca\\\/aires-glissade\\\/exploitation\\\/politique-de-gestion\\\/\",\"name\":\"Politique de gestion - Aires de glissade\",\"isPartOf\":{\"@id\":\"https:\\\/\\\/www.guides-sports-loisirs.ca\\\/aires-glissade\\\/#website\"},\"primaryImageOfPage\":{\"@id\":\"https:\\\/\\\/www.guides-sports-loisirs.ca\\\/aires-glissade\\\/exploitation\\\/politique-de-gestion\\\/#primaryimage\"},\"image\":{\"@id\":\"https:\\\/\\\/www.guides-sports-loisirs.ca\\\/aires-glissade\\\/exploitation\\\/politique-de-gestion\\\/#primaryimage\"},\"thumbnailUrl\":\"https:\\\/\\\/www.guides-sports-loisirs.ca\\\/aires-glissade\\\/wp-content\\\/uploads\\\/sites\\\/19\\\/2022\\\/02\\\/image_2022-02-02_114053.png\",\"datePublished\":\"2020-08-10T18:00:07+00:00\",\"dateModified\":\"2022-02-04T23:26:28+00:00\",\"breadcrumb\":{\"@id\":\"https:\\\/\\\/www.guides-sports-loisirs.ca\\\/aires-glissade\\\/exploitation\\\/politique-de-gestion\\\/#breadcrumb\"},\"inLanguage\":\"fr-FR\",\"potentialAction\":[{\"@type\":\"ReadAction\",\"target\":[\"https:\\\/\\\/www.guides-sports-loisirs.ca\\\/aires-glissade\\\/exploitation\\\/politique-de-gestion\\\/\"]}]},{\"@type\":\"ImageObject\",\"inLanguage\":\"fr-FR\",\"@id\":\"https:\\\/\\\/www.guides-sports-loisirs.ca\\\/aires-glissade\\\/exploitation\\\/politique-de-gestion\\\/#primaryimage\",\"url\":\"https:\\\/\\\/www.guides-sports-loisirs.ca\\\/aires-glissade\\\/wp-content\\\/uploads\\\/sites\\\/19\\\/2022\\\/02\\\/image_2022-02-02_114053.png\",\"contentUrl\":\"https:\\\/\\\/www.guides-sports-loisirs.ca\\\/aires-glissade\\\/wp-content\\\/uploads\\\/sites\\\/19\\\/2022\\\/02\\\/image_2022-02-02_114053.png\",\"width\":322,\"height\":216},{\"@type\":\"BreadcrumbList\",\"@id\":\"https:\\\/\\\/www.guides-sports-loisirs.ca\\\/aires-glissade\\\/exploitation\\\/politique-de-gestion\\\/#breadcrumb\",\"itemListElement\":[{\"@type\":\"ListItem\",\"position\":1,\"name\":\"Accueil\",\"item\":\"https:\\\/\\\/www.guides-sports-loisirs.ca\\\/aires-glissade\\\/\"},{\"@type\":\"ListItem\",\"position\":2,\"name\":\"Exploitation\",\"item\":\"https:\\\/\\\/www.guides-sports-loisirs.ca\\\/aires-glissade\\\/exploitation\\\/\"},{\"@type\":\"ListItem\",\"position\":3,\"name\":\"Politique de gestion\"}]},{\"@type\":\"WebSite\",\"@id\":\"https:\\\/\\\/www.guides-sports-loisirs.ca\\\/aires-glissade\\\/#website\",\"url\":\"https:\\\/\\\/www.guides-sports-loisirs.ca\\\/aires-glissade\\\/\",\"name\":\"Aires de glissade\",\"description\":\"Veloparcs\",\"potentialAction\":[{\"@type\":\"SearchAction\",\"target\":{\"@type\":\"EntryPoint\",\"urlTemplate\":\"https:\\\/\\\/www.guides-sports-loisirs.ca\\\/aires-glissade\\\/?s={search_term_string}\"},\"query-input\":{\"@type\":\"PropertyValueSpecification\",\"valueRequired\":true,\"valueName\":\"search_term_string\"}}],\"inLanguage\":\"fr-FR\"}]}<\/script>\n<!-- \/ Yoast SEO plugin. -->","yoast_head_json":{"title":"Politique de gestion - Aires de glissade","robots":{"index":"index","follow":"follow","max-snippet":"max-snippet:-1","max-image-preview":"max-image-preview:large","max-video-preview":"max-video-preview:-1"},"canonical":"https:\/\/www.guides-sports-loisirs.ca\/aires-glissade\/exploitation\/politique-de-gestion\/","og_locale":"fr_FR","og_type":"article","og_title":"Politique de gestion - Aires de glissade","og_description":"[vc_row][vc_column width=\u00a0\u00bb1\/1&Prime;][vc_column_text]La politique de gestion est la pierre d\u2019assise sur laquelle repose l\u2019organisation et la gestion des op\u00e9rations. Elle se [&hellip;]","og_url":"https:\/\/www.guides-sports-loisirs.ca\/aires-glissade\/exploitation\/politique-de-gestion\/","og_site_name":"Aires de glissade","article_modified_time":"2022-02-04T23:26:28+00:00","og_image":[{"url":"https:\/\/www.guides-sports-loisirs.ca\/aires-glissade\/wp-content\/uploads\/sites\/19\/2022\/02\/image_2022-02-02_114053.png","type":"","width":"","height":""}],"twitter_card":"summary_large_image","twitter_misc":{"Dur\u00e9e de lecture estim\u00e9e":"6 minutes"},"schema":{"@context":"https:\/\/schema.org","@graph":[{"@type":"WebPage","@id":"https:\/\/www.guides-sports-loisirs.ca\/aires-glissade\/exploitation\/politique-de-gestion\/","url":"https:\/\/www.guides-sports-loisirs.ca\/aires-glissade\/exploitation\/politique-de-gestion\/","name":"Politique de gestion - Aires de glissade","isPartOf":{"@id":"https:\/\/www.guides-sports-loisirs.ca\/aires-glissade\/#website"},"primaryImageOfPage":{"@id":"https:\/\/www.guides-sports-loisirs.ca\/aires-glissade\/exploitation\/politique-de-gestion\/#primaryimage"},"image":{"@id":"https:\/\/www.guides-sports-loisirs.ca\/aires-glissade\/exploitation\/politique-de-gestion\/#primaryimage"},"thumbnailUrl":"https:\/\/www.guides-sports-loisirs.ca\/aires-glissade\/wp-content\/uploads\/sites\/19\/2022\/02\/image_2022-02-02_114053.png","datePublished":"2020-08-10T18:00:07+00:00","dateModified":"2022-02-04T23:26:28+00:00","breadcrumb":{"@id":"https:\/\/www.guides-sports-loisirs.ca\/aires-glissade\/exploitation\/politique-de-gestion\/#breadcrumb"},"inLanguage":"fr-FR","potentialAction":[{"@type":"ReadAction","target":["https:\/\/www.guides-sports-loisirs.ca\/aires-glissade\/exploitation\/politique-de-gestion\/"]}]},{"@type":"ImageObject","inLanguage":"fr-FR","@id":"https:\/\/www.guides-sports-loisirs.ca\/aires-glissade\/exploitation\/politique-de-gestion\/#primaryimage","url":"https:\/\/www.guides-sports-loisirs.ca\/aires-glissade\/wp-content\/uploads\/sites\/19\/2022\/02\/image_2022-02-02_114053.png","contentUrl":"https:\/\/www.guides-sports-loisirs.ca\/aires-glissade\/wp-content\/uploads\/sites\/19\/2022\/02\/image_2022-02-02_114053.png","width":322,"height":216},{"@type":"BreadcrumbList","@id":"https:\/\/www.guides-sports-loisirs.ca\/aires-glissade\/exploitation\/politique-de-gestion\/#breadcrumb","itemListElement":[{"@type":"ListItem","position":1,"name":"Accueil","item":"https:\/\/www.guides-sports-loisirs.ca\/aires-glissade\/"},{"@type":"ListItem","position":2,"name":"Exploitation","item":"https:\/\/www.guides-sports-loisirs.ca\/aires-glissade\/exploitation\/"},{"@type":"ListItem","position":3,"name":"Politique de gestion"}]},{"@type":"WebSite","@id":"https:\/\/www.guides-sports-loisirs.ca\/aires-glissade\/#website","url":"https:\/\/www.guides-sports-loisirs.ca\/aires-glissade\/","name":"Aires de glissade","description":"Veloparcs","potentialAction":[{"@type":"SearchAction","target":{"@type":"EntryPoint","urlTemplate":"https:\/\/www.guides-sports-loisirs.ca\/aires-glissade\/?s={search_term_string}"},"query-input":{"@type":"PropertyValueSpecification","valueRequired":true,"valueName":"search_term_string"}}],"inLanguage":"fr-FR"}]}},"_links":{"self":[{"href":"https:\/\/www.guides-sports-loisirs.ca\/aires-glissade\/wp-json\/wp\/v2\/pages\/2293","targetHints":{"allow":["GET"]}}],"collection":[{"href":"https:\/\/www.guides-sports-loisirs.ca\/aires-glissade\/wp-json\/wp\/v2\/pages"}],"about":[{"href":"https:\/\/www.guides-sports-loisirs.ca\/aires-glissade\/wp-json\/wp\/v2\/types\/page"}],"author":[{"embeddable":true,"href":"https:\/\/www.guides-sports-loisirs.ca\/aires-glissade\/wp-json\/wp\/v2\/users\/11"}],"replies":[{"embeddable":true,"href":"https:\/\/www.guides-sports-loisirs.ca\/aires-glissade\/wp-json\/wp\/v2\/comments?post=2293"}],"version-history":[{"count":54,"href":"https:\/\/www.guides-sports-loisirs.ca\/aires-glissade\/wp-json\/wp\/v2\/pages\/2293\/revisions"}],"predecessor-version":[{"id":3678,"href":"https:\/\/www.guides-sports-loisirs.ca\/aires-glissade\/wp-json\/wp\/v2\/pages\/2293\/revisions\/3678"}],"up":[{"embeddable":true,"href":"https:\/\/www.guides-sports-loisirs.ca\/aires-glissade\/wp-json\/wp\/v2\/pages\/2278"}],"wp:attachment":[{"href":"https:\/\/www.guides-sports-loisirs.ca\/aires-glissade\/wp-json\/wp\/v2\/media?parent=2293"}],"curies":[{"name":"wp","href":"https:\/\/api.w.org\/{rel}","templated":true}]}}