{"id":2018,"date":"2020-08-10T11:11:07","date_gmt":"2020-08-10T15:11:07","guid":{"rendered":"https:\/\/www.guides-sports-loisirs.ca\/aires-glissade\/?page_id=2018"},"modified":"2021-10-18T15:09:18","modified_gmt":"2021-10-18T19:09:18","slug":"quantifier-et-qualifier-les-besoins","status":"publish","type":"page","link":"https:\/\/www.guides-sports-loisirs.ca\/aires-glissade\/planification\/quantifier-et-qualifier-les-besoins\/","title":{"rendered":"Quantifier et qualifier les besoins"},"content":{"rendered":"<div class=\"wpb-content-wrapper\"><p>[vc_row][vc_column width=\u00a0\u00bb1\/1&Prime;][vc_column_text]Cette \u00e9tape consiste \u00e0 \u00e9valuer les besoins des utilisateurs, l\u2019\u00e9tat actuel des aires de glissade et les ressources aff\u00e9rentes, et \u00e0 fixer le type d\u2019aire de glissade qui r\u00e9pondrait le mieux aux besoins \u00e0 partir des crit\u00e8res mentionn\u00e9s pr\u00e9c\u00e9demment ainsi que sa capacit\u00e9 d\u2019accueil.<\/p>\n<p>Il est primordial de savoir pourquoi on d\u00e9sire am\u00e9nager un tel site. Les besoins doivent \u00eatre d\u00e9termin\u00e9s quantitativement, qualitativement et dans la dur\u00e9e.<\/p>\n<p>Quantitativement parlant, il importe de conna\u00eetre le nombre de pratiquants potentiels, non seulement \u00e0 l\u2019int\u00e9rieur de la municipalit\u00e9 ou du quartier, mais aussi dans les municipalit\u00e9s ou les quartiers environnants.<\/p>\n<p><em><strong>L\u2019\u00e9valuation quantitative<\/strong><\/em> des besoins peut se faire en ayant recours aux m\u00e9thodes suivantes :<\/p>\n<ul>\n<li>Une analyse des donn\u00e9es d\u00e9mographiques de Statistique Canada permet d\u2019\u00e9valuer le nombre d\u2019enfants et de familles susceptibles d\u2019utiliser l\u2019aire de glissade, actuellement et dans un avenir rapproch\u00e9.<\/li>\n<li>On peut observer ce qui se passe sur des sites de glissade analogues pour \u00e9valuer la fr\u00e9quentation et, parfois, sur les pentes m\u00eames du site \u00e0 am\u00e9nager.<\/li>\n<li>La consultation des citoyens par sondage ou au moyen de groupes de discussion permet aussi de conna\u00eetre l\u2019int\u00e9r\u00eat pour ce type d\u2019am\u00e9nagement.<\/li>\n<\/ul>\n<p>Comme l\u2019architecte qui rencontre une famille pour conna\u00eetre ses besoins et ses comportements avant d\u2019\u00e9tablir la volum\u00e9trie et les pi\u00e8ces d\u2019une maison, le gestionnaire d\u2019une aire de glissade devra conna\u00eetre les attentes et habitudes des usagers. Le profil qualitatif des besoins permet de concevoir les zones (attente et repos, services, accessoires) et d\u2019\u00e9tablir les principes de gestion qui guideront les op\u00e9rations.<\/p>\n<p><em><strong>L\u2019\u00e9valuation qualitative<\/strong><\/em> peut s\u2019effectuer \u00e0 partir :<\/p>\n<ul>\n<li>Des ressources humaines et mat\u00e9rielles disponibles pour assurer l\u2019exploitation d\u2019un site;<\/li>\n<li>De l\u2019inclinaison des pentes permettant de classer les pistes;<\/li>\n<li>Des services offerts sur un site;<\/li>\n<li>Des infrastructures de proximit\u00e9 disponibles.<\/li>\n<\/ul>\n<p>Il est important d\u2019incorporer les r\u00e9sultats de ces recherches dans le portrait d\u2019ensemble de l\u2019offre g\u00e9n\u00e9rale de loisir de la communaut\u00e9. On pourra ainsi soupeser le poids relatif d\u2019une aire de glissade dans l\u2019offre globale de loisir de la municipalit\u00e9 et mieux r\u00e9pondre aux interrogations \u00e9ventuelles qui pourraient surgir tout au long de la r\u00e9alisation du projet.[\/vc_column_text][\/vc_column][\/vc_row][vc_row][\/vc_row][vc_row row_height_percent=\u00a0\u00bb0&Prime; overlay_alpha=\u00a0\u00bb50&Prime; gutter_size=\u00a0\u00bb3&Prime; shift_y=\u00a0\u00bb0&Prime; css=\u00a0\u00bb.vc_custom_1569108843026{margin-bottom: 50px !important;}\u00a0\u00bb][vc_column width=\u00a0\u00bb1\/1&Prime;][vc_button button_color=\u00a0\u00bbaccent\u00a0\u00bb size=\u00a0\u00bbbtn-lg\u00a0\u00bb radius=\u00a0\u00bbbtn-circle\u00a0\u00bb border_width=\u00a0\u00bb0&Prime; link=\u00a0\u00bburl:https%3A%2F%2Fwww.guides-sports-loisirs.ca%2Faires-glissade%2Fwp-content%2Fuploads%2Fsites%2F19%2F2021%2F10%2F3.1_Planification_QuantifierQualifierBesoins.pdf||target:%20_blank|\u00a0\u00bb icon=\u00a0\u00bbfa fa-file-o\u00a0\u00bb el_class=\u00a0\u00bbbtn-pdf\u00a0\u00bb]Version PDF[\/vc_button][\/vc_column][\/vc_row]<\/p>\n<\/div>","protected":false},"excerpt":{"rendered":"<p>[vc_row][vc_column width=\u00a0\u00bb1\/1&Prime;][vc_column_text]Cette \u00e9tape consiste \u00e0 \u00e9valuer les besoins des utilisateurs, l\u2019\u00e9tat actuel des aires de glissade et les ressources aff\u00e9rentes, [&hellip;]<\/p>\n","protected":false},"author":11,"featured_media":0,"parent":2016,"menu_order":10,"comment_status":"closed","ping_status":"closed","template":"","meta":{"_acf_changed":false,"footnotes":""},"class_list":["post-2018","page","type-page","status-publish","hentry"],"acf":[],"yoast_head":"<!-- This site is optimized with the Yoast SEO plugin v27.4 - https:\/\/yoast.com\/product\/yoast-seo-wordpress\/ -->\n<title>Quantifier et qualifier les besoins - Aires de glissade<\/title>\n<meta name=\"robots\" content=\"index, follow, max-snippet:-1, max-image-preview:large, max-video-preview:-1\" \/>\n<link rel=\"canonical\" href=\"https:\/\/www.guides-sports-loisirs.ca\/aires-glissade\/planification\/quantifier-et-qualifier-les-besoins\/\" \/>\n<meta property=\"og:locale\" content=\"fr_FR\" \/>\n<meta property=\"og:type\" content=\"article\" \/>\n<meta property=\"og:title\" content=\"Quantifier et qualifier les besoins - Aires de glissade\" \/>\n<meta property=\"og:description\" content=\"[vc_row][vc_column width=\u00a0\u00bb1\/1&Prime;][vc_column_text]Cette \u00e9tape consiste \u00e0 \u00e9valuer les besoins des utilisateurs, l\u2019\u00e9tat actuel des aires de glissade et les ressources aff\u00e9rentes, [&hellip;]\" \/>\n<meta property=\"og:url\" content=\"https:\/\/www.guides-sports-loisirs.ca\/aires-glissade\/planification\/quantifier-et-qualifier-les-besoins\/\" \/>\n<meta property=\"og:site_name\" content=\"Aires de glissade\" \/>\n<meta property=\"article:modified_time\" content=\"2021-10-18T19:09:18+00:00\" \/>\n<meta name=\"twitter:card\" content=\"summary_large_image\" \/>\n<meta name=\"twitter:label1\" content=\"Dur\u00e9e de lecture estim\u00e9e\" \/>\n\t<meta name=\"twitter:data1\" content=\"2 minutes\" \/>\n<script type=\"application\/ld+json\" class=\"yoast-schema-graph\">{\"@context\":\"https:\\\/\\\/schema.org\",\"@graph\":[{\"@type\":\"WebPage\",\"@id\":\"https:\\\/\\\/www.guides-sports-loisirs.ca\\\/aires-glissade\\\/planification\\\/quantifier-et-qualifier-les-besoins\\\/\",\"url\":\"https:\\\/\\\/www.guides-sports-loisirs.ca\\\/aires-glissade\\\/planification\\\/quantifier-et-qualifier-les-besoins\\\/\",\"name\":\"Quantifier et qualifier les besoins - Aires de glissade\",\"isPartOf\":{\"@id\":\"https:\\\/\\\/www.guides-sports-loisirs.ca\\\/aires-glissade\\\/#website\"},\"datePublished\":\"2020-08-10T15:11:07+00:00\",\"dateModified\":\"2021-10-18T19:09:18+00:00\",\"breadcrumb\":{\"@id\":\"https:\\\/\\\/www.guides-sports-loisirs.ca\\\/aires-glissade\\\/planification\\\/quantifier-et-qualifier-les-besoins\\\/#breadcrumb\"},\"inLanguage\":\"fr-FR\",\"potentialAction\":[{\"@type\":\"ReadAction\",\"target\":[\"https:\\\/\\\/www.guides-sports-loisirs.ca\\\/aires-glissade\\\/planification\\\/quantifier-et-qualifier-les-besoins\\\/\"]}]},{\"@type\":\"BreadcrumbList\",\"@id\":\"https:\\\/\\\/www.guides-sports-loisirs.ca\\\/aires-glissade\\\/planification\\\/quantifier-et-qualifier-les-besoins\\\/#breadcrumb\",\"itemListElement\":[{\"@type\":\"ListItem\",\"position\":1,\"name\":\"Accueil\",\"item\":\"https:\\\/\\\/www.guides-sports-loisirs.ca\\\/aires-glissade\\\/\"},{\"@type\":\"ListItem\",\"position\":2,\"name\":\"Planification\",\"item\":\"https:\\\/\\\/www.guides-sports-loisirs.ca\\\/aires-glissade\\\/planification\\\/\"},{\"@type\":\"ListItem\",\"position\":3,\"name\":\"Quantifier et qualifier les besoins\"}]},{\"@type\":\"WebSite\",\"@id\":\"https:\\\/\\\/www.guides-sports-loisirs.ca\\\/aires-glissade\\\/#website\",\"url\":\"https:\\\/\\\/www.guides-sports-loisirs.ca\\\/aires-glissade\\\/\",\"name\":\"Aires de glissade\",\"description\":\"Veloparcs\",\"potentialAction\":[{\"@type\":\"SearchAction\",\"target\":{\"@type\":\"EntryPoint\",\"urlTemplate\":\"https:\\\/\\\/www.guides-sports-loisirs.ca\\\/aires-glissade\\\/?s={search_term_string}\"},\"query-input\":{\"@type\":\"PropertyValueSpecification\",\"valueRequired\":true,\"valueName\":\"search_term_string\"}}],\"inLanguage\":\"fr-FR\"}]}<\/script>\n<!-- \/ Yoast SEO plugin. -->","yoast_head_json":{"title":"Quantifier et qualifier les besoins - Aires de glissade","robots":{"index":"index","follow":"follow","max-snippet":"max-snippet:-1","max-image-preview":"max-image-preview:large","max-video-preview":"max-video-preview:-1"},"canonical":"https:\/\/www.guides-sports-loisirs.ca\/aires-glissade\/planification\/quantifier-et-qualifier-les-besoins\/","og_locale":"fr_FR","og_type":"article","og_title":"Quantifier et qualifier les besoins - Aires de glissade","og_description":"[vc_row][vc_column width=\u00a0\u00bb1\/1&Prime;][vc_column_text]Cette \u00e9tape consiste \u00e0 \u00e9valuer les besoins des utilisateurs, l\u2019\u00e9tat actuel des aires de glissade et les ressources aff\u00e9rentes, [&hellip;]","og_url":"https:\/\/www.guides-sports-loisirs.ca\/aires-glissade\/planification\/quantifier-et-qualifier-les-besoins\/","og_site_name":"Aires de glissade","article_modified_time":"2021-10-18T19:09:18+00:00","twitter_card":"summary_large_image","twitter_misc":{"Dur\u00e9e de lecture estim\u00e9e":"2 minutes"},"schema":{"@context":"https:\/\/schema.org","@graph":[{"@type":"WebPage","@id":"https:\/\/www.guides-sports-loisirs.ca\/aires-glissade\/planification\/quantifier-et-qualifier-les-besoins\/","url":"https:\/\/www.guides-sports-loisirs.ca\/aires-glissade\/planification\/quantifier-et-qualifier-les-besoins\/","name":"Quantifier et qualifier les besoins - Aires de glissade","isPartOf":{"@id":"https:\/\/www.guides-sports-loisirs.ca\/aires-glissade\/#website"},"datePublished":"2020-08-10T15:11:07+00:00","dateModified":"2021-10-18T19:09:18+00:00","breadcrumb":{"@id":"https:\/\/www.guides-sports-loisirs.ca\/aires-glissade\/planification\/quantifier-et-qualifier-les-besoins\/#breadcrumb"},"inLanguage":"fr-FR","potentialAction":[{"@type":"ReadAction","target":["https:\/\/www.guides-sports-loisirs.ca\/aires-glissade\/planification\/quantifier-et-qualifier-les-besoins\/"]}]},{"@type":"BreadcrumbList","@id":"https:\/\/www.guides-sports-loisirs.ca\/aires-glissade\/planification\/quantifier-et-qualifier-les-besoins\/#breadcrumb","itemListElement":[{"@type":"ListItem","position":1,"name":"Accueil","item":"https:\/\/www.guides-sports-loisirs.ca\/aires-glissade\/"},{"@type":"ListItem","position":2,"name":"Planification","item":"https:\/\/www.guides-sports-loisirs.ca\/aires-glissade\/planification\/"},{"@type":"ListItem","position":3,"name":"Quantifier et qualifier les besoins"}]},{"@type":"WebSite","@id":"https:\/\/www.guides-sports-loisirs.ca\/aires-glissade\/#website","url":"https:\/\/www.guides-sports-loisirs.ca\/aires-glissade\/","name":"Aires de glissade","description":"Veloparcs","potentialAction":[{"@type":"SearchAction","target":{"@type":"EntryPoint","urlTemplate":"https:\/\/www.guides-sports-loisirs.ca\/aires-glissade\/?s={search_term_string}"},"query-input":{"@type":"PropertyValueSpecification","valueRequired":true,"valueName":"search_term_string"}}],"inLanguage":"fr-FR"}]}},"_links":{"self":[{"href":"https:\/\/www.guides-sports-loisirs.ca\/aires-glissade\/wp-json\/wp\/v2\/pages\/2018","targetHints":{"allow":["GET"]}}],"collection":[{"href":"https:\/\/www.guides-sports-loisirs.ca\/aires-glissade\/wp-json\/wp\/v2\/pages"}],"about":[{"href":"https:\/\/www.guides-sports-loisirs.ca\/aires-glissade\/wp-json\/wp\/v2\/types\/page"}],"author":[{"embeddable":true,"href":"https:\/\/www.guides-sports-loisirs.ca\/aires-glissade\/wp-json\/wp\/v2\/users\/11"}],"replies":[{"embeddable":true,"href":"https:\/\/www.guides-sports-loisirs.ca\/aires-glissade\/wp-json\/wp\/v2\/comments?post=2018"}],"version-history":[{"count":18,"href":"https:\/\/www.guides-sports-loisirs.ca\/aires-glissade\/wp-json\/wp\/v2\/pages\/2018\/revisions"}],"predecessor-version":[{"id":3610,"href":"https:\/\/www.guides-sports-loisirs.ca\/aires-glissade\/wp-json\/wp\/v2\/pages\/2018\/revisions\/3610"}],"up":[{"embeddable":true,"href":"https:\/\/www.guides-sports-loisirs.ca\/aires-glissade\/wp-json\/wp\/v2\/pages\/2016"}],"wp:attachment":[{"href":"https:\/\/www.guides-sports-loisirs.ca\/aires-glissade\/wp-json\/wp\/v2\/media?parent=2018"}],"curies":[{"name":"wp","href":"https:\/\/api.w.org\/{rel}","templated":true}]}}