{"id":2016,"date":"2020-08-10T11:00:45","date_gmt":"2020-08-10T15:00:45","guid":{"rendered":"https:\/\/www.guides-sports-loisirs.ca\/aires-glissade\/?page_id=2016"},"modified":"2021-10-08T13:57:40","modified_gmt":"2021-10-08T17:57:40","slug":"planification","status":"publish","type":"page","link":"https:\/\/www.guides-sports-loisirs.ca\/aires-glissade\/planification\/","title":{"rendered":"Planification"},"content":{"rendered":"<div class=\"wpb-content-wrapper\"><p>[vc_row row_height_percent=\u00a0\u00bb0&Prime; overlay_alpha=\u00a0\u00bb50&Prime; gutter_size=\u00a0\u00bb3&Prime; shift_y=\u00a0\u00bb0&Prime; css=\u00a0\u00bb.vc_custom_1569207013456{margin-top: 40px !important;margin-bottom: 50px !important;}\u00a0\u00bb][vc_column width=\u00a0\u00bb1\/1&Prime;][vc_row_inner row_inner_height_percent=\u00a0\u00bb0&Prime; overlay_alpha=\u00a0\u00bb50&Prime; gutter_size=\u00a0\u00bb3&Prime; shift_y=\u00a0\u00bb0&Prime;][vc_column_inner column_width_percent=\u00a0\u00bb100&Prime; gutter_size=\u00a0\u00bb0&Prime; override_padding=\u00a0\u00bbyes\u00a0\u00bb column_padding=\u00a0\u00bb0&Prime; back_color=\u00a0\u00bbcolor-xsdn\u00a0\u00bb overlay_alpha=\u00a0\u00bb50&Prime; shift_x=\u00a0\u00bb0&Prime; shift_y=\u00a0\u00bb0&Prime; z_index=\u00a0\u00bb0&Prime; medium_width=\u00a0\u00bb0&Prime; width=\u00a0\u00bb1\/4&Prime; el_class=\u00a0\u00bbbox-menu\u00a0\u00bb link_to=\u00a0\u00bb|||\u00a0\u00bb][vc_custom_heading heading_semantic=\u00a0\u00bbh3&Prime; text_size=\u00a0\u00bbh3&Prime; text_weight=\u00a0\u00bb700&Prime; text_color=\u00a0\u00bbcolor-xsdn\u00a0\u00bb el_class=\u00a0\u00bbtitre\u00a0\u00bb]QUANTIFIER ET QUALIFIER LES BESOINS[\/vc_custom_heading][vc_column_text el_class=\u00a0\u00bbtexte\u00a0\u00bb]Cette \u00e9tape consiste \u00e0 \u00e9valuer les besoins des utilisateurs, l\u2019\u00e9tat actuel des aires de glissade et les ressources aff\u00e9rentes, et \u00e0 fixer le type d\u2019aire de glissade qui r\u00e9pondrait le mieux aux besoins \u00e0 partir des crit\u00e8res mentionn\u00e9s pr\u00e9c\u00e9demment ainsi que sa capacit\u00e9 d\u2019accueil.[\/vc_column_text][vc_separator sep_color=\u00a0\u00bbcolor-193714&Prime; el_width=\u00a0\u00bb100%\u00a0\u00bb el_height=\u00a0\u00bb1px\u00a0\u00bb][vc_column_text el_class=\u00a0\u00bblien\u00a0\u00bb]<a href=\"https:\/\/www.guides-sports-loisirs.ca\/aires-glissade\/planification\/quantifier-et-qualifier-les-besoins\/\">En savoir plus<\/a><img decoding=\"async\" class=\"alignnone wp-image-3574 size-full\" src=\"https:\/\/www.guides-sports-loisirs.ca\/aires-glissade\/wp-content\/uploads\/sites\/19\/2021\/10\/icone_lire-plus.png\" alt=\"\" width=\"22\" height=\"21\" \/>[\/vc_column_text][vc_separator sep_color=\u00a0\u00bbcolor-193714&Prime; el_width=\u00a0\u00bb100%\u00a0\u00bb el_height=\u00a0\u00bb1px\u00a0\u00bb][vc_column_text el_class=\u00a0\u00bblien\u00a0\u00bb]<a href=\"https:\/\/www.guides-sports-loisirs.ca\/aires-glissade\/wp-content\/uploads\/sites\/19\/2021\/10\/3.1_Planification_QuantifierQualifierBesoins.pdf\" target=\"_blank\" rel=\"noopener noreferrer\">T\u00e9l\u00e9charger le PDF<\/a><img decoding=\"async\" class=\"alignnone wp-image-3575 size-full\" src=\"https:\/\/www.guides-sports-loisirs.ca\/aires-glissade\/wp-content\/uploads\/sites\/19\/2021\/10\/icone_pdf.png\" alt=\"\" width=\"18\" height=\"22\" \/>[\/vc_column_text][\/vc_column_inner][vc_column_inner column_width_percent=\u00a0\u00bb100&Prime; gutter_size=\u00a0\u00bb0&Prime; override_padding=\u00a0\u00bbyes\u00a0\u00bb column_padding=\u00a0\u00bb0&Prime; overlay_alpha=\u00a0\u00bb50&Prime; shift_x=\u00a0\u00bb0&Prime; shift_y=\u00a0\u00bb0&Prime; z_index=\u00a0\u00bb0&Prime; medium_width=\u00a0\u00bb0&Prime; width=\u00a0\u00bb1\/4&Prime; el_class=\u00a0\u00bbbox-menu\u00a0\u00bb][vc_custom_heading heading_semantic=\u00a0\u00bbh3&Prime; text_size=\u00a0\u00bbh3&Prime; text_weight=\u00a0\u00bb700&Prime; text_color=\u00a0\u00bbcolor-xsdn\u00a0\u00bb el_class=\u00a0\u00bbtitre\u00a0\u00bb]CHOIX D&rsquo;UN SITE[\/vc_custom_heading][vc_column_text el_class=\u00a0\u00bbtexte\u00a0\u00bb]\u00c0 cette \u00e9tape, il faut identifier les sites potentiels pour l\u2019am\u00e9nagement d\u2019une aire de glissade. Certaines municipalit\u00e9s optent pour l\u2019am\u00e9nagement d\u2019une pente d\u00e9j\u00e0 existante tandis que d\u2019autres, dont le territoire se trouve en terrain au relief plat, doivent s\u2019engager dans l\u2019\u00e9dification d\u2019une butte ou la construction d\u2019une installation qui n\u2019a rien de naturel.[\/vc_column_text][vc_separator sep_color=\u00a0\u00bbcolor-193714&Prime; el_width=\u00a0\u00bb100%\u00a0\u00bb el_height=\u00a0\u00bb1px\u00a0\u00bb][vc_column_text el_class=\u00a0\u00bblien\u00a0\u00bb]<a href=\"https:\/\/www.guides-sports-loisirs.ca\/aires-glissade\/planification\/choix-dun-site\/\">En savoir plus<\/a><img decoding=\"async\" class=\"alignnone wp-image-3574 size-full\" src=\"https:\/\/www.guides-sports-loisirs.ca\/aires-glissade\/wp-content\/uploads\/sites\/19\/2021\/10\/icone_lire-plus.png\" alt=\"\" width=\"22\" height=\"21\" \/>[\/vc_column_text][vc_separator sep_color=\u00a0\u00bbcolor-193714&Prime; el_width=\u00a0\u00bb100%\u00a0\u00bb el_height=\u00a0\u00bb1px\u00a0\u00bb][vc_column_text el_class=\u00a0\u00bblien\u00a0\u00bb]<a href=\"https:\/\/www.guides-sports-loisirs.ca\/aires-glissade\/wp-content\/uploads\/sites\/19\/2021\/10\/3.2_Planification_ChoixDunSite.pdf\" target=\"_blank\" rel=\"noopener noreferrer\">T\u00e9l\u00e9charger le PDF<\/a><img decoding=\"async\" class=\"alignnone wp-image-3575 size-full\" src=\"https:\/\/www.guides-sports-loisirs.ca\/aires-glissade\/wp-content\/uploads\/sites\/19\/2021\/10\/icone_pdf.png\" alt=\"\" width=\"18\" height=\"22\" \/>[\/vc_column_text][\/vc_column_inner][vc_column_inner column_width_percent=\u00a0\u00bb100&Prime; gutter_size=\u00a0\u00bb0&Prime; override_padding=\u00a0\u00bbyes\u00a0\u00bb column_padding=\u00a0\u00bb0&Prime; overlay_alpha=\u00a0\u00bb50&Prime; shift_x=\u00a0\u00bb0&Prime; shift_y=\u00a0\u00bb0&Prime; z_index=\u00a0\u00bb0&Prime; medium_width=\u00a0\u00bb0&Prime; width=\u00a0\u00bb1\/4&Prime; el_class=\u00a0\u00bbbox-menu\u00a0\u00bb][vc_custom_heading heading_semantic=\u00a0\u00bbh3&Prime; text_size=\u00a0\u00bbh3&Prime; text_weight=\u00a0\u00bb700&Prime; text_color=\u00a0\u00bbcolor-xsdn\u00a0\u00bb el_class=\u00a0\u00bbtitre\u00a0\u00bb]PLAN D&rsquo;AM\u00c9NAGEMENT[\/vc_custom_heading][vc_column_text el_class=\u00a0\u00bbtexte\u00a0\u00bb]La pierre angulaire de tout le processus d\u2019am\u00e9nagement d\u2019une aire de glissade r\u00e9side en son concept. Ce concept se traduit par un plan d\u2019am\u00e9nagement qui trace les diff\u00e9rentes composantes de l\u2019aire, soit la pente, la zone de d\u00e9part, la zone d\u2019arr\u00eat et d\u2019\u00e9vacuation, la zone de remont\u00e9e et les espaces connexes.[\/vc_column_text][vc_separator sep_color=\u00a0\u00bbcolor-193714&Prime; el_width=\u00a0\u00bb100%\u00a0\u00bb el_height=\u00a0\u00bb1px\u00a0\u00bb][vc_column_text el_class=\u00a0\u00bblien\u00a0\u00bb]<a href=\"https:\/\/www.guides-sports-loisirs.ca\/aires-glissade\/planification\/plan-damenagement\/\">En savoir plus<\/a><img decoding=\"async\" class=\"alignnone wp-image-3574 size-full\" src=\"https:\/\/www.guides-sports-loisirs.ca\/aires-glissade\/wp-content\/uploads\/sites\/19\/2021\/10\/icone_lire-plus.png\" alt=\"\" width=\"22\" height=\"21\" \/>[\/vc_column_text][vc_separator sep_color=\u00a0\u00bbcolor-193714&Prime; el_width=\u00a0\u00bb100%\u00a0\u00bb el_height=\u00a0\u00bb1px\u00a0\u00bb][vc_column_text el_class=\u00a0\u00bblien\u00a0\u00bb]<a href=\"https:\/\/www.guides-sports-loisirs.ca\/aires-glissade\/wp-content\/uploads\/sites\/19\/2021\/10\/3.3_Planification_PlanAmenagement.pdf\" target=\"_blank\" rel=\"noopener noreferrer\">T\u00e9l\u00e9charger le PDF<\/a><img decoding=\"async\" class=\"alignnone wp-image-3575 size-full\" src=\"https:\/\/www.guides-sports-loisirs.ca\/aires-glissade\/wp-content\/uploads\/sites\/19\/2021\/10\/icone_pdf.png\" alt=\"\" width=\"18\" height=\"22\" \/>[\/vc_column_text][\/vc_column_inner][vc_column_inner column_width_percent=\u00a0\u00bb100&Prime; gutter_size=\u00a0\u00bb0&Prime; override_padding=\u00a0\u00bbyes\u00a0\u00bb column_padding=\u00a0\u00bb0&Prime; overlay_alpha=\u00a0\u00bb50&Prime; shift_x=\u00a0\u00bb0&Prime; shift_y=\u00a0\u00bb0&Prime; z_index=\u00a0\u00bb0&Prime; medium_width=\u00a0\u00bb0&Prime; width=\u00a0\u00bb1\/4&Prime; el_class=\u00a0\u00bbbox-menu\u00a0\u00bb][\/vc_column_inner][\/vc_row_inner][\/vc_column][\/vc_row]<\/p>\n<\/div>","protected":false},"excerpt":{"rendered":"<p>[vc_row row_height_percent=\u00a0\u00bb0&Prime; overlay_alpha=\u00a0\u00bb50&Prime; gutter_size=\u00a0\u00bb3&Prime; shift_y=\u00a0\u00bb0&Prime; css=\u00a0\u00bb.vc_custom_1569207013456{margin-top: 40px !important;margin-bottom: 50px !important;}\u00a0\u00bb][vc_column width=\u00a0\u00bb1\/1&Prime;][vc_row_inner row_inner_height_percent=\u00a0\u00bb0&Prime; overlay_alpha=\u00a0\u00bb50&Prime; gutter_size=\u00a0\u00bb3&Prime; shift_y=\u00a0\u00bb0&Prime;][vc_column_inner column_width_percent=\u00a0\u00bb100&Prime; gutter_size=\u00a0\u00bb0&Prime; override_padding=\u00a0\u00bbyes\u00a0\u00bb column_padding=\u00a0\u00bb0&Prime; back_color=\u00a0\u00bbcolor-xsdn\u00a0\u00bb [&hellip;]<\/p>\n","protected":false},"author":11,"featured_media":0,"parent":0,"menu_order":4,"comment_status":"closed","ping_status":"closed","template":"","meta":{"_acf_changed":false,"footnotes":""},"class_list":["post-2016","page","type-page","status-publish","hentry"],"acf":[],"yoast_head":"<!-- This site is optimized with the Yoast SEO plugin v27.2 - https:\/\/yoast.com\/product\/yoast-seo-wordpress\/ -->\n<title>Planification - Aires de glissade<\/title>\n<meta name=\"robots\" content=\"index, follow, max-snippet:-1, max-image-preview:large, max-video-preview:-1\" \/>\n<link rel=\"canonical\" href=\"https:\/\/www.guides-sports-loisirs.ca\/aires-glissade\/planification\/\" \/>\n<meta property=\"og:locale\" content=\"fr_FR\" \/>\n<meta property=\"og:type\" content=\"article\" \/>\n<meta property=\"og:title\" content=\"Planification - Aires de glissade\" \/>\n<meta property=\"og:description\" content=\"[vc_row row_height_percent=\u00a0\u00bb0&Prime; overlay_alpha=\u00a0\u00bb50&Prime; gutter_size=\u00a0\u00bb3&Prime; shift_y=\u00a0\u00bb0&Prime; css=\u00a0\u00bb.vc_custom_1569207013456{margin-top: 40px !important;margin-bottom: 50px !important;}\u00a0\u00bb][vc_column width=\u00a0\u00bb1\/1&Prime;][vc_row_inner row_inner_height_percent=\u00a0\u00bb0&Prime; overlay_alpha=\u00a0\u00bb50&Prime; gutter_size=\u00a0\u00bb3&Prime; shift_y=\u00a0\u00bb0&Prime;][vc_column_inner column_width_percent=\u00a0\u00bb100&Prime; gutter_size=\u00a0\u00bb0&Prime; override_padding=\u00a0\u00bbyes\u00a0\u00bb column_padding=\u00a0\u00bb0&Prime; back_color=\u00a0\u00bbcolor-xsdn\u00a0\u00bb [&hellip;]\" \/>\n<meta property=\"og:url\" content=\"https:\/\/www.guides-sports-loisirs.ca\/aires-glissade\/planification\/\" \/>\n<meta property=\"og:site_name\" content=\"Aires de glissade\" \/>\n<meta property=\"article:modified_time\" content=\"2021-10-08T17:57:40+00:00\" \/>\n<meta property=\"og:image\" content=\"https:\/\/www.guides-sports-loisirs.ca\/aires-glissade\/wp-content\/uploads\/sites\/19\/2021\/10\/icone_lire-plus.png\" \/>\n<meta name=\"twitter:card\" content=\"summary_large_image\" \/>\n<meta name=\"twitter:label1\" content=\"Dur\u00e9e de lecture estim\u00e9e\" \/>\n\t<meta name=\"twitter:data1\" content=\"3 minutes\" \/>\n<script type=\"application\/ld+json\" class=\"yoast-schema-graph\">{\"@context\":\"https:\/\/schema.org\",\"@graph\":[{\"@type\":\"WebPage\",\"@id\":\"https:\/\/www.guides-sports-loisirs.ca\/aires-glissade\/planification\/\",\"url\":\"https:\/\/www.guides-sports-loisirs.ca\/aires-glissade\/planification\/\",\"name\":\"Planification - Aires de glissade\",\"isPartOf\":{\"@id\":\"https:\/\/www.guides-sports-loisirs.ca\/aires-glissade\/#website\"},\"primaryImageOfPage\":{\"@id\":\"https:\/\/www.guides-sports-loisirs.ca\/aires-glissade\/planification\/#primaryimage\"},\"image\":{\"@id\":\"https:\/\/www.guides-sports-loisirs.ca\/aires-glissade\/planification\/#primaryimage\"},\"thumbnailUrl\":\"https:\/\/www.guides-sports-loisirs.ca\/aires-glissade\/wp-content\/uploads\/sites\/19\/2021\/10\/icone_lire-plus.png\",\"datePublished\":\"2020-08-10T15:00:45+00:00\",\"dateModified\":\"2021-10-08T17:57:40+00:00\",\"breadcrumb\":{\"@id\":\"https:\/\/www.guides-sports-loisirs.ca\/aires-glissade\/planification\/#breadcrumb\"},\"inLanguage\":\"fr-FR\",\"potentialAction\":[{\"@type\":\"ReadAction\",\"target\":[\"https:\/\/www.guides-sports-loisirs.ca\/aires-glissade\/planification\/\"]}]},{\"@type\":\"ImageObject\",\"inLanguage\":\"fr-FR\",\"@id\":\"https:\/\/www.guides-sports-loisirs.ca\/aires-glissade\/planification\/#primaryimage\",\"url\":\"https:\/\/www.guides-sports-loisirs.ca\/aires-glissade\/wp-content\/uploads\/sites\/19\/2021\/10\/icone_lire-plus.png\",\"contentUrl\":\"https:\/\/www.guides-sports-loisirs.ca\/aires-glissade\/wp-content\/uploads\/sites\/19\/2021\/10\/icone_lire-plus.png\",\"width\":22,\"height\":21},{\"@type\":\"BreadcrumbList\",\"@id\":\"https:\/\/www.guides-sports-loisirs.ca\/aires-glissade\/planification\/#breadcrumb\",\"itemListElement\":[{\"@type\":\"ListItem\",\"position\":1,\"name\":\"Accueil\",\"item\":\"https:\/\/www.guides-sports-loisirs.ca\/aires-glissade\/\"},{\"@type\":\"ListItem\",\"position\":2,\"name\":\"Planification\"}]},{\"@type\":\"WebSite\",\"@id\":\"https:\/\/www.guides-sports-loisirs.ca\/aires-glissade\/#website\",\"url\":\"https:\/\/www.guides-sports-loisirs.ca\/aires-glissade\/\",\"name\":\"Aires de glissade\",\"description\":\"Veloparcs\",\"potentialAction\":[{\"@type\":\"SearchAction\",\"target\":{\"@type\":\"EntryPoint\",\"urlTemplate\":\"https:\/\/www.guides-sports-loisirs.ca\/aires-glissade\/?s={search_term_string}\"},\"query-input\":{\"@type\":\"PropertyValueSpecification\",\"valueRequired\":true,\"valueName\":\"search_term_string\"}}],\"inLanguage\":\"fr-FR\"}]}<\/script>\n<!-- \/ Yoast SEO plugin. -->","yoast_head_json":{"title":"Planification - Aires de glissade","robots":{"index":"index","follow":"follow","max-snippet":"max-snippet:-1","max-image-preview":"max-image-preview:large","max-video-preview":"max-video-preview:-1"},"canonical":"https:\/\/www.guides-sports-loisirs.ca\/aires-glissade\/planification\/","og_locale":"fr_FR","og_type":"article","og_title":"Planification - Aires de glissade","og_description":"[vc_row row_height_percent=\u00a0\u00bb0&Prime; overlay_alpha=\u00a0\u00bb50&Prime; gutter_size=\u00a0\u00bb3&Prime; shift_y=\u00a0\u00bb0&Prime; css=\u00a0\u00bb.vc_custom_1569207013456{margin-top: 40px !important;margin-bottom: 50px !important;}\u00a0\u00bb][vc_column width=\u00a0\u00bb1\/1&Prime;][vc_row_inner row_inner_height_percent=\u00a0\u00bb0&Prime; overlay_alpha=\u00a0\u00bb50&Prime; gutter_size=\u00a0\u00bb3&Prime; shift_y=\u00a0\u00bb0&Prime;][vc_column_inner column_width_percent=\u00a0\u00bb100&Prime; gutter_size=\u00a0\u00bb0&Prime; override_padding=\u00a0\u00bbyes\u00a0\u00bb column_padding=\u00a0\u00bb0&Prime; back_color=\u00a0\u00bbcolor-xsdn\u00a0\u00bb [&hellip;]","og_url":"https:\/\/www.guides-sports-loisirs.ca\/aires-glissade\/planification\/","og_site_name":"Aires de glissade","article_modified_time":"2021-10-08T17:57:40+00:00","og_image":[{"url":"https:\/\/www.guides-sports-loisirs.ca\/aires-glissade\/wp-content\/uploads\/sites\/19\/2021\/10\/icone_lire-plus.png","type":"","width":"","height":""}],"twitter_card":"summary_large_image","twitter_misc":{"Dur\u00e9e de lecture estim\u00e9e":"3 minutes"},"schema":{"@context":"https:\/\/schema.org","@graph":[{"@type":"WebPage","@id":"https:\/\/www.guides-sports-loisirs.ca\/aires-glissade\/planification\/","url":"https:\/\/www.guides-sports-loisirs.ca\/aires-glissade\/planification\/","name":"Planification - Aires de glissade","isPartOf":{"@id":"https:\/\/www.guides-sports-loisirs.ca\/aires-glissade\/#website"},"primaryImageOfPage":{"@id":"https:\/\/www.guides-sports-loisirs.ca\/aires-glissade\/planification\/#primaryimage"},"image":{"@id":"https:\/\/www.guides-sports-loisirs.ca\/aires-glissade\/planification\/#primaryimage"},"thumbnailUrl":"https:\/\/www.guides-sports-loisirs.ca\/aires-glissade\/wp-content\/uploads\/sites\/19\/2021\/10\/icone_lire-plus.png","datePublished":"2020-08-10T15:00:45+00:00","dateModified":"2021-10-08T17:57:40+00:00","breadcrumb":{"@id":"https:\/\/www.guides-sports-loisirs.ca\/aires-glissade\/planification\/#breadcrumb"},"inLanguage":"fr-FR","potentialAction":[{"@type":"ReadAction","target":["https:\/\/www.guides-sports-loisirs.ca\/aires-glissade\/planification\/"]}]},{"@type":"ImageObject","inLanguage":"fr-FR","@id":"https:\/\/www.guides-sports-loisirs.ca\/aires-glissade\/planification\/#primaryimage","url":"https:\/\/www.guides-sports-loisirs.ca\/aires-glissade\/wp-content\/uploads\/sites\/19\/2021\/10\/icone_lire-plus.png","contentUrl":"https:\/\/www.guides-sports-loisirs.ca\/aires-glissade\/wp-content\/uploads\/sites\/19\/2021\/10\/icone_lire-plus.png","width":22,"height":21},{"@type":"BreadcrumbList","@id":"https:\/\/www.guides-sports-loisirs.ca\/aires-glissade\/planification\/#breadcrumb","itemListElement":[{"@type":"ListItem","position":1,"name":"Accueil","item":"https:\/\/www.guides-sports-loisirs.ca\/aires-glissade\/"},{"@type":"ListItem","position":2,"name":"Planification"}]},{"@type":"WebSite","@id":"https:\/\/www.guides-sports-loisirs.ca\/aires-glissade\/#website","url":"https:\/\/www.guides-sports-loisirs.ca\/aires-glissade\/","name":"Aires de glissade","description":"Veloparcs","potentialAction":[{"@type":"SearchAction","target":{"@type":"EntryPoint","urlTemplate":"https:\/\/www.guides-sports-loisirs.ca\/aires-glissade\/?s={search_term_string}"},"query-input":{"@type":"PropertyValueSpecification","valueRequired":true,"valueName":"search_term_string"}}],"inLanguage":"fr-FR"}]}},"_links":{"self":[{"href":"https:\/\/www.guides-sports-loisirs.ca\/aires-glissade\/wp-json\/wp\/v2\/pages\/2016","targetHints":{"allow":["GET"]}}],"collection":[{"href":"https:\/\/www.guides-sports-loisirs.ca\/aires-glissade\/wp-json\/wp\/v2\/pages"}],"about":[{"href":"https:\/\/www.guides-sports-loisirs.ca\/aires-glissade\/wp-json\/wp\/v2\/types\/page"}],"author":[{"embeddable":true,"href":"https:\/\/www.guides-sports-loisirs.ca\/aires-glissade\/wp-json\/wp\/v2\/users\/11"}],"replies":[{"embeddable":true,"href":"https:\/\/www.guides-sports-loisirs.ca\/aires-glissade\/wp-json\/wp\/v2\/comments?post=2016"}],"version-history":[{"count":20,"href":"https:\/\/www.guides-sports-loisirs.ca\/aires-glissade\/wp-json\/wp\/v2\/pages\/2016\/revisions"}],"predecessor-version":[{"id":3583,"href":"https:\/\/www.guides-sports-loisirs.ca\/aires-glissade\/wp-json\/wp\/v2\/pages\/2016\/revisions\/3583"}],"wp:attachment":[{"href":"https:\/\/www.guides-sports-loisirs.ca\/aires-glissade\/wp-json\/wp\/v2\/media?parent=2016"}],"curies":[{"name":"wp","href":"https:\/\/api.w.org\/{rel}","templated":true}]}}