{"id":2,"date":"2020-08-06T21:44:43","date_gmt":"2020-08-07T01:44:43","guid":{"rendered":"https:\/\/www.guides-sports-loisirs.ca\/aires-glissade\/?page_id=2"},"modified":"2021-10-06T14:03:38","modified_gmt":"2021-10-06T18:03:38","slug":"piscines-et-pataugeoires","status":"publish","type":"page","link":"https:\/\/www.guides-sports-loisirs.ca\/aires-glissade\/","title":{"rendered":"Aires de glissade"},"content":{"rendered":"<div class=\"wpb-content-wrapper\"><p>[vc_row row_height_percent=\u00a0\u00bb0&Prime; override_padding=\u00a0\u00bbyes\u00a0\u00bb h_padding=\u00a0\u00bb2&Prime; top_padding=\u00a0\u00bb4&Prime; bottom_padding=\u00a0\u00bb4&Prime; overlay_alpha=\u00a0\u00bb50&Prime; gutter_size=\u00a0\u00bb3&Prime; shift_y=\u00a0\u00bb0&Prime; css=\u00a0\u00bb.vc_custom_1569108754179{margin-top: 40px !important;}\u00a0\u00bb][vc_column column_width_percent=\u00a0\u00bb100&Prime; align_horizontal=\u00a0\u00bbalign_center\u00a0\u00bb gutter_size=\u00a0\u00bb3&Prime; overlay_alpha=\u00a0\u00bb50&Prime; shift_x=\u00a0\u00bb0&Prime; shift_y=\u00a0\u00bb0&Prime; z_index=\u00a0\u00bb0&Prime; medium_width=\u00a0\u00bb0&Prime; width=\u00a0\u00bb1\/1&Prime;][vc_custom_heading text_weight=\u00a0\u00bb600&Prime; text_transform=\u00a0\u00bbuppercase\u00a0\u00bb text_color=\u00a0\u00bbcolor-vyce\u00a0\u00bb]GUIDE D\u2019AM\u00c9NAGEMENT, DE GESTION<br \/>\nET D\u2019EXPLOITATION DES AIRES DE GLISSADE[\/vc_custom_heading][vc_column_text]Le pr\u00e9sent guide a pour objectifs d\u2019outiller et d\u2019orienter toutes les personnes qui s\u2019int\u00e9ressent au d\u00e9veloppement des aires de glissade familiales en milieu municipal, \u00e0 leur am\u00e9nagement, \u00e0 leur exploitation, aux pr\u00e9paratifs, au montage, \u00e0 leur entretien et \u00e0 la s\u00e9curit\u00e9. Ce guide est destin\u00e9 aux professionnels, mais aussi \u00e0 tous ceux qui s\u2019int\u00e9ressent \u00e0 cette activit\u00e9 : pratiquants, \u00e9lus, gestionnaires, techniciens, ing\u00e9nieurs, contrema\u00eetres, personnel d\u2019entretien, surveillants d\u2019installation, etc. Il vise \u00e0 offrir des aires de glissade familiales s\u00e9curitaires, fonctionnelles et durables, r\u00e9pondant ad\u00e9quatement aux besoins actuels et futurs des municipalit\u00e9s et de leurs citoyens.[\/vc_column_text][\/vc_column][\/vc_row][vc_row unlock_row_content=\u00a0\u00bbyes\u00a0\u00bb row_height_percent=\u00a0\u00bb0&Prime; override_padding=\u00a0\u00bbyes\u00a0\u00bb h_padding=\u00a0\u00bb0&Prime; top_padding=\u00a0\u00bb0&Prime; bottom_padding=\u00a0\u00bb0&Prime; overlay_alpha=\u00a0\u00bb50&Prime; gutter_size=\u00a0\u00bb0&Prime; shift_y=\u00a0\u00bb0&Prime;][vc_column column_width_percent=\u00a0\u00bb100&Prime; position_vertical=\u00a0\u00bbmiddle\u00a0\u00bb align_horizontal=\u00a0\u00bbalign_center\u00a0\u00bb gutter_size=\u00a0\u00bb0&Prime; override_padding=\u00a0\u00bbyes\u00a0\u00bb column_padding=\u00a0\u00bb0&Prime; style=\u00a0\u00bbdark\u00a0\u00bb overlay_alpha=\u00a0\u00bb50&Prime; shift_x=\u00a0\u00bb0&Prime; shift_y=\u00a0\u00bb0&Prime; z_index=\u00a0\u00bb0&Prime; medium_width=\u00a0\u00bb0&Prime; width=\u00a0\u00bb1\/1&Prime;][uncode_block id=\u00a0\u00bb34&Prime; inside_column=\u00a0\u00bbyes\u00a0\u00bb][\/vc_column][\/vc_row][vc_row row_height_percent=\u00a0\u00bb0&Prime; override_padding=\u00a0\u00bbyes\u00a0\u00bb h_padding=\u00a0\u00bb2&Prime; top_padding=\u00a0\u00bb3&Prime; bottom_padding=\u00a0\u00bb3&Prime; overlay_alpha=\u00a0\u00bb50&Prime; gutter_size=\u00a0\u00bb3&Prime; shift_y=\u00a0\u00bb0&Prime;][vc_column column_width_use_pixel=\u00a0\u00bbyes\u00a0\u00bb align_horizontal=\u00a0\u00bbalign_center\u00a0\u00bb gutter_size=\u00a0\u00bb3&Prime; overlay_alpha=\u00a0\u00bb50&Prime; shift_x=\u00a0\u00bb0&Prime; shift_y=\u00a0\u00bb0&Prime; z_index=\u00a0\u00bb0&Prime; medium_width=\u00a0\u00bb0&Prime; width=\u00a0\u00bb1\/1&Prime; column_width_pixel=\u00a0\u00bb740&Prime;][vc_custom_heading text_weight=\u00a0\u00bb600&Prime; text_transform=\u00a0\u00bbuppercase\u00a0\u00bb text_color=\u00a0\u00bbcolor-vyce\u00a0\u00bb]LEXIQUE[\/vc_custom_heading][\/vc_column][\/vc_row][vc_row row_height_percent=\u00a0\u00bb0&Prime; override_padding=\u00a0\u00bbyes\u00a0\u00bb h_padding=\u00a0\u00bb2&Prime; top_padding=\u00a0\u00bb3&Prime; bottom_padding=\u00a0\u00bb3&Prime; overlay_alpha=\u00a0\u00bb50&Prime; gutter_size=\u00a0\u00bb3&Prime; column_width_percent=\u00a0\u00bb100&Prime; shift_y=\u00a0\u00bb0&Prime; z_index=\u00a0\u00bb0&Prime; shape_dividers=\u00a0\u00bb\u00a0\u00bb][vc_column column_width_use_pixel=\u00a0\u00bbyes\u00a0\u00bb gutter_size=\u00a0\u00bb3&Prime; overlay_alpha=\u00a0\u00bb50&Prime; shift_x=\u00a0\u00bb0&Prime; shift_y=\u00a0\u00bb0&Prime; z_index=\u00a0\u00bb0&Prime; medium_width=\u00a0\u00bb0&Prime; width=\u00a0\u00bb1\/3&Prime;][vc_column_text el_class=\u00a0\u00bbtypo14px lexique\u00a0\u00bb]<\/p>\n<h5>Adjudicataire<\/h5>\n<p>Personne ou entreprise ayant obtenu l\u2019attribution d\u2019un contrat par suite d\u2019une proc\u00e9dure publique d\u2019appel d\u2019offres.<\/p>\n<h5>Clinom\u00e8tre<\/h5>\n<p>Appareil servant \u00e0 mesurer la pente d\u2019un plan par rapport \u00e0 l\u2019horizontale.<\/p>\n<h5>Compaction<\/h5>\n<p>Densification de la neige r\u00e9sultant d\u2019une compression.<\/p>\n<h5>Cristallisation<\/h5>\n<p>Phase finale du processus de transformation de l\u2019eau en cristaux de neige.<\/p>\n<h5>Dameuse<\/h5>\n<p>V\u00e9hicule chenill\u00e9 servant \u00e0 tasser la neige.<\/p>\n<h5>D\u00e9nivellation<\/h5>\n<p>Diff\u00e9rence de niveau (incluant creux et bosses).<\/p>\n<h5>Enneigeur<\/h5>\n<p>Canon \u00e0 neige.<\/p>\n<h5>Feutrage<\/h5>\n<p>Type de coh\u00e9sion des cristaux de neige qui s\u2019agrippent les uns aux autres par leurs ramifications dendritiques.<\/p>\n<h5>Frittage<\/h5>\n<p>Type de coh\u00e9sion des cristaux de neige caract\u00e9ris\u00e9e par la formation de ponts de glace entre les grains.<\/p>\n<h5>Hydrostatique<\/h5>\n<p>Partie de la m\u00e9canique qui traite de l\u2019\u00e9quilibre<br \/>\ndes liquides, des conditions de leur \u00e9quilibre et<br \/>\ndes pressions qu\u2019ils exercent sur des parois.[\/vc_column_text][\/vc_column][vc_column width=\u00a0\u00bb1\/3&Prime;][vc_column_text el_class=\u00a0\u00bbtypo14px lexique\u00a0\u00bb]<\/p>\n<h5>Luge<\/h5>\n<p>Petit tra\u00eeneau \u00e0 deux patins relev\u00e9s \u00e0 l\u2019avant, utilis\u00e9 pour glisser sur la neige.<\/p>\n<h5>Manteau neigeux<\/h5>\n<p>D\u00e9p\u00f4t des pr\u00e9cipitations neigeuses sur le sol.<br \/>\nSynonyme : couvert de neige.<\/p>\n<h5>Masse volumique<\/h5>\n<p>Quantit\u00e9 de neige (poids) qui se trouve dans un espace (volume) donn\u00e9. Elle s\u2019exprime en kg\/m<sup>3<\/sup>.<\/p>\n<p>Matelassage<\/p>\n<p>Op\u00e9ration consistant \u00e0 garnir divers objets d\u2019une enveloppe amortissante destin\u00e9e \u00e0 emp\u00eacher tout contact violent entre les glisseurs et ces objets, et ainsi \u00e0 r\u00e9duire au minimum et \u00e0 absorber l\u2019impact d\u2019une collision.<\/p>\n<h5>M\u00e9langeur \u00e0 neige<\/h5>\n<p>Outil de malaxage de la neige. On dit aussi malaxeur \u00e0 neige, fraiseuse \u00e0 neige ou conditionneur de neige.<\/p>\n<h5>Nivoculture<\/h5>\n<p>Fabrication de neige de culture.<\/p>\n<h5>Nivologie<\/h5>\n<p>\u00c9tude scientifique de la neige.<\/p>\n<h5>Nucl\u00e9ation<\/h5>\n<p>Phase interm\u00e9diaire de la transformation de l\u2019eau en neige o\u00f9 les mol\u00e9cules sont soumises \u00e0 une r\u00e9action en cha\u00eene qui a pour effet qu\u2019elles s\u2019agglutinent les unes aux autres.<\/p>\n<h5>Percolation<\/h5>\n<p>Passage d\u2019une substance \u00e0 travers une mati\u00e8re absorbante.<\/p>\n<h5>R\u00e9galage<\/h5>\n<p>Nivelage d\u2019une surface de neige.[\/vc_column_text][\/vc_column][vc_column width=\u00a0\u00bb1\/3&Prime;][vc_column_text el_class=\u00a0\u00bbtypo14px lexique\u00a0\u00bb]<\/p>\n<h5>Remblai<\/h5>\n<p>Mat\u00e9riau de remplissage<\/p>\n<h5>Rotob\u00eachage<\/h5>\n<p>Op\u00e9ration visant \u00e0 briser les plaques de glace se formant sous la surface d\u2019une piste.<\/p>\n<h5>Rotob\u00eache<\/h5>\n<p>Outil agricole servant \u00e0 travailler la surface d\u2019un<br \/>\nsol. On dit aussi motoculteur ou rotoculteur.<\/p>\n<h5>Sloche<\/h5>\n<p>Neige sursatur\u00e9e d\u2019eau.<\/p>\n<h5>Surfusion<\/h5>\n<p>\u00c9tat latent du processus de solidification de<br \/>\nl\u2019eau avant qu\u2019elle ne se transforme en neige.<\/p>\n<h5>Tapis-luge (crazy carpet)<\/h5>\n<p>Recommandation terminologique officielle de l\u2019Office qu\u00e9b\u00e9cois de la langue fran\u00e7aise.<\/p>\n<h5>Teneur en eau liquide (TEL)<\/h5>\n<p>Rapport de la masse de l\u2019eau pr\u00e9sente dans la<br \/>\nneige avec le volume d\u2019un bloc de neige donn\u00e9.<br \/>\nLe TEL s\u2019exprime en pourcentage.<\/p>\n<h5>Toboggan<\/h5>\n<p>Tra\u00eeneau sans patins, servant \u00e0 glisser sur la neige. On dit aussi tra\u00eene sauvage.<\/p>\n<h5>Topographie<\/h5>\n<p>Technique du lev\u00e9 des cartes et des plans de terrains.<\/p>\n<h5>Tra\u00eeneau niveleur<\/h5>\n<p>Outil adaptable \u00e0 diff\u00e9rents types d\u2019appareils de traction servant \u00e0 remettre en \u00e9tat des pistes de motoneige ou de glissade.<\/p>\n<h5>VTT<\/h5>\n<p>V\u00e9hicule tout-terrain.[\/vc_column_text][\/vc_column][\/vc_row]<\/p>\n<\/div>","protected":false},"excerpt":{"rendered":"<p>[vc_row row_height_percent=\u00a0\u00bb0&Prime; override_padding=\u00a0\u00bbyes\u00a0\u00bb h_padding=\u00a0\u00bb2&Prime; top_padding=\u00a0\u00bb4&Prime; bottom_padding=\u00a0\u00bb4&Prime; overlay_alpha=\u00a0\u00bb50&Prime; gutter_size=\u00a0\u00bb3&Prime; shift_y=\u00a0\u00bb0&Prime; css=\u00a0\u00bb.vc_custom_1569108754179{margin-top: 40px !important;}\u00a0\u00bb][vc_column column_width_percent=\u00a0\u00bb100&Prime; align_horizontal=\u00a0\u00bbalign_center\u00a0\u00bb gutter_size=\u00a0\u00bb3&Prime; overlay_alpha=\u00a0\u00bb50&Prime; shift_x=\u00a0\u00bb0&Prime; shift_y=\u00a0\u00bb0&Prime; z_index=\u00a0\u00bb0&Prime; medium_width=\u00a0\u00bb0&Prime; [&hellip;]<\/p>\n","protected":false},"author":11,"featured_media":0,"parent":0,"menu_order":-1,"comment_status":"closed","ping_status":"closed","template":"","meta":{"_acf_changed":false,"footnotes":""},"class_list":["post-2","page","type-page","status-publish","hentry"],"acf":[],"yoast_head":"<!-- This site is optimized with the Yoast SEO plugin v27.2 - https:\/\/yoast.com\/product\/yoast-seo-wordpress\/ -->\n<title>Aires de glissade - Aires de glissade<\/title>\n<meta name=\"description\" content=\"Ce guide s\u2019adresse avant tout aux exploitants d\u2019un lieu de baignade, aussi appel\u00e9s gestionnaires aquatiques.\" \/>\n<meta name=\"robots\" content=\"index, follow, max-snippet:-1, max-image-preview:large, max-video-preview:-1\" \/>\n<link rel=\"canonical\" href=\"https:\/\/www.guides-sports-loisirs.ca\/aires-glissade\/\" \/>\n<meta property=\"og:locale\" content=\"fr_FR\" \/>\n<meta property=\"og:type\" content=\"article\" \/>\n<meta property=\"og:title\" content=\"Aires de glissade - Aires de glissade\" \/>\n<meta property=\"og:description\" content=\"Ce guide s\u2019adresse avant tout aux exploitants d\u2019un lieu de baignade, aussi appel\u00e9s gestionnaires aquatiques.\" \/>\n<meta property=\"og:url\" content=\"https:\/\/www.guides-sports-loisirs.ca\/aires-glissade\/\" \/>\n<meta property=\"og:site_name\" content=\"Aires de glissade\" \/>\n<meta property=\"article:modified_time\" content=\"2021-10-06T18:03:38+00:00\" \/>\n<meta name=\"twitter:card\" content=\"summary_large_image\" \/>\n<meta name=\"twitter:label1\" content=\"Dur\u00e9e de lecture estim\u00e9e\" \/>\n\t<meta name=\"twitter:data1\" content=\"3 minutes\" \/>\n<script type=\"application\/ld+json\" class=\"yoast-schema-graph\">{\"@context\":\"https:\/\/schema.org\",\"@graph\":[{\"@type\":\"WebPage\",\"@id\":\"https:\/\/www.guides-sports-loisirs.ca\/aires-glissade\/\",\"url\":\"https:\/\/www.guides-sports-loisirs.ca\/aires-glissade\/\",\"name\":\"Aires de glissade - Aires de glissade\",\"isPartOf\":{\"@id\":\"https:\/\/www.guides-sports-loisirs.ca\/aires-glissade\/#website\"},\"datePublished\":\"2020-08-07T01:44:43+00:00\",\"dateModified\":\"2021-10-06T18:03:38+00:00\",\"description\":\"Ce guide s\u2019adresse avant tout aux exploitants d\u2019un lieu de baignade, aussi appel\u00e9s gestionnaires aquatiques.\",\"breadcrumb\":{\"@id\":\"https:\/\/www.guides-sports-loisirs.ca\/aires-glissade\/#breadcrumb\"},\"inLanguage\":\"fr-FR\",\"potentialAction\":[{\"@type\":\"ReadAction\",\"target\":[\"https:\/\/www.guides-sports-loisirs.ca\/aires-glissade\/\"]}]},{\"@type\":\"BreadcrumbList\",\"@id\":\"https:\/\/www.guides-sports-loisirs.ca\/aires-glissade\/#breadcrumb\",\"itemListElement\":[{\"@type\":\"ListItem\",\"position\":1,\"name\":\"Accueil\",\"item\":\"https:\/\/www.guides-sports-loisirs.ca\/aires-glissade\/\"},{\"@type\":\"ListItem\",\"position\":2,\"name\":\"Aires de glissade\"}]},{\"@type\":\"WebSite\",\"@id\":\"https:\/\/www.guides-sports-loisirs.ca\/aires-glissade\/#website\",\"url\":\"https:\/\/www.guides-sports-loisirs.ca\/aires-glissade\/\",\"name\":\"Aires de glissade\",\"description\":\"Veloparcs\",\"potentialAction\":[{\"@type\":\"SearchAction\",\"target\":{\"@type\":\"EntryPoint\",\"urlTemplate\":\"https:\/\/www.guides-sports-loisirs.ca\/aires-glissade\/?s={search_term_string}\"},\"query-input\":{\"@type\":\"PropertyValueSpecification\",\"valueRequired\":true,\"valueName\":\"search_term_string\"}}],\"inLanguage\":\"fr-FR\"}]}<\/script>\n<!-- \/ Yoast SEO plugin. -->","yoast_head_json":{"title":"Aires de glissade - Aires de glissade","description":"Ce guide s\u2019adresse avant tout aux exploitants d\u2019un lieu de baignade, aussi appel\u00e9s gestionnaires aquatiques.","robots":{"index":"index","follow":"follow","max-snippet":"max-snippet:-1","max-image-preview":"max-image-preview:large","max-video-preview":"max-video-preview:-1"},"canonical":"https:\/\/www.guides-sports-loisirs.ca\/aires-glissade\/","og_locale":"fr_FR","og_type":"article","og_title":"Aires de glissade - Aires de glissade","og_description":"Ce guide s\u2019adresse avant tout aux exploitants d\u2019un lieu de baignade, aussi appel\u00e9s gestionnaires aquatiques.","og_url":"https:\/\/www.guides-sports-loisirs.ca\/aires-glissade\/","og_site_name":"Aires de glissade","article_modified_time":"2021-10-06T18:03:38+00:00","twitter_card":"summary_large_image","twitter_misc":{"Dur\u00e9e de lecture estim\u00e9e":"3 minutes"},"schema":{"@context":"https:\/\/schema.org","@graph":[{"@type":"WebPage","@id":"https:\/\/www.guides-sports-loisirs.ca\/aires-glissade\/","url":"https:\/\/www.guides-sports-loisirs.ca\/aires-glissade\/","name":"Aires de glissade - Aires de glissade","isPartOf":{"@id":"https:\/\/www.guides-sports-loisirs.ca\/aires-glissade\/#website"},"datePublished":"2020-08-07T01:44:43+00:00","dateModified":"2021-10-06T18:03:38+00:00","description":"Ce guide s\u2019adresse avant tout aux exploitants d\u2019un lieu de baignade, aussi appel\u00e9s gestionnaires aquatiques.","breadcrumb":{"@id":"https:\/\/www.guides-sports-loisirs.ca\/aires-glissade\/#breadcrumb"},"inLanguage":"fr-FR","potentialAction":[{"@type":"ReadAction","target":["https:\/\/www.guides-sports-loisirs.ca\/aires-glissade\/"]}]},{"@type":"BreadcrumbList","@id":"https:\/\/www.guides-sports-loisirs.ca\/aires-glissade\/#breadcrumb","itemListElement":[{"@type":"ListItem","position":1,"name":"Accueil","item":"https:\/\/www.guides-sports-loisirs.ca\/aires-glissade\/"},{"@type":"ListItem","position":2,"name":"Aires de glissade"}]},{"@type":"WebSite","@id":"https:\/\/www.guides-sports-loisirs.ca\/aires-glissade\/#website","url":"https:\/\/www.guides-sports-loisirs.ca\/aires-glissade\/","name":"Aires de glissade","description":"Veloparcs","potentialAction":[{"@type":"SearchAction","target":{"@type":"EntryPoint","urlTemplate":"https:\/\/www.guides-sports-loisirs.ca\/aires-glissade\/?s={search_term_string}"},"query-input":{"@type":"PropertyValueSpecification","valueRequired":true,"valueName":"search_term_string"}}],"inLanguage":"fr-FR"}]}},"_links":{"self":[{"href":"https:\/\/www.guides-sports-loisirs.ca\/aires-glissade\/wp-json\/wp\/v2\/pages\/2","targetHints":{"allow":["GET"]}}],"collection":[{"href":"https:\/\/www.guides-sports-loisirs.ca\/aires-glissade\/wp-json\/wp\/v2\/pages"}],"about":[{"href":"https:\/\/www.guides-sports-loisirs.ca\/aires-glissade\/wp-json\/wp\/v2\/types\/page"}],"author":[{"embeddable":true,"href":"https:\/\/www.guides-sports-loisirs.ca\/aires-glissade\/wp-json\/wp\/v2\/users\/11"}],"replies":[{"embeddable":true,"href":"https:\/\/www.guides-sports-loisirs.ca\/aires-glissade\/wp-json\/wp\/v2\/comments?post=2"}],"version-history":[{"count":46,"href":"https:\/\/www.guides-sports-loisirs.ca\/aires-glissade\/wp-json\/wp\/v2\/pages\/2\/revisions"}],"predecessor-version":[{"id":3345,"href":"https:\/\/www.guides-sports-loisirs.ca\/aires-glissade\/wp-json\/wp\/v2\/pages\/2\/revisions\/3345"}],"wp:attachment":[{"href":"https:\/\/www.guides-sports-loisirs.ca\/aires-glissade\/wp-json\/wp\/v2\/media?parent=2"}],"curies":[{"name":"wp","href":"https:\/\/api.w.org\/{rel}","templated":true}]}}