{"id":1245,"date":"2020-08-06T09:36:59","date_gmt":"2020-08-06T13:36:59","guid":{"rendered":"https:\/\/www.guides-sports-loisirs.ca\/aires-glissade\/?page_id=1245"},"modified":"2021-10-06T15:04:01","modified_gmt":"2021-10-06T19:04:01","slug":"caracteres-specifiques","status":"publish","type":"page","link":"https:\/\/www.guides-sports-loisirs.ca\/aires-glissade\/quest-ce-quune-aire-de-glissade\/caracteres-specifiques\/","title":{"rendered":"Caract\u00e8res sp\u00e9cifiques"},"content":{"rendered":"<div class=\"wpb-content-wrapper\"><p>[vc_row row_height_percent=\u00a0\u00bb0&Prime; overlay_alpha=\u00a0\u00bb50&Prime; gutter_size=\u00a0\u00bb3&Prime; shift_y=\u00a0\u00bb0&Prime; css=\u00a0\u00bb.vc_custom_1569108706353{margin-top: 40px !important;}\u00a0\u00bb][vc_column width=\u00a0\u00bb1\/1&Prime;][vc_column_text]Par rapport aux centres de glissade, qui ont habituellement une vocation r\u00e9gionale, les aires de glissade se caract\u00e9risent par une offre de proximit\u00e9 et de r\u00e9partition territoriale \u00e9quitable pour l\u2019ensemble de leurs utilisateurs, habituellement constitu\u00e9s de la population d\u2019une municipalit\u00e9.<\/p>\n<p>Les municipalit\u00e9s consid\u00e8rent l\u2019aire de glissade au m\u00eame titre qu\u2019un espace de jeu pour enfants ou une piste cyclable, principalement en ce qui a trait \u00e0 l\u2019accessibilit\u00e9 et \u00e0 la gratuit\u00e9 des installations.<\/p>\n<p>En g\u00e9n\u00e9ral, ces espaces ne font pas l\u2019objet d\u2019une surveillance permanente. La municipalit\u00e9 peut cependant y affecter des surveillants lors de p\u00e9riodes d\u2019achalandage accru.<\/p>\n<p>Les plages horaires d\u2019utilisation sont \u00e9tablies en premier lieu en fonction des interventions d\u2019entretien et des heures d\u2019\u00e9clairage naturel et artificiel. Il n\u2019est pas obligatoire d\u2019installer un dispositif d\u2019\u00e9clairage, mais si on ne le fait pas, les heures d\u2019ouverture seront forc\u00e9ment plus limit\u00e9es. Dans tous les cas, pour des motifs de s\u00e9curit\u00e9 principalement, il est avantageux d\u2019offrir un \u00e9clairage, permanent ou temporaire selon le mod\u00e8le d\u2019exploitation.<\/p>\n<p>Les engins ou appareils de glissade distinguent aussi les aires de glissade des centres de glissade<sup>2<\/sup>. Les appareils munis de fixations (planches, skis) n\u2019y sont pas tol\u00e9r\u00e9s. On y retrouve plut\u00f4t des chambres \u00e0 air, des tubes \u00e0 neige, des soucoupes, des tra\u00eeneaux de toutes sortes (toboggans, luges), des \u00ab trois skis \u00bb et des tapis-luges (\u00ab crazy carpets \u00bb).<\/p>\n<hr \/>\n<p><strong>[2]<\/strong> Les centres de glissade, en plus d\u2019avoir habituellement une vocation r\u00e9gionale, sont entretenus quotidiennement et disposent d\u2019une \u00e9quipe de surveillants pendant les heures d\u2019ouverture. Au moins une personne responsable de dispenser les premiers secours doit \u00eatre pr\u00e9sente en tout temps. De plus, le centre de glissade est ferm\u00e9 sous cl\u00e9 en dehors des heures d\u2019ouverture et on exige g\u00e9n\u00e9ralement un tarif aux utilisateurs.[\/vc_column_text][\/vc_column][\/vc_row][vc_row][\/vc_row][vc_row row_height_percent=\u00a0\u00bb0&Prime; overlay_alpha=\u00a0\u00bb50&Prime; gutter_size=\u00a0\u00bb3&Prime; shift_y=\u00a0\u00bb0&Prime; css=\u00a0\u00bb.vc_custom_1569108716255{margin-bottom: 50px !important;}\u00a0\u00bb][vc_column width=\u00a0\u00bb1\/1&Prime;][vc_button button_color=\u00a0\u00bbaccent\u00a0\u00bb size=\u00a0\u00bbbtn-lg\u00a0\u00bb radius=\u00a0\u00bbbtn-circle\u00a0\u00bb border_width=\u00a0\u00bb0&Prime; link=\u00a0\u00bburl:https%3A%2F%2Fwww.guides-sports-loisirs.ca%2Faires-glissade%2Fwp-content%2Fuploads%2Fsites%2F19%2F2021%2F10%2F1.1_QuestceQuUneAireDeGlissade_CaracSpecifiques.pdf||target:%20_blank|\u00a0\u00bb icon=\u00a0\u00bbfa fa-file-o\u00a0\u00bb el_class=\u00a0\u00bbbtn-pdf\u00a0\u00bb]Version PDF[\/vc_button][\/vc_column][\/vc_row]<\/p>\n<\/div>","protected":false},"excerpt":{"rendered":"<p>[vc_row row_height_percent=\u00a0\u00bb0&Prime; overlay_alpha=\u00a0\u00bb50&Prime; gutter_size=\u00a0\u00bb3&Prime; shift_y=\u00a0\u00bb0&Prime; css=\u00a0\u00bb.vc_custom_1569108706353{margin-top: 40px !important;}\u00a0\u00bb][vc_column width=\u00a0\u00bb1\/1&Prime;][vc_column_text]Par rapport aux centres de glissade, qui ont habituellement une vocation r\u00e9gionale, [&hellip;]<\/p>\n","protected":false},"author":11,"featured_media":0,"parent":2996,"menu_order":1,"comment_status":"closed","ping_status":"closed","template":"","meta":{"_acf_changed":false,"footnotes":""},"class_list":["post-1245","page","type-page","status-publish","hentry"],"acf":[],"yoast_head":"<!-- This site is optimized with the Yoast SEO plugin v27.4 - https:\/\/yoast.com\/product\/yoast-seo-wordpress\/ -->\n<title>Caract\u00e8res sp\u00e9cifiques - Aires de glissade<\/title>\n<meta name=\"robots\" content=\"index, follow, max-snippet:-1, max-image-preview:large, max-video-preview:-1\" \/>\n<link rel=\"canonical\" href=\"https:\/\/www.guides-sports-loisirs.ca\/aires-glissade\/quest-ce-quune-aire-de-glissade\/caracteres-specifiques\/\" \/>\n<meta property=\"og:locale\" content=\"fr_FR\" \/>\n<meta property=\"og:type\" content=\"article\" \/>\n<meta property=\"og:title\" content=\"Caract\u00e8res sp\u00e9cifiques - Aires de glissade\" \/>\n<meta property=\"og:description\" content=\"[vc_row row_height_percent=\u00a0\u00bb0&Prime; overlay_alpha=\u00a0\u00bb50&Prime; gutter_size=\u00a0\u00bb3&Prime; shift_y=\u00a0\u00bb0&Prime; css=\u00a0\u00bb.vc_custom_1569108706353{margin-top: 40px !important;}\u00a0\u00bb][vc_column width=\u00a0\u00bb1\/1&Prime;][vc_column_text]Par rapport aux centres de glissade, qui ont habituellement une vocation r\u00e9gionale, [&hellip;]\" \/>\n<meta property=\"og:url\" content=\"https:\/\/www.guides-sports-loisirs.ca\/aires-glissade\/quest-ce-quune-aire-de-glissade\/caracteres-specifiques\/\" \/>\n<meta property=\"og:site_name\" content=\"Aires de glissade\" \/>\n<meta property=\"article:modified_time\" content=\"2021-10-06T19:04:01+00:00\" \/>\n<meta name=\"twitter:card\" content=\"summary_large_image\" \/>\n<meta name=\"twitter:label1\" content=\"Dur\u00e9e de lecture estim\u00e9e\" \/>\n\t<meta name=\"twitter:data1\" content=\"2 minutes\" \/>\n<script type=\"application\/ld+json\" class=\"yoast-schema-graph\">{\"@context\":\"https:\\\/\\\/schema.org\",\"@graph\":[{\"@type\":\"WebPage\",\"@id\":\"https:\\\/\\\/www.guides-sports-loisirs.ca\\\/aires-glissade\\\/quest-ce-quune-aire-de-glissade\\\/caracteres-specifiques\\\/\",\"url\":\"https:\\\/\\\/www.guides-sports-loisirs.ca\\\/aires-glissade\\\/quest-ce-quune-aire-de-glissade\\\/caracteres-specifiques\\\/\",\"name\":\"Caract\u00e8res sp\u00e9cifiques - Aires de glissade\",\"isPartOf\":{\"@id\":\"https:\\\/\\\/www.guides-sports-loisirs.ca\\\/aires-glissade\\\/#website\"},\"datePublished\":\"2020-08-06T13:36:59+00:00\",\"dateModified\":\"2021-10-06T19:04:01+00:00\",\"breadcrumb\":{\"@id\":\"https:\\\/\\\/www.guides-sports-loisirs.ca\\\/aires-glissade\\\/quest-ce-quune-aire-de-glissade\\\/caracteres-specifiques\\\/#breadcrumb\"},\"inLanguage\":\"fr-FR\",\"potentialAction\":[{\"@type\":\"ReadAction\",\"target\":[\"https:\\\/\\\/www.guides-sports-loisirs.ca\\\/aires-glissade\\\/quest-ce-quune-aire-de-glissade\\\/caracteres-specifiques\\\/\"]}]},{\"@type\":\"BreadcrumbList\",\"@id\":\"https:\\\/\\\/www.guides-sports-loisirs.ca\\\/aires-glissade\\\/quest-ce-quune-aire-de-glissade\\\/caracteres-specifiques\\\/#breadcrumb\",\"itemListElement\":[{\"@type\":\"ListItem\",\"position\":1,\"name\":\"Accueil\",\"item\":\"https:\\\/\\\/www.guides-sports-loisirs.ca\\\/aires-glissade\\\/\"},{\"@type\":\"ListItem\",\"position\":2,\"name\":\"Qu&rsquo;est-ce qu&rsquo;une aire de glissade?\",\"item\":\"https:\\\/\\\/www.guides-sports-loisirs.ca\\\/aires-glissade\\\/quest-ce-quune-aire-de-glissade\\\/\"},{\"@type\":\"ListItem\",\"position\":3,\"name\":\"Caract\u00e8res sp\u00e9cifiques\"}]},{\"@type\":\"WebSite\",\"@id\":\"https:\\\/\\\/www.guides-sports-loisirs.ca\\\/aires-glissade\\\/#website\",\"url\":\"https:\\\/\\\/www.guides-sports-loisirs.ca\\\/aires-glissade\\\/\",\"name\":\"Aires de glissade\",\"description\":\"Veloparcs\",\"potentialAction\":[{\"@type\":\"SearchAction\",\"target\":{\"@type\":\"EntryPoint\",\"urlTemplate\":\"https:\\\/\\\/www.guides-sports-loisirs.ca\\\/aires-glissade\\\/?s={search_term_string}\"},\"query-input\":{\"@type\":\"PropertyValueSpecification\",\"valueRequired\":true,\"valueName\":\"search_term_string\"}}],\"inLanguage\":\"fr-FR\"}]}<\/script>\n<!-- \/ Yoast SEO plugin. -->","yoast_head_json":{"title":"Caract\u00e8res sp\u00e9cifiques - Aires de glissade","robots":{"index":"index","follow":"follow","max-snippet":"max-snippet:-1","max-image-preview":"max-image-preview:large","max-video-preview":"max-video-preview:-1"},"canonical":"https:\/\/www.guides-sports-loisirs.ca\/aires-glissade\/quest-ce-quune-aire-de-glissade\/caracteres-specifiques\/","og_locale":"fr_FR","og_type":"article","og_title":"Caract\u00e8res sp\u00e9cifiques - Aires de glissade","og_description":"[vc_row row_height_percent=\u00a0\u00bb0&Prime; overlay_alpha=\u00a0\u00bb50&Prime; gutter_size=\u00a0\u00bb3&Prime; shift_y=\u00a0\u00bb0&Prime; css=\u00a0\u00bb.vc_custom_1569108706353{margin-top: 40px !important;}\u00a0\u00bb][vc_column width=\u00a0\u00bb1\/1&Prime;][vc_column_text]Par rapport aux centres de glissade, qui ont habituellement une vocation r\u00e9gionale, [&hellip;]","og_url":"https:\/\/www.guides-sports-loisirs.ca\/aires-glissade\/quest-ce-quune-aire-de-glissade\/caracteres-specifiques\/","og_site_name":"Aires de glissade","article_modified_time":"2021-10-06T19:04:01+00:00","twitter_card":"summary_large_image","twitter_misc":{"Dur\u00e9e de lecture estim\u00e9e":"2 minutes"},"schema":{"@context":"https:\/\/schema.org","@graph":[{"@type":"WebPage","@id":"https:\/\/www.guides-sports-loisirs.ca\/aires-glissade\/quest-ce-quune-aire-de-glissade\/caracteres-specifiques\/","url":"https:\/\/www.guides-sports-loisirs.ca\/aires-glissade\/quest-ce-quune-aire-de-glissade\/caracteres-specifiques\/","name":"Caract\u00e8res sp\u00e9cifiques - Aires de glissade","isPartOf":{"@id":"https:\/\/www.guides-sports-loisirs.ca\/aires-glissade\/#website"},"datePublished":"2020-08-06T13:36:59+00:00","dateModified":"2021-10-06T19:04:01+00:00","breadcrumb":{"@id":"https:\/\/www.guides-sports-loisirs.ca\/aires-glissade\/quest-ce-quune-aire-de-glissade\/caracteres-specifiques\/#breadcrumb"},"inLanguage":"fr-FR","potentialAction":[{"@type":"ReadAction","target":["https:\/\/www.guides-sports-loisirs.ca\/aires-glissade\/quest-ce-quune-aire-de-glissade\/caracteres-specifiques\/"]}]},{"@type":"BreadcrumbList","@id":"https:\/\/www.guides-sports-loisirs.ca\/aires-glissade\/quest-ce-quune-aire-de-glissade\/caracteres-specifiques\/#breadcrumb","itemListElement":[{"@type":"ListItem","position":1,"name":"Accueil","item":"https:\/\/www.guides-sports-loisirs.ca\/aires-glissade\/"},{"@type":"ListItem","position":2,"name":"Qu&rsquo;est-ce qu&rsquo;une aire de glissade?","item":"https:\/\/www.guides-sports-loisirs.ca\/aires-glissade\/quest-ce-quune-aire-de-glissade\/"},{"@type":"ListItem","position":3,"name":"Caract\u00e8res sp\u00e9cifiques"}]},{"@type":"WebSite","@id":"https:\/\/www.guides-sports-loisirs.ca\/aires-glissade\/#website","url":"https:\/\/www.guides-sports-loisirs.ca\/aires-glissade\/","name":"Aires de glissade","description":"Veloparcs","potentialAction":[{"@type":"SearchAction","target":{"@type":"EntryPoint","urlTemplate":"https:\/\/www.guides-sports-loisirs.ca\/aires-glissade\/?s={search_term_string}"},"query-input":{"@type":"PropertyValueSpecification","valueRequired":true,"valueName":"search_term_string"}}],"inLanguage":"fr-FR"}]}},"_links":{"self":[{"href":"https:\/\/www.guides-sports-loisirs.ca\/aires-glissade\/wp-json\/wp\/v2\/pages\/1245","targetHints":{"allow":["GET"]}}],"collection":[{"href":"https:\/\/www.guides-sports-loisirs.ca\/aires-glissade\/wp-json\/wp\/v2\/pages"}],"about":[{"href":"https:\/\/www.guides-sports-loisirs.ca\/aires-glissade\/wp-json\/wp\/v2\/types\/page"}],"author":[{"embeddable":true,"href":"https:\/\/www.guides-sports-loisirs.ca\/aires-glissade\/wp-json\/wp\/v2\/users\/11"}],"replies":[{"embeddable":true,"href":"https:\/\/www.guides-sports-loisirs.ca\/aires-glissade\/wp-json\/wp\/v2\/comments?post=1245"}],"version-history":[{"count":58,"href":"https:\/\/www.guides-sports-loisirs.ca\/aires-glissade\/wp-json\/wp\/v2\/pages\/1245\/revisions"}],"predecessor-version":[{"id":3390,"href":"https:\/\/www.guides-sports-loisirs.ca\/aires-glissade\/wp-json\/wp\/v2\/pages\/1245\/revisions\/3390"}],"up":[{"embeddable":true,"href":"https:\/\/www.guides-sports-loisirs.ca\/aires-glissade\/wp-json\/wp\/v2\/pages\/2996"}],"wp:attachment":[{"href":"https:\/\/www.guides-sports-loisirs.ca\/aires-glissade\/wp-json\/wp\/v2\/media?parent=1245"}],"curies":[{"name":"wp","href":"https:\/\/api.w.org\/{rel}","templated":true}]}}